{"id":16600,"date":"2023-01-28T18:37:29","date_gmt":"2023-01-28T17:37:29","guid":{"rendered":"https:\/\/bauweb.hr\/?post_type=product&#038;p=16600"},"modified":"2024-05-06T13:57:32","modified_gmt":"2024-05-06T11:57:32","slug":"praktik-aku-teleskopska-lancana-pila-ptq047","status":"publish","type":"product","link":"https:\/\/bauweb.hr\/index.php\/product\/praktik-aku-teleskopska-lancana-pila-ptq047\/","title":{"rendered":"Praktik aku teleskopska lan\u010dana pila PTQ047"},"content":{"rendered":"<p>Akumulatorska teleskopska lan\u010dana pila PTQ047 je sna\u017ean alat koji omogu\u0107uje rezanje grana bez napora, direktno s tla. Metalni teleskop produ\u017euje \u017eivotni vijek alata, a kvalitetni OREGON lanac brine o \u010distim i preciznim rezovima. Automatsko podmazivanje lanca i zamjena lanca bez upotrebe alata uvelike olak\u0161avaju kori\u0161tenje alatom.<\/p>\n<p><strong>Tehni\u010dke karakteristike<\/strong><\/p>\n<p>Napon: 18 V<br \/>\nDu\u017eina ma\u010da: 205 mm<br \/>\nDu\u017eina reza: 200 mm<br \/>\nBrzina reza: 8 m\/s<br \/>\nAluminijska teleskopska dr\u0161ka: 205 &#8211; 250 cm<\/p>\n<p>Baterija nije uklju\u010dena u cijenu!<\/p>\n","protected":false},"excerpt":{"rendered":"<p>Praktik FLEXPOWER je u\u010dinkoviti sustav ure\u0111aja sa punjivom baterijom. Uz pomo\u0107 najmodernije tehnologije i stalnim usavr\u0161avanjem razvili smo sustav ure\u0111aja s punjivom baterijom koji korisniku omogu\u0107ava rad sa vi\u0161e ure\u0111aja pokretanih jednom te istom baterijom.<\/p>\n<p>Baterija nije uklju\u010dena u cijenu!<\/p>\n<p><strong>Potvrdili majstori!<\/strong><\/p>\n","protected":false},"featured_media":16601,"comment_status":"open","ping_status":"closed","template":"","meta":[],"product_brand":[112],"product_cat":[138,110],"product_tag":[],"class_list":{"0":"post-16600","1":"product","2":"type-product","3":"status-publish","4":"has-post-thumbnail","6":"product_brand-praktik","7":"product_cat-akumulatorske-pile","8":"product_cat-alati-pribor","10":"first","11":"instock","12":"shipping-taxable","13":"purchasable","14":"product-type-simple"},"yoast_head":"<!-- This site is optimized with the Yoast SEO plugin v27.2 - https:\/\/yoast.com\/product\/yoast-seo-wordpress\/ -->\n<title>Praktik aku teleskopska lan\u010dana pila PTQ047 - BauWeb<\/title>\n<meta name=\"description\" content=\"Potra\u017eite \u0161iroki izbor alata i materijala za profesionalne gra\u0111evinske radove. Istra\u017ei Bauweb ponudu i kupuj uz odli\u010dne popuste.\" \/>\n<meta name=\"robots\" content=\"index, follow, max-snippet:-1, max-image-preview:large, max-video-preview:-1\" \/>\n<link rel=\"canonical\" href=\"https:\/\/bauweb.hr\/index.php\/product\/praktik-aku-teleskopska-lancana-pila-ptq047\/\" \/>\n<meta property=\"og:locale\" content=\"hr_HR\" \/>\n<meta property=\"og:type\" content=\"article\" \/>\n<meta property=\"og:title\" content=\"Praktik aku teleskopska lan\u010dana pila PTQ047 - BauWeb\" \/>\n<meta property=\"og:description\" content=\"Potra\u017eite \u0161iroki izbor alata i materijala za profesionalne gra\u0111evinske radove. Istra\u017ei Bauweb ponudu i kupuj uz odli\u010dne popuste.\" \/>\n<meta property=\"og:url\" content=\"https:\/\/bauweb.hr\/index.php\/product\/praktik-aku-teleskopska-lancana-pila-ptq047\/\" \/>\n<meta property=\"og:site_name\" content=\"BauWeb\" \/>\n<meta property=\"article:publisher\" content=\"https:\/\/facebook.com\/bauweb00\" \/>\n<meta property=\"article:modified_time\" content=\"2024-05-06T11:57:32+00:00\" \/>\n<meta property=\"og:image\" content=\"https:\/\/bauweb.hr\/wp-content\/uploads\/2023\/01\/praktik-aku-teleskopska-lancana-pila-ptq047-punjac-baterija-gratis-slika-186406592.jpeg\" \/>\n\t<meta property=\"og:image:width\" content=\"690\" \/>\n\t<meta property=\"og:image:height\" content=\"690\" \/>\n\t<meta property=\"og:image:type\" content=\"image\/jpeg\" \/>\n<meta name=\"twitter:card\" content=\"summary_large_image\" \/>\n<meta name=\"twitter:label1\" content=\"Procijenjeno vrijeme \u010ditanja\" \/>\n\t<meta name=\"twitter:data1\" content=\"1 minuta\" \/>\n<script type=\"application\/ld+json\" class=\"yoast-schema-graph\">{\"@context\":\"https:\/\/schema.org\",\"@graph\":[{\"@type\":\"WebPage\",\"@id\":\"https:\/\/bauweb.hr\/index.php\/product\/praktik-aku-teleskopska-lancana-pila-ptq047\/\",\"url\":\"https:\/\/bauweb.hr\/index.php\/product\/praktik-aku-teleskopska-lancana-pila-ptq047\/\",\"name\":\"Praktik aku teleskopska lan\u010dana pila PTQ047 - BauWeb\",\"isPartOf\":{\"@id\":\"https:\/\/bauweb.hr\/#website\"},\"primaryImageOfPage\":{\"@id\":\"https:\/\/bauweb.hr\/index.php\/product\/praktik-aku-teleskopska-lancana-pila-ptq047\/#primaryimage\"},\"image\":{\"@id\":\"https:\/\/bauweb.hr\/index.php\/product\/praktik-aku-teleskopska-lancana-pila-ptq047\/#primaryimage\"},\"thumbnailUrl\":\"https:\/\/bauweb.hr\/wp-content\/uploads\/2023\/01\/praktik-aku-teleskopska-lancana-pila-ptq047-punjac-baterija-gratis-slika-186406592.jpeg\",\"datePublished\":\"2023-01-28T17:37:29+00:00\",\"dateModified\":\"2024-05-06T11:57:32+00:00\",\"description\":\"Potra\u017eite \u0161iroki izbor alata i materijala za profesionalne gra\u0111evinske radove. Istra\u017ei Bauweb ponudu i kupuj uz odli\u010dne popuste.\",\"breadcrumb\":{\"@id\":\"https:\/\/bauweb.hr\/index.php\/product\/praktik-aku-teleskopska-lancana-pila-ptq047\/#breadcrumb\"},\"inLanguage\":\"hr\",\"potentialAction\":[{\"@type\":\"ReadAction\",\"target\":[\"https:\/\/bauweb.hr\/index.php\/product\/praktik-aku-teleskopska-lancana-pila-ptq047\/\"]}]},{\"@type\":\"ImageObject\",\"inLanguage\":\"hr\",\"@id\":\"https:\/\/bauweb.hr\/index.php\/product\/praktik-aku-teleskopska-lancana-pila-ptq047\/#primaryimage\",\"url\":\"https:\/\/bauweb.hr\/wp-content\/uploads\/2023\/01\/praktik-aku-teleskopska-lancana-pila-ptq047-punjac-baterija-gratis-slika-186406592.jpeg\",\"contentUrl\":\"https:\/\/bauweb.hr\/wp-content\/uploads\/2023\/01\/praktik-aku-teleskopska-lancana-pila-ptq047-punjac-baterija-gratis-slika-186406592.jpeg\",\"width\":690,\"height\":690},{\"@type\":\"BreadcrumbList\",\"@id\":\"https:\/\/bauweb.hr\/index.php\/product\/praktik-aku-teleskopska-lancana-pila-ptq047\/#breadcrumb\",\"itemListElement\":[{\"@type\":\"ListItem\",\"position\":1,\"name\":\"Po\u010detna stranica\",\"item\":\"https:\/\/bauweb.hr\/\"},{\"@type\":\"ListItem\",\"position\":2,\"name\":\"Shop\",\"item\":\"https:\/\/bauweb.hr\/index.php\/shop-wooshop-v1\/\"},{\"@type\":\"ListItem\",\"position\":3,\"name\":\"Praktik aku teleskopska lan\u010dana pila PTQ047\"}]},{\"@type\":\"WebSite\",\"@id\":\"https:\/\/bauweb.hr\/#website\",\"url\":\"https:\/\/bauweb.hr\/\",\"name\":\"BauWeb\",\"description\":\"Za prave majstore\",\"publisher\":{\"@id\":\"https:\/\/bauweb.hr\/#organization\"},\"alternateName\":\"BauWeb\",\"potentialAction\":[{\"@type\":\"SearchAction\",\"target\":{\"@type\":\"EntryPoint\",\"urlTemplate\":\"https:\/\/bauweb.hr\/?s={search_term_string}\"},\"query-input\":{\"@type\":\"PropertyValueSpecification\",\"valueRequired\":true,\"valueName\":\"search_term_string\"}}],\"inLanguage\":\"hr\"},{\"@type\":\"Organization\",\"@id\":\"https:\/\/bauweb.hr\/#organization\",\"name\":\"Hobi dom d.o.o.\",\"url\":\"https:\/\/bauweb.hr\/\",\"logo\":{\"@type\":\"ImageObject\",\"inLanguage\":\"hr\",\"@id\":\"https:\/\/bauweb.hr\/#\/schema\/logo\/image\/\",\"url\":\"https:\/\/bauweb.hr\/wp-content\/uploads\/2023\/01\/Bauweb_logo-01.png\",\"contentUrl\":\"https:\/\/bauweb.hr\/wp-content\/uploads\/2023\/01\/Bauweb_logo-01.png\",\"width\":842,\"height\":596,\"caption\":\"Hobi dom d.o.o.\"},\"image\":{\"@id\":\"https:\/\/bauweb.hr\/#\/schema\/logo\/image\/\"},\"sameAs\":[\"https:\/\/facebook.com\/bauweb00\",\"https:\/\/instagram.com\/bauweb_shop\"]}]}<\/script>\n<!-- \/ Yoast SEO plugin. -->","yoast_head_json":{"title":"Praktik aku teleskopska lan\u010dana pila PTQ047 - BauWeb","description":"Potra\u017eite \u0161iroki izbor alata i materijala za profesionalne gra\u0111evinske radove. Istra\u017ei Bauweb ponudu i kupuj uz odli\u010dne popuste.","robots":{"index":"index","follow":"follow","max-snippet":"max-snippet:-1","max-image-preview":"max-image-preview:large","max-video-preview":"max-video-preview:-1"},"canonical":"https:\/\/bauweb.hr\/index.php\/product\/praktik-aku-teleskopska-lancana-pila-ptq047\/","og_locale":"hr_HR","og_type":"article","og_title":"Praktik aku teleskopska lan\u010dana pila PTQ047 - BauWeb","og_description":"Potra\u017eite \u0161iroki izbor alata i materijala za profesionalne gra\u0111evinske radove. Istra\u017ei Bauweb ponudu i kupuj uz odli\u010dne popuste.","og_url":"https:\/\/bauweb.hr\/index.php\/product\/praktik-aku-teleskopska-lancana-pila-ptq047\/","og_site_name":"BauWeb","article_publisher":"https:\/\/facebook.com\/bauweb00","article_modified_time":"2024-05-06T11:57:32+00:00","og_image":[{"width":690,"height":690,"url":"https:\/\/bauweb.hr\/wp-content\/uploads\/2023\/01\/praktik-aku-teleskopska-lancana-pila-ptq047-punjac-baterija-gratis-slika-186406592.jpeg","type":"image\/jpeg"}],"twitter_card":"summary_large_image","twitter_misc":{"Procijenjeno vrijeme \u010ditanja":"1 minuta"},"schema":{"@context":"https:\/\/schema.org","@graph":[{"@type":"WebPage","@id":"https:\/\/bauweb.hr\/index.php\/product\/praktik-aku-teleskopska-lancana-pila-ptq047\/","url":"https:\/\/bauweb.hr\/index.php\/product\/praktik-aku-teleskopska-lancana-pila-ptq047\/","name":"Praktik aku teleskopska lan\u010dana pila PTQ047 - BauWeb","isPartOf":{"@id":"https:\/\/bauweb.hr\/#website"},"primaryImageOfPage":{"@id":"https:\/\/bauweb.hr\/index.php\/product\/praktik-aku-teleskopska-lancana-pila-ptq047\/#primaryimage"},"image":{"@id":"https:\/\/bauweb.hr\/index.php\/product\/praktik-aku-teleskopska-lancana-pila-ptq047\/#primaryimage"},"thumbnailUrl":"https:\/\/bauweb.hr\/wp-content\/uploads\/2023\/01\/praktik-aku-teleskopska-lancana-pila-ptq047-punjac-baterija-gratis-slika-186406592.jpeg","datePublished":"2023-01-28T17:37:29+00:00","dateModified":"2024-05-06T11:57:32+00:00","description":"Potra\u017eite \u0161iroki izbor alata i materijala za profesionalne gra\u0111evinske radove. Istra\u017ei Bauweb ponudu i kupuj uz odli\u010dne popuste.","breadcrumb":{"@id":"https:\/\/bauweb.hr\/index.php\/product\/praktik-aku-teleskopska-lancana-pila-ptq047\/#breadcrumb"},"inLanguage":"hr","potentialAction":[{"@type":"ReadAction","target":["https:\/\/bauweb.hr\/index.php\/product\/praktik-aku-teleskopska-lancana-pila-ptq047\/"]}]},{"@type":"ImageObject","inLanguage":"hr","@id":"https:\/\/bauweb.hr\/index.php\/product\/praktik-aku-teleskopska-lancana-pila-ptq047\/#primaryimage","url":"https:\/\/bauweb.hr\/wp-content\/uploads\/2023\/01\/praktik-aku-teleskopska-lancana-pila-ptq047-punjac-baterija-gratis-slika-186406592.jpeg","contentUrl":"https:\/\/bauweb.hr\/wp-content\/uploads\/2023\/01\/praktik-aku-teleskopska-lancana-pila-ptq047-punjac-baterija-gratis-slika-186406592.jpeg","width":690,"height":690},{"@type":"BreadcrumbList","@id":"https:\/\/bauweb.hr\/index.php\/product\/praktik-aku-teleskopska-lancana-pila-ptq047\/#breadcrumb","itemListElement":[{"@type":"ListItem","position":1,"name":"Po\u010detna stranica","item":"https:\/\/bauweb.hr\/"},{"@type":"ListItem","position":2,"name":"Shop","item":"https:\/\/bauweb.hr\/index.php\/shop-wooshop-v1\/"},{"@type":"ListItem","position":3,"name":"Praktik aku teleskopska lan\u010dana pila PTQ047"}]},{"@type":"WebSite","@id":"https:\/\/bauweb.hr\/#website","url":"https:\/\/bauweb.hr\/","name":"BauWeb","description":"Za prave majstore","publisher":{"@id":"https:\/\/bauweb.hr\/#organization"},"alternateName":"BauWeb","potentialAction":[{"@type":"SearchAction","target":{"@type":"EntryPoint","urlTemplate":"https:\/\/bauweb.hr\/?s={search_term_string}"},"query-input":{"@type":"PropertyValueSpecification","valueRequired":true,"valueName":"search_term_string"}}],"inLanguage":"hr"},{"@type":"Organization","@id":"https:\/\/bauweb.hr\/#organization","name":"Hobi dom d.o.o.","url":"https:\/\/bauweb.hr\/","logo":{"@type":"ImageObject","inLanguage":"hr","@id":"https:\/\/bauweb.hr\/#\/schema\/logo\/image\/","url":"https:\/\/bauweb.hr\/wp-content\/uploads\/2023\/01\/Bauweb_logo-01.png","contentUrl":"https:\/\/bauweb.hr\/wp-content\/uploads\/2023\/01\/Bauweb_logo-01.png","width":842,"height":596,"caption":"Hobi dom d.o.o."},"image":{"@id":"https:\/\/bauweb.hr\/#\/schema\/logo\/image\/"},"sameAs":["https:\/\/facebook.com\/bauweb00","https:\/\/instagram.com\/bauweb_shop"]}]}},"_links":{"self":[{"href":"https:\/\/bauweb.hr\/index.php\/wp-json\/wp\/v2\/product\/16600","targetHints":{"allow":["GET"]}}],"collection":[{"href":"https:\/\/bauweb.hr\/index.php\/wp-json\/wp\/v2\/product"}],"about":[{"href":"https:\/\/bauweb.hr\/index.php\/wp-json\/wp\/v2\/types\/product"}],"replies":[{"embeddable":true,"href":"https:\/\/bauweb.hr\/index.php\/wp-json\/wp\/v2\/comments?post=16600"}],"wp:featuredmedia":[{"embeddable":true,"href":"https:\/\/bauweb.hr\/index.php\/wp-json\/wp\/v2\/media\/16601"}],"wp:attachment":[{"href":"https:\/\/bauweb.hr\/index.php\/wp-json\/wp\/v2\/media?parent=16600"}],"wp:term":[{"taxonomy":"product_brand","embeddable":true,"href":"https:\/\/bauweb.hr\/index.php\/wp-json\/wp\/v2\/product_brand?post=16600"},{"taxonomy":"product_cat","embeddable":true,"href":"https:\/\/bauweb.hr\/index.php\/wp-json\/wp\/v2\/product_cat?post=16600"},{"taxonomy":"product_tag","embeddable":true,"href":"https:\/\/bauweb.hr\/index.php\/wp-json\/wp\/v2\/product_tag?post=16600"}],"curies":[{"name":"wp","href":"https:\/\/api.w.org\/{rel}","templated":true}]}}