{"id":17273,"date":"2023-03-06T19:09:41","date_gmt":"2023-03-06T18:09:41","guid":{"rendered":"https:\/\/bauweb.hr\/?post_type=product&#038;p=17273"},"modified":"2026-04-22T13:23:48","modified_gmt":"2026-04-22T11:23:48","slug":"torx-vijak-za-grede","status":"publish","type":"product","link":"https:\/\/bauweb.hr\/index.php\/product\/torx-vijak-za-grede\/","title":{"rendered":"Torx vijak za grede"},"content":{"rendered":"<p><span dir=\"auto\">WKCP\u00a0<\/span><em><span dir=\"auto\">pogonjen Klimasovim <\/span><\/em><span dir=\"auto\">vijkom s podlo\u0161kom i djelomi\u010dnim navojem za masivnu drvenu konstrukciju.<\/span><\/p>\n<p><span dir=\"auto\">WKCP je dizajniran za konstrukcijske spojeve drvenih konstrukcija &#8211; 5 puta br\u017ei od vijka s podlo\u0161kom i ima Torx pogon.<\/span><\/p>\n<p><span dir=\"auto\">Izra\u0111eno od uglji\u010dnog \u010delika \u2013 dostupno s SQ kerami\u010dkim premazom otpornim na koroziju (klasa 4)\u00a0<\/span><strong><span dir=\"auto\">ili<\/span><\/strong><span dir=\"auto\">\u00a0bijelim cinkom.<\/span><\/p>\n<p><span dir=\"auto\">ETA certifikat.<\/span><\/p>\n<p><span dir=\"auto\">Nije potrebno prethodno bu\u0161enje.<\/span><\/p>\n<p>Vijak iver za grede, vi\u0161e debljina i dimenzija.<\/p>\n<div class=\"title-product-tax\"><span dir=\"auto\">Upotreba:<\/span><\/div>\n<div class=\"product-tag\"><span dir=\"auto\">&#8211; Okvir rogova<\/span><\/div>\n<div class=\"product-tag\"><span dir=\"auto\">&#8211; Izgradnja konstrukcijskih okvira<\/span><\/div>\n<div class=\"product-tag\"><span dir=\"auto\">&#8211; Kontra-letva i letva<\/span><\/div>\n<div class=\"product-tag\"><span dir=\"auto\">&#8211; Plo\u010de na bazi drva<\/span><\/div>\n<div class=\"product-tag\"><span dir=\"auto\">&#8211; Drveni zavr\u0161ni elementi<\/span><\/div>\n<div><\/div>\n<div>Prednosti:<\/div>\n<div><span dir=\"auto\">\u2022 Certificirano prema europskoj tehni\u010dkoj procjeni ETA \u2013 za upotrebu u drvenim konstrukcijama<\/span><br \/>\n<span dir=\"auto\">\u2022 Visoki okretni moment \u2013 \u200b\u200bmo\u017ee se ugraditi bez predbu\u0161enja \u010dak i u tvrde drvene podloge<\/span><br \/>\n<span dir=\"auto\">\u2022 Dvostruki navoj: Pobolj\u0161ano prodiranje u drvo i br\u017ee po\u010detno prianjanje u drvo<\/span><br \/>\n<span dir=\"auto\">\u2022 Novi dizajn vrha glodala \u2013 smanjuje naprezanje pri bu\u0161enju za 20%<\/span><br \/>\n<span dir=\"auto\">\u2022 Nazubljeni navoj: Re\u017ee drvena vlakna za u\u010dinkovito uvrtanje<\/span><br \/>\n<span dir=\"auto\">\u2022 Rebra dr\u0161ke smanjuju okretni moment pri ugradnji razvrtanjem rupe<\/span><br \/>\n<span dir=\"auto\">\u2022 Podlo\u0161ka pove\u0107ava povr\u0161inu le\u017eaja i osigurava \u010dvrst spoj, kao i otpor<\/span><br \/>\n<span dir=\"auto\">koji osigurava provla\u010denje glave.<\/span><\/div>\n","protected":false},"excerpt":{"rendered":"<p>Vijak iver za grede.<\/p>\n<p><strong>Cijena po komadu!<\/strong><\/p>\n<p><strong>Potvrdili majstori!<\/strong><\/p>\n","protected":false},"featured_media":24229,"comment_status":"open","ping_status":"closed","template":"","meta":[],"product_brand":[408],"product_cat":[378,409],"product_tag":[],"class_list":{"0":"post-17273","1":"product","2":"type-product","3":"status-publish","4":"has-post-thumbnail","6":"product_brand-klimas","7":"product_cat-vijcana-roba","8":"product_cat-vijci","10":"first","11":"instock","12":"sale","13":"shipping-taxable","14":"purchasable","15":"product-type-variable"},"yoast_head":"<!-- This site is optimized with the Yoast SEO plugin v27.2 - https:\/\/yoast.com\/product\/yoast-seo-wordpress\/ -->\n<title>Torx vijak za grede - BauWeb<\/title>\n<meta name=\"description\" content=\"Potra\u017eite \u0161iroki izbor alata i materijala za profesionalne gra\u0111evinske radove. Istra\u017ei Bauweb ponudu i kupuj uz odli\u010dne popuste.\" \/>\n<meta name=\"robots\" content=\"index, follow, max-snippet:-1, max-image-preview:large, max-video-preview:-1\" \/>\n<link rel=\"canonical\" href=\"https:\/\/bauweb.hr\/index.php\/product\/torx-vijak-za-grede\/\" \/>\n<meta property=\"og:locale\" content=\"hr_HR\" \/>\n<meta property=\"og:type\" content=\"article\" \/>\n<meta property=\"og:title\" content=\"Torx vijak za grede - BauWeb\" \/>\n<meta property=\"og:description\" content=\"Potra\u017eite \u0161iroki izbor alata i materijala za profesionalne gra\u0111evinske radove. Istra\u017ei Bauweb ponudu i kupuj uz odli\u010dne popuste.\" \/>\n<meta property=\"og:url\" content=\"https:\/\/bauweb.hr\/index.php\/product\/torx-vijak-za-grede\/\" \/>\n<meta property=\"og:site_name\" content=\"BauWeb\" \/>\n<meta property=\"article:publisher\" content=\"https:\/\/facebook.com\/bauweb00\" \/>\n<meta property=\"article:modified_time\" content=\"2026-04-22T11:23:48+00:00\" \/>\n<meta property=\"og:image\" content=\"https:\/\/bauweb.hr\/wp-content\/uploads\/2023\/03\/wkcp.jpg\" \/>\n\t<meta property=\"og:image:width\" content=\"684\" \/>\n\t<meta property=\"og:image:height\" content=\"682\" \/>\n\t<meta property=\"og:image:type\" content=\"image\/jpeg\" \/>\n<meta name=\"twitter:card\" content=\"summary_large_image\" \/>\n<meta name=\"twitter:label1\" content=\"Procijenjeno vrijeme \u010ditanja\" \/>\n\t<meta name=\"twitter:data1\" content=\"2 minute\" \/>\n<script type=\"application\/ld+json\" class=\"yoast-schema-graph\">{\"@context\":\"https:\/\/schema.org\",\"@graph\":[{\"@type\":\"WebPage\",\"@id\":\"https:\/\/bauweb.hr\/index.php\/product\/torx-vijak-za-grede\/\",\"url\":\"https:\/\/bauweb.hr\/index.php\/product\/torx-vijak-za-grede\/\",\"name\":\"Torx vijak za grede - BauWeb\",\"isPartOf\":{\"@id\":\"https:\/\/bauweb.hr\/#website\"},\"primaryImageOfPage\":{\"@id\":\"https:\/\/bauweb.hr\/index.php\/product\/torx-vijak-za-grede\/#primaryimage\"},\"image\":{\"@id\":\"https:\/\/bauweb.hr\/index.php\/product\/torx-vijak-za-grede\/#primaryimage\"},\"thumbnailUrl\":\"https:\/\/bauweb.hr\/wp-content\/uploads\/2023\/03\/wkcp.jpg\",\"datePublished\":\"2023-03-06T18:09:41+00:00\",\"dateModified\":\"2026-04-22T11:23:48+00:00\",\"description\":\"Potra\u017eite \u0161iroki izbor alata i materijala za profesionalne gra\u0111evinske radove. Istra\u017ei Bauweb ponudu i kupuj uz odli\u010dne popuste.\",\"breadcrumb\":{\"@id\":\"https:\/\/bauweb.hr\/index.php\/product\/torx-vijak-za-grede\/#breadcrumb\"},\"inLanguage\":\"hr\",\"potentialAction\":[{\"@type\":\"ReadAction\",\"target\":[\"https:\/\/bauweb.hr\/index.php\/product\/torx-vijak-za-grede\/\"]}]},{\"@type\":\"ImageObject\",\"inLanguage\":\"hr\",\"@id\":\"https:\/\/bauweb.hr\/index.php\/product\/torx-vijak-za-grede\/#primaryimage\",\"url\":\"https:\/\/bauweb.hr\/wp-content\/uploads\/2023\/03\/wkcp.jpg\",\"contentUrl\":\"https:\/\/bauweb.hr\/wp-content\/uploads\/2023\/03\/wkcp.jpg\",\"width\":684,\"height\":682},{\"@type\":\"BreadcrumbList\",\"@id\":\"https:\/\/bauweb.hr\/index.php\/product\/torx-vijak-za-grede\/#breadcrumb\",\"itemListElement\":[{\"@type\":\"ListItem\",\"position\":1,\"name\":\"Po\u010detna stranica\",\"item\":\"https:\/\/bauweb.hr\/\"},{\"@type\":\"ListItem\",\"position\":2,\"name\":\"Shop\",\"item\":\"https:\/\/bauweb.hr\/index.php\/shop-wooshop-v1\/\"},{\"@type\":\"ListItem\",\"position\":3,\"name\":\"Torx vijak za grede\"}]},{\"@type\":\"WebSite\",\"@id\":\"https:\/\/bauweb.hr\/#website\",\"url\":\"https:\/\/bauweb.hr\/\",\"name\":\"BauWeb\",\"description\":\"Za prave majstore\",\"publisher\":{\"@id\":\"https:\/\/bauweb.hr\/#organization\"},\"alternateName\":\"BauWeb\",\"potentialAction\":[{\"@type\":\"SearchAction\",\"target\":{\"@type\":\"EntryPoint\",\"urlTemplate\":\"https:\/\/bauweb.hr\/?s={search_term_string}\"},\"query-input\":{\"@type\":\"PropertyValueSpecification\",\"valueRequired\":true,\"valueName\":\"search_term_string\"}}],\"inLanguage\":\"hr\"},{\"@type\":\"Organization\",\"@id\":\"https:\/\/bauweb.hr\/#organization\",\"name\":\"Hobi dom d.o.o.\",\"url\":\"https:\/\/bauweb.hr\/\",\"logo\":{\"@type\":\"ImageObject\",\"inLanguage\":\"hr\",\"@id\":\"https:\/\/bauweb.hr\/#\/schema\/logo\/image\/\",\"url\":\"https:\/\/bauweb.hr\/wp-content\/uploads\/2023\/01\/Bauweb_logo-01.png\",\"contentUrl\":\"https:\/\/bauweb.hr\/wp-content\/uploads\/2023\/01\/Bauweb_logo-01.png\",\"width\":842,\"height\":596,\"caption\":\"Hobi dom d.o.o.\"},\"image\":{\"@id\":\"https:\/\/bauweb.hr\/#\/schema\/logo\/image\/\"},\"sameAs\":[\"https:\/\/facebook.com\/bauweb00\",\"https:\/\/instagram.com\/bauweb_shop\"]}]}<\/script>\n<!-- \/ Yoast SEO plugin. -->","yoast_head_json":{"title":"Torx vijak za grede - BauWeb","description":"Potra\u017eite \u0161iroki izbor alata i materijala za profesionalne gra\u0111evinske radove. Istra\u017ei Bauweb ponudu i kupuj uz odli\u010dne popuste.","robots":{"index":"index","follow":"follow","max-snippet":"max-snippet:-1","max-image-preview":"max-image-preview:large","max-video-preview":"max-video-preview:-1"},"canonical":"https:\/\/bauweb.hr\/index.php\/product\/torx-vijak-za-grede\/","og_locale":"hr_HR","og_type":"article","og_title":"Torx vijak za grede - BauWeb","og_description":"Potra\u017eite \u0161iroki izbor alata i materijala za profesionalne gra\u0111evinske radove. Istra\u017ei Bauweb ponudu i kupuj uz odli\u010dne popuste.","og_url":"https:\/\/bauweb.hr\/index.php\/product\/torx-vijak-za-grede\/","og_site_name":"BauWeb","article_publisher":"https:\/\/facebook.com\/bauweb00","article_modified_time":"2026-04-22T11:23:48+00:00","og_image":[{"width":684,"height":682,"url":"https:\/\/bauweb.hr\/wp-content\/uploads\/2023\/03\/wkcp.jpg","type":"image\/jpeg"}],"twitter_card":"summary_large_image","twitter_misc":{"Procijenjeno vrijeme \u010ditanja":"2 minute"},"schema":{"@context":"https:\/\/schema.org","@graph":[{"@type":"WebPage","@id":"https:\/\/bauweb.hr\/index.php\/product\/torx-vijak-za-grede\/","url":"https:\/\/bauweb.hr\/index.php\/product\/torx-vijak-za-grede\/","name":"Torx vijak za grede - BauWeb","isPartOf":{"@id":"https:\/\/bauweb.hr\/#website"},"primaryImageOfPage":{"@id":"https:\/\/bauweb.hr\/index.php\/product\/torx-vijak-za-grede\/#primaryimage"},"image":{"@id":"https:\/\/bauweb.hr\/index.php\/product\/torx-vijak-za-grede\/#primaryimage"},"thumbnailUrl":"https:\/\/bauweb.hr\/wp-content\/uploads\/2023\/03\/wkcp.jpg","datePublished":"2023-03-06T18:09:41+00:00","dateModified":"2026-04-22T11:23:48+00:00","description":"Potra\u017eite \u0161iroki izbor alata i materijala za profesionalne gra\u0111evinske radove. Istra\u017ei Bauweb ponudu i kupuj uz odli\u010dne popuste.","breadcrumb":{"@id":"https:\/\/bauweb.hr\/index.php\/product\/torx-vijak-za-grede\/#breadcrumb"},"inLanguage":"hr","potentialAction":[{"@type":"ReadAction","target":["https:\/\/bauweb.hr\/index.php\/product\/torx-vijak-za-grede\/"]}]},{"@type":"ImageObject","inLanguage":"hr","@id":"https:\/\/bauweb.hr\/index.php\/product\/torx-vijak-za-grede\/#primaryimage","url":"https:\/\/bauweb.hr\/wp-content\/uploads\/2023\/03\/wkcp.jpg","contentUrl":"https:\/\/bauweb.hr\/wp-content\/uploads\/2023\/03\/wkcp.jpg","width":684,"height":682},{"@type":"BreadcrumbList","@id":"https:\/\/bauweb.hr\/index.php\/product\/torx-vijak-za-grede\/#breadcrumb","itemListElement":[{"@type":"ListItem","position":1,"name":"Po\u010detna stranica","item":"https:\/\/bauweb.hr\/"},{"@type":"ListItem","position":2,"name":"Shop","item":"https:\/\/bauweb.hr\/index.php\/shop-wooshop-v1\/"},{"@type":"ListItem","position":3,"name":"Torx vijak za grede"}]},{"@type":"WebSite","@id":"https:\/\/bauweb.hr\/#website","url":"https:\/\/bauweb.hr\/","name":"BauWeb","description":"Za prave majstore","publisher":{"@id":"https:\/\/bauweb.hr\/#organization"},"alternateName":"BauWeb","potentialAction":[{"@type":"SearchAction","target":{"@type":"EntryPoint","urlTemplate":"https:\/\/bauweb.hr\/?s={search_term_string}"},"query-input":{"@type":"PropertyValueSpecification","valueRequired":true,"valueName":"search_term_string"}}],"inLanguage":"hr"},{"@type":"Organization","@id":"https:\/\/bauweb.hr\/#organization","name":"Hobi dom d.o.o.","url":"https:\/\/bauweb.hr\/","logo":{"@type":"ImageObject","inLanguage":"hr","@id":"https:\/\/bauweb.hr\/#\/schema\/logo\/image\/","url":"https:\/\/bauweb.hr\/wp-content\/uploads\/2023\/01\/Bauweb_logo-01.png","contentUrl":"https:\/\/bauweb.hr\/wp-content\/uploads\/2023\/01\/Bauweb_logo-01.png","width":842,"height":596,"caption":"Hobi dom d.o.o."},"image":{"@id":"https:\/\/bauweb.hr\/#\/schema\/logo\/image\/"},"sameAs":["https:\/\/facebook.com\/bauweb00","https:\/\/instagram.com\/bauweb_shop"]}]}},"_links":{"self":[{"href":"https:\/\/bauweb.hr\/index.php\/wp-json\/wp\/v2\/product\/17273","targetHints":{"allow":["GET"]}}],"collection":[{"href":"https:\/\/bauweb.hr\/index.php\/wp-json\/wp\/v2\/product"}],"about":[{"href":"https:\/\/bauweb.hr\/index.php\/wp-json\/wp\/v2\/types\/product"}],"replies":[{"embeddable":true,"href":"https:\/\/bauweb.hr\/index.php\/wp-json\/wp\/v2\/comments?post=17273"}],"wp:featuredmedia":[{"embeddable":true,"href":"https:\/\/bauweb.hr\/index.php\/wp-json\/wp\/v2\/media\/24229"}],"wp:attachment":[{"href":"https:\/\/bauweb.hr\/index.php\/wp-json\/wp\/v2\/media?parent=17273"}],"wp:term":[{"taxonomy":"product_brand","embeddable":true,"href":"https:\/\/bauweb.hr\/index.php\/wp-json\/wp\/v2\/product_brand?post=17273"},{"taxonomy":"product_cat","embeddable":true,"href":"https:\/\/bauweb.hr\/index.php\/wp-json\/wp\/v2\/product_cat?post=17273"},{"taxonomy":"product_tag","embeddable":true,"href":"https:\/\/bauweb.hr\/index.php\/wp-json\/wp\/v2\/product_tag?post=17273"}],"curies":[{"name":"wp","href":"https:\/\/api.w.org\/{rel}","templated":true}]}}