{"id":17281,"date":"2023-03-06T19:14:42","date_gmt":"2023-03-06T18:14:42","guid":{"rendered":"https:\/\/bauweb.hr\/?post_type=product&#038;p=17281"},"modified":"2025-04-25T12:07:49","modified_gmt":"2025-04-25T10:07:49","slug":"tytan-pu-ljepilo-za-zidanje","status":"publish","type":"product","link":"https:\/\/bauweb.hr\/index.php\/product\/tytan-pu-ljepilo-za-zidanje\/","title":{"rendered":"TYTAN PU ljepilo za zidanje"},"content":{"rendered":"<p>Konstrukcija zida sastoji se od dvije komponente: zidanih jedinica i morta. Debljina fuge je uvijek najhladniji dio zida, \u0161to je uzrokovano ni\u017eim toplinskim karakteristikama morta. Preporu\u010duje se kori\u0161tenje tankih slojeva. Najnoviji proizvod razvijen za to je PU ljepilo za zidanje. Proizvod na bazi poliuretana za lijepljenje zidanih jedinica, smanjenje toplinskih mostova i pojednostavljenje procesa gradnje.<\/p>\n<p>Certificirano i testirano:<br \/>\n\u25aa tehni\u010dko odobrenje za razli\u010dite materijale kao \u0161to su silikatni blokovi, kerami\u010dka bru\u0161ena cigla i porobeton<br \/>\n\u25aa potvr\u0111ena klasifikacija vatrootpornosti zidova na nosivim i nenosivim zidovima (EN 13501-2:2008)<br \/>\n\u25aa otpornije na potrese nego klasi\u010dni mort<br \/>\n\u25aa stabilna \u010dvrsto\u0107a prianjanja u razli\u010ditim vremenskim uvjetima<br \/>\n\u25aa trajnost spojeva &gt; 100 godina<\/p>\n<p>PREDNOSTI:<br \/>\n&#8211; 24 sata \u2013 potpuna snaga zida<br \/>\n&#8211; sna\u017enije nego standardni mortovi<br \/>\n&#8211; bolja otpornost na potrese i po\u017ear<br \/>\n&#8211; smanjenje toplinskih mostova<br \/>\n&#8211; \u010di\u0161\u0107e i br\u017ee zidanje<br \/>\n&#8211; testirano i odobreno: AAC, bru\u0161ena LD opeka i porobeton<br \/>\n&#8211; primjena na temperaturama ispod 0\u00b0C<\/p>\n<p>PRIMJENA:<br \/>\n&#8211; nosivi zidovi<br \/>\n&#8211; pregradni zidovi<br \/>\n&#8211; bru\u0161ena kerami\u010dka opeka, porobeton silikatni blokovi<\/p>\n<p>TEHNI\u010cKE KARAKTERISTIKE:<\/p>\n<p>&#8211; izda\u0161nost: do 12 m\u00b2<br \/>\n&#8211; temperatura primjene: -10\u00b0C do +30\u00b0C<br \/>\n&#8211; temperatura limenke: +10\u00b0C do +30\u00b0C<br \/>\n&#8211; po\u010detna snaga: 2 h<br \/>\n&#8211; potpuno otvrdnjavanje: 24 h<br \/>\n&#8211; vrijeme korekcije: \u2264 3 min<br \/>\n&#8211; koeficijent toplinske vodljivosti: \u03bb) &lt; 0,036 W\/mK<\/p>\n","protected":false},"excerpt":{"rendered":"<p>Ljepilo u pjeni za zidanje je alternativa za tankoslojne mortove na bazi cementa. Pogodan je za lijepljenje \u0161irokog spektra kalibriranih materijala kao \u0161to su porobeton, bru\u0161ene kerami\u010dke opeke i betonski blokovi.<\/p>\n<p><strong>Potvrdili majstori!<\/strong><\/p>\n","protected":false},"featured_media":17282,"comment_status":"open","ping_status":"closed","template":"","meta":[],"product_brand":[209],"product_cat":[210],"product_tag":[],"class_list":{"0":"post-17281","1":"product","2":"type-product","3":"status-publish","4":"has-post-thumbnail","6":"product_brand-tytan","7":"product_cat-ostalo","9":"first","10":"instock","11":"shipping-taxable","12":"purchasable","13":"product-type-simple"},"yoast_head":"<!-- This site is optimized with the Yoast SEO plugin v27.2 - https:\/\/yoast.com\/product\/yoast-seo-wordpress\/ -->\n<title>TYTAN PU ljepilo za zidanje - BauWeb<\/title>\n<meta name=\"description\" content=\"Potra\u017eite \u0161iroki izbor alata i materijala za profesionalne gra\u0111evinske radove. Istra\u017ei Bauweb ponudu i kupuj uz odli\u010dne popuste.\" \/>\n<meta name=\"robots\" content=\"index, follow, max-snippet:-1, max-image-preview:large, max-video-preview:-1\" \/>\n<link rel=\"canonical\" href=\"https:\/\/bauweb.hr\/index.php\/product\/tytan-pu-ljepilo-za-zidanje\/\" \/>\n<meta property=\"og:locale\" content=\"hr_HR\" \/>\n<meta property=\"og:type\" content=\"article\" \/>\n<meta property=\"og:title\" content=\"TYTAN PU ljepilo za zidanje - BauWeb\" \/>\n<meta property=\"og:description\" content=\"Potra\u017eite \u0161iroki izbor alata i materijala za profesionalne gra\u0111evinske radove. Istra\u017ei Bauweb ponudu i kupuj uz odli\u010dne popuste.\" \/>\n<meta property=\"og:url\" content=\"https:\/\/bauweb.hr\/index.php\/product\/tytan-pu-ljepilo-za-zidanje\/\" \/>\n<meta property=\"og:site_name\" content=\"BauWeb\" \/>\n<meta property=\"article:publisher\" content=\"https:\/\/facebook.com\/bauweb00\" \/>\n<meta property=\"article:modified_time\" content=\"2025-04-25T10:07:49+00:00\" \/>\n<meta property=\"og:image\" content=\"https:\/\/bauweb.hr\/wp-content\/uploads\/2023\/03\/tytan-pu-ljepilo-zidanje-slika-188836566.jpeg\" \/>\n\t<meta property=\"og:image:width\" content=\"690\" \/>\n\t<meta property=\"og:image:height\" content=\"690\" \/>\n\t<meta property=\"og:image:type\" content=\"image\/jpeg\" \/>\n<meta name=\"twitter:card\" content=\"summary_large_image\" \/>\n<meta name=\"twitter:label1\" content=\"Procijenjeno vrijeme \u010ditanja\" \/>\n\t<meta name=\"twitter:data1\" content=\"2 minute\" \/>\n<script type=\"application\/ld+json\" class=\"yoast-schema-graph\">{\"@context\":\"https:\/\/schema.org\",\"@graph\":[{\"@type\":\"WebPage\",\"@id\":\"https:\/\/bauweb.hr\/index.php\/product\/tytan-pu-ljepilo-za-zidanje\/\",\"url\":\"https:\/\/bauweb.hr\/index.php\/product\/tytan-pu-ljepilo-za-zidanje\/\",\"name\":\"TYTAN PU ljepilo za zidanje - BauWeb\",\"isPartOf\":{\"@id\":\"https:\/\/bauweb.hr\/#website\"},\"primaryImageOfPage\":{\"@id\":\"https:\/\/bauweb.hr\/index.php\/product\/tytan-pu-ljepilo-za-zidanje\/#primaryimage\"},\"image\":{\"@id\":\"https:\/\/bauweb.hr\/index.php\/product\/tytan-pu-ljepilo-za-zidanje\/#primaryimage\"},\"thumbnailUrl\":\"https:\/\/bauweb.hr\/wp-content\/uploads\/2023\/03\/tytan-pu-ljepilo-zidanje-slika-188836566.jpeg\",\"datePublished\":\"2023-03-06T18:14:42+00:00\",\"dateModified\":\"2025-04-25T10:07:49+00:00\",\"description\":\"Potra\u017eite \u0161iroki izbor alata i materijala za profesionalne gra\u0111evinske radove. Istra\u017ei Bauweb ponudu i kupuj uz odli\u010dne popuste.\",\"breadcrumb\":{\"@id\":\"https:\/\/bauweb.hr\/index.php\/product\/tytan-pu-ljepilo-za-zidanje\/#breadcrumb\"},\"inLanguage\":\"hr\",\"potentialAction\":[{\"@type\":\"ReadAction\",\"target\":[\"https:\/\/bauweb.hr\/index.php\/product\/tytan-pu-ljepilo-za-zidanje\/\"]}]},{\"@type\":\"ImageObject\",\"inLanguage\":\"hr\",\"@id\":\"https:\/\/bauweb.hr\/index.php\/product\/tytan-pu-ljepilo-za-zidanje\/#primaryimage\",\"url\":\"https:\/\/bauweb.hr\/wp-content\/uploads\/2023\/03\/tytan-pu-ljepilo-zidanje-slika-188836566.jpeg\",\"contentUrl\":\"https:\/\/bauweb.hr\/wp-content\/uploads\/2023\/03\/tytan-pu-ljepilo-zidanje-slika-188836566.jpeg\",\"width\":690,\"height\":690},{\"@type\":\"BreadcrumbList\",\"@id\":\"https:\/\/bauweb.hr\/index.php\/product\/tytan-pu-ljepilo-za-zidanje\/#breadcrumb\",\"itemListElement\":[{\"@type\":\"ListItem\",\"position\":1,\"name\":\"Po\u010detna stranica\",\"item\":\"https:\/\/bauweb.hr\/\"},{\"@type\":\"ListItem\",\"position\":2,\"name\":\"Shop\",\"item\":\"https:\/\/bauweb.hr\/index.php\/shop-wooshop-v1\/\"},{\"@type\":\"ListItem\",\"position\":3,\"name\":\"TYTAN PU ljepilo za zidanje\"}]},{\"@type\":\"WebSite\",\"@id\":\"https:\/\/bauweb.hr\/#website\",\"url\":\"https:\/\/bauweb.hr\/\",\"name\":\"BauWeb\",\"description\":\"Za prave majstore\",\"publisher\":{\"@id\":\"https:\/\/bauweb.hr\/#organization\"},\"alternateName\":\"BauWeb\",\"potentialAction\":[{\"@type\":\"SearchAction\",\"target\":{\"@type\":\"EntryPoint\",\"urlTemplate\":\"https:\/\/bauweb.hr\/?s={search_term_string}\"},\"query-input\":{\"@type\":\"PropertyValueSpecification\",\"valueRequired\":true,\"valueName\":\"search_term_string\"}}],\"inLanguage\":\"hr\"},{\"@type\":\"Organization\",\"@id\":\"https:\/\/bauweb.hr\/#organization\",\"name\":\"Hobi dom d.o.o.\",\"url\":\"https:\/\/bauweb.hr\/\",\"logo\":{\"@type\":\"ImageObject\",\"inLanguage\":\"hr\",\"@id\":\"https:\/\/bauweb.hr\/#\/schema\/logo\/image\/\",\"url\":\"https:\/\/bauweb.hr\/wp-content\/uploads\/2023\/01\/Bauweb_logo-01.png\",\"contentUrl\":\"https:\/\/bauweb.hr\/wp-content\/uploads\/2023\/01\/Bauweb_logo-01.png\",\"width\":842,\"height\":596,\"caption\":\"Hobi dom d.o.o.\"},\"image\":{\"@id\":\"https:\/\/bauweb.hr\/#\/schema\/logo\/image\/\"},\"sameAs\":[\"https:\/\/facebook.com\/bauweb00\",\"https:\/\/instagram.com\/bauweb_shop\"]}]}<\/script>\n<!-- \/ Yoast SEO plugin. -->","yoast_head_json":{"title":"TYTAN PU ljepilo za zidanje - BauWeb","description":"Potra\u017eite \u0161iroki izbor alata i materijala za profesionalne gra\u0111evinske radove. Istra\u017ei Bauweb ponudu i kupuj uz odli\u010dne popuste.","robots":{"index":"index","follow":"follow","max-snippet":"max-snippet:-1","max-image-preview":"max-image-preview:large","max-video-preview":"max-video-preview:-1"},"canonical":"https:\/\/bauweb.hr\/index.php\/product\/tytan-pu-ljepilo-za-zidanje\/","og_locale":"hr_HR","og_type":"article","og_title":"TYTAN PU ljepilo za zidanje - BauWeb","og_description":"Potra\u017eite \u0161iroki izbor alata i materijala za profesionalne gra\u0111evinske radove. Istra\u017ei Bauweb ponudu i kupuj uz odli\u010dne popuste.","og_url":"https:\/\/bauweb.hr\/index.php\/product\/tytan-pu-ljepilo-za-zidanje\/","og_site_name":"BauWeb","article_publisher":"https:\/\/facebook.com\/bauweb00","article_modified_time":"2025-04-25T10:07:49+00:00","og_image":[{"width":690,"height":690,"url":"https:\/\/bauweb.hr\/wp-content\/uploads\/2023\/03\/tytan-pu-ljepilo-zidanje-slika-188836566.jpeg","type":"image\/jpeg"}],"twitter_card":"summary_large_image","twitter_misc":{"Procijenjeno vrijeme \u010ditanja":"2 minute"},"schema":{"@context":"https:\/\/schema.org","@graph":[{"@type":"WebPage","@id":"https:\/\/bauweb.hr\/index.php\/product\/tytan-pu-ljepilo-za-zidanje\/","url":"https:\/\/bauweb.hr\/index.php\/product\/tytan-pu-ljepilo-za-zidanje\/","name":"TYTAN PU ljepilo za zidanje - BauWeb","isPartOf":{"@id":"https:\/\/bauweb.hr\/#website"},"primaryImageOfPage":{"@id":"https:\/\/bauweb.hr\/index.php\/product\/tytan-pu-ljepilo-za-zidanje\/#primaryimage"},"image":{"@id":"https:\/\/bauweb.hr\/index.php\/product\/tytan-pu-ljepilo-za-zidanje\/#primaryimage"},"thumbnailUrl":"https:\/\/bauweb.hr\/wp-content\/uploads\/2023\/03\/tytan-pu-ljepilo-zidanje-slika-188836566.jpeg","datePublished":"2023-03-06T18:14:42+00:00","dateModified":"2025-04-25T10:07:49+00:00","description":"Potra\u017eite \u0161iroki izbor alata i materijala za profesionalne gra\u0111evinske radove. Istra\u017ei Bauweb ponudu i kupuj uz odli\u010dne popuste.","breadcrumb":{"@id":"https:\/\/bauweb.hr\/index.php\/product\/tytan-pu-ljepilo-za-zidanje\/#breadcrumb"},"inLanguage":"hr","potentialAction":[{"@type":"ReadAction","target":["https:\/\/bauweb.hr\/index.php\/product\/tytan-pu-ljepilo-za-zidanje\/"]}]},{"@type":"ImageObject","inLanguage":"hr","@id":"https:\/\/bauweb.hr\/index.php\/product\/tytan-pu-ljepilo-za-zidanje\/#primaryimage","url":"https:\/\/bauweb.hr\/wp-content\/uploads\/2023\/03\/tytan-pu-ljepilo-zidanje-slika-188836566.jpeg","contentUrl":"https:\/\/bauweb.hr\/wp-content\/uploads\/2023\/03\/tytan-pu-ljepilo-zidanje-slika-188836566.jpeg","width":690,"height":690},{"@type":"BreadcrumbList","@id":"https:\/\/bauweb.hr\/index.php\/product\/tytan-pu-ljepilo-za-zidanje\/#breadcrumb","itemListElement":[{"@type":"ListItem","position":1,"name":"Po\u010detna stranica","item":"https:\/\/bauweb.hr\/"},{"@type":"ListItem","position":2,"name":"Shop","item":"https:\/\/bauweb.hr\/index.php\/shop-wooshop-v1\/"},{"@type":"ListItem","position":3,"name":"TYTAN PU ljepilo za zidanje"}]},{"@type":"WebSite","@id":"https:\/\/bauweb.hr\/#website","url":"https:\/\/bauweb.hr\/","name":"BauWeb","description":"Za prave majstore","publisher":{"@id":"https:\/\/bauweb.hr\/#organization"},"alternateName":"BauWeb","potentialAction":[{"@type":"SearchAction","target":{"@type":"EntryPoint","urlTemplate":"https:\/\/bauweb.hr\/?s={search_term_string}"},"query-input":{"@type":"PropertyValueSpecification","valueRequired":true,"valueName":"search_term_string"}}],"inLanguage":"hr"},{"@type":"Organization","@id":"https:\/\/bauweb.hr\/#organization","name":"Hobi dom d.o.o.","url":"https:\/\/bauweb.hr\/","logo":{"@type":"ImageObject","inLanguage":"hr","@id":"https:\/\/bauweb.hr\/#\/schema\/logo\/image\/","url":"https:\/\/bauweb.hr\/wp-content\/uploads\/2023\/01\/Bauweb_logo-01.png","contentUrl":"https:\/\/bauweb.hr\/wp-content\/uploads\/2023\/01\/Bauweb_logo-01.png","width":842,"height":596,"caption":"Hobi dom d.o.o."},"image":{"@id":"https:\/\/bauweb.hr\/#\/schema\/logo\/image\/"},"sameAs":["https:\/\/facebook.com\/bauweb00","https:\/\/instagram.com\/bauweb_shop"]}]}},"_links":{"self":[{"href":"https:\/\/bauweb.hr\/index.php\/wp-json\/wp\/v2\/product\/17281","targetHints":{"allow":["GET"]}}],"collection":[{"href":"https:\/\/bauweb.hr\/index.php\/wp-json\/wp\/v2\/product"}],"about":[{"href":"https:\/\/bauweb.hr\/index.php\/wp-json\/wp\/v2\/types\/product"}],"replies":[{"embeddable":true,"href":"https:\/\/bauweb.hr\/index.php\/wp-json\/wp\/v2\/comments?post=17281"}],"wp:featuredmedia":[{"embeddable":true,"href":"https:\/\/bauweb.hr\/index.php\/wp-json\/wp\/v2\/media\/17282"}],"wp:attachment":[{"href":"https:\/\/bauweb.hr\/index.php\/wp-json\/wp\/v2\/media?parent=17281"}],"wp:term":[{"taxonomy":"product_brand","embeddable":true,"href":"https:\/\/bauweb.hr\/index.php\/wp-json\/wp\/v2\/product_brand?post=17281"},{"taxonomy":"product_cat","embeddable":true,"href":"https:\/\/bauweb.hr\/index.php\/wp-json\/wp\/v2\/product_cat?post=17281"},{"taxonomy":"product_tag","embeddable":true,"href":"https:\/\/bauweb.hr\/index.php\/wp-json\/wp\/v2\/product_tag?post=17281"}],"curies":[{"name":"wp","href":"https:\/\/api.w.org\/{rel}","templated":true}]}}