{"id":17375,"date":"2023-03-12T21:17:16","date_gmt":"2023-03-12T20:17:16","guid":{"rendered":"https:\/\/bauweb.hr\/?post_type=product&#038;p=17375"},"modified":"2025-05-27T07:49:29","modified_gmt":"2025-05-27T05:49:29","slug":"ploca-kutija-instalac-za-stiropor-fasade-kez300_kb","status":"publish","type":"product","link":"https:\/\/bauweb.hr\/index.php\/product\/ploca-kutija-instalac-za-stiropor-fasade-kez300_kb\/","title":{"rendered":"Plo\u010da &#8211; kutija instalac. za stiropor fasade KEZ300_KB"},"content":{"rendered":"<p>Boja: Sivo<br \/>\nMaterijal: PP<br \/>\nNazivni napon [V]: &lt; 400 V<br \/>\nNazivna struja [A]: &lt; 16 A<br \/>\nOtpornost na temperaturu, raspon upotrebe: -25 \u2013 60 \u00b0C<br \/>\nTest vru\u0107e petlje: 850 \u00b0C<br \/>\nSamogasivi materijal: 30 sek.<br \/>\n\u0160irina (mm): 120<br \/>\nVisina (mm): 120<br \/>\nDubina (mm): 300<br \/>\nKlasa reakcije na po\u017ear: A1 &#8211; F<br \/>\nOmogu\u0107uje ugradnju duple uti\u010dnice.<\/p>\n","protected":false},"excerpt":{"rendered":"<p>Za ugradnju ure\u0111aja u izolirane fasade zgrada debljine 50 &#8211; 300 mm. Eliminira stvaranje toplinskih mostova. U pakiranju su kvalitetni tipli i vijci za monta\u017eu, kod monta\u017ee na grublju \u017ebuku preporu\u010dljivo je brtviti ure\u0111aj silikonom. Robusna konstrukcija.<\/p>\n<p><strong>Potvrdili majstori!<\/strong><\/p>\n","protected":false},"featured_media":17376,"comment_status":"open","ping_status":"closed","template":"","meta":[],"product_brand":[228],"product_cat":[128,101],"product_tag":[],"class_list":{"0":"post-17375","1":"product","2":"type-product","3":"status-publish","4":"has-post-thumbnail","6":"product_brand-kopos","7":"product_cat-alati-i-pribor-fasadni-sustavi","8":"product_cat-fasaderi-fasadni-sustavi","10":"first","11":"outofstock","12":"shipping-taxable","13":"purchasable","14":"product-type-simple"},"yoast_head":"<!-- This site is optimized with the Yoast SEO plugin v27.2 - https:\/\/yoast.com\/product\/yoast-seo-wordpress\/ -->\n<title>Plo\u010da - kutija instalac. za stiropor fasade KEZ300_KB - BauWeb<\/title>\n<meta name=\"description\" content=\"Potra\u017eite \u0161iroki izbor alata i materijala za profesionalne gra\u0111evinske radove. Istra\u017ei Bauweb ponudu i kupuj uz odli\u010dne popuste.\" \/>\n<meta name=\"robots\" content=\"index, follow, max-snippet:-1, max-image-preview:large, max-video-preview:-1\" \/>\n<link rel=\"canonical\" href=\"https:\/\/bauweb.hr\/index.php\/product\/ploca-kutija-instalac-za-stiropor-fasade-kez300_kb\/\" \/>\n<meta property=\"og:locale\" content=\"hr_HR\" \/>\n<meta property=\"og:type\" content=\"article\" \/>\n<meta property=\"og:title\" content=\"Plo\u010da - kutija instalac. za stiropor fasade KEZ300_KB - BauWeb\" \/>\n<meta property=\"og:description\" content=\"Potra\u017eite \u0161iroki izbor alata i materijala za profesionalne gra\u0111evinske radove. Istra\u017ei Bauweb ponudu i kupuj uz odli\u010dne popuste.\" \/>\n<meta property=\"og:url\" content=\"https:\/\/bauweb.hr\/index.php\/product\/ploca-kutija-instalac-za-stiropor-fasade-kez300_kb\/\" \/>\n<meta property=\"og:site_name\" content=\"BauWeb\" \/>\n<meta property=\"article:publisher\" content=\"https:\/\/facebook.com\/bauweb00\" \/>\n<meta property=\"article:modified_time\" content=\"2025-05-27T05:49:29+00:00\" \/>\n<meta property=\"og:image\" content=\"https:\/\/bauweb.hr\/wp-content\/uploads\/2023\/03\/ploca-kutija-instalac-stiropor-fasade-kez300-kb-slika-189729452.jpeg\" \/>\n\t<meta property=\"og:image:width\" content=\"690\" \/>\n\t<meta property=\"og:image:height\" content=\"690\" \/>\n\t<meta property=\"og:image:type\" content=\"image\/jpeg\" \/>\n<meta name=\"twitter:card\" content=\"summary_large_image\" \/>\n<meta name=\"twitter:label1\" content=\"Procijenjeno vrijeme \u010ditanja\" \/>\n\t<meta name=\"twitter:data1\" content=\"1 minuta\" \/>\n<script type=\"application\/ld+json\" class=\"yoast-schema-graph\">{\"@context\":\"https:\/\/schema.org\",\"@graph\":[{\"@type\":\"WebPage\",\"@id\":\"https:\/\/bauweb.hr\/index.php\/product\/ploca-kutija-instalac-za-stiropor-fasade-kez300_kb\/\",\"url\":\"https:\/\/bauweb.hr\/index.php\/product\/ploca-kutija-instalac-za-stiropor-fasade-kez300_kb\/\",\"name\":\"Plo\u010da - kutija instalac. za stiropor fasade KEZ300_KB - BauWeb\",\"isPartOf\":{\"@id\":\"https:\/\/bauweb.hr\/#website\"},\"primaryImageOfPage\":{\"@id\":\"https:\/\/bauweb.hr\/index.php\/product\/ploca-kutija-instalac-za-stiropor-fasade-kez300_kb\/#primaryimage\"},\"image\":{\"@id\":\"https:\/\/bauweb.hr\/index.php\/product\/ploca-kutija-instalac-za-stiropor-fasade-kez300_kb\/#primaryimage\"},\"thumbnailUrl\":\"https:\/\/bauweb.hr\/wp-content\/uploads\/2023\/03\/ploca-kutija-instalac-stiropor-fasade-kez300-kb-slika-189729452.jpeg\",\"datePublished\":\"2023-03-12T20:17:16+00:00\",\"dateModified\":\"2025-05-27T05:49:29+00:00\",\"description\":\"Potra\u017eite \u0161iroki izbor alata i materijala za profesionalne gra\u0111evinske radove. Istra\u017ei Bauweb ponudu i kupuj uz odli\u010dne popuste.\",\"breadcrumb\":{\"@id\":\"https:\/\/bauweb.hr\/index.php\/product\/ploca-kutija-instalac-za-stiropor-fasade-kez300_kb\/#breadcrumb\"},\"inLanguage\":\"hr\",\"potentialAction\":[{\"@type\":\"ReadAction\",\"target\":[\"https:\/\/bauweb.hr\/index.php\/product\/ploca-kutija-instalac-za-stiropor-fasade-kez300_kb\/\"]}]},{\"@type\":\"ImageObject\",\"inLanguage\":\"hr\",\"@id\":\"https:\/\/bauweb.hr\/index.php\/product\/ploca-kutija-instalac-za-stiropor-fasade-kez300_kb\/#primaryimage\",\"url\":\"https:\/\/bauweb.hr\/wp-content\/uploads\/2023\/03\/ploca-kutija-instalac-stiropor-fasade-kez300-kb-slika-189729452.jpeg\",\"contentUrl\":\"https:\/\/bauweb.hr\/wp-content\/uploads\/2023\/03\/ploca-kutija-instalac-stiropor-fasade-kez300-kb-slika-189729452.jpeg\",\"width\":690,\"height\":690},{\"@type\":\"BreadcrumbList\",\"@id\":\"https:\/\/bauweb.hr\/index.php\/product\/ploca-kutija-instalac-za-stiropor-fasade-kez300_kb\/#breadcrumb\",\"itemListElement\":[{\"@type\":\"ListItem\",\"position\":1,\"name\":\"Po\u010detna stranica\",\"item\":\"https:\/\/bauweb.hr\/\"},{\"@type\":\"ListItem\",\"position\":2,\"name\":\"Shop\",\"item\":\"https:\/\/bauweb.hr\/index.php\/shop-wooshop-v1\/\"},{\"@type\":\"ListItem\",\"position\":3,\"name\":\"Plo\u010da &#8211; kutija instalac. za stiropor fasade KEZ300_KB\"}]},{\"@type\":\"WebSite\",\"@id\":\"https:\/\/bauweb.hr\/#website\",\"url\":\"https:\/\/bauweb.hr\/\",\"name\":\"BauWeb\",\"description\":\"Za prave majstore\",\"publisher\":{\"@id\":\"https:\/\/bauweb.hr\/#organization\"},\"alternateName\":\"BauWeb\",\"potentialAction\":[{\"@type\":\"SearchAction\",\"target\":{\"@type\":\"EntryPoint\",\"urlTemplate\":\"https:\/\/bauweb.hr\/?s={search_term_string}\"},\"query-input\":{\"@type\":\"PropertyValueSpecification\",\"valueRequired\":true,\"valueName\":\"search_term_string\"}}],\"inLanguage\":\"hr\"},{\"@type\":\"Organization\",\"@id\":\"https:\/\/bauweb.hr\/#organization\",\"name\":\"Hobi dom d.o.o.\",\"url\":\"https:\/\/bauweb.hr\/\",\"logo\":{\"@type\":\"ImageObject\",\"inLanguage\":\"hr\",\"@id\":\"https:\/\/bauweb.hr\/#\/schema\/logo\/image\/\",\"url\":\"https:\/\/bauweb.hr\/wp-content\/uploads\/2023\/01\/Bauweb_logo-01.png\",\"contentUrl\":\"https:\/\/bauweb.hr\/wp-content\/uploads\/2023\/01\/Bauweb_logo-01.png\",\"width\":842,\"height\":596,\"caption\":\"Hobi dom d.o.o.\"},\"image\":{\"@id\":\"https:\/\/bauweb.hr\/#\/schema\/logo\/image\/\"},\"sameAs\":[\"https:\/\/facebook.com\/bauweb00\",\"https:\/\/instagram.com\/bauweb_shop\"]}]}<\/script>\n<!-- \/ Yoast SEO plugin. -->","yoast_head_json":{"title":"Plo\u010da - kutija instalac. za stiropor fasade KEZ300_KB - BauWeb","description":"Potra\u017eite \u0161iroki izbor alata i materijala za profesionalne gra\u0111evinske radove. Istra\u017ei Bauweb ponudu i kupuj uz odli\u010dne popuste.","robots":{"index":"index","follow":"follow","max-snippet":"max-snippet:-1","max-image-preview":"max-image-preview:large","max-video-preview":"max-video-preview:-1"},"canonical":"https:\/\/bauweb.hr\/index.php\/product\/ploca-kutija-instalac-za-stiropor-fasade-kez300_kb\/","og_locale":"hr_HR","og_type":"article","og_title":"Plo\u010da - kutija instalac. za stiropor fasade KEZ300_KB - BauWeb","og_description":"Potra\u017eite \u0161iroki izbor alata i materijala za profesionalne gra\u0111evinske radove. Istra\u017ei Bauweb ponudu i kupuj uz odli\u010dne popuste.","og_url":"https:\/\/bauweb.hr\/index.php\/product\/ploca-kutija-instalac-za-stiropor-fasade-kez300_kb\/","og_site_name":"BauWeb","article_publisher":"https:\/\/facebook.com\/bauweb00","article_modified_time":"2025-05-27T05:49:29+00:00","og_image":[{"width":690,"height":690,"url":"https:\/\/bauweb.hr\/wp-content\/uploads\/2023\/03\/ploca-kutija-instalac-stiropor-fasade-kez300-kb-slika-189729452.jpeg","type":"image\/jpeg"}],"twitter_card":"summary_large_image","twitter_misc":{"Procijenjeno vrijeme \u010ditanja":"1 minuta"},"schema":{"@context":"https:\/\/schema.org","@graph":[{"@type":"WebPage","@id":"https:\/\/bauweb.hr\/index.php\/product\/ploca-kutija-instalac-za-stiropor-fasade-kez300_kb\/","url":"https:\/\/bauweb.hr\/index.php\/product\/ploca-kutija-instalac-za-stiropor-fasade-kez300_kb\/","name":"Plo\u010da - kutija instalac. za stiropor fasade KEZ300_KB - BauWeb","isPartOf":{"@id":"https:\/\/bauweb.hr\/#website"},"primaryImageOfPage":{"@id":"https:\/\/bauweb.hr\/index.php\/product\/ploca-kutija-instalac-za-stiropor-fasade-kez300_kb\/#primaryimage"},"image":{"@id":"https:\/\/bauweb.hr\/index.php\/product\/ploca-kutija-instalac-za-stiropor-fasade-kez300_kb\/#primaryimage"},"thumbnailUrl":"https:\/\/bauweb.hr\/wp-content\/uploads\/2023\/03\/ploca-kutija-instalac-stiropor-fasade-kez300-kb-slika-189729452.jpeg","datePublished":"2023-03-12T20:17:16+00:00","dateModified":"2025-05-27T05:49:29+00:00","description":"Potra\u017eite \u0161iroki izbor alata i materijala za profesionalne gra\u0111evinske radove. Istra\u017ei Bauweb ponudu i kupuj uz odli\u010dne popuste.","breadcrumb":{"@id":"https:\/\/bauweb.hr\/index.php\/product\/ploca-kutija-instalac-za-stiropor-fasade-kez300_kb\/#breadcrumb"},"inLanguage":"hr","potentialAction":[{"@type":"ReadAction","target":["https:\/\/bauweb.hr\/index.php\/product\/ploca-kutija-instalac-za-stiropor-fasade-kez300_kb\/"]}]},{"@type":"ImageObject","inLanguage":"hr","@id":"https:\/\/bauweb.hr\/index.php\/product\/ploca-kutija-instalac-za-stiropor-fasade-kez300_kb\/#primaryimage","url":"https:\/\/bauweb.hr\/wp-content\/uploads\/2023\/03\/ploca-kutija-instalac-stiropor-fasade-kez300-kb-slika-189729452.jpeg","contentUrl":"https:\/\/bauweb.hr\/wp-content\/uploads\/2023\/03\/ploca-kutija-instalac-stiropor-fasade-kez300-kb-slika-189729452.jpeg","width":690,"height":690},{"@type":"BreadcrumbList","@id":"https:\/\/bauweb.hr\/index.php\/product\/ploca-kutija-instalac-za-stiropor-fasade-kez300_kb\/#breadcrumb","itemListElement":[{"@type":"ListItem","position":1,"name":"Po\u010detna stranica","item":"https:\/\/bauweb.hr\/"},{"@type":"ListItem","position":2,"name":"Shop","item":"https:\/\/bauweb.hr\/index.php\/shop-wooshop-v1\/"},{"@type":"ListItem","position":3,"name":"Plo\u010da &#8211; kutija instalac. za stiropor fasade KEZ300_KB"}]},{"@type":"WebSite","@id":"https:\/\/bauweb.hr\/#website","url":"https:\/\/bauweb.hr\/","name":"BauWeb","description":"Za prave majstore","publisher":{"@id":"https:\/\/bauweb.hr\/#organization"},"alternateName":"BauWeb","potentialAction":[{"@type":"SearchAction","target":{"@type":"EntryPoint","urlTemplate":"https:\/\/bauweb.hr\/?s={search_term_string}"},"query-input":{"@type":"PropertyValueSpecification","valueRequired":true,"valueName":"search_term_string"}}],"inLanguage":"hr"},{"@type":"Organization","@id":"https:\/\/bauweb.hr\/#organization","name":"Hobi dom d.o.o.","url":"https:\/\/bauweb.hr\/","logo":{"@type":"ImageObject","inLanguage":"hr","@id":"https:\/\/bauweb.hr\/#\/schema\/logo\/image\/","url":"https:\/\/bauweb.hr\/wp-content\/uploads\/2023\/01\/Bauweb_logo-01.png","contentUrl":"https:\/\/bauweb.hr\/wp-content\/uploads\/2023\/01\/Bauweb_logo-01.png","width":842,"height":596,"caption":"Hobi dom d.o.o."},"image":{"@id":"https:\/\/bauweb.hr\/#\/schema\/logo\/image\/"},"sameAs":["https:\/\/facebook.com\/bauweb00","https:\/\/instagram.com\/bauweb_shop"]}]}},"_links":{"self":[{"href":"https:\/\/bauweb.hr\/index.php\/wp-json\/wp\/v2\/product\/17375","targetHints":{"allow":["GET"]}}],"collection":[{"href":"https:\/\/bauweb.hr\/index.php\/wp-json\/wp\/v2\/product"}],"about":[{"href":"https:\/\/bauweb.hr\/index.php\/wp-json\/wp\/v2\/types\/product"}],"replies":[{"embeddable":true,"href":"https:\/\/bauweb.hr\/index.php\/wp-json\/wp\/v2\/comments?post=17375"}],"wp:featuredmedia":[{"embeddable":true,"href":"https:\/\/bauweb.hr\/index.php\/wp-json\/wp\/v2\/media\/17376"}],"wp:attachment":[{"href":"https:\/\/bauweb.hr\/index.php\/wp-json\/wp\/v2\/media?parent=17375"}],"wp:term":[{"taxonomy":"product_brand","embeddable":true,"href":"https:\/\/bauweb.hr\/index.php\/wp-json\/wp\/v2\/product_brand?post=17375"},{"taxonomy":"product_cat","embeddable":true,"href":"https:\/\/bauweb.hr\/index.php\/wp-json\/wp\/v2\/product_cat?post=17375"},{"taxonomy":"product_tag","embeddable":true,"href":"https:\/\/bauweb.hr\/index.php\/wp-json\/wp\/v2\/product_tag?post=17375"}],"curies":[{"name":"wp","href":"https:\/\/api.w.org\/{rel}","templated":true}]}}