{"id":17379,"date":"2023-03-12T21:21:27","date_gmt":"2023-03-12T20:21:27","guid":{"rendered":"https:\/\/bauweb.hr\/?post_type=product&#038;p=17379"},"modified":"2025-01-25T15:42:40","modified_gmt":"2025-01-25T14:42:40","slug":"ploca-montazna-za-stiropor-fasade-mdz-xl_kb","status":"publish","type":"product","link":"https:\/\/bauweb.hr\/index.php\/product\/ploca-montazna-za-stiropor-fasade-mdz-xl_kb\/","title":{"rendered":"Plo\u010da monta\u017ena za stiropor fasade MDZ XL_KB"},"content":{"rendered":"<p>Na\u010din monta\u017ee: Prije monta\u017ee potrebno je izrezati nosa\u010d, uklju\u010duju\u0107i i pri\u010dvr\u0161\u0107enu izolaciju, na potrebnu duljinu prema debljini izolacijskog sloja. Nosa\u010d se pri\u010dvr\u0161\u0107uje na zid pomo\u0107u prilo\u017eenih tipli prema vrsti zidanja i vijaka.<\/p>\n<p>&#8211; Otporno na plamen do 850 \u00b0C<br \/>\n&#8211; Boja: SIVA<br \/>\n&#8211; DIMENZIJE: (\u0160 x V x D) 238 x 238 x 200 mm<\/p>\n","protected":false},"excerpt":{"rendered":"<p>Pro\u0161ireni sklop za fiksnu ugradnju elektri\u010dne opreme kao \u0161to su vanjska rasvjeta, senzori pokreta, uti\u010dnice 400 V u izoliranim fasadama zgrada debljine 50 &#8211; 300 mm. \u0160irina 238 mm, visina 238 mm, dubina 200 mm. \u010cetiri puta ve\u0107a instalacijska povr\u0161ina u odnosu na standardni MDZ. Eliminira stvaranje toplinskih mostova. Optere\u0107enje od 40 N na udaljenosti 180 mm od zida. Mogu\u0107nost stvaranja proizvoljno velike povr\u0161ine pri kori\u0161tenju nekoliko monta\u017enih plo\u010da. Paket uklju\u010duje visokokvalitetne tiple i vijke za monta\u017eu. Za monta\u017enu plo\u010du prikladni su vijci promjera 4 do 5 mm. Robusna konstrukcija.<\/p>\n<p><strong>Potvrdili majstori!<\/strong><\/p>\n","protected":false},"featured_media":17380,"comment_status":"open","ping_status":"closed","template":"","meta":[],"product_brand":[228],"product_cat":[128,101],"product_tag":[],"class_list":{"0":"post-17379","1":"product","2":"type-product","3":"status-publish","4":"has-post-thumbnail","6":"product_brand-kopos","7":"product_cat-alati-i-pribor-fasadni-sustavi","8":"product_cat-fasaderi-fasadni-sustavi","10":"first","11":"outofstock","12":"shipping-taxable","13":"purchasable","14":"product-type-simple"},"yoast_head":"<!-- This site is optimized with the Yoast SEO plugin v27.2 - https:\/\/yoast.com\/product\/yoast-seo-wordpress\/ -->\n<title>Plo\u010da monta\u017ena za stiropor fasade MDZ XL_KB - BauWeb<\/title>\n<meta name=\"description\" content=\"Potra\u017eite \u0161iroki izbor alata i materijala za profesionalne gra\u0111evinske radove. Istra\u017ei Bauweb ponudu i kupuj uz odli\u010dne popuste.\" \/>\n<meta name=\"robots\" content=\"index, follow, max-snippet:-1, max-image-preview:large, max-video-preview:-1\" \/>\n<link rel=\"canonical\" href=\"https:\/\/bauweb.hr\/index.php\/product\/ploca-montazna-za-stiropor-fasade-mdz-xl_kb\/\" \/>\n<meta property=\"og:locale\" content=\"hr_HR\" \/>\n<meta property=\"og:type\" content=\"article\" \/>\n<meta property=\"og:title\" content=\"Plo\u010da monta\u017ena za stiropor fasade MDZ XL_KB - BauWeb\" \/>\n<meta property=\"og:description\" content=\"Potra\u017eite \u0161iroki izbor alata i materijala za profesionalne gra\u0111evinske radove. Istra\u017ei Bauweb ponudu i kupuj uz odli\u010dne popuste.\" \/>\n<meta property=\"og:url\" content=\"https:\/\/bauweb.hr\/index.php\/product\/ploca-montazna-za-stiropor-fasade-mdz-xl_kb\/\" \/>\n<meta property=\"og:site_name\" content=\"BauWeb\" \/>\n<meta property=\"article:publisher\" content=\"https:\/\/facebook.com\/bauweb00\" \/>\n<meta property=\"article:modified_time\" content=\"2025-01-25T14:42:40+00:00\" \/>\n<meta property=\"og:image\" content=\"https:\/\/bauweb.hr\/wp-content\/uploads\/2023\/03\/ploca-montazna-stiropor-fasade-mdz-xl-kb-slika-189730991.jpeg\" \/>\n\t<meta property=\"og:image:width\" content=\"690\" \/>\n\t<meta property=\"og:image:height\" content=\"690\" \/>\n\t<meta property=\"og:image:type\" content=\"image\/jpeg\" \/>\n<meta name=\"twitter:card\" content=\"summary_large_image\" \/>\n<meta name=\"twitter:label1\" content=\"Procijenjeno vrijeme \u010ditanja\" \/>\n\t<meta name=\"twitter:data1\" content=\"1 minuta\" \/>\n<script type=\"application\/ld+json\" class=\"yoast-schema-graph\">{\"@context\":\"https:\/\/schema.org\",\"@graph\":[{\"@type\":\"WebPage\",\"@id\":\"https:\/\/bauweb.hr\/index.php\/product\/ploca-montazna-za-stiropor-fasade-mdz-xl_kb\/\",\"url\":\"https:\/\/bauweb.hr\/index.php\/product\/ploca-montazna-za-stiropor-fasade-mdz-xl_kb\/\",\"name\":\"Plo\u010da monta\u017ena za stiropor fasade MDZ XL_KB - BauWeb\",\"isPartOf\":{\"@id\":\"https:\/\/bauweb.hr\/#website\"},\"primaryImageOfPage\":{\"@id\":\"https:\/\/bauweb.hr\/index.php\/product\/ploca-montazna-za-stiropor-fasade-mdz-xl_kb\/#primaryimage\"},\"image\":{\"@id\":\"https:\/\/bauweb.hr\/index.php\/product\/ploca-montazna-za-stiropor-fasade-mdz-xl_kb\/#primaryimage\"},\"thumbnailUrl\":\"https:\/\/bauweb.hr\/wp-content\/uploads\/2023\/03\/ploca-montazna-stiropor-fasade-mdz-xl-kb-slika-189730991.jpeg\",\"datePublished\":\"2023-03-12T20:21:27+00:00\",\"dateModified\":\"2025-01-25T14:42:40+00:00\",\"description\":\"Potra\u017eite \u0161iroki izbor alata i materijala za profesionalne gra\u0111evinske radove. Istra\u017ei Bauweb ponudu i kupuj uz odli\u010dne popuste.\",\"breadcrumb\":{\"@id\":\"https:\/\/bauweb.hr\/index.php\/product\/ploca-montazna-za-stiropor-fasade-mdz-xl_kb\/#breadcrumb\"},\"inLanguage\":\"hr\",\"potentialAction\":[{\"@type\":\"ReadAction\",\"target\":[\"https:\/\/bauweb.hr\/index.php\/product\/ploca-montazna-za-stiropor-fasade-mdz-xl_kb\/\"]}]},{\"@type\":\"ImageObject\",\"inLanguage\":\"hr\",\"@id\":\"https:\/\/bauweb.hr\/index.php\/product\/ploca-montazna-za-stiropor-fasade-mdz-xl_kb\/#primaryimage\",\"url\":\"https:\/\/bauweb.hr\/wp-content\/uploads\/2023\/03\/ploca-montazna-stiropor-fasade-mdz-xl-kb-slika-189730991.jpeg\",\"contentUrl\":\"https:\/\/bauweb.hr\/wp-content\/uploads\/2023\/03\/ploca-montazna-stiropor-fasade-mdz-xl-kb-slika-189730991.jpeg\",\"width\":690,\"height\":690},{\"@type\":\"BreadcrumbList\",\"@id\":\"https:\/\/bauweb.hr\/index.php\/product\/ploca-montazna-za-stiropor-fasade-mdz-xl_kb\/#breadcrumb\",\"itemListElement\":[{\"@type\":\"ListItem\",\"position\":1,\"name\":\"Po\u010detna stranica\",\"item\":\"https:\/\/bauweb.hr\/\"},{\"@type\":\"ListItem\",\"position\":2,\"name\":\"Shop\",\"item\":\"https:\/\/bauweb.hr\/index.php\/shop-wooshop-v1\/\"},{\"@type\":\"ListItem\",\"position\":3,\"name\":\"Plo\u010da monta\u017ena za stiropor fasade MDZ XL_KB\"}]},{\"@type\":\"WebSite\",\"@id\":\"https:\/\/bauweb.hr\/#website\",\"url\":\"https:\/\/bauweb.hr\/\",\"name\":\"BauWeb\",\"description\":\"Za prave majstore\",\"publisher\":{\"@id\":\"https:\/\/bauweb.hr\/#organization\"},\"alternateName\":\"BauWeb\",\"potentialAction\":[{\"@type\":\"SearchAction\",\"target\":{\"@type\":\"EntryPoint\",\"urlTemplate\":\"https:\/\/bauweb.hr\/?s={search_term_string}\"},\"query-input\":{\"@type\":\"PropertyValueSpecification\",\"valueRequired\":true,\"valueName\":\"search_term_string\"}}],\"inLanguage\":\"hr\"},{\"@type\":\"Organization\",\"@id\":\"https:\/\/bauweb.hr\/#organization\",\"name\":\"Hobi dom d.o.o.\",\"url\":\"https:\/\/bauweb.hr\/\",\"logo\":{\"@type\":\"ImageObject\",\"inLanguage\":\"hr\",\"@id\":\"https:\/\/bauweb.hr\/#\/schema\/logo\/image\/\",\"url\":\"https:\/\/bauweb.hr\/wp-content\/uploads\/2023\/01\/Bauweb_logo-01.png\",\"contentUrl\":\"https:\/\/bauweb.hr\/wp-content\/uploads\/2023\/01\/Bauweb_logo-01.png\",\"width\":842,\"height\":596,\"caption\":\"Hobi dom d.o.o.\"},\"image\":{\"@id\":\"https:\/\/bauweb.hr\/#\/schema\/logo\/image\/\"},\"sameAs\":[\"https:\/\/facebook.com\/bauweb00\",\"https:\/\/instagram.com\/bauweb_shop\"]}]}<\/script>\n<!-- \/ Yoast SEO plugin. -->","yoast_head_json":{"title":"Plo\u010da monta\u017ena za stiropor fasade MDZ XL_KB - BauWeb","description":"Potra\u017eite \u0161iroki izbor alata i materijala za profesionalne gra\u0111evinske radove. Istra\u017ei Bauweb ponudu i kupuj uz odli\u010dne popuste.","robots":{"index":"index","follow":"follow","max-snippet":"max-snippet:-1","max-image-preview":"max-image-preview:large","max-video-preview":"max-video-preview:-1"},"canonical":"https:\/\/bauweb.hr\/index.php\/product\/ploca-montazna-za-stiropor-fasade-mdz-xl_kb\/","og_locale":"hr_HR","og_type":"article","og_title":"Plo\u010da monta\u017ena za stiropor fasade MDZ XL_KB - BauWeb","og_description":"Potra\u017eite \u0161iroki izbor alata i materijala za profesionalne gra\u0111evinske radove. Istra\u017ei Bauweb ponudu i kupuj uz odli\u010dne popuste.","og_url":"https:\/\/bauweb.hr\/index.php\/product\/ploca-montazna-za-stiropor-fasade-mdz-xl_kb\/","og_site_name":"BauWeb","article_publisher":"https:\/\/facebook.com\/bauweb00","article_modified_time":"2025-01-25T14:42:40+00:00","og_image":[{"width":690,"height":690,"url":"https:\/\/bauweb.hr\/wp-content\/uploads\/2023\/03\/ploca-montazna-stiropor-fasade-mdz-xl-kb-slika-189730991.jpeg","type":"image\/jpeg"}],"twitter_card":"summary_large_image","twitter_misc":{"Procijenjeno vrijeme \u010ditanja":"1 minuta"},"schema":{"@context":"https:\/\/schema.org","@graph":[{"@type":"WebPage","@id":"https:\/\/bauweb.hr\/index.php\/product\/ploca-montazna-za-stiropor-fasade-mdz-xl_kb\/","url":"https:\/\/bauweb.hr\/index.php\/product\/ploca-montazna-za-stiropor-fasade-mdz-xl_kb\/","name":"Plo\u010da monta\u017ena za stiropor fasade MDZ XL_KB - BauWeb","isPartOf":{"@id":"https:\/\/bauweb.hr\/#website"},"primaryImageOfPage":{"@id":"https:\/\/bauweb.hr\/index.php\/product\/ploca-montazna-za-stiropor-fasade-mdz-xl_kb\/#primaryimage"},"image":{"@id":"https:\/\/bauweb.hr\/index.php\/product\/ploca-montazna-za-stiropor-fasade-mdz-xl_kb\/#primaryimage"},"thumbnailUrl":"https:\/\/bauweb.hr\/wp-content\/uploads\/2023\/03\/ploca-montazna-stiropor-fasade-mdz-xl-kb-slika-189730991.jpeg","datePublished":"2023-03-12T20:21:27+00:00","dateModified":"2025-01-25T14:42:40+00:00","description":"Potra\u017eite \u0161iroki izbor alata i materijala za profesionalne gra\u0111evinske radove. Istra\u017ei Bauweb ponudu i kupuj uz odli\u010dne popuste.","breadcrumb":{"@id":"https:\/\/bauweb.hr\/index.php\/product\/ploca-montazna-za-stiropor-fasade-mdz-xl_kb\/#breadcrumb"},"inLanguage":"hr","potentialAction":[{"@type":"ReadAction","target":["https:\/\/bauweb.hr\/index.php\/product\/ploca-montazna-za-stiropor-fasade-mdz-xl_kb\/"]}]},{"@type":"ImageObject","inLanguage":"hr","@id":"https:\/\/bauweb.hr\/index.php\/product\/ploca-montazna-za-stiropor-fasade-mdz-xl_kb\/#primaryimage","url":"https:\/\/bauweb.hr\/wp-content\/uploads\/2023\/03\/ploca-montazna-stiropor-fasade-mdz-xl-kb-slika-189730991.jpeg","contentUrl":"https:\/\/bauweb.hr\/wp-content\/uploads\/2023\/03\/ploca-montazna-stiropor-fasade-mdz-xl-kb-slika-189730991.jpeg","width":690,"height":690},{"@type":"BreadcrumbList","@id":"https:\/\/bauweb.hr\/index.php\/product\/ploca-montazna-za-stiropor-fasade-mdz-xl_kb\/#breadcrumb","itemListElement":[{"@type":"ListItem","position":1,"name":"Po\u010detna stranica","item":"https:\/\/bauweb.hr\/"},{"@type":"ListItem","position":2,"name":"Shop","item":"https:\/\/bauweb.hr\/index.php\/shop-wooshop-v1\/"},{"@type":"ListItem","position":3,"name":"Plo\u010da monta\u017ena za stiropor fasade MDZ XL_KB"}]},{"@type":"WebSite","@id":"https:\/\/bauweb.hr\/#website","url":"https:\/\/bauweb.hr\/","name":"BauWeb","description":"Za prave majstore","publisher":{"@id":"https:\/\/bauweb.hr\/#organization"},"alternateName":"BauWeb","potentialAction":[{"@type":"SearchAction","target":{"@type":"EntryPoint","urlTemplate":"https:\/\/bauweb.hr\/?s={search_term_string}"},"query-input":{"@type":"PropertyValueSpecification","valueRequired":true,"valueName":"search_term_string"}}],"inLanguage":"hr"},{"@type":"Organization","@id":"https:\/\/bauweb.hr\/#organization","name":"Hobi dom d.o.o.","url":"https:\/\/bauweb.hr\/","logo":{"@type":"ImageObject","inLanguage":"hr","@id":"https:\/\/bauweb.hr\/#\/schema\/logo\/image\/","url":"https:\/\/bauweb.hr\/wp-content\/uploads\/2023\/01\/Bauweb_logo-01.png","contentUrl":"https:\/\/bauweb.hr\/wp-content\/uploads\/2023\/01\/Bauweb_logo-01.png","width":842,"height":596,"caption":"Hobi dom d.o.o."},"image":{"@id":"https:\/\/bauweb.hr\/#\/schema\/logo\/image\/"},"sameAs":["https:\/\/facebook.com\/bauweb00","https:\/\/instagram.com\/bauweb_shop"]}]}},"_links":{"self":[{"href":"https:\/\/bauweb.hr\/index.php\/wp-json\/wp\/v2\/product\/17379","targetHints":{"allow":["GET"]}}],"collection":[{"href":"https:\/\/bauweb.hr\/index.php\/wp-json\/wp\/v2\/product"}],"about":[{"href":"https:\/\/bauweb.hr\/index.php\/wp-json\/wp\/v2\/types\/product"}],"replies":[{"embeddable":true,"href":"https:\/\/bauweb.hr\/index.php\/wp-json\/wp\/v2\/comments?post=17379"}],"wp:featuredmedia":[{"embeddable":true,"href":"https:\/\/bauweb.hr\/index.php\/wp-json\/wp\/v2\/media\/17380"}],"wp:attachment":[{"href":"https:\/\/bauweb.hr\/index.php\/wp-json\/wp\/v2\/media?parent=17379"}],"wp:term":[{"taxonomy":"product_brand","embeddable":true,"href":"https:\/\/bauweb.hr\/index.php\/wp-json\/wp\/v2\/product_brand?post=17379"},{"taxonomy":"product_cat","embeddable":true,"href":"https:\/\/bauweb.hr\/index.php\/wp-json\/wp\/v2\/product_cat?post=17379"},{"taxonomy":"product_tag","embeddable":true,"href":"https:\/\/bauweb.hr\/index.php\/wp-json\/wp\/v2\/product_tag?post=17379"}],"curies":[{"name":"wp","href":"https:\/\/api.w.org\/{rel}","templated":true}]}}