{"id":17394,"date":"2023-03-12T21:33:34","date_gmt":"2023-03-12T20:33:34","guid":{"rendered":"https:\/\/bauweb.hr\/?post_type=product&#038;p=17394"},"modified":"2025-01-25T15:33:42","modified_gmt":"2025-01-25T14:33:42","slug":"tekapur-pu-ljepilo-za-bitumenske-podloge","status":"publish","type":"product","link":"https:\/\/bauweb.hr\/index.php\/product\/tekapur-pu-ljepilo-za-bitumenske-podloge\/","title":{"rendered":"Tekapur PU ljepilo za bitumenske podloge"},"content":{"rendered":"<p>Zbog male post ekspanzije i dobrog prianjanja koristi se za pri\u010dvr\u0161\u0107ivanje i lijepljenje izolacijskih materijala na podrumske zidove za\u0161ti\u0107ene bitumenskim materijalima.<\/p>\n<p>Poliuretansko ljepilo treba nanijeti na povr\u0161inu izolacijske plo\u010de u tri horizontalne crte koje moraju biti pribli\u017eno jednako udaljene jedna od druge. Bo\u010dni nanosi neka budu 3 &#8211; 5 cm od ruba plo\u010de. Prije lijepljenja treba pri\u010dekati 1 minutu da lijepilo odgovaraju\u0107e ekspandira, zatim se plo\u010du lagano pritisne na podlogu. U slijede\u0107ih 10 do 15 minuta pri\u010dvr\u0161\u0107enu se plo\u010du jo\u0161 poravnati. Sve otvore i fuge, nastale pri lijepljenju, mogu se zapuniti istim ljepilom. Plo\u010de treba odgovaraju\u0107e usidriti ili ih najkasnije 14 dana nakon upotrebe lijepila prekriti zemljom, odnosno drena\u017enim materijalom, jer je lijepilo namijenjeno samo kao pomo\u0107 kod pri\u010dvr\u0161\u0107ivanja plo\u010da.<\/p>\n<p>S jednom dozom od 750 ml mo\u017ee se pri\u010dvrstiti ca. 8 &#8211; 12 m2 izolacije.<\/p>\n","protected":false},"excerpt":{"rendered":"<p>Za lijepljenje izolacijskih materijala na vanjske zidove koji su prethodno za\u0161ti\u0107eni bitumenskim materijalima. Odli\u010dno prianja na XPS, EPS i bitumenske izolacijske materijale. omogu\u0107uje brz napredak radova i dodatnu toplinsku i zvu\u010dnu izolaciju. Jednostavna je za upotrebu.<\/p>\n<p><strong>Potvrdili majstori!<\/strong><\/p>\n","protected":false},"featured_media":17395,"comment_status":"open","ping_status":"closed","template":"","meta":[],"product_brand":[230],"product_cat":[101,229],"product_tag":[],"class_list":{"0":"post-17394","1":"product","2":"type-product","3":"status-publish","4":"has-post-thumbnail","6":"product_brand-tekapur","7":"product_cat-fasaderi-fasadni-sustavi","8":"product_cat-pjene","10":"first","11":"instock","12":"shipping-taxable","13":"purchasable","14":"product-type-simple"},"yoast_head":"<!-- This site is optimized with the Yoast SEO plugin v27.2 - https:\/\/yoast.com\/product\/yoast-seo-wordpress\/ -->\n<title>Tekapur PU ljepilo za bitumenske podloge - BauWeb<\/title>\n<meta name=\"description\" content=\"Potra\u017eite \u0161iroki izbor alata i materijala za profesionalne gra\u0111evinske radove. Istra\u017ei Bauweb ponudu i kupuj uz odli\u010dne popuste.\" \/>\n<meta name=\"robots\" content=\"index, follow, max-snippet:-1, max-image-preview:large, max-video-preview:-1\" \/>\n<link rel=\"canonical\" href=\"https:\/\/bauweb.hr\/index.php\/product\/tekapur-pu-ljepilo-za-bitumenske-podloge\/\" \/>\n<meta property=\"og:locale\" content=\"hr_HR\" \/>\n<meta property=\"og:type\" content=\"article\" \/>\n<meta property=\"og:title\" content=\"Tekapur PU ljepilo za bitumenske podloge - BauWeb\" \/>\n<meta property=\"og:description\" content=\"Potra\u017eite \u0161iroki izbor alata i materijala za profesionalne gra\u0111evinske radove. Istra\u017ei Bauweb ponudu i kupuj uz odli\u010dne popuste.\" \/>\n<meta property=\"og:url\" content=\"https:\/\/bauweb.hr\/index.php\/product\/tekapur-pu-ljepilo-za-bitumenske-podloge\/\" \/>\n<meta property=\"og:site_name\" content=\"BauWeb\" \/>\n<meta property=\"article:publisher\" content=\"https:\/\/facebook.com\/bauweb00\" \/>\n<meta property=\"article:modified_time\" content=\"2025-01-25T14:33:42+00:00\" \/>\n<meta property=\"og:image\" content=\"https:\/\/bauweb.hr\/wp-content\/uploads\/2023\/03\/tekapur-pu-ljepilo-bitumenske-podloge-slika-189831868.jpeg\" \/>\n\t<meta property=\"og:image:width\" content=\"690\" \/>\n\t<meta property=\"og:image:height\" content=\"690\" \/>\n\t<meta property=\"og:image:type\" content=\"image\/jpeg\" \/>\n<meta name=\"twitter:card\" content=\"summary_large_image\" \/>\n<meta name=\"twitter:label1\" content=\"Procijenjeno vrijeme \u010ditanja\" \/>\n\t<meta name=\"twitter:data1\" content=\"1 minuta\" \/>\n<script type=\"application\/ld+json\" class=\"yoast-schema-graph\">{\"@context\":\"https:\/\/schema.org\",\"@graph\":[{\"@type\":\"WebPage\",\"@id\":\"https:\/\/bauweb.hr\/index.php\/product\/tekapur-pu-ljepilo-za-bitumenske-podloge\/\",\"url\":\"https:\/\/bauweb.hr\/index.php\/product\/tekapur-pu-ljepilo-za-bitumenske-podloge\/\",\"name\":\"Tekapur PU ljepilo za bitumenske podloge - BauWeb\",\"isPartOf\":{\"@id\":\"https:\/\/bauweb.hr\/#website\"},\"primaryImageOfPage\":{\"@id\":\"https:\/\/bauweb.hr\/index.php\/product\/tekapur-pu-ljepilo-za-bitumenske-podloge\/#primaryimage\"},\"image\":{\"@id\":\"https:\/\/bauweb.hr\/index.php\/product\/tekapur-pu-ljepilo-za-bitumenske-podloge\/#primaryimage\"},\"thumbnailUrl\":\"https:\/\/bauweb.hr\/wp-content\/uploads\/2023\/03\/tekapur-pu-ljepilo-bitumenske-podloge-slika-189831868.jpeg\",\"datePublished\":\"2023-03-12T20:33:34+00:00\",\"dateModified\":\"2025-01-25T14:33:42+00:00\",\"description\":\"Potra\u017eite \u0161iroki izbor alata i materijala za profesionalne gra\u0111evinske radove. Istra\u017ei Bauweb ponudu i kupuj uz odli\u010dne popuste.\",\"breadcrumb\":{\"@id\":\"https:\/\/bauweb.hr\/index.php\/product\/tekapur-pu-ljepilo-za-bitumenske-podloge\/#breadcrumb\"},\"inLanguage\":\"hr\",\"potentialAction\":[{\"@type\":\"ReadAction\",\"target\":[\"https:\/\/bauweb.hr\/index.php\/product\/tekapur-pu-ljepilo-za-bitumenske-podloge\/\"]}]},{\"@type\":\"ImageObject\",\"inLanguage\":\"hr\",\"@id\":\"https:\/\/bauweb.hr\/index.php\/product\/tekapur-pu-ljepilo-za-bitumenske-podloge\/#primaryimage\",\"url\":\"https:\/\/bauweb.hr\/wp-content\/uploads\/2023\/03\/tekapur-pu-ljepilo-bitumenske-podloge-slika-189831868.jpeg\",\"contentUrl\":\"https:\/\/bauweb.hr\/wp-content\/uploads\/2023\/03\/tekapur-pu-ljepilo-bitumenske-podloge-slika-189831868.jpeg\",\"width\":690,\"height\":690},{\"@type\":\"BreadcrumbList\",\"@id\":\"https:\/\/bauweb.hr\/index.php\/product\/tekapur-pu-ljepilo-za-bitumenske-podloge\/#breadcrumb\",\"itemListElement\":[{\"@type\":\"ListItem\",\"position\":1,\"name\":\"Po\u010detna stranica\",\"item\":\"https:\/\/bauweb.hr\/\"},{\"@type\":\"ListItem\",\"position\":2,\"name\":\"Shop\",\"item\":\"https:\/\/bauweb.hr\/index.php\/shop-wooshop-v1\/\"},{\"@type\":\"ListItem\",\"position\":3,\"name\":\"Tekapur PU ljepilo za bitumenske podloge\"}]},{\"@type\":\"WebSite\",\"@id\":\"https:\/\/bauweb.hr\/#website\",\"url\":\"https:\/\/bauweb.hr\/\",\"name\":\"BauWeb\",\"description\":\"Za prave majstore\",\"publisher\":{\"@id\":\"https:\/\/bauweb.hr\/#organization\"},\"alternateName\":\"BauWeb\",\"potentialAction\":[{\"@type\":\"SearchAction\",\"target\":{\"@type\":\"EntryPoint\",\"urlTemplate\":\"https:\/\/bauweb.hr\/?s={search_term_string}\"},\"query-input\":{\"@type\":\"PropertyValueSpecification\",\"valueRequired\":true,\"valueName\":\"search_term_string\"}}],\"inLanguage\":\"hr\"},{\"@type\":\"Organization\",\"@id\":\"https:\/\/bauweb.hr\/#organization\",\"name\":\"Hobi dom d.o.o.\",\"url\":\"https:\/\/bauweb.hr\/\",\"logo\":{\"@type\":\"ImageObject\",\"inLanguage\":\"hr\",\"@id\":\"https:\/\/bauweb.hr\/#\/schema\/logo\/image\/\",\"url\":\"https:\/\/bauweb.hr\/wp-content\/uploads\/2023\/01\/Bauweb_logo-01.png\",\"contentUrl\":\"https:\/\/bauweb.hr\/wp-content\/uploads\/2023\/01\/Bauweb_logo-01.png\",\"width\":842,\"height\":596,\"caption\":\"Hobi dom d.o.o.\"},\"image\":{\"@id\":\"https:\/\/bauweb.hr\/#\/schema\/logo\/image\/\"},\"sameAs\":[\"https:\/\/facebook.com\/bauweb00\",\"https:\/\/instagram.com\/bauweb_shop\"]}]}<\/script>\n<!-- \/ Yoast SEO plugin. -->","yoast_head_json":{"title":"Tekapur PU ljepilo za bitumenske podloge - BauWeb","description":"Potra\u017eite \u0161iroki izbor alata i materijala za profesionalne gra\u0111evinske radove. Istra\u017ei Bauweb ponudu i kupuj uz odli\u010dne popuste.","robots":{"index":"index","follow":"follow","max-snippet":"max-snippet:-1","max-image-preview":"max-image-preview:large","max-video-preview":"max-video-preview:-1"},"canonical":"https:\/\/bauweb.hr\/index.php\/product\/tekapur-pu-ljepilo-za-bitumenske-podloge\/","og_locale":"hr_HR","og_type":"article","og_title":"Tekapur PU ljepilo za bitumenske podloge - BauWeb","og_description":"Potra\u017eite \u0161iroki izbor alata i materijala za profesionalne gra\u0111evinske radove. Istra\u017ei Bauweb ponudu i kupuj uz odli\u010dne popuste.","og_url":"https:\/\/bauweb.hr\/index.php\/product\/tekapur-pu-ljepilo-za-bitumenske-podloge\/","og_site_name":"BauWeb","article_publisher":"https:\/\/facebook.com\/bauweb00","article_modified_time":"2025-01-25T14:33:42+00:00","og_image":[{"width":690,"height":690,"url":"https:\/\/bauweb.hr\/wp-content\/uploads\/2023\/03\/tekapur-pu-ljepilo-bitumenske-podloge-slika-189831868.jpeg","type":"image\/jpeg"}],"twitter_card":"summary_large_image","twitter_misc":{"Procijenjeno vrijeme \u010ditanja":"1 minuta"},"schema":{"@context":"https:\/\/schema.org","@graph":[{"@type":"WebPage","@id":"https:\/\/bauweb.hr\/index.php\/product\/tekapur-pu-ljepilo-za-bitumenske-podloge\/","url":"https:\/\/bauweb.hr\/index.php\/product\/tekapur-pu-ljepilo-za-bitumenske-podloge\/","name":"Tekapur PU ljepilo za bitumenske podloge - BauWeb","isPartOf":{"@id":"https:\/\/bauweb.hr\/#website"},"primaryImageOfPage":{"@id":"https:\/\/bauweb.hr\/index.php\/product\/tekapur-pu-ljepilo-za-bitumenske-podloge\/#primaryimage"},"image":{"@id":"https:\/\/bauweb.hr\/index.php\/product\/tekapur-pu-ljepilo-za-bitumenske-podloge\/#primaryimage"},"thumbnailUrl":"https:\/\/bauweb.hr\/wp-content\/uploads\/2023\/03\/tekapur-pu-ljepilo-bitumenske-podloge-slika-189831868.jpeg","datePublished":"2023-03-12T20:33:34+00:00","dateModified":"2025-01-25T14:33:42+00:00","description":"Potra\u017eite \u0161iroki izbor alata i materijala za profesionalne gra\u0111evinske radove. Istra\u017ei Bauweb ponudu i kupuj uz odli\u010dne popuste.","breadcrumb":{"@id":"https:\/\/bauweb.hr\/index.php\/product\/tekapur-pu-ljepilo-za-bitumenske-podloge\/#breadcrumb"},"inLanguage":"hr","potentialAction":[{"@type":"ReadAction","target":["https:\/\/bauweb.hr\/index.php\/product\/tekapur-pu-ljepilo-za-bitumenske-podloge\/"]}]},{"@type":"ImageObject","inLanguage":"hr","@id":"https:\/\/bauweb.hr\/index.php\/product\/tekapur-pu-ljepilo-za-bitumenske-podloge\/#primaryimage","url":"https:\/\/bauweb.hr\/wp-content\/uploads\/2023\/03\/tekapur-pu-ljepilo-bitumenske-podloge-slika-189831868.jpeg","contentUrl":"https:\/\/bauweb.hr\/wp-content\/uploads\/2023\/03\/tekapur-pu-ljepilo-bitumenske-podloge-slika-189831868.jpeg","width":690,"height":690},{"@type":"BreadcrumbList","@id":"https:\/\/bauweb.hr\/index.php\/product\/tekapur-pu-ljepilo-za-bitumenske-podloge\/#breadcrumb","itemListElement":[{"@type":"ListItem","position":1,"name":"Po\u010detna stranica","item":"https:\/\/bauweb.hr\/"},{"@type":"ListItem","position":2,"name":"Shop","item":"https:\/\/bauweb.hr\/index.php\/shop-wooshop-v1\/"},{"@type":"ListItem","position":3,"name":"Tekapur PU ljepilo za bitumenske podloge"}]},{"@type":"WebSite","@id":"https:\/\/bauweb.hr\/#website","url":"https:\/\/bauweb.hr\/","name":"BauWeb","description":"Za prave majstore","publisher":{"@id":"https:\/\/bauweb.hr\/#organization"},"alternateName":"BauWeb","potentialAction":[{"@type":"SearchAction","target":{"@type":"EntryPoint","urlTemplate":"https:\/\/bauweb.hr\/?s={search_term_string}"},"query-input":{"@type":"PropertyValueSpecification","valueRequired":true,"valueName":"search_term_string"}}],"inLanguage":"hr"},{"@type":"Organization","@id":"https:\/\/bauweb.hr\/#organization","name":"Hobi dom d.o.o.","url":"https:\/\/bauweb.hr\/","logo":{"@type":"ImageObject","inLanguage":"hr","@id":"https:\/\/bauweb.hr\/#\/schema\/logo\/image\/","url":"https:\/\/bauweb.hr\/wp-content\/uploads\/2023\/01\/Bauweb_logo-01.png","contentUrl":"https:\/\/bauweb.hr\/wp-content\/uploads\/2023\/01\/Bauweb_logo-01.png","width":842,"height":596,"caption":"Hobi dom d.o.o."},"image":{"@id":"https:\/\/bauweb.hr\/#\/schema\/logo\/image\/"},"sameAs":["https:\/\/facebook.com\/bauweb00","https:\/\/instagram.com\/bauweb_shop"]}]}},"_links":{"self":[{"href":"https:\/\/bauweb.hr\/index.php\/wp-json\/wp\/v2\/product\/17394","targetHints":{"allow":["GET"]}}],"collection":[{"href":"https:\/\/bauweb.hr\/index.php\/wp-json\/wp\/v2\/product"}],"about":[{"href":"https:\/\/bauweb.hr\/index.php\/wp-json\/wp\/v2\/types\/product"}],"replies":[{"embeddable":true,"href":"https:\/\/bauweb.hr\/index.php\/wp-json\/wp\/v2\/comments?post=17394"}],"wp:featuredmedia":[{"embeddable":true,"href":"https:\/\/bauweb.hr\/index.php\/wp-json\/wp\/v2\/media\/17395"}],"wp:attachment":[{"href":"https:\/\/bauweb.hr\/index.php\/wp-json\/wp\/v2\/media?parent=17394"}],"wp:term":[{"taxonomy":"product_brand","embeddable":true,"href":"https:\/\/bauweb.hr\/index.php\/wp-json\/wp\/v2\/product_brand?post=17394"},{"taxonomy":"product_cat","embeddable":true,"href":"https:\/\/bauweb.hr\/index.php\/wp-json\/wp\/v2\/product_cat?post=17394"},{"taxonomy":"product_tag","embeddable":true,"href":"https:\/\/bauweb.hr\/index.php\/wp-json\/wp\/v2\/product_tag?post=17394"}],"curies":[{"name":"wp","href":"https:\/\/api.w.org\/{rel}","templated":true}]}}