{"id":18140,"date":"2023-04-17T20:10:28","date_gmt":"2023-04-17T18:10:28","guid":{"rendered":"https:\/\/bauweb.hr\/?post_type=product&#038;p=18140"},"modified":"2023-04-17T20:10:29","modified_gmt":"2023-04-17T18:10:29","slug":"wagner-h-w125-rasprsivac-boje-za-drvo-i-metal","status":"publish","type":"product","link":"https:\/\/bauweb.hr\/index.php\/product\/wagner-h-w125-rasprsivac-boje-za-drvo-i-metal\/","title":{"rendered":"Wagner H W125 raspr\u0161iva\u010d boje za drvo i metal"},"content":{"rendered":"<p>Osobito je prikladan za nano\u0161enje boja za drvo i metal, lakova, sredstava za za\u0161titu drva i temeljnih premaza u malim do srednjim projektima unutarnjeg i vanjskog prostora. Kompaktna veli\u010dina i mala te\u017eina osiguravaju rad bez zamora. Intuitivne mogu\u0107nosti pode\u0161avanja osiguravaju jednostavno rukovanje. Trosmjerno podesivi mlaz za raspr\u0161ivanje, koji nudi horizontalno, okomito i detaljno okruglo prskanje, osigurava ugodan rad. Bez obzira \u0161to morate u\u010diniti po ku\u0107i, bilo da se radi o nadogra\u0111ivanju starog namje\u0161taja, svje\u017eem sloju boje za vrtnu klupu ili za\u0161titi od vremenskih uvjeta za drvenu ogradu &#8211; sa sustavom prskanja W 125 dobro ste pripremljeni za svaki svakodnevni izazov!<\/p>\n<p>Odaberite W125 pi\u0161tolj iz Wagnera i bojite do 2x br\u017ee nego s valjkom.<\/p>\n<p>&#8211; Za sve materijale niske viskoznosti na bazi otapala i vode, kao \u0161to su emajli i lakovi, za\u0161titni proizvodi za bojenje drva, primeri i ulja<br \/>\n&#8211; Za male do srednje velike projekte, kao \u0161to su ograde, namje\u0161taj i gara\u017ena vrata<br \/>\n&#8211; Ekstra fino raspr\u0161ivanje za ravnomjerno prekrivanje boje jednim slojem<br \/>\n&#8211; Zra\u010dni omota\u010d okru\u017euje mlaz raspr\u0161iva\u010da kako bi se smanjilo prekomjerno prskanje<br \/>\n&#8211; 3 postavke mlaza boje za savr\u0161eno pristajanje predmetu koji se boji<br \/>\n&#8211; Potpuno podesiv protok boje za precizno bojanje<br \/>\n&#8211; Kompaktna veli\u010dina i mala te\u017eina osiguravaju rad bez zamora<br \/>\n&#8211; Intuitivne mogu\u0107nosti pode\u0161avanja za jednostavno rukovanje &#8211; idealno za nove korisnike<br \/>\n&#8211; Jednostavno \u010di\u0161\u0107enje zahvaljuju\u0107i odvojivom pi\u0161tolju za prskanje<\/p>\n<p>Primijenjena HVLP (High Volume Low Pressure) tehnologija omogu\u0107uje radni tlak do 2 bara.<\/p>\n<p>Nizak tlak prskanja smanjuje stvaranje pra\u0161ine i tro\u0161enje materijala.<\/p>\n<p>Proizvod je namijenjen za rad u zatvorenom i na otvorenom.<\/p>\n","protected":false},"excerpt":{"rendered":"<p>Kompaktni sustav za raspr\u0161ivanje boje W 125 idealan je uvod u svijet raspr\u0161ivanja boje za nove korisnike.<\/p>\n<p><strong>Potvrdili majstori!<\/strong><\/p>\n","protected":false},"featured_media":18141,"comment_status":"open","ping_status":"closed","template":"","meta":[],"product_brand":[325],"product_cat":[110,130,104],"product_tag":[],"class_list":{"0":"post-18140","1":"product","2":"type-product","3":"status-publish","4":"has-post-thumbnail","6":"product_brand-wagner","7":"product_cat-alati-pribor","8":"product_cat-alati-i-pribor-soboslikari","9":"product_cat-soboslikari","11":"first","12":"instock","13":"shipping-taxable","14":"purchasable","15":"product-type-simple"},"yoast_head":"<!-- This site is optimized with the Yoast SEO plugin v27.2 - https:\/\/yoast.com\/product\/yoast-seo-wordpress\/ -->\n<title>Wagner H W125 raspr\u0161iva\u010d boje za drvo i metal - BauWeb<\/title>\n<meta name=\"description\" content=\"Potra\u017eite \u0161iroki izbor alata i materijala za profesionalne gra\u0111evinske radove. Istra\u017ei Bauweb ponudu i kupuj uz odli\u010dne popuste.\" \/>\n<meta name=\"robots\" content=\"index, follow, max-snippet:-1, max-image-preview:large, max-video-preview:-1\" \/>\n<link rel=\"canonical\" href=\"https:\/\/bauweb.hr\/index.php\/product\/wagner-h-w125-rasprsivac-boje-za-drvo-i-metal\/\" \/>\n<meta property=\"og:locale\" content=\"hr_HR\" \/>\n<meta property=\"og:type\" content=\"article\" \/>\n<meta property=\"og:title\" content=\"Wagner H W125 raspr\u0161iva\u010d boje za drvo i metal - BauWeb\" \/>\n<meta property=\"og:description\" content=\"Potra\u017eite \u0161iroki izbor alata i materijala za profesionalne gra\u0111evinske radove. Istra\u017ei Bauweb ponudu i kupuj uz odli\u010dne popuste.\" \/>\n<meta property=\"og:url\" content=\"https:\/\/bauweb.hr\/index.php\/product\/wagner-h-w125-rasprsivac-boje-za-drvo-i-metal\/\" \/>\n<meta property=\"og:site_name\" content=\"BauWeb\" \/>\n<meta property=\"article:publisher\" content=\"https:\/\/facebook.com\/bauweb00\" \/>\n<meta property=\"article:modified_time\" content=\"2023-04-17T18:10:29+00:00\" \/>\n<meta property=\"og:image\" content=\"https:\/\/bauweb.hr\/wp-content\/uploads\/2023\/04\/wagner-h-w125-rasprsivac-boje-drvo-metal-slika-191768385.jpeg\" \/>\n\t<meta property=\"og:image:width\" content=\"690\" \/>\n\t<meta property=\"og:image:height\" content=\"690\" \/>\n\t<meta property=\"og:image:type\" content=\"image\/jpeg\" \/>\n<meta name=\"twitter:card\" content=\"summary_large_image\" \/>\n<meta name=\"twitter:label1\" content=\"Procijenjeno vrijeme \u010ditanja\" \/>\n\t<meta name=\"twitter:data1\" content=\"2 minute\" \/>\n<script type=\"application\/ld+json\" class=\"yoast-schema-graph\">{\"@context\":\"https:\/\/schema.org\",\"@graph\":[{\"@type\":\"WebPage\",\"@id\":\"https:\/\/bauweb.hr\/index.php\/product\/wagner-h-w125-rasprsivac-boje-za-drvo-i-metal\/\",\"url\":\"https:\/\/bauweb.hr\/index.php\/product\/wagner-h-w125-rasprsivac-boje-za-drvo-i-metal\/\",\"name\":\"Wagner H W125 raspr\u0161iva\u010d boje za drvo i metal - BauWeb\",\"isPartOf\":{\"@id\":\"https:\/\/bauweb.hr\/#website\"},\"primaryImageOfPage\":{\"@id\":\"https:\/\/bauweb.hr\/index.php\/product\/wagner-h-w125-rasprsivac-boje-za-drvo-i-metal\/#primaryimage\"},\"image\":{\"@id\":\"https:\/\/bauweb.hr\/index.php\/product\/wagner-h-w125-rasprsivac-boje-za-drvo-i-metal\/#primaryimage\"},\"thumbnailUrl\":\"https:\/\/bauweb.hr\/wp-content\/uploads\/2023\/04\/wagner-h-w125-rasprsivac-boje-drvo-metal-slika-191768385.jpeg\",\"datePublished\":\"2023-04-17T18:10:28+00:00\",\"dateModified\":\"2023-04-17T18:10:29+00:00\",\"description\":\"Potra\u017eite \u0161iroki izbor alata i materijala za profesionalne gra\u0111evinske radove. Istra\u017ei Bauweb ponudu i kupuj uz odli\u010dne popuste.\",\"breadcrumb\":{\"@id\":\"https:\/\/bauweb.hr\/index.php\/product\/wagner-h-w125-rasprsivac-boje-za-drvo-i-metal\/#breadcrumb\"},\"inLanguage\":\"hr\",\"potentialAction\":[{\"@type\":\"ReadAction\",\"target\":[\"https:\/\/bauweb.hr\/index.php\/product\/wagner-h-w125-rasprsivac-boje-za-drvo-i-metal\/\"]}]},{\"@type\":\"ImageObject\",\"inLanguage\":\"hr\",\"@id\":\"https:\/\/bauweb.hr\/index.php\/product\/wagner-h-w125-rasprsivac-boje-za-drvo-i-metal\/#primaryimage\",\"url\":\"https:\/\/bauweb.hr\/wp-content\/uploads\/2023\/04\/wagner-h-w125-rasprsivac-boje-drvo-metal-slika-191768385.jpeg\",\"contentUrl\":\"https:\/\/bauweb.hr\/wp-content\/uploads\/2023\/04\/wagner-h-w125-rasprsivac-boje-drvo-metal-slika-191768385.jpeg\",\"width\":690,\"height\":690},{\"@type\":\"BreadcrumbList\",\"@id\":\"https:\/\/bauweb.hr\/index.php\/product\/wagner-h-w125-rasprsivac-boje-za-drvo-i-metal\/#breadcrumb\",\"itemListElement\":[{\"@type\":\"ListItem\",\"position\":1,\"name\":\"Po\u010detna stranica\",\"item\":\"https:\/\/bauweb.hr\/\"},{\"@type\":\"ListItem\",\"position\":2,\"name\":\"Shop\",\"item\":\"https:\/\/bauweb.hr\/index.php\/shop-wooshop-v1\/\"},{\"@type\":\"ListItem\",\"position\":3,\"name\":\"Wagner H W125 raspr\u0161iva\u010d boje za drvo i metal\"}]},{\"@type\":\"WebSite\",\"@id\":\"https:\/\/bauweb.hr\/#website\",\"url\":\"https:\/\/bauweb.hr\/\",\"name\":\"BauWeb\",\"description\":\"Za prave majstore\",\"publisher\":{\"@id\":\"https:\/\/bauweb.hr\/#organization\"},\"alternateName\":\"BauWeb\",\"potentialAction\":[{\"@type\":\"SearchAction\",\"target\":{\"@type\":\"EntryPoint\",\"urlTemplate\":\"https:\/\/bauweb.hr\/?s={search_term_string}\"},\"query-input\":{\"@type\":\"PropertyValueSpecification\",\"valueRequired\":true,\"valueName\":\"search_term_string\"}}],\"inLanguage\":\"hr\"},{\"@type\":\"Organization\",\"@id\":\"https:\/\/bauweb.hr\/#organization\",\"name\":\"Hobi dom d.o.o.\",\"url\":\"https:\/\/bauweb.hr\/\",\"logo\":{\"@type\":\"ImageObject\",\"inLanguage\":\"hr\",\"@id\":\"https:\/\/bauweb.hr\/#\/schema\/logo\/image\/\",\"url\":\"https:\/\/bauweb.hr\/wp-content\/uploads\/2023\/01\/Bauweb_logo-01.png\",\"contentUrl\":\"https:\/\/bauweb.hr\/wp-content\/uploads\/2023\/01\/Bauweb_logo-01.png\",\"width\":842,\"height\":596,\"caption\":\"Hobi dom d.o.o.\"},\"image\":{\"@id\":\"https:\/\/bauweb.hr\/#\/schema\/logo\/image\/\"},\"sameAs\":[\"https:\/\/facebook.com\/bauweb00\",\"https:\/\/instagram.com\/bauweb_shop\"]}]}<\/script>\n<!-- \/ Yoast SEO plugin. -->","yoast_head_json":{"title":"Wagner H W125 raspr\u0161iva\u010d boje za drvo i metal - BauWeb","description":"Potra\u017eite \u0161iroki izbor alata i materijala za profesionalne gra\u0111evinske radove. Istra\u017ei Bauweb ponudu i kupuj uz odli\u010dne popuste.","robots":{"index":"index","follow":"follow","max-snippet":"max-snippet:-1","max-image-preview":"max-image-preview:large","max-video-preview":"max-video-preview:-1"},"canonical":"https:\/\/bauweb.hr\/index.php\/product\/wagner-h-w125-rasprsivac-boje-za-drvo-i-metal\/","og_locale":"hr_HR","og_type":"article","og_title":"Wagner H W125 raspr\u0161iva\u010d boje za drvo i metal - BauWeb","og_description":"Potra\u017eite \u0161iroki izbor alata i materijala za profesionalne gra\u0111evinske radove. Istra\u017ei Bauweb ponudu i kupuj uz odli\u010dne popuste.","og_url":"https:\/\/bauweb.hr\/index.php\/product\/wagner-h-w125-rasprsivac-boje-za-drvo-i-metal\/","og_site_name":"BauWeb","article_publisher":"https:\/\/facebook.com\/bauweb00","article_modified_time":"2023-04-17T18:10:29+00:00","og_image":[{"width":690,"height":690,"url":"https:\/\/bauweb.hr\/wp-content\/uploads\/2023\/04\/wagner-h-w125-rasprsivac-boje-drvo-metal-slika-191768385.jpeg","type":"image\/jpeg"}],"twitter_card":"summary_large_image","twitter_misc":{"Procijenjeno vrijeme \u010ditanja":"2 minute"},"schema":{"@context":"https:\/\/schema.org","@graph":[{"@type":"WebPage","@id":"https:\/\/bauweb.hr\/index.php\/product\/wagner-h-w125-rasprsivac-boje-za-drvo-i-metal\/","url":"https:\/\/bauweb.hr\/index.php\/product\/wagner-h-w125-rasprsivac-boje-za-drvo-i-metal\/","name":"Wagner H W125 raspr\u0161iva\u010d boje za drvo i metal - BauWeb","isPartOf":{"@id":"https:\/\/bauweb.hr\/#website"},"primaryImageOfPage":{"@id":"https:\/\/bauweb.hr\/index.php\/product\/wagner-h-w125-rasprsivac-boje-za-drvo-i-metal\/#primaryimage"},"image":{"@id":"https:\/\/bauweb.hr\/index.php\/product\/wagner-h-w125-rasprsivac-boje-za-drvo-i-metal\/#primaryimage"},"thumbnailUrl":"https:\/\/bauweb.hr\/wp-content\/uploads\/2023\/04\/wagner-h-w125-rasprsivac-boje-drvo-metal-slika-191768385.jpeg","datePublished":"2023-04-17T18:10:28+00:00","dateModified":"2023-04-17T18:10:29+00:00","description":"Potra\u017eite \u0161iroki izbor alata i materijala za profesionalne gra\u0111evinske radove. Istra\u017ei Bauweb ponudu i kupuj uz odli\u010dne popuste.","breadcrumb":{"@id":"https:\/\/bauweb.hr\/index.php\/product\/wagner-h-w125-rasprsivac-boje-za-drvo-i-metal\/#breadcrumb"},"inLanguage":"hr","potentialAction":[{"@type":"ReadAction","target":["https:\/\/bauweb.hr\/index.php\/product\/wagner-h-w125-rasprsivac-boje-za-drvo-i-metal\/"]}]},{"@type":"ImageObject","inLanguage":"hr","@id":"https:\/\/bauweb.hr\/index.php\/product\/wagner-h-w125-rasprsivac-boje-za-drvo-i-metal\/#primaryimage","url":"https:\/\/bauweb.hr\/wp-content\/uploads\/2023\/04\/wagner-h-w125-rasprsivac-boje-drvo-metal-slika-191768385.jpeg","contentUrl":"https:\/\/bauweb.hr\/wp-content\/uploads\/2023\/04\/wagner-h-w125-rasprsivac-boje-drvo-metal-slika-191768385.jpeg","width":690,"height":690},{"@type":"BreadcrumbList","@id":"https:\/\/bauweb.hr\/index.php\/product\/wagner-h-w125-rasprsivac-boje-za-drvo-i-metal\/#breadcrumb","itemListElement":[{"@type":"ListItem","position":1,"name":"Po\u010detna stranica","item":"https:\/\/bauweb.hr\/"},{"@type":"ListItem","position":2,"name":"Shop","item":"https:\/\/bauweb.hr\/index.php\/shop-wooshop-v1\/"},{"@type":"ListItem","position":3,"name":"Wagner H W125 raspr\u0161iva\u010d boje za drvo i metal"}]},{"@type":"WebSite","@id":"https:\/\/bauweb.hr\/#website","url":"https:\/\/bauweb.hr\/","name":"BauWeb","description":"Za prave majstore","publisher":{"@id":"https:\/\/bauweb.hr\/#organization"},"alternateName":"BauWeb","potentialAction":[{"@type":"SearchAction","target":{"@type":"EntryPoint","urlTemplate":"https:\/\/bauweb.hr\/?s={search_term_string}"},"query-input":{"@type":"PropertyValueSpecification","valueRequired":true,"valueName":"search_term_string"}}],"inLanguage":"hr"},{"@type":"Organization","@id":"https:\/\/bauweb.hr\/#organization","name":"Hobi dom d.o.o.","url":"https:\/\/bauweb.hr\/","logo":{"@type":"ImageObject","inLanguage":"hr","@id":"https:\/\/bauweb.hr\/#\/schema\/logo\/image\/","url":"https:\/\/bauweb.hr\/wp-content\/uploads\/2023\/01\/Bauweb_logo-01.png","contentUrl":"https:\/\/bauweb.hr\/wp-content\/uploads\/2023\/01\/Bauweb_logo-01.png","width":842,"height":596,"caption":"Hobi dom d.o.o."},"image":{"@id":"https:\/\/bauweb.hr\/#\/schema\/logo\/image\/"},"sameAs":["https:\/\/facebook.com\/bauweb00","https:\/\/instagram.com\/bauweb_shop"]}]}},"_links":{"self":[{"href":"https:\/\/bauweb.hr\/index.php\/wp-json\/wp\/v2\/product\/18140","targetHints":{"allow":["GET"]}}],"collection":[{"href":"https:\/\/bauweb.hr\/index.php\/wp-json\/wp\/v2\/product"}],"about":[{"href":"https:\/\/bauweb.hr\/index.php\/wp-json\/wp\/v2\/types\/product"}],"replies":[{"embeddable":true,"href":"https:\/\/bauweb.hr\/index.php\/wp-json\/wp\/v2\/comments?post=18140"}],"wp:featuredmedia":[{"embeddable":true,"href":"https:\/\/bauweb.hr\/index.php\/wp-json\/wp\/v2\/media\/18141"}],"wp:attachment":[{"href":"https:\/\/bauweb.hr\/index.php\/wp-json\/wp\/v2\/media?parent=18140"}],"wp:term":[{"taxonomy":"product_brand","embeddable":true,"href":"https:\/\/bauweb.hr\/index.php\/wp-json\/wp\/v2\/product_brand?post=18140"},{"taxonomy":"product_cat","embeddable":true,"href":"https:\/\/bauweb.hr\/index.php\/wp-json\/wp\/v2\/product_cat?post=18140"},{"taxonomy":"product_tag","embeddable":true,"href":"https:\/\/bauweb.hr\/index.php\/wp-json\/wp\/v2\/product_tag?post=18140"}],"curies":[{"name":"wp","href":"https:\/\/api.w.org\/{rel}","templated":true}]}}