{"id":18147,"date":"2023-04-17T20:14:30","date_gmt":"2023-04-17T18:14:30","guid":{"rendered":"https:\/\/bauweb.hr\/?post_type=product&#038;p=18147"},"modified":"2024-05-03T10:14:08","modified_gmt":"2024-05-03T08:14:08","slug":"wagner-h-w150-rasprsivac-boje-za-drvo-i-metal","status":"publish","type":"product","link":"https:\/\/bauweb.hr\/index.php\/product\/wagner-h-w150-rasprsivac-boje-za-drvo-i-metal\/","title":{"rendered":"Wagner  W150 raspr\u0161iva\u010d boje za drvo i metal"},"content":{"rendered":"<p>Od nano\u0161enja potpunog sloja boje na va\u0161u vrtnu ku\u0107icu ili drvenu ogradu do popravka ili pobolj\u0161anja izgleda stolaca i klupa, W 150 je idealan suputnik. Beskontaktnim premazima za boje, lakove i sredstva za za\u0161titu drva mo\u017eete posti\u0107i ravnomjernu i potpunu povr\u0161insku za\u0161titu. \u010cak se i te\u0161ko dostupna podru\u010dja kao \u0161to su neravne povr\u0161ine na pletenom namje\u0161taju tako\u0111er mogu premazati s lako\u0107om &#8211; \u0161tede\u0107i ne samo vrijeme nego i va\u0161e pacijente! Starom namje\u0161taju, ogradama ili \u010dak drvenim podovima mo\u017eete na najbr\u017ei i profesionalni na\u010din dati novi sjaj i svje\u017e izgled. Svatko mo\u017ee ostvariti svoje osobne kreativne snove o boji.<\/p>\n<p>Trosmjerno podesivi mlaz za raspr\u0161ivanje, koji nudi horizontalno, okomito i detaljno prskanje, osigurava da mo\u017eete prskati na bilo koji na\u010din. Zahvaljuju\u0107i jedinstvenom sustavu Click&amp;Paint, mijenjanje boje je jednostavno jer se drugi dodaci za prskanje mogu jednostavno kliknuti.<\/p>\n<p>&#8211; Za sve boje za drvo i metal niske viskoznosti na bazi otapala i vode, uklju\u010duju\u0107i emajle, lakove, za\u0161titu za drvo, lazure, temeljne premaze i ulja<br \/>\n&#8211; Za male do srednje velike projekte, kao \u0161to su ograde, zasloni za privatnost, re\u0161etke i namje\u0161taj<br \/>\n&#8211; Kompaktan i lagan sustav prskanja<br \/>\n&#8211; Ekstra fino raspr\u0161ivanje za ravnomjerno prekrivanje boje jednim slojem<br \/>\n&#8211; Odvojivi pi\u0161tolj za brzu i jednostavnu promjenu nastavka, boje, punjenje ili \u010di\u0161\u0107enje pi\u0161tolja<br \/>\n&#8211; Zra\u010dni omota\u010d okru\u017euje mlaz raspr\u0161iva\u010da kako bi se smanjilo prekomjerno prskanje<br \/>\n&#8211; 3 postavke mlaza boje za savr\u0161eno pristajanje predmetu koji se boji<br \/>\n&#8211; Potpuno podesiv protok boje za precizno bojanje<\/p>\n<p>Prikladni materijali : Lakovi i lazure<br \/>\nPokrivenost povr\u0161ine : 5m\u00b2 za 10 min<br \/>\nBrzina protoka boje : 0-140 ml\/min<br \/>\nPotro\u0161nja energije : 300 W<br \/>\nKapacitet spremnika : 600 ml<\/p>\n","protected":false},"excerpt":{"rendered":"<p>W 150 sustav za prskanje boja i lakova idealan je za projekte u va\u0161em domu.<\/p>\n<p>Potvrdili majstori!<\/p>\n","protected":false},"featured_media":18148,"comment_status":"open","ping_status":"closed","template":"","meta":[],"product_brand":[325],"product_cat":[110,130,104],"product_tag":[],"class_list":{"0":"post-18147","1":"product","2":"type-product","3":"status-publish","4":"has-post-thumbnail","6":"product_brand-wagner","7":"product_cat-alati-pribor","8":"product_cat-alati-i-pribor-soboslikari","9":"product_cat-soboslikari","11":"first","12":"instock","13":"shipping-taxable","14":"purchasable","15":"product-type-simple"},"yoast_head":"<!-- This site is optimized with the Yoast SEO plugin v27.2 - https:\/\/yoast.com\/product\/yoast-seo-wordpress\/ -->\n<title>Wagner W150 raspr\u0161iva\u010d boje za drvo i metal - BauWeb<\/title>\n<meta name=\"description\" content=\"Potra\u017eite \u0161iroki izbor alata i materijala za profesionalne gra\u0111evinske radove. Istra\u017ei Bauweb ponudu i kupuj uz odli\u010dne popuste.\" \/>\n<meta name=\"robots\" content=\"index, follow, max-snippet:-1, max-image-preview:large, max-video-preview:-1\" \/>\n<link rel=\"canonical\" href=\"https:\/\/bauweb.hr\/index.php\/product\/wagner-h-w150-rasprsivac-boje-za-drvo-i-metal\/\" \/>\n<meta property=\"og:locale\" content=\"hr_HR\" \/>\n<meta property=\"og:type\" content=\"article\" \/>\n<meta property=\"og:title\" content=\"Wagner W150 raspr\u0161iva\u010d boje za drvo i metal - BauWeb\" \/>\n<meta property=\"og:description\" content=\"Potra\u017eite \u0161iroki izbor alata i materijala za profesionalne gra\u0111evinske radove. Istra\u017ei Bauweb ponudu i kupuj uz odli\u010dne popuste.\" \/>\n<meta property=\"og:url\" content=\"https:\/\/bauweb.hr\/index.php\/product\/wagner-h-w150-rasprsivac-boje-za-drvo-i-metal\/\" \/>\n<meta property=\"og:site_name\" content=\"BauWeb\" \/>\n<meta property=\"article:publisher\" content=\"https:\/\/facebook.com\/bauweb00\" \/>\n<meta property=\"article:modified_time\" content=\"2024-05-03T08:14:08+00:00\" \/>\n<meta property=\"og:image\" content=\"https:\/\/bauweb.hr\/wp-content\/uploads\/2023\/04\/wagner-h-w150-rasprsivac-boje-drvo-metal-slika-191769117.jpeg\" \/>\n\t<meta property=\"og:image:width\" content=\"690\" \/>\n\t<meta property=\"og:image:height\" content=\"690\" \/>\n\t<meta property=\"og:image:type\" content=\"image\/jpeg\" \/>\n<meta name=\"twitter:card\" content=\"summary_large_image\" \/>\n<meta name=\"twitter:label1\" content=\"Procijenjeno vrijeme \u010ditanja\" \/>\n\t<meta name=\"twitter:data1\" content=\"2 minute\" \/>\n<script type=\"application\/ld+json\" class=\"yoast-schema-graph\">{\"@context\":\"https:\/\/schema.org\",\"@graph\":[{\"@type\":\"WebPage\",\"@id\":\"https:\/\/bauweb.hr\/index.php\/product\/wagner-h-w150-rasprsivac-boje-za-drvo-i-metal\/\",\"url\":\"https:\/\/bauweb.hr\/index.php\/product\/wagner-h-w150-rasprsivac-boje-za-drvo-i-metal\/\",\"name\":\"Wagner W150 raspr\u0161iva\u010d boje za drvo i metal - BauWeb\",\"isPartOf\":{\"@id\":\"https:\/\/bauweb.hr\/#website\"},\"primaryImageOfPage\":{\"@id\":\"https:\/\/bauweb.hr\/index.php\/product\/wagner-h-w150-rasprsivac-boje-za-drvo-i-metal\/#primaryimage\"},\"image\":{\"@id\":\"https:\/\/bauweb.hr\/index.php\/product\/wagner-h-w150-rasprsivac-boje-za-drvo-i-metal\/#primaryimage\"},\"thumbnailUrl\":\"https:\/\/bauweb.hr\/wp-content\/uploads\/2023\/04\/wagner-h-w150-rasprsivac-boje-drvo-metal-slika-191769117.jpeg\",\"datePublished\":\"2023-04-17T18:14:30+00:00\",\"dateModified\":\"2024-05-03T08:14:08+00:00\",\"description\":\"Potra\u017eite \u0161iroki izbor alata i materijala za profesionalne gra\u0111evinske radove. Istra\u017ei Bauweb ponudu i kupuj uz odli\u010dne popuste.\",\"breadcrumb\":{\"@id\":\"https:\/\/bauweb.hr\/index.php\/product\/wagner-h-w150-rasprsivac-boje-za-drvo-i-metal\/#breadcrumb\"},\"inLanguage\":\"hr\",\"potentialAction\":[{\"@type\":\"ReadAction\",\"target\":[\"https:\/\/bauweb.hr\/index.php\/product\/wagner-h-w150-rasprsivac-boje-za-drvo-i-metal\/\"]}]},{\"@type\":\"ImageObject\",\"inLanguage\":\"hr\",\"@id\":\"https:\/\/bauweb.hr\/index.php\/product\/wagner-h-w150-rasprsivac-boje-za-drvo-i-metal\/#primaryimage\",\"url\":\"https:\/\/bauweb.hr\/wp-content\/uploads\/2023\/04\/wagner-h-w150-rasprsivac-boje-drvo-metal-slika-191769117.jpeg\",\"contentUrl\":\"https:\/\/bauweb.hr\/wp-content\/uploads\/2023\/04\/wagner-h-w150-rasprsivac-boje-drvo-metal-slika-191769117.jpeg\",\"width\":690,\"height\":690},{\"@type\":\"BreadcrumbList\",\"@id\":\"https:\/\/bauweb.hr\/index.php\/product\/wagner-h-w150-rasprsivac-boje-za-drvo-i-metal\/#breadcrumb\",\"itemListElement\":[{\"@type\":\"ListItem\",\"position\":1,\"name\":\"Po\u010detna stranica\",\"item\":\"https:\/\/bauweb.hr\/\"},{\"@type\":\"ListItem\",\"position\":2,\"name\":\"Shop\",\"item\":\"https:\/\/bauweb.hr\/index.php\/shop-wooshop-v1\/\"},{\"@type\":\"ListItem\",\"position\":3,\"name\":\"Wagner W150 raspr\u0161iva\u010d boje za drvo i metal\"}]},{\"@type\":\"WebSite\",\"@id\":\"https:\/\/bauweb.hr\/#website\",\"url\":\"https:\/\/bauweb.hr\/\",\"name\":\"BauWeb\",\"description\":\"Za prave majstore\",\"publisher\":{\"@id\":\"https:\/\/bauweb.hr\/#organization\"},\"alternateName\":\"BauWeb\",\"potentialAction\":[{\"@type\":\"SearchAction\",\"target\":{\"@type\":\"EntryPoint\",\"urlTemplate\":\"https:\/\/bauweb.hr\/?s={search_term_string}\"},\"query-input\":{\"@type\":\"PropertyValueSpecification\",\"valueRequired\":true,\"valueName\":\"search_term_string\"}}],\"inLanguage\":\"hr\"},{\"@type\":\"Organization\",\"@id\":\"https:\/\/bauweb.hr\/#organization\",\"name\":\"Hobi dom d.o.o.\",\"url\":\"https:\/\/bauweb.hr\/\",\"logo\":{\"@type\":\"ImageObject\",\"inLanguage\":\"hr\",\"@id\":\"https:\/\/bauweb.hr\/#\/schema\/logo\/image\/\",\"url\":\"https:\/\/bauweb.hr\/wp-content\/uploads\/2023\/01\/Bauweb_logo-01.png\",\"contentUrl\":\"https:\/\/bauweb.hr\/wp-content\/uploads\/2023\/01\/Bauweb_logo-01.png\",\"width\":842,\"height\":596,\"caption\":\"Hobi dom d.o.o.\"},\"image\":{\"@id\":\"https:\/\/bauweb.hr\/#\/schema\/logo\/image\/\"},\"sameAs\":[\"https:\/\/facebook.com\/bauweb00\",\"https:\/\/instagram.com\/bauweb_shop\"]}]}<\/script>\n<!-- \/ Yoast SEO plugin. -->","yoast_head_json":{"title":"Wagner W150 raspr\u0161iva\u010d boje za drvo i metal - BauWeb","description":"Potra\u017eite \u0161iroki izbor alata i materijala za profesionalne gra\u0111evinske radove. Istra\u017ei Bauweb ponudu i kupuj uz odli\u010dne popuste.","robots":{"index":"index","follow":"follow","max-snippet":"max-snippet:-1","max-image-preview":"max-image-preview:large","max-video-preview":"max-video-preview:-1"},"canonical":"https:\/\/bauweb.hr\/index.php\/product\/wagner-h-w150-rasprsivac-boje-za-drvo-i-metal\/","og_locale":"hr_HR","og_type":"article","og_title":"Wagner W150 raspr\u0161iva\u010d boje za drvo i metal - BauWeb","og_description":"Potra\u017eite \u0161iroki izbor alata i materijala za profesionalne gra\u0111evinske radove. Istra\u017ei Bauweb ponudu i kupuj uz odli\u010dne popuste.","og_url":"https:\/\/bauweb.hr\/index.php\/product\/wagner-h-w150-rasprsivac-boje-za-drvo-i-metal\/","og_site_name":"BauWeb","article_publisher":"https:\/\/facebook.com\/bauweb00","article_modified_time":"2024-05-03T08:14:08+00:00","og_image":[{"width":690,"height":690,"url":"https:\/\/bauweb.hr\/wp-content\/uploads\/2023\/04\/wagner-h-w150-rasprsivac-boje-drvo-metal-slika-191769117.jpeg","type":"image\/jpeg"}],"twitter_card":"summary_large_image","twitter_misc":{"Procijenjeno vrijeme \u010ditanja":"2 minute"},"schema":{"@context":"https:\/\/schema.org","@graph":[{"@type":"WebPage","@id":"https:\/\/bauweb.hr\/index.php\/product\/wagner-h-w150-rasprsivac-boje-za-drvo-i-metal\/","url":"https:\/\/bauweb.hr\/index.php\/product\/wagner-h-w150-rasprsivac-boje-za-drvo-i-metal\/","name":"Wagner W150 raspr\u0161iva\u010d boje za drvo i metal - BauWeb","isPartOf":{"@id":"https:\/\/bauweb.hr\/#website"},"primaryImageOfPage":{"@id":"https:\/\/bauweb.hr\/index.php\/product\/wagner-h-w150-rasprsivac-boje-za-drvo-i-metal\/#primaryimage"},"image":{"@id":"https:\/\/bauweb.hr\/index.php\/product\/wagner-h-w150-rasprsivac-boje-za-drvo-i-metal\/#primaryimage"},"thumbnailUrl":"https:\/\/bauweb.hr\/wp-content\/uploads\/2023\/04\/wagner-h-w150-rasprsivac-boje-drvo-metal-slika-191769117.jpeg","datePublished":"2023-04-17T18:14:30+00:00","dateModified":"2024-05-03T08:14:08+00:00","description":"Potra\u017eite \u0161iroki izbor alata i materijala za profesionalne gra\u0111evinske radove. Istra\u017ei Bauweb ponudu i kupuj uz odli\u010dne popuste.","breadcrumb":{"@id":"https:\/\/bauweb.hr\/index.php\/product\/wagner-h-w150-rasprsivac-boje-za-drvo-i-metal\/#breadcrumb"},"inLanguage":"hr","potentialAction":[{"@type":"ReadAction","target":["https:\/\/bauweb.hr\/index.php\/product\/wagner-h-w150-rasprsivac-boje-za-drvo-i-metal\/"]}]},{"@type":"ImageObject","inLanguage":"hr","@id":"https:\/\/bauweb.hr\/index.php\/product\/wagner-h-w150-rasprsivac-boje-za-drvo-i-metal\/#primaryimage","url":"https:\/\/bauweb.hr\/wp-content\/uploads\/2023\/04\/wagner-h-w150-rasprsivac-boje-drvo-metal-slika-191769117.jpeg","contentUrl":"https:\/\/bauweb.hr\/wp-content\/uploads\/2023\/04\/wagner-h-w150-rasprsivac-boje-drvo-metal-slika-191769117.jpeg","width":690,"height":690},{"@type":"BreadcrumbList","@id":"https:\/\/bauweb.hr\/index.php\/product\/wagner-h-w150-rasprsivac-boje-za-drvo-i-metal\/#breadcrumb","itemListElement":[{"@type":"ListItem","position":1,"name":"Po\u010detna stranica","item":"https:\/\/bauweb.hr\/"},{"@type":"ListItem","position":2,"name":"Shop","item":"https:\/\/bauweb.hr\/index.php\/shop-wooshop-v1\/"},{"@type":"ListItem","position":3,"name":"Wagner W150 raspr\u0161iva\u010d boje za drvo i metal"}]},{"@type":"WebSite","@id":"https:\/\/bauweb.hr\/#website","url":"https:\/\/bauweb.hr\/","name":"BauWeb","description":"Za prave majstore","publisher":{"@id":"https:\/\/bauweb.hr\/#organization"},"alternateName":"BauWeb","potentialAction":[{"@type":"SearchAction","target":{"@type":"EntryPoint","urlTemplate":"https:\/\/bauweb.hr\/?s={search_term_string}"},"query-input":{"@type":"PropertyValueSpecification","valueRequired":true,"valueName":"search_term_string"}}],"inLanguage":"hr"},{"@type":"Organization","@id":"https:\/\/bauweb.hr\/#organization","name":"Hobi dom d.o.o.","url":"https:\/\/bauweb.hr\/","logo":{"@type":"ImageObject","inLanguage":"hr","@id":"https:\/\/bauweb.hr\/#\/schema\/logo\/image\/","url":"https:\/\/bauweb.hr\/wp-content\/uploads\/2023\/01\/Bauweb_logo-01.png","contentUrl":"https:\/\/bauweb.hr\/wp-content\/uploads\/2023\/01\/Bauweb_logo-01.png","width":842,"height":596,"caption":"Hobi dom d.o.o."},"image":{"@id":"https:\/\/bauweb.hr\/#\/schema\/logo\/image\/"},"sameAs":["https:\/\/facebook.com\/bauweb00","https:\/\/instagram.com\/bauweb_shop"]}]}},"_links":{"self":[{"href":"https:\/\/bauweb.hr\/index.php\/wp-json\/wp\/v2\/product\/18147","targetHints":{"allow":["GET"]}}],"collection":[{"href":"https:\/\/bauweb.hr\/index.php\/wp-json\/wp\/v2\/product"}],"about":[{"href":"https:\/\/bauweb.hr\/index.php\/wp-json\/wp\/v2\/types\/product"}],"replies":[{"embeddable":true,"href":"https:\/\/bauweb.hr\/index.php\/wp-json\/wp\/v2\/comments?post=18147"}],"wp:featuredmedia":[{"embeddable":true,"href":"https:\/\/bauweb.hr\/index.php\/wp-json\/wp\/v2\/media\/18148"}],"wp:attachment":[{"href":"https:\/\/bauweb.hr\/index.php\/wp-json\/wp\/v2\/media?parent=18147"}],"wp:term":[{"taxonomy":"product_brand","embeddable":true,"href":"https:\/\/bauweb.hr\/index.php\/wp-json\/wp\/v2\/product_brand?post=18147"},{"taxonomy":"product_cat","embeddable":true,"href":"https:\/\/bauweb.hr\/index.php\/wp-json\/wp\/v2\/product_cat?post=18147"},{"taxonomy":"product_tag","embeddable":true,"href":"https:\/\/bauweb.hr\/index.php\/wp-json\/wp\/v2\/product_tag?post=18147"}],"curies":[{"name":"wp","href":"https:\/\/api.w.org\/{rel}","templated":true}]}}