{"id":18259,"date":"2023-04-26T13:32:49","date_gmt":"2023-04-26T11:32:49","guid":{"rendered":"https:\/\/bauweb.hr\/?post_type=product&#038;p=18259"},"modified":"2025-01-10T12:12:40","modified_gmt":"2025-01-10T11:12:40","slug":"praktik-krizni-laserski-nivelir-ptq085","status":"publish","type":"product","link":"https:\/\/bauweb.hr\/index.php\/product\/praktik-krizni-laserski-nivelir-ptq085\/","title":{"rendered":"PRAKTIK KRI\u017dNI LASERSKI NIVELIR PTQ085"},"content":{"rendered":"<p>Lako i jasno vidljive projicirane linije crvenih okomitih i vodoravnih linija na ravne povr\u0161ine, korisnicima omogu\u0107uju brzo i jednostavno odre\u0111ivanje niveliranih linija. U opremi je i teleskopski stalak raspona visine od 475 \u2013 1240 mm. Ure\u0111aj se isporu\u010duje u transportnom koferu koji ujedno slu\u017ei za za\u0161titu i \u010duvanje ure\u0111aja.<\/p>\n<p>Garancija 4 godine!<\/p>\n<p>TEHNI\u010cKE KARAKTERISTIKE:<\/p>\n<p>VALNA DU\u017dINA LASERA: 650 nm<br \/>\nSNAGA LASERA: 1 mW<br \/>\nDOSEG SAMONIVELIRANJA: \u00b16\u00b0<br \/>\nBRZINA SAMONIVELIRANJA: \u22647s<br \/>\nKLASA LASERA: II<br \/>\nRADNA UDALJENOST: \u226410m<br \/>\nKUT \u0160IRENJA: \u226490\u00b0<br \/>\nHORIZONTALNA TO\u010cNOST: \u00b12mm\/m<br \/>\nVERTIKALNA TO\u010cNOST: \u00b12mm\/m<br \/>\nNAPAJANJE: 2 x AA BATERIJE 1,5V<\/p>\n","protected":false},"excerpt":{"rendered":"<p>Kri\u017eno linijski laser je idealan za DIY projekte i poslove prilikom ure\u0111enja interijera, adaptacija u ku\u0107i ili poslovno \u2013 stambenim prostorima, poput niveliranje police, zidnih elemenata, monta\u017ee kanalica, slika, vje\u0161anje ormari\u0107a ili postavljanje profila za gips plo\u010da.<\/p>\n<p>Potvrdili majstori!<\/p>\n","protected":false},"featured_media":18260,"comment_status":"open","ping_status":"closed","template":"","meta":[],"product_brand":[112],"product_cat":[110,252],"product_tag":[],"class_list":{"0":"post-18259","1":"product","2":"type-product","3":"status-publish","4":"has-post-thumbnail","6":"product_brand-praktik","7":"product_cat-alati-pribor","8":"product_cat-laseri","10":"first","11":"instock","12":"shipping-taxable","13":"purchasable","14":"product-type-simple"},"yoast_head":"<!-- This site is optimized with the Yoast SEO plugin v27.2 - https:\/\/yoast.com\/product\/yoast-seo-wordpress\/ -->\n<title>PRAKTIK KRI\u017dNI LASERSKI NIVELIR PTQ085 - BauWeb<\/title>\n<meta name=\"description\" content=\"Potra\u017eite \u0161iroki izbor alata i materijala za profesionalne gra\u0111evinske radove. Istra\u017ei Bauweb ponudu i kupuj uz odli\u010dne popuste.\" \/>\n<meta name=\"robots\" content=\"index, follow, max-snippet:-1, max-image-preview:large, max-video-preview:-1\" \/>\n<link rel=\"canonical\" href=\"https:\/\/bauweb.hr\/index.php\/product\/praktik-krizni-laserski-nivelir-ptq085\/\" \/>\n<meta property=\"og:locale\" content=\"hr_HR\" \/>\n<meta property=\"og:type\" content=\"article\" \/>\n<meta property=\"og:title\" content=\"PRAKTIK KRI\u017dNI LASERSKI NIVELIR PTQ085 - BauWeb\" \/>\n<meta property=\"og:description\" content=\"Potra\u017eite \u0161iroki izbor alata i materijala za profesionalne gra\u0111evinske radove. Istra\u017ei Bauweb ponudu i kupuj uz odli\u010dne popuste.\" \/>\n<meta property=\"og:url\" content=\"https:\/\/bauweb.hr\/index.php\/product\/praktik-krizni-laserski-nivelir-ptq085\/\" \/>\n<meta property=\"og:site_name\" content=\"BauWeb\" \/>\n<meta property=\"article:publisher\" content=\"https:\/\/facebook.com\/bauweb00\" \/>\n<meta property=\"article:modified_time\" content=\"2025-01-10T11:12:40+00:00\" \/>\n<meta property=\"og:image\" content=\"https:\/\/bauweb.hr\/wp-content\/uploads\/2023\/04\/praktik-krizni-laserski-nivelir-ptq085-slika-192567485.jpeg\" \/>\n\t<meta property=\"og:image:width\" content=\"690\" \/>\n\t<meta property=\"og:image:height\" content=\"690\" \/>\n\t<meta property=\"og:image:type\" content=\"image\/jpeg\" \/>\n<meta name=\"twitter:card\" content=\"summary_large_image\" \/>\n<meta name=\"twitter:label1\" content=\"Procijenjeno vrijeme \u010ditanja\" \/>\n\t<meta name=\"twitter:data1\" content=\"1 minuta\" \/>\n<script type=\"application\/ld+json\" class=\"yoast-schema-graph\">{\"@context\":\"https:\/\/schema.org\",\"@graph\":[{\"@type\":\"WebPage\",\"@id\":\"https:\/\/bauweb.hr\/index.php\/product\/praktik-krizni-laserski-nivelir-ptq085\/\",\"url\":\"https:\/\/bauweb.hr\/index.php\/product\/praktik-krizni-laserski-nivelir-ptq085\/\",\"name\":\"PRAKTIK KRI\u017dNI LASERSKI NIVELIR PTQ085 - BauWeb\",\"isPartOf\":{\"@id\":\"https:\/\/bauweb.hr\/#website\"},\"primaryImageOfPage\":{\"@id\":\"https:\/\/bauweb.hr\/index.php\/product\/praktik-krizni-laserski-nivelir-ptq085\/#primaryimage\"},\"image\":{\"@id\":\"https:\/\/bauweb.hr\/index.php\/product\/praktik-krizni-laserski-nivelir-ptq085\/#primaryimage\"},\"thumbnailUrl\":\"https:\/\/bauweb.hr\/wp-content\/uploads\/2023\/04\/praktik-krizni-laserski-nivelir-ptq085-slika-192567485.jpeg\",\"datePublished\":\"2023-04-26T11:32:49+00:00\",\"dateModified\":\"2025-01-10T11:12:40+00:00\",\"description\":\"Potra\u017eite \u0161iroki izbor alata i materijala za profesionalne gra\u0111evinske radove. Istra\u017ei Bauweb ponudu i kupuj uz odli\u010dne popuste.\",\"breadcrumb\":{\"@id\":\"https:\/\/bauweb.hr\/index.php\/product\/praktik-krizni-laserski-nivelir-ptq085\/#breadcrumb\"},\"inLanguage\":\"hr\",\"potentialAction\":[{\"@type\":\"ReadAction\",\"target\":[\"https:\/\/bauweb.hr\/index.php\/product\/praktik-krizni-laserski-nivelir-ptq085\/\"]}]},{\"@type\":\"ImageObject\",\"inLanguage\":\"hr\",\"@id\":\"https:\/\/bauweb.hr\/index.php\/product\/praktik-krizni-laserski-nivelir-ptq085\/#primaryimage\",\"url\":\"https:\/\/bauweb.hr\/wp-content\/uploads\/2023\/04\/praktik-krizni-laserski-nivelir-ptq085-slika-192567485.jpeg\",\"contentUrl\":\"https:\/\/bauweb.hr\/wp-content\/uploads\/2023\/04\/praktik-krizni-laserski-nivelir-ptq085-slika-192567485.jpeg\",\"width\":690,\"height\":690},{\"@type\":\"BreadcrumbList\",\"@id\":\"https:\/\/bauweb.hr\/index.php\/product\/praktik-krizni-laserski-nivelir-ptq085\/#breadcrumb\",\"itemListElement\":[{\"@type\":\"ListItem\",\"position\":1,\"name\":\"Po\u010detna stranica\",\"item\":\"https:\/\/bauweb.hr\/\"},{\"@type\":\"ListItem\",\"position\":2,\"name\":\"Shop\",\"item\":\"https:\/\/bauweb.hr\/index.php\/shop-wooshop-v1\/\"},{\"@type\":\"ListItem\",\"position\":3,\"name\":\"PRAKTIK KRI\u017dNI LASERSKI NIVELIR PTQ085\"}]},{\"@type\":\"WebSite\",\"@id\":\"https:\/\/bauweb.hr\/#website\",\"url\":\"https:\/\/bauweb.hr\/\",\"name\":\"BauWeb\",\"description\":\"Za prave majstore\",\"publisher\":{\"@id\":\"https:\/\/bauweb.hr\/#organization\"},\"alternateName\":\"BauWeb\",\"potentialAction\":[{\"@type\":\"SearchAction\",\"target\":{\"@type\":\"EntryPoint\",\"urlTemplate\":\"https:\/\/bauweb.hr\/?s={search_term_string}\"},\"query-input\":{\"@type\":\"PropertyValueSpecification\",\"valueRequired\":true,\"valueName\":\"search_term_string\"}}],\"inLanguage\":\"hr\"},{\"@type\":\"Organization\",\"@id\":\"https:\/\/bauweb.hr\/#organization\",\"name\":\"Hobi dom d.o.o.\",\"url\":\"https:\/\/bauweb.hr\/\",\"logo\":{\"@type\":\"ImageObject\",\"inLanguage\":\"hr\",\"@id\":\"https:\/\/bauweb.hr\/#\/schema\/logo\/image\/\",\"url\":\"https:\/\/bauweb.hr\/wp-content\/uploads\/2023\/01\/Bauweb_logo-01.png\",\"contentUrl\":\"https:\/\/bauweb.hr\/wp-content\/uploads\/2023\/01\/Bauweb_logo-01.png\",\"width\":842,\"height\":596,\"caption\":\"Hobi dom d.o.o.\"},\"image\":{\"@id\":\"https:\/\/bauweb.hr\/#\/schema\/logo\/image\/\"},\"sameAs\":[\"https:\/\/facebook.com\/bauweb00\",\"https:\/\/instagram.com\/bauweb_shop\"]}]}<\/script>\n<!-- \/ Yoast SEO plugin. -->","yoast_head_json":{"title":"PRAKTIK KRI\u017dNI LASERSKI NIVELIR PTQ085 - BauWeb","description":"Potra\u017eite \u0161iroki izbor alata i materijala za profesionalne gra\u0111evinske radove. Istra\u017ei Bauweb ponudu i kupuj uz odli\u010dne popuste.","robots":{"index":"index","follow":"follow","max-snippet":"max-snippet:-1","max-image-preview":"max-image-preview:large","max-video-preview":"max-video-preview:-1"},"canonical":"https:\/\/bauweb.hr\/index.php\/product\/praktik-krizni-laserski-nivelir-ptq085\/","og_locale":"hr_HR","og_type":"article","og_title":"PRAKTIK KRI\u017dNI LASERSKI NIVELIR PTQ085 - BauWeb","og_description":"Potra\u017eite \u0161iroki izbor alata i materijala za profesionalne gra\u0111evinske radove. Istra\u017ei Bauweb ponudu i kupuj uz odli\u010dne popuste.","og_url":"https:\/\/bauweb.hr\/index.php\/product\/praktik-krizni-laserski-nivelir-ptq085\/","og_site_name":"BauWeb","article_publisher":"https:\/\/facebook.com\/bauweb00","article_modified_time":"2025-01-10T11:12:40+00:00","og_image":[{"width":690,"height":690,"url":"https:\/\/bauweb.hr\/wp-content\/uploads\/2023\/04\/praktik-krizni-laserski-nivelir-ptq085-slika-192567485.jpeg","type":"image\/jpeg"}],"twitter_card":"summary_large_image","twitter_misc":{"Procijenjeno vrijeme \u010ditanja":"1 minuta"},"schema":{"@context":"https:\/\/schema.org","@graph":[{"@type":"WebPage","@id":"https:\/\/bauweb.hr\/index.php\/product\/praktik-krizni-laserski-nivelir-ptq085\/","url":"https:\/\/bauweb.hr\/index.php\/product\/praktik-krizni-laserski-nivelir-ptq085\/","name":"PRAKTIK KRI\u017dNI LASERSKI NIVELIR PTQ085 - BauWeb","isPartOf":{"@id":"https:\/\/bauweb.hr\/#website"},"primaryImageOfPage":{"@id":"https:\/\/bauweb.hr\/index.php\/product\/praktik-krizni-laserski-nivelir-ptq085\/#primaryimage"},"image":{"@id":"https:\/\/bauweb.hr\/index.php\/product\/praktik-krizni-laserski-nivelir-ptq085\/#primaryimage"},"thumbnailUrl":"https:\/\/bauweb.hr\/wp-content\/uploads\/2023\/04\/praktik-krizni-laserski-nivelir-ptq085-slika-192567485.jpeg","datePublished":"2023-04-26T11:32:49+00:00","dateModified":"2025-01-10T11:12:40+00:00","description":"Potra\u017eite \u0161iroki izbor alata i materijala za profesionalne gra\u0111evinske radove. Istra\u017ei Bauweb ponudu i kupuj uz odli\u010dne popuste.","breadcrumb":{"@id":"https:\/\/bauweb.hr\/index.php\/product\/praktik-krizni-laserski-nivelir-ptq085\/#breadcrumb"},"inLanguage":"hr","potentialAction":[{"@type":"ReadAction","target":["https:\/\/bauweb.hr\/index.php\/product\/praktik-krizni-laserski-nivelir-ptq085\/"]}]},{"@type":"ImageObject","inLanguage":"hr","@id":"https:\/\/bauweb.hr\/index.php\/product\/praktik-krizni-laserski-nivelir-ptq085\/#primaryimage","url":"https:\/\/bauweb.hr\/wp-content\/uploads\/2023\/04\/praktik-krizni-laserski-nivelir-ptq085-slika-192567485.jpeg","contentUrl":"https:\/\/bauweb.hr\/wp-content\/uploads\/2023\/04\/praktik-krizni-laserski-nivelir-ptq085-slika-192567485.jpeg","width":690,"height":690},{"@type":"BreadcrumbList","@id":"https:\/\/bauweb.hr\/index.php\/product\/praktik-krizni-laserski-nivelir-ptq085\/#breadcrumb","itemListElement":[{"@type":"ListItem","position":1,"name":"Po\u010detna stranica","item":"https:\/\/bauweb.hr\/"},{"@type":"ListItem","position":2,"name":"Shop","item":"https:\/\/bauweb.hr\/index.php\/shop-wooshop-v1\/"},{"@type":"ListItem","position":3,"name":"PRAKTIK KRI\u017dNI LASERSKI NIVELIR PTQ085"}]},{"@type":"WebSite","@id":"https:\/\/bauweb.hr\/#website","url":"https:\/\/bauweb.hr\/","name":"BauWeb","description":"Za prave majstore","publisher":{"@id":"https:\/\/bauweb.hr\/#organization"},"alternateName":"BauWeb","potentialAction":[{"@type":"SearchAction","target":{"@type":"EntryPoint","urlTemplate":"https:\/\/bauweb.hr\/?s={search_term_string}"},"query-input":{"@type":"PropertyValueSpecification","valueRequired":true,"valueName":"search_term_string"}}],"inLanguage":"hr"},{"@type":"Organization","@id":"https:\/\/bauweb.hr\/#organization","name":"Hobi dom d.o.o.","url":"https:\/\/bauweb.hr\/","logo":{"@type":"ImageObject","inLanguage":"hr","@id":"https:\/\/bauweb.hr\/#\/schema\/logo\/image\/","url":"https:\/\/bauweb.hr\/wp-content\/uploads\/2023\/01\/Bauweb_logo-01.png","contentUrl":"https:\/\/bauweb.hr\/wp-content\/uploads\/2023\/01\/Bauweb_logo-01.png","width":842,"height":596,"caption":"Hobi dom d.o.o."},"image":{"@id":"https:\/\/bauweb.hr\/#\/schema\/logo\/image\/"},"sameAs":["https:\/\/facebook.com\/bauweb00","https:\/\/instagram.com\/bauweb_shop"]}]}},"_links":{"self":[{"href":"https:\/\/bauweb.hr\/index.php\/wp-json\/wp\/v2\/product\/18259","targetHints":{"allow":["GET"]}}],"collection":[{"href":"https:\/\/bauweb.hr\/index.php\/wp-json\/wp\/v2\/product"}],"about":[{"href":"https:\/\/bauweb.hr\/index.php\/wp-json\/wp\/v2\/types\/product"}],"replies":[{"embeddable":true,"href":"https:\/\/bauweb.hr\/index.php\/wp-json\/wp\/v2\/comments?post=18259"}],"wp:featuredmedia":[{"embeddable":true,"href":"https:\/\/bauweb.hr\/index.php\/wp-json\/wp\/v2\/media\/18260"}],"wp:attachment":[{"href":"https:\/\/bauweb.hr\/index.php\/wp-json\/wp\/v2\/media?parent=18259"}],"wp:term":[{"taxonomy":"product_brand","embeddable":true,"href":"https:\/\/bauweb.hr\/index.php\/wp-json\/wp\/v2\/product_brand?post=18259"},{"taxonomy":"product_cat","embeddable":true,"href":"https:\/\/bauweb.hr\/index.php\/wp-json\/wp\/v2\/product_cat?post=18259"},{"taxonomy":"product_tag","embeddable":true,"href":"https:\/\/bauweb.hr\/index.php\/wp-json\/wp\/v2\/product_tag?post=18259"}],"curies":[{"name":"wp","href":"https:\/\/api.w.org\/{rel}","templated":true}]}}