{"id":18582,"date":"2023-05-15T20:53:01","date_gmt":"2023-05-15T18:53:01","guid":{"rendered":"https:\/\/bauweb.hr\/?post_type=product&#038;p=18582"},"modified":"2025-01-25T15:54:58","modified_gmt":"2025-01-25T14:54:58","slug":"maxidecor-glamour","status":"publish","type":"product","link":"https:\/\/bauweb.hr\/index.php\/product\/maxidecor-glamour\/","title":{"rendered":"MAXIDECOR\u00ae Glamour"},"content":{"rendered":"<p>MAXIDECOR Glamour je vodoperivi premaz, dobre paropropusnosti, ne\u0161kodljiv za \u010dovjeka i okolinu, jednostavan za nano\u0161enje. Namijenjen je za za\u0161titu i<br \/>\ndekoraciju unutarnjih zidnih povr\u0161ina, kod kojih je potrebno posti\u0107i elegantan i moderan efekt.<br \/>\nMo\u017ee se tonirati na MAXIMIX sistemu prema ton karti MAXIDECOR Glamour.<\/p>\n<p>KAKO SE UPOTREBLJAVA<br \/>\nPovr\u0161ina mora biti: suha, nosivo sposobna, \u010dista i bez slabo vezanih dijelova, pra\u0161ine, vodotopivih soli, masti i ostalih ne\u010disto\u0107a. Staru boju koja nije dobro vezana, mehani\u010dki odstraniti. Neravne povr\u0161ine izravnati akrilnom masom za gletanje GLETOLIN G. Potom, na povr\u0161inu nanijeti ULTRADIS toniran u pribli\u017enoj nijansi zavr\u0161nog materijala, a sve prema uputstvu proizvo\u0111a\u010da. Nakon su\u0161enja ULTRADIS-a, nanositi<br \/>\nMAXIDECOR Glamour koji se isporu\u010duje pripremljen za upotrebu, samo ga treba ru\u010dno razmije\u0161ati do homogenizacije. MAXIDECOR Glamour toniran na MAXIMIX sistemu i MAXIDECOR Glamour razli\u010ditih \u0161ar\u017ei i datuma proizvodnje obavezno homogenizirati! Materijal u manjim koli\u010dinama postupno nanositi u jednom sloju, pokretima \u010detke u svim pravcima, na povr\u0161ini od 1-2m\u00b2. Pri optimalnim uvjetima, 5 do 10 minuta nakon nano\u0161enja, ponovo prije\u0107i suhom \u010detkom preko nanijetog materijala, kako bi postigli kona\u010dni izgled.<\/p>\n<p>Radna temperatura: Optimalna radna temperatura je od +10\u00b0C do +25\u00b0C. Ne smije se koristiti ispod +5\u00b0C.<\/p>\n<p>Potro\u0161nja: 9-11m\u00b2\/l, ovisno o hrapavosti i upojnosti podloge, tehnici i na\u010dinu nano\u0161enja.<\/p>\n","protected":false},"excerpt":{"rendered":"<p>MAXIDECOR Glamour je metalik boja vrhunske kvalitete, izra\u0111ena na bazi vodene disperzije akrilnog veziva, punila, specijalnih aditiva i efektnih pigmenata.<\/p>\n<p>Potvrdili majstori!<\/p>\n","protected":false},"featured_media":18583,"comment_status":"open","ping_status":"closed","template":"","meta":[],"product_brand":[153],"product_cat":[154,122],"product_tag":[],"class_list":{"0":"post-18582","1":"product","2":"type-product","3":"status-publish","4":"has-post-thumbnail","6":"product_brand-maxima","7":"product_cat-dekorativne-tehnike","8":"product_cat-proizvodi-mjeseca","10":"first","11":"instock","12":"shipping-taxable","13":"purchasable","14":"product-type-variable"},"yoast_head":"<!-- This site is optimized with the Yoast SEO plugin v27.2 - https:\/\/yoast.com\/product\/yoast-seo-wordpress\/ -->\n<title>MAXIDECOR\u00ae Glamour - BauWeb<\/title>\n<meta name=\"description\" content=\"Potra\u017eite \u0161iroki izbor alata i materijala za profesionalne gra\u0111evinske radove. Istra\u017ei Bauweb ponudu i kupuj uz odli\u010dne popuste.\" \/>\n<meta name=\"robots\" content=\"index, follow, max-snippet:-1, max-image-preview:large, max-video-preview:-1\" \/>\n<link rel=\"canonical\" href=\"https:\/\/bauweb.hr\/index.php\/product\/maxidecor-glamour\/\" \/>\n<meta property=\"og:locale\" content=\"hr_HR\" \/>\n<meta property=\"og:type\" content=\"article\" \/>\n<meta property=\"og:title\" content=\"MAXIDECOR\u00ae Glamour - BauWeb\" \/>\n<meta property=\"og:description\" content=\"Potra\u017eite \u0161iroki izbor alata i materijala za profesionalne gra\u0111evinske radove. Istra\u017ei Bauweb ponudu i kupuj uz odli\u010dne popuste.\" \/>\n<meta property=\"og:url\" content=\"https:\/\/bauweb.hr\/index.php\/product\/maxidecor-glamour\/\" \/>\n<meta property=\"og:site_name\" content=\"BauWeb\" \/>\n<meta property=\"article:publisher\" content=\"https:\/\/facebook.com\/bauweb00\" \/>\n<meta property=\"article:modified_time\" content=\"2025-01-25T14:54:58+00:00\" \/>\n<meta property=\"og:image\" content=\"https:\/\/bauweb.hr\/wp-content\/uploads\/2023\/05\/maxidecor-glamour-slika-194265483.jpeg\" \/>\n\t<meta property=\"og:image:width\" content=\"690\" \/>\n\t<meta property=\"og:image:height\" content=\"690\" \/>\n\t<meta property=\"og:image:type\" content=\"image\/jpeg\" \/>\n<meta name=\"twitter:card\" content=\"summary_large_image\" \/>\n<meta name=\"twitter:label1\" content=\"Procijenjeno vrijeme \u010ditanja\" \/>\n\t<meta name=\"twitter:data1\" content=\"2 minute\" \/>\n<script type=\"application\/ld+json\" class=\"yoast-schema-graph\">{\"@context\":\"https:\/\/schema.org\",\"@graph\":[{\"@type\":\"WebPage\",\"@id\":\"https:\/\/bauweb.hr\/index.php\/product\/maxidecor-glamour\/\",\"url\":\"https:\/\/bauweb.hr\/index.php\/product\/maxidecor-glamour\/\",\"name\":\"MAXIDECOR\u00ae Glamour - BauWeb\",\"isPartOf\":{\"@id\":\"https:\/\/bauweb.hr\/#website\"},\"primaryImageOfPage\":{\"@id\":\"https:\/\/bauweb.hr\/index.php\/product\/maxidecor-glamour\/#primaryimage\"},\"image\":{\"@id\":\"https:\/\/bauweb.hr\/index.php\/product\/maxidecor-glamour\/#primaryimage\"},\"thumbnailUrl\":\"https:\/\/bauweb.hr\/wp-content\/uploads\/2023\/05\/maxidecor-glamour-slika-194265483.jpeg\",\"datePublished\":\"2023-05-15T18:53:01+00:00\",\"dateModified\":\"2025-01-25T14:54:58+00:00\",\"description\":\"Potra\u017eite \u0161iroki izbor alata i materijala za profesionalne gra\u0111evinske radove. Istra\u017ei Bauweb ponudu i kupuj uz odli\u010dne popuste.\",\"breadcrumb\":{\"@id\":\"https:\/\/bauweb.hr\/index.php\/product\/maxidecor-glamour\/#breadcrumb\"},\"inLanguage\":\"hr\",\"potentialAction\":[{\"@type\":\"ReadAction\",\"target\":[\"https:\/\/bauweb.hr\/index.php\/product\/maxidecor-glamour\/\"]}]},{\"@type\":\"ImageObject\",\"inLanguage\":\"hr\",\"@id\":\"https:\/\/bauweb.hr\/index.php\/product\/maxidecor-glamour\/#primaryimage\",\"url\":\"https:\/\/bauweb.hr\/wp-content\/uploads\/2023\/05\/maxidecor-glamour-slika-194265483.jpeg\",\"contentUrl\":\"https:\/\/bauweb.hr\/wp-content\/uploads\/2023\/05\/maxidecor-glamour-slika-194265483.jpeg\",\"width\":690,\"height\":690},{\"@type\":\"BreadcrumbList\",\"@id\":\"https:\/\/bauweb.hr\/index.php\/product\/maxidecor-glamour\/#breadcrumb\",\"itemListElement\":[{\"@type\":\"ListItem\",\"position\":1,\"name\":\"Po\u010detna stranica\",\"item\":\"https:\/\/bauweb.hr\/\"},{\"@type\":\"ListItem\",\"position\":2,\"name\":\"Shop\",\"item\":\"https:\/\/bauweb.hr\/index.php\/shop-wooshop-v1\/\"},{\"@type\":\"ListItem\",\"position\":3,\"name\":\"MAXIDECOR\u00ae Glamour\"}]},{\"@type\":\"WebSite\",\"@id\":\"https:\/\/bauweb.hr\/#website\",\"url\":\"https:\/\/bauweb.hr\/\",\"name\":\"BauWeb\",\"description\":\"Za prave majstore\",\"publisher\":{\"@id\":\"https:\/\/bauweb.hr\/#organization\"},\"alternateName\":\"BauWeb\",\"potentialAction\":[{\"@type\":\"SearchAction\",\"target\":{\"@type\":\"EntryPoint\",\"urlTemplate\":\"https:\/\/bauweb.hr\/?s={search_term_string}\"},\"query-input\":{\"@type\":\"PropertyValueSpecification\",\"valueRequired\":true,\"valueName\":\"search_term_string\"}}],\"inLanguage\":\"hr\"},{\"@type\":\"Organization\",\"@id\":\"https:\/\/bauweb.hr\/#organization\",\"name\":\"Hobi dom d.o.o.\",\"url\":\"https:\/\/bauweb.hr\/\",\"logo\":{\"@type\":\"ImageObject\",\"inLanguage\":\"hr\",\"@id\":\"https:\/\/bauweb.hr\/#\/schema\/logo\/image\/\",\"url\":\"https:\/\/bauweb.hr\/wp-content\/uploads\/2023\/01\/Bauweb_logo-01.png\",\"contentUrl\":\"https:\/\/bauweb.hr\/wp-content\/uploads\/2023\/01\/Bauweb_logo-01.png\",\"width\":842,\"height\":596,\"caption\":\"Hobi dom d.o.o.\"},\"image\":{\"@id\":\"https:\/\/bauweb.hr\/#\/schema\/logo\/image\/\"},\"sameAs\":[\"https:\/\/facebook.com\/bauweb00\",\"https:\/\/instagram.com\/bauweb_shop\"]}]}<\/script>\n<!-- \/ Yoast SEO plugin. -->","yoast_head_json":{"title":"MAXIDECOR\u00ae Glamour - BauWeb","description":"Potra\u017eite \u0161iroki izbor alata i materijala za profesionalne gra\u0111evinske radove. Istra\u017ei Bauweb ponudu i kupuj uz odli\u010dne popuste.","robots":{"index":"index","follow":"follow","max-snippet":"max-snippet:-1","max-image-preview":"max-image-preview:large","max-video-preview":"max-video-preview:-1"},"canonical":"https:\/\/bauweb.hr\/index.php\/product\/maxidecor-glamour\/","og_locale":"hr_HR","og_type":"article","og_title":"MAXIDECOR\u00ae Glamour - BauWeb","og_description":"Potra\u017eite \u0161iroki izbor alata i materijala za profesionalne gra\u0111evinske radove. Istra\u017ei Bauweb ponudu i kupuj uz odli\u010dne popuste.","og_url":"https:\/\/bauweb.hr\/index.php\/product\/maxidecor-glamour\/","og_site_name":"BauWeb","article_publisher":"https:\/\/facebook.com\/bauweb00","article_modified_time":"2025-01-25T14:54:58+00:00","og_image":[{"width":690,"height":690,"url":"https:\/\/bauweb.hr\/wp-content\/uploads\/2023\/05\/maxidecor-glamour-slika-194265483.jpeg","type":"image\/jpeg"}],"twitter_card":"summary_large_image","twitter_misc":{"Procijenjeno vrijeme \u010ditanja":"2 minute"},"schema":{"@context":"https:\/\/schema.org","@graph":[{"@type":"WebPage","@id":"https:\/\/bauweb.hr\/index.php\/product\/maxidecor-glamour\/","url":"https:\/\/bauweb.hr\/index.php\/product\/maxidecor-glamour\/","name":"MAXIDECOR\u00ae Glamour - BauWeb","isPartOf":{"@id":"https:\/\/bauweb.hr\/#website"},"primaryImageOfPage":{"@id":"https:\/\/bauweb.hr\/index.php\/product\/maxidecor-glamour\/#primaryimage"},"image":{"@id":"https:\/\/bauweb.hr\/index.php\/product\/maxidecor-glamour\/#primaryimage"},"thumbnailUrl":"https:\/\/bauweb.hr\/wp-content\/uploads\/2023\/05\/maxidecor-glamour-slika-194265483.jpeg","datePublished":"2023-05-15T18:53:01+00:00","dateModified":"2025-01-25T14:54:58+00:00","description":"Potra\u017eite \u0161iroki izbor alata i materijala za profesionalne gra\u0111evinske radove. Istra\u017ei Bauweb ponudu i kupuj uz odli\u010dne popuste.","breadcrumb":{"@id":"https:\/\/bauweb.hr\/index.php\/product\/maxidecor-glamour\/#breadcrumb"},"inLanguage":"hr","potentialAction":[{"@type":"ReadAction","target":["https:\/\/bauweb.hr\/index.php\/product\/maxidecor-glamour\/"]}]},{"@type":"ImageObject","inLanguage":"hr","@id":"https:\/\/bauweb.hr\/index.php\/product\/maxidecor-glamour\/#primaryimage","url":"https:\/\/bauweb.hr\/wp-content\/uploads\/2023\/05\/maxidecor-glamour-slika-194265483.jpeg","contentUrl":"https:\/\/bauweb.hr\/wp-content\/uploads\/2023\/05\/maxidecor-glamour-slika-194265483.jpeg","width":690,"height":690},{"@type":"BreadcrumbList","@id":"https:\/\/bauweb.hr\/index.php\/product\/maxidecor-glamour\/#breadcrumb","itemListElement":[{"@type":"ListItem","position":1,"name":"Po\u010detna stranica","item":"https:\/\/bauweb.hr\/"},{"@type":"ListItem","position":2,"name":"Shop","item":"https:\/\/bauweb.hr\/index.php\/shop-wooshop-v1\/"},{"@type":"ListItem","position":3,"name":"MAXIDECOR\u00ae Glamour"}]},{"@type":"WebSite","@id":"https:\/\/bauweb.hr\/#website","url":"https:\/\/bauweb.hr\/","name":"BauWeb","description":"Za prave majstore","publisher":{"@id":"https:\/\/bauweb.hr\/#organization"},"alternateName":"BauWeb","potentialAction":[{"@type":"SearchAction","target":{"@type":"EntryPoint","urlTemplate":"https:\/\/bauweb.hr\/?s={search_term_string}"},"query-input":{"@type":"PropertyValueSpecification","valueRequired":true,"valueName":"search_term_string"}}],"inLanguage":"hr"},{"@type":"Organization","@id":"https:\/\/bauweb.hr\/#organization","name":"Hobi dom d.o.o.","url":"https:\/\/bauweb.hr\/","logo":{"@type":"ImageObject","inLanguage":"hr","@id":"https:\/\/bauweb.hr\/#\/schema\/logo\/image\/","url":"https:\/\/bauweb.hr\/wp-content\/uploads\/2023\/01\/Bauweb_logo-01.png","contentUrl":"https:\/\/bauweb.hr\/wp-content\/uploads\/2023\/01\/Bauweb_logo-01.png","width":842,"height":596,"caption":"Hobi dom d.o.o."},"image":{"@id":"https:\/\/bauweb.hr\/#\/schema\/logo\/image\/"},"sameAs":["https:\/\/facebook.com\/bauweb00","https:\/\/instagram.com\/bauweb_shop"]}]}},"_links":{"self":[{"href":"https:\/\/bauweb.hr\/index.php\/wp-json\/wp\/v2\/product\/18582","targetHints":{"allow":["GET"]}}],"collection":[{"href":"https:\/\/bauweb.hr\/index.php\/wp-json\/wp\/v2\/product"}],"about":[{"href":"https:\/\/bauweb.hr\/index.php\/wp-json\/wp\/v2\/types\/product"}],"replies":[{"embeddable":true,"href":"https:\/\/bauweb.hr\/index.php\/wp-json\/wp\/v2\/comments?post=18582"}],"wp:featuredmedia":[{"embeddable":true,"href":"https:\/\/bauweb.hr\/index.php\/wp-json\/wp\/v2\/media\/18583"}],"wp:attachment":[{"href":"https:\/\/bauweb.hr\/index.php\/wp-json\/wp\/v2\/media?parent=18582"}],"wp:term":[{"taxonomy":"product_brand","embeddable":true,"href":"https:\/\/bauweb.hr\/index.php\/wp-json\/wp\/v2\/product_brand?post=18582"},{"taxonomy":"product_cat","embeddable":true,"href":"https:\/\/bauweb.hr\/index.php\/wp-json\/wp\/v2\/product_cat?post=18582"},{"taxonomy":"product_tag","embeddable":true,"href":"https:\/\/bauweb.hr\/index.php\/wp-json\/wp\/v2\/product_tag?post=18582"}],"curies":[{"name":"wp","href":"https:\/\/api.w.org\/{rel}","templated":true}]}}