{"id":18648,"date":"2023-06-06T21:19:58","date_gmt":"2023-06-06T19:19:58","guid":{"rendered":"https:\/\/bauweb.hr\/?post_type=product&#038;p=18648"},"modified":"2025-05-06T12:49:53","modified_gmt":"2025-05-06T10:49:53","slug":"punjac-dedra-sasall-ded7038","status":"publish","type":"product","link":"https:\/\/bauweb.hr\/index.php\/product\/punjac-dedra-sasall-ded7038\/","title":{"rendered":"Punja\u010d DEDRA SAS+ALL DED7038"},"content":{"rendered":"<h4>Punja\u010d DEDRA SAS+ALL DED7038<\/h4>\n<p>Baterija od 2,0 Ah mo\u017ee se napuniti za 1 sat, baterija od 4,0 Ah za 2 sata i baterija od 5,0 Ah za 2 sata i 20 minuta.<br \/>\nPunja\u010d je opremljen s dvije LED diode: jedna za indikaciju da je baterija spojena na mre\u017eu, a druga za indikaciju da je baterija napunjena.<\/p>\n<p><strong>Zna\u010dajke:<\/strong><br \/>\n-liod koji pokazuje ukupnu napunjenost baterije<br \/>\n-Indikator napunjenosti baterije<br \/>\n<strong>Vremena u\u010ditavanja:<\/strong><br \/>\n-2,0 Ah &#8211; DED7032: 60 min<br \/>\n-4,0 Ah &#8211; DED7034: 120 min<br \/>\n-5,0 Ah &#8211; DED7035: 140 min<br \/>\n-6,0 Ah &#8211; DED6936: 170 min<br \/>\n-8,0 Ah &#8211; DED6937: 250 min<\/p>\n<p><strong>Tehni\u010dki podaci:<br \/>\n<\/strong>-Napon-20V<br \/>\n-Snaga-60 W<br \/>\n-Te\u017eina-0,5kg<\/p>\n","protected":false},"excerpt":{"rendered":"<h4>Punja\u010d DEDRA SAS+ALL DED7038<\/h4>\n<p>Baterija od 2,0 Ah mo\u017ee se napuniti za 1 sat, baterija od 4,0 Ah za 2 sata i baterija od 5,0 Ah za 2 sata i 20 minuta.<br \/>\nPunja\u010d je opremljen s dvije LED diode: jedna za indikaciju da je baterija spojena na mre\u017eu, a druga za indikaciju da je baterija napunjena.<\/p>\n<p><strong>Zna\u010dajke:<\/strong><br \/>\n-liod koji pokazuje ukupnu napunjenost baterije<br \/>\n-Indikator napunjenosti baterije<br \/>\n<strong>Vremena u\u010ditavanja:<\/strong><br \/>\n-2,0 Ah &#8211; DED7032: 60 min<br \/>\n-4,0 Ah &#8211; DED7034: 120 min<br \/>\n-5,0 Ah &#8211; DED7035: 140 min<br \/>\n-6,0 Ah &#8211; DED6936: 170 min<br \/>\n-8,0 Ah &#8211; DED6937: 250 min<\/p>\n<p><strong>Tehni\u010dki podaci:<br \/>\n<\/strong>-Napon-20V<br \/>\n-Snaga-60 W<br \/>\n-Te\u017eina-0,5kg<\/p>\n<p>Ovaj proizvod namijenjen je punjenju baterija iz linije SAS+ALL (DED7032, DED7034, DED7035, DED6936, DED6937).<\/p>\n<p>Potvrdili majstori!<\/p>\n","protected":false},"featured_media":18649,"comment_status":"open","ping_status":"closed","template":"","meta":[],"product_brand":[350],"product_cat":[110,136],"product_tag":[],"class_list":{"0":"post-18648","1":"product","2":"type-product","3":"status-publish","4":"has-post-thumbnail","6":"product_brand-dedra","7":"product_cat-alati-pribor","8":"product_cat-punjaci-baterija","10":"first","11":"instock","12":"shipping-taxable","13":"purchasable","14":"product-type-simple"},"yoast_head":"<!-- This site is optimized with the Yoast SEO plugin v27.2 - https:\/\/yoast.com\/product\/yoast-seo-wordpress\/ -->\n<title>Punja\u010d DEDRA SAS+ALL DED7038 - BauWeb<\/title>\n<meta name=\"description\" content=\"Potra\u017eite \u0161iroki izbor alata i materijala za profesionalne gra\u0111evinske radove. Istra\u017ei Bauweb ponudu i kupuj uz odli\u010dne popuste.\" \/>\n<meta name=\"robots\" content=\"index, follow, max-snippet:-1, max-image-preview:large, max-video-preview:-1\" \/>\n<link rel=\"canonical\" href=\"https:\/\/bauweb.hr\/index.php\/product\/punjac-dedra-sasall-ded7038\/\" \/>\n<meta property=\"og:locale\" content=\"hr_HR\" \/>\n<meta property=\"og:type\" content=\"article\" \/>\n<meta property=\"og:title\" content=\"Punja\u010d DEDRA SAS+ALL DED7038 - BauWeb\" \/>\n<meta property=\"og:description\" content=\"Potra\u017eite \u0161iroki izbor alata i materijala za profesionalne gra\u0111evinske radove. Istra\u017ei Bauweb ponudu i kupuj uz odli\u010dne popuste.\" \/>\n<meta property=\"og:url\" content=\"https:\/\/bauweb.hr\/index.php\/product\/punjac-dedra-sasall-ded7038\/\" \/>\n<meta property=\"og:site_name\" content=\"BauWeb\" \/>\n<meta property=\"article:publisher\" content=\"https:\/\/facebook.com\/bauweb00\" \/>\n<meta property=\"article:modified_time\" content=\"2025-05-06T10:49:53+00:00\" \/>\n<meta property=\"og:image\" content=\"https:\/\/bauweb.hr\/wp-content\/uploads\/2023\/06\/punjac-dedra-sas-all-ded7038-slika-195627420.jpeg\" \/>\n\t<meta property=\"og:image:width\" content=\"690\" \/>\n\t<meta property=\"og:image:height\" content=\"690\" \/>\n\t<meta property=\"og:image:type\" content=\"image\/jpeg\" \/>\n<meta name=\"twitter:card\" content=\"summary_large_image\" \/>\n<meta name=\"twitter:label1\" content=\"Procijenjeno vrijeme \u010ditanja\" \/>\n\t<meta name=\"twitter:data1\" content=\"1 minuta\" \/>\n<script type=\"application\/ld+json\" class=\"yoast-schema-graph\">{\"@context\":\"https:\/\/schema.org\",\"@graph\":[{\"@type\":\"WebPage\",\"@id\":\"https:\/\/bauweb.hr\/index.php\/product\/punjac-dedra-sasall-ded7038\/\",\"url\":\"https:\/\/bauweb.hr\/index.php\/product\/punjac-dedra-sasall-ded7038\/\",\"name\":\"Punja\u010d DEDRA SAS+ALL DED7038 - BauWeb\",\"isPartOf\":{\"@id\":\"https:\/\/bauweb.hr\/#website\"},\"primaryImageOfPage\":{\"@id\":\"https:\/\/bauweb.hr\/index.php\/product\/punjac-dedra-sasall-ded7038\/#primaryimage\"},\"image\":{\"@id\":\"https:\/\/bauweb.hr\/index.php\/product\/punjac-dedra-sasall-ded7038\/#primaryimage\"},\"thumbnailUrl\":\"https:\/\/bauweb.hr\/wp-content\/uploads\/2023\/06\/punjac-dedra-sas-all-ded7038-slika-195627420.jpeg\",\"datePublished\":\"2023-06-06T19:19:58+00:00\",\"dateModified\":\"2025-05-06T10:49:53+00:00\",\"description\":\"Potra\u017eite \u0161iroki izbor alata i materijala za profesionalne gra\u0111evinske radove. Istra\u017ei Bauweb ponudu i kupuj uz odli\u010dne popuste.\",\"breadcrumb\":{\"@id\":\"https:\/\/bauweb.hr\/index.php\/product\/punjac-dedra-sasall-ded7038\/#breadcrumb\"},\"inLanguage\":\"hr\",\"potentialAction\":[{\"@type\":\"ReadAction\",\"target\":[\"https:\/\/bauweb.hr\/index.php\/product\/punjac-dedra-sasall-ded7038\/\"]}]},{\"@type\":\"ImageObject\",\"inLanguage\":\"hr\",\"@id\":\"https:\/\/bauweb.hr\/index.php\/product\/punjac-dedra-sasall-ded7038\/#primaryimage\",\"url\":\"https:\/\/bauweb.hr\/wp-content\/uploads\/2023\/06\/punjac-dedra-sas-all-ded7038-slika-195627420.jpeg\",\"contentUrl\":\"https:\/\/bauweb.hr\/wp-content\/uploads\/2023\/06\/punjac-dedra-sas-all-ded7038-slika-195627420.jpeg\",\"width\":690,\"height\":690},{\"@type\":\"BreadcrumbList\",\"@id\":\"https:\/\/bauweb.hr\/index.php\/product\/punjac-dedra-sasall-ded7038\/#breadcrumb\",\"itemListElement\":[{\"@type\":\"ListItem\",\"position\":1,\"name\":\"Po\u010detna stranica\",\"item\":\"https:\/\/bauweb.hr\/\"},{\"@type\":\"ListItem\",\"position\":2,\"name\":\"Shop\",\"item\":\"https:\/\/bauweb.hr\/index.php\/shop-wooshop-v1\/\"},{\"@type\":\"ListItem\",\"position\":3,\"name\":\"Punja\u010d DEDRA SAS+ALL DED7038\"}]},{\"@type\":\"WebSite\",\"@id\":\"https:\/\/bauweb.hr\/#website\",\"url\":\"https:\/\/bauweb.hr\/\",\"name\":\"BauWeb\",\"description\":\"Za prave majstore\",\"publisher\":{\"@id\":\"https:\/\/bauweb.hr\/#organization\"},\"alternateName\":\"BauWeb\",\"potentialAction\":[{\"@type\":\"SearchAction\",\"target\":{\"@type\":\"EntryPoint\",\"urlTemplate\":\"https:\/\/bauweb.hr\/?s={search_term_string}\"},\"query-input\":{\"@type\":\"PropertyValueSpecification\",\"valueRequired\":true,\"valueName\":\"search_term_string\"}}],\"inLanguage\":\"hr\"},{\"@type\":\"Organization\",\"@id\":\"https:\/\/bauweb.hr\/#organization\",\"name\":\"Hobi dom d.o.o.\",\"url\":\"https:\/\/bauweb.hr\/\",\"logo\":{\"@type\":\"ImageObject\",\"inLanguage\":\"hr\",\"@id\":\"https:\/\/bauweb.hr\/#\/schema\/logo\/image\/\",\"url\":\"https:\/\/bauweb.hr\/wp-content\/uploads\/2023\/01\/Bauweb_logo-01.png\",\"contentUrl\":\"https:\/\/bauweb.hr\/wp-content\/uploads\/2023\/01\/Bauweb_logo-01.png\",\"width\":842,\"height\":596,\"caption\":\"Hobi dom d.o.o.\"},\"image\":{\"@id\":\"https:\/\/bauweb.hr\/#\/schema\/logo\/image\/\"},\"sameAs\":[\"https:\/\/facebook.com\/bauweb00\",\"https:\/\/instagram.com\/bauweb_shop\"]}]}<\/script>\n<!-- \/ Yoast SEO plugin. -->","yoast_head_json":{"title":"Punja\u010d DEDRA SAS+ALL DED7038 - BauWeb","description":"Potra\u017eite \u0161iroki izbor alata i materijala za profesionalne gra\u0111evinske radove. Istra\u017ei Bauweb ponudu i kupuj uz odli\u010dne popuste.","robots":{"index":"index","follow":"follow","max-snippet":"max-snippet:-1","max-image-preview":"max-image-preview:large","max-video-preview":"max-video-preview:-1"},"canonical":"https:\/\/bauweb.hr\/index.php\/product\/punjac-dedra-sasall-ded7038\/","og_locale":"hr_HR","og_type":"article","og_title":"Punja\u010d DEDRA SAS+ALL DED7038 - BauWeb","og_description":"Potra\u017eite \u0161iroki izbor alata i materijala za profesionalne gra\u0111evinske radove. Istra\u017ei Bauweb ponudu i kupuj uz odli\u010dne popuste.","og_url":"https:\/\/bauweb.hr\/index.php\/product\/punjac-dedra-sasall-ded7038\/","og_site_name":"BauWeb","article_publisher":"https:\/\/facebook.com\/bauweb00","article_modified_time":"2025-05-06T10:49:53+00:00","og_image":[{"width":690,"height":690,"url":"https:\/\/bauweb.hr\/wp-content\/uploads\/2023\/06\/punjac-dedra-sas-all-ded7038-slika-195627420.jpeg","type":"image\/jpeg"}],"twitter_card":"summary_large_image","twitter_misc":{"Procijenjeno vrijeme \u010ditanja":"1 minuta"},"schema":{"@context":"https:\/\/schema.org","@graph":[{"@type":"WebPage","@id":"https:\/\/bauweb.hr\/index.php\/product\/punjac-dedra-sasall-ded7038\/","url":"https:\/\/bauweb.hr\/index.php\/product\/punjac-dedra-sasall-ded7038\/","name":"Punja\u010d DEDRA SAS+ALL DED7038 - BauWeb","isPartOf":{"@id":"https:\/\/bauweb.hr\/#website"},"primaryImageOfPage":{"@id":"https:\/\/bauweb.hr\/index.php\/product\/punjac-dedra-sasall-ded7038\/#primaryimage"},"image":{"@id":"https:\/\/bauweb.hr\/index.php\/product\/punjac-dedra-sasall-ded7038\/#primaryimage"},"thumbnailUrl":"https:\/\/bauweb.hr\/wp-content\/uploads\/2023\/06\/punjac-dedra-sas-all-ded7038-slika-195627420.jpeg","datePublished":"2023-06-06T19:19:58+00:00","dateModified":"2025-05-06T10:49:53+00:00","description":"Potra\u017eite \u0161iroki izbor alata i materijala za profesionalne gra\u0111evinske radove. Istra\u017ei Bauweb ponudu i kupuj uz odli\u010dne popuste.","breadcrumb":{"@id":"https:\/\/bauweb.hr\/index.php\/product\/punjac-dedra-sasall-ded7038\/#breadcrumb"},"inLanguage":"hr","potentialAction":[{"@type":"ReadAction","target":["https:\/\/bauweb.hr\/index.php\/product\/punjac-dedra-sasall-ded7038\/"]}]},{"@type":"ImageObject","inLanguage":"hr","@id":"https:\/\/bauweb.hr\/index.php\/product\/punjac-dedra-sasall-ded7038\/#primaryimage","url":"https:\/\/bauweb.hr\/wp-content\/uploads\/2023\/06\/punjac-dedra-sas-all-ded7038-slika-195627420.jpeg","contentUrl":"https:\/\/bauweb.hr\/wp-content\/uploads\/2023\/06\/punjac-dedra-sas-all-ded7038-slika-195627420.jpeg","width":690,"height":690},{"@type":"BreadcrumbList","@id":"https:\/\/bauweb.hr\/index.php\/product\/punjac-dedra-sasall-ded7038\/#breadcrumb","itemListElement":[{"@type":"ListItem","position":1,"name":"Po\u010detna stranica","item":"https:\/\/bauweb.hr\/"},{"@type":"ListItem","position":2,"name":"Shop","item":"https:\/\/bauweb.hr\/index.php\/shop-wooshop-v1\/"},{"@type":"ListItem","position":3,"name":"Punja\u010d DEDRA SAS+ALL DED7038"}]},{"@type":"WebSite","@id":"https:\/\/bauweb.hr\/#website","url":"https:\/\/bauweb.hr\/","name":"BauWeb","description":"Za prave majstore","publisher":{"@id":"https:\/\/bauweb.hr\/#organization"},"alternateName":"BauWeb","potentialAction":[{"@type":"SearchAction","target":{"@type":"EntryPoint","urlTemplate":"https:\/\/bauweb.hr\/?s={search_term_string}"},"query-input":{"@type":"PropertyValueSpecification","valueRequired":true,"valueName":"search_term_string"}}],"inLanguage":"hr"},{"@type":"Organization","@id":"https:\/\/bauweb.hr\/#organization","name":"Hobi dom d.o.o.","url":"https:\/\/bauweb.hr\/","logo":{"@type":"ImageObject","inLanguage":"hr","@id":"https:\/\/bauweb.hr\/#\/schema\/logo\/image\/","url":"https:\/\/bauweb.hr\/wp-content\/uploads\/2023\/01\/Bauweb_logo-01.png","contentUrl":"https:\/\/bauweb.hr\/wp-content\/uploads\/2023\/01\/Bauweb_logo-01.png","width":842,"height":596,"caption":"Hobi dom d.o.o."},"image":{"@id":"https:\/\/bauweb.hr\/#\/schema\/logo\/image\/"},"sameAs":["https:\/\/facebook.com\/bauweb00","https:\/\/instagram.com\/bauweb_shop"]}]}},"_links":{"self":[{"href":"https:\/\/bauweb.hr\/index.php\/wp-json\/wp\/v2\/product\/18648","targetHints":{"allow":["GET"]}}],"collection":[{"href":"https:\/\/bauweb.hr\/index.php\/wp-json\/wp\/v2\/product"}],"about":[{"href":"https:\/\/bauweb.hr\/index.php\/wp-json\/wp\/v2\/types\/product"}],"replies":[{"embeddable":true,"href":"https:\/\/bauweb.hr\/index.php\/wp-json\/wp\/v2\/comments?post=18648"}],"wp:featuredmedia":[{"embeddable":true,"href":"https:\/\/bauweb.hr\/index.php\/wp-json\/wp\/v2\/media\/18649"}],"wp:attachment":[{"href":"https:\/\/bauweb.hr\/index.php\/wp-json\/wp\/v2\/media?parent=18648"}],"wp:term":[{"taxonomy":"product_brand","embeddable":true,"href":"https:\/\/bauweb.hr\/index.php\/wp-json\/wp\/v2\/product_brand?post=18648"},{"taxonomy":"product_cat","embeddable":true,"href":"https:\/\/bauweb.hr\/index.php\/wp-json\/wp\/v2\/product_cat?post=18648"},{"taxonomy":"product_tag","embeddable":true,"href":"https:\/\/bauweb.hr\/index.php\/wp-json\/wp\/v2\/product_tag?post=18648"}],"curies":[{"name":"wp","href":"https:\/\/api.w.org\/{rel}","templated":true}]}}