{"id":18662,"date":"2023-06-06T21:31:45","date_gmt":"2023-06-06T19:31:45","guid":{"rendered":"https:\/\/bauweb.hr\/?post_type=product&#038;p=18662"},"modified":"2023-06-06T21:33:56","modified_gmt":"2023-06-06T19:33:56","slug":"set-svrdla-nastavci-za-odvijace-nastavci-dedra-18a11s246-246kom","status":"publish","type":"product","link":"https:\/\/bauweb.hr\/index.php\/product\/set-svrdla-nastavci-za-odvijace-nastavci-dedra-18a11s246-246kom\/","title":{"rendered":"Set svrdla, nastavci za odvija\u010de, nastavci DEDRA 18A11S246 246kom"},"content":{"rendered":"<p>Tehni\u010dki podaci:<br \/>\n-Promjeri svrdla za drvo: 13, 16, 19, 22 mm<br \/>\n-Promjeri svrdla za drvo: 3, 4, 5, 6, 7, 8, 10 mm<br \/>\n-Promjeri svrdla za metal HSS: 1, 1.5, 2, 2.5, 3, 3.2, 3.5, 4, 4.5, 4.8, 5, 5.5, 6, 6.5 mm<br \/>\n-Promjeri svrdla za metal HSS-Co: 1, 1.5, 2, 2.5, 3, 3.2, 3.5, 4, 4.5, 4.8, 5, 5.5, 6, 6.5 mm<br \/>\n-Promjeri svrdla za beton: 3, 4, 4,5, 5, 5,5, 6, 6,5, 7, 8, 9, 10 mm<br \/>\n-Nasadni odvija\u010d: 6, 7, 8, 9, 10, 11 mm<br \/>\n-Nastavci odvija\u010da kratki 25 mm: 66 kom<br \/>\n-Nastavci za odvija\u010d dugi 50 mm: 30 kom<br \/>\n-Pile za rupe za drvo: 32, 38, 45, 54 mm<\/p>\n<p>Vrsta \u010delika: CrV<\/p>\n<p>branje:<br \/>\n-\u0160ipkasta svrdla za drvo 4 kom: 13, 16, 19, 22 mm<br \/>\n-Svrdla za drvo 17 kom: 3, 4, 5, 6, 7, 8, 10 mm<br \/>\n-HSS svrdla za metal 30 kom: 1, 1.5, 2, 2.5, 3, 3.2, 3.5, 4, 4.5, 4.8, 5, 5.5, 6, 6.5 mm<br \/>\n-HSS-Co svrdla za metal 57 kom: 1, 1.5, 2, 2.5, 3, 3.2, 3.5, 4, 4.5, 4.8, 5, 5.5, 6, 6.5 mm<br \/>\n-Svrdla za beton 21 kom: 3, 4, 4.5, 5, 5.5, 6, 6.5, 7, 8, 9, 10 mm<br \/>\n-Nasadni odvija\u010d 6 kom: 6, 7, 8, 9, 10, 11 mm<br \/>\n-Nastavci odvija\u010da kratki 25 mm: 66 kom<br \/>\n-Nastavci za odvija\u010d dugi 50 mm: 30 kom<br \/>\n-Pile za rupe za drvo 4 kom: 32, 38, 45, 54 mm<br \/>\n-Adapter pile za rupe<br \/>\n-Dr\u017ea\u010d bitova<br \/>\n-Bravarski blok za to\u010denje<br \/>\n-imbus klju\u010d 2 kom<br \/>\n-Grani\u010dnik dubine za svrdla<br \/>\n-Upu\u0161ta\u010d<br \/>\n-Nastavak s lopaticom<\/p>\n","protected":false},"excerpt":{"rendered":"<p>Set koji se sastoji od 246 elemenata, koji izme\u0111u ostalog uklju\u010duje; svrdla za drvo, metal, beton, pile za rupe, centralna svrdla i klju\u010devi. Sve skupa upakirano je u prakti\u010dni plasti\u010dni kov\u010deg zahvaljuju\u0107i kojem najva\u017eniji alat uvijek mo\u017eete imati pri ruci.<\/p>\n<p>Potvrdili majstori!<\/p>\n","protected":false},"featured_media":18663,"comment_status":"open","ping_status":"closed","template":"","meta":[],"product_brand":[350],"product_cat":[110,133],"product_tag":[],"class_list":{"0":"post-18662","1":"product","2":"type-product","3":"status-publish","4":"has-post-thumbnail","6":"product_brand-dedra","7":"product_cat-alati-pribor","8":"product_cat-svrdla","10":"first","11":"instock","12":"shipping-taxable","13":"purchasable","14":"product-type-simple"},"yoast_head":"<!-- This site is optimized with the Yoast SEO plugin v27.2 - https:\/\/yoast.com\/product\/yoast-seo-wordpress\/ -->\n<title>Set svrdla, nastavci za odvija\u010de, nastavci DEDRA 18A11S246 246kom - BauWeb<\/title>\n<meta name=\"description\" content=\"Potra\u017eite \u0161iroki izbor alata i materijala za profesionalne gra\u0111evinske radove. Istra\u017ei Bauweb ponudu i kupuj uz odli\u010dne popuste.\" \/>\n<meta name=\"robots\" content=\"index, follow, max-snippet:-1, max-image-preview:large, max-video-preview:-1\" \/>\n<link rel=\"canonical\" href=\"https:\/\/bauweb.hr\/index.php\/product\/set-svrdla-nastavci-za-odvijace-nastavci-dedra-18a11s246-246kom\/\" \/>\n<meta property=\"og:locale\" content=\"hr_HR\" \/>\n<meta property=\"og:type\" content=\"article\" \/>\n<meta property=\"og:title\" content=\"Set svrdla, nastavci za odvija\u010de, nastavci DEDRA 18A11S246 246kom - BauWeb\" \/>\n<meta property=\"og:description\" content=\"Potra\u017eite \u0161iroki izbor alata i materijala za profesionalne gra\u0111evinske radove. Istra\u017ei Bauweb ponudu i kupuj uz odli\u010dne popuste.\" \/>\n<meta property=\"og:url\" content=\"https:\/\/bauweb.hr\/index.php\/product\/set-svrdla-nastavci-za-odvijace-nastavci-dedra-18a11s246-246kom\/\" \/>\n<meta property=\"og:site_name\" content=\"BauWeb\" \/>\n<meta property=\"article:publisher\" content=\"https:\/\/facebook.com\/bauweb00\" \/>\n<meta property=\"article:modified_time\" content=\"2023-06-06T19:33:56+00:00\" \/>\n<meta property=\"og:image\" content=\"https:\/\/bauweb.hr\/wp-content\/uploads\/2023\/06\/set-svrdla-nastavci-odvijace-nastavci-dedra-18a11s246-246kom-slika-195631335.jpeg\" \/>\n\t<meta property=\"og:image:width\" content=\"690\" \/>\n\t<meta property=\"og:image:height\" content=\"690\" \/>\n\t<meta property=\"og:image:type\" content=\"image\/jpeg\" \/>\n<meta name=\"twitter:card\" content=\"summary_large_image\" \/>\n<meta name=\"twitter:label1\" content=\"Procijenjeno vrijeme \u010ditanja\" \/>\n\t<meta name=\"twitter:data1\" content=\"2 minute\" \/>\n<script type=\"application\/ld+json\" class=\"yoast-schema-graph\">{\"@context\":\"https:\/\/schema.org\",\"@graph\":[{\"@type\":\"WebPage\",\"@id\":\"https:\/\/bauweb.hr\/index.php\/product\/set-svrdla-nastavci-za-odvijace-nastavci-dedra-18a11s246-246kom\/\",\"url\":\"https:\/\/bauweb.hr\/index.php\/product\/set-svrdla-nastavci-za-odvijace-nastavci-dedra-18a11s246-246kom\/\",\"name\":\"Set svrdla, nastavci za odvija\u010de, nastavci DEDRA 18A11S246 246kom - BauWeb\",\"isPartOf\":{\"@id\":\"https:\/\/bauweb.hr\/#website\"},\"primaryImageOfPage\":{\"@id\":\"https:\/\/bauweb.hr\/index.php\/product\/set-svrdla-nastavci-za-odvijace-nastavci-dedra-18a11s246-246kom\/#primaryimage\"},\"image\":{\"@id\":\"https:\/\/bauweb.hr\/index.php\/product\/set-svrdla-nastavci-za-odvijace-nastavci-dedra-18a11s246-246kom\/#primaryimage\"},\"thumbnailUrl\":\"https:\/\/bauweb.hr\/wp-content\/uploads\/2023\/06\/set-svrdla-nastavci-odvijace-nastavci-dedra-18a11s246-246kom-slika-195631335.jpeg\",\"datePublished\":\"2023-06-06T19:31:45+00:00\",\"dateModified\":\"2023-06-06T19:33:56+00:00\",\"description\":\"Potra\u017eite \u0161iroki izbor alata i materijala za profesionalne gra\u0111evinske radove. Istra\u017ei Bauweb ponudu i kupuj uz odli\u010dne popuste.\",\"breadcrumb\":{\"@id\":\"https:\/\/bauweb.hr\/index.php\/product\/set-svrdla-nastavci-za-odvijace-nastavci-dedra-18a11s246-246kom\/#breadcrumb\"},\"inLanguage\":\"hr\",\"potentialAction\":[{\"@type\":\"ReadAction\",\"target\":[\"https:\/\/bauweb.hr\/index.php\/product\/set-svrdla-nastavci-za-odvijace-nastavci-dedra-18a11s246-246kom\/\"]}]},{\"@type\":\"ImageObject\",\"inLanguage\":\"hr\",\"@id\":\"https:\/\/bauweb.hr\/index.php\/product\/set-svrdla-nastavci-za-odvijace-nastavci-dedra-18a11s246-246kom\/#primaryimage\",\"url\":\"https:\/\/bauweb.hr\/wp-content\/uploads\/2023\/06\/set-svrdla-nastavci-odvijace-nastavci-dedra-18a11s246-246kom-slika-195631335.jpeg\",\"contentUrl\":\"https:\/\/bauweb.hr\/wp-content\/uploads\/2023\/06\/set-svrdla-nastavci-odvijace-nastavci-dedra-18a11s246-246kom-slika-195631335.jpeg\",\"width\":690,\"height\":690},{\"@type\":\"BreadcrumbList\",\"@id\":\"https:\/\/bauweb.hr\/index.php\/product\/set-svrdla-nastavci-za-odvijace-nastavci-dedra-18a11s246-246kom\/#breadcrumb\",\"itemListElement\":[{\"@type\":\"ListItem\",\"position\":1,\"name\":\"Po\u010detna stranica\",\"item\":\"https:\/\/bauweb.hr\/\"},{\"@type\":\"ListItem\",\"position\":2,\"name\":\"Shop\",\"item\":\"https:\/\/bauweb.hr\/index.php\/shop-wooshop-v1\/\"},{\"@type\":\"ListItem\",\"position\":3,\"name\":\"Set svrdla, nastavci za odvija\u010de, nastavci DEDRA 18A11S246 246kom\"}]},{\"@type\":\"WebSite\",\"@id\":\"https:\/\/bauweb.hr\/#website\",\"url\":\"https:\/\/bauweb.hr\/\",\"name\":\"BauWeb\",\"description\":\"Za prave majstore\",\"publisher\":{\"@id\":\"https:\/\/bauweb.hr\/#organization\"},\"alternateName\":\"BauWeb\",\"potentialAction\":[{\"@type\":\"SearchAction\",\"target\":{\"@type\":\"EntryPoint\",\"urlTemplate\":\"https:\/\/bauweb.hr\/?s={search_term_string}\"},\"query-input\":{\"@type\":\"PropertyValueSpecification\",\"valueRequired\":true,\"valueName\":\"search_term_string\"}}],\"inLanguage\":\"hr\"},{\"@type\":\"Organization\",\"@id\":\"https:\/\/bauweb.hr\/#organization\",\"name\":\"Hobi dom d.o.o.\",\"url\":\"https:\/\/bauweb.hr\/\",\"logo\":{\"@type\":\"ImageObject\",\"inLanguage\":\"hr\",\"@id\":\"https:\/\/bauweb.hr\/#\/schema\/logo\/image\/\",\"url\":\"https:\/\/bauweb.hr\/wp-content\/uploads\/2023\/01\/Bauweb_logo-01.png\",\"contentUrl\":\"https:\/\/bauweb.hr\/wp-content\/uploads\/2023\/01\/Bauweb_logo-01.png\",\"width\":842,\"height\":596,\"caption\":\"Hobi dom d.o.o.\"},\"image\":{\"@id\":\"https:\/\/bauweb.hr\/#\/schema\/logo\/image\/\"},\"sameAs\":[\"https:\/\/facebook.com\/bauweb00\",\"https:\/\/instagram.com\/bauweb_shop\"]}]}<\/script>\n<!-- \/ Yoast SEO plugin. -->","yoast_head_json":{"title":"Set svrdla, nastavci za odvija\u010de, nastavci DEDRA 18A11S246 246kom - BauWeb","description":"Potra\u017eite \u0161iroki izbor alata i materijala za profesionalne gra\u0111evinske radove. Istra\u017ei Bauweb ponudu i kupuj uz odli\u010dne popuste.","robots":{"index":"index","follow":"follow","max-snippet":"max-snippet:-1","max-image-preview":"max-image-preview:large","max-video-preview":"max-video-preview:-1"},"canonical":"https:\/\/bauweb.hr\/index.php\/product\/set-svrdla-nastavci-za-odvijace-nastavci-dedra-18a11s246-246kom\/","og_locale":"hr_HR","og_type":"article","og_title":"Set svrdla, nastavci za odvija\u010de, nastavci DEDRA 18A11S246 246kom - BauWeb","og_description":"Potra\u017eite \u0161iroki izbor alata i materijala za profesionalne gra\u0111evinske radove. Istra\u017ei Bauweb ponudu i kupuj uz odli\u010dne popuste.","og_url":"https:\/\/bauweb.hr\/index.php\/product\/set-svrdla-nastavci-za-odvijace-nastavci-dedra-18a11s246-246kom\/","og_site_name":"BauWeb","article_publisher":"https:\/\/facebook.com\/bauweb00","article_modified_time":"2023-06-06T19:33:56+00:00","og_image":[{"width":690,"height":690,"url":"https:\/\/bauweb.hr\/wp-content\/uploads\/2023\/06\/set-svrdla-nastavci-odvijace-nastavci-dedra-18a11s246-246kom-slika-195631335.jpeg","type":"image\/jpeg"}],"twitter_card":"summary_large_image","twitter_misc":{"Procijenjeno vrijeme \u010ditanja":"2 minute"},"schema":{"@context":"https:\/\/schema.org","@graph":[{"@type":"WebPage","@id":"https:\/\/bauweb.hr\/index.php\/product\/set-svrdla-nastavci-za-odvijace-nastavci-dedra-18a11s246-246kom\/","url":"https:\/\/bauweb.hr\/index.php\/product\/set-svrdla-nastavci-za-odvijace-nastavci-dedra-18a11s246-246kom\/","name":"Set svrdla, nastavci za odvija\u010de, nastavci DEDRA 18A11S246 246kom - BauWeb","isPartOf":{"@id":"https:\/\/bauweb.hr\/#website"},"primaryImageOfPage":{"@id":"https:\/\/bauweb.hr\/index.php\/product\/set-svrdla-nastavci-za-odvijace-nastavci-dedra-18a11s246-246kom\/#primaryimage"},"image":{"@id":"https:\/\/bauweb.hr\/index.php\/product\/set-svrdla-nastavci-za-odvijace-nastavci-dedra-18a11s246-246kom\/#primaryimage"},"thumbnailUrl":"https:\/\/bauweb.hr\/wp-content\/uploads\/2023\/06\/set-svrdla-nastavci-odvijace-nastavci-dedra-18a11s246-246kom-slika-195631335.jpeg","datePublished":"2023-06-06T19:31:45+00:00","dateModified":"2023-06-06T19:33:56+00:00","description":"Potra\u017eite \u0161iroki izbor alata i materijala za profesionalne gra\u0111evinske radove. Istra\u017ei Bauweb ponudu i kupuj uz odli\u010dne popuste.","breadcrumb":{"@id":"https:\/\/bauweb.hr\/index.php\/product\/set-svrdla-nastavci-za-odvijace-nastavci-dedra-18a11s246-246kom\/#breadcrumb"},"inLanguage":"hr","potentialAction":[{"@type":"ReadAction","target":["https:\/\/bauweb.hr\/index.php\/product\/set-svrdla-nastavci-za-odvijace-nastavci-dedra-18a11s246-246kom\/"]}]},{"@type":"ImageObject","inLanguage":"hr","@id":"https:\/\/bauweb.hr\/index.php\/product\/set-svrdla-nastavci-za-odvijace-nastavci-dedra-18a11s246-246kom\/#primaryimage","url":"https:\/\/bauweb.hr\/wp-content\/uploads\/2023\/06\/set-svrdla-nastavci-odvijace-nastavci-dedra-18a11s246-246kom-slika-195631335.jpeg","contentUrl":"https:\/\/bauweb.hr\/wp-content\/uploads\/2023\/06\/set-svrdla-nastavci-odvijace-nastavci-dedra-18a11s246-246kom-slika-195631335.jpeg","width":690,"height":690},{"@type":"BreadcrumbList","@id":"https:\/\/bauweb.hr\/index.php\/product\/set-svrdla-nastavci-za-odvijace-nastavci-dedra-18a11s246-246kom\/#breadcrumb","itemListElement":[{"@type":"ListItem","position":1,"name":"Po\u010detna stranica","item":"https:\/\/bauweb.hr\/"},{"@type":"ListItem","position":2,"name":"Shop","item":"https:\/\/bauweb.hr\/index.php\/shop-wooshop-v1\/"},{"@type":"ListItem","position":3,"name":"Set svrdla, nastavci za odvija\u010de, nastavci DEDRA 18A11S246 246kom"}]},{"@type":"WebSite","@id":"https:\/\/bauweb.hr\/#website","url":"https:\/\/bauweb.hr\/","name":"BauWeb","description":"Za prave majstore","publisher":{"@id":"https:\/\/bauweb.hr\/#organization"},"alternateName":"BauWeb","potentialAction":[{"@type":"SearchAction","target":{"@type":"EntryPoint","urlTemplate":"https:\/\/bauweb.hr\/?s={search_term_string}"},"query-input":{"@type":"PropertyValueSpecification","valueRequired":true,"valueName":"search_term_string"}}],"inLanguage":"hr"},{"@type":"Organization","@id":"https:\/\/bauweb.hr\/#organization","name":"Hobi dom d.o.o.","url":"https:\/\/bauweb.hr\/","logo":{"@type":"ImageObject","inLanguage":"hr","@id":"https:\/\/bauweb.hr\/#\/schema\/logo\/image\/","url":"https:\/\/bauweb.hr\/wp-content\/uploads\/2023\/01\/Bauweb_logo-01.png","contentUrl":"https:\/\/bauweb.hr\/wp-content\/uploads\/2023\/01\/Bauweb_logo-01.png","width":842,"height":596,"caption":"Hobi dom d.o.o."},"image":{"@id":"https:\/\/bauweb.hr\/#\/schema\/logo\/image\/"},"sameAs":["https:\/\/facebook.com\/bauweb00","https:\/\/instagram.com\/bauweb_shop"]}]}},"_links":{"self":[{"href":"https:\/\/bauweb.hr\/index.php\/wp-json\/wp\/v2\/product\/18662","targetHints":{"allow":["GET"]}}],"collection":[{"href":"https:\/\/bauweb.hr\/index.php\/wp-json\/wp\/v2\/product"}],"about":[{"href":"https:\/\/bauweb.hr\/index.php\/wp-json\/wp\/v2\/types\/product"}],"replies":[{"embeddable":true,"href":"https:\/\/bauweb.hr\/index.php\/wp-json\/wp\/v2\/comments?post=18662"}],"wp:featuredmedia":[{"embeddable":true,"href":"https:\/\/bauweb.hr\/index.php\/wp-json\/wp\/v2\/media\/18663"}],"wp:attachment":[{"href":"https:\/\/bauweb.hr\/index.php\/wp-json\/wp\/v2\/media?parent=18662"}],"wp:term":[{"taxonomy":"product_brand","embeddable":true,"href":"https:\/\/bauweb.hr\/index.php\/wp-json\/wp\/v2\/product_brand?post=18662"},{"taxonomy":"product_cat","embeddable":true,"href":"https:\/\/bauweb.hr\/index.php\/wp-json\/wp\/v2\/product_cat?post=18662"},{"taxonomy":"product_tag","embeddable":true,"href":"https:\/\/bauweb.hr\/index.php\/wp-json\/wp\/v2\/product_tag?post=18662"}],"curies":[{"name":"wp","href":"https:\/\/api.w.org\/{rel}","templated":true}]}}