{"id":18960,"date":"2023-06-28T20:55:37","date_gmt":"2023-06-28T18:55:37","guid":{"rendered":"https:\/\/bauweb.hr\/?post_type=product&#038;p=18960"},"modified":"2025-01-25T15:26:05","modified_gmt":"2025-01-25T14:26:05","slug":"tytan-professional-60-sekundi","status":"publish","type":"product","link":"https:\/\/bauweb.hr\/index.php\/product\/tytan-professional-60-sekundi\/","title":{"rendered":"TYTAN Professional &#8211; 60 sekundi"},"content":{"rendered":"<p>Tytan Professional 60 Sekundi savr\u0161en je izbor za lijepljenje laganih i te\u017eih ukrasnih elemenata na vodoravne, okomite i gornje povr\u0161ine. Prvo provjerite jesu li povr\u0161ine \u010diste i odma\u0161\u0107ene. Slijedite upute za pripremu povr\u0161ine za \u010dvrsto i trajno lijepljenje.<\/p>\n<p>Lajsne se lako mogu pri\u010dvrstiti na zid pomo\u0107u Tytan Professional 60 Sekundi. Prvo provjerite jesu li povr\u0161ine \u010diste. Slijedite upute za pripremu povr\u0161ine za \u010dvrsto i trajno lijepljenje. Izmjerite duljinu zida i prilagodite lajsnu u skladu s va\u0161im potrebama.<\/p>\n<p>Koristite Tytan Professional 60 Sekundi za montiranje svih vrsta prozorskih klup\u010dica. Prvo provjerite jesu li povr\u0161ine \u010diste. Slijedite upute za pripremu povr\u0161ine za \u010dvrsto i trajno lijepljenje. Ljepilo se mo\u017ee nanijeti na prag ili na klup\u010dice.<\/p>\n<p>Primjena:<br \/>\n-ljepljenje gips plo\u010da \u2013 OSB plo\u010da<br \/>\n-dekorativni elementi<br \/>\n-prozorske klup\u010dice<br \/>\n-izgradnja nenosivih zidova<\/p>\n","protected":false},"excerpt":{"rendered":"<p>Vi\u0161enamjensko ljepilo od PU pjene s visokom snagom lijepljenja na mnoge materijale i podloge. Jedinstvena formulacija temeljena na tehnologiji TYTACK omogu\u0107uje brzo po\u010detno lijepljenje nakon samo 60 sekundi te nema postekspanzije, \u0161to osigurava stabilnost povezanih elemenata i sprje\u010dava deformacije.<\/p>\n<p>Potvrdili majstori!<\/p>\n","protected":false},"featured_media":18961,"comment_status":"open","ping_status":"closed","template":"","meta":[],"product_brand":[209],"product_cat":[128,101],"product_tag":[],"class_list":{"0":"post-18960","1":"product","2":"type-product","3":"status-publish","4":"has-post-thumbnail","6":"product_brand-tytan","7":"product_cat-alati-i-pribor-fasadni-sustavi","8":"product_cat-fasaderi-fasadni-sustavi","10":"first","11":"instock","12":"shipping-taxable","13":"purchasable","14":"product-type-simple"},"yoast_head":"<!-- This site is optimized with the Yoast SEO plugin v27.2 - https:\/\/yoast.com\/product\/yoast-seo-wordpress\/ -->\n<title>TYTAN Professional - 60 sekundi - BauWeb<\/title>\n<meta name=\"description\" content=\"Potra\u017eite \u0161iroki izbor alata i materijala za profesionalne gra\u0111evinske radove. Istra\u017ei Bauweb ponudu i kupuj uz odli\u010dne popuste.\" \/>\n<meta name=\"robots\" content=\"index, follow, max-snippet:-1, max-image-preview:large, max-video-preview:-1\" \/>\n<link rel=\"canonical\" href=\"https:\/\/bauweb.hr\/index.php\/product\/tytan-professional-60-sekundi\/\" \/>\n<meta property=\"og:locale\" content=\"hr_HR\" \/>\n<meta property=\"og:type\" content=\"article\" \/>\n<meta property=\"og:title\" content=\"TYTAN Professional - 60 sekundi - BauWeb\" \/>\n<meta property=\"og:description\" content=\"Potra\u017eite \u0161iroki izbor alata i materijala za profesionalne gra\u0111evinske radove. Istra\u017ei Bauweb ponudu i kupuj uz odli\u010dne popuste.\" \/>\n<meta property=\"og:url\" content=\"https:\/\/bauweb.hr\/index.php\/product\/tytan-professional-60-sekundi\/\" \/>\n<meta property=\"og:site_name\" content=\"BauWeb\" \/>\n<meta property=\"article:publisher\" content=\"https:\/\/facebook.com\/bauweb00\" \/>\n<meta property=\"article:modified_time\" content=\"2025-01-25T14:26:05+00:00\" \/>\n<meta property=\"og:image\" content=\"https:\/\/bauweb.hr\/wp-content\/uploads\/2023\/06\/tytan-professional-60-sekundi-slika-197003956.jpeg\" \/>\n\t<meta property=\"og:image:width\" content=\"690\" \/>\n\t<meta property=\"og:image:height\" content=\"690\" \/>\n\t<meta property=\"og:image:type\" content=\"image\/jpeg\" \/>\n<meta name=\"twitter:card\" content=\"summary_large_image\" \/>\n<meta name=\"twitter:label1\" content=\"Procijenjeno vrijeme \u010ditanja\" \/>\n\t<meta name=\"twitter:data1\" content=\"1 minuta\" \/>\n<script type=\"application\/ld+json\" class=\"yoast-schema-graph\">{\"@context\":\"https:\/\/schema.org\",\"@graph\":[{\"@type\":\"WebPage\",\"@id\":\"https:\/\/bauweb.hr\/index.php\/product\/tytan-professional-60-sekundi\/\",\"url\":\"https:\/\/bauweb.hr\/index.php\/product\/tytan-professional-60-sekundi\/\",\"name\":\"TYTAN Professional - 60 sekundi - BauWeb\",\"isPartOf\":{\"@id\":\"https:\/\/bauweb.hr\/#website\"},\"primaryImageOfPage\":{\"@id\":\"https:\/\/bauweb.hr\/index.php\/product\/tytan-professional-60-sekundi\/#primaryimage\"},\"image\":{\"@id\":\"https:\/\/bauweb.hr\/index.php\/product\/tytan-professional-60-sekundi\/#primaryimage\"},\"thumbnailUrl\":\"https:\/\/bauweb.hr\/wp-content\/uploads\/2023\/06\/tytan-professional-60-sekundi-slika-197003956.jpeg\",\"datePublished\":\"2023-06-28T18:55:37+00:00\",\"dateModified\":\"2025-01-25T14:26:05+00:00\",\"description\":\"Potra\u017eite \u0161iroki izbor alata i materijala za profesionalne gra\u0111evinske radove. Istra\u017ei Bauweb ponudu i kupuj uz odli\u010dne popuste.\",\"breadcrumb\":{\"@id\":\"https:\/\/bauweb.hr\/index.php\/product\/tytan-professional-60-sekundi\/#breadcrumb\"},\"inLanguage\":\"hr\",\"potentialAction\":[{\"@type\":\"ReadAction\",\"target\":[\"https:\/\/bauweb.hr\/index.php\/product\/tytan-professional-60-sekundi\/\"]}]},{\"@type\":\"ImageObject\",\"inLanguage\":\"hr\",\"@id\":\"https:\/\/bauweb.hr\/index.php\/product\/tytan-professional-60-sekundi\/#primaryimage\",\"url\":\"https:\/\/bauweb.hr\/wp-content\/uploads\/2023\/06\/tytan-professional-60-sekundi-slika-197003956.jpeg\",\"contentUrl\":\"https:\/\/bauweb.hr\/wp-content\/uploads\/2023\/06\/tytan-professional-60-sekundi-slika-197003956.jpeg\",\"width\":690,\"height\":690},{\"@type\":\"BreadcrumbList\",\"@id\":\"https:\/\/bauweb.hr\/index.php\/product\/tytan-professional-60-sekundi\/#breadcrumb\",\"itemListElement\":[{\"@type\":\"ListItem\",\"position\":1,\"name\":\"Po\u010detna stranica\",\"item\":\"https:\/\/bauweb.hr\/\"},{\"@type\":\"ListItem\",\"position\":2,\"name\":\"Shop\",\"item\":\"https:\/\/bauweb.hr\/index.php\/shop-wooshop-v1\/\"},{\"@type\":\"ListItem\",\"position\":3,\"name\":\"TYTAN Professional &#8211; 60 sekundi\"}]},{\"@type\":\"WebSite\",\"@id\":\"https:\/\/bauweb.hr\/#website\",\"url\":\"https:\/\/bauweb.hr\/\",\"name\":\"BauWeb\",\"description\":\"Za prave majstore\",\"publisher\":{\"@id\":\"https:\/\/bauweb.hr\/#organization\"},\"alternateName\":\"BauWeb\",\"potentialAction\":[{\"@type\":\"SearchAction\",\"target\":{\"@type\":\"EntryPoint\",\"urlTemplate\":\"https:\/\/bauweb.hr\/?s={search_term_string}\"},\"query-input\":{\"@type\":\"PropertyValueSpecification\",\"valueRequired\":true,\"valueName\":\"search_term_string\"}}],\"inLanguage\":\"hr\"},{\"@type\":\"Organization\",\"@id\":\"https:\/\/bauweb.hr\/#organization\",\"name\":\"Hobi dom d.o.o.\",\"url\":\"https:\/\/bauweb.hr\/\",\"logo\":{\"@type\":\"ImageObject\",\"inLanguage\":\"hr\",\"@id\":\"https:\/\/bauweb.hr\/#\/schema\/logo\/image\/\",\"url\":\"https:\/\/bauweb.hr\/wp-content\/uploads\/2023\/01\/Bauweb_logo-01.png\",\"contentUrl\":\"https:\/\/bauweb.hr\/wp-content\/uploads\/2023\/01\/Bauweb_logo-01.png\",\"width\":842,\"height\":596,\"caption\":\"Hobi dom d.o.o.\"},\"image\":{\"@id\":\"https:\/\/bauweb.hr\/#\/schema\/logo\/image\/\"},\"sameAs\":[\"https:\/\/facebook.com\/bauweb00\",\"https:\/\/instagram.com\/bauweb_shop\"]}]}<\/script>\n<!-- \/ Yoast SEO plugin. -->","yoast_head_json":{"title":"TYTAN Professional - 60 sekundi - BauWeb","description":"Potra\u017eite \u0161iroki izbor alata i materijala za profesionalne gra\u0111evinske radove. Istra\u017ei Bauweb ponudu i kupuj uz odli\u010dne popuste.","robots":{"index":"index","follow":"follow","max-snippet":"max-snippet:-1","max-image-preview":"max-image-preview:large","max-video-preview":"max-video-preview:-1"},"canonical":"https:\/\/bauweb.hr\/index.php\/product\/tytan-professional-60-sekundi\/","og_locale":"hr_HR","og_type":"article","og_title":"TYTAN Professional - 60 sekundi - BauWeb","og_description":"Potra\u017eite \u0161iroki izbor alata i materijala za profesionalne gra\u0111evinske radove. Istra\u017ei Bauweb ponudu i kupuj uz odli\u010dne popuste.","og_url":"https:\/\/bauweb.hr\/index.php\/product\/tytan-professional-60-sekundi\/","og_site_name":"BauWeb","article_publisher":"https:\/\/facebook.com\/bauweb00","article_modified_time":"2025-01-25T14:26:05+00:00","og_image":[{"width":690,"height":690,"url":"https:\/\/bauweb.hr\/wp-content\/uploads\/2023\/06\/tytan-professional-60-sekundi-slika-197003956.jpeg","type":"image\/jpeg"}],"twitter_card":"summary_large_image","twitter_misc":{"Procijenjeno vrijeme \u010ditanja":"1 minuta"},"schema":{"@context":"https:\/\/schema.org","@graph":[{"@type":"WebPage","@id":"https:\/\/bauweb.hr\/index.php\/product\/tytan-professional-60-sekundi\/","url":"https:\/\/bauweb.hr\/index.php\/product\/tytan-professional-60-sekundi\/","name":"TYTAN Professional - 60 sekundi - BauWeb","isPartOf":{"@id":"https:\/\/bauweb.hr\/#website"},"primaryImageOfPage":{"@id":"https:\/\/bauweb.hr\/index.php\/product\/tytan-professional-60-sekundi\/#primaryimage"},"image":{"@id":"https:\/\/bauweb.hr\/index.php\/product\/tytan-professional-60-sekundi\/#primaryimage"},"thumbnailUrl":"https:\/\/bauweb.hr\/wp-content\/uploads\/2023\/06\/tytan-professional-60-sekundi-slika-197003956.jpeg","datePublished":"2023-06-28T18:55:37+00:00","dateModified":"2025-01-25T14:26:05+00:00","description":"Potra\u017eite \u0161iroki izbor alata i materijala za profesionalne gra\u0111evinske radove. Istra\u017ei Bauweb ponudu i kupuj uz odli\u010dne popuste.","breadcrumb":{"@id":"https:\/\/bauweb.hr\/index.php\/product\/tytan-professional-60-sekundi\/#breadcrumb"},"inLanguage":"hr","potentialAction":[{"@type":"ReadAction","target":["https:\/\/bauweb.hr\/index.php\/product\/tytan-professional-60-sekundi\/"]}]},{"@type":"ImageObject","inLanguage":"hr","@id":"https:\/\/bauweb.hr\/index.php\/product\/tytan-professional-60-sekundi\/#primaryimage","url":"https:\/\/bauweb.hr\/wp-content\/uploads\/2023\/06\/tytan-professional-60-sekundi-slika-197003956.jpeg","contentUrl":"https:\/\/bauweb.hr\/wp-content\/uploads\/2023\/06\/tytan-professional-60-sekundi-slika-197003956.jpeg","width":690,"height":690},{"@type":"BreadcrumbList","@id":"https:\/\/bauweb.hr\/index.php\/product\/tytan-professional-60-sekundi\/#breadcrumb","itemListElement":[{"@type":"ListItem","position":1,"name":"Po\u010detna stranica","item":"https:\/\/bauweb.hr\/"},{"@type":"ListItem","position":2,"name":"Shop","item":"https:\/\/bauweb.hr\/index.php\/shop-wooshop-v1\/"},{"@type":"ListItem","position":3,"name":"TYTAN Professional &#8211; 60 sekundi"}]},{"@type":"WebSite","@id":"https:\/\/bauweb.hr\/#website","url":"https:\/\/bauweb.hr\/","name":"BauWeb","description":"Za prave majstore","publisher":{"@id":"https:\/\/bauweb.hr\/#organization"},"alternateName":"BauWeb","potentialAction":[{"@type":"SearchAction","target":{"@type":"EntryPoint","urlTemplate":"https:\/\/bauweb.hr\/?s={search_term_string}"},"query-input":{"@type":"PropertyValueSpecification","valueRequired":true,"valueName":"search_term_string"}}],"inLanguage":"hr"},{"@type":"Organization","@id":"https:\/\/bauweb.hr\/#organization","name":"Hobi dom d.o.o.","url":"https:\/\/bauweb.hr\/","logo":{"@type":"ImageObject","inLanguage":"hr","@id":"https:\/\/bauweb.hr\/#\/schema\/logo\/image\/","url":"https:\/\/bauweb.hr\/wp-content\/uploads\/2023\/01\/Bauweb_logo-01.png","contentUrl":"https:\/\/bauweb.hr\/wp-content\/uploads\/2023\/01\/Bauweb_logo-01.png","width":842,"height":596,"caption":"Hobi dom d.o.o."},"image":{"@id":"https:\/\/bauweb.hr\/#\/schema\/logo\/image\/"},"sameAs":["https:\/\/facebook.com\/bauweb00","https:\/\/instagram.com\/bauweb_shop"]}]}},"_links":{"self":[{"href":"https:\/\/bauweb.hr\/index.php\/wp-json\/wp\/v2\/product\/18960","targetHints":{"allow":["GET"]}}],"collection":[{"href":"https:\/\/bauweb.hr\/index.php\/wp-json\/wp\/v2\/product"}],"about":[{"href":"https:\/\/bauweb.hr\/index.php\/wp-json\/wp\/v2\/types\/product"}],"replies":[{"embeddable":true,"href":"https:\/\/bauweb.hr\/index.php\/wp-json\/wp\/v2\/comments?post=18960"}],"wp:featuredmedia":[{"embeddable":true,"href":"https:\/\/bauweb.hr\/index.php\/wp-json\/wp\/v2\/media\/18961"}],"wp:attachment":[{"href":"https:\/\/bauweb.hr\/index.php\/wp-json\/wp\/v2\/media?parent=18960"}],"wp:term":[{"taxonomy":"product_brand","embeddable":true,"href":"https:\/\/bauweb.hr\/index.php\/wp-json\/wp\/v2\/product_brand?post=18960"},{"taxonomy":"product_cat","embeddable":true,"href":"https:\/\/bauweb.hr\/index.php\/wp-json\/wp\/v2\/product_cat?post=18960"},{"taxonomy":"product_tag","embeddable":true,"href":"https:\/\/bauweb.hr\/index.php\/wp-json\/wp\/v2\/product_tag?post=18960"}],"curies":[{"name":"wp","href":"https:\/\/api.w.org\/{rel}","templated":true}]}}