{"id":19525,"date":"2023-09-06T20:42:10","date_gmt":"2023-09-06T18:42:10","guid":{"rendered":"https:\/\/bauweb.hr\/?post_type=product&#038;p=19525"},"modified":"2023-09-06T20:45:13","modified_gmt":"2023-09-06T18:45:13","slug":"makita-b-49725-set-rucnih-alata-i-bitova-96kom","status":"publish","type":"product","link":"https:\/\/bauweb.hr\/index.php\/product\/makita-b-49725-set-rucnih-alata-i-bitova-96kom\/","title":{"rendered":"MAKITA B-49725 set ru\u010dnih alata i bitova, 96kom"},"content":{"rendered":"<p>POGODNOST : Svestrani set vi\u0161enastavnih i ru\u010dnih alata za bu\u0161enje, pri\u010dvr\u0161\u0107ivanje, mjerenje i rezanje<br \/>\nPRODUKTIVNOST : Bitovi za bu\u0161enje i pri\u010dvr\u0161\u0107ivanje zajedno s ru\u010dnim alatima za maksimalnu produktivnost<br \/>\nSVESTRANOST : Uklju\u010duje asortiman Phillips, Pozidriv\u00ae, Torx\u00ae, Security Torx\u00ae, bitova s \u200b\u200bprorezima i \u0161esterokutnih umetaka<br \/>\nKOMPATIBILNOST : Prikladna kutija za zaklju\u010davanje kompatibilna je s Makitinim kutijama i kolicima za zaklju\u010davanje<br \/>\nUKLJU\u010cUJE : 96 kom. Set metri\u010dkih bitova i ru\u010dnog alata<\/p>\n<p>Uklju\u010duje nastavke za bu\u0161enje u metal, drvo i zidane materijale kao i nastavke za umetanje za pri\u010dvr\u0161\u0107ivanje i ru\u010dne alate koji uklju\u010duju metar, odvija\u010d s \u010degrtaljkom, mini-odvija\u010d i no\u017ei\u0107<br \/>\nUklju\u010duje asortiman Phillips, Pozidriv\u00ae, Torx\u00ae, Security Torx\u00ae, bitova s \u200b\u200bprorezima i \u0161esterokutnih umetaka<br \/>\nUklju\u010duje (10) Phillips, (10) Pozidriv\u00ae, (22) Torx\u00ae, (8) Slotted, (8) Hex, (14) sigurnosne Torx\u00ae umetke<br \/>\nUklju\u010duje (2) 1\/4&#8243; \u0161esterokutni magnetski dr\u017ea\u010d bitova<br \/>\nUklju\u010duje (6) uzemljenih svrdla za metal i drvo od brzoreznog \u010delika (HSS-G) s rasponom veli\u010dina (3 &#8211; 10 mm)<br \/>\nUklju\u010duje (6) \u0161iljastih svrdla za drvo s rasponom veli\u010dina (3 &#8211; 10 mm)<br \/>\nUklju\u010duje (6) bu\u0161ilica za zidanje s rasponom veli\u010dina (3 &#8211; 10 mm)<br \/>\nSvrdla s ravnim prihvatom odgovaraju ve\u0107ini \u017ei\u010dnih i be\u017ei\u010dnih bu\u0161ilica od 3\/8&#8243; i 1\/2&#8243;<br \/>\nUklju\u010duje (1) mjernu traku od 3 m<br \/>\nUklju\u010duje (1) odvija\u010d s \u010degrtaljkom<br \/>\nUklju\u010duje (1) mini-odvija\u010d<br \/>\nUklju\u010duje (1) pomo\u0107ni no\u017e s o\u0161tricom<br \/>\nPrakti\u010dna kutija za zaklju\u010davanje kompatibilna je s Makita kutijama za zaklju\u010davanje i kolicima<\/p>\n","protected":false},"excerpt":{"rendered":"<p>Potvrdili majstori!<\/p>\n","protected":false},"featured_media":19527,"comment_status":"open","ping_status":"closed","template":"","meta":[],"product_brand":[372],"product_cat":[110],"product_tag":[],"class_list":{"0":"post-19525","1":"product","2":"type-product","3":"status-publish","4":"has-post-thumbnail","6":"product_brand-makita","7":"product_cat-alati-pribor","9":"first","10":"instock","11":"shipping-taxable","12":"purchasable","13":"product-type-simple"},"yoast_head":"<!-- This site is optimized with the Yoast SEO plugin v27.2 - https:\/\/yoast.com\/product\/yoast-seo-wordpress\/ -->\n<title>MAKITA B-49725 set ru\u010dnih alata i bitova, 96kom - BauWeb<\/title>\n<meta name=\"description\" content=\"Potra\u017eite \u0161iroki izbor alata i materijala za profesionalne gra\u0111evinske radove. Istra\u017ei Bauweb ponudu i kupuj uz odli\u010dne popuste.\" \/>\n<meta name=\"robots\" content=\"index, follow, max-snippet:-1, max-image-preview:large, max-video-preview:-1\" \/>\n<link rel=\"canonical\" href=\"https:\/\/bauweb.hr\/index.php\/product\/makita-b-49725-set-rucnih-alata-i-bitova-96kom\/\" \/>\n<meta property=\"og:locale\" content=\"hr_HR\" \/>\n<meta property=\"og:type\" content=\"article\" \/>\n<meta property=\"og:title\" content=\"MAKITA B-49725 set ru\u010dnih alata i bitova, 96kom - BauWeb\" \/>\n<meta property=\"og:description\" content=\"Potra\u017eite \u0161iroki izbor alata i materijala za profesionalne gra\u0111evinske radove. Istra\u017ei Bauweb ponudu i kupuj uz odli\u010dne popuste.\" \/>\n<meta property=\"og:url\" content=\"https:\/\/bauweb.hr\/index.php\/product\/makita-b-49725-set-rucnih-alata-i-bitova-96kom\/\" \/>\n<meta property=\"og:site_name\" content=\"BauWeb\" \/>\n<meta property=\"article:publisher\" content=\"https:\/\/facebook.com\/bauweb00\" \/>\n<meta property=\"article:modified_time\" content=\"2023-09-06T18:45:13+00:00\" \/>\n<meta property=\"og:image\" content=\"https:\/\/bauweb.hr\/wp-content\/uploads\/2023\/09\/makita-b-49725-set-rucnih-alata-bitova-96kom-slika-201085883.jpeg\" \/>\n\t<meta property=\"og:image:width\" content=\"690\" \/>\n\t<meta property=\"og:image:height\" content=\"690\" \/>\n\t<meta property=\"og:image:type\" content=\"image\/jpeg\" \/>\n<meta name=\"twitter:card\" content=\"summary_large_image\" \/>\n<meta name=\"twitter:label1\" content=\"Procijenjeno vrijeme \u010ditanja\" \/>\n\t<meta name=\"twitter:data1\" content=\"2 minute\" \/>\n<script type=\"application\/ld+json\" class=\"yoast-schema-graph\">{\"@context\":\"https:\/\/schema.org\",\"@graph\":[{\"@type\":\"WebPage\",\"@id\":\"https:\/\/bauweb.hr\/index.php\/product\/makita-b-49725-set-rucnih-alata-i-bitova-96kom\/\",\"url\":\"https:\/\/bauweb.hr\/index.php\/product\/makita-b-49725-set-rucnih-alata-i-bitova-96kom\/\",\"name\":\"MAKITA B-49725 set ru\u010dnih alata i bitova, 96kom - BauWeb\",\"isPartOf\":{\"@id\":\"https:\/\/bauweb.hr\/#website\"},\"primaryImageOfPage\":{\"@id\":\"https:\/\/bauweb.hr\/index.php\/product\/makita-b-49725-set-rucnih-alata-i-bitova-96kom\/#primaryimage\"},\"image\":{\"@id\":\"https:\/\/bauweb.hr\/index.php\/product\/makita-b-49725-set-rucnih-alata-i-bitova-96kom\/#primaryimage\"},\"thumbnailUrl\":\"https:\/\/bauweb.hr\/wp-content\/uploads\/2023\/09\/makita-b-49725-set-rucnih-alata-bitova-96kom-slika-201085883.jpeg\",\"datePublished\":\"2023-09-06T18:42:10+00:00\",\"dateModified\":\"2023-09-06T18:45:13+00:00\",\"description\":\"Potra\u017eite \u0161iroki izbor alata i materijala za profesionalne gra\u0111evinske radove. Istra\u017ei Bauweb ponudu i kupuj uz odli\u010dne popuste.\",\"breadcrumb\":{\"@id\":\"https:\/\/bauweb.hr\/index.php\/product\/makita-b-49725-set-rucnih-alata-i-bitova-96kom\/#breadcrumb\"},\"inLanguage\":\"hr\",\"potentialAction\":[{\"@type\":\"ReadAction\",\"target\":[\"https:\/\/bauweb.hr\/index.php\/product\/makita-b-49725-set-rucnih-alata-i-bitova-96kom\/\"]}]},{\"@type\":\"ImageObject\",\"inLanguage\":\"hr\",\"@id\":\"https:\/\/bauweb.hr\/index.php\/product\/makita-b-49725-set-rucnih-alata-i-bitova-96kom\/#primaryimage\",\"url\":\"https:\/\/bauweb.hr\/wp-content\/uploads\/2023\/09\/makita-b-49725-set-rucnih-alata-bitova-96kom-slika-201085883.jpeg\",\"contentUrl\":\"https:\/\/bauweb.hr\/wp-content\/uploads\/2023\/09\/makita-b-49725-set-rucnih-alata-bitova-96kom-slika-201085883.jpeg\",\"width\":690,\"height\":690},{\"@type\":\"BreadcrumbList\",\"@id\":\"https:\/\/bauweb.hr\/index.php\/product\/makita-b-49725-set-rucnih-alata-i-bitova-96kom\/#breadcrumb\",\"itemListElement\":[{\"@type\":\"ListItem\",\"position\":1,\"name\":\"Po\u010detna stranica\",\"item\":\"https:\/\/bauweb.hr\/\"},{\"@type\":\"ListItem\",\"position\":2,\"name\":\"Shop\",\"item\":\"https:\/\/bauweb.hr\/index.php\/shop-wooshop-v1\/\"},{\"@type\":\"ListItem\",\"position\":3,\"name\":\"MAKITA B-49725 set ru\u010dnih alata i bitova, 96kom\"}]},{\"@type\":\"WebSite\",\"@id\":\"https:\/\/bauweb.hr\/#website\",\"url\":\"https:\/\/bauweb.hr\/\",\"name\":\"BauWeb\",\"description\":\"Za prave majstore\",\"publisher\":{\"@id\":\"https:\/\/bauweb.hr\/#organization\"},\"alternateName\":\"BauWeb\",\"potentialAction\":[{\"@type\":\"SearchAction\",\"target\":{\"@type\":\"EntryPoint\",\"urlTemplate\":\"https:\/\/bauweb.hr\/?s={search_term_string}\"},\"query-input\":{\"@type\":\"PropertyValueSpecification\",\"valueRequired\":true,\"valueName\":\"search_term_string\"}}],\"inLanguage\":\"hr\"},{\"@type\":\"Organization\",\"@id\":\"https:\/\/bauweb.hr\/#organization\",\"name\":\"Hobi dom d.o.o.\",\"url\":\"https:\/\/bauweb.hr\/\",\"logo\":{\"@type\":\"ImageObject\",\"inLanguage\":\"hr\",\"@id\":\"https:\/\/bauweb.hr\/#\/schema\/logo\/image\/\",\"url\":\"https:\/\/bauweb.hr\/wp-content\/uploads\/2023\/01\/Bauweb_logo-01.png\",\"contentUrl\":\"https:\/\/bauweb.hr\/wp-content\/uploads\/2023\/01\/Bauweb_logo-01.png\",\"width\":842,\"height\":596,\"caption\":\"Hobi dom d.o.o.\"},\"image\":{\"@id\":\"https:\/\/bauweb.hr\/#\/schema\/logo\/image\/\"},\"sameAs\":[\"https:\/\/facebook.com\/bauweb00\",\"https:\/\/instagram.com\/bauweb_shop\"]}]}<\/script>\n<!-- \/ Yoast SEO plugin. -->","yoast_head_json":{"title":"MAKITA B-49725 set ru\u010dnih alata i bitova, 96kom - BauWeb","description":"Potra\u017eite \u0161iroki izbor alata i materijala za profesionalne gra\u0111evinske radove. Istra\u017ei Bauweb ponudu i kupuj uz odli\u010dne popuste.","robots":{"index":"index","follow":"follow","max-snippet":"max-snippet:-1","max-image-preview":"max-image-preview:large","max-video-preview":"max-video-preview:-1"},"canonical":"https:\/\/bauweb.hr\/index.php\/product\/makita-b-49725-set-rucnih-alata-i-bitova-96kom\/","og_locale":"hr_HR","og_type":"article","og_title":"MAKITA B-49725 set ru\u010dnih alata i bitova, 96kom - BauWeb","og_description":"Potra\u017eite \u0161iroki izbor alata i materijala za profesionalne gra\u0111evinske radove. Istra\u017ei Bauweb ponudu i kupuj uz odli\u010dne popuste.","og_url":"https:\/\/bauweb.hr\/index.php\/product\/makita-b-49725-set-rucnih-alata-i-bitova-96kom\/","og_site_name":"BauWeb","article_publisher":"https:\/\/facebook.com\/bauweb00","article_modified_time":"2023-09-06T18:45:13+00:00","og_image":[{"width":690,"height":690,"url":"https:\/\/bauweb.hr\/wp-content\/uploads\/2023\/09\/makita-b-49725-set-rucnih-alata-bitova-96kom-slika-201085883.jpeg","type":"image\/jpeg"}],"twitter_card":"summary_large_image","twitter_misc":{"Procijenjeno vrijeme \u010ditanja":"2 minute"},"schema":{"@context":"https:\/\/schema.org","@graph":[{"@type":"WebPage","@id":"https:\/\/bauweb.hr\/index.php\/product\/makita-b-49725-set-rucnih-alata-i-bitova-96kom\/","url":"https:\/\/bauweb.hr\/index.php\/product\/makita-b-49725-set-rucnih-alata-i-bitova-96kom\/","name":"MAKITA B-49725 set ru\u010dnih alata i bitova, 96kom - BauWeb","isPartOf":{"@id":"https:\/\/bauweb.hr\/#website"},"primaryImageOfPage":{"@id":"https:\/\/bauweb.hr\/index.php\/product\/makita-b-49725-set-rucnih-alata-i-bitova-96kom\/#primaryimage"},"image":{"@id":"https:\/\/bauweb.hr\/index.php\/product\/makita-b-49725-set-rucnih-alata-i-bitova-96kom\/#primaryimage"},"thumbnailUrl":"https:\/\/bauweb.hr\/wp-content\/uploads\/2023\/09\/makita-b-49725-set-rucnih-alata-bitova-96kom-slika-201085883.jpeg","datePublished":"2023-09-06T18:42:10+00:00","dateModified":"2023-09-06T18:45:13+00:00","description":"Potra\u017eite \u0161iroki izbor alata i materijala za profesionalne gra\u0111evinske radove. Istra\u017ei Bauweb ponudu i kupuj uz odli\u010dne popuste.","breadcrumb":{"@id":"https:\/\/bauweb.hr\/index.php\/product\/makita-b-49725-set-rucnih-alata-i-bitova-96kom\/#breadcrumb"},"inLanguage":"hr","potentialAction":[{"@type":"ReadAction","target":["https:\/\/bauweb.hr\/index.php\/product\/makita-b-49725-set-rucnih-alata-i-bitova-96kom\/"]}]},{"@type":"ImageObject","inLanguage":"hr","@id":"https:\/\/bauweb.hr\/index.php\/product\/makita-b-49725-set-rucnih-alata-i-bitova-96kom\/#primaryimage","url":"https:\/\/bauweb.hr\/wp-content\/uploads\/2023\/09\/makita-b-49725-set-rucnih-alata-bitova-96kom-slika-201085883.jpeg","contentUrl":"https:\/\/bauweb.hr\/wp-content\/uploads\/2023\/09\/makita-b-49725-set-rucnih-alata-bitova-96kom-slika-201085883.jpeg","width":690,"height":690},{"@type":"BreadcrumbList","@id":"https:\/\/bauweb.hr\/index.php\/product\/makita-b-49725-set-rucnih-alata-i-bitova-96kom\/#breadcrumb","itemListElement":[{"@type":"ListItem","position":1,"name":"Po\u010detna stranica","item":"https:\/\/bauweb.hr\/"},{"@type":"ListItem","position":2,"name":"Shop","item":"https:\/\/bauweb.hr\/index.php\/shop-wooshop-v1\/"},{"@type":"ListItem","position":3,"name":"MAKITA B-49725 set ru\u010dnih alata i bitova, 96kom"}]},{"@type":"WebSite","@id":"https:\/\/bauweb.hr\/#website","url":"https:\/\/bauweb.hr\/","name":"BauWeb","description":"Za prave majstore","publisher":{"@id":"https:\/\/bauweb.hr\/#organization"},"alternateName":"BauWeb","potentialAction":[{"@type":"SearchAction","target":{"@type":"EntryPoint","urlTemplate":"https:\/\/bauweb.hr\/?s={search_term_string}"},"query-input":{"@type":"PropertyValueSpecification","valueRequired":true,"valueName":"search_term_string"}}],"inLanguage":"hr"},{"@type":"Organization","@id":"https:\/\/bauweb.hr\/#organization","name":"Hobi dom d.o.o.","url":"https:\/\/bauweb.hr\/","logo":{"@type":"ImageObject","inLanguage":"hr","@id":"https:\/\/bauweb.hr\/#\/schema\/logo\/image\/","url":"https:\/\/bauweb.hr\/wp-content\/uploads\/2023\/01\/Bauweb_logo-01.png","contentUrl":"https:\/\/bauweb.hr\/wp-content\/uploads\/2023\/01\/Bauweb_logo-01.png","width":842,"height":596,"caption":"Hobi dom d.o.o."},"image":{"@id":"https:\/\/bauweb.hr\/#\/schema\/logo\/image\/"},"sameAs":["https:\/\/facebook.com\/bauweb00","https:\/\/instagram.com\/bauweb_shop"]}]}},"_links":{"self":[{"href":"https:\/\/bauweb.hr\/index.php\/wp-json\/wp\/v2\/product\/19525","targetHints":{"allow":["GET"]}}],"collection":[{"href":"https:\/\/bauweb.hr\/index.php\/wp-json\/wp\/v2\/product"}],"about":[{"href":"https:\/\/bauweb.hr\/index.php\/wp-json\/wp\/v2\/types\/product"}],"replies":[{"embeddable":true,"href":"https:\/\/bauweb.hr\/index.php\/wp-json\/wp\/v2\/comments?post=19525"}],"wp:featuredmedia":[{"embeddable":true,"href":"https:\/\/bauweb.hr\/index.php\/wp-json\/wp\/v2\/media\/19527"}],"wp:attachment":[{"href":"https:\/\/bauweb.hr\/index.php\/wp-json\/wp\/v2\/media?parent=19525"}],"wp:term":[{"taxonomy":"product_brand","embeddable":true,"href":"https:\/\/bauweb.hr\/index.php\/wp-json\/wp\/v2\/product_brand?post=19525"},{"taxonomy":"product_cat","embeddable":true,"href":"https:\/\/bauweb.hr\/index.php\/wp-json\/wp\/v2\/product_cat?post=19525"},{"taxonomy":"product_tag","embeddable":true,"href":"https:\/\/bauweb.hr\/index.php\/wp-json\/wp\/v2\/product_tag?post=19525"}],"curies":[{"name":"wp","href":"https:\/\/api.w.org\/{rel}","templated":true}]}}