{"id":20496,"date":"2023-11-29T17:34:58","date_gmt":"2023-11-29T16:34:58","guid":{"rendered":"https:\/\/bauweb.hr\/?post_type=product&#038;p=20496"},"modified":"2023-11-29T17:36:53","modified_gmt":"2023-11-29T16:36:53","slug":"digitalna-pomicna-mjerka-150mm-mc0020","status":"publish","type":"product","link":"https:\/\/bauweb.hr\/index.php\/product\/digitalna-pomicna-mjerka-150mm-mc0020\/","title":{"rendered":"Digitalna pomi\u010dna mjerka 150mm ( MC0020 )"},"content":{"rendered":"<p>Mjerilo se koristi za izvo\u0111enje preciznih mjerenja, posebno dt. debljine materijala, dubine rupa itd. Pomo\u0107u mjerila mo\u017eete mjeriti unutarnje i vanjske dimenzije, dubinu i visinu predmeta. Digitalni kalibar DEDRA MC0020 ima digitalni zaslon koji omogu\u0107uje precizno i \u200b\u200bprije svega jednostavno o\u010ditavanje do stotinki milimetra. To\u010dnost mjerenja je vrlo visoka jer iznosi +\/- 0,01 mm\/m. Vijak koji se nalazi na bo\u010dnoj strani kliza\u010da blokira njegov hod, omogu\u0107uju\u0107i vam da u\u010dvrstite \u010deljust nakon \u0161to je mjerenje obavljeno, tako da se kliza\u010d ne pomi\u010de prije o\u010ditanja. Tri gumba na kliza\u010du ispod zaslona omogu\u0107uju vam promjenu jedinica iz mm u in\u010de, postavljanje nule i uklju\u010divanje\/isklju\u010divanje kalibra.<\/p>\n<p>Zna\u010dajke:<br \/>\n-Digitalna \u010deli\u010dna \u010deljust<br \/>\n-Stezni vijak za zaklju\u010davanje kliza\u010da<br \/>\n-Lako \u010ditljiv LCD zaslon<br \/>\n-Omogu\u0107uje vam mjerenje: iznutra, izvana, dubine, visine<br \/>\n-Prakti\u010dna plasti\u010dna kutija<br \/>\n-Baterija uklju\u010dena<\/p>\n<p>Specifikacije:<br \/>\n-Raspon mjerenja: 0-150 mm<br \/>\n-To\u010dnost: \u00b1 0,01 mm \/ m<br \/>\n-Mjerne jedinice: mm \/ in\u010d<br \/>\n-Materijal: nehr\u0111aju\u0107i \u010delik<\/p>\n","protected":false},"excerpt":{"rendered":"<p>Pomi\u010dno mjerilo je jedan od alata koji ne mo\u017ee nedostajati u radioni\u010dkoj opremi ili kolekciji uradi sam majstora.<\/p>\n<p>Potvrdili majstori!<\/p>\n","protected":false},"featured_media":20497,"comment_status":"open","ping_status":"closed","template":"","meta":[],"product_brand":[350],"product_cat":[210],"product_tag":[],"class_list":{"0":"post-20496","1":"product","2":"type-product","3":"status-publish","4":"has-post-thumbnail","6":"product_brand-dedra","7":"product_cat-ostalo","9":"first","10":"instock","11":"shipping-taxable","12":"purchasable","13":"product-type-simple"},"yoast_head":"<!-- This site is optimized with the Yoast SEO plugin v27.2 - https:\/\/yoast.com\/product\/yoast-seo-wordpress\/ -->\n<title>Digitalna pomi\u010dna mjerka 150mm ( MC0020 ) - BauWeb<\/title>\n<meta name=\"description\" content=\"Potra\u017eite \u0161iroki izbor alata i materijala za profesionalne gra\u0111evinske radove. Istra\u017ei Bauweb ponudu i kupuj uz odli\u010dne popuste.\" \/>\n<meta name=\"robots\" content=\"index, follow, max-snippet:-1, max-image-preview:large, max-video-preview:-1\" \/>\n<link rel=\"canonical\" href=\"https:\/\/bauweb.hr\/index.php\/product\/digitalna-pomicna-mjerka-150mm-mc0020\/\" \/>\n<meta property=\"og:locale\" content=\"hr_HR\" \/>\n<meta property=\"og:type\" content=\"article\" \/>\n<meta property=\"og:title\" content=\"Digitalna pomi\u010dna mjerka 150mm ( MC0020 ) - BauWeb\" \/>\n<meta property=\"og:description\" content=\"Potra\u017eite \u0161iroki izbor alata i materijala za profesionalne gra\u0111evinske radove. Istra\u017ei Bauweb ponudu i kupuj uz odli\u010dne popuste.\" \/>\n<meta property=\"og:url\" content=\"https:\/\/bauweb.hr\/index.php\/product\/digitalna-pomicna-mjerka-150mm-mc0020\/\" \/>\n<meta property=\"og:site_name\" content=\"BauWeb\" \/>\n<meta property=\"article:publisher\" content=\"https:\/\/facebook.com\/bauweb00\" \/>\n<meta property=\"article:modified_time\" content=\"2023-11-29T16:36:53+00:00\" \/>\n<meta property=\"og:image\" content=\"https:\/\/bauweb.hr\/wp-content\/uploads\/2023\/11\/digitalna-pomicna-mjerka-150mm-mc0020-slika-208067432.jpeg\" \/>\n\t<meta property=\"og:image:width\" content=\"500\" \/>\n\t<meta property=\"og:image:height\" content=\"500\" \/>\n\t<meta property=\"og:image:type\" content=\"image\/jpeg\" \/>\n<meta name=\"twitter:card\" content=\"summary_large_image\" \/>\n<meta name=\"twitter:label1\" content=\"Procijenjeno vrijeme \u010ditanja\" \/>\n\t<meta name=\"twitter:data1\" content=\"1 minuta\" \/>\n<script type=\"application\/ld+json\" class=\"yoast-schema-graph\">{\"@context\":\"https:\/\/schema.org\",\"@graph\":[{\"@type\":\"WebPage\",\"@id\":\"https:\/\/bauweb.hr\/index.php\/product\/digitalna-pomicna-mjerka-150mm-mc0020\/\",\"url\":\"https:\/\/bauweb.hr\/index.php\/product\/digitalna-pomicna-mjerka-150mm-mc0020\/\",\"name\":\"Digitalna pomi\u010dna mjerka 150mm ( MC0020 ) - BauWeb\",\"isPartOf\":{\"@id\":\"https:\/\/bauweb.hr\/#website\"},\"primaryImageOfPage\":{\"@id\":\"https:\/\/bauweb.hr\/index.php\/product\/digitalna-pomicna-mjerka-150mm-mc0020\/#primaryimage\"},\"image\":{\"@id\":\"https:\/\/bauweb.hr\/index.php\/product\/digitalna-pomicna-mjerka-150mm-mc0020\/#primaryimage\"},\"thumbnailUrl\":\"https:\/\/bauweb.hr\/wp-content\/uploads\/2023\/11\/digitalna-pomicna-mjerka-150mm-mc0020-slika-208067432.jpeg\",\"datePublished\":\"2023-11-29T16:34:58+00:00\",\"dateModified\":\"2023-11-29T16:36:53+00:00\",\"description\":\"Potra\u017eite \u0161iroki izbor alata i materijala za profesionalne gra\u0111evinske radove. Istra\u017ei Bauweb ponudu i kupuj uz odli\u010dne popuste.\",\"breadcrumb\":{\"@id\":\"https:\/\/bauweb.hr\/index.php\/product\/digitalna-pomicna-mjerka-150mm-mc0020\/#breadcrumb\"},\"inLanguage\":\"hr\",\"potentialAction\":[{\"@type\":\"ReadAction\",\"target\":[\"https:\/\/bauweb.hr\/index.php\/product\/digitalna-pomicna-mjerka-150mm-mc0020\/\"]}]},{\"@type\":\"ImageObject\",\"inLanguage\":\"hr\",\"@id\":\"https:\/\/bauweb.hr\/index.php\/product\/digitalna-pomicna-mjerka-150mm-mc0020\/#primaryimage\",\"url\":\"https:\/\/bauweb.hr\/wp-content\/uploads\/2023\/11\/digitalna-pomicna-mjerka-150mm-mc0020-slika-208067432.jpeg\",\"contentUrl\":\"https:\/\/bauweb.hr\/wp-content\/uploads\/2023\/11\/digitalna-pomicna-mjerka-150mm-mc0020-slika-208067432.jpeg\",\"width\":500,\"height\":500},{\"@type\":\"BreadcrumbList\",\"@id\":\"https:\/\/bauweb.hr\/index.php\/product\/digitalna-pomicna-mjerka-150mm-mc0020\/#breadcrumb\",\"itemListElement\":[{\"@type\":\"ListItem\",\"position\":1,\"name\":\"Po\u010detna stranica\",\"item\":\"https:\/\/bauweb.hr\/\"},{\"@type\":\"ListItem\",\"position\":2,\"name\":\"Shop\",\"item\":\"https:\/\/bauweb.hr\/index.php\/shop-wooshop-v1\/\"},{\"@type\":\"ListItem\",\"position\":3,\"name\":\"Digitalna pomi\u010dna mjerka 150mm ( MC0020 )\"}]},{\"@type\":\"WebSite\",\"@id\":\"https:\/\/bauweb.hr\/#website\",\"url\":\"https:\/\/bauweb.hr\/\",\"name\":\"BauWeb\",\"description\":\"Za prave majstore\",\"publisher\":{\"@id\":\"https:\/\/bauweb.hr\/#organization\"},\"alternateName\":\"BauWeb\",\"potentialAction\":[{\"@type\":\"SearchAction\",\"target\":{\"@type\":\"EntryPoint\",\"urlTemplate\":\"https:\/\/bauweb.hr\/?s={search_term_string}\"},\"query-input\":{\"@type\":\"PropertyValueSpecification\",\"valueRequired\":true,\"valueName\":\"search_term_string\"}}],\"inLanguage\":\"hr\"},{\"@type\":\"Organization\",\"@id\":\"https:\/\/bauweb.hr\/#organization\",\"name\":\"Hobi dom d.o.o.\",\"url\":\"https:\/\/bauweb.hr\/\",\"logo\":{\"@type\":\"ImageObject\",\"inLanguage\":\"hr\",\"@id\":\"https:\/\/bauweb.hr\/#\/schema\/logo\/image\/\",\"url\":\"https:\/\/bauweb.hr\/wp-content\/uploads\/2023\/01\/Bauweb_logo-01.png\",\"contentUrl\":\"https:\/\/bauweb.hr\/wp-content\/uploads\/2023\/01\/Bauweb_logo-01.png\",\"width\":842,\"height\":596,\"caption\":\"Hobi dom d.o.o.\"},\"image\":{\"@id\":\"https:\/\/bauweb.hr\/#\/schema\/logo\/image\/\"},\"sameAs\":[\"https:\/\/facebook.com\/bauweb00\",\"https:\/\/instagram.com\/bauweb_shop\"]}]}<\/script>\n<!-- \/ Yoast SEO plugin. -->","yoast_head_json":{"title":"Digitalna pomi\u010dna mjerka 150mm ( MC0020 ) - BauWeb","description":"Potra\u017eite \u0161iroki izbor alata i materijala za profesionalne gra\u0111evinske radove. Istra\u017ei Bauweb ponudu i kupuj uz odli\u010dne popuste.","robots":{"index":"index","follow":"follow","max-snippet":"max-snippet:-1","max-image-preview":"max-image-preview:large","max-video-preview":"max-video-preview:-1"},"canonical":"https:\/\/bauweb.hr\/index.php\/product\/digitalna-pomicna-mjerka-150mm-mc0020\/","og_locale":"hr_HR","og_type":"article","og_title":"Digitalna pomi\u010dna mjerka 150mm ( MC0020 ) - BauWeb","og_description":"Potra\u017eite \u0161iroki izbor alata i materijala za profesionalne gra\u0111evinske radove. Istra\u017ei Bauweb ponudu i kupuj uz odli\u010dne popuste.","og_url":"https:\/\/bauweb.hr\/index.php\/product\/digitalna-pomicna-mjerka-150mm-mc0020\/","og_site_name":"BauWeb","article_publisher":"https:\/\/facebook.com\/bauweb00","article_modified_time":"2023-11-29T16:36:53+00:00","og_image":[{"width":500,"height":500,"url":"https:\/\/bauweb.hr\/wp-content\/uploads\/2023\/11\/digitalna-pomicna-mjerka-150mm-mc0020-slika-208067432.jpeg","type":"image\/jpeg"}],"twitter_card":"summary_large_image","twitter_misc":{"Procijenjeno vrijeme \u010ditanja":"1 minuta"},"schema":{"@context":"https:\/\/schema.org","@graph":[{"@type":"WebPage","@id":"https:\/\/bauweb.hr\/index.php\/product\/digitalna-pomicna-mjerka-150mm-mc0020\/","url":"https:\/\/bauweb.hr\/index.php\/product\/digitalna-pomicna-mjerka-150mm-mc0020\/","name":"Digitalna pomi\u010dna mjerka 150mm ( MC0020 ) - BauWeb","isPartOf":{"@id":"https:\/\/bauweb.hr\/#website"},"primaryImageOfPage":{"@id":"https:\/\/bauweb.hr\/index.php\/product\/digitalna-pomicna-mjerka-150mm-mc0020\/#primaryimage"},"image":{"@id":"https:\/\/bauweb.hr\/index.php\/product\/digitalna-pomicna-mjerka-150mm-mc0020\/#primaryimage"},"thumbnailUrl":"https:\/\/bauweb.hr\/wp-content\/uploads\/2023\/11\/digitalna-pomicna-mjerka-150mm-mc0020-slika-208067432.jpeg","datePublished":"2023-11-29T16:34:58+00:00","dateModified":"2023-11-29T16:36:53+00:00","description":"Potra\u017eite \u0161iroki izbor alata i materijala za profesionalne gra\u0111evinske radove. Istra\u017ei Bauweb ponudu i kupuj uz odli\u010dne popuste.","breadcrumb":{"@id":"https:\/\/bauweb.hr\/index.php\/product\/digitalna-pomicna-mjerka-150mm-mc0020\/#breadcrumb"},"inLanguage":"hr","potentialAction":[{"@type":"ReadAction","target":["https:\/\/bauweb.hr\/index.php\/product\/digitalna-pomicna-mjerka-150mm-mc0020\/"]}]},{"@type":"ImageObject","inLanguage":"hr","@id":"https:\/\/bauweb.hr\/index.php\/product\/digitalna-pomicna-mjerka-150mm-mc0020\/#primaryimage","url":"https:\/\/bauweb.hr\/wp-content\/uploads\/2023\/11\/digitalna-pomicna-mjerka-150mm-mc0020-slika-208067432.jpeg","contentUrl":"https:\/\/bauweb.hr\/wp-content\/uploads\/2023\/11\/digitalna-pomicna-mjerka-150mm-mc0020-slika-208067432.jpeg","width":500,"height":500},{"@type":"BreadcrumbList","@id":"https:\/\/bauweb.hr\/index.php\/product\/digitalna-pomicna-mjerka-150mm-mc0020\/#breadcrumb","itemListElement":[{"@type":"ListItem","position":1,"name":"Po\u010detna stranica","item":"https:\/\/bauweb.hr\/"},{"@type":"ListItem","position":2,"name":"Shop","item":"https:\/\/bauweb.hr\/index.php\/shop-wooshop-v1\/"},{"@type":"ListItem","position":3,"name":"Digitalna pomi\u010dna mjerka 150mm ( MC0020 )"}]},{"@type":"WebSite","@id":"https:\/\/bauweb.hr\/#website","url":"https:\/\/bauweb.hr\/","name":"BauWeb","description":"Za prave majstore","publisher":{"@id":"https:\/\/bauweb.hr\/#organization"},"alternateName":"BauWeb","potentialAction":[{"@type":"SearchAction","target":{"@type":"EntryPoint","urlTemplate":"https:\/\/bauweb.hr\/?s={search_term_string}"},"query-input":{"@type":"PropertyValueSpecification","valueRequired":true,"valueName":"search_term_string"}}],"inLanguage":"hr"},{"@type":"Organization","@id":"https:\/\/bauweb.hr\/#organization","name":"Hobi dom d.o.o.","url":"https:\/\/bauweb.hr\/","logo":{"@type":"ImageObject","inLanguage":"hr","@id":"https:\/\/bauweb.hr\/#\/schema\/logo\/image\/","url":"https:\/\/bauweb.hr\/wp-content\/uploads\/2023\/01\/Bauweb_logo-01.png","contentUrl":"https:\/\/bauweb.hr\/wp-content\/uploads\/2023\/01\/Bauweb_logo-01.png","width":842,"height":596,"caption":"Hobi dom d.o.o."},"image":{"@id":"https:\/\/bauweb.hr\/#\/schema\/logo\/image\/"},"sameAs":["https:\/\/facebook.com\/bauweb00","https:\/\/instagram.com\/bauweb_shop"]}]}},"_links":{"self":[{"href":"https:\/\/bauweb.hr\/index.php\/wp-json\/wp\/v2\/product\/20496","targetHints":{"allow":["GET"]}}],"collection":[{"href":"https:\/\/bauweb.hr\/index.php\/wp-json\/wp\/v2\/product"}],"about":[{"href":"https:\/\/bauweb.hr\/index.php\/wp-json\/wp\/v2\/types\/product"}],"replies":[{"embeddable":true,"href":"https:\/\/bauweb.hr\/index.php\/wp-json\/wp\/v2\/comments?post=20496"}],"wp:featuredmedia":[{"embeddable":true,"href":"https:\/\/bauweb.hr\/index.php\/wp-json\/wp\/v2\/media\/20497"}],"wp:attachment":[{"href":"https:\/\/bauweb.hr\/index.php\/wp-json\/wp\/v2\/media?parent=20496"}],"wp:term":[{"taxonomy":"product_brand","embeddable":true,"href":"https:\/\/bauweb.hr\/index.php\/wp-json\/wp\/v2\/product_brand?post=20496"},{"taxonomy":"product_cat","embeddable":true,"href":"https:\/\/bauweb.hr\/index.php\/wp-json\/wp\/v2\/product_cat?post=20496"},{"taxonomy":"product_tag","embeddable":true,"href":"https:\/\/bauweb.hr\/index.php\/wp-json\/wp\/v2\/product_tag?post=20496"}],"curies":[{"name":"wp","href":"https:\/\/api.w.org\/{rel}","templated":true}]}}