{"id":20837,"date":"2024-01-18T18:15:43","date_gmt":"2024-01-18T17:15:43","guid":{"rendered":"https:\/\/bauweb.hr\/?post_type=product&#038;p=20837"},"modified":"2024-07-23T12:40:41","modified_gmt":"2024-07-23T10:40:41","slug":"dedra-mjerac-vlaznosti-i-temperature","status":"publish","type":"product","link":"https:\/\/bauweb.hr\/index.php\/product\/dedra-mjerac-vlaznosti-i-temperature\/","title":{"rendered":"DEDRA &#8211; mjera\u010d vla\u017enosti i temperature"},"content":{"rendered":"<p>U gra\u0111evinarstvu i industriji obnove mo\u017ee se koristiti za mjerenje vla\u017enosti i temperature u prostorijama, \u0161to poma\u017ee u prepoznavanju potencijalnih problema povezanih s vlagom, poput plijesni ili gljivica. U poljoprivredi omogu\u0107uje pra\u0107enje uvjeta rasta biljaka, au prehrambenoj i farmaceutskoj industriji omogu\u0107uje kontrolu vla\u017enosti, \u0161to je klju\u010dno za odr\u017eavanje odgovaraju\u0107e kvalitete proizvoda i sukladnosti sa sanitarnim standardima. U svakodnevnoj uporabi bit \u0107e koristan u domovima, uredima ili skladi\u0161tima, gdje je kontrola uvjeta okoline va\u017ena za udobnost rada i \u017eivota.<\/p>\n<p>Dodatno, mjera\u010d je opremljen s \u010detiri funkcije mjerenja temperature, \u0161to ga \u010dini profesionalnim mjernim alatom. Indikator prazne baterije obavijestit \u0107e nas o skorom pra\u017enjenju energetskih \u0107elija, a sustav za automatsko isklju\u010divanje \u0161tedi bateriju.<br \/>\nMjera\u010d se napaja s tri AAA baterije, a njegove kompaktne dimenzije i mala te\u017eina \u010dine ga prakti\u010dnim i prakti\u010dnim ure\u0111ajem.<br \/>\nUre\u0111aj je dizajniran za rad sa standardnim \u00bc&#8221; stativom.<\/p>\n<p>Zna\u010dajke mjera\u010da vla\u017enosti i temperature okoline DEDRA MC0956:<br \/>\nIndikator prazne baterije &#8211; kontrola vremena rada ure\u0111aja<br \/>\nData Hold &#8211; zaustavljanje trenutnog mjerenja<br \/>\n\u010cetiri funkcije mjerenja temperature<br \/>\nVisoka memorija mjerenja &#8211; do 1000 zapisa<br \/>\nAutomatsko isklju\u010divanje [10 min] &#8211; \u0161tedi bateriju<br \/>\nBrz odziv o\u010ditanja temperature [30 sekundi]<\/p>\n","protected":false},"excerpt":{"rendered":"<p>Mjera\u010d vla\u017enosti i temperature okoline DEDRA MC0956 je alat koji se mo\u017ee koristiti, izme\u0111u ostalog, u gra\u0111evinarstvu, poljoprivredi, prehrambenoj i farmaceutskoj industriji te u svakodnevnoj uporabi.<\/p>\n<p>Potvrdili majstori!<\/p>\n","protected":false},"featured_media":20838,"comment_status":"open","ping_status":"closed","template":"","meta":[],"product_brand":[350],"product_cat":[210],"product_tag":[],"class_list":{"0":"post-20837","1":"product","2":"type-product","3":"status-publish","4":"has-post-thumbnail","6":"product_brand-dedra","7":"product_cat-ostalo","9":"first","10":"instock","11":"shipping-taxable","12":"purchasable","13":"product-type-simple"},"yoast_head":"<!-- This site is optimized with the Yoast SEO plugin v27.2 - https:\/\/yoast.com\/product\/yoast-seo-wordpress\/ -->\n<title>DEDRA - mjera\u010d vla\u017enosti i temperature - BauWeb<\/title>\n<meta name=\"description\" content=\"Potra\u017eite \u0161iroki izbor alata i materijala za profesionalne gra\u0111evinske radove. Istra\u017ei Bauweb ponudu i kupuj uz odli\u010dne popuste.\" \/>\n<meta name=\"robots\" content=\"index, follow, max-snippet:-1, max-image-preview:large, max-video-preview:-1\" \/>\n<link rel=\"canonical\" href=\"https:\/\/bauweb.hr\/index.php\/product\/dedra-mjerac-vlaznosti-i-temperature\/\" \/>\n<meta property=\"og:locale\" content=\"hr_HR\" \/>\n<meta property=\"og:type\" content=\"article\" \/>\n<meta property=\"og:title\" content=\"DEDRA - mjera\u010d vla\u017enosti i temperature - BauWeb\" \/>\n<meta property=\"og:description\" content=\"Potra\u017eite \u0161iroki izbor alata i materijala za profesionalne gra\u0111evinske radove. Istra\u017ei Bauweb ponudu i kupuj uz odli\u010dne popuste.\" \/>\n<meta property=\"og:url\" content=\"https:\/\/bauweb.hr\/index.php\/product\/dedra-mjerac-vlaznosti-i-temperature\/\" \/>\n<meta property=\"og:site_name\" content=\"BauWeb\" \/>\n<meta property=\"article:publisher\" content=\"https:\/\/facebook.com\/bauweb00\" \/>\n<meta property=\"article:modified_time\" content=\"2024-07-23T10:40:41+00:00\" \/>\n<meta property=\"og:image\" content=\"https:\/\/bauweb.hr\/wp-content\/uploads\/2024\/01\/dedra-mjerac-vlaznosti-temperature-slika-211416544.jpeg\" \/>\n\t<meta property=\"og:image:width\" content=\"500\" \/>\n\t<meta property=\"og:image:height\" content=\"500\" \/>\n\t<meta property=\"og:image:type\" content=\"image\/jpeg\" \/>\n<meta name=\"twitter:card\" content=\"summary_large_image\" \/>\n<meta name=\"twitter:label1\" content=\"Procijenjeno vrijeme \u010ditanja\" \/>\n\t<meta name=\"twitter:data1\" content=\"1 minuta\" \/>\n<script type=\"application\/ld+json\" class=\"yoast-schema-graph\">{\"@context\":\"https:\/\/schema.org\",\"@graph\":[{\"@type\":\"WebPage\",\"@id\":\"https:\/\/bauweb.hr\/index.php\/product\/dedra-mjerac-vlaznosti-i-temperature\/\",\"url\":\"https:\/\/bauweb.hr\/index.php\/product\/dedra-mjerac-vlaznosti-i-temperature\/\",\"name\":\"DEDRA - mjera\u010d vla\u017enosti i temperature - BauWeb\",\"isPartOf\":{\"@id\":\"https:\/\/bauweb.hr\/#website\"},\"primaryImageOfPage\":{\"@id\":\"https:\/\/bauweb.hr\/index.php\/product\/dedra-mjerac-vlaznosti-i-temperature\/#primaryimage\"},\"image\":{\"@id\":\"https:\/\/bauweb.hr\/index.php\/product\/dedra-mjerac-vlaznosti-i-temperature\/#primaryimage\"},\"thumbnailUrl\":\"https:\/\/bauweb.hr\/wp-content\/uploads\/2024\/01\/dedra-mjerac-vlaznosti-temperature-slika-211416544.jpeg\",\"datePublished\":\"2024-01-18T17:15:43+00:00\",\"dateModified\":\"2024-07-23T10:40:41+00:00\",\"description\":\"Potra\u017eite \u0161iroki izbor alata i materijala za profesionalne gra\u0111evinske radove. Istra\u017ei Bauweb ponudu i kupuj uz odli\u010dne popuste.\",\"breadcrumb\":{\"@id\":\"https:\/\/bauweb.hr\/index.php\/product\/dedra-mjerac-vlaznosti-i-temperature\/#breadcrumb\"},\"inLanguage\":\"hr\",\"potentialAction\":[{\"@type\":\"ReadAction\",\"target\":[\"https:\/\/bauweb.hr\/index.php\/product\/dedra-mjerac-vlaznosti-i-temperature\/\"]}]},{\"@type\":\"ImageObject\",\"inLanguage\":\"hr\",\"@id\":\"https:\/\/bauweb.hr\/index.php\/product\/dedra-mjerac-vlaznosti-i-temperature\/#primaryimage\",\"url\":\"https:\/\/bauweb.hr\/wp-content\/uploads\/2024\/01\/dedra-mjerac-vlaznosti-temperature-slika-211416544.jpeg\",\"contentUrl\":\"https:\/\/bauweb.hr\/wp-content\/uploads\/2024\/01\/dedra-mjerac-vlaznosti-temperature-slika-211416544.jpeg\",\"width\":500,\"height\":500},{\"@type\":\"BreadcrumbList\",\"@id\":\"https:\/\/bauweb.hr\/index.php\/product\/dedra-mjerac-vlaznosti-i-temperature\/#breadcrumb\",\"itemListElement\":[{\"@type\":\"ListItem\",\"position\":1,\"name\":\"Po\u010detna stranica\",\"item\":\"https:\/\/bauweb.hr\/\"},{\"@type\":\"ListItem\",\"position\":2,\"name\":\"Shop\",\"item\":\"https:\/\/bauweb.hr\/index.php\/shop-wooshop-v1\/\"},{\"@type\":\"ListItem\",\"position\":3,\"name\":\"DEDRA &#8211; mjera\u010d vla\u017enosti i temperature\"}]},{\"@type\":\"WebSite\",\"@id\":\"https:\/\/bauweb.hr\/#website\",\"url\":\"https:\/\/bauweb.hr\/\",\"name\":\"BauWeb\",\"description\":\"Za prave majstore\",\"publisher\":{\"@id\":\"https:\/\/bauweb.hr\/#organization\"},\"alternateName\":\"BauWeb\",\"potentialAction\":[{\"@type\":\"SearchAction\",\"target\":{\"@type\":\"EntryPoint\",\"urlTemplate\":\"https:\/\/bauweb.hr\/?s={search_term_string}\"},\"query-input\":{\"@type\":\"PropertyValueSpecification\",\"valueRequired\":true,\"valueName\":\"search_term_string\"}}],\"inLanguage\":\"hr\"},{\"@type\":\"Organization\",\"@id\":\"https:\/\/bauweb.hr\/#organization\",\"name\":\"Hobi dom d.o.o.\",\"url\":\"https:\/\/bauweb.hr\/\",\"logo\":{\"@type\":\"ImageObject\",\"inLanguage\":\"hr\",\"@id\":\"https:\/\/bauweb.hr\/#\/schema\/logo\/image\/\",\"url\":\"https:\/\/bauweb.hr\/wp-content\/uploads\/2023\/01\/Bauweb_logo-01.png\",\"contentUrl\":\"https:\/\/bauweb.hr\/wp-content\/uploads\/2023\/01\/Bauweb_logo-01.png\",\"width\":842,\"height\":596,\"caption\":\"Hobi dom d.o.o.\"},\"image\":{\"@id\":\"https:\/\/bauweb.hr\/#\/schema\/logo\/image\/\"},\"sameAs\":[\"https:\/\/facebook.com\/bauweb00\",\"https:\/\/instagram.com\/bauweb_shop\"]}]}<\/script>\n<!-- \/ Yoast SEO plugin. -->","yoast_head_json":{"title":"DEDRA - mjera\u010d vla\u017enosti i temperature - BauWeb","description":"Potra\u017eite \u0161iroki izbor alata i materijala za profesionalne gra\u0111evinske radove. Istra\u017ei Bauweb ponudu i kupuj uz odli\u010dne popuste.","robots":{"index":"index","follow":"follow","max-snippet":"max-snippet:-1","max-image-preview":"max-image-preview:large","max-video-preview":"max-video-preview:-1"},"canonical":"https:\/\/bauweb.hr\/index.php\/product\/dedra-mjerac-vlaznosti-i-temperature\/","og_locale":"hr_HR","og_type":"article","og_title":"DEDRA - mjera\u010d vla\u017enosti i temperature - BauWeb","og_description":"Potra\u017eite \u0161iroki izbor alata i materijala za profesionalne gra\u0111evinske radove. Istra\u017ei Bauweb ponudu i kupuj uz odli\u010dne popuste.","og_url":"https:\/\/bauweb.hr\/index.php\/product\/dedra-mjerac-vlaznosti-i-temperature\/","og_site_name":"BauWeb","article_publisher":"https:\/\/facebook.com\/bauweb00","article_modified_time":"2024-07-23T10:40:41+00:00","og_image":[{"width":500,"height":500,"url":"https:\/\/bauweb.hr\/wp-content\/uploads\/2024\/01\/dedra-mjerac-vlaznosti-temperature-slika-211416544.jpeg","type":"image\/jpeg"}],"twitter_card":"summary_large_image","twitter_misc":{"Procijenjeno vrijeme \u010ditanja":"1 minuta"},"schema":{"@context":"https:\/\/schema.org","@graph":[{"@type":"WebPage","@id":"https:\/\/bauweb.hr\/index.php\/product\/dedra-mjerac-vlaznosti-i-temperature\/","url":"https:\/\/bauweb.hr\/index.php\/product\/dedra-mjerac-vlaznosti-i-temperature\/","name":"DEDRA - mjera\u010d vla\u017enosti i temperature - BauWeb","isPartOf":{"@id":"https:\/\/bauweb.hr\/#website"},"primaryImageOfPage":{"@id":"https:\/\/bauweb.hr\/index.php\/product\/dedra-mjerac-vlaznosti-i-temperature\/#primaryimage"},"image":{"@id":"https:\/\/bauweb.hr\/index.php\/product\/dedra-mjerac-vlaznosti-i-temperature\/#primaryimage"},"thumbnailUrl":"https:\/\/bauweb.hr\/wp-content\/uploads\/2024\/01\/dedra-mjerac-vlaznosti-temperature-slika-211416544.jpeg","datePublished":"2024-01-18T17:15:43+00:00","dateModified":"2024-07-23T10:40:41+00:00","description":"Potra\u017eite \u0161iroki izbor alata i materijala za profesionalne gra\u0111evinske radove. Istra\u017ei Bauweb ponudu i kupuj uz odli\u010dne popuste.","breadcrumb":{"@id":"https:\/\/bauweb.hr\/index.php\/product\/dedra-mjerac-vlaznosti-i-temperature\/#breadcrumb"},"inLanguage":"hr","potentialAction":[{"@type":"ReadAction","target":["https:\/\/bauweb.hr\/index.php\/product\/dedra-mjerac-vlaznosti-i-temperature\/"]}]},{"@type":"ImageObject","inLanguage":"hr","@id":"https:\/\/bauweb.hr\/index.php\/product\/dedra-mjerac-vlaznosti-i-temperature\/#primaryimage","url":"https:\/\/bauweb.hr\/wp-content\/uploads\/2024\/01\/dedra-mjerac-vlaznosti-temperature-slika-211416544.jpeg","contentUrl":"https:\/\/bauweb.hr\/wp-content\/uploads\/2024\/01\/dedra-mjerac-vlaznosti-temperature-slika-211416544.jpeg","width":500,"height":500},{"@type":"BreadcrumbList","@id":"https:\/\/bauweb.hr\/index.php\/product\/dedra-mjerac-vlaznosti-i-temperature\/#breadcrumb","itemListElement":[{"@type":"ListItem","position":1,"name":"Po\u010detna stranica","item":"https:\/\/bauweb.hr\/"},{"@type":"ListItem","position":2,"name":"Shop","item":"https:\/\/bauweb.hr\/index.php\/shop-wooshop-v1\/"},{"@type":"ListItem","position":3,"name":"DEDRA &#8211; mjera\u010d vla\u017enosti i temperature"}]},{"@type":"WebSite","@id":"https:\/\/bauweb.hr\/#website","url":"https:\/\/bauweb.hr\/","name":"BauWeb","description":"Za prave majstore","publisher":{"@id":"https:\/\/bauweb.hr\/#organization"},"alternateName":"BauWeb","potentialAction":[{"@type":"SearchAction","target":{"@type":"EntryPoint","urlTemplate":"https:\/\/bauweb.hr\/?s={search_term_string}"},"query-input":{"@type":"PropertyValueSpecification","valueRequired":true,"valueName":"search_term_string"}}],"inLanguage":"hr"},{"@type":"Organization","@id":"https:\/\/bauweb.hr\/#organization","name":"Hobi dom d.o.o.","url":"https:\/\/bauweb.hr\/","logo":{"@type":"ImageObject","inLanguage":"hr","@id":"https:\/\/bauweb.hr\/#\/schema\/logo\/image\/","url":"https:\/\/bauweb.hr\/wp-content\/uploads\/2023\/01\/Bauweb_logo-01.png","contentUrl":"https:\/\/bauweb.hr\/wp-content\/uploads\/2023\/01\/Bauweb_logo-01.png","width":842,"height":596,"caption":"Hobi dom d.o.o."},"image":{"@id":"https:\/\/bauweb.hr\/#\/schema\/logo\/image\/"},"sameAs":["https:\/\/facebook.com\/bauweb00","https:\/\/instagram.com\/bauweb_shop"]}]}},"_links":{"self":[{"href":"https:\/\/bauweb.hr\/index.php\/wp-json\/wp\/v2\/product\/20837","targetHints":{"allow":["GET"]}}],"collection":[{"href":"https:\/\/bauweb.hr\/index.php\/wp-json\/wp\/v2\/product"}],"about":[{"href":"https:\/\/bauweb.hr\/index.php\/wp-json\/wp\/v2\/types\/product"}],"replies":[{"embeddable":true,"href":"https:\/\/bauweb.hr\/index.php\/wp-json\/wp\/v2\/comments?post=20837"}],"wp:featuredmedia":[{"embeddable":true,"href":"https:\/\/bauweb.hr\/index.php\/wp-json\/wp\/v2\/media\/20838"}],"wp:attachment":[{"href":"https:\/\/bauweb.hr\/index.php\/wp-json\/wp\/v2\/media?parent=20837"}],"wp:term":[{"taxonomy":"product_brand","embeddable":true,"href":"https:\/\/bauweb.hr\/index.php\/wp-json\/wp\/v2\/product_brand?post=20837"},{"taxonomy":"product_cat","embeddable":true,"href":"https:\/\/bauweb.hr\/index.php\/wp-json\/wp\/v2\/product_cat?post=20837"},{"taxonomy":"product_tag","embeddable":true,"href":"https:\/\/bauweb.hr\/index.php\/wp-json\/wp\/v2\/product_tag?post=20837"}],"curies":[{"name":"wp","href":"https:\/\/api.w.org\/{rel}","templated":true}]}}