{"id":20922,"date":"2024-01-25T19:01:19","date_gmt":"2024-01-25T18:01:19","guid":{"rendered":"https:\/\/bauweb.hr\/?post_type=product&#038;p=20922"},"modified":"2026-01-21T10:56:20","modified_gmt":"2026-01-21T09:56:20","slug":"battipav-mixer-50-super-mijesalica-ljepila-cementa-boja65l-ili-50-kg","status":"publish","type":"product","link":"https:\/\/bauweb.hr\/index.php\/product\/battipav-mixer-50-super-mijesalica-ljepila-cementa-boja65l-ili-50-kg\/","title":{"rendered":"Battipav Mixer 50 Super mije\u0161alica ljepila, cementa, boja 65l ili 50 kg"},"content":{"rendered":"<p>Opremljena sa:<br \/>\n\u2013 Monofazni motor 230V~50Hz 1,6 Hp \/ 1,2 Kw<br \/>\n\u2013 PET kanta \u2013 65 Lt.<\/p>\n<p>&#8211; Automatski sigurnosni prekida\u010d sprje\u010dava pokretanje motora kada je glava za mije\u0161anje potpuno podignuta.<br \/>\n&#8211; Kapacitet mije\u0161anja 50 Kg.<br \/>\n&#8211; Samostalno mije\u0161a do 50 kg materijala. U\u0161tedite vrijeme i novac!<br \/>\n&#8211; Homogena pasta i bez grudica.<br \/>\n&#8211; Lagano za rukovanje, stroj se lako pomi\u010de.<\/p>\n<p>Tehni\u010dki podaci:<\/p>\n<p>KAPACITET MIJE\u0160ANJA<br \/>\n50 kg<\/p>\n<p>KAPACITET KANTE<br \/>\n65 Lt<\/p>\n<p>DIMENZIJA STROJA NA STANJU<br \/>\n60x63x64 cm<\/p>\n<p>POGONSKI MOTOR<br \/>\n1,6 KS \/ 1,2 Kw<\/p>\n<p>TE\u017dINA<br \/>\n24 kg<\/p>\n<p>BRZINA ROTACIJE<br \/>\n60 okretaja u minuti<\/p>\n<p>AMPEROMETRIJSKA ZA\u0160TITA<br \/>\n7 A<\/p>\n<p>VRSTA MOTORA<br \/>\nMONOFAZNI 230V~50Hz<\/p>\n<p>DIMENZIJA STROJA<br \/>\n940x570xh780 mm<\/p>\n<p>Garancija 2 godine!<\/p>\n","protected":false},"excerpt":{"rendered":"<p>Univerzalna mije\u0161alica za ljepila za plo\u010dice, cement, boje, epoksidne smole<\/p>\n<p>Potvrdili majstori!<\/p>\n","protected":false},"featured_media":20923,"comment_status":"open","ping_status":"closed","template":"","meta":[],"product_brand":[384],"product_cat":[102],"product_tag":[],"class_list":{"0":"post-20922","1":"product","2":"type-product","3":"status-publish","4":"has-post-thumbnail","6":"product_brand-battipav","7":"product_cat-keramicari","8":"product_shipping_class-vise-od-15kg","10":"first","11":"onbackorder","12":"shipping-taxable","13":"purchasable","14":"product-type-simple"},"yoast_head":"<!-- This site is optimized with the Yoast SEO plugin v27.2 - https:\/\/yoast.com\/product\/yoast-seo-wordpress\/ -->\n<title>Battipav Mixer 50 Super mije\u0161alica ljepila, cementa, boja 65l ili 50 kg - BauWeb<\/title>\n<meta name=\"description\" content=\"Potra\u017eite \u0161iroki izbor alata i materijala za profesionalne gra\u0111evinske radove. Istra\u017ei Bauweb ponudu i kupuj uz odli\u010dne popuste.\" \/>\n<meta name=\"robots\" content=\"index, follow, max-snippet:-1, max-image-preview:large, max-video-preview:-1\" \/>\n<link rel=\"canonical\" href=\"https:\/\/bauweb.hr\/index.php\/product\/battipav-mixer-50-super-mijesalica-ljepila-cementa-boja65l-ili-50-kg\/\" \/>\n<meta property=\"og:locale\" content=\"hr_HR\" \/>\n<meta property=\"og:type\" content=\"article\" \/>\n<meta property=\"og:title\" content=\"Battipav Mixer 50 Super mije\u0161alica ljepila, cementa, boja 65l ili 50 kg - BauWeb\" \/>\n<meta property=\"og:description\" content=\"Potra\u017eite \u0161iroki izbor alata i materijala za profesionalne gra\u0111evinske radove. Istra\u017ei Bauweb ponudu i kupuj uz odli\u010dne popuste.\" \/>\n<meta property=\"og:url\" content=\"https:\/\/bauweb.hr\/index.php\/product\/battipav-mixer-50-super-mijesalica-ljepila-cementa-boja65l-ili-50-kg\/\" \/>\n<meta property=\"og:site_name\" content=\"BauWeb\" \/>\n<meta property=\"article:publisher\" content=\"https:\/\/facebook.com\/bauweb00\" \/>\n<meta property=\"article:modified_time\" content=\"2026-01-21T09:56:20+00:00\" \/>\n<meta property=\"og:image\" content=\"https:\/\/bauweb.hr\/wp-content\/uploads\/2024\/01\/battipav-mixer-50-super-mijesalica-ljepila-cementa-boja65l-ili-50-kg-slika-211918496.jpeg\" \/>\n\t<meta property=\"og:image:width\" content=\"690\" \/>\n\t<meta property=\"og:image:height\" content=\"690\" \/>\n\t<meta property=\"og:image:type\" content=\"image\/jpeg\" \/>\n<meta name=\"twitter:card\" content=\"summary_large_image\" \/>\n<meta name=\"twitter:label1\" content=\"Procijenjeno vrijeme \u010ditanja\" \/>\n\t<meta name=\"twitter:data1\" content=\"1 minuta\" \/>\n<script type=\"application\/ld+json\" class=\"yoast-schema-graph\">{\"@context\":\"https:\/\/schema.org\",\"@graph\":[{\"@type\":\"WebPage\",\"@id\":\"https:\/\/bauweb.hr\/index.php\/product\/battipav-mixer-50-super-mijesalica-ljepila-cementa-boja65l-ili-50-kg\/\",\"url\":\"https:\/\/bauweb.hr\/index.php\/product\/battipav-mixer-50-super-mijesalica-ljepila-cementa-boja65l-ili-50-kg\/\",\"name\":\"Battipav Mixer 50 Super mije\u0161alica ljepila, cementa, boja 65l ili 50 kg - BauWeb\",\"isPartOf\":{\"@id\":\"https:\/\/bauweb.hr\/#website\"},\"primaryImageOfPage\":{\"@id\":\"https:\/\/bauweb.hr\/index.php\/product\/battipav-mixer-50-super-mijesalica-ljepila-cementa-boja65l-ili-50-kg\/#primaryimage\"},\"image\":{\"@id\":\"https:\/\/bauweb.hr\/index.php\/product\/battipav-mixer-50-super-mijesalica-ljepila-cementa-boja65l-ili-50-kg\/#primaryimage\"},\"thumbnailUrl\":\"https:\/\/bauweb.hr\/wp-content\/uploads\/2024\/01\/battipav-mixer-50-super-mijesalica-ljepila-cementa-boja65l-ili-50-kg-slika-211918496.jpeg\",\"datePublished\":\"2024-01-25T18:01:19+00:00\",\"dateModified\":\"2026-01-21T09:56:20+00:00\",\"description\":\"Potra\u017eite \u0161iroki izbor alata i materijala za profesionalne gra\u0111evinske radove. Istra\u017ei Bauweb ponudu i kupuj uz odli\u010dne popuste.\",\"breadcrumb\":{\"@id\":\"https:\/\/bauweb.hr\/index.php\/product\/battipav-mixer-50-super-mijesalica-ljepila-cementa-boja65l-ili-50-kg\/#breadcrumb\"},\"inLanguage\":\"hr\",\"potentialAction\":[{\"@type\":\"ReadAction\",\"target\":[\"https:\/\/bauweb.hr\/index.php\/product\/battipav-mixer-50-super-mijesalica-ljepila-cementa-boja65l-ili-50-kg\/\"]}]},{\"@type\":\"ImageObject\",\"inLanguage\":\"hr\",\"@id\":\"https:\/\/bauweb.hr\/index.php\/product\/battipav-mixer-50-super-mijesalica-ljepila-cementa-boja65l-ili-50-kg\/#primaryimage\",\"url\":\"https:\/\/bauweb.hr\/wp-content\/uploads\/2024\/01\/battipav-mixer-50-super-mijesalica-ljepila-cementa-boja65l-ili-50-kg-slika-211918496.jpeg\",\"contentUrl\":\"https:\/\/bauweb.hr\/wp-content\/uploads\/2024\/01\/battipav-mixer-50-super-mijesalica-ljepila-cementa-boja65l-ili-50-kg-slika-211918496.jpeg\",\"width\":690,\"height\":690},{\"@type\":\"BreadcrumbList\",\"@id\":\"https:\/\/bauweb.hr\/index.php\/product\/battipav-mixer-50-super-mijesalica-ljepila-cementa-boja65l-ili-50-kg\/#breadcrumb\",\"itemListElement\":[{\"@type\":\"ListItem\",\"position\":1,\"name\":\"Po\u010detna stranica\",\"item\":\"https:\/\/bauweb.hr\/\"},{\"@type\":\"ListItem\",\"position\":2,\"name\":\"Shop\",\"item\":\"https:\/\/bauweb.hr\/index.php\/shop-wooshop-v1\/\"},{\"@type\":\"ListItem\",\"position\":3,\"name\":\"Battipav Mixer 50 Super mije\u0161alica ljepila, cementa, boja 65l ili 50 kg\"}]},{\"@type\":\"WebSite\",\"@id\":\"https:\/\/bauweb.hr\/#website\",\"url\":\"https:\/\/bauweb.hr\/\",\"name\":\"BauWeb\",\"description\":\"Za prave majstore\",\"publisher\":{\"@id\":\"https:\/\/bauweb.hr\/#organization\"},\"alternateName\":\"BauWeb\",\"potentialAction\":[{\"@type\":\"SearchAction\",\"target\":{\"@type\":\"EntryPoint\",\"urlTemplate\":\"https:\/\/bauweb.hr\/?s={search_term_string}\"},\"query-input\":{\"@type\":\"PropertyValueSpecification\",\"valueRequired\":true,\"valueName\":\"search_term_string\"}}],\"inLanguage\":\"hr\"},{\"@type\":\"Organization\",\"@id\":\"https:\/\/bauweb.hr\/#organization\",\"name\":\"Hobi dom d.o.o.\",\"url\":\"https:\/\/bauweb.hr\/\",\"logo\":{\"@type\":\"ImageObject\",\"inLanguage\":\"hr\",\"@id\":\"https:\/\/bauweb.hr\/#\/schema\/logo\/image\/\",\"url\":\"https:\/\/bauweb.hr\/wp-content\/uploads\/2023\/01\/Bauweb_logo-01.png\",\"contentUrl\":\"https:\/\/bauweb.hr\/wp-content\/uploads\/2023\/01\/Bauweb_logo-01.png\",\"width\":842,\"height\":596,\"caption\":\"Hobi dom d.o.o.\"},\"image\":{\"@id\":\"https:\/\/bauweb.hr\/#\/schema\/logo\/image\/\"},\"sameAs\":[\"https:\/\/facebook.com\/bauweb00\",\"https:\/\/instagram.com\/bauweb_shop\"]}]}<\/script>\n<!-- \/ Yoast SEO plugin. -->","yoast_head_json":{"title":"Battipav Mixer 50 Super mije\u0161alica ljepila, cementa, boja 65l ili 50 kg - BauWeb","description":"Potra\u017eite \u0161iroki izbor alata i materijala za profesionalne gra\u0111evinske radove. Istra\u017ei Bauweb ponudu i kupuj uz odli\u010dne popuste.","robots":{"index":"index","follow":"follow","max-snippet":"max-snippet:-1","max-image-preview":"max-image-preview:large","max-video-preview":"max-video-preview:-1"},"canonical":"https:\/\/bauweb.hr\/index.php\/product\/battipav-mixer-50-super-mijesalica-ljepila-cementa-boja65l-ili-50-kg\/","og_locale":"hr_HR","og_type":"article","og_title":"Battipav Mixer 50 Super mije\u0161alica ljepila, cementa, boja 65l ili 50 kg - BauWeb","og_description":"Potra\u017eite \u0161iroki izbor alata i materijala za profesionalne gra\u0111evinske radove. Istra\u017ei Bauweb ponudu i kupuj uz odli\u010dne popuste.","og_url":"https:\/\/bauweb.hr\/index.php\/product\/battipav-mixer-50-super-mijesalica-ljepila-cementa-boja65l-ili-50-kg\/","og_site_name":"BauWeb","article_publisher":"https:\/\/facebook.com\/bauweb00","article_modified_time":"2026-01-21T09:56:20+00:00","og_image":[{"width":690,"height":690,"url":"https:\/\/bauweb.hr\/wp-content\/uploads\/2024\/01\/battipav-mixer-50-super-mijesalica-ljepila-cementa-boja65l-ili-50-kg-slika-211918496.jpeg","type":"image\/jpeg"}],"twitter_card":"summary_large_image","twitter_misc":{"Procijenjeno vrijeme \u010ditanja":"1 minuta"},"schema":{"@context":"https:\/\/schema.org","@graph":[{"@type":"WebPage","@id":"https:\/\/bauweb.hr\/index.php\/product\/battipav-mixer-50-super-mijesalica-ljepila-cementa-boja65l-ili-50-kg\/","url":"https:\/\/bauweb.hr\/index.php\/product\/battipav-mixer-50-super-mijesalica-ljepila-cementa-boja65l-ili-50-kg\/","name":"Battipav Mixer 50 Super mije\u0161alica ljepila, cementa, boja 65l ili 50 kg - BauWeb","isPartOf":{"@id":"https:\/\/bauweb.hr\/#website"},"primaryImageOfPage":{"@id":"https:\/\/bauweb.hr\/index.php\/product\/battipav-mixer-50-super-mijesalica-ljepila-cementa-boja65l-ili-50-kg\/#primaryimage"},"image":{"@id":"https:\/\/bauweb.hr\/index.php\/product\/battipav-mixer-50-super-mijesalica-ljepila-cementa-boja65l-ili-50-kg\/#primaryimage"},"thumbnailUrl":"https:\/\/bauweb.hr\/wp-content\/uploads\/2024\/01\/battipav-mixer-50-super-mijesalica-ljepila-cementa-boja65l-ili-50-kg-slika-211918496.jpeg","datePublished":"2024-01-25T18:01:19+00:00","dateModified":"2026-01-21T09:56:20+00:00","description":"Potra\u017eite \u0161iroki izbor alata i materijala za profesionalne gra\u0111evinske radove. Istra\u017ei Bauweb ponudu i kupuj uz odli\u010dne popuste.","breadcrumb":{"@id":"https:\/\/bauweb.hr\/index.php\/product\/battipav-mixer-50-super-mijesalica-ljepila-cementa-boja65l-ili-50-kg\/#breadcrumb"},"inLanguage":"hr","potentialAction":[{"@type":"ReadAction","target":["https:\/\/bauweb.hr\/index.php\/product\/battipav-mixer-50-super-mijesalica-ljepila-cementa-boja65l-ili-50-kg\/"]}]},{"@type":"ImageObject","inLanguage":"hr","@id":"https:\/\/bauweb.hr\/index.php\/product\/battipav-mixer-50-super-mijesalica-ljepila-cementa-boja65l-ili-50-kg\/#primaryimage","url":"https:\/\/bauweb.hr\/wp-content\/uploads\/2024\/01\/battipav-mixer-50-super-mijesalica-ljepila-cementa-boja65l-ili-50-kg-slika-211918496.jpeg","contentUrl":"https:\/\/bauweb.hr\/wp-content\/uploads\/2024\/01\/battipav-mixer-50-super-mijesalica-ljepila-cementa-boja65l-ili-50-kg-slika-211918496.jpeg","width":690,"height":690},{"@type":"BreadcrumbList","@id":"https:\/\/bauweb.hr\/index.php\/product\/battipav-mixer-50-super-mijesalica-ljepila-cementa-boja65l-ili-50-kg\/#breadcrumb","itemListElement":[{"@type":"ListItem","position":1,"name":"Po\u010detna stranica","item":"https:\/\/bauweb.hr\/"},{"@type":"ListItem","position":2,"name":"Shop","item":"https:\/\/bauweb.hr\/index.php\/shop-wooshop-v1\/"},{"@type":"ListItem","position":3,"name":"Battipav Mixer 50 Super mije\u0161alica ljepila, cementa, boja 65l ili 50 kg"}]},{"@type":"WebSite","@id":"https:\/\/bauweb.hr\/#website","url":"https:\/\/bauweb.hr\/","name":"BauWeb","description":"Za prave majstore","publisher":{"@id":"https:\/\/bauweb.hr\/#organization"},"alternateName":"BauWeb","potentialAction":[{"@type":"SearchAction","target":{"@type":"EntryPoint","urlTemplate":"https:\/\/bauweb.hr\/?s={search_term_string}"},"query-input":{"@type":"PropertyValueSpecification","valueRequired":true,"valueName":"search_term_string"}}],"inLanguage":"hr"},{"@type":"Organization","@id":"https:\/\/bauweb.hr\/#organization","name":"Hobi dom d.o.o.","url":"https:\/\/bauweb.hr\/","logo":{"@type":"ImageObject","inLanguage":"hr","@id":"https:\/\/bauweb.hr\/#\/schema\/logo\/image\/","url":"https:\/\/bauweb.hr\/wp-content\/uploads\/2023\/01\/Bauweb_logo-01.png","contentUrl":"https:\/\/bauweb.hr\/wp-content\/uploads\/2023\/01\/Bauweb_logo-01.png","width":842,"height":596,"caption":"Hobi dom d.o.o."},"image":{"@id":"https:\/\/bauweb.hr\/#\/schema\/logo\/image\/"},"sameAs":["https:\/\/facebook.com\/bauweb00","https:\/\/instagram.com\/bauweb_shop"]}]}},"_links":{"self":[{"href":"https:\/\/bauweb.hr\/index.php\/wp-json\/wp\/v2\/product\/20922","targetHints":{"allow":["GET"]}}],"collection":[{"href":"https:\/\/bauweb.hr\/index.php\/wp-json\/wp\/v2\/product"}],"about":[{"href":"https:\/\/bauweb.hr\/index.php\/wp-json\/wp\/v2\/types\/product"}],"replies":[{"embeddable":true,"href":"https:\/\/bauweb.hr\/index.php\/wp-json\/wp\/v2\/comments?post=20922"}],"wp:featuredmedia":[{"embeddable":true,"href":"https:\/\/bauweb.hr\/index.php\/wp-json\/wp\/v2\/media\/20923"}],"wp:attachment":[{"href":"https:\/\/bauweb.hr\/index.php\/wp-json\/wp\/v2\/media?parent=20922"}],"wp:term":[{"taxonomy":"product_brand","embeddable":true,"href":"https:\/\/bauweb.hr\/index.php\/wp-json\/wp\/v2\/product_brand?post=20922"},{"taxonomy":"product_cat","embeddable":true,"href":"https:\/\/bauweb.hr\/index.php\/wp-json\/wp\/v2\/product_cat?post=20922"},{"taxonomy":"product_tag","embeddable":true,"href":"https:\/\/bauweb.hr\/index.php\/wp-json\/wp\/v2\/product_tag?post=20922"}],"curies":[{"name":"wp","href":"https:\/\/api.w.org\/{rel}","templated":true}]}}