{"id":20979,"date":"2024-01-31T19:12:12","date_gmt":"2024-01-31T18:12:12","guid":{"rendered":"https:\/\/bauweb.hr\/?post_type=product&#038;p=20979"},"modified":"2024-07-16T14:21:13","modified_gmt":"2024-07-16T12:21:13","slug":"dedra-radio-dab-fm-punjivi-18v-bluetooth-usb","status":"publish","type":"product","link":"https:\/\/bauweb.hr\/index.php\/product\/dedra-radio-dab-fm-punjivi-18v-bluetooth-usb\/","title":{"rendered":"DEDRA &#8211; Radio DAB+ \/ FM, punjivi 18V, bluetooth USB"},"content":{"rendered":"<p>Visoka kvaliteta zvuka u gra\u0111evinskoj d\u017eungli<br \/>\nRadioni\u010dka i gra\u0111evinska okru\u017eenja \u010desto zahtijevaju da se glazba reproducira pri visokoj glasno\u0107i. Da bi to bilo mogu\u0107e, radio mora imati sna\u017ene zvu\u010dnike. A to je slu\u010daj s gra\u0111evinskim radiom s DAB + DEDRA DED7006BT . Dva zvu\u010dnika od 8 W zatvorena u izdr\u017eljivom ku\u0107i\u0161tu stvaraju izvrsnu kvalitetu zvuka, \u010dak i pri velikoj glasno\u0107i. Zaboravite na zanemariv bas ili \u010dudne zvukove koji dolaze iz zvu\u010dnika kada slu\u0161ate glazbu glasno. Ku\u0107i\u0161te otporno na o\u0161te\u0107enja ima IP54 za\u0161titu od pra\u0161ine i prskanja vode, \u0161to osigurava za\u0161titu od slu\u010dajnog o\u0161te\u0107enja radija tijekom rada.<\/p>\n<p>Moderne tehnologije<\/p>\n<p>Radio je opremljen Bluetooth 5.0 tehnologijom prijenosa podataka . To zna\u010di da ure\u0111aj radi u\u010dinkovitije &#8211; tro\u0161i manje energije, a istovremeno ima ve\u0107i domet od izvora, npr. telefona (10m). To je tako\u0111er podr\u0161ka za beacone &#8211; poznate iz rje\u0161enja za pametne domove. Nova verzija bluetootha tako\u0111er zna\u010di bolju kvalitetu streaminga glazbe, vi\u0161e nego dvostruko ve\u0107u propusnost podataka nego u standardu Bluetooth 4.2 (do 5.0Mbps za BT v5.0, do 2.1Mbps za BT 4.2). Radio je naravno kompatibilan sa svim ure\u0111ajima starije Bluetooth tehnologije.<\/p>\n<p>Opremljen je DAB + tehnologijom (174-240MHz) &#8211; to je puno bolja kvaliteta zvuka, mogu\u0107nost primanja opisa, slika, prometnih informacija itd. Zahvaljuju\u0107i ovoj tehnologiji, u U nedostatku pokrivenosti, radio ne\u0107e emitirati uznemiruju\u0107e smetnje ili \u0161kripanje.<\/p>\n<p>Be\u017ei\u010dni radio za gradili\u0161te ima 1 USB priklju\u010dak s naponom od 5 V \/ 1 A, s kojim mo\u017eete puniti svoj pametni telefon. U ku\u0107i\u0161tu radija pripremljen je poseban, vodonepropusni d\u017eep za mobilni ure\u0111aj . Prijenos glazbe tako\u0111er se mo\u017ee odvijati pomo\u0107u AUX uti\u010dnice . Sklopiva antena omogu\u0107uje jednostavan transport i omogu\u0107uje prijem FM radio postaja u rasponu od 87,5MHz-108MHz<\/p>\n<p>Zna\u010dajke baterijskog radija DEDRA SAS + ALL DED7006BT:<br \/>\nDAB + radio na gradili\u0161tu na baterije s bluetoothom<br \/>\nAutomatsko pretra\u017eivanje i pohranjivanje 20 DAB + radio postaja i 20 FM postaja<br \/>\nUgra\u0111eni ekvilizator, mogu\u0107nost kreiranja vlastitih postavki (individualne postavke, bas i visoki tonovi +\/- 7)<br \/>\nVisoka kvaliteta zvuka \u010dak i uz glasnu glazbu<br \/>\nBluetooth 5.0 tehnologija &#8211; izvrsna kvaliteta zvuka, manja potro\u0161nja energije, ve\u0107i domet, velika propusnost podataka<br \/>\nUSB priklju\u010dak za punjenje<br \/>\nVodootporni d\u017eep za pametni telefon<br \/>\nAUX priklju\u010dak za kabelski prijenos glazbe<br \/>\nPrijem FM radijskih postaja<br \/>\nUpravlja\u010dka plo\u010da jednostavna za upravljanje<br \/>\nJednostavan za \u010ditanje, visokokvalitetni 2,4&#8243; TFT zaslon u boji<br \/>\nPrakti\u010dna, sklopiva ru\u010dka za no\u0161enje<br \/>\nO\u010disti upravlja\u010dku plo\u010du<br \/>\nFunkcija sata<br \/>\nIzbornik na 10 jezika \u200b\u200b<br \/>\nRadio za baterije DEDRA SAS + ALL elektri\u010dni alati<\/p>\n<p>Tehni\u010dki podaci gra\u0111evinskog baterijskog radija DEDRA SAS + ALL DED7006BT:<br \/>\nNapon &#8211; baterija od 18 V, adapter od 230 V<br \/>\nDAB + tehnologija: da<br \/>\nVrsta prijenosa podataka: Bluetooth 5.0, AUX<br \/>\nSnaga zvu\u010dnika: 2&#215;8 W<br \/>\nAUX priklju\u010dak &#8211; 3,5 mm<br \/>\nUSB priklju\u010dak &#8211; 5 V \/ 1 A<br \/>\nJezi\u010dne verzije izbornika: 10 (poljski, engleski, njema\u010dki, \u010de\u0161ki, slova\u010dki, litavski, latvijski, rumunjski, ma\u0111arski, francuski)<br \/>\nStupanj za\u0161tite od pra\u0161ine i vode: IP54<br \/>\nPribli\u017eno vrijeme rada s 2,0 Ah DED7032 baterijom: 13 sati (slu\u0161anje glazbe)<br \/>\nPribli\u017eno vrijeme rada s 4,0 Ah DED7034 baterijom: 26 h (slu\u0161anje glazbe)<br \/>\nPribli\u017eno vrijeme rada s 5,0 Ah DED7035 baterijom: 33 h (slu\u0161anje glazbe)<\/p>\n<p>Proizvod ne uklju\u010duje bateriju i punja\u010d.<\/p>\n","protected":false},"excerpt":{"rendered":"<p>Kompatibilnost sa SAS + ALL<br \/>\nOvaj proizvod je namijenjen svima koji imaju elektri\u010dne alate iz jednog baterijskog sustava SAS + ALL i onima koji tek po\u010dinju sa svojim alatima. Zahvaljuju\u0107i napajanju iz iste baterije, radio ne\u0107e biti samo koristan dok \u0107e va\u0161 rad u\u010diniti ugodnim uz va\u0161u omiljenu glazbu. Ako je potrebno, njegovu bateriju mo\u017eete koristiti za napajanje elektri\u010dnih alata dok bateriju punite u super brzom punja\u010du DED7039, au me\u0111uvremenu koristiti radio tako da ga napajate iz standardne uti\u010dnice (ulazna struja 230V, izlazna struja 9V ).<\/p>\n<p>Potvrdili majstori!<\/p>\n","protected":false},"featured_media":20980,"comment_status":"open","ping_status":"closed","template":"","meta":[],"product_brand":[350],"product_cat":[110],"product_tag":[],"class_list":{"0":"post-20979","1":"product","2":"type-product","3":"status-publish","4":"has-post-thumbnail","6":"product_brand-dedra","7":"product_cat-alati-pribor","9":"first","10":"instock","11":"shipping-taxable","12":"purchasable","13":"product-type-simple"},"yoast_head":"<!-- This site is optimized with the Yoast SEO plugin v27.2 - https:\/\/yoast.com\/product\/yoast-seo-wordpress\/ -->\n<title>DEDRA - Radio DAB+ \/ FM, punjivi 18V, bluetooth USB - BauWeb<\/title>\n<meta name=\"description\" content=\"Potra\u017eite \u0161iroki izbor alata i materijala za profesionalne gra\u0111evinske radove. Istra\u017ei Bauweb ponudu i kupuj uz odli\u010dne popuste.\" \/>\n<meta name=\"robots\" content=\"index, follow, max-snippet:-1, max-image-preview:large, max-video-preview:-1\" \/>\n<link rel=\"canonical\" href=\"https:\/\/bauweb.hr\/index.php\/product\/dedra-radio-dab-fm-punjivi-18v-bluetooth-usb\/\" \/>\n<meta property=\"og:locale\" content=\"hr_HR\" \/>\n<meta property=\"og:type\" content=\"article\" \/>\n<meta property=\"og:title\" content=\"DEDRA - Radio DAB+ \/ FM, punjivi 18V, bluetooth USB - BauWeb\" \/>\n<meta property=\"og:description\" content=\"Potra\u017eite \u0161iroki izbor alata i materijala za profesionalne gra\u0111evinske radove. Istra\u017ei Bauweb ponudu i kupuj uz odli\u010dne popuste.\" \/>\n<meta property=\"og:url\" content=\"https:\/\/bauweb.hr\/index.php\/product\/dedra-radio-dab-fm-punjivi-18v-bluetooth-usb\/\" \/>\n<meta property=\"og:site_name\" content=\"BauWeb\" \/>\n<meta property=\"article:publisher\" content=\"https:\/\/facebook.com\/bauweb00\" \/>\n<meta property=\"article:modified_time\" content=\"2024-07-16T12:21:13+00:00\" \/>\n<meta property=\"og:image\" content=\"https:\/\/bauweb.hr\/wp-content\/uploads\/2024\/01\/dedra-radio-dab-fm-punjivi-18v-bluetooth-usb-slika-211914985.jpeg\" \/>\n\t<meta property=\"og:image:width\" content=\"500\" \/>\n\t<meta property=\"og:image:height\" content=\"500\" \/>\n\t<meta property=\"og:image:type\" content=\"image\/jpeg\" \/>\n<meta name=\"twitter:card\" content=\"summary_large_image\" \/>\n<meta name=\"twitter:label1\" content=\"Procijenjeno vrijeme \u010ditanja\" \/>\n\t<meta name=\"twitter:data1\" content=\"3 minute\" \/>\n<script type=\"application\/ld+json\" class=\"yoast-schema-graph\">{\"@context\":\"https:\/\/schema.org\",\"@graph\":[{\"@type\":\"WebPage\",\"@id\":\"https:\/\/bauweb.hr\/index.php\/product\/dedra-radio-dab-fm-punjivi-18v-bluetooth-usb\/\",\"url\":\"https:\/\/bauweb.hr\/index.php\/product\/dedra-radio-dab-fm-punjivi-18v-bluetooth-usb\/\",\"name\":\"DEDRA - Radio DAB+ \/ FM, punjivi 18V, bluetooth USB - BauWeb\",\"isPartOf\":{\"@id\":\"https:\/\/bauweb.hr\/#website\"},\"primaryImageOfPage\":{\"@id\":\"https:\/\/bauweb.hr\/index.php\/product\/dedra-radio-dab-fm-punjivi-18v-bluetooth-usb\/#primaryimage\"},\"image\":{\"@id\":\"https:\/\/bauweb.hr\/index.php\/product\/dedra-radio-dab-fm-punjivi-18v-bluetooth-usb\/#primaryimage\"},\"thumbnailUrl\":\"https:\/\/bauweb.hr\/wp-content\/uploads\/2024\/01\/dedra-radio-dab-fm-punjivi-18v-bluetooth-usb-slika-211914985.jpeg\",\"datePublished\":\"2024-01-31T18:12:12+00:00\",\"dateModified\":\"2024-07-16T12:21:13+00:00\",\"description\":\"Potra\u017eite \u0161iroki izbor alata i materijala za profesionalne gra\u0111evinske radove. Istra\u017ei Bauweb ponudu i kupuj uz odli\u010dne popuste.\",\"breadcrumb\":{\"@id\":\"https:\/\/bauweb.hr\/index.php\/product\/dedra-radio-dab-fm-punjivi-18v-bluetooth-usb\/#breadcrumb\"},\"inLanguage\":\"hr\",\"potentialAction\":[{\"@type\":\"ReadAction\",\"target\":[\"https:\/\/bauweb.hr\/index.php\/product\/dedra-radio-dab-fm-punjivi-18v-bluetooth-usb\/\"]}]},{\"@type\":\"ImageObject\",\"inLanguage\":\"hr\",\"@id\":\"https:\/\/bauweb.hr\/index.php\/product\/dedra-radio-dab-fm-punjivi-18v-bluetooth-usb\/#primaryimage\",\"url\":\"https:\/\/bauweb.hr\/wp-content\/uploads\/2024\/01\/dedra-radio-dab-fm-punjivi-18v-bluetooth-usb-slika-211914985.jpeg\",\"contentUrl\":\"https:\/\/bauweb.hr\/wp-content\/uploads\/2024\/01\/dedra-radio-dab-fm-punjivi-18v-bluetooth-usb-slika-211914985.jpeg\",\"width\":500,\"height\":500},{\"@type\":\"BreadcrumbList\",\"@id\":\"https:\/\/bauweb.hr\/index.php\/product\/dedra-radio-dab-fm-punjivi-18v-bluetooth-usb\/#breadcrumb\",\"itemListElement\":[{\"@type\":\"ListItem\",\"position\":1,\"name\":\"Po\u010detna stranica\",\"item\":\"https:\/\/bauweb.hr\/\"},{\"@type\":\"ListItem\",\"position\":2,\"name\":\"Shop\",\"item\":\"https:\/\/bauweb.hr\/index.php\/shop-wooshop-v1\/\"},{\"@type\":\"ListItem\",\"position\":3,\"name\":\"DEDRA &#8211; Radio DAB+ \/ FM, punjivi 18V, bluetooth USB\"}]},{\"@type\":\"WebSite\",\"@id\":\"https:\/\/bauweb.hr\/#website\",\"url\":\"https:\/\/bauweb.hr\/\",\"name\":\"BauWeb\",\"description\":\"Za prave majstore\",\"publisher\":{\"@id\":\"https:\/\/bauweb.hr\/#organization\"},\"alternateName\":\"BauWeb\",\"potentialAction\":[{\"@type\":\"SearchAction\",\"target\":{\"@type\":\"EntryPoint\",\"urlTemplate\":\"https:\/\/bauweb.hr\/?s={search_term_string}\"},\"query-input\":{\"@type\":\"PropertyValueSpecification\",\"valueRequired\":true,\"valueName\":\"search_term_string\"}}],\"inLanguage\":\"hr\"},{\"@type\":\"Organization\",\"@id\":\"https:\/\/bauweb.hr\/#organization\",\"name\":\"Hobi dom d.o.o.\",\"url\":\"https:\/\/bauweb.hr\/\",\"logo\":{\"@type\":\"ImageObject\",\"inLanguage\":\"hr\",\"@id\":\"https:\/\/bauweb.hr\/#\/schema\/logo\/image\/\",\"url\":\"https:\/\/bauweb.hr\/wp-content\/uploads\/2023\/01\/Bauweb_logo-01.png\",\"contentUrl\":\"https:\/\/bauweb.hr\/wp-content\/uploads\/2023\/01\/Bauweb_logo-01.png\",\"width\":842,\"height\":596,\"caption\":\"Hobi dom d.o.o.\"},\"image\":{\"@id\":\"https:\/\/bauweb.hr\/#\/schema\/logo\/image\/\"},\"sameAs\":[\"https:\/\/facebook.com\/bauweb00\",\"https:\/\/instagram.com\/bauweb_shop\"]}]}<\/script>\n<!-- \/ Yoast SEO plugin. -->","yoast_head_json":{"title":"DEDRA - Radio DAB+ \/ FM, punjivi 18V, bluetooth USB - BauWeb","description":"Potra\u017eite \u0161iroki izbor alata i materijala za profesionalne gra\u0111evinske radove. Istra\u017ei Bauweb ponudu i kupuj uz odli\u010dne popuste.","robots":{"index":"index","follow":"follow","max-snippet":"max-snippet:-1","max-image-preview":"max-image-preview:large","max-video-preview":"max-video-preview:-1"},"canonical":"https:\/\/bauweb.hr\/index.php\/product\/dedra-radio-dab-fm-punjivi-18v-bluetooth-usb\/","og_locale":"hr_HR","og_type":"article","og_title":"DEDRA - Radio DAB+ \/ FM, punjivi 18V, bluetooth USB - BauWeb","og_description":"Potra\u017eite \u0161iroki izbor alata i materijala za profesionalne gra\u0111evinske radove. Istra\u017ei Bauweb ponudu i kupuj uz odli\u010dne popuste.","og_url":"https:\/\/bauweb.hr\/index.php\/product\/dedra-radio-dab-fm-punjivi-18v-bluetooth-usb\/","og_site_name":"BauWeb","article_publisher":"https:\/\/facebook.com\/bauweb00","article_modified_time":"2024-07-16T12:21:13+00:00","og_image":[{"width":500,"height":500,"url":"https:\/\/bauweb.hr\/wp-content\/uploads\/2024\/01\/dedra-radio-dab-fm-punjivi-18v-bluetooth-usb-slika-211914985.jpeg","type":"image\/jpeg"}],"twitter_card":"summary_large_image","twitter_misc":{"Procijenjeno vrijeme \u010ditanja":"3 minute"},"schema":{"@context":"https:\/\/schema.org","@graph":[{"@type":"WebPage","@id":"https:\/\/bauweb.hr\/index.php\/product\/dedra-radio-dab-fm-punjivi-18v-bluetooth-usb\/","url":"https:\/\/bauweb.hr\/index.php\/product\/dedra-radio-dab-fm-punjivi-18v-bluetooth-usb\/","name":"DEDRA - Radio DAB+ \/ FM, punjivi 18V, bluetooth USB - BauWeb","isPartOf":{"@id":"https:\/\/bauweb.hr\/#website"},"primaryImageOfPage":{"@id":"https:\/\/bauweb.hr\/index.php\/product\/dedra-radio-dab-fm-punjivi-18v-bluetooth-usb\/#primaryimage"},"image":{"@id":"https:\/\/bauweb.hr\/index.php\/product\/dedra-radio-dab-fm-punjivi-18v-bluetooth-usb\/#primaryimage"},"thumbnailUrl":"https:\/\/bauweb.hr\/wp-content\/uploads\/2024\/01\/dedra-radio-dab-fm-punjivi-18v-bluetooth-usb-slika-211914985.jpeg","datePublished":"2024-01-31T18:12:12+00:00","dateModified":"2024-07-16T12:21:13+00:00","description":"Potra\u017eite \u0161iroki izbor alata i materijala za profesionalne gra\u0111evinske radove. Istra\u017ei Bauweb ponudu i kupuj uz odli\u010dne popuste.","breadcrumb":{"@id":"https:\/\/bauweb.hr\/index.php\/product\/dedra-radio-dab-fm-punjivi-18v-bluetooth-usb\/#breadcrumb"},"inLanguage":"hr","potentialAction":[{"@type":"ReadAction","target":["https:\/\/bauweb.hr\/index.php\/product\/dedra-radio-dab-fm-punjivi-18v-bluetooth-usb\/"]}]},{"@type":"ImageObject","inLanguage":"hr","@id":"https:\/\/bauweb.hr\/index.php\/product\/dedra-radio-dab-fm-punjivi-18v-bluetooth-usb\/#primaryimage","url":"https:\/\/bauweb.hr\/wp-content\/uploads\/2024\/01\/dedra-radio-dab-fm-punjivi-18v-bluetooth-usb-slika-211914985.jpeg","contentUrl":"https:\/\/bauweb.hr\/wp-content\/uploads\/2024\/01\/dedra-radio-dab-fm-punjivi-18v-bluetooth-usb-slika-211914985.jpeg","width":500,"height":500},{"@type":"BreadcrumbList","@id":"https:\/\/bauweb.hr\/index.php\/product\/dedra-radio-dab-fm-punjivi-18v-bluetooth-usb\/#breadcrumb","itemListElement":[{"@type":"ListItem","position":1,"name":"Po\u010detna stranica","item":"https:\/\/bauweb.hr\/"},{"@type":"ListItem","position":2,"name":"Shop","item":"https:\/\/bauweb.hr\/index.php\/shop-wooshop-v1\/"},{"@type":"ListItem","position":3,"name":"DEDRA &#8211; Radio DAB+ \/ FM, punjivi 18V, bluetooth USB"}]},{"@type":"WebSite","@id":"https:\/\/bauweb.hr\/#website","url":"https:\/\/bauweb.hr\/","name":"BauWeb","description":"Za prave majstore","publisher":{"@id":"https:\/\/bauweb.hr\/#organization"},"alternateName":"BauWeb","potentialAction":[{"@type":"SearchAction","target":{"@type":"EntryPoint","urlTemplate":"https:\/\/bauweb.hr\/?s={search_term_string}"},"query-input":{"@type":"PropertyValueSpecification","valueRequired":true,"valueName":"search_term_string"}}],"inLanguage":"hr"},{"@type":"Organization","@id":"https:\/\/bauweb.hr\/#organization","name":"Hobi dom d.o.o.","url":"https:\/\/bauweb.hr\/","logo":{"@type":"ImageObject","inLanguage":"hr","@id":"https:\/\/bauweb.hr\/#\/schema\/logo\/image\/","url":"https:\/\/bauweb.hr\/wp-content\/uploads\/2023\/01\/Bauweb_logo-01.png","contentUrl":"https:\/\/bauweb.hr\/wp-content\/uploads\/2023\/01\/Bauweb_logo-01.png","width":842,"height":596,"caption":"Hobi dom d.o.o."},"image":{"@id":"https:\/\/bauweb.hr\/#\/schema\/logo\/image\/"},"sameAs":["https:\/\/facebook.com\/bauweb00","https:\/\/instagram.com\/bauweb_shop"]}]}},"_links":{"self":[{"href":"https:\/\/bauweb.hr\/index.php\/wp-json\/wp\/v2\/product\/20979","targetHints":{"allow":["GET"]}}],"collection":[{"href":"https:\/\/bauweb.hr\/index.php\/wp-json\/wp\/v2\/product"}],"about":[{"href":"https:\/\/bauweb.hr\/index.php\/wp-json\/wp\/v2\/types\/product"}],"replies":[{"embeddable":true,"href":"https:\/\/bauweb.hr\/index.php\/wp-json\/wp\/v2\/comments?post=20979"}],"wp:featuredmedia":[{"embeddable":true,"href":"https:\/\/bauweb.hr\/index.php\/wp-json\/wp\/v2\/media\/20980"}],"wp:attachment":[{"href":"https:\/\/bauweb.hr\/index.php\/wp-json\/wp\/v2\/media?parent=20979"}],"wp:term":[{"taxonomy":"product_brand","embeddable":true,"href":"https:\/\/bauweb.hr\/index.php\/wp-json\/wp\/v2\/product_brand?post=20979"},{"taxonomy":"product_cat","embeddable":true,"href":"https:\/\/bauweb.hr\/index.php\/wp-json\/wp\/v2\/product_cat?post=20979"},{"taxonomy":"product_tag","embeddable":true,"href":"https:\/\/bauweb.hr\/index.php\/wp-json\/wp\/v2\/product_tag?post=20979"}],"curies":[{"name":"wp","href":"https:\/\/api.w.org\/{rel}","templated":true}]}}