{"id":21151,"date":"2024-02-17T10:49:50","date_gmt":"2024-02-17T09:49:50","guid":{"rendered":"https:\/\/bauweb.hr\/?post_type=product&#038;p=21151"},"modified":"2024-02-17T10:52:03","modified_gmt":"2024-02-17T09:52:03","slug":"distar-rezna-ploca-decor-slim-1a1r-ds5418-115mm-12mm","status":"publish","type":"product","link":"https:\/\/bauweb.hr\/index.php\/product\/distar-rezna-ploca-decor-slim-1a1r-ds5418-115mm-12mm\/","title":{"rendered":"DISTAR &#8211; rezna plo\u010da Decor Slim 1A1R DS5418 115mm 1,2mm"},"content":{"rendered":"<p>Nakon testiranja na razli\u010ditim vrstama plo\u010dica, prepoznat je kao najoptimalniji za obradu porculanskog gresa, podnih i zidnih plo\u010dica.<br \/>\nNije po\u017eeljno koristiti ovu o\u0161tricu za rezanje mramora i granita, kao ni glaziranih plo\u010dica.<br \/>\nO\u0161trica ima ultratanak sloj dijamantnog reznog ruba, samo 1,2 mm, \u0161to vam omogu\u0107uje \u0161to tanje i \u010distije rezanje.<br \/>\nPrilikom testiranja na porculanskom gresu debljine 10 mm, o\u0161trica je pokazala veliku brzinu od 1,75 metara u minuti, dok je zadr\u017eala visoku kvalitetu ruba, procijenjenu na 4 od 5.<\/p>\n<p>Tehni\u010dki podatci za Distar Decor Slim<br \/>\nPromjer 115<br \/>\nDebljina 1.2<br \/>\nPromjer provrta 22.23<br \/>\nSvrha Keramika, porculan gres<\/p>\n","protected":false},"excerpt":{"rendered":"<p>Distar rezna plo\u010da Decor Slim<br \/>\nDijamantna o\u0161trica DISTAR 1A1R DECOR SLIM 5D postala je univerzalni alat za rezanje bilo koje vrste plo\u010dica.<\/p>\n<p>Potvrdili majstori!<\/p>\n","protected":false},"featured_media":21152,"comment_status":"open","ping_status":"closed","template":"","meta":[],"product_brand":[386],"product_cat":[147,102,185],"product_tag":[],"class_list":{"0":"post-21151","1":"product","2":"type-product","3":"status-publish","4":"has-post-thumbnail","6":"product_brand-distar","7":"product_cat-alati-i-pribor-keramicari","8":"product_cat-keramicari","9":"product_cat-rezne-ploce","11":"first","12":"instock","13":"shipping-taxable","14":"purchasable","15":"product-type-simple"},"yoast_head":"<!-- This site is optimized with the Yoast SEO plugin v27.2 - https:\/\/yoast.com\/product\/yoast-seo-wordpress\/ -->\n<title>DISTAR - rezna plo\u010da Decor Slim 1A1R DS5418 115mm 1,2mm - BauWeb<\/title>\n<meta name=\"description\" content=\"Potra\u017eite \u0161iroki izbor alata i materijala za profesionalne gra\u0111evinske radove. Istra\u017ei Bauweb ponudu i kupuj uz odli\u010dne popuste.\" \/>\n<meta name=\"robots\" content=\"index, follow, max-snippet:-1, max-image-preview:large, max-video-preview:-1\" \/>\n<link rel=\"canonical\" href=\"https:\/\/bauweb.hr\/index.php\/product\/distar-rezna-ploca-decor-slim-1a1r-ds5418-115mm-12mm\/\" \/>\n<meta property=\"og:locale\" content=\"hr_HR\" \/>\n<meta property=\"og:type\" content=\"article\" \/>\n<meta property=\"og:title\" content=\"DISTAR - rezna plo\u010da Decor Slim 1A1R DS5418 115mm 1,2mm - BauWeb\" \/>\n<meta property=\"og:description\" content=\"Potra\u017eite \u0161iroki izbor alata i materijala za profesionalne gra\u0111evinske radove. Istra\u017ei Bauweb ponudu i kupuj uz odli\u010dne popuste.\" \/>\n<meta property=\"og:url\" content=\"https:\/\/bauweb.hr\/index.php\/product\/distar-rezna-ploca-decor-slim-1a1r-ds5418-115mm-12mm\/\" \/>\n<meta property=\"og:site_name\" content=\"BauWeb\" \/>\n<meta property=\"article:publisher\" content=\"https:\/\/facebook.com\/bauweb00\" \/>\n<meta property=\"article:modified_time\" content=\"2024-02-17T09:52:03+00:00\" \/>\n<meta property=\"og:image\" content=\"https:\/\/bauweb.hr\/wp-content\/uploads\/2024\/02\/distar-rezna-ploca-decor-slim-1a1r-ds5418-115mm-1.2mm-slika-212030466.jpg\" \/>\n\t<meta property=\"og:image:width\" content=\"500\" \/>\n\t<meta property=\"og:image:height\" content=\"500\" \/>\n\t<meta property=\"og:image:type\" content=\"image\/jpeg\" \/>\n<meta name=\"twitter:card\" content=\"summary_large_image\" \/>\n<meta name=\"twitter:label1\" content=\"Procijenjeno vrijeme \u010ditanja\" \/>\n\t<meta name=\"twitter:data1\" content=\"1 minuta\" \/>\n<script type=\"application\/ld+json\" class=\"yoast-schema-graph\">{\"@context\":\"https:\/\/schema.org\",\"@graph\":[{\"@type\":\"WebPage\",\"@id\":\"https:\/\/bauweb.hr\/index.php\/product\/distar-rezna-ploca-decor-slim-1a1r-ds5418-115mm-12mm\/\",\"url\":\"https:\/\/bauweb.hr\/index.php\/product\/distar-rezna-ploca-decor-slim-1a1r-ds5418-115mm-12mm\/\",\"name\":\"DISTAR - rezna plo\u010da Decor Slim 1A1R DS5418 115mm 1,2mm - BauWeb\",\"isPartOf\":{\"@id\":\"https:\/\/bauweb.hr\/#website\"},\"primaryImageOfPage\":{\"@id\":\"https:\/\/bauweb.hr\/index.php\/product\/distar-rezna-ploca-decor-slim-1a1r-ds5418-115mm-12mm\/#primaryimage\"},\"image\":{\"@id\":\"https:\/\/bauweb.hr\/index.php\/product\/distar-rezna-ploca-decor-slim-1a1r-ds5418-115mm-12mm\/#primaryimage\"},\"thumbnailUrl\":\"https:\/\/bauweb.hr\/wp-content\/uploads\/2024\/02\/distar-rezna-ploca-decor-slim-1a1r-ds5418-115mm-1.2mm-slika-212030466.jpg\",\"datePublished\":\"2024-02-17T09:49:50+00:00\",\"dateModified\":\"2024-02-17T09:52:03+00:00\",\"description\":\"Potra\u017eite \u0161iroki izbor alata i materijala za profesionalne gra\u0111evinske radove. Istra\u017ei Bauweb ponudu i kupuj uz odli\u010dne popuste.\",\"breadcrumb\":{\"@id\":\"https:\/\/bauweb.hr\/index.php\/product\/distar-rezna-ploca-decor-slim-1a1r-ds5418-115mm-12mm\/#breadcrumb\"},\"inLanguage\":\"hr\",\"potentialAction\":[{\"@type\":\"ReadAction\",\"target\":[\"https:\/\/bauweb.hr\/index.php\/product\/distar-rezna-ploca-decor-slim-1a1r-ds5418-115mm-12mm\/\"]}]},{\"@type\":\"ImageObject\",\"inLanguage\":\"hr\",\"@id\":\"https:\/\/bauweb.hr\/index.php\/product\/distar-rezna-ploca-decor-slim-1a1r-ds5418-115mm-12mm\/#primaryimage\",\"url\":\"https:\/\/bauweb.hr\/wp-content\/uploads\/2024\/02\/distar-rezna-ploca-decor-slim-1a1r-ds5418-115mm-1.2mm-slika-212030466.jpg\",\"contentUrl\":\"https:\/\/bauweb.hr\/wp-content\/uploads\/2024\/02\/distar-rezna-ploca-decor-slim-1a1r-ds5418-115mm-1.2mm-slika-212030466.jpg\",\"width\":500,\"height\":500},{\"@type\":\"BreadcrumbList\",\"@id\":\"https:\/\/bauweb.hr\/index.php\/product\/distar-rezna-ploca-decor-slim-1a1r-ds5418-115mm-12mm\/#breadcrumb\",\"itemListElement\":[{\"@type\":\"ListItem\",\"position\":1,\"name\":\"Po\u010detna stranica\",\"item\":\"https:\/\/bauweb.hr\/\"},{\"@type\":\"ListItem\",\"position\":2,\"name\":\"Shop\",\"item\":\"https:\/\/bauweb.hr\/index.php\/shop-wooshop-v1\/\"},{\"@type\":\"ListItem\",\"position\":3,\"name\":\"DISTAR &#8211; rezna plo\u010da Decor Slim 1A1R DS5418 115mm 1,2mm\"}]},{\"@type\":\"WebSite\",\"@id\":\"https:\/\/bauweb.hr\/#website\",\"url\":\"https:\/\/bauweb.hr\/\",\"name\":\"BauWeb\",\"description\":\"Za prave majstore\",\"publisher\":{\"@id\":\"https:\/\/bauweb.hr\/#organization\"},\"alternateName\":\"BauWeb\",\"potentialAction\":[{\"@type\":\"SearchAction\",\"target\":{\"@type\":\"EntryPoint\",\"urlTemplate\":\"https:\/\/bauweb.hr\/?s={search_term_string}\"},\"query-input\":{\"@type\":\"PropertyValueSpecification\",\"valueRequired\":true,\"valueName\":\"search_term_string\"}}],\"inLanguage\":\"hr\"},{\"@type\":\"Organization\",\"@id\":\"https:\/\/bauweb.hr\/#organization\",\"name\":\"Hobi dom d.o.o.\",\"url\":\"https:\/\/bauweb.hr\/\",\"logo\":{\"@type\":\"ImageObject\",\"inLanguage\":\"hr\",\"@id\":\"https:\/\/bauweb.hr\/#\/schema\/logo\/image\/\",\"url\":\"https:\/\/bauweb.hr\/wp-content\/uploads\/2023\/01\/Bauweb_logo-01.png\",\"contentUrl\":\"https:\/\/bauweb.hr\/wp-content\/uploads\/2023\/01\/Bauweb_logo-01.png\",\"width\":842,\"height\":596,\"caption\":\"Hobi dom d.o.o.\"},\"image\":{\"@id\":\"https:\/\/bauweb.hr\/#\/schema\/logo\/image\/\"},\"sameAs\":[\"https:\/\/facebook.com\/bauweb00\",\"https:\/\/instagram.com\/bauweb_shop\"]}]}<\/script>\n<!-- \/ Yoast SEO plugin. -->","yoast_head_json":{"title":"DISTAR - rezna plo\u010da Decor Slim 1A1R DS5418 115mm 1,2mm - BauWeb","description":"Potra\u017eite \u0161iroki izbor alata i materijala za profesionalne gra\u0111evinske radove. Istra\u017ei Bauweb ponudu i kupuj uz odli\u010dne popuste.","robots":{"index":"index","follow":"follow","max-snippet":"max-snippet:-1","max-image-preview":"max-image-preview:large","max-video-preview":"max-video-preview:-1"},"canonical":"https:\/\/bauweb.hr\/index.php\/product\/distar-rezna-ploca-decor-slim-1a1r-ds5418-115mm-12mm\/","og_locale":"hr_HR","og_type":"article","og_title":"DISTAR - rezna plo\u010da Decor Slim 1A1R DS5418 115mm 1,2mm - BauWeb","og_description":"Potra\u017eite \u0161iroki izbor alata i materijala za profesionalne gra\u0111evinske radove. Istra\u017ei Bauweb ponudu i kupuj uz odli\u010dne popuste.","og_url":"https:\/\/bauweb.hr\/index.php\/product\/distar-rezna-ploca-decor-slim-1a1r-ds5418-115mm-12mm\/","og_site_name":"BauWeb","article_publisher":"https:\/\/facebook.com\/bauweb00","article_modified_time":"2024-02-17T09:52:03+00:00","og_image":[{"width":500,"height":500,"url":"https:\/\/bauweb.hr\/wp-content\/uploads\/2024\/02\/distar-rezna-ploca-decor-slim-1a1r-ds5418-115mm-1.2mm-slika-212030466.jpg","type":"image\/jpeg"}],"twitter_card":"summary_large_image","twitter_misc":{"Procijenjeno vrijeme \u010ditanja":"1 minuta"},"schema":{"@context":"https:\/\/schema.org","@graph":[{"@type":"WebPage","@id":"https:\/\/bauweb.hr\/index.php\/product\/distar-rezna-ploca-decor-slim-1a1r-ds5418-115mm-12mm\/","url":"https:\/\/bauweb.hr\/index.php\/product\/distar-rezna-ploca-decor-slim-1a1r-ds5418-115mm-12mm\/","name":"DISTAR - rezna plo\u010da Decor Slim 1A1R DS5418 115mm 1,2mm - BauWeb","isPartOf":{"@id":"https:\/\/bauweb.hr\/#website"},"primaryImageOfPage":{"@id":"https:\/\/bauweb.hr\/index.php\/product\/distar-rezna-ploca-decor-slim-1a1r-ds5418-115mm-12mm\/#primaryimage"},"image":{"@id":"https:\/\/bauweb.hr\/index.php\/product\/distar-rezna-ploca-decor-slim-1a1r-ds5418-115mm-12mm\/#primaryimage"},"thumbnailUrl":"https:\/\/bauweb.hr\/wp-content\/uploads\/2024\/02\/distar-rezna-ploca-decor-slim-1a1r-ds5418-115mm-1.2mm-slika-212030466.jpg","datePublished":"2024-02-17T09:49:50+00:00","dateModified":"2024-02-17T09:52:03+00:00","description":"Potra\u017eite \u0161iroki izbor alata i materijala za profesionalne gra\u0111evinske radove. Istra\u017ei Bauweb ponudu i kupuj uz odli\u010dne popuste.","breadcrumb":{"@id":"https:\/\/bauweb.hr\/index.php\/product\/distar-rezna-ploca-decor-slim-1a1r-ds5418-115mm-12mm\/#breadcrumb"},"inLanguage":"hr","potentialAction":[{"@type":"ReadAction","target":["https:\/\/bauweb.hr\/index.php\/product\/distar-rezna-ploca-decor-slim-1a1r-ds5418-115mm-12mm\/"]}]},{"@type":"ImageObject","inLanguage":"hr","@id":"https:\/\/bauweb.hr\/index.php\/product\/distar-rezna-ploca-decor-slim-1a1r-ds5418-115mm-12mm\/#primaryimage","url":"https:\/\/bauweb.hr\/wp-content\/uploads\/2024\/02\/distar-rezna-ploca-decor-slim-1a1r-ds5418-115mm-1.2mm-slika-212030466.jpg","contentUrl":"https:\/\/bauweb.hr\/wp-content\/uploads\/2024\/02\/distar-rezna-ploca-decor-slim-1a1r-ds5418-115mm-1.2mm-slika-212030466.jpg","width":500,"height":500},{"@type":"BreadcrumbList","@id":"https:\/\/bauweb.hr\/index.php\/product\/distar-rezna-ploca-decor-slim-1a1r-ds5418-115mm-12mm\/#breadcrumb","itemListElement":[{"@type":"ListItem","position":1,"name":"Po\u010detna stranica","item":"https:\/\/bauweb.hr\/"},{"@type":"ListItem","position":2,"name":"Shop","item":"https:\/\/bauweb.hr\/index.php\/shop-wooshop-v1\/"},{"@type":"ListItem","position":3,"name":"DISTAR &#8211; rezna plo\u010da Decor Slim 1A1R DS5418 115mm 1,2mm"}]},{"@type":"WebSite","@id":"https:\/\/bauweb.hr\/#website","url":"https:\/\/bauweb.hr\/","name":"BauWeb","description":"Za prave majstore","publisher":{"@id":"https:\/\/bauweb.hr\/#organization"},"alternateName":"BauWeb","potentialAction":[{"@type":"SearchAction","target":{"@type":"EntryPoint","urlTemplate":"https:\/\/bauweb.hr\/?s={search_term_string}"},"query-input":{"@type":"PropertyValueSpecification","valueRequired":true,"valueName":"search_term_string"}}],"inLanguage":"hr"},{"@type":"Organization","@id":"https:\/\/bauweb.hr\/#organization","name":"Hobi dom d.o.o.","url":"https:\/\/bauweb.hr\/","logo":{"@type":"ImageObject","inLanguage":"hr","@id":"https:\/\/bauweb.hr\/#\/schema\/logo\/image\/","url":"https:\/\/bauweb.hr\/wp-content\/uploads\/2023\/01\/Bauweb_logo-01.png","contentUrl":"https:\/\/bauweb.hr\/wp-content\/uploads\/2023\/01\/Bauweb_logo-01.png","width":842,"height":596,"caption":"Hobi dom d.o.o."},"image":{"@id":"https:\/\/bauweb.hr\/#\/schema\/logo\/image\/"},"sameAs":["https:\/\/facebook.com\/bauweb00","https:\/\/instagram.com\/bauweb_shop"]}]}},"_links":{"self":[{"href":"https:\/\/bauweb.hr\/index.php\/wp-json\/wp\/v2\/product\/21151","targetHints":{"allow":["GET"]}}],"collection":[{"href":"https:\/\/bauweb.hr\/index.php\/wp-json\/wp\/v2\/product"}],"about":[{"href":"https:\/\/bauweb.hr\/index.php\/wp-json\/wp\/v2\/types\/product"}],"replies":[{"embeddable":true,"href":"https:\/\/bauweb.hr\/index.php\/wp-json\/wp\/v2\/comments?post=21151"}],"wp:featuredmedia":[{"embeddable":true,"href":"https:\/\/bauweb.hr\/index.php\/wp-json\/wp\/v2\/media\/21152"}],"wp:attachment":[{"href":"https:\/\/bauweb.hr\/index.php\/wp-json\/wp\/v2\/media?parent=21151"}],"wp:term":[{"taxonomy":"product_brand","embeddable":true,"href":"https:\/\/bauweb.hr\/index.php\/wp-json\/wp\/v2\/product_brand?post=21151"},{"taxonomy":"product_cat","embeddable":true,"href":"https:\/\/bauweb.hr\/index.php\/wp-json\/wp\/v2\/product_cat?post=21151"},{"taxonomy":"product_tag","embeddable":true,"href":"https:\/\/bauweb.hr\/index.php\/wp-json\/wp\/v2\/product_tag?post=21151"}],"curies":[{"name":"wp","href":"https:\/\/api.w.org\/{rel}","templated":true}]}}