{"id":21173,"date":"2024-02-17T11:12:18","date_gmt":"2024-02-17T10:12:18","guid":{"rendered":"https:\/\/bauweb.hr\/?post_type=product&#038;p=21173"},"modified":"2024-05-17T08:38:47","modified_gmt":"2024-05-17T06:38:47","slug":"distar-coolgel-gel-za-hladenje-krune-za-brusenje-250ml","status":"publish","type":"product","link":"https:\/\/bauweb.hr\/index.php\/product\/distar-coolgel-gel-za-hladenje-krune-za-brusenje-250ml\/","title":{"rendered":"DISTAR &#8211; COOLGEL, gel za hla\u0111enje krune za bru\u0161enje, 250ml"},"content":{"rendered":"<p>Bu\u0161enje rupa u porculanskom gresu uvijek prati kontaminacija radne zone. Ako se radi o suhom bu\u0161enju, tada se stvara velika koli\u010dina pra\u0161ine. U slu\u010daju bu\u0161enja s rashladnim sredstvom \u2013 mlaz prljave vode. Svi ovi \u010dimbenici kompliciraju proces, \u010dine ga neugodnim i potrebno je kona\u010dno o\u010distiti radno mjesto.<br \/>\nPostoji rje\u0161enje \u2013 rashladni gel za bu\u0161enje CoolGEL. Nakon ozna\u010davanja radne povr\u0161ine, gel se nanosi na podru\u010dje budu\u0107e rupe. Tijekom bu\u0161enja, gel upija produkte rezanja, ve\u017ee ih kako bi sprije\u010dio njihovo \u0161irenje. Osim toga, dolazi do u\u010dinkovitog hla\u0111enja svrdla, \u0161to je jednako dobro kao vodeno hla\u0111enje. To pove\u0107ava brzinu bu\u0161enja i odr\u017eava dug vijek trajanja svrdla. Nakon bu\u0161enja dovoljno je obrisati mjesto bu\u0161enja salvetom i sve je \u010disto i suho.<br \/>\nZbog svoje guste konzistencije, gel se mo\u017ee nanositi i na vodoravne i na okomite povr\u0161ine.<br \/>\nNajbolje radi za svrdla promjera do 35 mm.<br \/>\nDostupan u posudici te\u017eine 250 g, \u0161to je dovoljno za oko 20-25 rupa. Glavna komponenta je voda. Gel je potpuno siguran za zdravlje \u010dak i ako do\u0111e na ljudsku ko\u017eu.<\/p>\n","protected":false},"excerpt":{"rendered":"<p>CoolGEL<br \/>\n\u010cisto bu\u0161enje!<\/p>\n<p>Potvrdili majstori!<\/p>\n","protected":false},"featured_media":21174,"comment_status":"open","ping_status":"closed","template":"","meta":[],"product_brand":[386],"product_cat":[147,102],"product_tag":[],"class_list":{"0":"post-21173","1":"product","2":"type-product","3":"status-publish","4":"has-post-thumbnail","6":"product_brand-distar","7":"product_cat-alati-i-pribor-keramicari","8":"product_cat-keramicari","10":"first","11":"instock","12":"shipping-taxable","13":"purchasable","14":"product-type-simple"},"yoast_head":"<!-- This site is optimized with the Yoast SEO plugin v27.2 - https:\/\/yoast.com\/product\/yoast-seo-wordpress\/ -->\n<title>DISTAR - COOLGEL, gel za hla\u0111enje krune za bru\u0161enje, 250ml - BauWeb<\/title>\n<meta name=\"description\" content=\"Potra\u017eite \u0161iroki izbor alata i materijala za profesionalne gra\u0111evinske radove. Istra\u017ei Bauweb ponudu i kupuj uz odli\u010dne popuste.\" \/>\n<meta name=\"robots\" content=\"index, follow, max-snippet:-1, max-image-preview:large, max-video-preview:-1\" \/>\n<link rel=\"canonical\" href=\"https:\/\/bauweb.hr\/index.php\/product\/distar-coolgel-gel-za-hladenje-krune-za-brusenje-250ml\/\" \/>\n<meta property=\"og:locale\" content=\"hr_HR\" \/>\n<meta property=\"og:type\" content=\"article\" \/>\n<meta property=\"og:title\" content=\"DISTAR - COOLGEL, gel za hla\u0111enje krune za bru\u0161enje, 250ml - BauWeb\" \/>\n<meta property=\"og:description\" content=\"Potra\u017eite \u0161iroki izbor alata i materijala za profesionalne gra\u0111evinske radove. Istra\u017ei Bauweb ponudu i kupuj uz odli\u010dne popuste.\" \/>\n<meta property=\"og:url\" content=\"https:\/\/bauweb.hr\/index.php\/product\/distar-coolgel-gel-za-hladenje-krune-za-brusenje-250ml\/\" \/>\n<meta property=\"og:site_name\" content=\"BauWeb\" \/>\n<meta property=\"article:publisher\" content=\"https:\/\/facebook.com\/bauweb00\" \/>\n<meta property=\"article:modified_time\" content=\"2024-05-17T06:38:47+00:00\" \/>\n<meta property=\"og:image\" content=\"https:\/\/bauweb.hr\/wp-content\/uploads\/2024\/02\/distar-coolgel-gel-hladenje-krune-brusenje-250ml-slika-212093710.jpeg\" \/>\n\t<meta property=\"og:image:width\" content=\"500\" \/>\n\t<meta property=\"og:image:height\" content=\"500\" \/>\n\t<meta property=\"og:image:type\" content=\"image\/jpeg\" \/>\n<meta name=\"twitter:card\" content=\"summary_large_image\" \/>\n<meta name=\"twitter:label1\" content=\"Procijenjeno vrijeme \u010ditanja\" \/>\n\t<meta name=\"twitter:data1\" content=\"2 minute\" \/>\n<script type=\"application\/ld+json\" class=\"yoast-schema-graph\">{\"@context\":\"https:\/\/schema.org\",\"@graph\":[{\"@type\":\"WebPage\",\"@id\":\"https:\/\/bauweb.hr\/index.php\/product\/distar-coolgel-gel-za-hladenje-krune-za-brusenje-250ml\/\",\"url\":\"https:\/\/bauweb.hr\/index.php\/product\/distar-coolgel-gel-za-hladenje-krune-za-brusenje-250ml\/\",\"name\":\"DISTAR - COOLGEL, gel za hla\u0111enje krune za bru\u0161enje, 250ml - BauWeb\",\"isPartOf\":{\"@id\":\"https:\/\/bauweb.hr\/#website\"},\"primaryImageOfPage\":{\"@id\":\"https:\/\/bauweb.hr\/index.php\/product\/distar-coolgel-gel-za-hladenje-krune-za-brusenje-250ml\/#primaryimage\"},\"image\":{\"@id\":\"https:\/\/bauweb.hr\/index.php\/product\/distar-coolgel-gel-za-hladenje-krune-za-brusenje-250ml\/#primaryimage\"},\"thumbnailUrl\":\"https:\/\/bauweb.hr\/wp-content\/uploads\/2024\/02\/distar-coolgel-gel-hladenje-krune-brusenje-250ml-slika-212093710.jpeg\",\"datePublished\":\"2024-02-17T10:12:18+00:00\",\"dateModified\":\"2024-05-17T06:38:47+00:00\",\"description\":\"Potra\u017eite \u0161iroki izbor alata i materijala za profesionalne gra\u0111evinske radove. Istra\u017ei Bauweb ponudu i kupuj uz odli\u010dne popuste.\",\"breadcrumb\":{\"@id\":\"https:\/\/bauweb.hr\/index.php\/product\/distar-coolgel-gel-za-hladenje-krune-za-brusenje-250ml\/#breadcrumb\"},\"inLanguage\":\"hr\",\"potentialAction\":[{\"@type\":\"ReadAction\",\"target\":[\"https:\/\/bauweb.hr\/index.php\/product\/distar-coolgel-gel-za-hladenje-krune-za-brusenje-250ml\/\"]}]},{\"@type\":\"ImageObject\",\"inLanguage\":\"hr\",\"@id\":\"https:\/\/bauweb.hr\/index.php\/product\/distar-coolgel-gel-za-hladenje-krune-za-brusenje-250ml\/#primaryimage\",\"url\":\"https:\/\/bauweb.hr\/wp-content\/uploads\/2024\/02\/distar-coolgel-gel-hladenje-krune-brusenje-250ml-slika-212093710.jpeg\",\"contentUrl\":\"https:\/\/bauweb.hr\/wp-content\/uploads\/2024\/02\/distar-coolgel-gel-hladenje-krune-brusenje-250ml-slika-212093710.jpeg\",\"width\":500,\"height\":500},{\"@type\":\"BreadcrumbList\",\"@id\":\"https:\/\/bauweb.hr\/index.php\/product\/distar-coolgel-gel-za-hladenje-krune-za-brusenje-250ml\/#breadcrumb\",\"itemListElement\":[{\"@type\":\"ListItem\",\"position\":1,\"name\":\"Po\u010detna stranica\",\"item\":\"https:\/\/bauweb.hr\/\"},{\"@type\":\"ListItem\",\"position\":2,\"name\":\"Shop\",\"item\":\"https:\/\/bauweb.hr\/index.php\/shop-wooshop-v1\/\"},{\"@type\":\"ListItem\",\"position\":3,\"name\":\"DISTAR &#8211; COOLGEL, gel za hla\u0111enje krune za bru\u0161enje, 250ml\"}]},{\"@type\":\"WebSite\",\"@id\":\"https:\/\/bauweb.hr\/#website\",\"url\":\"https:\/\/bauweb.hr\/\",\"name\":\"BauWeb\",\"description\":\"Za prave majstore\",\"publisher\":{\"@id\":\"https:\/\/bauweb.hr\/#organization\"},\"alternateName\":\"BauWeb\",\"potentialAction\":[{\"@type\":\"SearchAction\",\"target\":{\"@type\":\"EntryPoint\",\"urlTemplate\":\"https:\/\/bauweb.hr\/?s={search_term_string}\"},\"query-input\":{\"@type\":\"PropertyValueSpecification\",\"valueRequired\":true,\"valueName\":\"search_term_string\"}}],\"inLanguage\":\"hr\"},{\"@type\":\"Organization\",\"@id\":\"https:\/\/bauweb.hr\/#organization\",\"name\":\"Hobi dom d.o.o.\",\"url\":\"https:\/\/bauweb.hr\/\",\"logo\":{\"@type\":\"ImageObject\",\"inLanguage\":\"hr\",\"@id\":\"https:\/\/bauweb.hr\/#\/schema\/logo\/image\/\",\"url\":\"https:\/\/bauweb.hr\/wp-content\/uploads\/2023\/01\/Bauweb_logo-01.png\",\"contentUrl\":\"https:\/\/bauweb.hr\/wp-content\/uploads\/2023\/01\/Bauweb_logo-01.png\",\"width\":842,\"height\":596,\"caption\":\"Hobi dom d.o.o.\"},\"image\":{\"@id\":\"https:\/\/bauweb.hr\/#\/schema\/logo\/image\/\"},\"sameAs\":[\"https:\/\/facebook.com\/bauweb00\",\"https:\/\/instagram.com\/bauweb_shop\"]}]}<\/script>\n<!-- \/ Yoast SEO plugin. -->","yoast_head_json":{"title":"DISTAR - COOLGEL, gel za hla\u0111enje krune za bru\u0161enje, 250ml - BauWeb","description":"Potra\u017eite \u0161iroki izbor alata i materijala za profesionalne gra\u0111evinske radove. Istra\u017ei Bauweb ponudu i kupuj uz odli\u010dne popuste.","robots":{"index":"index","follow":"follow","max-snippet":"max-snippet:-1","max-image-preview":"max-image-preview:large","max-video-preview":"max-video-preview:-1"},"canonical":"https:\/\/bauweb.hr\/index.php\/product\/distar-coolgel-gel-za-hladenje-krune-za-brusenje-250ml\/","og_locale":"hr_HR","og_type":"article","og_title":"DISTAR - COOLGEL, gel za hla\u0111enje krune za bru\u0161enje, 250ml - BauWeb","og_description":"Potra\u017eite \u0161iroki izbor alata i materijala za profesionalne gra\u0111evinske radove. Istra\u017ei Bauweb ponudu i kupuj uz odli\u010dne popuste.","og_url":"https:\/\/bauweb.hr\/index.php\/product\/distar-coolgel-gel-za-hladenje-krune-za-brusenje-250ml\/","og_site_name":"BauWeb","article_publisher":"https:\/\/facebook.com\/bauweb00","article_modified_time":"2024-05-17T06:38:47+00:00","og_image":[{"width":500,"height":500,"url":"https:\/\/bauweb.hr\/wp-content\/uploads\/2024\/02\/distar-coolgel-gel-hladenje-krune-brusenje-250ml-slika-212093710.jpeg","type":"image\/jpeg"}],"twitter_card":"summary_large_image","twitter_misc":{"Procijenjeno vrijeme \u010ditanja":"2 minute"},"schema":{"@context":"https:\/\/schema.org","@graph":[{"@type":"WebPage","@id":"https:\/\/bauweb.hr\/index.php\/product\/distar-coolgel-gel-za-hladenje-krune-za-brusenje-250ml\/","url":"https:\/\/bauweb.hr\/index.php\/product\/distar-coolgel-gel-za-hladenje-krune-za-brusenje-250ml\/","name":"DISTAR - COOLGEL, gel za hla\u0111enje krune za bru\u0161enje, 250ml - BauWeb","isPartOf":{"@id":"https:\/\/bauweb.hr\/#website"},"primaryImageOfPage":{"@id":"https:\/\/bauweb.hr\/index.php\/product\/distar-coolgel-gel-za-hladenje-krune-za-brusenje-250ml\/#primaryimage"},"image":{"@id":"https:\/\/bauweb.hr\/index.php\/product\/distar-coolgel-gel-za-hladenje-krune-za-brusenje-250ml\/#primaryimage"},"thumbnailUrl":"https:\/\/bauweb.hr\/wp-content\/uploads\/2024\/02\/distar-coolgel-gel-hladenje-krune-brusenje-250ml-slika-212093710.jpeg","datePublished":"2024-02-17T10:12:18+00:00","dateModified":"2024-05-17T06:38:47+00:00","description":"Potra\u017eite \u0161iroki izbor alata i materijala za profesionalne gra\u0111evinske radove. Istra\u017ei Bauweb ponudu i kupuj uz odli\u010dne popuste.","breadcrumb":{"@id":"https:\/\/bauweb.hr\/index.php\/product\/distar-coolgel-gel-za-hladenje-krune-za-brusenje-250ml\/#breadcrumb"},"inLanguage":"hr","potentialAction":[{"@type":"ReadAction","target":["https:\/\/bauweb.hr\/index.php\/product\/distar-coolgel-gel-za-hladenje-krune-za-brusenje-250ml\/"]}]},{"@type":"ImageObject","inLanguage":"hr","@id":"https:\/\/bauweb.hr\/index.php\/product\/distar-coolgel-gel-za-hladenje-krune-za-brusenje-250ml\/#primaryimage","url":"https:\/\/bauweb.hr\/wp-content\/uploads\/2024\/02\/distar-coolgel-gel-hladenje-krune-brusenje-250ml-slika-212093710.jpeg","contentUrl":"https:\/\/bauweb.hr\/wp-content\/uploads\/2024\/02\/distar-coolgel-gel-hladenje-krune-brusenje-250ml-slika-212093710.jpeg","width":500,"height":500},{"@type":"BreadcrumbList","@id":"https:\/\/bauweb.hr\/index.php\/product\/distar-coolgel-gel-za-hladenje-krune-za-brusenje-250ml\/#breadcrumb","itemListElement":[{"@type":"ListItem","position":1,"name":"Po\u010detna stranica","item":"https:\/\/bauweb.hr\/"},{"@type":"ListItem","position":2,"name":"Shop","item":"https:\/\/bauweb.hr\/index.php\/shop-wooshop-v1\/"},{"@type":"ListItem","position":3,"name":"DISTAR &#8211; COOLGEL, gel za hla\u0111enje krune za bru\u0161enje, 250ml"}]},{"@type":"WebSite","@id":"https:\/\/bauweb.hr\/#website","url":"https:\/\/bauweb.hr\/","name":"BauWeb","description":"Za prave majstore","publisher":{"@id":"https:\/\/bauweb.hr\/#organization"},"alternateName":"BauWeb","potentialAction":[{"@type":"SearchAction","target":{"@type":"EntryPoint","urlTemplate":"https:\/\/bauweb.hr\/?s={search_term_string}"},"query-input":{"@type":"PropertyValueSpecification","valueRequired":true,"valueName":"search_term_string"}}],"inLanguage":"hr"},{"@type":"Organization","@id":"https:\/\/bauweb.hr\/#organization","name":"Hobi dom d.o.o.","url":"https:\/\/bauweb.hr\/","logo":{"@type":"ImageObject","inLanguage":"hr","@id":"https:\/\/bauweb.hr\/#\/schema\/logo\/image\/","url":"https:\/\/bauweb.hr\/wp-content\/uploads\/2023\/01\/Bauweb_logo-01.png","contentUrl":"https:\/\/bauweb.hr\/wp-content\/uploads\/2023\/01\/Bauweb_logo-01.png","width":842,"height":596,"caption":"Hobi dom d.o.o."},"image":{"@id":"https:\/\/bauweb.hr\/#\/schema\/logo\/image\/"},"sameAs":["https:\/\/facebook.com\/bauweb00","https:\/\/instagram.com\/bauweb_shop"]}]}},"_links":{"self":[{"href":"https:\/\/bauweb.hr\/index.php\/wp-json\/wp\/v2\/product\/21173","targetHints":{"allow":["GET"]}}],"collection":[{"href":"https:\/\/bauweb.hr\/index.php\/wp-json\/wp\/v2\/product"}],"about":[{"href":"https:\/\/bauweb.hr\/index.php\/wp-json\/wp\/v2\/types\/product"}],"replies":[{"embeddable":true,"href":"https:\/\/bauweb.hr\/index.php\/wp-json\/wp\/v2\/comments?post=21173"}],"wp:featuredmedia":[{"embeddable":true,"href":"https:\/\/bauweb.hr\/index.php\/wp-json\/wp\/v2\/media\/21174"}],"wp:attachment":[{"href":"https:\/\/bauweb.hr\/index.php\/wp-json\/wp\/v2\/media?parent=21173"}],"wp:term":[{"taxonomy":"product_brand","embeddable":true,"href":"https:\/\/bauweb.hr\/index.php\/wp-json\/wp\/v2\/product_brand?post=21173"},{"taxonomy":"product_cat","embeddable":true,"href":"https:\/\/bauweb.hr\/index.php\/wp-json\/wp\/v2\/product_cat?post=21173"},{"taxonomy":"product_tag","embeddable":true,"href":"https:\/\/bauweb.hr\/index.php\/wp-json\/wp\/v2\/product_tag?post=21173"}],"curies":[{"name":"wp","href":"https:\/\/api.w.org\/{rel}","templated":true}]}}