{"id":21266,"date":"2024-03-01T16:53:26","date_gmt":"2024-03-01T15:53:26","guid":{"rendered":"https:\/\/bauweb.hr\/?post_type=product&#038;p=21266"},"modified":"2024-03-01T16:57:49","modified_gmt":"2024-03-01T15:57:49","slug":"powerbank-s-funkcijom-pokretanja-motora-od-12000-mah","status":"publish","type":"product","link":"https:\/\/bauweb.hr\/index.php\/product\/powerbank-s-funkcijom-pokretanja-motora-od-12000-mah\/","title":{"rendered":"Powerbank s funkcijom pokretanja motora od 12000 mAh"},"content":{"rendered":"<p>Powerbank DEDRA DEPP1200 s funkcijom pokretanja motora nije gadget, ve\u0107 neophodan alat u hladnim zimskim jutrima, pogotovo ako je va\u0161 automobil sklon hirovima. Prili\u010dno je te\u0161ko prona\u0107i nekoga tko je voljan pomo\u0107i vam pokrenuti automobil, a jo\u0161 je te\u017ee prona\u0107i nekoga s premosnim kabelima. Sa\u010duvajte \u017eivce i za\u0161titite se od stresa ispra\u017enjenog akumulatora. S baterijom za automobil ne samo da \u0107ete pokrenuti motor, ve\u0107 je mo\u017eete koristiti i kao standardnu \u200b\u200bbateriju za napajanje. Njime mo\u017eete puniti svoj pametni telefon, bluetooth zvu\u010dnik ili tablet. Ugra\u0111ena uti\u010dnica za brzo punjenje omogu\u0107uje vam brzo punjenje telefona bez potrebe za spajanjem ure\u0111aja na du\u017ee vrijeme.<\/p>\n<p>Zna\u010dajke:<br \/>\nPokreta\u010d s funkcijom hitnog pokretanja za dizelske i benzinske motore, motocikle i plovila<br \/>\nMogu\u0107nost pokretanja motora nekoliko puta bez potrebe za punjenjem baterije<br \/>\nQuickcharge &#8211; uti\u010dnica za brzo punjenje pametnog telefona, Bluetooth zvu\u010dnika, tableta.<br \/>\nUgra\u0111ena vi\u0161enamjenska LED svjetiljka od 1 W &#8211; kontinuirano svjetlo, stroboskop, SOS signal<\/p>\n<p>Specifikacije:<br \/>\nKapacitet: Li-PO 12000 mAh<br \/>\nUlazni napon i struja: 15V 1A, 5V 2A<br \/>\nIzlazni napon i struja: brzo punjenje, 5 V 2,4 A, 9 V 2,0 A, 12 V Jump Starter 10 A<br \/>\nKontinuirana \/ vr\u0161na struja: 200 A \/ 500 A<br \/>\nRadna temperatura: -20 \u2103 ~ 50 \u2103<br \/>\nPremosni kabeli sa za\u0161titom: DA<br \/>\nZa\u0161tita od prekomjernog punjenja: DA<br \/>\nZa\u0161tita od pra\u017enjenja: DA<br \/>\nToplinska za\u0161tita: DA<br \/>\nZa\u0161tita od obrnutog polariteta: DA<br \/>\nZa\u0161tita od kratkog spoja: DA<br \/>\nZa\u0161tita od preoptere\u0107enja: DA<br \/>\nDimenzije ure\u0111aja: 162 * 85 * 30 mm<br \/>\nTe\u017eina: 400 g<\/p>\n<p>Zavr\u0161etak:<br \/>\nPowerbank<br \/>\nKabeli za hitno pokretanje motora s inteligentnim sigurnosnim sustavom<br \/>\nAuto punja\u010d s uti\u010dnicom za upalja\u010d od 12 V<br \/>\nUSB kabel za punjenje s maks. struja punjenja 2A<br \/>\nAuto punja\u010d s uti\u010dnicom za upalja\u010d od 12 V<\/p>\n","protected":false},"excerpt":{"rendered":"<p>Powerbank STARTERI su uvjek dobrodo\u0161li u na\u0161im domovima, Starteri \u010desto spa\u0161avaju situaciju punjenjem telefona kada nemamo pristup uti\u010dnici.<\/p>\n<p>Potvrdili majstori!<\/p>\n","protected":false},"featured_media":21267,"comment_status":"open","ping_status":"closed","template":"","meta":[],"product_brand":[350],"product_cat":[210],"product_tag":[],"class_list":{"0":"post-21266","1":"product","2":"type-product","3":"status-publish","4":"has-post-thumbnail","6":"product_brand-dedra","7":"product_cat-ostalo","9":"first","10":"instock","11":"shipping-taxable","12":"purchasable","13":"product-type-simple"},"yoast_head":"<!-- This site is optimized with the Yoast SEO plugin v27.2 - https:\/\/yoast.com\/product\/yoast-seo-wordpress\/ -->\n<title>Powerbank s funkcijom pokretanja motora od 12000 mAh - BauWeb<\/title>\n<meta name=\"description\" content=\"Potra\u017eite \u0161iroki izbor alata i materijala za profesionalne gra\u0111evinske radove. Istra\u017ei Bauweb ponudu i kupuj uz odli\u010dne popuste.\" \/>\n<meta name=\"robots\" content=\"index, follow, max-snippet:-1, max-image-preview:large, max-video-preview:-1\" \/>\n<link rel=\"canonical\" href=\"https:\/\/bauweb.hr\/index.php\/product\/powerbank-s-funkcijom-pokretanja-motora-od-12000-mah\/\" \/>\n<meta property=\"og:locale\" content=\"hr_HR\" \/>\n<meta property=\"og:type\" content=\"article\" \/>\n<meta property=\"og:title\" content=\"Powerbank s funkcijom pokretanja motora od 12000 mAh - BauWeb\" \/>\n<meta property=\"og:description\" content=\"Potra\u017eite \u0161iroki izbor alata i materijala za profesionalne gra\u0111evinske radove. Istra\u017ei Bauweb ponudu i kupuj uz odli\u010dne popuste.\" \/>\n<meta property=\"og:url\" content=\"https:\/\/bauweb.hr\/index.php\/product\/powerbank-s-funkcijom-pokretanja-motora-od-12000-mah\/\" \/>\n<meta property=\"og:site_name\" content=\"BauWeb\" \/>\n<meta property=\"article:publisher\" content=\"https:\/\/facebook.com\/bauweb00\" \/>\n<meta property=\"article:modified_time\" content=\"2024-03-01T15:57:49+00:00\" \/>\n<meta property=\"og:image\" content=\"https:\/\/bauweb.hr\/wp-content\/uploads\/2024\/03\/powerbank-funkcijom-pokretanja-motora-12000-mah-slika-214893511.jpeg\" \/>\n\t<meta property=\"og:image:width\" content=\"690\" \/>\n\t<meta property=\"og:image:height\" content=\"690\" \/>\n\t<meta property=\"og:image:type\" content=\"image\/jpeg\" \/>\n<meta name=\"twitter:card\" content=\"summary_large_image\" \/>\n<meta name=\"twitter:label1\" content=\"Procijenjeno vrijeme \u010ditanja\" \/>\n\t<meta name=\"twitter:data1\" content=\"2 minute\" \/>\n<script type=\"application\/ld+json\" class=\"yoast-schema-graph\">{\"@context\":\"https:\/\/schema.org\",\"@graph\":[{\"@type\":\"WebPage\",\"@id\":\"https:\/\/bauweb.hr\/index.php\/product\/powerbank-s-funkcijom-pokretanja-motora-od-12000-mah\/\",\"url\":\"https:\/\/bauweb.hr\/index.php\/product\/powerbank-s-funkcijom-pokretanja-motora-od-12000-mah\/\",\"name\":\"Powerbank s funkcijom pokretanja motora od 12000 mAh - BauWeb\",\"isPartOf\":{\"@id\":\"https:\/\/bauweb.hr\/#website\"},\"primaryImageOfPage\":{\"@id\":\"https:\/\/bauweb.hr\/index.php\/product\/powerbank-s-funkcijom-pokretanja-motora-od-12000-mah\/#primaryimage\"},\"image\":{\"@id\":\"https:\/\/bauweb.hr\/index.php\/product\/powerbank-s-funkcijom-pokretanja-motora-od-12000-mah\/#primaryimage\"},\"thumbnailUrl\":\"https:\/\/bauweb.hr\/wp-content\/uploads\/2024\/03\/powerbank-funkcijom-pokretanja-motora-12000-mah-slika-214893511.jpeg\",\"datePublished\":\"2024-03-01T15:53:26+00:00\",\"dateModified\":\"2024-03-01T15:57:49+00:00\",\"description\":\"Potra\u017eite \u0161iroki izbor alata i materijala za profesionalne gra\u0111evinske radove. Istra\u017ei Bauweb ponudu i kupuj uz odli\u010dne popuste.\",\"breadcrumb\":{\"@id\":\"https:\/\/bauweb.hr\/index.php\/product\/powerbank-s-funkcijom-pokretanja-motora-od-12000-mah\/#breadcrumb\"},\"inLanguage\":\"hr\",\"potentialAction\":[{\"@type\":\"ReadAction\",\"target\":[\"https:\/\/bauweb.hr\/index.php\/product\/powerbank-s-funkcijom-pokretanja-motora-od-12000-mah\/\"]}]},{\"@type\":\"ImageObject\",\"inLanguage\":\"hr\",\"@id\":\"https:\/\/bauweb.hr\/index.php\/product\/powerbank-s-funkcijom-pokretanja-motora-od-12000-mah\/#primaryimage\",\"url\":\"https:\/\/bauweb.hr\/wp-content\/uploads\/2024\/03\/powerbank-funkcijom-pokretanja-motora-12000-mah-slika-214893511.jpeg\",\"contentUrl\":\"https:\/\/bauweb.hr\/wp-content\/uploads\/2024\/03\/powerbank-funkcijom-pokretanja-motora-12000-mah-slika-214893511.jpeg\",\"width\":690,\"height\":690},{\"@type\":\"BreadcrumbList\",\"@id\":\"https:\/\/bauweb.hr\/index.php\/product\/powerbank-s-funkcijom-pokretanja-motora-od-12000-mah\/#breadcrumb\",\"itemListElement\":[{\"@type\":\"ListItem\",\"position\":1,\"name\":\"Po\u010detna stranica\",\"item\":\"https:\/\/bauweb.hr\/\"},{\"@type\":\"ListItem\",\"position\":2,\"name\":\"Shop\",\"item\":\"https:\/\/bauweb.hr\/index.php\/shop-wooshop-v1\/\"},{\"@type\":\"ListItem\",\"position\":3,\"name\":\"Powerbank s funkcijom pokretanja motora od 12000 mAh\"}]},{\"@type\":\"WebSite\",\"@id\":\"https:\/\/bauweb.hr\/#website\",\"url\":\"https:\/\/bauweb.hr\/\",\"name\":\"BauWeb\",\"description\":\"Za prave majstore\",\"publisher\":{\"@id\":\"https:\/\/bauweb.hr\/#organization\"},\"alternateName\":\"BauWeb\",\"potentialAction\":[{\"@type\":\"SearchAction\",\"target\":{\"@type\":\"EntryPoint\",\"urlTemplate\":\"https:\/\/bauweb.hr\/?s={search_term_string}\"},\"query-input\":{\"@type\":\"PropertyValueSpecification\",\"valueRequired\":true,\"valueName\":\"search_term_string\"}}],\"inLanguage\":\"hr\"},{\"@type\":\"Organization\",\"@id\":\"https:\/\/bauweb.hr\/#organization\",\"name\":\"Hobi dom d.o.o.\",\"url\":\"https:\/\/bauweb.hr\/\",\"logo\":{\"@type\":\"ImageObject\",\"inLanguage\":\"hr\",\"@id\":\"https:\/\/bauweb.hr\/#\/schema\/logo\/image\/\",\"url\":\"https:\/\/bauweb.hr\/wp-content\/uploads\/2023\/01\/Bauweb_logo-01.png\",\"contentUrl\":\"https:\/\/bauweb.hr\/wp-content\/uploads\/2023\/01\/Bauweb_logo-01.png\",\"width\":842,\"height\":596,\"caption\":\"Hobi dom d.o.o.\"},\"image\":{\"@id\":\"https:\/\/bauweb.hr\/#\/schema\/logo\/image\/\"},\"sameAs\":[\"https:\/\/facebook.com\/bauweb00\",\"https:\/\/instagram.com\/bauweb_shop\"]}]}<\/script>\n<!-- \/ Yoast SEO plugin. -->","yoast_head_json":{"title":"Powerbank s funkcijom pokretanja motora od 12000 mAh - BauWeb","description":"Potra\u017eite \u0161iroki izbor alata i materijala za profesionalne gra\u0111evinske radove. Istra\u017ei Bauweb ponudu i kupuj uz odli\u010dne popuste.","robots":{"index":"index","follow":"follow","max-snippet":"max-snippet:-1","max-image-preview":"max-image-preview:large","max-video-preview":"max-video-preview:-1"},"canonical":"https:\/\/bauweb.hr\/index.php\/product\/powerbank-s-funkcijom-pokretanja-motora-od-12000-mah\/","og_locale":"hr_HR","og_type":"article","og_title":"Powerbank s funkcijom pokretanja motora od 12000 mAh - BauWeb","og_description":"Potra\u017eite \u0161iroki izbor alata i materijala za profesionalne gra\u0111evinske radove. Istra\u017ei Bauweb ponudu i kupuj uz odli\u010dne popuste.","og_url":"https:\/\/bauweb.hr\/index.php\/product\/powerbank-s-funkcijom-pokretanja-motora-od-12000-mah\/","og_site_name":"BauWeb","article_publisher":"https:\/\/facebook.com\/bauweb00","article_modified_time":"2024-03-01T15:57:49+00:00","og_image":[{"width":690,"height":690,"url":"https:\/\/bauweb.hr\/wp-content\/uploads\/2024\/03\/powerbank-funkcijom-pokretanja-motora-12000-mah-slika-214893511.jpeg","type":"image\/jpeg"}],"twitter_card":"summary_large_image","twitter_misc":{"Procijenjeno vrijeme \u010ditanja":"2 minute"},"schema":{"@context":"https:\/\/schema.org","@graph":[{"@type":"WebPage","@id":"https:\/\/bauweb.hr\/index.php\/product\/powerbank-s-funkcijom-pokretanja-motora-od-12000-mah\/","url":"https:\/\/bauweb.hr\/index.php\/product\/powerbank-s-funkcijom-pokretanja-motora-od-12000-mah\/","name":"Powerbank s funkcijom pokretanja motora od 12000 mAh - BauWeb","isPartOf":{"@id":"https:\/\/bauweb.hr\/#website"},"primaryImageOfPage":{"@id":"https:\/\/bauweb.hr\/index.php\/product\/powerbank-s-funkcijom-pokretanja-motora-od-12000-mah\/#primaryimage"},"image":{"@id":"https:\/\/bauweb.hr\/index.php\/product\/powerbank-s-funkcijom-pokretanja-motora-od-12000-mah\/#primaryimage"},"thumbnailUrl":"https:\/\/bauweb.hr\/wp-content\/uploads\/2024\/03\/powerbank-funkcijom-pokretanja-motora-12000-mah-slika-214893511.jpeg","datePublished":"2024-03-01T15:53:26+00:00","dateModified":"2024-03-01T15:57:49+00:00","description":"Potra\u017eite \u0161iroki izbor alata i materijala za profesionalne gra\u0111evinske radove. Istra\u017ei Bauweb ponudu i kupuj uz odli\u010dne popuste.","breadcrumb":{"@id":"https:\/\/bauweb.hr\/index.php\/product\/powerbank-s-funkcijom-pokretanja-motora-od-12000-mah\/#breadcrumb"},"inLanguage":"hr","potentialAction":[{"@type":"ReadAction","target":["https:\/\/bauweb.hr\/index.php\/product\/powerbank-s-funkcijom-pokretanja-motora-od-12000-mah\/"]}]},{"@type":"ImageObject","inLanguage":"hr","@id":"https:\/\/bauweb.hr\/index.php\/product\/powerbank-s-funkcijom-pokretanja-motora-od-12000-mah\/#primaryimage","url":"https:\/\/bauweb.hr\/wp-content\/uploads\/2024\/03\/powerbank-funkcijom-pokretanja-motora-12000-mah-slika-214893511.jpeg","contentUrl":"https:\/\/bauweb.hr\/wp-content\/uploads\/2024\/03\/powerbank-funkcijom-pokretanja-motora-12000-mah-slika-214893511.jpeg","width":690,"height":690},{"@type":"BreadcrumbList","@id":"https:\/\/bauweb.hr\/index.php\/product\/powerbank-s-funkcijom-pokretanja-motora-od-12000-mah\/#breadcrumb","itemListElement":[{"@type":"ListItem","position":1,"name":"Po\u010detna stranica","item":"https:\/\/bauweb.hr\/"},{"@type":"ListItem","position":2,"name":"Shop","item":"https:\/\/bauweb.hr\/index.php\/shop-wooshop-v1\/"},{"@type":"ListItem","position":3,"name":"Powerbank s funkcijom pokretanja motora od 12000 mAh"}]},{"@type":"WebSite","@id":"https:\/\/bauweb.hr\/#website","url":"https:\/\/bauweb.hr\/","name":"BauWeb","description":"Za prave majstore","publisher":{"@id":"https:\/\/bauweb.hr\/#organization"},"alternateName":"BauWeb","potentialAction":[{"@type":"SearchAction","target":{"@type":"EntryPoint","urlTemplate":"https:\/\/bauweb.hr\/?s={search_term_string}"},"query-input":{"@type":"PropertyValueSpecification","valueRequired":true,"valueName":"search_term_string"}}],"inLanguage":"hr"},{"@type":"Organization","@id":"https:\/\/bauweb.hr\/#organization","name":"Hobi dom d.o.o.","url":"https:\/\/bauweb.hr\/","logo":{"@type":"ImageObject","inLanguage":"hr","@id":"https:\/\/bauweb.hr\/#\/schema\/logo\/image\/","url":"https:\/\/bauweb.hr\/wp-content\/uploads\/2023\/01\/Bauweb_logo-01.png","contentUrl":"https:\/\/bauweb.hr\/wp-content\/uploads\/2023\/01\/Bauweb_logo-01.png","width":842,"height":596,"caption":"Hobi dom d.o.o."},"image":{"@id":"https:\/\/bauweb.hr\/#\/schema\/logo\/image\/"},"sameAs":["https:\/\/facebook.com\/bauweb00","https:\/\/instagram.com\/bauweb_shop"]}]}},"_links":{"self":[{"href":"https:\/\/bauweb.hr\/index.php\/wp-json\/wp\/v2\/product\/21266","targetHints":{"allow":["GET"]}}],"collection":[{"href":"https:\/\/bauweb.hr\/index.php\/wp-json\/wp\/v2\/product"}],"about":[{"href":"https:\/\/bauweb.hr\/index.php\/wp-json\/wp\/v2\/types\/product"}],"replies":[{"embeddable":true,"href":"https:\/\/bauweb.hr\/index.php\/wp-json\/wp\/v2\/comments?post=21266"}],"wp:featuredmedia":[{"embeddable":true,"href":"https:\/\/bauweb.hr\/index.php\/wp-json\/wp\/v2\/media\/21267"}],"wp:attachment":[{"href":"https:\/\/bauweb.hr\/index.php\/wp-json\/wp\/v2\/media?parent=21266"}],"wp:term":[{"taxonomy":"product_brand","embeddable":true,"href":"https:\/\/bauweb.hr\/index.php\/wp-json\/wp\/v2\/product_brand?post=21266"},{"taxonomy":"product_cat","embeddable":true,"href":"https:\/\/bauweb.hr\/index.php\/wp-json\/wp\/v2\/product_cat?post=21266"},{"taxonomy":"product_tag","embeddable":true,"href":"https:\/\/bauweb.hr\/index.php\/wp-json\/wp\/v2\/product_tag?post=21266"}],"curies":[{"name":"wp","href":"https:\/\/api.w.org\/{rel}","templated":true}]}}