{"id":21576,"date":"2024-04-08T18:33:55","date_gmt":"2024-04-08T16:33:55","guid":{"rendered":"https:\/\/bauweb.hr\/?post_type=product&#038;p=21576"},"modified":"2024-10-22T08:14:29","modified_gmt":"2024-10-22T06:14:29","slug":"dedra-m9004c-mehanicka-olovka-sa-spicevima","status":"publish","type":"product","link":"https:\/\/bauweb.hr\/index.php\/product\/dedra-m9004c-mehanicka-olovka-sa-spicevima\/","title":{"rendered":"DEDRA M9004C mehani\u010dka olovka sa \u0161picevima"},"content":{"rendered":"<p>Ove vrste olovaka koriste se u mnogim podru\u010djima, kako u profesionalnoj tako i u hobi industriji.<\/p>\n<p>Olovka DEDRA M9004C opremljena je prakti\u010dnom kop\u010dom koja vam omogu\u0107uje da je pri\u010dvrstite na komad papira, bilje\u017enicu ili odjevni predmet, npr. d\u017eep, kako biste izbjegli rizik od gubitka predmeta. Tako\u0111er je vrijedno obratiti pa\u017enju na \u0161iljilo ugra\u0111eno u vrh olovke. Zahvaljuju\u0107i ovom rje\u0161enju, uvijek vam je pri ruci i omogu\u0107uje vam da nao\u0161trite umetak u bilo kojem trenutku.<\/p>\n<p>Karakteristike mehani\u010dke olovke DEDRA M9004C sa stilusima:<br \/>\nOlovka sa kop\u010dom za pri\u010dvr\u0161\u0107ivanje<br \/>\n\u0160iljilo za punjenje vrhova olovke<br \/>\nZamjenjivi, lako dostupni spremnici<br \/>\nSet od 13 patrona (7x crnih; 3x \u017eutih, 3x crvenih)<\/p>\n<p>Tehni\u010dki podaci DEDRA M9004C mehani\u010dke olovke sa stilusima:<br \/>\nMaterijal: \u010delik + plastika<br \/>\nTvrdo\u0107a umetka: HB<br \/>\nDimenzije ulo\u0161ka: 125&#215;2,8mm<br \/>\nBoja umetaka: crna + \u017euta + crvena<br \/>\nDuljina olovke: 155 mm<\/p>\n<p>Uklju\u010deno:<br \/>\nMehani\u010dka olovka [1 kom]<br \/>\nUlo\u0161ci za olovke &#8211; \u017euti [3 kom]<br \/>\nPunjenje za olovke &#8211; crveno [3 kom]<br \/>\nUlo\u0161ci za olovke &#8211; crni [7 kom]<\/p>\n","protected":false},"excerpt":{"rendered":"<p>DEDRA M9004C mehani\u010dka olovka sa stilusima je ure\u0111aj za crtanje oblika, nano\u0161enje markera, dimenzija i opisa.<\/p>\n<p>Potvrdili majstori!<\/p>\n","protected":false},"featured_media":21577,"comment_status":"open","ping_status":"closed","template":"","meta":[],"product_brand":[350],"product_cat":[147,102],"product_tag":[],"class_list":{"0":"post-21576","1":"product","2":"type-product","3":"status-publish","4":"has-post-thumbnail","6":"product_brand-dedra","7":"product_cat-alati-i-pribor-keramicari","8":"product_cat-keramicari","10":"first","11":"instock","12":"shipping-taxable","13":"purchasable","14":"product-type-simple"},"yoast_head":"<!-- This site is optimized with the Yoast SEO plugin v27.2 - https:\/\/yoast.com\/product\/yoast-seo-wordpress\/ -->\n<title>DEDRA M9004C mehani\u010dka olovka sa \u0161picevima - BauWeb<\/title>\n<meta name=\"description\" content=\"Potra\u017eite \u0161iroki izbor alata i materijala za profesionalne gra\u0111evinske radove. Istra\u017ei Bauweb ponudu i kupuj uz odli\u010dne popuste.\" \/>\n<meta name=\"robots\" content=\"index, follow, max-snippet:-1, max-image-preview:large, max-video-preview:-1\" \/>\n<link rel=\"canonical\" href=\"https:\/\/bauweb.hr\/index.php\/product\/dedra-m9004c-mehanicka-olovka-sa-spicevima\/\" \/>\n<meta property=\"og:locale\" content=\"hr_HR\" \/>\n<meta property=\"og:type\" content=\"article\" \/>\n<meta property=\"og:title\" content=\"DEDRA M9004C mehani\u010dka olovka sa \u0161picevima - BauWeb\" \/>\n<meta property=\"og:description\" content=\"Potra\u017eite \u0161iroki izbor alata i materijala za profesionalne gra\u0111evinske radove. Istra\u017ei Bauweb ponudu i kupuj uz odli\u010dne popuste.\" \/>\n<meta property=\"og:url\" content=\"https:\/\/bauweb.hr\/index.php\/product\/dedra-m9004c-mehanicka-olovka-sa-spicevima\/\" \/>\n<meta property=\"og:site_name\" content=\"BauWeb\" \/>\n<meta property=\"article:publisher\" content=\"https:\/\/facebook.com\/bauweb00\" \/>\n<meta property=\"article:modified_time\" content=\"2024-10-22T06:14:29+00:00\" \/>\n<meta property=\"og:image\" content=\"https:\/\/bauweb.hr\/wp-content\/uploads\/2024\/04\/dedra-m9004c-mehanicka-olovka-spicevima-slika-216330040.jpeg\" \/>\n\t<meta property=\"og:image:width\" content=\"690\" \/>\n\t<meta property=\"og:image:height\" content=\"690\" \/>\n\t<meta property=\"og:image:type\" content=\"image\/jpeg\" \/>\n<meta name=\"twitter:card\" content=\"summary_large_image\" \/>\n<meta name=\"twitter:label1\" content=\"Procijenjeno vrijeme \u010ditanja\" \/>\n\t<meta name=\"twitter:data1\" content=\"2 minute\" \/>\n<script type=\"application\/ld+json\" class=\"yoast-schema-graph\">{\"@context\":\"https:\/\/schema.org\",\"@graph\":[{\"@type\":\"WebPage\",\"@id\":\"https:\/\/bauweb.hr\/index.php\/product\/dedra-m9004c-mehanicka-olovka-sa-spicevima\/\",\"url\":\"https:\/\/bauweb.hr\/index.php\/product\/dedra-m9004c-mehanicka-olovka-sa-spicevima\/\",\"name\":\"DEDRA M9004C mehani\u010dka olovka sa \u0161picevima - BauWeb\",\"isPartOf\":{\"@id\":\"https:\/\/bauweb.hr\/#website\"},\"primaryImageOfPage\":{\"@id\":\"https:\/\/bauweb.hr\/index.php\/product\/dedra-m9004c-mehanicka-olovka-sa-spicevima\/#primaryimage\"},\"image\":{\"@id\":\"https:\/\/bauweb.hr\/index.php\/product\/dedra-m9004c-mehanicka-olovka-sa-spicevima\/#primaryimage\"},\"thumbnailUrl\":\"https:\/\/bauweb.hr\/wp-content\/uploads\/2024\/04\/dedra-m9004c-mehanicka-olovka-spicevima-slika-216330040.jpeg\",\"datePublished\":\"2024-04-08T16:33:55+00:00\",\"dateModified\":\"2024-10-22T06:14:29+00:00\",\"description\":\"Potra\u017eite \u0161iroki izbor alata i materijala za profesionalne gra\u0111evinske radove. Istra\u017ei Bauweb ponudu i kupuj uz odli\u010dne popuste.\",\"breadcrumb\":{\"@id\":\"https:\/\/bauweb.hr\/index.php\/product\/dedra-m9004c-mehanicka-olovka-sa-spicevima\/#breadcrumb\"},\"inLanguage\":\"hr\",\"potentialAction\":[{\"@type\":\"ReadAction\",\"target\":[\"https:\/\/bauweb.hr\/index.php\/product\/dedra-m9004c-mehanicka-olovka-sa-spicevima\/\"]}]},{\"@type\":\"ImageObject\",\"inLanguage\":\"hr\",\"@id\":\"https:\/\/bauweb.hr\/index.php\/product\/dedra-m9004c-mehanicka-olovka-sa-spicevima\/#primaryimage\",\"url\":\"https:\/\/bauweb.hr\/wp-content\/uploads\/2024\/04\/dedra-m9004c-mehanicka-olovka-spicevima-slika-216330040.jpeg\",\"contentUrl\":\"https:\/\/bauweb.hr\/wp-content\/uploads\/2024\/04\/dedra-m9004c-mehanicka-olovka-spicevima-slika-216330040.jpeg\",\"width\":690,\"height\":690},{\"@type\":\"BreadcrumbList\",\"@id\":\"https:\/\/bauweb.hr\/index.php\/product\/dedra-m9004c-mehanicka-olovka-sa-spicevima\/#breadcrumb\",\"itemListElement\":[{\"@type\":\"ListItem\",\"position\":1,\"name\":\"Po\u010detna stranica\",\"item\":\"https:\/\/bauweb.hr\/\"},{\"@type\":\"ListItem\",\"position\":2,\"name\":\"Shop\",\"item\":\"https:\/\/bauweb.hr\/index.php\/shop-wooshop-v1\/\"},{\"@type\":\"ListItem\",\"position\":3,\"name\":\"DEDRA M9004C mehani\u010dka olovka sa \u0161picevima\"}]},{\"@type\":\"WebSite\",\"@id\":\"https:\/\/bauweb.hr\/#website\",\"url\":\"https:\/\/bauweb.hr\/\",\"name\":\"BauWeb\",\"description\":\"Za prave majstore\",\"publisher\":{\"@id\":\"https:\/\/bauweb.hr\/#organization\"},\"alternateName\":\"BauWeb\",\"potentialAction\":[{\"@type\":\"SearchAction\",\"target\":{\"@type\":\"EntryPoint\",\"urlTemplate\":\"https:\/\/bauweb.hr\/?s={search_term_string}\"},\"query-input\":{\"@type\":\"PropertyValueSpecification\",\"valueRequired\":true,\"valueName\":\"search_term_string\"}}],\"inLanguage\":\"hr\"},{\"@type\":\"Organization\",\"@id\":\"https:\/\/bauweb.hr\/#organization\",\"name\":\"Hobi dom d.o.o.\",\"url\":\"https:\/\/bauweb.hr\/\",\"logo\":{\"@type\":\"ImageObject\",\"inLanguage\":\"hr\",\"@id\":\"https:\/\/bauweb.hr\/#\/schema\/logo\/image\/\",\"url\":\"https:\/\/bauweb.hr\/wp-content\/uploads\/2023\/01\/Bauweb_logo-01.png\",\"contentUrl\":\"https:\/\/bauweb.hr\/wp-content\/uploads\/2023\/01\/Bauweb_logo-01.png\",\"width\":842,\"height\":596,\"caption\":\"Hobi dom d.o.o.\"},\"image\":{\"@id\":\"https:\/\/bauweb.hr\/#\/schema\/logo\/image\/\"},\"sameAs\":[\"https:\/\/facebook.com\/bauweb00\",\"https:\/\/instagram.com\/bauweb_shop\"]}]}<\/script>\n<!-- \/ Yoast SEO plugin. -->","yoast_head_json":{"title":"DEDRA M9004C mehani\u010dka olovka sa \u0161picevima - BauWeb","description":"Potra\u017eite \u0161iroki izbor alata i materijala za profesionalne gra\u0111evinske radove. Istra\u017ei Bauweb ponudu i kupuj uz odli\u010dne popuste.","robots":{"index":"index","follow":"follow","max-snippet":"max-snippet:-1","max-image-preview":"max-image-preview:large","max-video-preview":"max-video-preview:-1"},"canonical":"https:\/\/bauweb.hr\/index.php\/product\/dedra-m9004c-mehanicka-olovka-sa-spicevima\/","og_locale":"hr_HR","og_type":"article","og_title":"DEDRA M9004C mehani\u010dka olovka sa \u0161picevima - BauWeb","og_description":"Potra\u017eite \u0161iroki izbor alata i materijala za profesionalne gra\u0111evinske radove. Istra\u017ei Bauweb ponudu i kupuj uz odli\u010dne popuste.","og_url":"https:\/\/bauweb.hr\/index.php\/product\/dedra-m9004c-mehanicka-olovka-sa-spicevima\/","og_site_name":"BauWeb","article_publisher":"https:\/\/facebook.com\/bauweb00","article_modified_time":"2024-10-22T06:14:29+00:00","og_image":[{"width":690,"height":690,"url":"https:\/\/bauweb.hr\/wp-content\/uploads\/2024\/04\/dedra-m9004c-mehanicka-olovka-spicevima-slika-216330040.jpeg","type":"image\/jpeg"}],"twitter_card":"summary_large_image","twitter_misc":{"Procijenjeno vrijeme \u010ditanja":"2 minute"},"schema":{"@context":"https:\/\/schema.org","@graph":[{"@type":"WebPage","@id":"https:\/\/bauweb.hr\/index.php\/product\/dedra-m9004c-mehanicka-olovka-sa-spicevima\/","url":"https:\/\/bauweb.hr\/index.php\/product\/dedra-m9004c-mehanicka-olovka-sa-spicevima\/","name":"DEDRA M9004C mehani\u010dka olovka sa \u0161picevima - BauWeb","isPartOf":{"@id":"https:\/\/bauweb.hr\/#website"},"primaryImageOfPage":{"@id":"https:\/\/bauweb.hr\/index.php\/product\/dedra-m9004c-mehanicka-olovka-sa-spicevima\/#primaryimage"},"image":{"@id":"https:\/\/bauweb.hr\/index.php\/product\/dedra-m9004c-mehanicka-olovka-sa-spicevima\/#primaryimage"},"thumbnailUrl":"https:\/\/bauweb.hr\/wp-content\/uploads\/2024\/04\/dedra-m9004c-mehanicka-olovka-spicevima-slika-216330040.jpeg","datePublished":"2024-04-08T16:33:55+00:00","dateModified":"2024-10-22T06:14:29+00:00","description":"Potra\u017eite \u0161iroki izbor alata i materijala za profesionalne gra\u0111evinske radove. Istra\u017ei Bauweb ponudu i kupuj uz odli\u010dne popuste.","breadcrumb":{"@id":"https:\/\/bauweb.hr\/index.php\/product\/dedra-m9004c-mehanicka-olovka-sa-spicevima\/#breadcrumb"},"inLanguage":"hr","potentialAction":[{"@type":"ReadAction","target":["https:\/\/bauweb.hr\/index.php\/product\/dedra-m9004c-mehanicka-olovka-sa-spicevima\/"]}]},{"@type":"ImageObject","inLanguage":"hr","@id":"https:\/\/bauweb.hr\/index.php\/product\/dedra-m9004c-mehanicka-olovka-sa-spicevima\/#primaryimage","url":"https:\/\/bauweb.hr\/wp-content\/uploads\/2024\/04\/dedra-m9004c-mehanicka-olovka-spicevima-slika-216330040.jpeg","contentUrl":"https:\/\/bauweb.hr\/wp-content\/uploads\/2024\/04\/dedra-m9004c-mehanicka-olovka-spicevima-slika-216330040.jpeg","width":690,"height":690},{"@type":"BreadcrumbList","@id":"https:\/\/bauweb.hr\/index.php\/product\/dedra-m9004c-mehanicka-olovka-sa-spicevima\/#breadcrumb","itemListElement":[{"@type":"ListItem","position":1,"name":"Po\u010detna stranica","item":"https:\/\/bauweb.hr\/"},{"@type":"ListItem","position":2,"name":"Shop","item":"https:\/\/bauweb.hr\/index.php\/shop-wooshop-v1\/"},{"@type":"ListItem","position":3,"name":"DEDRA M9004C mehani\u010dka olovka sa \u0161picevima"}]},{"@type":"WebSite","@id":"https:\/\/bauweb.hr\/#website","url":"https:\/\/bauweb.hr\/","name":"BauWeb","description":"Za prave majstore","publisher":{"@id":"https:\/\/bauweb.hr\/#organization"},"alternateName":"BauWeb","potentialAction":[{"@type":"SearchAction","target":{"@type":"EntryPoint","urlTemplate":"https:\/\/bauweb.hr\/?s={search_term_string}"},"query-input":{"@type":"PropertyValueSpecification","valueRequired":true,"valueName":"search_term_string"}}],"inLanguage":"hr"},{"@type":"Organization","@id":"https:\/\/bauweb.hr\/#organization","name":"Hobi dom d.o.o.","url":"https:\/\/bauweb.hr\/","logo":{"@type":"ImageObject","inLanguage":"hr","@id":"https:\/\/bauweb.hr\/#\/schema\/logo\/image\/","url":"https:\/\/bauweb.hr\/wp-content\/uploads\/2023\/01\/Bauweb_logo-01.png","contentUrl":"https:\/\/bauweb.hr\/wp-content\/uploads\/2023\/01\/Bauweb_logo-01.png","width":842,"height":596,"caption":"Hobi dom d.o.o."},"image":{"@id":"https:\/\/bauweb.hr\/#\/schema\/logo\/image\/"},"sameAs":["https:\/\/facebook.com\/bauweb00","https:\/\/instagram.com\/bauweb_shop"]}]}},"_links":{"self":[{"href":"https:\/\/bauweb.hr\/index.php\/wp-json\/wp\/v2\/product\/21576","targetHints":{"allow":["GET"]}}],"collection":[{"href":"https:\/\/bauweb.hr\/index.php\/wp-json\/wp\/v2\/product"}],"about":[{"href":"https:\/\/bauweb.hr\/index.php\/wp-json\/wp\/v2\/types\/product"}],"replies":[{"embeddable":true,"href":"https:\/\/bauweb.hr\/index.php\/wp-json\/wp\/v2\/comments?post=21576"}],"wp:featuredmedia":[{"embeddable":true,"href":"https:\/\/bauweb.hr\/index.php\/wp-json\/wp\/v2\/media\/21577"}],"wp:attachment":[{"href":"https:\/\/bauweb.hr\/index.php\/wp-json\/wp\/v2\/media?parent=21576"}],"wp:term":[{"taxonomy":"product_brand","embeddable":true,"href":"https:\/\/bauweb.hr\/index.php\/wp-json\/wp\/v2\/product_brand?post=21576"},{"taxonomy":"product_cat","embeddable":true,"href":"https:\/\/bauweb.hr\/index.php\/wp-json\/wp\/v2\/product_cat?post=21576"},{"taxonomy":"product_tag","embeddable":true,"href":"https:\/\/bauweb.hr\/index.php\/wp-json\/wp\/v2\/product_tag?post=21576"}],"curies":[{"name":"wp","href":"https:\/\/api.w.org\/{rel}","templated":true}]}}