{"id":21578,"date":"2024-04-08T18:35:56","date_gmt":"2024-04-08T16:35:56","guid":{"rendered":"https:\/\/bauweb.hr\/?post_type=product&#038;p=21578"},"modified":"2024-04-08T18:37:58","modified_gmt":"2024-04-08T16:37:58","slug":"dedra-mehanicka-olovka-sa-spicevima-m9004a","status":"publish","type":"product","link":"https:\/\/bauweb.hr\/index.php\/product\/dedra-mehanicka-olovka-sa-spicevima-m9004a\/","title":{"rendered":"DEDRA Mehani\u010dka olovka sa \u0161picevima M9004A"},"content":{"rendered":"<p>Ove vrste olovaka koriste se u mnogim podru\u010djima, kako u profesionalnoj tako iu hobi industriji.<\/p>\n<p>Olovka DEDRA M9004A opremljena je prakti\u010dnom kop\u010dom koja vam omogu\u0107uje da je pri\u010dvrstite na komad papira, bilje\u017enicu ili odjevni predmet, npr. d\u017eep, kako biste izbjegli rizik od gubitka predmeta. Tako\u0111er je vrijedno obratiti pa\u017enju na \u0161iljilo ugra\u0111eno u vrh olovke. Zahvaljuju\u0107i ovom rje\u0161enju, uvijek vam je pri ruci i omogu\u0107uje vam da nao\u0161trite umetak u bilo kojem trenutku.<\/p>\n<p>Karakteristike mehani\u010dke olovke DEDRA M9004A sa stilusima:<br \/>\nOlovka sa kop\u010dom za pri\u010dvr\u0161\u0107ivanje<br \/>\n\u0160iljilo za punjenje vrhova olovke<br \/>\nZamjenjivi, lako dostupni spremnici<\/p>\n<p>Tehni\u010dki podaci mehani\u010dke olovke DEDRA M9004A sa stilusima:<br \/>\nMaterijal: \u010delik + plastika<br \/>\nTvrdo\u0107a umetka: HB<br \/>\nDimenzije ulo\u0161ka: 125&#215;2,8mm<br \/>\nBoja umetaka: crno + \u017euto<br \/>\nDuljina olovke: 160 mm<\/p>\n<p>U dodatku:<br \/>\nMehani\u010dka olovka [1 kom]<br \/>\nCrni umetci [4 kom]<br \/>\n\u017duti umetci [2 kom]<\/p>\n","protected":false},"excerpt":{"rendered":"<p>DEDRA M9004A mehani\u010dka olovka sa stilusima je ure\u0111aj za crtanje oblika, nano\u0161enje markera, dimenzija i opisa.<\/p>\n<p>Potvrdili majstori!<\/p>\n","protected":false},"featured_media":21580,"comment_status":"open","ping_status":"closed","template":"","meta":[],"product_brand":[350],"product_cat":[147,102],"product_tag":[],"class_list":{"0":"post-21578","1":"product","2":"type-product","3":"status-publish","4":"has-post-thumbnail","6":"product_brand-dedra","7":"product_cat-alati-i-pribor-keramicari","8":"product_cat-keramicari","10":"first","11":"instock","12":"shipping-taxable","13":"purchasable","14":"product-type-simple"},"yoast_head":"<!-- This site is optimized with the Yoast SEO plugin v27.2 - https:\/\/yoast.com\/product\/yoast-seo-wordpress\/ -->\n<title>DEDRA Mehani\u010dka olovka sa \u0161picevima M9004A - BauWeb<\/title>\n<meta name=\"description\" content=\"Potra\u017eite \u0161iroki izbor alata i materijala za profesionalne gra\u0111evinske radove. Istra\u017ei Bauweb ponudu i kupuj uz odli\u010dne popuste.\" \/>\n<meta name=\"robots\" content=\"index, follow, max-snippet:-1, max-image-preview:large, max-video-preview:-1\" \/>\n<link rel=\"canonical\" href=\"https:\/\/bauweb.hr\/index.php\/product\/dedra-mehanicka-olovka-sa-spicevima-m9004a\/\" \/>\n<meta property=\"og:locale\" content=\"hr_HR\" \/>\n<meta property=\"og:type\" content=\"article\" \/>\n<meta property=\"og:title\" content=\"DEDRA Mehani\u010dka olovka sa \u0161picevima M9004A - BauWeb\" \/>\n<meta property=\"og:description\" content=\"Potra\u017eite \u0161iroki izbor alata i materijala za profesionalne gra\u0111evinske radove. Istra\u017ei Bauweb ponudu i kupuj uz odli\u010dne popuste.\" \/>\n<meta property=\"og:url\" content=\"https:\/\/bauweb.hr\/index.php\/product\/dedra-mehanicka-olovka-sa-spicevima-m9004a\/\" \/>\n<meta property=\"og:site_name\" content=\"BauWeb\" \/>\n<meta property=\"article:publisher\" content=\"https:\/\/facebook.com\/bauweb00\" \/>\n<meta property=\"article:modified_time\" content=\"2024-04-08T16:37:58+00:00\" \/>\n<meta property=\"og:image\" content=\"https:\/\/bauweb.hr\/wp-content\/uploads\/2024\/04\/dedra-mehanicka-olovka-spicevima-m9004a-slika-216330404.jpeg\" \/>\n\t<meta property=\"og:image:width\" content=\"690\" \/>\n\t<meta property=\"og:image:height\" content=\"690\" \/>\n\t<meta property=\"og:image:type\" content=\"image\/jpeg\" \/>\n<meta name=\"twitter:card\" content=\"summary_large_image\" \/>\n<meta name=\"twitter:label1\" content=\"Procijenjeno vrijeme \u010ditanja\" \/>\n\t<meta name=\"twitter:data1\" content=\"1 minuta\" \/>\n<script type=\"application\/ld+json\" class=\"yoast-schema-graph\">{\"@context\":\"https:\/\/schema.org\",\"@graph\":[{\"@type\":\"WebPage\",\"@id\":\"https:\/\/bauweb.hr\/index.php\/product\/dedra-mehanicka-olovka-sa-spicevima-m9004a\/\",\"url\":\"https:\/\/bauweb.hr\/index.php\/product\/dedra-mehanicka-olovka-sa-spicevima-m9004a\/\",\"name\":\"DEDRA Mehani\u010dka olovka sa \u0161picevima M9004A - BauWeb\",\"isPartOf\":{\"@id\":\"https:\/\/bauweb.hr\/#website\"},\"primaryImageOfPage\":{\"@id\":\"https:\/\/bauweb.hr\/index.php\/product\/dedra-mehanicka-olovka-sa-spicevima-m9004a\/#primaryimage\"},\"image\":{\"@id\":\"https:\/\/bauweb.hr\/index.php\/product\/dedra-mehanicka-olovka-sa-spicevima-m9004a\/#primaryimage\"},\"thumbnailUrl\":\"https:\/\/bauweb.hr\/wp-content\/uploads\/2024\/04\/dedra-mehanicka-olovka-spicevima-m9004a-slika-216330404.jpeg\",\"datePublished\":\"2024-04-08T16:35:56+00:00\",\"dateModified\":\"2024-04-08T16:37:58+00:00\",\"description\":\"Potra\u017eite \u0161iroki izbor alata i materijala za profesionalne gra\u0111evinske radove. Istra\u017ei Bauweb ponudu i kupuj uz odli\u010dne popuste.\",\"breadcrumb\":{\"@id\":\"https:\/\/bauweb.hr\/index.php\/product\/dedra-mehanicka-olovka-sa-spicevima-m9004a\/#breadcrumb\"},\"inLanguage\":\"hr\",\"potentialAction\":[{\"@type\":\"ReadAction\",\"target\":[\"https:\/\/bauweb.hr\/index.php\/product\/dedra-mehanicka-olovka-sa-spicevima-m9004a\/\"]}]},{\"@type\":\"ImageObject\",\"inLanguage\":\"hr\",\"@id\":\"https:\/\/bauweb.hr\/index.php\/product\/dedra-mehanicka-olovka-sa-spicevima-m9004a\/#primaryimage\",\"url\":\"https:\/\/bauweb.hr\/wp-content\/uploads\/2024\/04\/dedra-mehanicka-olovka-spicevima-m9004a-slika-216330404.jpeg\",\"contentUrl\":\"https:\/\/bauweb.hr\/wp-content\/uploads\/2024\/04\/dedra-mehanicka-olovka-spicevima-m9004a-slika-216330404.jpeg\",\"width\":690,\"height\":690},{\"@type\":\"BreadcrumbList\",\"@id\":\"https:\/\/bauweb.hr\/index.php\/product\/dedra-mehanicka-olovka-sa-spicevima-m9004a\/#breadcrumb\",\"itemListElement\":[{\"@type\":\"ListItem\",\"position\":1,\"name\":\"Po\u010detna stranica\",\"item\":\"https:\/\/bauweb.hr\/\"},{\"@type\":\"ListItem\",\"position\":2,\"name\":\"Shop\",\"item\":\"https:\/\/bauweb.hr\/index.php\/shop-wooshop-v1\/\"},{\"@type\":\"ListItem\",\"position\":3,\"name\":\"DEDRA Mehani\u010dka olovka sa \u0161picevima M9004A\"}]},{\"@type\":\"WebSite\",\"@id\":\"https:\/\/bauweb.hr\/#website\",\"url\":\"https:\/\/bauweb.hr\/\",\"name\":\"BauWeb\",\"description\":\"Za prave majstore\",\"publisher\":{\"@id\":\"https:\/\/bauweb.hr\/#organization\"},\"alternateName\":\"BauWeb\",\"potentialAction\":[{\"@type\":\"SearchAction\",\"target\":{\"@type\":\"EntryPoint\",\"urlTemplate\":\"https:\/\/bauweb.hr\/?s={search_term_string}\"},\"query-input\":{\"@type\":\"PropertyValueSpecification\",\"valueRequired\":true,\"valueName\":\"search_term_string\"}}],\"inLanguage\":\"hr\"},{\"@type\":\"Organization\",\"@id\":\"https:\/\/bauweb.hr\/#organization\",\"name\":\"Hobi dom d.o.o.\",\"url\":\"https:\/\/bauweb.hr\/\",\"logo\":{\"@type\":\"ImageObject\",\"inLanguage\":\"hr\",\"@id\":\"https:\/\/bauweb.hr\/#\/schema\/logo\/image\/\",\"url\":\"https:\/\/bauweb.hr\/wp-content\/uploads\/2023\/01\/Bauweb_logo-01.png\",\"contentUrl\":\"https:\/\/bauweb.hr\/wp-content\/uploads\/2023\/01\/Bauweb_logo-01.png\",\"width\":842,\"height\":596,\"caption\":\"Hobi dom d.o.o.\"},\"image\":{\"@id\":\"https:\/\/bauweb.hr\/#\/schema\/logo\/image\/\"},\"sameAs\":[\"https:\/\/facebook.com\/bauweb00\",\"https:\/\/instagram.com\/bauweb_shop\"]}]}<\/script>\n<!-- \/ Yoast SEO plugin. -->","yoast_head_json":{"title":"DEDRA Mehani\u010dka olovka sa \u0161picevima M9004A - BauWeb","description":"Potra\u017eite \u0161iroki izbor alata i materijala za profesionalne gra\u0111evinske radove. Istra\u017ei Bauweb ponudu i kupuj uz odli\u010dne popuste.","robots":{"index":"index","follow":"follow","max-snippet":"max-snippet:-1","max-image-preview":"max-image-preview:large","max-video-preview":"max-video-preview:-1"},"canonical":"https:\/\/bauweb.hr\/index.php\/product\/dedra-mehanicka-olovka-sa-spicevima-m9004a\/","og_locale":"hr_HR","og_type":"article","og_title":"DEDRA Mehani\u010dka olovka sa \u0161picevima M9004A - BauWeb","og_description":"Potra\u017eite \u0161iroki izbor alata i materijala za profesionalne gra\u0111evinske radove. Istra\u017ei Bauweb ponudu i kupuj uz odli\u010dne popuste.","og_url":"https:\/\/bauweb.hr\/index.php\/product\/dedra-mehanicka-olovka-sa-spicevima-m9004a\/","og_site_name":"BauWeb","article_publisher":"https:\/\/facebook.com\/bauweb00","article_modified_time":"2024-04-08T16:37:58+00:00","og_image":[{"width":690,"height":690,"url":"https:\/\/bauweb.hr\/wp-content\/uploads\/2024\/04\/dedra-mehanicka-olovka-spicevima-m9004a-slika-216330404.jpeg","type":"image\/jpeg"}],"twitter_card":"summary_large_image","twitter_misc":{"Procijenjeno vrijeme \u010ditanja":"1 minuta"},"schema":{"@context":"https:\/\/schema.org","@graph":[{"@type":"WebPage","@id":"https:\/\/bauweb.hr\/index.php\/product\/dedra-mehanicka-olovka-sa-spicevima-m9004a\/","url":"https:\/\/bauweb.hr\/index.php\/product\/dedra-mehanicka-olovka-sa-spicevima-m9004a\/","name":"DEDRA Mehani\u010dka olovka sa \u0161picevima M9004A - BauWeb","isPartOf":{"@id":"https:\/\/bauweb.hr\/#website"},"primaryImageOfPage":{"@id":"https:\/\/bauweb.hr\/index.php\/product\/dedra-mehanicka-olovka-sa-spicevima-m9004a\/#primaryimage"},"image":{"@id":"https:\/\/bauweb.hr\/index.php\/product\/dedra-mehanicka-olovka-sa-spicevima-m9004a\/#primaryimage"},"thumbnailUrl":"https:\/\/bauweb.hr\/wp-content\/uploads\/2024\/04\/dedra-mehanicka-olovka-spicevima-m9004a-slika-216330404.jpeg","datePublished":"2024-04-08T16:35:56+00:00","dateModified":"2024-04-08T16:37:58+00:00","description":"Potra\u017eite \u0161iroki izbor alata i materijala za profesionalne gra\u0111evinske radove. Istra\u017ei Bauweb ponudu i kupuj uz odli\u010dne popuste.","breadcrumb":{"@id":"https:\/\/bauweb.hr\/index.php\/product\/dedra-mehanicka-olovka-sa-spicevima-m9004a\/#breadcrumb"},"inLanguage":"hr","potentialAction":[{"@type":"ReadAction","target":["https:\/\/bauweb.hr\/index.php\/product\/dedra-mehanicka-olovka-sa-spicevima-m9004a\/"]}]},{"@type":"ImageObject","inLanguage":"hr","@id":"https:\/\/bauweb.hr\/index.php\/product\/dedra-mehanicka-olovka-sa-spicevima-m9004a\/#primaryimage","url":"https:\/\/bauweb.hr\/wp-content\/uploads\/2024\/04\/dedra-mehanicka-olovka-spicevima-m9004a-slika-216330404.jpeg","contentUrl":"https:\/\/bauweb.hr\/wp-content\/uploads\/2024\/04\/dedra-mehanicka-olovka-spicevima-m9004a-slika-216330404.jpeg","width":690,"height":690},{"@type":"BreadcrumbList","@id":"https:\/\/bauweb.hr\/index.php\/product\/dedra-mehanicka-olovka-sa-spicevima-m9004a\/#breadcrumb","itemListElement":[{"@type":"ListItem","position":1,"name":"Po\u010detna stranica","item":"https:\/\/bauweb.hr\/"},{"@type":"ListItem","position":2,"name":"Shop","item":"https:\/\/bauweb.hr\/index.php\/shop-wooshop-v1\/"},{"@type":"ListItem","position":3,"name":"DEDRA Mehani\u010dka olovka sa \u0161picevima M9004A"}]},{"@type":"WebSite","@id":"https:\/\/bauweb.hr\/#website","url":"https:\/\/bauweb.hr\/","name":"BauWeb","description":"Za prave majstore","publisher":{"@id":"https:\/\/bauweb.hr\/#organization"},"alternateName":"BauWeb","potentialAction":[{"@type":"SearchAction","target":{"@type":"EntryPoint","urlTemplate":"https:\/\/bauweb.hr\/?s={search_term_string}"},"query-input":{"@type":"PropertyValueSpecification","valueRequired":true,"valueName":"search_term_string"}}],"inLanguage":"hr"},{"@type":"Organization","@id":"https:\/\/bauweb.hr\/#organization","name":"Hobi dom d.o.o.","url":"https:\/\/bauweb.hr\/","logo":{"@type":"ImageObject","inLanguage":"hr","@id":"https:\/\/bauweb.hr\/#\/schema\/logo\/image\/","url":"https:\/\/bauweb.hr\/wp-content\/uploads\/2023\/01\/Bauweb_logo-01.png","contentUrl":"https:\/\/bauweb.hr\/wp-content\/uploads\/2023\/01\/Bauweb_logo-01.png","width":842,"height":596,"caption":"Hobi dom d.o.o."},"image":{"@id":"https:\/\/bauweb.hr\/#\/schema\/logo\/image\/"},"sameAs":["https:\/\/facebook.com\/bauweb00","https:\/\/instagram.com\/bauweb_shop"]}]}},"_links":{"self":[{"href":"https:\/\/bauweb.hr\/index.php\/wp-json\/wp\/v2\/product\/21578","targetHints":{"allow":["GET"]}}],"collection":[{"href":"https:\/\/bauweb.hr\/index.php\/wp-json\/wp\/v2\/product"}],"about":[{"href":"https:\/\/bauweb.hr\/index.php\/wp-json\/wp\/v2\/types\/product"}],"replies":[{"embeddable":true,"href":"https:\/\/bauweb.hr\/index.php\/wp-json\/wp\/v2\/comments?post=21578"}],"wp:featuredmedia":[{"embeddable":true,"href":"https:\/\/bauweb.hr\/index.php\/wp-json\/wp\/v2\/media\/21580"}],"wp:attachment":[{"href":"https:\/\/bauweb.hr\/index.php\/wp-json\/wp\/v2\/media?parent=21578"}],"wp:term":[{"taxonomy":"product_brand","embeddable":true,"href":"https:\/\/bauweb.hr\/index.php\/wp-json\/wp\/v2\/product_brand?post=21578"},{"taxonomy":"product_cat","embeddable":true,"href":"https:\/\/bauweb.hr\/index.php\/wp-json\/wp\/v2\/product_cat?post=21578"},{"taxonomy":"product_tag","embeddable":true,"href":"https:\/\/bauweb.hr\/index.php\/wp-json\/wp\/v2\/product_tag?post=21578"}],"curies":[{"name":"wp","href":"https:\/\/api.w.org\/{rel}","templated":true}]}}