{"id":22243,"date":"2024-05-17T12:29:06","date_gmt":"2024-05-17T10:29:06","guid":{"rendered":"https:\/\/bauweb.hr\/?post_type=product&#038;p=22243"},"modified":"2024-05-17T12:42:20","modified_gmt":"2024-05-17T10:42:20","slug":"putty-kit-s-vlaknima","status":"publish","type":"product","link":"https:\/\/bauweb.hr\/index.php\/product\/putty-kit-s-vlaknima\/","title":{"rendered":"MOBIHEL PUTTY kit s vlaknima"},"content":{"rendered":"<p>MOBIHEL PUTTY KIT SA STAKLENIM VLAKNIMA<br \/>\nKit za izravnavanje vrlo dubokih, neravnih podru\u010dja i malih rupa od hr\u0111e (do 1 cm2) na bilo kojoj vrsti metalnih podloga.<br \/>\nBrzo su\u0161enje<br \/>\nLako bru\u0161enje<br \/>\nNakon bru\u0161enja obvezno nanesite MOBIHEL SOFT UNIVERZALNI KIT za izjedna\u010davanje preostalih str\u0161e\u0107ih vlakana i<br \/>\npostizanje glatke povr\u0161ine.<br \/>\nNe stvara rupe nakon bru\u0161enja<br \/>\nNe uvla\u010di se tijekom vremena<br \/>\nVelika fleksibilnost<br \/>\nBoja: zelena<br \/>\nSukladan VOC<\/p>\n<p>&nbsp;<\/p>\n","protected":false},"excerpt":{"rendered":"<p>Kit za izravnavanje vrlo dubokih, neravnih podru\u010dja i malih rupa od hr\u0111e (do 1 cm2) na bilo kojoj vrsti metalnih podloga.<br \/>\nBrzo su\u0161enje<br \/>\nLako bru\u0161enje<br \/>\nNakon bru\u0161enja obvezno nanesite MOBIHEL SOFT UNIVERZALNI KIT za izjedna\u010davanje preostalih str\u0161e\u0107ih vlakana i<br \/>\npostizanje glatke povr\u0161ine.<\/p>\n<p><a href=\"https:\/\/bauweb.hr\/wp-content\/uploads\/2024\/05\/mobihel_kit_s_vlaknima.pdf\" target=\"_blank\" rel=\"noopener\">Tehni\u010dki list<\/a><\/p>\n<p>&nbsp;<\/p>\n","protected":false},"featured_media":22244,"comment_status":"open","ping_status":"closed","template":"","meta":[],"product_brand":[407],"product_cat":[210],"product_tag":[],"class_list":{"0":"post-22243","1":"product","2":"type-product","3":"status-publish","4":"has-post-thumbnail","6":"product_brand-helios","7":"product_cat-ostalo","9":"first","10":"instock","11":"shipping-taxable","12":"purchasable","13":"product-type-simple"},"yoast_head":"<!-- This site is optimized with the Yoast SEO plugin v27.2 - https:\/\/yoast.com\/product\/yoast-seo-wordpress\/ -->\n<title>MOBIHEL PUTTY kit s vlaknima - BauWeb<\/title>\n<meta name=\"description\" content=\"Potra\u017eite \u0161iroki izbor alata i materijala za profesionalne gra\u0111evinske radove. Istra\u017ei Bauweb ponudu i kupuj uz odli\u010dne popuste.\" \/>\n<meta name=\"robots\" content=\"index, follow, max-snippet:-1, max-image-preview:large, max-video-preview:-1\" \/>\n<link rel=\"canonical\" href=\"https:\/\/bauweb.hr\/index.php\/product\/putty-kit-s-vlaknima\/\" \/>\n<meta property=\"og:locale\" content=\"hr_HR\" \/>\n<meta property=\"og:type\" content=\"article\" \/>\n<meta property=\"og:title\" content=\"MOBIHEL PUTTY kit s vlaknima - BauWeb\" \/>\n<meta property=\"og:description\" content=\"Potra\u017eite \u0161iroki izbor alata i materijala za profesionalne gra\u0111evinske radove. Istra\u017ei Bauweb ponudu i kupuj uz odli\u010dne popuste.\" \/>\n<meta property=\"og:url\" content=\"https:\/\/bauweb.hr\/index.php\/product\/putty-kit-s-vlaknima\/\" \/>\n<meta property=\"og:site_name\" content=\"BauWeb\" \/>\n<meta property=\"article:publisher\" content=\"https:\/\/facebook.com\/bauweb00\" \/>\n<meta property=\"article:modified_time\" content=\"2024-05-17T10:42:20+00:00\" \/>\n<meta property=\"og:image\" content=\"https:\/\/bauweb.hr\/wp-content\/uploads\/2024\/05\/putty_glassfibre_main.jpg\" \/>\n\t<meta property=\"og:image:width\" content=\"600\" \/>\n\t<meta property=\"og:image:height\" content=\"600\" \/>\n\t<meta property=\"og:image:type\" content=\"image\/jpeg\" \/>\n<meta name=\"twitter:card\" content=\"summary_large_image\" \/>\n<meta name=\"twitter:label1\" content=\"Procijenjeno vrijeme \u010ditanja\" \/>\n\t<meta name=\"twitter:data1\" content=\"1 minuta\" \/>\n<script type=\"application\/ld+json\" class=\"yoast-schema-graph\">{\"@context\":\"https:\/\/schema.org\",\"@graph\":[{\"@type\":\"WebPage\",\"@id\":\"https:\/\/bauweb.hr\/index.php\/product\/putty-kit-s-vlaknima\/\",\"url\":\"https:\/\/bauweb.hr\/index.php\/product\/putty-kit-s-vlaknima\/\",\"name\":\"MOBIHEL PUTTY kit s vlaknima - BauWeb\",\"isPartOf\":{\"@id\":\"https:\/\/bauweb.hr\/#website\"},\"primaryImageOfPage\":{\"@id\":\"https:\/\/bauweb.hr\/index.php\/product\/putty-kit-s-vlaknima\/#primaryimage\"},\"image\":{\"@id\":\"https:\/\/bauweb.hr\/index.php\/product\/putty-kit-s-vlaknima\/#primaryimage\"},\"thumbnailUrl\":\"https:\/\/bauweb.hr\/wp-content\/uploads\/2024\/05\/putty_glassfibre_main.jpg\",\"datePublished\":\"2024-05-17T10:29:06+00:00\",\"dateModified\":\"2024-05-17T10:42:20+00:00\",\"description\":\"Potra\u017eite \u0161iroki izbor alata i materijala za profesionalne gra\u0111evinske radove. Istra\u017ei Bauweb ponudu i kupuj uz odli\u010dne popuste.\",\"breadcrumb\":{\"@id\":\"https:\/\/bauweb.hr\/index.php\/product\/putty-kit-s-vlaknima\/#breadcrumb\"},\"inLanguage\":\"hr\",\"potentialAction\":[{\"@type\":\"ReadAction\",\"target\":[\"https:\/\/bauweb.hr\/index.php\/product\/putty-kit-s-vlaknima\/\"]}]},{\"@type\":\"ImageObject\",\"inLanguage\":\"hr\",\"@id\":\"https:\/\/bauweb.hr\/index.php\/product\/putty-kit-s-vlaknima\/#primaryimage\",\"url\":\"https:\/\/bauweb.hr\/wp-content\/uploads\/2024\/05\/putty_glassfibre_main.jpg\",\"contentUrl\":\"https:\/\/bauweb.hr\/wp-content\/uploads\/2024\/05\/putty_glassfibre_main.jpg\",\"width\":600,\"height\":600},{\"@type\":\"BreadcrumbList\",\"@id\":\"https:\/\/bauweb.hr\/index.php\/product\/putty-kit-s-vlaknima\/#breadcrumb\",\"itemListElement\":[{\"@type\":\"ListItem\",\"position\":1,\"name\":\"Po\u010detna stranica\",\"item\":\"https:\/\/bauweb.hr\/\"},{\"@type\":\"ListItem\",\"position\":2,\"name\":\"Shop\",\"item\":\"https:\/\/bauweb.hr\/index.php\/shop-wooshop-v1\/\"},{\"@type\":\"ListItem\",\"position\":3,\"name\":\"MOBIHEL PUTTY kit s vlaknima\"}]},{\"@type\":\"WebSite\",\"@id\":\"https:\/\/bauweb.hr\/#website\",\"url\":\"https:\/\/bauweb.hr\/\",\"name\":\"BauWeb\",\"description\":\"Za prave majstore\",\"publisher\":{\"@id\":\"https:\/\/bauweb.hr\/#organization\"},\"alternateName\":\"BauWeb\",\"potentialAction\":[{\"@type\":\"SearchAction\",\"target\":{\"@type\":\"EntryPoint\",\"urlTemplate\":\"https:\/\/bauweb.hr\/?s={search_term_string}\"},\"query-input\":{\"@type\":\"PropertyValueSpecification\",\"valueRequired\":true,\"valueName\":\"search_term_string\"}}],\"inLanguage\":\"hr\"},{\"@type\":\"Organization\",\"@id\":\"https:\/\/bauweb.hr\/#organization\",\"name\":\"Hobi dom d.o.o.\",\"url\":\"https:\/\/bauweb.hr\/\",\"logo\":{\"@type\":\"ImageObject\",\"inLanguage\":\"hr\",\"@id\":\"https:\/\/bauweb.hr\/#\/schema\/logo\/image\/\",\"url\":\"https:\/\/bauweb.hr\/wp-content\/uploads\/2023\/01\/Bauweb_logo-01.png\",\"contentUrl\":\"https:\/\/bauweb.hr\/wp-content\/uploads\/2023\/01\/Bauweb_logo-01.png\",\"width\":842,\"height\":596,\"caption\":\"Hobi dom d.o.o.\"},\"image\":{\"@id\":\"https:\/\/bauweb.hr\/#\/schema\/logo\/image\/\"},\"sameAs\":[\"https:\/\/facebook.com\/bauweb00\",\"https:\/\/instagram.com\/bauweb_shop\"]}]}<\/script>\n<!-- \/ Yoast SEO plugin. -->","yoast_head_json":{"title":"MOBIHEL PUTTY kit s vlaknima - BauWeb","description":"Potra\u017eite \u0161iroki izbor alata i materijala za profesionalne gra\u0111evinske radove. Istra\u017ei Bauweb ponudu i kupuj uz odli\u010dne popuste.","robots":{"index":"index","follow":"follow","max-snippet":"max-snippet:-1","max-image-preview":"max-image-preview:large","max-video-preview":"max-video-preview:-1"},"canonical":"https:\/\/bauweb.hr\/index.php\/product\/putty-kit-s-vlaknima\/","og_locale":"hr_HR","og_type":"article","og_title":"MOBIHEL PUTTY kit s vlaknima - BauWeb","og_description":"Potra\u017eite \u0161iroki izbor alata i materijala za profesionalne gra\u0111evinske radove. Istra\u017ei Bauweb ponudu i kupuj uz odli\u010dne popuste.","og_url":"https:\/\/bauweb.hr\/index.php\/product\/putty-kit-s-vlaknima\/","og_site_name":"BauWeb","article_publisher":"https:\/\/facebook.com\/bauweb00","article_modified_time":"2024-05-17T10:42:20+00:00","og_image":[{"width":600,"height":600,"url":"https:\/\/bauweb.hr\/wp-content\/uploads\/2024\/05\/putty_glassfibre_main.jpg","type":"image\/jpeg"}],"twitter_card":"summary_large_image","twitter_misc":{"Procijenjeno vrijeme \u010ditanja":"1 minuta"},"schema":{"@context":"https:\/\/schema.org","@graph":[{"@type":"WebPage","@id":"https:\/\/bauweb.hr\/index.php\/product\/putty-kit-s-vlaknima\/","url":"https:\/\/bauweb.hr\/index.php\/product\/putty-kit-s-vlaknima\/","name":"MOBIHEL PUTTY kit s vlaknima - BauWeb","isPartOf":{"@id":"https:\/\/bauweb.hr\/#website"},"primaryImageOfPage":{"@id":"https:\/\/bauweb.hr\/index.php\/product\/putty-kit-s-vlaknima\/#primaryimage"},"image":{"@id":"https:\/\/bauweb.hr\/index.php\/product\/putty-kit-s-vlaknima\/#primaryimage"},"thumbnailUrl":"https:\/\/bauweb.hr\/wp-content\/uploads\/2024\/05\/putty_glassfibre_main.jpg","datePublished":"2024-05-17T10:29:06+00:00","dateModified":"2024-05-17T10:42:20+00:00","description":"Potra\u017eite \u0161iroki izbor alata i materijala za profesionalne gra\u0111evinske radove. Istra\u017ei Bauweb ponudu i kupuj uz odli\u010dne popuste.","breadcrumb":{"@id":"https:\/\/bauweb.hr\/index.php\/product\/putty-kit-s-vlaknima\/#breadcrumb"},"inLanguage":"hr","potentialAction":[{"@type":"ReadAction","target":["https:\/\/bauweb.hr\/index.php\/product\/putty-kit-s-vlaknima\/"]}]},{"@type":"ImageObject","inLanguage":"hr","@id":"https:\/\/bauweb.hr\/index.php\/product\/putty-kit-s-vlaknima\/#primaryimage","url":"https:\/\/bauweb.hr\/wp-content\/uploads\/2024\/05\/putty_glassfibre_main.jpg","contentUrl":"https:\/\/bauweb.hr\/wp-content\/uploads\/2024\/05\/putty_glassfibre_main.jpg","width":600,"height":600},{"@type":"BreadcrumbList","@id":"https:\/\/bauweb.hr\/index.php\/product\/putty-kit-s-vlaknima\/#breadcrumb","itemListElement":[{"@type":"ListItem","position":1,"name":"Po\u010detna stranica","item":"https:\/\/bauweb.hr\/"},{"@type":"ListItem","position":2,"name":"Shop","item":"https:\/\/bauweb.hr\/index.php\/shop-wooshop-v1\/"},{"@type":"ListItem","position":3,"name":"MOBIHEL PUTTY kit s vlaknima"}]},{"@type":"WebSite","@id":"https:\/\/bauweb.hr\/#website","url":"https:\/\/bauweb.hr\/","name":"BauWeb","description":"Za prave majstore","publisher":{"@id":"https:\/\/bauweb.hr\/#organization"},"alternateName":"BauWeb","potentialAction":[{"@type":"SearchAction","target":{"@type":"EntryPoint","urlTemplate":"https:\/\/bauweb.hr\/?s={search_term_string}"},"query-input":{"@type":"PropertyValueSpecification","valueRequired":true,"valueName":"search_term_string"}}],"inLanguage":"hr"},{"@type":"Organization","@id":"https:\/\/bauweb.hr\/#organization","name":"Hobi dom d.o.o.","url":"https:\/\/bauweb.hr\/","logo":{"@type":"ImageObject","inLanguage":"hr","@id":"https:\/\/bauweb.hr\/#\/schema\/logo\/image\/","url":"https:\/\/bauweb.hr\/wp-content\/uploads\/2023\/01\/Bauweb_logo-01.png","contentUrl":"https:\/\/bauweb.hr\/wp-content\/uploads\/2023\/01\/Bauweb_logo-01.png","width":842,"height":596,"caption":"Hobi dom d.o.o."},"image":{"@id":"https:\/\/bauweb.hr\/#\/schema\/logo\/image\/"},"sameAs":["https:\/\/facebook.com\/bauweb00","https:\/\/instagram.com\/bauweb_shop"]}]}},"_links":{"self":[{"href":"https:\/\/bauweb.hr\/index.php\/wp-json\/wp\/v2\/product\/22243","targetHints":{"allow":["GET"]}}],"collection":[{"href":"https:\/\/bauweb.hr\/index.php\/wp-json\/wp\/v2\/product"}],"about":[{"href":"https:\/\/bauweb.hr\/index.php\/wp-json\/wp\/v2\/types\/product"}],"replies":[{"embeddable":true,"href":"https:\/\/bauweb.hr\/index.php\/wp-json\/wp\/v2\/comments?post=22243"}],"wp:featuredmedia":[{"embeddable":true,"href":"https:\/\/bauweb.hr\/index.php\/wp-json\/wp\/v2\/media\/22244"}],"wp:attachment":[{"href":"https:\/\/bauweb.hr\/index.php\/wp-json\/wp\/v2\/media?parent=22243"}],"wp:term":[{"taxonomy":"product_brand","embeddable":true,"href":"https:\/\/bauweb.hr\/index.php\/wp-json\/wp\/v2\/product_brand?post=22243"},{"taxonomy":"product_cat","embeddable":true,"href":"https:\/\/bauweb.hr\/index.php\/wp-json\/wp\/v2\/product_cat?post=22243"},{"taxonomy":"product_tag","embeddable":true,"href":"https:\/\/bauweb.hr\/index.php\/wp-json\/wp\/v2\/product_tag?post=22243"}],"curies":[{"name":"wp","href":"https:\/\/api.w.org\/{rel}","templated":true}]}}