{"id":22406,"date":"2024-05-25T10:01:52","date_gmt":"2024-05-25T08:01:52","guid":{"rendered":"https:\/\/bauweb.hr\/?post_type=product&#038;p=22406"},"modified":"2025-01-25T15:12:51","modified_gmt":"2025-01-25T14:12:51","slug":"multi-coup-skare-za-rezanje-pod-kutom","status":"publish","type":"product","link":"https:\/\/bauweb.hr\/index.php\/product\/multi-coup-skare-za-rezanje-pod-kutom\/","title":{"rendered":"MULTI COUP \u0160kare za rezanje pod kutom"},"content":{"rendered":"<p>\u0160kare za rezanje standardnih kutova!<\/p>\n<p>Dizajnirane za rezanje plastike, gume, ukrasnih letvica, lajsni za plo\u010dice i PVC trake.<br \/>\n\u0160iroki otvor omogu\u0107uje jednostavno rezanje ukrasnih letvica, drvenih letvica, gumenih brtvi, PVC profila itd.<br \/>\n\u010cisto, brzo i jednostavno rezanje.<br \/>\n\u010celi\u010dni \u0161titnik o\u0161trice.<br \/>\nIzmjenjiva trapezasta o\u0161trica.<br \/>\nIdealan za rezanje:<br \/>\n&#8211; plasti\u010dnih profila<br \/>\n&#8211; gumenih brtvila za ostakljenje<br \/>\n&#8211; ukrasnih lajsni<br \/>\n&#8211; zavr\u0161nih profila od PVC plo\u010dica<br \/>\n&#8211; PVC traka<\/p>\n<p>56 mm izmjenjiva pomo\u0107na o\u0161trica no\u017ea.<\/p>\n<p>Posebnosti: re\u017ee od 0\u00b0 do 45\u00b0<\/p>\n","protected":false},"excerpt":{"rendered":"<p>\u0160kare za rezanje standardnih kutova!<\/p>\n<p>Dizajnirane za rezanje plastike, gume, ukrasnih letvica, lajsni za plo\u010dice i PVC trake.<br \/>\n\u0160iroki otvor omogu\u0107uje jednostavno rezanje ukrasnih letvica, drvenih letvica, gumenih brtvi, PVC profila itd.<br \/>\n\u010cisto, brzo i jednostavno rezanje.<br \/>\n\u010celi\u010dni \u0161titnik o\u0161trice.<\/p>\n","protected":false},"featured_media":22408,"comment_status":"open","ping_status":"closed","template":"","meta":[],"product_brand":[412],"product_cat":[128,147,130,131,129,411],"product_tag":[],"class_list":{"0":"post-22406","1":"product","2":"type-product","3":"status-publish","4":"has-post-thumbnail","6":"product_brand-edma","7":"product_cat-alati-i-pribor-fasadni-sustavi","8":"product_cat-alati-i-pribor-keramicari","9":"product_cat-alati-i-pribor-soboslikari","10":"product_cat-alati-i-pribor-gipseri-suha-gradnja","11":"product_cat-alati-i-pribor-zbukeri","12":"product_cat-rucni-alat","14":"first","15":"instock","16":"shipping-taxable","17":"purchasable","18":"product-type-simple"},"yoast_head":"<!-- This site is optimized with the Yoast SEO plugin v27.2 - https:\/\/yoast.com\/product\/yoast-seo-wordpress\/ -->\n<title>MULTI COUP \u0160kare za rezanje pod kutom - BauWeb<\/title>\n<meta name=\"description\" content=\"Potra\u017eite \u0161iroki izbor alata i materijala za profesionalne gra\u0111evinske radove. Istra\u017ei Bauweb ponudu i kupuj uz odli\u010dne popuste.\" \/>\n<meta name=\"robots\" content=\"index, follow, max-snippet:-1, max-image-preview:large, max-video-preview:-1\" \/>\n<link rel=\"canonical\" href=\"https:\/\/bauweb.hr\/index.php\/product\/multi-coup-skare-za-rezanje-pod-kutom\/\" \/>\n<meta property=\"og:locale\" content=\"hr_HR\" \/>\n<meta property=\"og:type\" content=\"article\" \/>\n<meta property=\"og:title\" content=\"MULTI COUP \u0160kare za rezanje pod kutom - BauWeb\" \/>\n<meta property=\"og:description\" content=\"Potra\u017eite \u0161iroki izbor alata i materijala za profesionalne gra\u0111evinske radove. Istra\u017ei Bauweb ponudu i kupuj uz odli\u010dne popuste.\" \/>\n<meta property=\"og:url\" content=\"https:\/\/bauweb.hr\/index.php\/product\/multi-coup-skare-za-rezanje-pod-kutom\/\" \/>\n<meta property=\"og:site_name\" content=\"BauWeb\" \/>\n<meta property=\"article:publisher\" content=\"https:\/\/facebook.com\/bauweb00\" \/>\n<meta property=\"article:modified_time\" content=\"2025-01-25T14:12:51+00:00\" \/>\n<meta property=\"og:image\" content=\"https:\/\/bauweb.hr\/wp-content\/uploads\/2024\/05\/skare_za_kose_rezove_action_profil.jpg\" \/>\n\t<meta property=\"og:image:width\" content=\"690\" \/>\n\t<meta property=\"og:image:height\" content=\"690\" \/>\n\t<meta property=\"og:image:type\" content=\"image\/jpeg\" \/>\n<meta name=\"twitter:card\" content=\"summary_large_image\" \/>\n<meta name=\"twitter:label1\" content=\"Procijenjeno vrijeme \u010ditanja\" \/>\n\t<meta name=\"twitter:data1\" content=\"1 minuta\" \/>\n<script type=\"application\/ld+json\" class=\"yoast-schema-graph\">{\"@context\":\"https:\/\/schema.org\",\"@graph\":[{\"@type\":\"WebPage\",\"@id\":\"https:\/\/bauweb.hr\/index.php\/product\/multi-coup-skare-za-rezanje-pod-kutom\/\",\"url\":\"https:\/\/bauweb.hr\/index.php\/product\/multi-coup-skare-za-rezanje-pod-kutom\/\",\"name\":\"MULTI COUP \u0160kare za rezanje pod kutom - BauWeb\",\"isPartOf\":{\"@id\":\"https:\/\/bauweb.hr\/#website\"},\"primaryImageOfPage\":{\"@id\":\"https:\/\/bauweb.hr\/index.php\/product\/multi-coup-skare-za-rezanje-pod-kutom\/#primaryimage\"},\"image\":{\"@id\":\"https:\/\/bauweb.hr\/index.php\/product\/multi-coup-skare-za-rezanje-pod-kutom\/#primaryimage\"},\"thumbnailUrl\":\"https:\/\/bauweb.hr\/wp-content\/uploads\/2024\/05\/skare_za_kose_rezove_action_profil.jpg\",\"datePublished\":\"2024-05-25T08:01:52+00:00\",\"dateModified\":\"2025-01-25T14:12:51+00:00\",\"description\":\"Potra\u017eite \u0161iroki izbor alata i materijala za profesionalne gra\u0111evinske radove. Istra\u017ei Bauweb ponudu i kupuj uz odli\u010dne popuste.\",\"breadcrumb\":{\"@id\":\"https:\/\/bauweb.hr\/index.php\/product\/multi-coup-skare-za-rezanje-pod-kutom\/#breadcrumb\"},\"inLanguage\":\"hr\",\"potentialAction\":[{\"@type\":\"ReadAction\",\"target\":[\"https:\/\/bauweb.hr\/index.php\/product\/multi-coup-skare-za-rezanje-pod-kutom\/\"]}]},{\"@type\":\"ImageObject\",\"inLanguage\":\"hr\",\"@id\":\"https:\/\/bauweb.hr\/index.php\/product\/multi-coup-skare-za-rezanje-pod-kutom\/#primaryimage\",\"url\":\"https:\/\/bauweb.hr\/wp-content\/uploads\/2024\/05\/skare_za_kose_rezove_action_profil.jpg\",\"contentUrl\":\"https:\/\/bauweb.hr\/wp-content\/uploads\/2024\/05\/skare_za_kose_rezove_action_profil.jpg\",\"width\":690,\"height\":690},{\"@type\":\"BreadcrumbList\",\"@id\":\"https:\/\/bauweb.hr\/index.php\/product\/multi-coup-skare-za-rezanje-pod-kutom\/#breadcrumb\",\"itemListElement\":[{\"@type\":\"ListItem\",\"position\":1,\"name\":\"Po\u010detna stranica\",\"item\":\"https:\/\/bauweb.hr\/\"},{\"@type\":\"ListItem\",\"position\":2,\"name\":\"Shop\",\"item\":\"https:\/\/bauweb.hr\/index.php\/shop-wooshop-v1\/\"},{\"@type\":\"ListItem\",\"position\":3,\"name\":\"MULTI COUP \u0160kare za rezanje pod kutom\"}]},{\"@type\":\"WebSite\",\"@id\":\"https:\/\/bauweb.hr\/#website\",\"url\":\"https:\/\/bauweb.hr\/\",\"name\":\"BauWeb\",\"description\":\"Za prave majstore\",\"publisher\":{\"@id\":\"https:\/\/bauweb.hr\/#organization\"},\"alternateName\":\"BauWeb\",\"potentialAction\":[{\"@type\":\"SearchAction\",\"target\":{\"@type\":\"EntryPoint\",\"urlTemplate\":\"https:\/\/bauweb.hr\/?s={search_term_string}\"},\"query-input\":{\"@type\":\"PropertyValueSpecification\",\"valueRequired\":true,\"valueName\":\"search_term_string\"}}],\"inLanguage\":\"hr\"},{\"@type\":\"Organization\",\"@id\":\"https:\/\/bauweb.hr\/#organization\",\"name\":\"Hobi dom d.o.o.\",\"url\":\"https:\/\/bauweb.hr\/\",\"logo\":{\"@type\":\"ImageObject\",\"inLanguage\":\"hr\",\"@id\":\"https:\/\/bauweb.hr\/#\/schema\/logo\/image\/\",\"url\":\"https:\/\/bauweb.hr\/wp-content\/uploads\/2023\/01\/Bauweb_logo-01.png\",\"contentUrl\":\"https:\/\/bauweb.hr\/wp-content\/uploads\/2023\/01\/Bauweb_logo-01.png\",\"width\":842,\"height\":596,\"caption\":\"Hobi dom d.o.o.\"},\"image\":{\"@id\":\"https:\/\/bauweb.hr\/#\/schema\/logo\/image\/\"},\"sameAs\":[\"https:\/\/facebook.com\/bauweb00\",\"https:\/\/instagram.com\/bauweb_shop\"]}]}<\/script>\n<!-- \/ Yoast SEO plugin. -->","yoast_head_json":{"title":"MULTI COUP \u0160kare za rezanje pod kutom - BauWeb","description":"Potra\u017eite \u0161iroki izbor alata i materijala za profesionalne gra\u0111evinske radove. Istra\u017ei Bauweb ponudu i kupuj uz odli\u010dne popuste.","robots":{"index":"index","follow":"follow","max-snippet":"max-snippet:-1","max-image-preview":"max-image-preview:large","max-video-preview":"max-video-preview:-1"},"canonical":"https:\/\/bauweb.hr\/index.php\/product\/multi-coup-skare-za-rezanje-pod-kutom\/","og_locale":"hr_HR","og_type":"article","og_title":"MULTI COUP \u0160kare za rezanje pod kutom - BauWeb","og_description":"Potra\u017eite \u0161iroki izbor alata i materijala za profesionalne gra\u0111evinske radove. Istra\u017ei Bauweb ponudu i kupuj uz odli\u010dne popuste.","og_url":"https:\/\/bauweb.hr\/index.php\/product\/multi-coup-skare-za-rezanje-pod-kutom\/","og_site_name":"BauWeb","article_publisher":"https:\/\/facebook.com\/bauweb00","article_modified_time":"2025-01-25T14:12:51+00:00","og_image":[{"width":690,"height":690,"url":"https:\/\/bauweb.hr\/wp-content\/uploads\/2024\/05\/skare_za_kose_rezove_action_profil.jpg","type":"image\/jpeg"}],"twitter_card":"summary_large_image","twitter_misc":{"Procijenjeno vrijeme \u010ditanja":"1 minuta"},"schema":{"@context":"https:\/\/schema.org","@graph":[{"@type":"WebPage","@id":"https:\/\/bauweb.hr\/index.php\/product\/multi-coup-skare-za-rezanje-pod-kutom\/","url":"https:\/\/bauweb.hr\/index.php\/product\/multi-coup-skare-za-rezanje-pod-kutom\/","name":"MULTI COUP \u0160kare za rezanje pod kutom - BauWeb","isPartOf":{"@id":"https:\/\/bauweb.hr\/#website"},"primaryImageOfPage":{"@id":"https:\/\/bauweb.hr\/index.php\/product\/multi-coup-skare-za-rezanje-pod-kutom\/#primaryimage"},"image":{"@id":"https:\/\/bauweb.hr\/index.php\/product\/multi-coup-skare-za-rezanje-pod-kutom\/#primaryimage"},"thumbnailUrl":"https:\/\/bauweb.hr\/wp-content\/uploads\/2024\/05\/skare_za_kose_rezove_action_profil.jpg","datePublished":"2024-05-25T08:01:52+00:00","dateModified":"2025-01-25T14:12:51+00:00","description":"Potra\u017eite \u0161iroki izbor alata i materijala za profesionalne gra\u0111evinske radove. Istra\u017ei Bauweb ponudu i kupuj uz odli\u010dne popuste.","breadcrumb":{"@id":"https:\/\/bauweb.hr\/index.php\/product\/multi-coup-skare-za-rezanje-pod-kutom\/#breadcrumb"},"inLanguage":"hr","potentialAction":[{"@type":"ReadAction","target":["https:\/\/bauweb.hr\/index.php\/product\/multi-coup-skare-za-rezanje-pod-kutom\/"]}]},{"@type":"ImageObject","inLanguage":"hr","@id":"https:\/\/bauweb.hr\/index.php\/product\/multi-coup-skare-za-rezanje-pod-kutom\/#primaryimage","url":"https:\/\/bauweb.hr\/wp-content\/uploads\/2024\/05\/skare_za_kose_rezove_action_profil.jpg","contentUrl":"https:\/\/bauweb.hr\/wp-content\/uploads\/2024\/05\/skare_za_kose_rezove_action_profil.jpg","width":690,"height":690},{"@type":"BreadcrumbList","@id":"https:\/\/bauweb.hr\/index.php\/product\/multi-coup-skare-za-rezanje-pod-kutom\/#breadcrumb","itemListElement":[{"@type":"ListItem","position":1,"name":"Po\u010detna stranica","item":"https:\/\/bauweb.hr\/"},{"@type":"ListItem","position":2,"name":"Shop","item":"https:\/\/bauweb.hr\/index.php\/shop-wooshop-v1\/"},{"@type":"ListItem","position":3,"name":"MULTI COUP \u0160kare za rezanje pod kutom"}]},{"@type":"WebSite","@id":"https:\/\/bauweb.hr\/#website","url":"https:\/\/bauweb.hr\/","name":"BauWeb","description":"Za prave majstore","publisher":{"@id":"https:\/\/bauweb.hr\/#organization"},"alternateName":"BauWeb","potentialAction":[{"@type":"SearchAction","target":{"@type":"EntryPoint","urlTemplate":"https:\/\/bauweb.hr\/?s={search_term_string}"},"query-input":{"@type":"PropertyValueSpecification","valueRequired":true,"valueName":"search_term_string"}}],"inLanguage":"hr"},{"@type":"Organization","@id":"https:\/\/bauweb.hr\/#organization","name":"Hobi dom d.o.o.","url":"https:\/\/bauweb.hr\/","logo":{"@type":"ImageObject","inLanguage":"hr","@id":"https:\/\/bauweb.hr\/#\/schema\/logo\/image\/","url":"https:\/\/bauweb.hr\/wp-content\/uploads\/2023\/01\/Bauweb_logo-01.png","contentUrl":"https:\/\/bauweb.hr\/wp-content\/uploads\/2023\/01\/Bauweb_logo-01.png","width":842,"height":596,"caption":"Hobi dom d.o.o."},"image":{"@id":"https:\/\/bauweb.hr\/#\/schema\/logo\/image\/"},"sameAs":["https:\/\/facebook.com\/bauweb00","https:\/\/instagram.com\/bauweb_shop"]}]}},"_links":{"self":[{"href":"https:\/\/bauweb.hr\/index.php\/wp-json\/wp\/v2\/product\/22406","targetHints":{"allow":["GET"]}}],"collection":[{"href":"https:\/\/bauweb.hr\/index.php\/wp-json\/wp\/v2\/product"}],"about":[{"href":"https:\/\/bauweb.hr\/index.php\/wp-json\/wp\/v2\/types\/product"}],"replies":[{"embeddable":true,"href":"https:\/\/bauweb.hr\/index.php\/wp-json\/wp\/v2\/comments?post=22406"}],"wp:featuredmedia":[{"embeddable":true,"href":"https:\/\/bauweb.hr\/index.php\/wp-json\/wp\/v2\/media\/22408"}],"wp:attachment":[{"href":"https:\/\/bauweb.hr\/index.php\/wp-json\/wp\/v2\/media?parent=22406"}],"wp:term":[{"taxonomy":"product_brand","embeddable":true,"href":"https:\/\/bauweb.hr\/index.php\/wp-json\/wp\/v2\/product_brand?post=22406"},{"taxonomy":"product_cat","embeddable":true,"href":"https:\/\/bauweb.hr\/index.php\/wp-json\/wp\/v2\/product_cat?post=22406"},{"taxonomy":"product_tag","embeddable":true,"href":"https:\/\/bauweb.hr\/index.php\/wp-json\/wp\/v2\/product_tag?post=22406"}],"curies":[{"name":"wp","href":"https:\/\/api.w.org\/{rel}","templated":true}]}}