{"id":22758,"date":"2024-07-09T13:15:05","date_gmt":"2024-07-09T11:15:05","guid":{"rendered":"https:\/\/bauweb.hr\/?post_type=product&#038;p=22758"},"modified":"2024-07-09T13:32:21","modified_gmt":"2024-07-09T11:32:21","slug":"plamenik-plinski-s-piezo-upaljacem","status":"publish","type":"product","link":"https:\/\/bauweb.hr\/index.php\/product\/plamenik-plinski-s-piezo-upaljacem\/","title":{"rendered":"Plamenik plinski s PIEZO upalja\u010dem"},"content":{"rendered":"<p>Plinski plamenik za plinske patrone vrlo je koristan alat. Ispunit \u0107e svoju ulogu kod ku\u0107e iu radionici za to\u010dkasto zagrijavanje metalnih elemenata, lemljenje, kalajisanje ili za svakodnevne aktivnosti kao \u0161to je ugradnja termoskupljaju\u0107ih navlaka. Zahvaljuju\u0107i upalja\u010du, nisu potrebni dodatni izvori vatre, \u0161to pove\u0107ava sigurnost uporabe. Plamenik je snage 2,8kW \u0161to je dovoljno za rad u ku\u0107noj radionici. Zahvaljuju\u0107i kori\u0161tenju plinskih patrona (propan\/butan), mogu\u0107e je koristiti plamenik na mjestima gdje nema pristupa elektri\u010dnoj energiji.<\/p>\n<p><strong>Zna\u010dajke<\/strong><\/p>\n<ul>\n<li>Plinski plamenik<\/li>\n<li>Dizajnirano za lemljenje, to\u010dkasto grijanje<\/li>\n<\/ul>\n<p><strong>Specifikacije<\/strong><\/p>\n<ul>\n<li>Snaga plamenika 2,8kW<\/li>\n<li>Temperatura maks. 1200 \u00b0C<\/li>\n<li>Izgaranje 208 g\/h<\/li>\n<li>Prihvatljivi spremnik &#8211; kapacitet od 190 g<\/li>\n<li>Prihvatljivi spremnik &#8211; plin propan\/butan<\/li>\n<li>Tijelo: kompozitno<\/li>\n<\/ul>\n","protected":false},"excerpt":{"rendered":"<p>Plinski plamenik za plinske patrone vrlo je koristan alat.<br \/>\nIspunit \u0107e svoju ulogu kod ku\u0107e iu radionici za to\u010dkasto zagrijavanje metalnih elemenata, lemljenje, kalajisanje ili za svakodnevne aktivnosti kao \u0161to je ugradnja termoskupljaju\u0107ih navlaka<\/p>\n<ul>\n<li>Snaga plamenika 2,8kW<\/li>\n<li>Temperatura maks. 1200 \u00b0C<\/li>\n<li>Izgaranje 208 g\/h<\/li>\n<li>Prihvatljivi spremnik &#8211; kapacitet od 190 g<\/li>\n<li>Prihvatljivi spremnik &#8211; plin propan\/butan<\/li>\n<li>Tijelo: kompozitno<\/li>\n<\/ul>\n","protected":false},"featured_media":22759,"comment_status":"open","ping_status":"closed","template":"","meta":[],"product_brand":[350],"product_cat":[110,210],"product_tag":[],"class_list":{"0":"post-22758","1":"product","2":"type-product","3":"status-publish","4":"has-post-thumbnail","6":"product_brand-dedra","7":"product_cat-alati-pribor","8":"product_cat-ostalo","10":"first","11":"instock","12":"shipping-taxable","13":"purchasable","14":"product-type-simple"},"yoast_head":"<!-- This site is optimized with the Yoast SEO plugin v27.2 - https:\/\/yoast.com\/product\/yoast-seo-wordpress\/ -->\n<title>Plamenik plinski s PIEZO upalja\u010dem - BauWeb<\/title>\n<meta name=\"description\" content=\"Potra\u017eite \u0161iroki izbor alata i materijala za profesionalne gra\u0111evinske radove. Istra\u017ei Bauweb ponudu i kupuj uz odli\u010dne popuste.\" \/>\n<meta name=\"robots\" content=\"index, follow, max-snippet:-1, max-image-preview:large, max-video-preview:-1\" \/>\n<link rel=\"canonical\" href=\"https:\/\/bauweb.hr\/index.php\/product\/plamenik-plinski-s-piezo-upaljacem\/\" \/>\n<meta property=\"og:locale\" content=\"hr_HR\" \/>\n<meta property=\"og:type\" content=\"article\" \/>\n<meta property=\"og:title\" content=\"Plamenik plinski s PIEZO upalja\u010dem - BauWeb\" \/>\n<meta property=\"og:description\" content=\"Potra\u017eite \u0161iroki izbor alata i materijala za profesionalne gra\u0111evinske radove. Istra\u017ei Bauweb ponudu i kupuj uz odli\u010dne popuste.\" \/>\n<meta property=\"og:url\" content=\"https:\/\/bauweb.hr\/index.php\/product\/plamenik-plinski-s-piezo-upaljacem\/\" \/>\n<meta property=\"og:site_name\" content=\"BauWeb\" \/>\n<meta property=\"article:publisher\" content=\"https:\/\/facebook.com\/bauweb00\" \/>\n<meta property=\"article:modified_time\" content=\"2024-07-09T11:32:21+00:00\" \/>\n<meta property=\"og:image\" content=\"https:\/\/bauweb.hr\/wp-content\/uploads\/2024\/07\/31A010_4.jpg\" \/>\n\t<meta property=\"og:image:width\" content=\"690\" \/>\n\t<meta property=\"og:image:height\" content=\"690\" \/>\n\t<meta property=\"og:image:type\" content=\"image\/jpeg\" \/>\n<meta name=\"twitter:card\" content=\"summary_large_image\" \/>\n<meta name=\"twitter:label1\" content=\"Procijenjeno vrijeme \u010ditanja\" \/>\n\t<meta name=\"twitter:data1\" content=\"1 minuta\" \/>\n<script type=\"application\/ld+json\" class=\"yoast-schema-graph\">{\"@context\":\"https:\/\/schema.org\",\"@graph\":[{\"@type\":\"WebPage\",\"@id\":\"https:\/\/bauweb.hr\/index.php\/product\/plamenik-plinski-s-piezo-upaljacem\/\",\"url\":\"https:\/\/bauweb.hr\/index.php\/product\/plamenik-plinski-s-piezo-upaljacem\/\",\"name\":\"Plamenik plinski s PIEZO upalja\u010dem - BauWeb\",\"isPartOf\":{\"@id\":\"https:\/\/bauweb.hr\/#website\"},\"primaryImageOfPage\":{\"@id\":\"https:\/\/bauweb.hr\/index.php\/product\/plamenik-plinski-s-piezo-upaljacem\/#primaryimage\"},\"image\":{\"@id\":\"https:\/\/bauweb.hr\/index.php\/product\/plamenik-plinski-s-piezo-upaljacem\/#primaryimage\"},\"thumbnailUrl\":\"https:\/\/bauweb.hr\/wp-content\/uploads\/2024\/07\/31A010_4.jpg\",\"datePublished\":\"2024-07-09T11:15:05+00:00\",\"dateModified\":\"2024-07-09T11:32:21+00:00\",\"description\":\"Potra\u017eite \u0161iroki izbor alata i materijala za profesionalne gra\u0111evinske radove. Istra\u017ei Bauweb ponudu i kupuj uz odli\u010dne popuste.\",\"breadcrumb\":{\"@id\":\"https:\/\/bauweb.hr\/index.php\/product\/plamenik-plinski-s-piezo-upaljacem\/#breadcrumb\"},\"inLanguage\":\"hr\",\"potentialAction\":[{\"@type\":\"ReadAction\",\"target\":[\"https:\/\/bauweb.hr\/index.php\/product\/plamenik-plinski-s-piezo-upaljacem\/\"]}]},{\"@type\":\"ImageObject\",\"inLanguage\":\"hr\",\"@id\":\"https:\/\/bauweb.hr\/index.php\/product\/plamenik-plinski-s-piezo-upaljacem\/#primaryimage\",\"url\":\"https:\/\/bauweb.hr\/wp-content\/uploads\/2024\/07\/31A010_4.jpg\",\"contentUrl\":\"https:\/\/bauweb.hr\/wp-content\/uploads\/2024\/07\/31A010_4.jpg\",\"width\":690,\"height\":690},{\"@type\":\"BreadcrumbList\",\"@id\":\"https:\/\/bauweb.hr\/index.php\/product\/plamenik-plinski-s-piezo-upaljacem\/#breadcrumb\",\"itemListElement\":[{\"@type\":\"ListItem\",\"position\":1,\"name\":\"Po\u010detna stranica\",\"item\":\"https:\/\/bauweb.hr\/\"},{\"@type\":\"ListItem\",\"position\":2,\"name\":\"Shop\",\"item\":\"https:\/\/bauweb.hr\/index.php\/shop-wooshop-v1\/\"},{\"@type\":\"ListItem\",\"position\":3,\"name\":\"Plamenik plinski s PIEZO upalja\u010dem\"}]},{\"@type\":\"WebSite\",\"@id\":\"https:\/\/bauweb.hr\/#website\",\"url\":\"https:\/\/bauweb.hr\/\",\"name\":\"BauWeb\",\"description\":\"Za prave majstore\",\"publisher\":{\"@id\":\"https:\/\/bauweb.hr\/#organization\"},\"alternateName\":\"BauWeb\",\"potentialAction\":[{\"@type\":\"SearchAction\",\"target\":{\"@type\":\"EntryPoint\",\"urlTemplate\":\"https:\/\/bauweb.hr\/?s={search_term_string}\"},\"query-input\":{\"@type\":\"PropertyValueSpecification\",\"valueRequired\":true,\"valueName\":\"search_term_string\"}}],\"inLanguage\":\"hr\"},{\"@type\":\"Organization\",\"@id\":\"https:\/\/bauweb.hr\/#organization\",\"name\":\"Hobi dom d.o.o.\",\"url\":\"https:\/\/bauweb.hr\/\",\"logo\":{\"@type\":\"ImageObject\",\"inLanguage\":\"hr\",\"@id\":\"https:\/\/bauweb.hr\/#\/schema\/logo\/image\/\",\"url\":\"https:\/\/bauweb.hr\/wp-content\/uploads\/2023\/01\/Bauweb_logo-01.png\",\"contentUrl\":\"https:\/\/bauweb.hr\/wp-content\/uploads\/2023\/01\/Bauweb_logo-01.png\",\"width\":842,\"height\":596,\"caption\":\"Hobi dom d.o.o.\"},\"image\":{\"@id\":\"https:\/\/bauweb.hr\/#\/schema\/logo\/image\/\"},\"sameAs\":[\"https:\/\/facebook.com\/bauweb00\",\"https:\/\/instagram.com\/bauweb_shop\"]}]}<\/script>\n<!-- \/ Yoast SEO plugin. -->","yoast_head_json":{"title":"Plamenik plinski s PIEZO upalja\u010dem - BauWeb","description":"Potra\u017eite \u0161iroki izbor alata i materijala za profesionalne gra\u0111evinske radove. Istra\u017ei Bauweb ponudu i kupuj uz odli\u010dne popuste.","robots":{"index":"index","follow":"follow","max-snippet":"max-snippet:-1","max-image-preview":"max-image-preview:large","max-video-preview":"max-video-preview:-1"},"canonical":"https:\/\/bauweb.hr\/index.php\/product\/plamenik-plinski-s-piezo-upaljacem\/","og_locale":"hr_HR","og_type":"article","og_title":"Plamenik plinski s PIEZO upalja\u010dem - BauWeb","og_description":"Potra\u017eite \u0161iroki izbor alata i materijala za profesionalne gra\u0111evinske radove. Istra\u017ei Bauweb ponudu i kupuj uz odli\u010dne popuste.","og_url":"https:\/\/bauweb.hr\/index.php\/product\/plamenik-plinski-s-piezo-upaljacem\/","og_site_name":"BauWeb","article_publisher":"https:\/\/facebook.com\/bauweb00","article_modified_time":"2024-07-09T11:32:21+00:00","og_image":[{"width":690,"height":690,"url":"https:\/\/bauweb.hr\/wp-content\/uploads\/2024\/07\/31A010_4.jpg","type":"image\/jpeg"}],"twitter_card":"summary_large_image","twitter_misc":{"Procijenjeno vrijeme \u010ditanja":"1 minuta"},"schema":{"@context":"https:\/\/schema.org","@graph":[{"@type":"WebPage","@id":"https:\/\/bauweb.hr\/index.php\/product\/plamenik-plinski-s-piezo-upaljacem\/","url":"https:\/\/bauweb.hr\/index.php\/product\/plamenik-plinski-s-piezo-upaljacem\/","name":"Plamenik plinski s PIEZO upalja\u010dem - BauWeb","isPartOf":{"@id":"https:\/\/bauweb.hr\/#website"},"primaryImageOfPage":{"@id":"https:\/\/bauweb.hr\/index.php\/product\/plamenik-plinski-s-piezo-upaljacem\/#primaryimage"},"image":{"@id":"https:\/\/bauweb.hr\/index.php\/product\/plamenik-plinski-s-piezo-upaljacem\/#primaryimage"},"thumbnailUrl":"https:\/\/bauweb.hr\/wp-content\/uploads\/2024\/07\/31A010_4.jpg","datePublished":"2024-07-09T11:15:05+00:00","dateModified":"2024-07-09T11:32:21+00:00","description":"Potra\u017eite \u0161iroki izbor alata i materijala za profesionalne gra\u0111evinske radove. Istra\u017ei Bauweb ponudu i kupuj uz odli\u010dne popuste.","breadcrumb":{"@id":"https:\/\/bauweb.hr\/index.php\/product\/plamenik-plinski-s-piezo-upaljacem\/#breadcrumb"},"inLanguage":"hr","potentialAction":[{"@type":"ReadAction","target":["https:\/\/bauweb.hr\/index.php\/product\/plamenik-plinski-s-piezo-upaljacem\/"]}]},{"@type":"ImageObject","inLanguage":"hr","@id":"https:\/\/bauweb.hr\/index.php\/product\/plamenik-plinski-s-piezo-upaljacem\/#primaryimage","url":"https:\/\/bauweb.hr\/wp-content\/uploads\/2024\/07\/31A010_4.jpg","contentUrl":"https:\/\/bauweb.hr\/wp-content\/uploads\/2024\/07\/31A010_4.jpg","width":690,"height":690},{"@type":"BreadcrumbList","@id":"https:\/\/bauweb.hr\/index.php\/product\/plamenik-plinski-s-piezo-upaljacem\/#breadcrumb","itemListElement":[{"@type":"ListItem","position":1,"name":"Po\u010detna stranica","item":"https:\/\/bauweb.hr\/"},{"@type":"ListItem","position":2,"name":"Shop","item":"https:\/\/bauweb.hr\/index.php\/shop-wooshop-v1\/"},{"@type":"ListItem","position":3,"name":"Plamenik plinski s PIEZO upalja\u010dem"}]},{"@type":"WebSite","@id":"https:\/\/bauweb.hr\/#website","url":"https:\/\/bauweb.hr\/","name":"BauWeb","description":"Za prave majstore","publisher":{"@id":"https:\/\/bauweb.hr\/#organization"},"alternateName":"BauWeb","potentialAction":[{"@type":"SearchAction","target":{"@type":"EntryPoint","urlTemplate":"https:\/\/bauweb.hr\/?s={search_term_string}"},"query-input":{"@type":"PropertyValueSpecification","valueRequired":true,"valueName":"search_term_string"}}],"inLanguage":"hr"},{"@type":"Organization","@id":"https:\/\/bauweb.hr\/#organization","name":"Hobi dom d.o.o.","url":"https:\/\/bauweb.hr\/","logo":{"@type":"ImageObject","inLanguage":"hr","@id":"https:\/\/bauweb.hr\/#\/schema\/logo\/image\/","url":"https:\/\/bauweb.hr\/wp-content\/uploads\/2023\/01\/Bauweb_logo-01.png","contentUrl":"https:\/\/bauweb.hr\/wp-content\/uploads\/2023\/01\/Bauweb_logo-01.png","width":842,"height":596,"caption":"Hobi dom d.o.o."},"image":{"@id":"https:\/\/bauweb.hr\/#\/schema\/logo\/image\/"},"sameAs":["https:\/\/facebook.com\/bauweb00","https:\/\/instagram.com\/bauweb_shop"]}]}},"_links":{"self":[{"href":"https:\/\/bauweb.hr\/index.php\/wp-json\/wp\/v2\/product\/22758","targetHints":{"allow":["GET"]}}],"collection":[{"href":"https:\/\/bauweb.hr\/index.php\/wp-json\/wp\/v2\/product"}],"about":[{"href":"https:\/\/bauweb.hr\/index.php\/wp-json\/wp\/v2\/types\/product"}],"replies":[{"embeddable":true,"href":"https:\/\/bauweb.hr\/index.php\/wp-json\/wp\/v2\/comments?post=22758"}],"wp:featuredmedia":[{"embeddable":true,"href":"https:\/\/bauweb.hr\/index.php\/wp-json\/wp\/v2\/media\/22759"}],"wp:attachment":[{"href":"https:\/\/bauweb.hr\/index.php\/wp-json\/wp\/v2\/media?parent=22758"}],"wp:term":[{"taxonomy":"product_brand","embeddable":true,"href":"https:\/\/bauweb.hr\/index.php\/wp-json\/wp\/v2\/product_brand?post=22758"},{"taxonomy":"product_cat","embeddable":true,"href":"https:\/\/bauweb.hr\/index.php\/wp-json\/wp\/v2\/product_cat?post=22758"},{"taxonomy":"product_tag","embeddable":true,"href":"https:\/\/bauweb.hr\/index.php\/wp-json\/wp\/v2\/product_tag?post=22758"}],"curies":[{"name":"wp","href":"https:\/\/api.w.org\/{rel}","templated":true}]}}