{"id":22764,"date":"2024-07-09T13:33:44","date_gmt":"2024-07-09T11:33:44","guid":{"rendered":"https:\/\/bauweb.hr\/?post_type=product&#038;p=22764"},"modified":"2024-07-09T13:48:33","modified_gmt":"2024-07-09T11:48:33","slug":"brusilica-za-gipsane-povrsine-710w-trokutasta-i-okrugla-glava","status":"publish","type":"product","link":"https:\/\/bauweb.hr\/index.php\/product\/brusilica-za-gipsane-povrsine-710w-trokutasta-i-okrugla-glava\/","title":{"rendered":"Brusilica za gipsane povr\u0161ine 710W, trokutasta i okrugla glava"},"content":{"rendered":"<h2>Brusilica za gips, DUO \u017eirafa DEDRA DED7758 710W, disk 225 mm, trokutasta glava, torba<\/h2>\n<p><span style=\"font-size: medium;\">DED7758 brusilica za gips snage 710W je konzolna verzija s dvije duljine 115cm i 165cm zahvaljuju\u0107i mogu\u0107nosti ugradnje nastavka.<br \/>\nUre\u0111aj ima mogu\u0107nost reguliranja brzine vrtnje diska, \u0161to omogu\u0107uje reguliranje odgovaraju\u0107e brzine prema zahtjevima povr\u0161ine tla.<br \/>\nBrusilica je opremljena sistemom koji omogu\u0107uje preklapanje kraka, \u010dime se smanjuju dimenzije ure\u0111aja.<br \/>\nOkrugla i trokutasta glava &#8211; idealna za obradu rubova i kutova.<\/span><\/p>\n<p><strong>Zna\u010dajke:<\/strong><\/p>\n<ul>\n<li>Mogu\u0107nost priklju\u010divanja usisava\u010da<\/li>\n<li>Kontrola brzine<\/li>\n<li>Dvije glave za bru\u0161enje razli\u010ditih oblika<\/li>\n<li>Pro\u0161irenje zahvata<\/li>\n<li>Sklopiva ru\u010dka<\/li>\n<li>Transportna torba<\/li>\n<\/ul>\n<p><span style=\"font-size: medium;\"><br \/>\n<strong>Specifikacije:<\/strong><\/span><\/p>\n<ul>\n<li>Napon &#8211; 230 V<\/li>\n<li>Snaga &#8211; 710 W<\/li>\n<li>Promjer o\u0161trice &#8211; 225 mm<\/li>\n<li>Pogon &#8211; cilindri\u010dni zup\u010danik<\/li>\n<li>Brzina rotacije glave &#8211; 600-1500 o\/min<\/li>\n<li>Te\u017eina &#8211; 8,4 kg<\/li>\n<li>Du\u017eina &#8211; 165 cm<\/li>\n<\/ul>\n<p><span style=\"font-size: medium;\"><br \/>\n<strong>Pakiranje:<\/strong><\/span><\/p>\n<ul>\n<li>6 brusnih listova razli\u010ditih stupnjeva, okruglih i trokutastih<\/li>\n<li>Okrugla i trokutasta brusna plo\u010da<\/li>\n<li>Cijev za usisavanje pra\u0161ine 4 m<\/li>\n<\/ul>\n","protected":false},"excerpt":{"rendered":"<p><span style=\"font-size: medium;\">DED7758 brusilica za gips snage 710W je konzolna verzija s dvije duljine 115cm i 165cm zahvaljuju\u0107i mogu\u0107nosti ugradnje nastavka.<br \/>\nOkrugla i trokutasta glava &#8211; idealna za obradu rubova i kutova.<br \/>\n<\/span><\/p>\n<ul>\n<li>Mogu\u0107nost priklju\u010divanja usisava\u010da<\/li>\n<li>Kontrola brzine<\/li>\n<li>Dvije glave za bru\u0161enje razli\u010ditih oblika<\/li>\n<li>Pro\u0161irenje zahvata<\/li>\n<li>Sklopiva ru\u010dka<\/li>\n<li>Transportna torba<\/li>\n<\/ul>\n<p><span style=\"font-size: medium;\">\u00a0<\/span><\/p>\n","protected":false},"featured_media":22765,"comment_status":"open","ping_status":"closed","template":"","meta":[],"product_brand":[350],"product_cat":[110,105],"product_tag":[],"class_list":{"0":"post-22764","1":"product","2":"type-product","3":"status-publish","4":"has-post-thumbnail","6":"product_brand-dedra","7":"product_cat-alati-pribor","8":"product_cat-gipseri-suha-gradnja","10":"first","11":"instock","12":"shipping-taxable","13":"purchasable","14":"product-type-simple"},"yoast_head":"<!-- This site is optimized with the Yoast SEO plugin v27.2 - https:\/\/yoast.com\/product\/yoast-seo-wordpress\/ -->\n<title>Brusilica za gipsane povr\u0161ine 710W, trokutasta i okrugla glava - BauWeb<\/title>\n<meta name=\"description\" content=\"Potra\u017eite \u0161iroki izbor alata i materijala za profesionalne gra\u0111evinske radove. Istra\u017ei Bauweb ponudu i kupuj uz odli\u010dne popuste.\" \/>\n<meta name=\"robots\" content=\"index, follow, max-snippet:-1, max-image-preview:large, max-video-preview:-1\" \/>\n<link rel=\"canonical\" href=\"https:\/\/bauweb.hr\/index.php\/product\/brusilica-za-gipsane-povrsine-710w-trokutasta-i-okrugla-glava\/\" \/>\n<meta property=\"og:locale\" content=\"hr_HR\" \/>\n<meta property=\"og:type\" content=\"article\" \/>\n<meta property=\"og:title\" content=\"Brusilica za gipsane povr\u0161ine 710W, trokutasta i okrugla glava - BauWeb\" \/>\n<meta property=\"og:description\" content=\"Potra\u017eite \u0161iroki izbor alata i materijala za profesionalne gra\u0111evinske radove. Istra\u017ei Bauweb ponudu i kupuj uz odli\u010dne popuste.\" \/>\n<meta property=\"og:url\" content=\"https:\/\/bauweb.hr\/index.php\/product\/brusilica-za-gipsane-povrsine-710w-trokutasta-i-okrugla-glava\/\" \/>\n<meta property=\"og:site_name\" content=\"BauWeb\" \/>\n<meta property=\"article:publisher\" content=\"https:\/\/facebook.com\/bauweb00\" \/>\n<meta property=\"article:modified_time\" content=\"2024-07-09T11:48:33+00:00\" \/>\n<meta property=\"og:image\" content=\"https:\/\/bauweb.hr\/wp-content\/uploads\/2024\/07\/ded7758.jpg\" \/>\n\t<meta property=\"og:image:width\" content=\"690\" \/>\n\t<meta property=\"og:image:height\" content=\"690\" \/>\n\t<meta property=\"og:image:type\" content=\"image\/jpeg\" \/>\n<meta name=\"twitter:card\" content=\"summary_large_image\" \/>\n<meta name=\"twitter:label1\" content=\"Procijenjeno vrijeme \u010ditanja\" \/>\n\t<meta name=\"twitter:data1\" content=\"1 minuta\" \/>\n<script type=\"application\/ld+json\" class=\"yoast-schema-graph\">{\"@context\":\"https:\/\/schema.org\",\"@graph\":[{\"@type\":\"WebPage\",\"@id\":\"https:\/\/bauweb.hr\/index.php\/product\/brusilica-za-gipsane-povrsine-710w-trokutasta-i-okrugla-glava\/\",\"url\":\"https:\/\/bauweb.hr\/index.php\/product\/brusilica-za-gipsane-povrsine-710w-trokutasta-i-okrugla-glava\/\",\"name\":\"Brusilica za gipsane povr\u0161ine 710W, trokutasta i okrugla glava - BauWeb\",\"isPartOf\":{\"@id\":\"https:\/\/bauweb.hr\/#website\"},\"primaryImageOfPage\":{\"@id\":\"https:\/\/bauweb.hr\/index.php\/product\/brusilica-za-gipsane-povrsine-710w-trokutasta-i-okrugla-glava\/#primaryimage\"},\"image\":{\"@id\":\"https:\/\/bauweb.hr\/index.php\/product\/brusilica-za-gipsane-povrsine-710w-trokutasta-i-okrugla-glava\/#primaryimage\"},\"thumbnailUrl\":\"https:\/\/bauweb.hr\/wp-content\/uploads\/2024\/07\/ded7758.jpg\",\"datePublished\":\"2024-07-09T11:33:44+00:00\",\"dateModified\":\"2024-07-09T11:48:33+00:00\",\"description\":\"Potra\u017eite \u0161iroki izbor alata i materijala za profesionalne gra\u0111evinske radove. Istra\u017ei Bauweb ponudu i kupuj uz odli\u010dne popuste.\",\"breadcrumb\":{\"@id\":\"https:\/\/bauweb.hr\/index.php\/product\/brusilica-za-gipsane-povrsine-710w-trokutasta-i-okrugla-glava\/#breadcrumb\"},\"inLanguage\":\"hr\",\"potentialAction\":[{\"@type\":\"ReadAction\",\"target\":[\"https:\/\/bauweb.hr\/index.php\/product\/brusilica-za-gipsane-povrsine-710w-trokutasta-i-okrugla-glava\/\"]}]},{\"@type\":\"ImageObject\",\"inLanguage\":\"hr\",\"@id\":\"https:\/\/bauweb.hr\/index.php\/product\/brusilica-za-gipsane-povrsine-710w-trokutasta-i-okrugla-glava\/#primaryimage\",\"url\":\"https:\/\/bauweb.hr\/wp-content\/uploads\/2024\/07\/ded7758.jpg\",\"contentUrl\":\"https:\/\/bauweb.hr\/wp-content\/uploads\/2024\/07\/ded7758.jpg\",\"width\":690,\"height\":690},{\"@type\":\"BreadcrumbList\",\"@id\":\"https:\/\/bauweb.hr\/index.php\/product\/brusilica-za-gipsane-povrsine-710w-trokutasta-i-okrugla-glava\/#breadcrumb\",\"itemListElement\":[{\"@type\":\"ListItem\",\"position\":1,\"name\":\"Po\u010detna stranica\",\"item\":\"https:\/\/bauweb.hr\/\"},{\"@type\":\"ListItem\",\"position\":2,\"name\":\"Shop\",\"item\":\"https:\/\/bauweb.hr\/index.php\/shop-wooshop-v1\/\"},{\"@type\":\"ListItem\",\"position\":3,\"name\":\"Brusilica za gipsane povr\u0161ine 710W, trokutasta i okrugla glava\"}]},{\"@type\":\"WebSite\",\"@id\":\"https:\/\/bauweb.hr\/#website\",\"url\":\"https:\/\/bauweb.hr\/\",\"name\":\"BauWeb\",\"description\":\"Za prave majstore\",\"publisher\":{\"@id\":\"https:\/\/bauweb.hr\/#organization\"},\"alternateName\":\"BauWeb\",\"potentialAction\":[{\"@type\":\"SearchAction\",\"target\":{\"@type\":\"EntryPoint\",\"urlTemplate\":\"https:\/\/bauweb.hr\/?s={search_term_string}\"},\"query-input\":{\"@type\":\"PropertyValueSpecification\",\"valueRequired\":true,\"valueName\":\"search_term_string\"}}],\"inLanguage\":\"hr\"},{\"@type\":\"Organization\",\"@id\":\"https:\/\/bauweb.hr\/#organization\",\"name\":\"Hobi dom d.o.o.\",\"url\":\"https:\/\/bauweb.hr\/\",\"logo\":{\"@type\":\"ImageObject\",\"inLanguage\":\"hr\",\"@id\":\"https:\/\/bauweb.hr\/#\/schema\/logo\/image\/\",\"url\":\"https:\/\/bauweb.hr\/wp-content\/uploads\/2023\/01\/Bauweb_logo-01.png\",\"contentUrl\":\"https:\/\/bauweb.hr\/wp-content\/uploads\/2023\/01\/Bauweb_logo-01.png\",\"width\":842,\"height\":596,\"caption\":\"Hobi dom d.o.o.\"},\"image\":{\"@id\":\"https:\/\/bauweb.hr\/#\/schema\/logo\/image\/\"},\"sameAs\":[\"https:\/\/facebook.com\/bauweb00\",\"https:\/\/instagram.com\/bauweb_shop\"]}]}<\/script>\n<!-- \/ Yoast SEO plugin. -->","yoast_head_json":{"title":"Brusilica za gipsane povr\u0161ine 710W, trokutasta i okrugla glava - BauWeb","description":"Potra\u017eite \u0161iroki izbor alata i materijala za profesionalne gra\u0111evinske radove. Istra\u017ei Bauweb ponudu i kupuj uz odli\u010dne popuste.","robots":{"index":"index","follow":"follow","max-snippet":"max-snippet:-1","max-image-preview":"max-image-preview:large","max-video-preview":"max-video-preview:-1"},"canonical":"https:\/\/bauweb.hr\/index.php\/product\/brusilica-za-gipsane-povrsine-710w-trokutasta-i-okrugla-glava\/","og_locale":"hr_HR","og_type":"article","og_title":"Brusilica za gipsane povr\u0161ine 710W, trokutasta i okrugla glava - BauWeb","og_description":"Potra\u017eite \u0161iroki izbor alata i materijala za profesionalne gra\u0111evinske radove. Istra\u017ei Bauweb ponudu i kupuj uz odli\u010dne popuste.","og_url":"https:\/\/bauweb.hr\/index.php\/product\/brusilica-za-gipsane-povrsine-710w-trokutasta-i-okrugla-glava\/","og_site_name":"BauWeb","article_publisher":"https:\/\/facebook.com\/bauweb00","article_modified_time":"2024-07-09T11:48:33+00:00","og_image":[{"width":690,"height":690,"url":"https:\/\/bauweb.hr\/wp-content\/uploads\/2024\/07\/ded7758.jpg","type":"image\/jpeg"}],"twitter_card":"summary_large_image","twitter_misc":{"Procijenjeno vrijeme \u010ditanja":"1 minuta"},"schema":{"@context":"https:\/\/schema.org","@graph":[{"@type":"WebPage","@id":"https:\/\/bauweb.hr\/index.php\/product\/brusilica-za-gipsane-povrsine-710w-trokutasta-i-okrugla-glava\/","url":"https:\/\/bauweb.hr\/index.php\/product\/brusilica-za-gipsane-povrsine-710w-trokutasta-i-okrugla-glava\/","name":"Brusilica za gipsane povr\u0161ine 710W, trokutasta i okrugla glava - BauWeb","isPartOf":{"@id":"https:\/\/bauweb.hr\/#website"},"primaryImageOfPage":{"@id":"https:\/\/bauweb.hr\/index.php\/product\/brusilica-za-gipsane-povrsine-710w-trokutasta-i-okrugla-glava\/#primaryimage"},"image":{"@id":"https:\/\/bauweb.hr\/index.php\/product\/brusilica-za-gipsane-povrsine-710w-trokutasta-i-okrugla-glava\/#primaryimage"},"thumbnailUrl":"https:\/\/bauweb.hr\/wp-content\/uploads\/2024\/07\/ded7758.jpg","datePublished":"2024-07-09T11:33:44+00:00","dateModified":"2024-07-09T11:48:33+00:00","description":"Potra\u017eite \u0161iroki izbor alata i materijala za profesionalne gra\u0111evinske radove. Istra\u017ei Bauweb ponudu i kupuj uz odli\u010dne popuste.","breadcrumb":{"@id":"https:\/\/bauweb.hr\/index.php\/product\/brusilica-za-gipsane-povrsine-710w-trokutasta-i-okrugla-glava\/#breadcrumb"},"inLanguage":"hr","potentialAction":[{"@type":"ReadAction","target":["https:\/\/bauweb.hr\/index.php\/product\/brusilica-za-gipsane-povrsine-710w-trokutasta-i-okrugla-glava\/"]}]},{"@type":"ImageObject","inLanguage":"hr","@id":"https:\/\/bauweb.hr\/index.php\/product\/brusilica-za-gipsane-povrsine-710w-trokutasta-i-okrugla-glava\/#primaryimage","url":"https:\/\/bauweb.hr\/wp-content\/uploads\/2024\/07\/ded7758.jpg","contentUrl":"https:\/\/bauweb.hr\/wp-content\/uploads\/2024\/07\/ded7758.jpg","width":690,"height":690},{"@type":"BreadcrumbList","@id":"https:\/\/bauweb.hr\/index.php\/product\/brusilica-za-gipsane-povrsine-710w-trokutasta-i-okrugla-glava\/#breadcrumb","itemListElement":[{"@type":"ListItem","position":1,"name":"Po\u010detna stranica","item":"https:\/\/bauweb.hr\/"},{"@type":"ListItem","position":2,"name":"Shop","item":"https:\/\/bauweb.hr\/index.php\/shop-wooshop-v1\/"},{"@type":"ListItem","position":3,"name":"Brusilica za gipsane povr\u0161ine 710W, trokutasta i okrugla glava"}]},{"@type":"WebSite","@id":"https:\/\/bauweb.hr\/#website","url":"https:\/\/bauweb.hr\/","name":"BauWeb","description":"Za prave majstore","publisher":{"@id":"https:\/\/bauweb.hr\/#organization"},"alternateName":"BauWeb","potentialAction":[{"@type":"SearchAction","target":{"@type":"EntryPoint","urlTemplate":"https:\/\/bauweb.hr\/?s={search_term_string}"},"query-input":{"@type":"PropertyValueSpecification","valueRequired":true,"valueName":"search_term_string"}}],"inLanguage":"hr"},{"@type":"Organization","@id":"https:\/\/bauweb.hr\/#organization","name":"Hobi dom d.o.o.","url":"https:\/\/bauweb.hr\/","logo":{"@type":"ImageObject","inLanguage":"hr","@id":"https:\/\/bauweb.hr\/#\/schema\/logo\/image\/","url":"https:\/\/bauweb.hr\/wp-content\/uploads\/2023\/01\/Bauweb_logo-01.png","contentUrl":"https:\/\/bauweb.hr\/wp-content\/uploads\/2023\/01\/Bauweb_logo-01.png","width":842,"height":596,"caption":"Hobi dom d.o.o."},"image":{"@id":"https:\/\/bauweb.hr\/#\/schema\/logo\/image\/"},"sameAs":["https:\/\/facebook.com\/bauweb00","https:\/\/instagram.com\/bauweb_shop"]}]}},"_links":{"self":[{"href":"https:\/\/bauweb.hr\/index.php\/wp-json\/wp\/v2\/product\/22764","targetHints":{"allow":["GET"]}}],"collection":[{"href":"https:\/\/bauweb.hr\/index.php\/wp-json\/wp\/v2\/product"}],"about":[{"href":"https:\/\/bauweb.hr\/index.php\/wp-json\/wp\/v2\/types\/product"}],"replies":[{"embeddable":true,"href":"https:\/\/bauweb.hr\/index.php\/wp-json\/wp\/v2\/comments?post=22764"}],"wp:featuredmedia":[{"embeddable":true,"href":"https:\/\/bauweb.hr\/index.php\/wp-json\/wp\/v2\/media\/22765"}],"wp:attachment":[{"href":"https:\/\/bauweb.hr\/index.php\/wp-json\/wp\/v2\/media?parent=22764"}],"wp:term":[{"taxonomy":"product_brand","embeddable":true,"href":"https:\/\/bauweb.hr\/index.php\/wp-json\/wp\/v2\/product_brand?post=22764"},{"taxonomy":"product_cat","embeddable":true,"href":"https:\/\/bauweb.hr\/index.php\/wp-json\/wp\/v2\/product_cat?post=22764"},{"taxonomy":"product_tag","embeddable":true,"href":"https:\/\/bauweb.hr\/index.php\/wp-json\/wp\/v2\/product_tag?post=22764"}],"curies":[{"name":"wp","href":"https:\/\/api.w.org\/{rel}","templated":true}]}}