{"id":22782,"date":"2024-07-10T12:00:49","date_gmt":"2024-07-10T10:00:49","guid":{"rendered":"https:\/\/bauweb.hr\/?post_type=product&#038;p=22782"},"modified":"2024-07-10T12:10:36","modified_gmt":"2024-07-10T10:10:36","slug":"dupli-punjac-18v-sas-all","status":"publish","type":"product","link":"https:\/\/bauweb.hr\/index.php\/product\/dupli-punjac-18v-sas-all\/","title":{"rendered":"Dupli punja\u010d 18V, SAS + ALL"},"content":{"rendered":"<h2>Punja\u010d za dvije baterije DEDRA SAS + ALL DED7038V napajanje<\/h2>\n<p><span style=\"font-size: medium;\">Ovaj proizvod namijenjen je punjenju SAS + ALL baterija (DED7032, DED7034 i DED7035).<br \/>\nBateriju od 2.0Ah punimo za 1h, a bateriju od 4.0Ah za 2h.<br \/>\nZahvaljuju\u0107i dvije uti\u010dnice za punjenje, svoje baterije mo\u017eete puniti jo\u0161 u\u010dinkovitije.<br \/>\nPunja\u010d je opremljen s tri LED diode: jedna obavje\u0161tava o priklju\u010denju na elektri\u010dnu mre\u017eu, druga obavje\u0161tava o procesu punjenja u tijeku, tre\u0107a obavje\u0161tava o zavr\u0161enom procesu punjenja baterije.<br \/>\nZahvaljuju\u0107i dvije USB uti\u010dnice mo\u017eete napuniti svoj pametni telefon ili bluetooth zvu\u010dnik.<\/span><\/p>\n<p><span style=\"font-size: medium;\"><br \/>\n<strong>Zna\u010dajke DEDRA SAS + ALL DED7038V punja\u010da:<\/strong><\/span><\/p>\n<ul>\n<li style=\"list-style-type: none;\">\n<ul>\n<li>Diode koje informiraju o procesu punjenja<\/li>\n<li>Punja\u010d za dvije baterije za DEDRA SAS + ALL<\/li>\n<\/ul>\n<\/li>\n<\/ul>\n<p>elektri\u010dne alate<\/p>\n<ul>\n<li>Dvije USB uti\u010dnice za punjenje elektronike, npr. pametnog telefona<\/li>\n<li>Vrijeme punjenja baterije\n<ul>\n<li>2.0Ah &#8211; DED7032: 60min<\/li>\n<li>4.0Ah &#8211; DED7034: 120min<\/li>\n<li>5.0Ah &#8211; DED7035: 140min<\/li>\n<li>6.0Ah &#8211; DED6936: 170min<\/li>\n<li>8.0Ah &#8211; DED6937: 250min<\/li>\n<\/ul>\n<\/li>\n<\/ul>\n<p><span style=\"font-size: medium;\"><br \/>\n<strong>Specifikacije punja\u010da DEDRA SAS + ALL DED7038V:<\/strong><\/span><\/p>\n<ul>\n<li>Napon &#8211; 20 V<\/li>\n<li>Snaga &#8211; 130 W<\/li>\n<li>Izlazna struja &#8211; 2&#215;2,3A<\/li>\n<li>Te\u017eina- n\/a<\/li>\n<\/ul>\n","protected":false},"excerpt":{"rendered":"<p><span style=\"font-size: medium;\">Ovaj proizvod namijenjen je punjenju SAS + ALL baterija (DED7032, DED7034 i DED7035).<br \/>\nBateriju od 2.0Ah punimo za 1h, a bateriju od 4.0Ah za 2h.<br \/>\nZahvaljuju\u0107i dvije uti\u010dnice za punjenje, svoje baterije mo\u017eete puniti jo\u0161 u\u010dinkovitije.<br \/>\nPunja\u010d je opremljen s tri LED diode: jedna obavje\u0161tava o priklju\u010denju na elektri\u010dnu mre\u017eu, druga obavje\u0161tava o procesu punjenja u tijeku, tre\u0107a obavje\u0161tava o zavr\u0161enom procesu punjenja baterije.<br \/>\nZahvaljuju\u0107i dvije USB uti\u010dnice mo\u017eete napuniti svoj pametni telefon ili bluetooth zvu\u010dnik.<\/span><\/p>\n<p>&nbsp;<\/p>\n","protected":false},"featured_media":22783,"comment_status":"open","ping_status":"closed","template":"","meta":[],"product_brand":[350],"product_cat":[110],"product_tag":[],"class_list":{"0":"post-22782","1":"product","2":"type-product","3":"status-publish","4":"has-post-thumbnail","6":"product_brand-dedra","7":"product_cat-alati-pribor","9":"first","10":"instock","11":"shipping-taxable","12":"purchasable","13":"product-type-simple"},"yoast_head":"<!-- This site is optimized with the Yoast SEO plugin v27.2 - https:\/\/yoast.com\/product\/yoast-seo-wordpress\/ -->\n<title>Dupli punja\u010d 18V, SAS + ALL - BauWeb<\/title>\n<meta name=\"description\" content=\"Potra\u017eite \u0161iroki izbor alata i materijala za profesionalne gra\u0111evinske radove. Istra\u017ei Bauweb ponudu i kupuj uz odli\u010dne popuste.\" \/>\n<meta name=\"robots\" content=\"index, follow, max-snippet:-1, max-image-preview:large, max-video-preview:-1\" \/>\n<link rel=\"canonical\" href=\"https:\/\/bauweb.hr\/index.php\/product\/dupli-punjac-18v-sas-all\/\" \/>\n<meta property=\"og:locale\" content=\"hr_HR\" \/>\n<meta property=\"og:type\" content=\"article\" \/>\n<meta property=\"og:title\" content=\"Dupli punja\u010d 18V, SAS + ALL - BauWeb\" \/>\n<meta property=\"og:description\" content=\"Potra\u017eite \u0161iroki izbor alata i materijala za profesionalne gra\u0111evinske radove. Istra\u017ei Bauweb ponudu i kupuj uz odli\u010dne popuste.\" \/>\n<meta property=\"og:url\" content=\"https:\/\/bauweb.hr\/index.php\/product\/dupli-punjac-18v-sas-all\/\" \/>\n<meta property=\"og:site_name\" content=\"BauWeb\" \/>\n<meta property=\"article:publisher\" content=\"https:\/\/facebook.com\/bauweb00\" \/>\n<meta property=\"article:modified_time\" content=\"2024-07-10T10:10:36+00:00\" \/>\n<meta property=\"og:image\" content=\"https:\/\/bauweb.hr\/wp-content\/uploads\/2024\/07\/DED7038V.jpg\" \/>\n\t<meta property=\"og:image:width\" content=\"690\" \/>\n\t<meta property=\"og:image:height\" content=\"690\" \/>\n\t<meta property=\"og:image:type\" content=\"image\/jpeg\" \/>\n<meta name=\"twitter:card\" content=\"summary_large_image\" \/>\n<meta name=\"twitter:label1\" content=\"Procijenjeno vrijeme \u010ditanja\" \/>\n\t<meta name=\"twitter:data1\" content=\"2 minute\" \/>\n<script type=\"application\/ld+json\" class=\"yoast-schema-graph\">{\"@context\":\"https:\/\/schema.org\",\"@graph\":[{\"@type\":\"WebPage\",\"@id\":\"https:\/\/bauweb.hr\/index.php\/product\/dupli-punjac-18v-sas-all\/\",\"url\":\"https:\/\/bauweb.hr\/index.php\/product\/dupli-punjac-18v-sas-all\/\",\"name\":\"Dupli punja\u010d 18V, SAS + ALL - BauWeb\",\"isPartOf\":{\"@id\":\"https:\/\/bauweb.hr\/#website\"},\"primaryImageOfPage\":{\"@id\":\"https:\/\/bauweb.hr\/index.php\/product\/dupli-punjac-18v-sas-all\/#primaryimage\"},\"image\":{\"@id\":\"https:\/\/bauweb.hr\/index.php\/product\/dupli-punjac-18v-sas-all\/#primaryimage\"},\"thumbnailUrl\":\"https:\/\/bauweb.hr\/wp-content\/uploads\/2024\/07\/DED7038V.jpg\",\"datePublished\":\"2024-07-10T10:00:49+00:00\",\"dateModified\":\"2024-07-10T10:10:36+00:00\",\"description\":\"Potra\u017eite \u0161iroki izbor alata i materijala za profesionalne gra\u0111evinske radove. Istra\u017ei Bauweb ponudu i kupuj uz odli\u010dne popuste.\",\"breadcrumb\":{\"@id\":\"https:\/\/bauweb.hr\/index.php\/product\/dupli-punjac-18v-sas-all\/#breadcrumb\"},\"inLanguage\":\"hr\",\"potentialAction\":[{\"@type\":\"ReadAction\",\"target\":[\"https:\/\/bauweb.hr\/index.php\/product\/dupli-punjac-18v-sas-all\/\"]}]},{\"@type\":\"ImageObject\",\"inLanguage\":\"hr\",\"@id\":\"https:\/\/bauweb.hr\/index.php\/product\/dupli-punjac-18v-sas-all\/#primaryimage\",\"url\":\"https:\/\/bauweb.hr\/wp-content\/uploads\/2024\/07\/DED7038V.jpg\",\"contentUrl\":\"https:\/\/bauweb.hr\/wp-content\/uploads\/2024\/07\/DED7038V.jpg\",\"width\":690,\"height\":690},{\"@type\":\"BreadcrumbList\",\"@id\":\"https:\/\/bauweb.hr\/index.php\/product\/dupli-punjac-18v-sas-all\/#breadcrumb\",\"itemListElement\":[{\"@type\":\"ListItem\",\"position\":1,\"name\":\"Po\u010detna stranica\",\"item\":\"https:\/\/bauweb.hr\/\"},{\"@type\":\"ListItem\",\"position\":2,\"name\":\"Shop\",\"item\":\"https:\/\/bauweb.hr\/index.php\/shop-wooshop-v1\/\"},{\"@type\":\"ListItem\",\"position\":3,\"name\":\"Dupli punja\u010d 18V, SAS + ALL\"}]},{\"@type\":\"WebSite\",\"@id\":\"https:\/\/bauweb.hr\/#website\",\"url\":\"https:\/\/bauweb.hr\/\",\"name\":\"BauWeb\",\"description\":\"Za prave majstore\",\"publisher\":{\"@id\":\"https:\/\/bauweb.hr\/#organization\"},\"alternateName\":\"BauWeb\",\"potentialAction\":[{\"@type\":\"SearchAction\",\"target\":{\"@type\":\"EntryPoint\",\"urlTemplate\":\"https:\/\/bauweb.hr\/?s={search_term_string}\"},\"query-input\":{\"@type\":\"PropertyValueSpecification\",\"valueRequired\":true,\"valueName\":\"search_term_string\"}}],\"inLanguage\":\"hr\"},{\"@type\":\"Organization\",\"@id\":\"https:\/\/bauweb.hr\/#organization\",\"name\":\"Hobi dom d.o.o.\",\"url\":\"https:\/\/bauweb.hr\/\",\"logo\":{\"@type\":\"ImageObject\",\"inLanguage\":\"hr\",\"@id\":\"https:\/\/bauweb.hr\/#\/schema\/logo\/image\/\",\"url\":\"https:\/\/bauweb.hr\/wp-content\/uploads\/2023\/01\/Bauweb_logo-01.png\",\"contentUrl\":\"https:\/\/bauweb.hr\/wp-content\/uploads\/2023\/01\/Bauweb_logo-01.png\",\"width\":842,\"height\":596,\"caption\":\"Hobi dom d.o.o.\"},\"image\":{\"@id\":\"https:\/\/bauweb.hr\/#\/schema\/logo\/image\/\"},\"sameAs\":[\"https:\/\/facebook.com\/bauweb00\",\"https:\/\/instagram.com\/bauweb_shop\"]}]}<\/script>\n<!-- \/ Yoast SEO plugin. -->","yoast_head_json":{"title":"Dupli punja\u010d 18V, SAS + ALL - BauWeb","description":"Potra\u017eite \u0161iroki izbor alata i materijala za profesionalne gra\u0111evinske radove. Istra\u017ei Bauweb ponudu i kupuj uz odli\u010dne popuste.","robots":{"index":"index","follow":"follow","max-snippet":"max-snippet:-1","max-image-preview":"max-image-preview:large","max-video-preview":"max-video-preview:-1"},"canonical":"https:\/\/bauweb.hr\/index.php\/product\/dupli-punjac-18v-sas-all\/","og_locale":"hr_HR","og_type":"article","og_title":"Dupli punja\u010d 18V, SAS + ALL - BauWeb","og_description":"Potra\u017eite \u0161iroki izbor alata i materijala za profesionalne gra\u0111evinske radove. Istra\u017ei Bauweb ponudu i kupuj uz odli\u010dne popuste.","og_url":"https:\/\/bauweb.hr\/index.php\/product\/dupli-punjac-18v-sas-all\/","og_site_name":"BauWeb","article_publisher":"https:\/\/facebook.com\/bauweb00","article_modified_time":"2024-07-10T10:10:36+00:00","og_image":[{"width":690,"height":690,"url":"https:\/\/bauweb.hr\/wp-content\/uploads\/2024\/07\/DED7038V.jpg","type":"image\/jpeg"}],"twitter_card":"summary_large_image","twitter_misc":{"Procijenjeno vrijeme \u010ditanja":"2 minute"},"schema":{"@context":"https:\/\/schema.org","@graph":[{"@type":"WebPage","@id":"https:\/\/bauweb.hr\/index.php\/product\/dupli-punjac-18v-sas-all\/","url":"https:\/\/bauweb.hr\/index.php\/product\/dupli-punjac-18v-sas-all\/","name":"Dupli punja\u010d 18V, SAS + ALL - BauWeb","isPartOf":{"@id":"https:\/\/bauweb.hr\/#website"},"primaryImageOfPage":{"@id":"https:\/\/bauweb.hr\/index.php\/product\/dupli-punjac-18v-sas-all\/#primaryimage"},"image":{"@id":"https:\/\/bauweb.hr\/index.php\/product\/dupli-punjac-18v-sas-all\/#primaryimage"},"thumbnailUrl":"https:\/\/bauweb.hr\/wp-content\/uploads\/2024\/07\/DED7038V.jpg","datePublished":"2024-07-10T10:00:49+00:00","dateModified":"2024-07-10T10:10:36+00:00","description":"Potra\u017eite \u0161iroki izbor alata i materijala za profesionalne gra\u0111evinske radove. Istra\u017ei Bauweb ponudu i kupuj uz odli\u010dne popuste.","breadcrumb":{"@id":"https:\/\/bauweb.hr\/index.php\/product\/dupli-punjac-18v-sas-all\/#breadcrumb"},"inLanguage":"hr","potentialAction":[{"@type":"ReadAction","target":["https:\/\/bauweb.hr\/index.php\/product\/dupli-punjac-18v-sas-all\/"]}]},{"@type":"ImageObject","inLanguage":"hr","@id":"https:\/\/bauweb.hr\/index.php\/product\/dupli-punjac-18v-sas-all\/#primaryimage","url":"https:\/\/bauweb.hr\/wp-content\/uploads\/2024\/07\/DED7038V.jpg","contentUrl":"https:\/\/bauweb.hr\/wp-content\/uploads\/2024\/07\/DED7038V.jpg","width":690,"height":690},{"@type":"BreadcrumbList","@id":"https:\/\/bauweb.hr\/index.php\/product\/dupli-punjac-18v-sas-all\/#breadcrumb","itemListElement":[{"@type":"ListItem","position":1,"name":"Po\u010detna stranica","item":"https:\/\/bauweb.hr\/"},{"@type":"ListItem","position":2,"name":"Shop","item":"https:\/\/bauweb.hr\/index.php\/shop-wooshop-v1\/"},{"@type":"ListItem","position":3,"name":"Dupli punja\u010d 18V, SAS + ALL"}]},{"@type":"WebSite","@id":"https:\/\/bauweb.hr\/#website","url":"https:\/\/bauweb.hr\/","name":"BauWeb","description":"Za prave majstore","publisher":{"@id":"https:\/\/bauweb.hr\/#organization"},"alternateName":"BauWeb","potentialAction":[{"@type":"SearchAction","target":{"@type":"EntryPoint","urlTemplate":"https:\/\/bauweb.hr\/?s={search_term_string}"},"query-input":{"@type":"PropertyValueSpecification","valueRequired":true,"valueName":"search_term_string"}}],"inLanguage":"hr"},{"@type":"Organization","@id":"https:\/\/bauweb.hr\/#organization","name":"Hobi dom d.o.o.","url":"https:\/\/bauweb.hr\/","logo":{"@type":"ImageObject","inLanguage":"hr","@id":"https:\/\/bauweb.hr\/#\/schema\/logo\/image\/","url":"https:\/\/bauweb.hr\/wp-content\/uploads\/2023\/01\/Bauweb_logo-01.png","contentUrl":"https:\/\/bauweb.hr\/wp-content\/uploads\/2023\/01\/Bauweb_logo-01.png","width":842,"height":596,"caption":"Hobi dom d.o.o."},"image":{"@id":"https:\/\/bauweb.hr\/#\/schema\/logo\/image\/"},"sameAs":["https:\/\/facebook.com\/bauweb00","https:\/\/instagram.com\/bauweb_shop"]}]}},"_links":{"self":[{"href":"https:\/\/bauweb.hr\/index.php\/wp-json\/wp\/v2\/product\/22782","targetHints":{"allow":["GET"]}}],"collection":[{"href":"https:\/\/bauweb.hr\/index.php\/wp-json\/wp\/v2\/product"}],"about":[{"href":"https:\/\/bauweb.hr\/index.php\/wp-json\/wp\/v2\/types\/product"}],"replies":[{"embeddable":true,"href":"https:\/\/bauweb.hr\/index.php\/wp-json\/wp\/v2\/comments?post=22782"}],"wp:featuredmedia":[{"embeddable":true,"href":"https:\/\/bauweb.hr\/index.php\/wp-json\/wp\/v2\/media\/22783"}],"wp:attachment":[{"href":"https:\/\/bauweb.hr\/index.php\/wp-json\/wp\/v2\/media?parent=22782"}],"wp:term":[{"taxonomy":"product_brand","embeddable":true,"href":"https:\/\/bauweb.hr\/index.php\/wp-json\/wp\/v2\/product_brand?post=22782"},{"taxonomy":"product_cat","embeddable":true,"href":"https:\/\/bauweb.hr\/index.php\/wp-json\/wp\/v2\/product_cat?post=22782"},{"taxonomy":"product_tag","embeddable":true,"href":"https:\/\/bauweb.hr\/index.php\/wp-json\/wp\/v2\/product_tag?post=22782"}],"curies":[{"name":"wp","href":"https:\/\/api.w.org\/{rel}","templated":true}]}}