{"id":22787,"date":"2024-07-10T12:11:52","date_gmt":"2024-07-10T10:11:52","guid":{"rendered":"https:\/\/bauweb.hr\/?post_type=product&#038;p=22787"},"modified":"2024-07-10T12:20:02","modified_gmt":"2024-07-10T10:20:02","slug":"bluetooth-radio-punjivi-18v-usb","status":"publish","type":"product","link":"https:\/\/bauweb.hr\/index.php\/product\/bluetooth-radio-punjivi-18v-usb\/","title":{"rendered":"Bluetooth radio, punjivi 18V USB"},"content":{"rendered":"<h2>Radio za gradili\u0161te s bluetoothom 18V DEDRA SAS + ALL DED7005<\/h2>\n<p><span style=\"font-size: medium;\">Ovaj proizvod je namijenjen svima koji posjeduju elektri\u010dne alate iz SAS + ALL sustava i onima koji tek po\u010dinju sastavljati svoj alat.<br \/>\nZahvaljuju\u0107i napajanju iz iste baterije, radio ne\u0107e biti samo koristan dok \u0107e va\u0161 rad u\u010diniti ugodnim uz va\u0161u omiljenu glazbu.<br \/>\nAko je potrebno, njegovu bateriju mo\u017eete koristiti za napajanje elektri\u010dnih alata dok punite bateriju u super brzom punja\u010du DED7039.<br \/>\nRadio je opremljen najnovijom Bluetooth 4.2 tehnologijom prijenosa podataka.<br \/>\nTo zna\u010di da ure\u0111aj radi u\u010dinkovitije &#8211; tro\u0161i manje energije, a istovremeno ima ve\u0107i domet od izvora, npr. telefona (10m).<br \/>\nBe\u017ei\u010dni radio za gradili\u0161te ima 1 USB konektor napona 5V \/ 1A koji mo\u017eete koristiti za punjenje va\u0161eg pametnog telefona.<br \/>\nPrijenos glazbe tako\u0111er se mo\u017ee odvijati pomo\u0107u AUX uti\u010dnice koja se nalazi na prednjoj plo\u010di radija.<br \/>\nUgra\u0111ena teleskopska antena omogu\u0107uje primanje radio valova, koji se tra\u017ee pomo\u0107u glavne upravlja\u010dke plo\u010de.<br \/>\nRaspon dostupnih frekvencija je 87,5-108MHz za FM i 522-1710KHz za AM.<\/span><\/p>\n<p><span style=\"font-size: medium;\"><br \/>\n<strong>Zna\u010dajke baterijskog radija DEDRA SAS + ALL DED7005:<\/strong><\/span><\/p>\n<ul>\n<li>Baterijski gra\u0111evinski radio s bluetoothom<\/li>\n<li>Bluetooth 4.2 tehnologija &#8211; manja potro\u0161nja energije, ve\u0107i domet<\/li>\n<li>USB priklju\u010dak za punjenje<\/li>\n<li>AUX priklju\u010dak za kabelski prijenos glazbe<\/li>\n<li>Prijem FM i AM radijskih postaja<\/li>\n<li>Upravlja\u010dka plo\u010da jednostavna za upravljanje<\/li>\n<li>Radio za baterije DEDRA SAS + ALL elektri\u010dni alati<\/li>\n<\/ul>\n<p><span style=\"font-size: medium;\"><br \/>\n<strong>Tehni\u010dki podaci gra\u0111evinskog baterijskog radija DEDRA SAS + ALL DED7005:<\/strong><\/span><\/p>\n<ul>\n<li>Napon &#8211; 18 V<\/li>\n<li>Vrsta prijenosa podataka: Bluetooth 4.2, AUX<\/li>\n<li>Snaga zvu\u010dnika: 3 W<\/li>\n<li>AUX priklju\u010dak &#8211; 3,5 mm<\/li>\n<li>USB priklju\u010dak &#8211; 5 V \/ 1 A<\/li>\n<li>Radno vrijeme s baterijom DED7032 od 2,0 Ah: nema podataka<\/li>\n<li>Radno vrijeme s 4,0 Ah DED7034 baterijom: nema podataka<\/li>\n<\/ul>\n<p><img decoding=\"async\" class=\"alignnone size-medium wp-image-22788\" src=\"https:\/\/bauweb.hr\/wp-content\/uploads\/2024\/07\/RECOMMENDED-BATERRY-4AH-OR-5AH-NO-CHARGER_NOR-BATTERY-INCLUDED3435-300x43.webp\" alt=\"\" width=\"300\" height=\"43\" srcset=\"https:\/\/bauweb.hr\/wp-content\/uploads\/2024\/07\/RECOMMENDED-BATERRY-4AH-OR-5AH-NO-CHARGER_NOR-BATTERY-INCLUDED3435-300x43.webp 300w, https:\/\/bauweb.hr\/wp-content\/uploads\/2024\/07\/RECOMMENDED-BATERRY-4AH-OR-5AH-NO-CHARGER_NOR-BATTERY-INCLUDED3435-1024x146.webp 1024w, https:\/\/bauweb.hr\/wp-content\/uploads\/2024\/07\/RECOMMENDED-BATERRY-4AH-OR-5AH-NO-CHARGER_NOR-BATTERY-INCLUDED3435-768x110.webp 768w, https:\/\/bauweb.hr\/wp-content\/uploads\/2024\/07\/RECOMMENDED-BATERRY-4AH-OR-5AH-NO-CHARGER_NOR-BATTERY-INCLUDED3435-18x3.webp 18w, https:\/\/bauweb.hr\/wp-content\/uploads\/2024\/07\/RECOMMENDED-BATERRY-4AH-OR-5AH-NO-CHARGER_NOR-BATTERY-INCLUDED3435-600x86.webp 600w, https:\/\/bauweb.hr\/wp-content\/uploads\/2024\/07\/RECOMMENDED-BATERRY-4AH-OR-5AH-NO-CHARGER_NOR-BATTERY-INCLUDED3435.webp 1260w\" sizes=\"(max-width: 300px) 100vw, 300px\" \/><\/p>\n","protected":false},"excerpt":{"rendered":"<p><span style=\"font-size: medium;\">Ovaj proizvod je namijenjen svima koji posjeduju elektri\u010dne alate iz SAS + ALL sustava i onima koji tek po\u010dinju sastavljati svoj alat.<br \/>\nZahvaljuju\u0107i napajanju iz iste baterije, radio ne\u0107e biti samo koristan dok \u0107e va\u0161 rad u\u010diniti ugodnim uz va\u0161u omiljenu glazbu.<br \/>\nAko je potrebno, njegovu bateriju mo\u017eete koristiti za napajanje elektri\u010dnih alata dok punite bateriju u super brzom punja\u010du DED7039.<br \/>\nRadio je opremljen najnovijom Bluetooth 4.2 tehnologijom prijenosa podataka.<br \/>\nTo zna\u010di da ure\u0111aj radi u\u010dinkovitije &#8211; tro\u0161i manje energije, a istovremeno ima ve\u0107i domet od izvora, npr. telefona (10m).<br \/>\nBe\u017ei\u010dni radio za gradili\u0161te ima 1 USB konektor napona 5V \/ 1A koji mo\u017eete koristiti za punjenje va\u0161eg pametnog telefona.<br \/>\nPrijenos glazbe tako\u0111er se mo\u017ee odvijati pomo\u0107u AUX uti\u010dnice koja se nalazi na prednjoj plo\u010di radija.<br \/>\nUgra\u0111ena teleskopska antena omogu\u0107uje primanje radio valova, koji se tra\u017ee pomo\u0107u glavne upravlja\u010dke plo\u010de.<br \/>\nRaspon dostupnih frekvencija je 87,5-108MHz za FM i 522-1710KHz za AM.<\/span><\/p>\n","protected":false},"featured_media":22792,"comment_status":"open","ping_status":"closed","template":"","meta":[],"product_brand":[350],"product_cat":[110],"product_tag":[],"class_list":{"0":"post-22787","1":"product","2":"type-product","3":"status-publish","4":"has-post-thumbnail","6":"product_brand-dedra","7":"product_cat-alati-pribor","9":"first","10":"instock","11":"shipping-taxable","12":"purchasable","13":"product-type-simple"},"yoast_head":"<!-- This site is optimized with the Yoast SEO plugin v27.2 - https:\/\/yoast.com\/product\/yoast-seo-wordpress\/ -->\n<title>Bluetooth radio, punjivi 18V USB - BauWeb<\/title>\n<meta name=\"description\" content=\"Potra\u017eite \u0161iroki izbor alata i materijala za profesionalne gra\u0111evinske radove. Istra\u017ei Bauweb ponudu i kupuj uz odli\u010dne popuste.\" \/>\n<meta name=\"robots\" content=\"index, follow, max-snippet:-1, max-image-preview:large, max-video-preview:-1\" \/>\n<link rel=\"canonical\" href=\"https:\/\/bauweb.hr\/index.php\/product\/bluetooth-radio-punjivi-18v-usb\/\" \/>\n<meta property=\"og:locale\" content=\"hr_HR\" \/>\n<meta property=\"og:type\" content=\"article\" \/>\n<meta property=\"og:title\" content=\"Bluetooth radio, punjivi 18V USB - BauWeb\" \/>\n<meta property=\"og:description\" content=\"Potra\u017eite \u0161iroki izbor alata i materijala za profesionalne gra\u0111evinske radove. Istra\u017ei Bauweb ponudu i kupuj uz odli\u010dne popuste.\" \/>\n<meta property=\"og:url\" content=\"https:\/\/bauweb.hr\/index.php\/product\/bluetooth-radio-punjivi-18v-usb\/\" \/>\n<meta property=\"og:site_name\" content=\"BauWeb\" \/>\n<meta property=\"article:publisher\" content=\"https:\/\/facebook.com\/bauweb00\" \/>\n<meta property=\"article:modified_time\" content=\"2024-07-10T10:20:02+00:00\" \/>\n<meta property=\"og:image\" content=\"https:\/\/bauweb.hr\/wp-content\/uploads\/2024\/07\/DED7005_4.jpg\" \/>\n\t<meta property=\"og:image:width\" content=\"690\" \/>\n\t<meta property=\"og:image:height\" content=\"690\" \/>\n\t<meta property=\"og:image:type\" content=\"image\/jpeg\" \/>\n<meta name=\"twitter:card\" content=\"summary_large_image\" \/>\n<meta name=\"twitter:label1\" content=\"Procijenjeno vrijeme \u010ditanja\" \/>\n\t<meta name=\"twitter:data1\" content=\"2 minute\" \/>\n<script type=\"application\/ld+json\" class=\"yoast-schema-graph\">{\"@context\":\"https:\/\/schema.org\",\"@graph\":[{\"@type\":\"WebPage\",\"@id\":\"https:\/\/bauweb.hr\/index.php\/product\/bluetooth-radio-punjivi-18v-usb\/\",\"url\":\"https:\/\/bauweb.hr\/index.php\/product\/bluetooth-radio-punjivi-18v-usb\/\",\"name\":\"Bluetooth radio, punjivi 18V USB - BauWeb\",\"isPartOf\":{\"@id\":\"https:\/\/bauweb.hr\/#website\"},\"primaryImageOfPage\":{\"@id\":\"https:\/\/bauweb.hr\/index.php\/product\/bluetooth-radio-punjivi-18v-usb\/#primaryimage\"},\"image\":{\"@id\":\"https:\/\/bauweb.hr\/index.php\/product\/bluetooth-radio-punjivi-18v-usb\/#primaryimage\"},\"thumbnailUrl\":\"https:\/\/bauweb.hr\/wp-content\/uploads\/2024\/07\/DED7005_4.jpg\",\"datePublished\":\"2024-07-10T10:11:52+00:00\",\"dateModified\":\"2024-07-10T10:20:02+00:00\",\"description\":\"Potra\u017eite \u0161iroki izbor alata i materijala za profesionalne gra\u0111evinske radove. Istra\u017ei Bauweb ponudu i kupuj uz odli\u010dne popuste.\",\"breadcrumb\":{\"@id\":\"https:\/\/bauweb.hr\/index.php\/product\/bluetooth-radio-punjivi-18v-usb\/#breadcrumb\"},\"inLanguage\":\"hr\",\"potentialAction\":[{\"@type\":\"ReadAction\",\"target\":[\"https:\/\/bauweb.hr\/index.php\/product\/bluetooth-radio-punjivi-18v-usb\/\"]}]},{\"@type\":\"ImageObject\",\"inLanguage\":\"hr\",\"@id\":\"https:\/\/bauweb.hr\/index.php\/product\/bluetooth-radio-punjivi-18v-usb\/#primaryimage\",\"url\":\"https:\/\/bauweb.hr\/wp-content\/uploads\/2024\/07\/DED7005_4.jpg\",\"contentUrl\":\"https:\/\/bauweb.hr\/wp-content\/uploads\/2024\/07\/DED7005_4.jpg\",\"width\":690,\"height\":690},{\"@type\":\"BreadcrumbList\",\"@id\":\"https:\/\/bauweb.hr\/index.php\/product\/bluetooth-radio-punjivi-18v-usb\/#breadcrumb\",\"itemListElement\":[{\"@type\":\"ListItem\",\"position\":1,\"name\":\"Po\u010detna stranica\",\"item\":\"https:\/\/bauweb.hr\/\"},{\"@type\":\"ListItem\",\"position\":2,\"name\":\"Shop\",\"item\":\"https:\/\/bauweb.hr\/index.php\/shop-wooshop-v1\/\"},{\"@type\":\"ListItem\",\"position\":3,\"name\":\"Bluetooth radio, punjivi 18V USB\"}]},{\"@type\":\"WebSite\",\"@id\":\"https:\/\/bauweb.hr\/#website\",\"url\":\"https:\/\/bauweb.hr\/\",\"name\":\"BauWeb\",\"description\":\"Za prave majstore\",\"publisher\":{\"@id\":\"https:\/\/bauweb.hr\/#organization\"},\"alternateName\":\"BauWeb\",\"potentialAction\":[{\"@type\":\"SearchAction\",\"target\":{\"@type\":\"EntryPoint\",\"urlTemplate\":\"https:\/\/bauweb.hr\/?s={search_term_string}\"},\"query-input\":{\"@type\":\"PropertyValueSpecification\",\"valueRequired\":true,\"valueName\":\"search_term_string\"}}],\"inLanguage\":\"hr\"},{\"@type\":\"Organization\",\"@id\":\"https:\/\/bauweb.hr\/#organization\",\"name\":\"Hobi dom d.o.o.\",\"url\":\"https:\/\/bauweb.hr\/\",\"logo\":{\"@type\":\"ImageObject\",\"inLanguage\":\"hr\",\"@id\":\"https:\/\/bauweb.hr\/#\/schema\/logo\/image\/\",\"url\":\"https:\/\/bauweb.hr\/wp-content\/uploads\/2023\/01\/Bauweb_logo-01.png\",\"contentUrl\":\"https:\/\/bauweb.hr\/wp-content\/uploads\/2023\/01\/Bauweb_logo-01.png\",\"width\":842,\"height\":596,\"caption\":\"Hobi dom d.o.o.\"},\"image\":{\"@id\":\"https:\/\/bauweb.hr\/#\/schema\/logo\/image\/\"},\"sameAs\":[\"https:\/\/facebook.com\/bauweb00\",\"https:\/\/instagram.com\/bauweb_shop\"]}]}<\/script>\n<!-- \/ Yoast SEO plugin. -->","yoast_head_json":{"title":"Bluetooth radio, punjivi 18V USB - BauWeb","description":"Potra\u017eite \u0161iroki izbor alata i materijala za profesionalne gra\u0111evinske radove. Istra\u017ei Bauweb ponudu i kupuj uz odli\u010dne popuste.","robots":{"index":"index","follow":"follow","max-snippet":"max-snippet:-1","max-image-preview":"max-image-preview:large","max-video-preview":"max-video-preview:-1"},"canonical":"https:\/\/bauweb.hr\/index.php\/product\/bluetooth-radio-punjivi-18v-usb\/","og_locale":"hr_HR","og_type":"article","og_title":"Bluetooth radio, punjivi 18V USB - BauWeb","og_description":"Potra\u017eite \u0161iroki izbor alata i materijala za profesionalne gra\u0111evinske radove. Istra\u017ei Bauweb ponudu i kupuj uz odli\u010dne popuste.","og_url":"https:\/\/bauweb.hr\/index.php\/product\/bluetooth-radio-punjivi-18v-usb\/","og_site_name":"BauWeb","article_publisher":"https:\/\/facebook.com\/bauweb00","article_modified_time":"2024-07-10T10:20:02+00:00","og_image":[{"width":690,"height":690,"url":"https:\/\/bauweb.hr\/wp-content\/uploads\/2024\/07\/DED7005_4.jpg","type":"image\/jpeg"}],"twitter_card":"summary_large_image","twitter_misc":{"Procijenjeno vrijeme \u010ditanja":"2 minute"},"schema":{"@context":"https:\/\/schema.org","@graph":[{"@type":"WebPage","@id":"https:\/\/bauweb.hr\/index.php\/product\/bluetooth-radio-punjivi-18v-usb\/","url":"https:\/\/bauweb.hr\/index.php\/product\/bluetooth-radio-punjivi-18v-usb\/","name":"Bluetooth radio, punjivi 18V USB - BauWeb","isPartOf":{"@id":"https:\/\/bauweb.hr\/#website"},"primaryImageOfPage":{"@id":"https:\/\/bauweb.hr\/index.php\/product\/bluetooth-radio-punjivi-18v-usb\/#primaryimage"},"image":{"@id":"https:\/\/bauweb.hr\/index.php\/product\/bluetooth-radio-punjivi-18v-usb\/#primaryimage"},"thumbnailUrl":"https:\/\/bauweb.hr\/wp-content\/uploads\/2024\/07\/DED7005_4.jpg","datePublished":"2024-07-10T10:11:52+00:00","dateModified":"2024-07-10T10:20:02+00:00","description":"Potra\u017eite \u0161iroki izbor alata i materijala za profesionalne gra\u0111evinske radove. Istra\u017ei Bauweb ponudu i kupuj uz odli\u010dne popuste.","breadcrumb":{"@id":"https:\/\/bauweb.hr\/index.php\/product\/bluetooth-radio-punjivi-18v-usb\/#breadcrumb"},"inLanguage":"hr","potentialAction":[{"@type":"ReadAction","target":["https:\/\/bauweb.hr\/index.php\/product\/bluetooth-radio-punjivi-18v-usb\/"]}]},{"@type":"ImageObject","inLanguage":"hr","@id":"https:\/\/bauweb.hr\/index.php\/product\/bluetooth-radio-punjivi-18v-usb\/#primaryimage","url":"https:\/\/bauweb.hr\/wp-content\/uploads\/2024\/07\/DED7005_4.jpg","contentUrl":"https:\/\/bauweb.hr\/wp-content\/uploads\/2024\/07\/DED7005_4.jpg","width":690,"height":690},{"@type":"BreadcrumbList","@id":"https:\/\/bauweb.hr\/index.php\/product\/bluetooth-radio-punjivi-18v-usb\/#breadcrumb","itemListElement":[{"@type":"ListItem","position":1,"name":"Po\u010detna stranica","item":"https:\/\/bauweb.hr\/"},{"@type":"ListItem","position":2,"name":"Shop","item":"https:\/\/bauweb.hr\/index.php\/shop-wooshop-v1\/"},{"@type":"ListItem","position":3,"name":"Bluetooth radio, punjivi 18V USB"}]},{"@type":"WebSite","@id":"https:\/\/bauweb.hr\/#website","url":"https:\/\/bauweb.hr\/","name":"BauWeb","description":"Za prave majstore","publisher":{"@id":"https:\/\/bauweb.hr\/#organization"},"alternateName":"BauWeb","potentialAction":[{"@type":"SearchAction","target":{"@type":"EntryPoint","urlTemplate":"https:\/\/bauweb.hr\/?s={search_term_string}"},"query-input":{"@type":"PropertyValueSpecification","valueRequired":true,"valueName":"search_term_string"}}],"inLanguage":"hr"},{"@type":"Organization","@id":"https:\/\/bauweb.hr\/#organization","name":"Hobi dom d.o.o.","url":"https:\/\/bauweb.hr\/","logo":{"@type":"ImageObject","inLanguage":"hr","@id":"https:\/\/bauweb.hr\/#\/schema\/logo\/image\/","url":"https:\/\/bauweb.hr\/wp-content\/uploads\/2023\/01\/Bauweb_logo-01.png","contentUrl":"https:\/\/bauweb.hr\/wp-content\/uploads\/2023\/01\/Bauweb_logo-01.png","width":842,"height":596,"caption":"Hobi dom d.o.o."},"image":{"@id":"https:\/\/bauweb.hr\/#\/schema\/logo\/image\/"},"sameAs":["https:\/\/facebook.com\/bauweb00","https:\/\/instagram.com\/bauweb_shop"]}]}},"_links":{"self":[{"href":"https:\/\/bauweb.hr\/index.php\/wp-json\/wp\/v2\/product\/22787","targetHints":{"allow":["GET"]}}],"collection":[{"href":"https:\/\/bauweb.hr\/index.php\/wp-json\/wp\/v2\/product"}],"about":[{"href":"https:\/\/bauweb.hr\/index.php\/wp-json\/wp\/v2\/types\/product"}],"replies":[{"embeddable":true,"href":"https:\/\/bauweb.hr\/index.php\/wp-json\/wp\/v2\/comments?post=22787"}],"wp:featuredmedia":[{"embeddable":true,"href":"https:\/\/bauweb.hr\/index.php\/wp-json\/wp\/v2\/media\/22792"}],"wp:attachment":[{"href":"https:\/\/bauweb.hr\/index.php\/wp-json\/wp\/v2\/media?parent=22787"}],"wp:term":[{"taxonomy":"product_brand","embeddable":true,"href":"https:\/\/bauweb.hr\/index.php\/wp-json\/wp\/v2\/product_brand?post=22787"},{"taxonomy":"product_cat","embeddable":true,"href":"https:\/\/bauweb.hr\/index.php\/wp-json\/wp\/v2\/product_cat?post=22787"},{"taxonomy":"product_tag","embeddable":true,"href":"https:\/\/bauweb.hr\/index.php\/wp-json\/wp\/v2\/product_tag?post=22787"}],"curies":[{"name":"wp","href":"https:\/\/api.w.org\/{rel}","templated":true}]}}