{"id":22860,"date":"2024-07-15T14:33:54","date_gmt":"2024-07-15T12:33:54","guid":{"rendered":"https:\/\/bauweb.hr\/?post_type=product&#038;p=22860"},"modified":"2024-12-12T11:54:43","modified_gmt":"2024-12-12T10:54:43","slug":"svrdlo-za-konfirmat-vijak-hss-35mm-45mm-5mm","status":"publish","type":"product","link":"https:\/\/bauweb.hr\/index.php\/product\/svrdlo-za-konfirmat-vijak-hss-35mm-45mm-5mm\/","title":{"rendered":"Svrdlo za konfirmat vijak HSS 3,5mm 4,5mm 5mm"},"content":{"rendered":"<p>Svrdlo je alat potreban za bu\u0161enje rupa u plo\u010dama namje\u0161taja za pri\u010dvr\u0161\u0107ivanje vijaka.<br \/>\nPosebna konstrukcija svrdla omogu\u0107uje istovremeno bu\u0161enje rupe i glodanje prostora za upu\u0161tenu glavu, odnosno vijak\/\u0161raf za monta\u017eu namje\u0161taja.<br \/>\nObi\u010dno konfirmat ima udubljenje u glavi za imbus klju\u010d tipa HEX.<br \/>\nZahvaljuju\u0107i ovom rje\u0161enju, mo\u017eete sigurno spojiti plo\u010de namje\u0161taja uz odr\u017eavanje dobre ravnine i bez elemenata koji str\u0161e iznad povr\u0161ine plo\u010de.<br \/>\nDubina rupe se pode\u0161ava odvrtanjem vijka koji se suprotstavlja glodaju\u0107em dijelu svrdla.<br \/>\nNakon \u0161to ga postavite na \u017eeljenu visinu, ponovno ga pokrenite.<br \/>\nTo vam omogu\u0107uje pode\u0161avanje dubine bu\u0161enja u rasponu od 30-45 mm.<br \/>\nSvrdlo je dizajnirano\u00a0 za bu\u0161enje u drvu i materijalima na bazi drva kao \u0161to su plo\u010de za namje\u0161taj.<\/p>\n<p><strong>Zna\u010dajke:<\/strong><\/p>\n<ul>\n<li>Svrdlo za drvo i daske za namje\u0161taj<\/li>\n<li>Brzo i precizno bu\u0161enje<\/li>\n<li>Dubina bu\u0161enja se mo\u017ee pode\u0161avati<\/li>\n<li>Integrirani reza\u010d rupa za vijak \/ glavu vijka<\/li>\n<li>Univerzalni dr\u017ea\u010d od 8 mm<\/li>\n<li>Dizajnirano za bu\u0161ilice<\/li>\n<\/ul>\n<p><strong>Specifikacije:<\/strong><\/p>\n<ul>\n<li>Cilindri\u010dni dr\u017ea\u010d od 8 mm<\/li>\n<li>Promjer svrdla [d1]: 3,5 mm, 4,5 mm, 5 mm<\/li>\n<li>Promjer reza\u010da [d2]: 5 mm, 6,4 mm, 7 mm<\/li>\n<li>Radna duljina svrdla: 30-45 mm, 40-55 mm, 45-60 mm<\/li>\n<\/ul>\n","protected":false},"excerpt":{"rendered":"<p>Svrdlo za konfirmat vijak HSS je alat potreban za bu\u0161enje rupa u plo\u010dama namje\u0161taja za pri\u010dvr\u0161\u0107ivanje vijaka.<br \/>\nPosebna konstrukcija svrdla omogu\u0107uje istovremeno bu\u0161enje rupe i glodanje prostora za upu\u0161tenu glavu, odnosno vijak\/\u0161araf za monta\u017eu namje\u0161taja.<br \/>\nObi\u010dno konfirmat ima udubljenje u glavi za imbus klju\u010d tipa HEX.<br \/>\nZahvaljuju\u0107i ovom rje\u0161enju, mo\u017eete sigurno spojiti plo\u010de namje\u0161taja uz odr\u017eavanje dobre ravnine i bez elemenata koji str\u0161e iznad povr\u0161ine plo\u010de.<br \/>\nDubina rupe se pode\u0161ava odvrtanjem vijka koji se suprotstavlja glodaju\u0107em dijelu svrdla.<br \/>\nNakon \u0161to ga postavite na \u017eeljenu visinu, ponovno ga pokrenite.<br \/>\nTo vam omogu\u0107uje pode\u0161avanje dubine bu\u0161enja u rasponu od 30-45 mm.<br \/>\nSvrdlo je dizajnirano\u00a0 za bu\u0161enje u drvu i materijalima na bazi drva kao \u0161to su plo\u010de za namje\u0161taj.<\/p>\n","protected":false},"featured_media":22864,"comment_status":"open","ping_status":"closed","template":"","meta":[],"product_brand":[350],"product_cat":[110],"product_tag":[],"class_list":{"0":"post-22860","1":"product","2":"type-product","3":"status-publish","4":"has-post-thumbnail","6":"product_brand-dedra","7":"product_cat-alati-pribor","9":"first","10":"instock","11":"shipping-taxable","12":"purchasable","13":"product-type-variable"},"yoast_head":"<!-- This site is optimized with the Yoast SEO plugin v27.2 - https:\/\/yoast.com\/product\/yoast-seo-wordpress\/ -->\n<title>Svrdlo za konfirmat vijak HSS 3,5mm 4,5mm 5mm - BauWeb<\/title>\n<meta name=\"description\" content=\"Potra\u017eite \u0161iroki izbor alata i materijala za profesionalne gra\u0111evinske radove. Istra\u017ei Bauweb ponudu i kupuj uz odli\u010dne popuste.\" \/>\n<meta name=\"robots\" content=\"index, follow, max-snippet:-1, max-image-preview:large, max-video-preview:-1\" \/>\n<link rel=\"canonical\" href=\"https:\/\/bauweb.hr\/index.php\/product\/svrdlo-za-konfirmat-vijak-hss-35mm-45mm-5mm\/\" \/>\n<meta property=\"og:locale\" content=\"hr_HR\" \/>\n<meta property=\"og:type\" content=\"article\" \/>\n<meta property=\"og:title\" content=\"Svrdlo za konfirmat vijak HSS 3,5mm 4,5mm 5mm - BauWeb\" \/>\n<meta property=\"og:description\" content=\"Potra\u017eite \u0161iroki izbor alata i materijala za profesionalne gra\u0111evinske radove. Istra\u017ei Bauweb ponudu i kupuj uz odli\u010dne popuste.\" \/>\n<meta property=\"og:url\" content=\"https:\/\/bauweb.hr\/index.php\/product\/svrdlo-za-konfirmat-vijak-hss-35mm-45mm-5mm\/\" \/>\n<meta property=\"og:site_name\" content=\"BauWeb\" \/>\n<meta property=\"article:publisher\" content=\"https:\/\/facebook.com\/bauweb00\" \/>\n<meta property=\"article:modified_time\" content=\"2024-12-12T10:54:43+00:00\" \/>\n<meta property=\"og:image\" content=\"https:\/\/bauweb.hr\/wp-content\/uploads\/2024\/07\/svrdlo_za_konfirmat.jpg\" \/>\n\t<meta property=\"og:image:width\" content=\"690\" \/>\n\t<meta property=\"og:image:height\" content=\"690\" \/>\n\t<meta property=\"og:image:type\" content=\"image\/jpeg\" \/>\n<meta name=\"twitter:card\" content=\"summary_large_image\" \/>\n<meta name=\"twitter:label1\" content=\"Procijenjeno vrijeme \u010ditanja\" \/>\n\t<meta name=\"twitter:data1\" content=\"2 minute\" \/>\n<script type=\"application\/ld+json\" class=\"yoast-schema-graph\">{\"@context\":\"https:\/\/schema.org\",\"@graph\":[{\"@type\":\"WebPage\",\"@id\":\"https:\/\/bauweb.hr\/index.php\/product\/svrdlo-za-konfirmat-vijak-hss-35mm-45mm-5mm\/\",\"url\":\"https:\/\/bauweb.hr\/index.php\/product\/svrdlo-za-konfirmat-vijak-hss-35mm-45mm-5mm\/\",\"name\":\"Svrdlo za konfirmat vijak HSS 3,5mm 4,5mm 5mm - BauWeb\",\"isPartOf\":{\"@id\":\"https:\/\/bauweb.hr\/#website\"},\"primaryImageOfPage\":{\"@id\":\"https:\/\/bauweb.hr\/index.php\/product\/svrdlo-za-konfirmat-vijak-hss-35mm-45mm-5mm\/#primaryimage\"},\"image\":{\"@id\":\"https:\/\/bauweb.hr\/index.php\/product\/svrdlo-za-konfirmat-vijak-hss-35mm-45mm-5mm\/#primaryimage\"},\"thumbnailUrl\":\"https:\/\/bauweb.hr\/wp-content\/uploads\/2024\/07\/svrdlo_za_konfirmat.jpg\",\"datePublished\":\"2024-07-15T12:33:54+00:00\",\"dateModified\":\"2024-12-12T10:54:43+00:00\",\"description\":\"Potra\u017eite \u0161iroki izbor alata i materijala za profesionalne gra\u0111evinske radove. Istra\u017ei Bauweb ponudu i kupuj uz odli\u010dne popuste.\",\"breadcrumb\":{\"@id\":\"https:\/\/bauweb.hr\/index.php\/product\/svrdlo-za-konfirmat-vijak-hss-35mm-45mm-5mm\/#breadcrumb\"},\"inLanguage\":\"hr\",\"potentialAction\":[{\"@type\":\"ReadAction\",\"target\":[\"https:\/\/bauweb.hr\/index.php\/product\/svrdlo-za-konfirmat-vijak-hss-35mm-45mm-5mm\/\"]}]},{\"@type\":\"ImageObject\",\"inLanguage\":\"hr\",\"@id\":\"https:\/\/bauweb.hr\/index.php\/product\/svrdlo-za-konfirmat-vijak-hss-35mm-45mm-5mm\/#primaryimage\",\"url\":\"https:\/\/bauweb.hr\/wp-content\/uploads\/2024\/07\/svrdlo_za_konfirmat.jpg\",\"contentUrl\":\"https:\/\/bauweb.hr\/wp-content\/uploads\/2024\/07\/svrdlo_za_konfirmat.jpg\",\"width\":690,\"height\":690},{\"@type\":\"BreadcrumbList\",\"@id\":\"https:\/\/bauweb.hr\/index.php\/product\/svrdlo-za-konfirmat-vijak-hss-35mm-45mm-5mm\/#breadcrumb\",\"itemListElement\":[{\"@type\":\"ListItem\",\"position\":1,\"name\":\"Po\u010detna stranica\",\"item\":\"https:\/\/bauweb.hr\/\"},{\"@type\":\"ListItem\",\"position\":2,\"name\":\"Shop\",\"item\":\"https:\/\/bauweb.hr\/index.php\/shop-wooshop-v1\/\"},{\"@type\":\"ListItem\",\"position\":3,\"name\":\"Svrdlo za konfirmat vijak HSS 3,5mm 4,5mm 5mm\"}]},{\"@type\":\"WebSite\",\"@id\":\"https:\/\/bauweb.hr\/#website\",\"url\":\"https:\/\/bauweb.hr\/\",\"name\":\"BauWeb\",\"description\":\"Za prave majstore\",\"publisher\":{\"@id\":\"https:\/\/bauweb.hr\/#organization\"},\"alternateName\":\"BauWeb\",\"potentialAction\":[{\"@type\":\"SearchAction\",\"target\":{\"@type\":\"EntryPoint\",\"urlTemplate\":\"https:\/\/bauweb.hr\/?s={search_term_string}\"},\"query-input\":{\"@type\":\"PropertyValueSpecification\",\"valueRequired\":true,\"valueName\":\"search_term_string\"}}],\"inLanguage\":\"hr\"},{\"@type\":\"Organization\",\"@id\":\"https:\/\/bauweb.hr\/#organization\",\"name\":\"Hobi dom d.o.o.\",\"url\":\"https:\/\/bauweb.hr\/\",\"logo\":{\"@type\":\"ImageObject\",\"inLanguage\":\"hr\",\"@id\":\"https:\/\/bauweb.hr\/#\/schema\/logo\/image\/\",\"url\":\"https:\/\/bauweb.hr\/wp-content\/uploads\/2023\/01\/Bauweb_logo-01.png\",\"contentUrl\":\"https:\/\/bauweb.hr\/wp-content\/uploads\/2023\/01\/Bauweb_logo-01.png\",\"width\":842,\"height\":596,\"caption\":\"Hobi dom d.o.o.\"},\"image\":{\"@id\":\"https:\/\/bauweb.hr\/#\/schema\/logo\/image\/\"},\"sameAs\":[\"https:\/\/facebook.com\/bauweb00\",\"https:\/\/instagram.com\/bauweb_shop\"]}]}<\/script>\n<!-- \/ Yoast SEO plugin. -->","yoast_head_json":{"title":"Svrdlo za konfirmat vijak HSS 3,5mm 4,5mm 5mm - BauWeb","description":"Potra\u017eite \u0161iroki izbor alata i materijala za profesionalne gra\u0111evinske radove. Istra\u017ei Bauweb ponudu i kupuj uz odli\u010dne popuste.","robots":{"index":"index","follow":"follow","max-snippet":"max-snippet:-1","max-image-preview":"max-image-preview:large","max-video-preview":"max-video-preview:-1"},"canonical":"https:\/\/bauweb.hr\/index.php\/product\/svrdlo-za-konfirmat-vijak-hss-35mm-45mm-5mm\/","og_locale":"hr_HR","og_type":"article","og_title":"Svrdlo za konfirmat vijak HSS 3,5mm 4,5mm 5mm - BauWeb","og_description":"Potra\u017eite \u0161iroki izbor alata i materijala za profesionalne gra\u0111evinske radove. Istra\u017ei Bauweb ponudu i kupuj uz odli\u010dne popuste.","og_url":"https:\/\/bauweb.hr\/index.php\/product\/svrdlo-za-konfirmat-vijak-hss-35mm-45mm-5mm\/","og_site_name":"BauWeb","article_publisher":"https:\/\/facebook.com\/bauweb00","article_modified_time":"2024-12-12T10:54:43+00:00","og_image":[{"width":690,"height":690,"url":"https:\/\/bauweb.hr\/wp-content\/uploads\/2024\/07\/svrdlo_za_konfirmat.jpg","type":"image\/jpeg"}],"twitter_card":"summary_large_image","twitter_misc":{"Procijenjeno vrijeme \u010ditanja":"2 minute"},"schema":{"@context":"https:\/\/schema.org","@graph":[{"@type":"WebPage","@id":"https:\/\/bauweb.hr\/index.php\/product\/svrdlo-za-konfirmat-vijak-hss-35mm-45mm-5mm\/","url":"https:\/\/bauweb.hr\/index.php\/product\/svrdlo-za-konfirmat-vijak-hss-35mm-45mm-5mm\/","name":"Svrdlo za konfirmat vijak HSS 3,5mm 4,5mm 5mm - BauWeb","isPartOf":{"@id":"https:\/\/bauweb.hr\/#website"},"primaryImageOfPage":{"@id":"https:\/\/bauweb.hr\/index.php\/product\/svrdlo-za-konfirmat-vijak-hss-35mm-45mm-5mm\/#primaryimage"},"image":{"@id":"https:\/\/bauweb.hr\/index.php\/product\/svrdlo-za-konfirmat-vijak-hss-35mm-45mm-5mm\/#primaryimage"},"thumbnailUrl":"https:\/\/bauweb.hr\/wp-content\/uploads\/2024\/07\/svrdlo_za_konfirmat.jpg","datePublished":"2024-07-15T12:33:54+00:00","dateModified":"2024-12-12T10:54:43+00:00","description":"Potra\u017eite \u0161iroki izbor alata i materijala za profesionalne gra\u0111evinske radove. Istra\u017ei Bauweb ponudu i kupuj uz odli\u010dne popuste.","breadcrumb":{"@id":"https:\/\/bauweb.hr\/index.php\/product\/svrdlo-za-konfirmat-vijak-hss-35mm-45mm-5mm\/#breadcrumb"},"inLanguage":"hr","potentialAction":[{"@type":"ReadAction","target":["https:\/\/bauweb.hr\/index.php\/product\/svrdlo-za-konfirmat-vijak-hss-35mm-45mm-5mm\/"]}]},{"@type":"ImageObject","inLanguage":"hr","@id":"https:\/\/bauweb.hr\/index.php\/product\/svrdlo-za-konfirmat-vijak-hss-35mm-45mm-5mm\/#primaryimage","url":"https:\/\/bauweb.hr\/wp-content\/uploads\/2024\/07\/svrdlo_za_konfirmat.jpg","contentUrl":"https:\/\/bauweb.hr\/wp-content\/uploads\/2024\/07\/svrdlo_za_konfirmat.jpg","width":690,"height":690},{"@type":"BreadcrumbList","@id":"https:\/\/bauweb.hr\/index.php\/product\/svrdlo-za-konfirmat-vijak-hss-35mm-45mm-5mm\/#breadcrumb","itemListElement":[{"@type":"ListItem","position":1,"name":"Po\u010detna stranica","item":"https:\/\/bauweb.hr\/"},{"@type":"ListItem","position":2,"name":"Shop","item":"https:\/\/bauweb.hr\/index.php\/shop-wooshop-v1\/"},{"@type":"ListItem","position":3,"name":"Svrdlo za konfirmat vijak HSS 3,5mm 4,5mm 5mm"}]},{"@type":"WebSite","@id":"https:\/\/bauweb.hr\/#website","url":"https:\/\/bauweb.hr\/","name":"BauWeb","description":"Za prave majstore","publisher":{"@id":"https:\/\/bauweb.hr\/#organization"},"alternateName":"BauWeb","potentialAction":[{"@type":"SearchAction","target":{"@type":"EntryPoint","urlTemplate":"https:\/\/bauweb.hr\/?s={search_term_string}"},"query-input":{"@type":"PropertyValueSpecification","valueRequired":true,"valueName":"search_term_string"}}],"inLanguage":"hr"},{"@type":"Organization","@id":"https:\/\/bauweb.hr\/#organization","name":"Hobi dom d.o.o.","url":"https:\/\/bauweb.hr\/","logo":{"@type":"ImageObject","inLanguage":"hr","@id":"https:\/\/bauweb.hr\/#\/schema\/logo\/image\/","url":"https:\/\/bauweb.hr\/wp-content\/uploads\/2023\/01\/Bauweb_logo-01.png","contentUrl":"https:\/\/bauweb.hr\/wp-content\/uploads\/2023\/01\/Bauweb_logo-01.png","width":842,"height":596,"caption":"Hobi dom d.o.o."},"image":{"@id":"https:\/\/bauweb.hr\/#\/schema\/logo\/image\/"},"sameAs":["https:\/\/facebook.com\/bauweb00","https:\/\/instagram.com\/bauweb_shop"]}]}},"_links":{"self":[{"href":"https:\/\/bauweb.hr\/index.php\/wp-json\/wp\/v2\/product\/22860","targetHints":{"allow":["GET"]}}],"collection":[{"href":"https:\/\/bauweb.hr\/index.php\/wp-json\/wp\/v2\/product"}],"about":[{"href":"https:\/\/bauweb.hr\/index.php\/wp-json\/wp\/v2\/types\/product"}],"replies":[{"embeddable":true,"href":"https:\/\/bauweb.hr\/index.php\/wp-json\/wp\/v2\/comments?post=22860"}],"wp:featuredmedia":[{"embeddable":true,"href":"https:\/\/bauweb.hr\/index.php\/wp-json\/wp\/v2\/media\/22864"}],"wp:attachment":[{"href":"https:\/\/bauweb.hr\/index.php\/wp-json\/wp\/v2\/media?parent=22860"}],"wp:term":[{"taxonomy":"product_brand","embeddable":true,"href":"https:\/\/bauweb.hr\/index.php\/wp-json\/wp\/v2\/product_brand?post=22860"},{"taxonomy":"product_cat","embeddable":true,"href":"https:\/\/bauweb.hr\/index.php\/wp-json\/wp\/v2\/product_cat?post=22860"},{"taxonomy":"product_tag","embeddable":true,"href":"https:\/\/bauweb.hr\/index.php\/wp-json\/wp\/v2\/product_tag?post=22860"}],"curies":[{"name":"wp","href":"https:\/\/api.w.org\/{rel}","templated":true}]}}