{"id":22921,"date":"2024-07-23T12:34:54","date_gmt":"2024-07-23T10:34:54","guid":{"rendered":"https:\/\/bauweb.hr\/?post_type=product&#038;p=22921"},"modified":"2025-01-24T11:27:48","modified_gmt":"2025-01-24T10:27:48","slug":"mjerac-intenziteta-svjetlosti-lux-metar","status":"publish","type":"product","link":"https:\/\/bauweb.hr\/index.php\/product\/mjerac-intenziteta-svjetlosti-lux-metar\/","title":{"rendered":"Mjera\u010d intenziteta svjetlosti-lux metar"},"content":{"rendered":"<h2>DEDRA MC0955 mjera\u010d intenziteta svjetlosti je alat koji se koristi u raznim podru\u010djima gdje je kontrola rasvjete klju\u010dna za radnu u\u010dinkovitost, kvalitetu proizvoda i op\u0107u udobnost \u017eivota.<\/h2>\n<p>Pru\u017ea neprocjenjivu podr\u0161ku u industrijama kao \u0161to su gra\u0111evinarstvo, arhitektura, fotografija i in\u017eenjerstvo za\u0161tite okoli\u0161a. Korisnost ovog alata ne uklju\u010duje samo pra\u0107enje uvjeta osvjetljenja, ve\u0107 i precizno mjerenje temperature u razli\u010ditim okru\u017eenjima, \u0161to ga \u010dini jo\u0161 funkcionalnijim, pro\u0161iruju\u0107i njegovu primjenu.<\/p>\n<p>Funkcija zadr\u017eavanja podataka u mjera\u010du olak\u0161ava analizu rezultata dopu\u0161taju\u0107i vam da zaustavite i prika\u017eete trenutno mjerenje. Indikator razine baterije omogu\u0107uje kontrolu rada ure\u0111aja i eliminira rizik od naglog pra\u017enjenja energije potrebne za njegov rad. Visoka memorija mjerenja omogu\u0107uje vam spremanje do 1000 rezultata, \u0161to je posebno korisno u okru\u017eenjima gdje postoji potreba za pra\u0107enjem dugoro\u010dnih promjena u razini svjetline. Funkcija automatskog isklju\u010divanja nakon 15 minuta podr\u017eava u\u010dinkovito upravljanje energijom, poma\u017eu\u0107i produ\u017eiti trajanje baterije.<\/p>\n<p>Mjera\u010d se napaja s tri AAA baterije, a njegove kompaktne dimenzije i mala te\u017eina \u010dine ga prakti\u010dnim i prakti\u010dnim ure\u0111ajem. Ure\u0111aj je dizajniran za rad sa standardnim \u00bc&#8221; stativom.<\/p>\n<p>&nbsp;<\/p>\n<p><strong>Zna\u010dajke DEDRA MC0955 mjera\u010da intenziteta svjetlosti:<\/strong><\/p>\n<ul>\n<li>Indikator prazne baterije &#8211; kontrola vremena rada ure\u0111aja<\/li>\n<li>Data Hold &#8211; zaustavljanje trenutnog mjerenja<\/li>\n<li>Dodatne funkcije &#8211; najve\u0107a vrijednost mjerenja struje (MAX), najni\u017ea vrijednost mjerenja struje (MIN), automatsko i ru\u010dno snimanje podataka<\/li>\n<li>Visoka memorija mjerenja &#8211; do 1000 zapisa<\/li>\n<li>Automatsko isklju\u010divanje [15 min] &#8211; \u0161tedi bateriju<\/li>\n<\/ul>\n<p><strong>Tehni\u010dki podaci DEDRA MC0955 mjera\u010da intenziteta svjetlosti:<\/strong><\/p>\n<ul>\n<li>Primjena: za snimanje razine svjetline osvjetljenja, dodatno &#8211; za mjerenje temperature okoline<\/li>\n<li>Vrsta zaslona: LCD s pozadinskim osvjetljenjem<\/li>\n<li>Veli\u010dina navoja stativa: 1\/4&#8243; (6,35 mm)<\/li>\n<li>Raspon radne temperature: 0~40\u02daC<\/li>\n<li>Raspon mjerenja temperature: -9,9~ +49,9\u02daC<\/li>\n<li>Raspon mjerenja intenziteta svjetlosti: 0~200 000 Lux<\/li>\n<li>To\u010dnost mjerenja temperature: \u00b11\u02daC<\/li>\n<li>Preciznost mjerenja intenziteta svjetla: \u00b13% (&lt;10.000 lx), \u00b14% (&gt;10.000 lx)<\/li>\n<li>Mjerne jedinice: lx, fx, \u00b0C, \u00b0F<\/li>\n<li>Temperatura skladi\u0161tenja: -10 ~ +50 \u02daC<\/li>\n<li>Napajanje: 3&#215;1,5V; AAA<\/li>\n<li>Dimenzije: 56x93x36 mm<\/li>\n<li>Te\u017eina: 160 g (bez baterije)<\/li>\n<\/ul>\n<p><strong>Uklju\u010deno:<\/strong><\/p>\n<ul>\n<li>Mjera\u010d intenziteta svjetla (1 kom)<\/li>\n<li>Baterije (3xAAA)<\/li>\n<li>Korisni\u010dki priru\u010dnik<\/li>\n<\/ul>\n","protected":false},"excerpt":{"rendered":"<p>Pru\u017ea neprocjenjivu podr\u0161ku u industrijama kao \u0161to su gra\u0111evinarstvo, arhitektura, fotografija i in\u017eenjerstvo za\u0161tite okoli\u0161a. Korisnost ovog alata ne uklju\u010duje samo pra\u0107enje uvjeta osvjetljenja, ve\u0107 i precizno mjerenje temperature u razli\u010ditim okru\u017eenjima, \u0161to ga \u010dini jo\u0161 funkcionalnijim, pro\u0161iruju\u0107i njegovu primjenu.<\/p>\n<p>Funkcija zadr\u017eavanja podataka u mjera\u010du olak\u0161ava analizu rezultata dopu\u0161taju\u0107i vam da zaustavite i prika\u017eete trenutno mjerenje. Indikator razine baterije omogu\u0107uje kontrolu rada ure\u0111aja i eliminira rizik od naglog pra\u017enjenja energije potrebne za njegov rad. Visoka memorija mjerenja omogu\u0107uje vam spremanje do 1000 rezultata, \u0161to je posebno korisno u okru\u017eenjima gdje postoji potreba za pra\u0107enjem dugoro\u010dnih promjena u razini svjetline. Funkcija automatskog isklju\u010divanja nakon 15 minuta podr\u017eava u\u010dinkovito upravljanje energijom, poma\u017eu\u0107i produ\u017eiti trajanje baterije.<\/p>\n","protected":false},"featured_media":22922,"comment_status":"open","ping_status":"closed","template":"","meta":[],"product_brand":[350],"product_cat":[110],"product_tag":[],"class_list":{"0":"post-22921","1":"product","2":"type-product","3":"status-publish","4":"has-post-thumbnail","6":"product_brand-dedra","7":"product_cat-alati-pribor","9":"first","10":"instock","11":"shipping-taxable","12":"purchasable","13":"product-type-simple"},"yoast_head":"<!-- This site is optimized with the Yoast SEO plugin v27.2 - https:\/\/yoast.com\/product\/yoast-seo-wordpress\/ -->\n<title>Mjera\u010d intenziteta svjetlosti-lux metar - BauWeb<\/title>\n<meta name=\"description\" content=\"Potra\u017eite \u0161iroki izbor alata i materijala za profesionalne gra\u0111evinske radove. Istra\u017ei Bauweb ponudu i kupuj uz odli\u010dne popuste.\" \/>\n<meta name=\"robots\" content=\"index, follow, max-snippet:-1, max-image-preview:large, max-video-preview:-1\" \/>\n<link rel=\"canonical\" href=\"https:\/\/bauweb.hr\/index.php\/product\/mjerac-intenziteta-svjetlosti-lux-metar\/\" \/>\n<meta property=\"og:locale\" content=\"hr_HR\" \/>\n<meta property=\"og:type\" content=\"article\" \/>\n<meta property=\"og:title\" content=\"Mjera\u010d intenziteta svjetlosti-lux metar - BauWeb\" \/>\n<meta property=\"og:description\" content=\"Potra\u017eite \u0161iroki izbor alata i materijala za profesionalne gra\u0111evinske radove. Istra\u017ei Bauweb ponudu i kupuj uz odli\u010dne popuste.\" \/>\n<meta property=\"og:url\" content=\"https:\/\/bauweb.hr\/index.php\/product\/mjerac-intenziteta-svjetlosti-lux-metar\/\" \/>\n<meta property=\"og:site_name\" content=\"BauWeb\" \/>\n<meta property=\"article:publisher\" content=\"https:\/\/facebook.com\/bauweb00\" \/>\n<meta property=\"article:modified_time\" content=\"2025-01-24T10:27:48+00:00\" \/>\n<meta property=\"og:image\" content=\"https:\/\/bauweb.hr\/wp-content\/uploads\/2024\/07\/mc0955.jpg\" \/>\n\t<meta property=\"og:image:width\" content=\"690\" \/>\n\t<meta property=\"og:image:height\" content=\"690\" \/>\n\t<meta property=\"og:image:type\" content=\"image\/jpeg\" \/>\n<meta name=\"twitter:card\" content=\"summary_large_image\" \/>\n<meta name=\"twitter:label1\" content=\"Procijenjeno vrijeme \u010ditanja\" \/>\n\t<meta name=\"twitter:data1\" content=\"2 minute\" \/>\n<script type=\"application\/ld+json\" class=\"yoast-schema-graph\">{\"@context\":\"https:\/\/schema.org\",\"@graph\":[{\"@type\":\"WebPage\",\"@id\":\"https:\/\/bauweb.hr\/index.php\/product\/mjerac-intenziteta-svjetlosti-lux-metar\/\",\"url\":\"https:\/\/bauweb.hr\/index.php\/product\/mjerac-intenziteta-svjetlosti-lux-metar\/\",\"name\":\"Mjera\u010d intenziteta svjetlosti-lux metar - BauWeb\",\"isPartOf\":{\"@id\":\"https:\/\/bauweb.hr\/#website\"},\"primaryImageOfPage\":{\"@id\":\"https:\/\/bauweb.hr\/index.php\/product\/mjerac-intenziteta-svjetlosti-lux-metar\/#primaryimage\"},\"image\":{\"@id\":\"https:\/\/bauweb.hr\/index.php\/product\/mjerac-intenziteta-svjetlosti-lux-metar\/#primaryimage\"},\"thumbnailUrl\":\"https:\/\/bauweb.hr\/wp-content\/uploads\/2024\/07\/mc0955.jpg\",\"datePublished\":\"2024-07-23T10:34:54+00:00\",\"dateModified\":\"2025-01-24T10:27:48+00:00\",\"description\":\"Potra\u017eite \u0161iroki izbor alata i materijala za profesionalne gra\u0111evinske radove. Istra\u017ei Bauweb ponudu i kupuj uz odli\u010dne popuste.\",\"breadcrumb\":{\"@id\":\"https:\/\/bauweb.hr\/index.php\/product\/mjerac-intenziteta-svjetlosti-lux-metar\/#breadcrumb\"},\"inLanguage\":\"hr\",\"potentialAction\":[{\"@type\":\"ReadAction\",\"target\":[\"https:\/\/bauweb.hr\/index.php\/product\/mjerac-intenziteta-svjetlosti-lux-metar\/\"]}]},{\"@type\":\"ImageObject\",\"inLanguage\":\"hr\",\"@id\":\"https:\/\/bauweb.hr\/index.php\/product\/mjerac-intenziteta-svjetlosti-lux-metar\/#primaryimage\",\"url\":\"https:\/\/bauweb.hr\/wp-content\/uploads\/2024\/07\/mc0955.jpg\",\"contentUrl\":\"https:\/\/bauweb.hr\/wp-content\/uploads\/2024\/07\/mc0955.jpg\",\"width\":690,\"height\":690},{\"@type\":\"BreadcrumbList\",\"@id\":\"https:\/\/bauweb.hr\/index.php\/product\/mjerac-intenziteta-svjetlosti-lux-metar\/#breadcrumb\",\"itemListElement\":[{\"@type\":\"ListItem\",\"position\":1,\"name\":\"Po\u010detna stranica\",\"item\":\"https:\/\/bauweb.hr\/\"},{\"@type\":\"ListItem\",\"position\":2,\"name\":\"Shop\",\"item\":\"https:\/\/bauweb.hr\/index.php\/shop-wooshop-v1\/\"},{\"@type\":\"ListItem\",\"position\":3,\"name\":\"Mjera\u010d intenziteta svjetlosti-lux metar\"}]},{\"@type\":\"WebSite\",\"@id\":\"https:\/\/bauweb.hr\/#website\",\"url\":\"https:\/\/bauweb.hr\/\",\"name\":\"BauWeb\",\"description\":\"Za prave majstore\",\"publisher\":{\"@id\":\"https:\/\/bauweb.hr\/#organization\"},\"alternateName\":\"BauWeb\",\"potentialAction\":[{\"@type\":\"SearchAction\",\"target\":{\"@type\":\"EntryPoint\",\"urlTemplate\":\"https:\/\/bauweb.hr\/?s={search_term_string}\"},\"query-input\":{\"@type\":\"PropertyValueSpecification\",\"valueRequired\":true,\"valueName\":\"search_term_string\"}}],\"inLanguage\":\"hr\"},{\"@type\":\"Organization\",\"@id\":\"https:\/\/bauweb.hr\/#organization\",\"name\":\"Hobi dom d.o.o.\",\"url\":\"https:\/\/bauweb.hr\/\",\"logo\":{\"@type\":\"ImageObject\",\"inLanguage\":\"hr\",\"@id\":\"https:\/\/bauweb.hr\/#\/schema\/logo\/image\/\",\"url\":\"https:\/\/bauweb.hr\/wp-content\/uploads\/2023\/01\/Bauweb_logo-01.png\",\"contentUrl\":\"https:\/\/bauweb.hr\/wp-content\/uploads\/2023\/01\/Bauweb_logo-01.png\",\"width\":842,\"height\":596,\"caption\":\"Hobi dom d.o.o.\"},\"image\":{\"@id\":\"https:\/\/bauweb.hr\/#\/schema\/logo\/image\/\"},\"sameAs\":[\"https:\/\/facebook.com\/bauweb00\",\"https:\/\/instagram.com\/bauweb_shop\"]}]}<\/script>\n<!-- \/ Yoast SEO plugin. -->","yoast_head_json":{"title":"Mjera\u010d intenziteta svjetlosti-lux metar - BauWeb","description":"Potra\u017eite \u0161iroki izbor alata i materijala za profesionalne gra\u0111evinske radove. Istra\u017ei Bauweb ponudu i kupuj uz odli\u010dne popuste.","robots":{"index":"index","follow":"follow","max-snippet":"max-snippet:-1","max-image-preview":"max-image-preview:large","max-video-preview":"max-video-preview:-1"},"canonical":"https:\/\/bauweb.hr\/index.php\/product\/mjerac-intenziteta-svjetlosti-lux-metar\/","og_locale":"hr_HR","og_type":"article","og_title":"Mjera\u010d intenziteta svjetlosti-lux metar - BauWeb","og_description":"Potra\u017eite \u0161iroki izbor alata i materijala za profesionalne gra\u0111evinske radove. Istra\u017ei Bauweb ponudu i kupuj uz odli\u010dne popuste.","og_url":"https:\/\/bauweb.hr\/index.php\/product\/mjerac-intenziteta-svjetlosti-lux-metar\/","og_site_name":"BauWeb","article_publisher":"https:\/\/facebook.com\/bauweb00","article_modified_time":"2025-01-24T10:27:48+00:00","og_image":[{"width":690,"height":690,"url":"https:\/\/bauweb.hr\/wp-content\/uploads\/2024\/07\/mc0955.jpg","type":"image\/jpeg"}],"twitter_card":"summary_large_image","twitter_misc":{"Procijenjeno vrijeme \u010ditanja":"2 minute"},"schema":{"@context":"https:\/\/schema.org","@graph":[{"@type":"WebPage","@id":"https:\/\/bauweb.hr\/index.php\/product\/mjerac-intenziteta-svjetlosti-lux-metar\/","url":"https:\/\/bauweb.hr\/index.php\/product\/mjerac-intenziteta-svjetlosti-lux-metar\/","name":"Mjera\u010d intenziteta svjetlosti-lux metar - BauWeb","isPartOf":{"@id":"https:\/\/bauweb.hr\/#website"},"primaryImageOfPage":{"@id":"https:\/\/bauweb.hr\/index.php\/product\/mjerac-intenziteta-svjetlosti-lux-metar\/#primaryimage"},"image":{"@id":"https:\/\/bauweb.hr\/index.php\/product\/mjerac-intenziteta-svjetlosti-lux-metar\/#primaryimage"},"thumbnailUrl":"https:\/\/bauweb.hr\/wp-content\/uploads\/2024\/07\/mc0955.jpg","datePublished":"2024-07-23T10:34:54+00:00","dateModified":"2025-01-24T10:27:48+00:00","description":"Potra\u017eite \u0161iroki izbor alata i materijala za profesionalne gra\u0111evinske radove. Istra\u017ei Bauweb ponudu i kupuj uz odli\u010dne popuste.","breadcrumb":{"@id":"https:\/\/bauweb.hr\/index.php\/product\/mjerac-intenziteta-svjetlosti-lux-metar\/#breadcrumb"},"inLanguage":"hr","potentialAction":[{"@type":"ReadAction","target":["https:\/\/bauweb.hr\/index.php\/product\/mjerac-intenziteta-svjetlosti-lux-metar\/"]}]},{"@type":"ImageObject","inLanguage":"hr","@id":"https:\/\/bauweb.hr\/index.php\/product\/mjerac-intenziteta-svjetlosti-lux-metar\/#primaryimage","url":"https:\/\/bauweb.hr\/wp-content\/uploads\/2024\/07\/mc0955.jpg","contentUrl":"https:\/\/bauweb.hr\/wp-content\/uploads\/2024\/07\/mc0955.jpg","width":690,"height":690},{"@type":"BreadcrumbList","@id":"https:\/\/bauweb.hr\/index.php\/product\/mjerac-intenziteta-svjetlosti-lux-metar\/#breadcrumb","itemListElement":[{"@type":"ListItem","position":1,"name":"Po\u010detna stranica","item":"https:\/\/bauweb.hr\/"},{"@type":"ListItem","position":2,"name":"Shop","item":"https:\/\/bauweb.hr\/index.php\/shop-wooshop-v1\/"},{"@type":"ListItem","position":3,"name":"Mjera\u010d intenziteta svjetlosti-lux metar"}]},{"@type":"WebSite","@id":"https:\/\/bauweb.hr\/#website","url":"https:\/\/bauweb.hr\/","name":"BauWeb","description":"Za prave majstore","publisher":{"@id":"https:\/\/bauweb.hr\/#organization"},"alternateName":"BauWeb","potentialAction":[{"@type":"SearchAction","target":{"@type":"EntryPoint","urlTemplate":"https:\/\/bauweb.hr\/?s={search_term_string}"},"query-input":{"@type":"PropertyValueSpecification","valueRequired":true,"valueName":"search_term_string"}}],"inLanguage":"hr"},{"@type":"Organization","@id":"https:\/\/bauweb.hr\/#organization","name":"Hobi dom d.o.o.","url":"https:\/\/bauweb.hr\/","logo":{"@type":"ImageObject","inLanguage":"hr","@id":"https:\/\/bauweb.hr\/#\/schema\/logo\/image\/","url":"https:\/\/bauweb.hr\/wp-content\/uploads\/2023\/01\/Bauweb_logo-01.png","contentUrl":"https:\/\/bauweb.hr\/wp-content\/uploads\/2023\/01\/Bauweb_logo-01.png","width":842,"height":596,"caption":"Hobi dom d.o.o."},"image":{"@id":"https:\/\/bauweb.hr\/#\/schema\/logo\/image\/"},"sameAs":["https:\/\/facebook.com\/bauweb00","https:\/\/instagram.com\/bauweb_shop"]}]}},"_links":{"self":[{"href":"https:\/\/bauweb.hr\/index.php\/wp-json\/wp\/v2\/product\/22921","targetHints":{"allow":["GET"]}}],"collection":[{"href":"https:\/\/bauweb.hr\/index.php\/wp-json\/wp\/v2\/product"}],"about":[{"href":"https:\/\/bauweb.hr\/index.php\/wp-json\/wp\/v2\/types\/product"}],"replies":[{"embeddable":true,"href":"https:\/\/bauweb.hr\/index.php\/wp-json\/wp\/v2\/comments?post=22921"}],"wp:featuredmedia":[{"embeddable":true,"href":"https:\/\/bauweb.hr\/index.php\/wp-json\/wp\/v2\/media\/22922"}],"wp:attachment":[{"href":"https:\/\/bauweb.hr\/index.php\/wp-json\/wp\/v2\/media?parent=22921"}],"wp:term":[{"taxonomy":"product_brand","embeddable":true,"href":"https:\/\/bauweb.hr\/index.php\/wp-json\/wp\/v2\/product_brand?post=22921"},{"taxonomy":"product_cat","embeddable":true,"href":"https:\/\/bauweb.hr\/index.php\/wp-json\/wp\/v2\/product_cat?post=22921"},{"taxonomy":"product_tag","embeddable":true,"href":"https:\/\/bauweb.hr\/index.php\/wp-json\/wp\/v2\/product_tag?post=22921"}],"curies":[{"name":"wp","href":"https:\/\/api.w.org\/{rel}","templated":true}]}}