{"id":22924,"date":"2024-07-23T12:42:37","date_gmt":"2024-07-23T10:42:37","guid":{"rendered":"https:\/\/bauweb.hr\/?post_type=product&#038;p=22924"},"modified":"2025-03-08T07:36:46","modified_gmt":"2025-03-08T06:36:46","slug":"mjerac-brzine-vjetra-dedra-mc0957-anemometar","status":"publish","type":"product","link":"https:\/\/bauweb.hr\/index.php\/product\/mjerac-brzine-vjetra-dedra-mc0957-anemometar\/","title":{"rendered":"Mjera\u010d brzine vjetra DEDRA MC0957-Anemometar"},"content":{"rendered":"<h2>Mjera\u010d brzine vjetra DEDRA MC0957 alat je koji se izme\u0111u ostalog koristi u energetici, meteorologiji, pomorstvu, gra\u0111evinarstvu, kao iu podru\u010djima vezanim uz sigurnost i ekstremne sportove.<\/h2>\n<p>Ove vrste mjernih alata mogu se koristiti za pra\u0107enje stanja mora, za procjenu utjecaja vjetra na gra\u0111evinske konstrukcije ili za mjerenje intenziteta vjetra tijekom sportskih natjecanja.<\/p>\n<p>Mjera\u010d MC0957, osim preciznog mjerenja brzine vjetra, ima mogu\u0107nost snimanja temperature okoline, \u0161to zna\u010dajno pro\u0161iruje opseg njegovih funkcija. Va\u017ena zna\u010dajka ovog ure\u0111aja je funkcija WIND CHILL, koja automatski uzima u obzir faktor hla\u0111enja vjetrom kada temperatura prije\u0111e 0\u02daC. Ako temperatura padne ispod te razine, mjera\u010d obavje\u0161tava korisnika da je tijekom mjerenja uzet u obzir utjecaj vjetra na toplinske osje\u0107aje. Zahvaljuju\u0107i ovoj funkciji, analiza rezultata mjerenja postaje uskla\u0111enija sa stvarnim vremenskim uvjetima, \u0161to ure\u0111aj \u010dini jo\u0161 pouzdanijim u pru\u017eanju preciznih podatak<\/p>\n<p>Dodatno, ure\u0111aj je opremljen cache memorijom koja omogu\u0107uje spremanje do 1000 rezultata mjerenja, indikatorom prazne baterije i sustavom za automatsko isklju\u010divanje nakon 10 minuta neaktivnosti.<br \/>\nMjera\u010d se napaja s tri AAA baterije, a njegove kompaktne dimenzije i mala te\u017eina \u010dine ga prakti\u010dnim i prakti\u010dnim ure\u0111ajem.<\/p>\n<p>Dizajniran je za rad sa standardnim \u00bc&#8221; stativom.<\/p>\n<p>&nbsp;<\/p>\n<p><strong>Zna\u010dajke DEDRA MC0957 mjera\u010da brzine vjetra:<\/strong><\/p>\n<ul>\n<li>Indikator prazne baterije &#8211; kontrola vremena rada ure\u0111aja<\/li>\n<li>Data Hold &#8211; zaustavljanje trenutnog mjerenja<\/li>\n<li>Wind Chill &#8211; ako temperatura zraka koji struji kroz senzor padne ispod 0\u02daC, ure\u0111aj \u0107e prikazati informaciju da je faktor hla\u0111enja vjetrom uzet u obzir pri mjerenju temperature<\/li>\n<li>Visoka memorija mjerenja &#8211; do 1000 zapisa<\/li>\n<li>Mehanizam za automatsko snimanje podataka koji eliminira potrebu za ru\u010dnim snimanjem<\/li>\n<li>Automatsko isklju\u010divanje [10 min] &#8211; \u0161tedi bateriju<\/li>\n<\/ul>\n<p><strong>Tehni\u010dki podaci DEDRA MC0957 mjera\u010da brzine vjetra:<\/strong><\/p>\n<ul>\n<li>Primjena: za snimanje brzine vjetra i temperature okoline<\/li>\n<li>Mjerne funkcije:\n<ul>\n<li>mjerenje temperature okoline<\/li>\n<li>najve\u0107a vrijednost mjerenja struje (MAX)<\/li>\n<li>prosje\u010dna vrijednost iz pribli\u017eno zadnjih 20 mjerenja<\/li>\n<\/ul>\n<\/li>\n<li>mjerenje temperature okoline<\/li>\n<li>najve\u0107a vrijednost mjerenja struje (MAX)<\/li>\n<li>prosje\u010dna vrijednost iz pribli\u017eno zadnjih 20 mjerenja<\/li>\n<li>vjetar hladno\u0107a<\/li>\n<li>Vrsta zaslona: LCD s pozadinskim osvjetljenjem<\/li>\n<li>Veli\u010dina navoja stativa: 1\/4&#8243; (6,35 mm)<\/li>\n<li>Raspon mjerenja temperature: -10~ +45\u02daC<\/li>\n<li>To\u010dnost mjerenja temperature: \u00b12\u02daC<\/li>\n<li>Mjerne jedinice: m\/s, ft\/min, \u010dvorovi, km\/h, mph, Beaufortova ljestvica, \u02daC, \u02daF<\/li>\n<li>Raspon mjerenja brzine zraka: 0~30 m\/s, 0~5860 ft\/min, 0~55 \u010dvorova, 0~90 km\/h, 0~65 mph<\/li>\n<li>Preciznost brzine zraka: \u00b15% \u00b10,1 m\/s, \u00b15% \u00b120 ft\/min, \u00b15% \u00b10,2 \u010dvorova, \u00b15% \u00b10,4 km\/h, \u00b15% \u00b10,2 mph<\/li>\n<li>Po\u010detni prag mjerenja: 0,3 m\/s, 60 ft\/min, 0,6 \u010dvorova, 1 km\/h, 0,7 mph<\/li>\n<li>Temperatura skladi\u0161tenja: -40\/+60 \u02daC<\/li>\n<li>Napajanje: 3&#215;1,5V; AAA<\/li>\n<li>Dimenzije: 56x93x36 mm<\/li>\n<li>Te\u017eina: 112 g (bez baterije)<\/li>\n<\/ul>\n<p><strong>Uklju\u010deno:<\/strong><\/p>\n<ul>\n<li>Mjera\u010d brzine vjetra (1 kom)<\/li>\n<li>Baterije (3xAAA)<\/li>\n<li>Korisni\u010dki priru\u010dnik<\/li>\n<\/ul>\n","protected":false},"excerpt":{"rendered":"<p>Mjera\u010d MC0957, osim preciznog mjerenja brzine vjetra, ima mogu\u0107nost snimanja temperature okoline, \u0161to zna\u010dajno pro\u0161iruje opseg njegovih funkcija. Va\u017ena zna\u010dajka ovog ure\u0111aja je funkcija WIND CHILL, koja automatski uzima u obzir faktor hla\u0111enja vjetrom kada temperatura prije\u0111e 0\u02daC. Ako temperatura padne ispod te razine, mjera\u010d obavje\u0161tava korisnika da je tijekom mjerenja uzet u obzir utjecaj vjetra na toplinske osje\u0107aje. Zahvaljuju\u0107i ovoj funkciji, analiza rezultata mjerenja postaje uskla\u0111enija sa stvarnim vremenskim uvjetima, \u0161to ure\u0111aj \u010dini jo\u0161 pouzdanijim u pru\u017eanju preciznih podata<\/p>\n","protected":false},"featured_media":22925,"comment_status":"open","ping_status":"closed","template":"","meta":[],"product_brand":[350],"product_cat":[110],"product_tag":[],"class_list":{"0":"post-22924","1":"product","2":"type-product","3":"status-publish","4":"has-post-thumbnail","6":"product_brand-dedra","7":"product_cat-alati-pribor","9":"first","10":"instock","11":"shipping-taxable","12":"purchasable","13":"product-type-simple"},"yoast_head":"<!-- This site is optimized with the Yoast SEO plugin v27.2 - https:\/\/yoast.com\/product\/yoast-seo-wordpress\/ -->\n<title>Mjera\u010d brzine vjetra DEDRA MC0957-Anemometar - BauWeb<\/title>\n<meta name=\"description\" content=\"Potra\u017eite \u0161iroki izbor alata i materijala za profesionalne gra\u0111evinske radove. Istra\u017ei Bauweb ponudu i kupuj uz odli\u010dne popuste.\" \/>\n<meta name=\"robots\" content=\"index, follow, max-snippet:-1, max-image-preview:large, max-video-preview:-1\" \/>\n<link rel=\"canonical\" href=\"https:\/\/bauweb.hr\/index.php\/product\/mjerac-brzine-vjetra-dedra-mc0957-anemometar\/\" \/>\n<meta property=\"og:locale\" content=\"hr_HR\" \/>\n<meta property=\"og:type\" content=\"article\" \/>\n<meta property=\"og:title\" content=\"Mjera\u010d brzine vjetra DEDRA MC0957-Anemometar - BauWeb\" \/>\n<meta property=\"og:description\" content=\"Potra\u017eite \u0161iroki izbor alata i materijala za profesionalne gra\u0111evinske radove. Istra\u017ei Bauweb ponudu i kupuj uz odli\u010dne popuste.\" \/>\n<meta property=\"og:url\" content=\"https:\/\/bauweb.hr\/index.php\/product\/mjerac-brzine-vjetra-dedra-mc0957-anemometar\/\" \/>\n<meta property=\"og:site_name\" content=\"BauWeb\" \/>\n<meta property=\"article:publisher\" content=\"https:\/\/facebook.com\/bauweb00\" \/>\n<meta property=\"article:modified_time\" content=\"2025-03-08T06:36:46+00:00\" \/>\n<meta property=\"og:image\" content=\"https:\/\/bauweb.hr\/wp-content\/uploads\/2024\/07\/mc0957.jpg\" \/>\n\t<meta property=\"og:image:width\" content=\"690\" \/>\n\t<meta property=\"og:image:height\" content=\"690\" \/>\n\t<meta property=\"og:image:type\" content=\"image\/jpeg\" \/>\n<meta name=\"twitter:card\" content=\"summary_large_image\" \/>\n<meta name=\"twitter:label1\" content=\"Procijenjeno vrijeme \u010ditanja\" \/>\n\t<meta name=\"twitter:data1\" content=\"3 minute\" \/>\n<script type=\"application\/ld+json\" class=\"yoast-schema-graph\">{\"@context\":\"https:\/\/schema.org\",\"@graph\":[{\"@type\":\"WebPage\",\"@id\":\"https:\/\/bauweb.hr\/index.php\/product\/mjerac-brzine-vjetra-dedra-mc0957-anemometar\/\",\"url\":\"https:\/\/bauweb.hr\/index.php\/product\/mjerac-brzine-vjetra-dedra-mc0957-anemometar\/\",\"name\":\"Mjera\u010d brzine vjetra DEDRA MC0957-Anemometar - BauWeb\",\"isPartOf\":{\"@id\":\"https:\/\/bauweb.hr\/#website\"},\"primaryImageOfPage\":{\"@id\":\"https:\/\/bauweb.hr\/index.php\/product\/mjerac-brzine-vjetra-dedra-mc0957-anemometar\/#primaryimage\"},\"image\":{\"@id\":\"https:\/\/bauweb.hr\/index.php\/product\/mjerac-brzine-vjetra-dedra-mc0957-anemometar\/#primaryimage\"},\"thumbnailUrl\":\"https:\/\/bauweb.hr\/wp-content\/uploads\/2024\/07\/mc0957.jpg\",\"datePublished\":\"2024-07-23T10:42:37+00:00\",\"dateModified\":\"2025-03-08T06:36:46+00:00\",\"description\":\"Potra\u017eite \u0161iroki izbor alata i materijala za profesionalne gra\u0111evinske radove. Istra\u017ei Bauweb ponudu i kupuj uz odli\u010dne popuste.\",\"breadcrumb\":{\"@id\":\"https:\/\/bauweb.hr\/index.php\/product\/mjerac-brzine-vjetra-dedra-mc0957-anemometar\/#breadcrumb\"},\"inLanguage\":\"hr\",\"potentialAction\":[{\"@type\":\"ReadAction\",\"target\":[\"https:\/\/bauweb.hr\/index.php\/product\/mjerac-brzine-vjetra-dedra-mc0957-anemometar\/\"]}]},{\"@type\":\"ImageObject\",\"inLanguage\":\"hr\",\"@id\":\"https:\/\/bauweb.hr\/index.php\/product\/mjerac-brzine-vjetra-dedra-mc0957-anemometar\/#primaryimage\",\"url\":\"https:\/\/bauweb.hr\/wp-content\/uploads\/2024\/07\/mc0957.jpg\",\"contentUrl\":\"https:\/\/bauweb.hr\/wp-content\/uploads\/2024\/07\/mc0957.jpg\",\"width\":690,\"height\":690},{\"@type\":\"BreadcrumbList\",\"@id\":\"https:\/\/bauweb.hr\/index.php\/product\/mjerac-brzine-vjetra-dedra-mc0957-anemometar\/#breadcrumb\",\"itemListElement\":[{\"@type\":\"ListItem\",\"position\":1,\"name\":\"Po\u010detna stranica\",\"item\":\"https:\/\/bauweb.hr\/\"},{\"@type\":\"ListItem\",\"position\":2,\"name\":\"Shop\",\"item\":\"https:\/\/bauweb.hr\/index.php\/shop-wooshop-v1\/\"},{\"@type\":\"ListItem\",\"position\":3,\"name\":\"Mjera\u010d brzine vjetra DEDRA MC0957-Anemometar\"}]},{\"@type\":\"WebSite\",\"@id\":\"https:\/\/bauweb.hr\/#website\",\"url\":\"https:\/\/bauweb.hr\/\",\"name\":\"BauWeb\",\"description\":\"Za prave majstore\",\"publisher\":{\"@id\":\"https:\/\/bauweb.hr\/#organization\"},\"alternateName\":\"BauWeb\",\"potentialAction\":[{\"@type\":\"SearchAction\",\"target\":{\"@type\":\"EntryPoint\",\"urlTemplate\":\"https:\/\/bauweb.hr\/?s={search_term_string}\"},\"query-input\":{\"@type\":\"PropertyValueSpecification\",\"valueRequired\":true,\"valueName\":\"search_term_string\"}}],\"inLanguage\":\"hr\"},{\"@type\":\"Organization\",\"@id\":\"https:\/\/bauweb.hr\/#organization\",\"name\":\"Hobi dom d.o.o.\",\"url\":\"https:\/\/bauweb.hr\/\",\"logo\":{\"@type\":\"ImageObject\",\"inLanguage\":\"hr\",\"@id\":\"https:\/\/bauweb.hr\/#\/schema\/logo\/image\/\",\"url\":\"https:\/\/bauweb.hr\/wp-content\/uploads\/2023\/01\/Bauweb_logo-01.png\",\"contentUrl\":\"https:\/\/bauweb.hr\/wp-content\/uploads\/2023\/01\/Bauweb_logo-01.png\",\"width\":842,\"height\":596,\"caption\":\"Hobi dom d.o.o.\"},\"image\":{\"@id\":\"https:\/\/bauweb.hr\/#\/schema\/logo\/image\/\"},\"sameAs\":[\"https:\/\/facebook.com\/bauweb00\",\"https:\/\/instagram.com\/bauweb_shop\"]}]}<\/script>\n<!-- \/ Yoast SEO plugin. -->","yoast_head_json":{"title":"Mjera\u010d brzine vjetra DEDRA MC0957-Anemometar - BauWeb","description":"Potra\u017eite \u0161iroki izbor alata i materijala za profesionalne gra\u0111evinske radove. Istra\u017ei Bauweb ponudu i kupuj uz odli\u010dne popuste.","robots":{"index":"index","follow":"follow","max-snippet":"max-snippet:-1","max-image-preview":"max-image-preview:large","max-video-preview":"max-video-preview:-1"},"canonical":"https:\/\/bauweb.hr\/index.php\/product\/mjerac-brzine-vjetra-dedra-mc0957-anemometar\/","og_locale":"hr_HR","og_type":"article","og_title":"Mjera\u010d brzine vjetra DEDRA MC0957-Anemometar - BauWeb","og_description":"Potra\u017eite \u0161iroki izbor alata i materijala za profesionalne gra\u0111evinske radove. Istra\u017ei Bauweb ponudu i kupuj uz odli\u010dne popuste.","og_url":"https:\/\/bauweb.hr\/index.php\/product\/mjerac-brzine-vjetra-dedra-mc0957-anemometar\/","og_site_name":"BauWeb","article_publisher":"https:\/\/facebook.com\/bauweb00","article_modified_time":"2025-03-08T06:36:46+00:00","og_image":[{"width":690,"height":690,"url":"https:\/\/bauweb.hr\/wp-content\/uploads\/2024\/07\/mc0957.jpg","type":"image\/jpeg"}],"twitter_card":"summary_large_image","twitter_misc":{"Procijenjeno vrijeme \u010ditanja":"3 minute"},"schema":{"@context":"https:\/\/schema.org","@graph":[{"@type":"WebPage","@id":"https:\/\/bauweb.hr\/index.php\/product\/mjerac-brzine-vjetra-dedra-mc0957-anemometar\/","url":"https:\/\/bauweb.hr\/index.php\/product\/mjerac-brzine-vjetra-dedra-mc0957-anemometar\/","name":"Mjera\u010d brzine vjetra DEDRA MC0957-Anemometar - BauWeb","isPartOf":{"@id":"https:\/\/bauweb.hr\/#website"},"primaryImageOfPage":{"@id":"https:\/\/bauweb.hr\/index.php\/product\/mjerac-brzine-vjetra-dedra-mc0957-anemometar\/#primaryimage"},"image":{"@id":"https:\/\/bauweb.hr\/index.php\/product\/mjerac-brzine-vjetra-dedra-mc0957-anemometar\/#primaryimage"},"thumbnailUrl":"https:\/\/bauweb.hr\/wp-content\/uploads\/2024\/07\/mc0957.jpg","datePublished":"2024-07-23T10:42:37+00:00","dateModified":"2025-03-08T06:36:46+00:00","description":"Potra\u017eite \u0161iroki izbor alata i materijala za profesionalne gra\u0111evinske radove. Istra\u017ei Bauweb ponudu i kupuj uz odli\u010dne popuste.","breadcrumb":{"@id":"https:\/\/bauweb.hr\/index.php\/product\/mjerac-brzine-vjetra-dedra-mc0957-anemometar\/#breadcrumb"},"inLanguage":"hr","potentialAction":[{"@type":"ReadAction","target":["https:\/\/bauweb.hr\/index.php\/product\/mjerac-brzine-vjetra-dedra-mc0957-anemometar\/"]}]},{"@type":"ImageObject","inLanguage":"hr","@id":"https:\/\/bauweb.hr\/index.php\/product\/mjerac-brzine-vjetra-dedra-mc0957-anemometar\/#primaryimage","url":"https:\/\/bauweb.hr\/wp-content\/uploads\/2024\/07\/mc0957.jpg","contentUrl":"https:\/\/bauweb.hr\/wp-content\/uploads\/2024\/07\/mc0957.jpg","width":690,"height":690},{"@type":"BreadcrumbList","@id":"https:\/\/bauweb.hr\/index.php\/product\/mjerac-brzine-vjetra-dedra-mc0957-anemometar\/#breadcrumb","itemListElement":[{"@type":"ListItem","position":1,"name":"Po\u010detna stranica","item":"https:\/\/bauweb.hr\/"},{"@type":"ListItem","position":2,"name":"Shop","item":"https:\/\/bauweb.hr\/index.php\/shop-wooshop-v1\/"},{"@type":"ListItem","position":3,"name":"Mjera\u010d brzine vjetra DEDRA MC0957-Anemometar"}]},{"@type":"WebSite","@id":"https:\/\/bauweb.hr\/#website","url":"https:\/\/bauweb.hr\/","name":"BauWeb","description":"Za prave majstore","publisher":{"@id":"https:\/\/bauweb.hr\/#organization"},"alternateName":"BauWeb","potentialAction":[{"@type":"SearchAction","target":{"@type":"EntryPoint","urlTemplate":"https:\/\/bauweb.hr\/?s={search_term_string}"},"query-input":{"@type":"PropertyValueSpecification","valueRequired":true,"valueName":"search_term_string"}}],"inLanguage":"hr"},{"@type":"Organization","@id":"https:\/\/bauweb.hr\/#organization","name":"Hobi dom d.o.o.","url":"https:\/\/bauweb.hr\/","logo":{"@type":"ImageObject","inLanguage":"hr","@id":"https:\/\/bauweb.hr\/#\/schema\/logo\/image\/","url":"https:\/\/bauweb.hr\/wp-content\/uploads\/2023\/01\/Bauweb_logo-01.png","contentUrl":"https:\/\/bauweb.hr\/wp-content\/uploads\/2023\/01\/Bauweb_logo-01.png","width":842,"height":596,"caption":"Hobi dom d.o.o."},"image":{"@id":"https:\/\/bauweb.hr\/#\/schema\/logo\/image\/"},"sameAs":["https:\/\/facebook.com\/bauweb00","https:\/\/instagram.com\/bauweb_shop"]}]}},"_links":{"self":[{"href":"https:\/\/bauweb.hr\/index.php\/wp-json\/wp\/v2\/product\/22924","targetHints":{"allow":["GET"]}}],"collection":[{"href":"https:\/\/bauweb.hr\/index.php\/wp-json\/wp\/v2\/product"}],"about":[{"href":"https:\/\/bauweb.hr\/index.php\/wp-json\/wp\/v2\/types\/product"}],"replies":[{"embeddable":true,"href":"https:\/\/bauweb.hr\/index.php\/wp-json\/wp\/v2\/comments?post=22924"}],"wp:featuredmedia":[{"embeddable":true,"href":"https:\/\/bauweb.hr\/index.php\/wp-json\/wp\/v2\/media\/22925"}],"wp:attachment":[{"href":"https:\/\/bauweb.hr\/index.php\/wp-json\/wp\/v2\/media?parent=22924"}],"wp:term":[{"taxonomy":"product_brand","embeddable":true,"href":"https:\/\/bauweb.hr\/index.php\/wp-json\/wp\/v2\/product_brand?post=22924"},{"taxonomy":"product_cat","embeddable":true,"href":"https:\/\/bauweb.hr\/index.php\/wp-json\/wp\/v2\/product_cat?post=22924"},{"taxonomy":"product_tag","embeddable":true,"href":"https:\/\/bauweb.hr\/index.php\/wp-json\/wp\/v2\/product_tag?post=22924"}],"curies":[{"name":"wp","href":"https:\/\/api.w.org\/{rel}","templated":true}]}}