{"id":22954,"date":"2024-07-24T11:14:17","date_gmt":"2024-07-24T09:14:17","guid":{"rendered":"https:\/\/bauweb.hr\/?post_type=product&#038;p=22954"},"modified":"2024-07-24T11:17:47","modified_gmt":"2024-07-24T09:17:47","slug":"zatamnjena-zastitna-naocala-ft-eva-pjena","status":"publish","type":"product","link":"https:\/\/bauweb.hr\/index.php\/product\/zatamnjena-zastitna-naocala-ft-eva-pjena\/","title":{"rendered":"Zatamnjena za\u0161titna nao\u010dala-FT-EVA pjena"},"content":{"rendered":"<p><strong>DEDRA BH1057BL<\/strong><\/p>\n<p><strong>Zatamnjene za\u0161titne nao\u010dale DEDRA BH1057BL\u00a0<\/strong>izra\u0111ene su od izdr\u017eljivih materijala koji pove\u0107avaju otpornost nao\u010dala do svakodnevnog o\u0161te\u0107enja.<br \/>\nU\u010dinkovito \u0161tite vid tijekom bru\u0161enja, rezanja ili drugih radova.<br \/>\nPrva opti\u010dka klasa jam\u010di izvrsnu vidljivost.<br \/>\nLe\u0107e su izra\u0111ene od polikarbonata s premazom na vanjskoj povr\u0161ini le\u0107a\u00a0<strong>protiv ogrebotina premaz<\/strong>, radno okru\u017eenje i te\u0161ko\u0107e transporta moraju u\u010diniti nao\u010dale otpornima.<br \/>\n<strong>Za\u0161titne nao\u010dale DEDRA BH1057BL\u00a0<\/strong>imaju uklonjivu brtvu (od najlona i EVA pjena), koja sprje\u010dava da \u010destice pra\u0161ine dospiju na povr\u0161inu o\u010dnih jabu\u010dica.<br \/>\n\u010cak i rad s vrlo pra\u0161njavim materijalima poput gipsa mo\u017ee biti zabavan.<br \/>\nUdobne, profilirane ru\u010dke od dva materijala nje\u017eno, ali \u010dvrsto obujmljuju glavu, osiguravaju\u0107i dobro prianjanje nao\u010dala uz lice.<\/p>\n<p><strong>Zna\u010dajke:<\/strong><\/p>\n<ul>\n<li>Le\u0107e izra\u0111ene od polikarbonata<\/li>\n<li>Zatamnjene sigurnosne nao\u010dale<\/li>\n<li>Premaz protiv ogrebotina<\/li>\n<li>Dr\u0161ke od dva materijala (polikarbonat + guma) za bolje pristajanje uz glavu i ve\u0107u udobnost pri no\u0161enju<\/li>\n<li>Uklonjiva brtva za za\u0161titu o\u010diju od pra\u0161ine<\/li>\n<li>1. opti\u010dka klasa<\/li>\n<li>Nao\u010dale koje ispunjavaju zahtjeve II za\u0161titnih mjera, klasa otpornosti FT K N<\/li>\n<li>Nao\u010dale imaju CE certifikat u skladu s EN166, EN170, EN172<\/li>\n<\/ul>\n","protected":false},"excerpt":{"rendered":"<p><strong>DEDRA BH1057BL<\/strong><\/p>\n<p><strong>Zatamnjene za\u0161titne nao\u010dale DEDRA BH1057BL\u00a0<\/strong>izra\u0111ene su od izdr\u017eljivih materijala koji pove\u0107avaju otpornost nao\u010dala do svakodnevnog o\u0161te\u0107enja.<br \/>\nU\u010dinkovito \u0161tite vid tijekom bru\u0161enja, rezanja ili drugih radova.<br \/>\nPrva opti\u010dka klasa jam\u010di izvrsnu vidljivost.<br \/>\nLe\u0107e su izra\u0111ene od polikarbonata s premazom na vanjskoj povr\u0161ini le\u0107a\u00a0<strong>protiv ogrebotina premaz<\/strong>, radno okru\u017eenje i te\u0161ko\u0107e transporta moraju u\u010diniti nao\u010dale otpornima.<br \/>\n<strong>Za\u0161titne nao\u010dale DEDRA BH1057BL\u00a0<\/strong>imaju uklonjivu brtvu (od najlona i EVA pjena), koja sprje\u010dava da \u010destice pra\u0161ine dospiju na povr\u0161inu o\u010dnih jabu\u010dica.<br \/>\n\u010cak i rad s vrlo pra\u0161njavim materijalima poput gipsa mo\u017ee biti zabavan.<br \/>\nUdobne, profilirane ru\u010dke od dva materijala nje\u017eno, ali \u010dvrsto obujmljuju glavu, osiguravaju\u0107i dobro prianjanje nao\u010dala uz lice.<\/p>\n","protected":false},"featured_media":22955,"comment_status":"open","ping_status":"closed","template":"","meta":[],"product_brand":[350],"product_cat":[110],"product_tag":[],"class_list":{"0":"post-22954","1":"product","2":"type-product","3":"status-publish","4":"has-post-thumbnail","6":"product_brand-dedra","7":"product_cat-alati-pribor","9":"first","10":"instock","11":"shipping-taxable","12":"purchasable","13":"product-type-simple"},"yoast_head":"<!-- This site is optimized with the Yoast SEO plugin v27.2 - https:\/\/yoast.com\/product\/yoast-seo-wordpress\/ -->\n<title>Zatamnjena za\u0161titna nao\u010dala-FT-EVA pjena - BauWeb<\/title>\n<meta name=\"description\" content=\"Potra\u017eite \u0161iroki izbor alata i materijala za profesionalne gra\u0111evinske radove. Istra\u017ei Bauweb ponudu i kupuj uz odli\u010dne popuste.\" \/>\n<meta name=\"robots\" content=\"index, follow, max-snippet:-1, max-image-preview:large, max-video-preview:-1\" \/>\n<link rel=\"canonical\" href=\"https:\/\/bauweb.hr\/index.php\/product\/zatamnjena-zastitna-naocala-ft-eva-pjena\/\" \/>\n<meta property=\"og:locale\" content=\"hr_HR\" \/>\n<meta property=\"og:type\" content=\"article\" \/>\n<meta property=\"og:title\" content=\"Zatamnjena za\u0161titna nao\u010dala-FT-EVA pjena - BauWeb\" \/>\n<meta property=\"og:description\" content=\"Potra\u017eite \u0161iroki izbor alata i materijala za profesionalne gra\u0111evinske radove. Istra\u017ei Bauweb ponudu i kupuj uz odli\u010dne popuste.\" \/>\n<meta property=\"og:url\" content=\"https:\/\/bauweb.hr\/index.php\/product\/zatamnjena-zastitna-naocala-ft-eva-pjena\/\" \/>\n<meta property=\"og:site_name\" content=\"BauWeb\" \/>\n<meta property=\"article:publisher\" content=\"https:\/\/facebook.com\/bauweb00\" \/>\n<meta property=\"article:modified_time\" content=\"2024-07-24T09:17:47+00:00\" \/>\n<meta property=\"og:image\" content=\"https:\/\/bauweb.hr\/wp-content\/uploads\/2024\/07\/BH1057BL.jpg\" \/>\n\t<meta property=\"og:image:width\" content=\"690\" \/>\n\t<meta property=\"og:image:height\" content=\"690\" \/>\n\t<meta property=\"og:image:type\" content=\"image\/jpeg\" \/>\n<meta name=\"twitter:card\" content=\"summary_large_image\" \/>\n<meta name=\"twitter:label1\" content=\"Procijenjeno vrijeme \u010ditanja\" \/>\n\t<meta name=\"twitter:data1\" content=\"1 minuta\" \/>\n<script type=\"application\/ld+json\" class=\"yoast-schema-graph\">{\"@context\":\"https:\/\/schema.org\",\"@graph\":[{\"@type\":\"WebPage\",\"@id\":\"https:\/\/bauweb.hr\/index.php\/product\/zatamnjena-zastitna-naocala-ft-eva-pjena\/\",\"url\":\"https:\/\/bauweb.hr\/index.php\/product\/zatamnjena-zastitna-naocala-ft-eva-pjena\/\",\"name\":\"Zatamnjena za\u0161titna nao\u010dala-FT-EVA pjena - BauWeb\",\"isPartOf\":{\"@id\":\"https:\/\/bauweb.hr\/#website\"},\"primaryImageOfPage\":{\"@id\":\"https:\/\/bauweb.hr\/index.php\/product\/zatamnjena-zastitna-naocala-ft-eva-pjena\/#primaryimage\"},\"image\":{\"@id\":\"https:\/\/bauweb.hr\/index.php\/product\/zatamnjena-zastitna-naocala-ft-eva-pjena\/#primaryimage\"},\"thumbnailUrl\":\"https:\/\/bauweb.hr\/wp-content\/uploads\/2024\/07\/BH1057BL.jpg\",\"datePublished\":\"2024-07-24T09:14:17+00:00\",\"dateModified\":\"2024-07-24T09:17:47+00:00\",\"description\":\"Potra\u017eite \u0161iroki izbor alata i materijala za profesionalne gra\u0111evinske radove. Istra\u017ei Bauweb ponudu i kupuj uz odli\u010dne popuste.\",\"breadcrumb\":{\"@id\":\"https:\/\/bauweb.hr\/index.php\/product\/zatamnjena-zastitna-naocala-ft-eva-pjena\/#breadcrumb\"},\"inLanguage\":\"hr\",\"potentialAction\":[{\"@type\":\"ReadAction\",\"target\":[\"https:\/\/bauweb.hr\/index.php\/product\/zatamnjena-zastitna-naocala-ft-eva-pjena\/\"]}]},{\"@type\":\"ImageObject\",\"inLanguage\":\"hr\",\"@id\":\"https:\/\/bauweb.hr\/index.php\/product\/zatamnjena-zastitna-naocala-ft-eva-pjena\/#primaryimage\",\"url\":\"https:\/\/bauweb.hr\/wp-content\/uploads\/2024\/07\/BH1057BL.jpg\",\"contentUrl\":\"https:\/\/bauweb.hr\/wp-content\/uploads\/2024\/07\/BH1057BL.jpg\",\"width\":690,\"height\":690},{\"@type\":\"BreadcrumbList\",\"@id\":\"https:\/\/bauweb.hr\/index.php\/product\/zatamnjena-zastitna-naocala-ft-eva-pjena\/#breadcrumb\",\"itemListElement\":[{\"@type\":\"ListItem\",\"position\":1,\"name\":\"Po\u010detna stranica\",\"item\":\"https:\/\/bauweb.hr\/\"},{\"@type\":\"ListItem\",\"position\":2,\"name\":\"Shop\",\"item\":\"https:\/\/bauweb.hr\/index.php\/shop-wooshop-v1\/\"},{\"@type\":\"ListItem\",\"position\":3,\"name\":\"Zatamnjena za\u0161titna nao\u010dala-FT-EVA pjena\"}]},{\"@type\":\"WebSite\",\"@id\":\"https:\/\/bauweb.hr\/#website\",\"url\":\"https:\/\/bauweb.hr\/\",\"name\":\"BauWeb\",\"description\":\"Za prave majstore\",\"publisher\":{\"@id\":\"https:\/\/bauweb.hr\/#organization\"},\"alternateName\":\"BauWeb\",\"potentialAction\":[{\"@type\":\"SearchAction\",\"target\":{\"@type\":\"EntryPoint\",\"urlTemplate\":\"https:\/\/bauweb.hr\/?s={search_term_string}\"},\"query-input\":{\"@type\":\"PropertyValueSpecification\",\"valueRequired\":true,\"valueName\":\"search_term_string\"}}],\"inLanguage\":\"hr\"},{\"@type\":\"Organization\",\"@id\":\"https:\/\/bauweb.hr\/#organization\",\"name\":\"Hobi dom d.o.o.\",\"url\":\"https:\/\/bauweb.hr\/\",\"logo\":{\"@type\":\"ImageObject\",\"inLanguage\":\"hr\",\"@id\":\"https:\/\/bauweb.hr\/#\/schema\/logo\/image\/\",\"url\":\"https:\/\/bauweb.hr\/wp-content\/uploads\/2023\/01\/Bauweb_logo-01.png\",\"contentUrl\":\"https:\/\/bauweb.hr\/wp-content\/uploads\/2023\/01\/Bauweb_logo-01.png\",\"width\":842,\"height\":596,\"caption\":\"Hobi dom d.o.o.\"},\"image\":{\"@id\":\"https:\/\/bauweb.hr\/#\/schema\/logo\/image\/\"},\"sameAs\":[\"https:\/\/facebook.com\/bauweb00\",\"https:\/\/instagram.com\/bauweb_shop\"]}]}<\/script>\n<!-- \/ Yoast SEO plugin. -->","yoast_head_json":{"title":"Zatamnjena za\u0161titna nao\u010dala-FT-EVA pjena - BauWeb","description":"Potra\u017eite \u0161iroki izbor alata i materijala za profesionalne gra\u0111evinske radove. Istra\u017ei Bauweb ponudu i kupuj uz odli\u010dne popuste.","robots":{"index":"index","follow":"follow","max-snippet":"max-snippet:-1","max-image-preview":"max-image-preview:large","max-video-preview":"max-video-preview:-1"},"canonical":"https:\/\/bauweb.hr\/index.php\/product\/zatamnjena-zastitna-naocala-ft-eva-pjena\/","og_locale":"hr_HR","og_type":"article","og_title":"Zatamnjena za\u0161titna nao\u010dala-FT-EVA pjena - BauWeb","og_description":"Potra\u017eite \u0161iroki izbor alata i materijala za profesionalne gra\u0111evinske radove. Istra\u017ei Bauweb ponudu i kupuj uz odli\u010dne popuste.","og_url":"https:\/\/bauweb.hr\/index.php\/product\/zatamnjena-zastitna-naocala-ft-eva-pjena\/","og_site_name":"BauWeb","article_publisher":"https:\/\/facebook.com\/bauweb00","article_modified_time":"2024-07-24T09:17:47+00:00","og_image":[{"width":690,"height":690,"url":"https:\/\/bauweb.hr\/wp-content\/uploads\/2024\/07\/BH1057BL.jpg","type":"image\/jpeg"}],"twitter_card":"summary_large_image","twitter_misc":{"Procijenjeno vrijeme \u010ditanja":"1 minuta"},"schema":{"@context":"https:\/\/schema.org","@graph":[{"@type":"WebPage","@id":"https:\/\/bauweb.hr\/index.php\/product\/zatamnjena-zastitna-naocala-ft-eva-pjena\/","url":"https:\/\/bauweb.hr\/index.php\/product\/zatamnjena-zastitna-naocala-ft-eva-pjena\/","name":"Zatamnjena za\u0161titna nao\u010dala-FT-EVA pjena - BauWeb","isPartOf":{"@id":"https:\/\/bauweb.hr\/#website"},"primaryImageOfPage":{"@id":"https:\/\/bauweb.hr\/index.php\/product\/zatamnjena-zastitna-naocala-ft-eva-pjena\/#primaryimage"},"image":{"@id":"https:\/\/bauweb.hr\/index.php\/product\/zatamnjena-zastitna-naocala-ft-eva-pjena\/#primaryimage"},"thumbnailUrl":"https:\/\/bauweb.hr\/wp-content\/uploads\/2024\/07\/BH1057BL.jpg","datePublished":"2024-07-24T09:14:17+00:00","dateModified":"2024-07-24T09:17:47+00:00","description":"Potra\u017eite \u0161iroki izbor alata i materijala za profesionalne gra\u0111evinske radove. Istra\u017ei Bauweb ponudu i kupuj uz odli\u010dne popuste.","breadcrumb":{"@id":"https:\/\/bauweb.hr\/index.php\/product\/zatamnjena-zastitna-naocala-ft-eva-pjena\/#breadcrumb"},"inLanguage":"hr","potentialAction":[{"@type":"ReadAction","target":["https:\/\/bauweb.hr\/index.php\/product\/zatamnjena-zastitna-naocala-ft-eva-pjena\/"]}]},{"@type":"ImageObject","inLanguage":"hr","@id":"https:\/\/bauweb.hr\/index.php\/product\/zatamnjena-zastitna-naocala-ft-eva-pjena\/#primaryimage","url":"https:\/\/bauweb.hr\/wp-content\/uploads\/2024\/07\/BH1057BL.jpg","contentUrl":"https:\/\/bauweb.hr\/wp-content\/uploads\/2024\/07\/BH1057BL.jpg","width":690,"height":690},{"@type":"BreadcrumbList","@id":"https:\/\/bauweb.hr\/index.php\/product\/zatamnjena-zastitna-naocala-ft-eva-pjena\/#breadcrumb","itemListElement":[{"@type":"ListItem","position":1,"name":"Po\u010detna stranica","item":"https:\/\/bauweb.hr\/"},{"@type":"ListItem","position":2,"name":"Shop","item":"https:\/\/bauweb.hr\/index.php\/shop-wooshop-v1\/"},{"@type":"ListItem","position":3,"name":"Zatamnjena za\u0161titna nao\u010dala-FT-EVA pjena"}]},{"@type":"WebSite","@id":"https:\/\/bauweb.hr\/#website","url":"https:\/\/bauweb.hr\/","name":"BauWeb","description":"Za prave majstore","publisher":{"@id":"https:\/\/bauweb.hr\/#organization"},"alternateName":"BauWeb","potentialAction":[{"@type":"SearchAction","target":{"@type":"EntryPoint","urlTemplate":"https:\/\/bauweb.hr\/?s={search_term_string}"},"query-input":{"@type":"PropertyValueSpecification","valueRequired":true,"valueName":"search_term_string"}}],"inLanguage":"hr"},{"@type":"Organization","@id":"https:\/\/bauweb.hr\/#organization","name":"Hobi dom d.o.o.","url":"https:\/\/bauweb.hr\/","logo":{"@type":"ImageObject","inLanguage":"hr","@id":"https:\/\/bauweb.hr\/#\/schema\/logo\/image\/","url":"https:\/\/bauweb.hr\/wp-content\/uploads\/2023\/01\/Bauweb_logo-01.png","contentUrl":"https:\/\/bauweb.hr\/wp-content\/uploads\/2023\/01\/Bauweb_logo-01.png","width":842,"height":596,"caption":"Hobi dom d.o.o."},"image":{"@id":"https:\/\/bauweb.hr\/#\/schema\/logo\/image\/"},"sameAs":["https:\/\/facebook.com\/bauweb00","https:\/\/instagram.com\/bauweb_shop"]}]}},"_links":{"self":[{"href":"https:\/\/bauweb.hr\/index.php\/wp-json\/wp\/v2\/product\/22954","targetHints":{"allow":["GET"]}}],"collection":[{"href":"https:\/\/bauweb.hr\/index.php\/wp-json\/wp\/v2\/product"}],"about":[{"href":"https:\/\/bauweb.hr\/index.php\/wp-json\/wp\/v2\/types\/product"}],"replies":[{"embeddable":true,"href":"https:\/\/bauweb.hr\/index.php\/wp-json\/wp\/v2\/comments?post=22954"}],"wp:featuredmedia":[{"embeddable":true,"href":"https:\/\/bauweb.hr\/index.php\/wp-json\/wp\/v2\/media\/22955"}],"wp:attachment":[{"href":"https:\/\/bauweb.hr\/index.php\/wp-json\/wp\/v2\/media?parent=22954"}],"wp:term":[{"taxonomy":"product_brand","embeddable":true,"href":"https:\/\/bauweb.hr\/index.php\/wp-json\/wp\/v2\/product_brand?post=22954"},{"taxonomy":"product_cat","embeddable":true,"href":"https:\/\/bauweb.hr\/index.php\/wp-json\/wp\/v2\/product_cat?post=22954"},{"taxonomy":"product_tag","embeddable":true,"href":"https:\/\/bauweb.hr\/index.php\/wp-json\/wp\/v2\/product_tag?post=22954"}],"curies":[{"name":"wp","href":"https:\/\/api.w.org\/{rel}","templated":true}]}}