{"id":23102,"date":"2024-08-16T10:43:24","date_gmt":"2024-08-16T08:43:24","guid":{"rendered":"https:\/\/bauweb.hr\/?post_type=product&#038;p=23102"},"modified":"2025-01-25T15:11:11","modified_gmt":"2025-01-25T14:11:11","slug":"hdprofi-posuda-za-fugiranje","status":"publish","type":"product","link":"https:\/\/bauweb.hr\/index.php\/product\/hdprofi-posuda-za-fugiranje\/","title":{"rendered":"HDprofi- posuda za fugiranje"},"content":{"rendered":"<p>HDprofi- posuda za fugiranje<\/p>\n<p>Posuda za fugiranje plo\u010dica <strong>HDprofi<\/strong> je proizvod namijenjen za kerami\u010dare, fasadere i soboslikarske, sanacijske i gra\u0111evinske radove.<\/p>\n<p>Set uklju\u010duje:<br \/>\nKanta 20 litara<br \/>\nValjci<br \/>\nRe\u0161etka<br \/>\nGleter sa spu\u017evom<br \/>\nGleter guma<\/p>\n<p>Prednosti posuda za fugiranje plo\u010dica <strong>HDprofi<\/strong><br \/>\nUniverzalna<br \/>\nIzdr\u017eljiva<br \/>\nZa svestranu upotrebu<\/p>\n<p>Proizvodi marke HDprofi\u00a0 namijenjeni su profesionalnim gra\u0111evinskim poduzetnicima koji cijene visoku kvalitetu i pouzdanost kori\u0161tenih alata.<br \/>\nZa proizvodnju proizvoda koriste se samo najkvalitetnije komponente, poput \u010delika iz renomiranih europskih \u010deli\u010dana i visokokvalitetne plastike.<\/p>\n","protected":false},"excerpt":{"rendered":"<p>HDprofi- posuda za fugiranje Posuda za fugiranje plo\u010dica HDprofi je proizvod namijenjen za kerami\u010dare, fasadere i soboslikarske, sanacijske i gra\u0111evinske radove. Set uklju\u010duje: Kanta 20 litara Valjci Re\u0161etka Gleter sa spu\u017evom Gleter guma Prednosti posuda za fugiranje plo\u010dica HDprofi Univerzalna Izdr\u017eljiva Za svestranu upotrebu Proizvodi marke HDprofi\u00a0 namijenjeni su profesionalnim gra\u0111evinskim poduzetnicima koji cijene visoku kvalitetu i pouzdanost kori\u0161tenih alata. Za proizvodnju proizvoda koriste se samo najkvalitetnije komponente, poput \u010delika iz renomiranih europskih \u010deli\u010dana i visokokvalitetne plastike.<\/p>\n","protected":false},"featured_media":23104,"comment_status":"open","ping_status":"closed","template":"","meta":[],"product_brand":[416],"product_cat":[110,128,147,130,131,129,101,105,102,104,106],"product_tag":[],"class_list":{"0":"post-23102","1":"product","2":"type-product","3":"status-publish","4":"has-post-thumbnail","6":"product_brand-hd-profi","7":"product_cat-alati-pribor","8":"product_cat-alati-i-pribor-fasadni-sustavi","9":"product_cat-alati-i-pribor-keramicari","10":"product_cat-alati-i-pribor-soboslikari","11":"product_cat-alati-i-pribor-gipseri-suha-gradnja","12":"product_cat-alati-i-pribor-zbukeri","13":"product_cat-fasaderi-fasadni-sustavi","14":"product_cat-gipseri-suha-gradnja","15":"product_cat-keramicari","16":"product_cat-soboslikari","17":"product_cat-zbukeri","19":"first","20":"instock","21":"shipping-taxable","22":"purchasable","23":"product-type-simple"},"yoast_head":"<!-- This site is optimized with the Yoast SEO plugin v27.2 - https:\/\/yoast.com\/product\/yoast-seo-wordpress\/ -->\n<title>HDprofi- posuda za fugiranje - BauWeb<\/title>\n<meta name=\"description\" content=\"Potra\u017eite \u0161iroki izbor alata i materijala za profesionalne gra\u0111evinske radove. Istra\u017ei Bauweb ponudu i kupuj uz odli\u010dne popuste.\" \/>\n<meta name=\"robots\" content=\"index, follow, max-snippet:-1, max-image-preview:large, max-video-preview:-1\" \/>\n<link rel=\"canonical\" href=\"https:\/\/bauweb.hr\/index.php\/product\/hdprofi-posuda-za-fugiranje\/\" \/>\n<meta property=\"og:locale\" content=\"hr_HR\" \/>\n<meta property=\"og:type\" content=\"article\" \/>\n<meta property=\"og:title\" content=\"HDprofi- posuda za fugiranje - BauWeb\" \/>\n<meta property=\"og:description\" content=\"Potra\u017eite \u0161iroki izbor alata i materijala za profesionalne gra\u0111evinske radove. Istra\u017ei Bauweb ponudu i kupuj uz odli\u010dne popuste.\" \/>\n<meta property=\"og:url\" content=\"https:\/\/bauweb.hr\/index.php\/product\/hdprofi-posuda-za-fugiranje\/\" \/>\n<meta property=\"og:site_name\" content=\"BauWeb\" \/>\n<meta property=\"article:publisher\" content=\"https:\/\/facebook.com\/bauweb00\" \/>\n<meta property=\"article:modified_time\" content=\"2025-01-25T14:11:11+00:00\" \/>\n<meta property=\"og:image\" content=\"https:\/\/bauweb.hr\/wp-content\/uploads\/2024\/08\/posuda-za-fugiranje_profi2.jpg\" \/>\n\t<meta property=\"og:image:width\" content=\"690\" \/>\n\t<meta property=\"og:image:height\" content=\"690\" \/>\n\t<meta property=\"og:image:type\" content=\"image\/jpeg\" \/>\n<meta name=\"twitter:card\" content=\"summary_large_image\" \/>\n<meta name=\"twitter:label1\" content=\"Procijenjeno vrijeme \u010ditanja\" \/>\n\t<meta name=\"twitter:data1\" content=\"1 minuta\" \/>\n<script type=\"application\/ld+json\" class=\"yoast-schema-graph\">{\"@context\":\"https:\/\/schema.org\",\"@graph\":[{\"@type\":\"WebPage\",\"@id\":\"https:\/\/bauweb.hr\/index.php\/product\/hdprofi-posuda-za-fugiranje\/\",\"url\":\"https:\/\/bauweb.hr\/index.php\/product\/hdprofi-posuda-za-fugiranje\/\",\"name\":\"HDprofi- posuda za fugiranje - BauWeb\",\"isPartOf\":{\"@id\":\"https:\/\/bauweb.hr\/#website\"},\"primaryImageOfPage\":{\"@id\":\"https:\/\/bauweb.hr\/index.php\/product\/hdprofi-posuda-za-fugiranje\/#primaryimage\"},\"image\":{\"@id\":\"https:\/\/bauweb.hr\/index.php\/product\/hdprofi-posuda-za-fugiranje\/#primaryimage\"},\"thumbnailUrl\":\"https:\/\/bauweb.hr\/wp-content\/uploads\/2024\/08\/posuda-za-fugiranje_profi2.jpg\",\"datePublished\":\"2024-08-16T08:43:24+00:00\",\"dateModified\":\"2025-01-25T14:11:11+00:00\",\"description\":\"Potra\u017eite \u0161iroki izbor alata i materijala za profesionalne gra\u0111evinske radove. Istra\u017ei Bauweb ponudu i kupuj uz odli\u010dne popuste.\",\"breadcrumb\":{\"@id\":\"https:\/\/bauweb.hr\/index.php\/product\/hdprofi-posuda-za-fugiranje\/#breadcrumb\"},\"inLanguage\":\"hr\",\"potentialAction\":[{\"@type\":\"ReadAction\",\"target\":[\"https:\/\/bauweb.hr\/index.php\/product\/hdprofi-posuda-za-fugiranje\/\"]}]},{\"@type\":\"ImageObject\",\"inLanguage\":\"hr\",\"@id\":\"https:\/\/bauweb.hr\/index.php\/product\/hdprofi-posuda-za-fugiranje\/#primaryimage\",\"url\":\"https:\/\/bauweb.hr\/wp-content\/uploads\/2024\/08\/posuda-za-fugiranje_profi2.jpg\",\"contentUrl\":\"https:\/\/bauweb.hr\/wp-content\/uploads\/2024\/08\/posuda-za-fugiranje_profi2.jpg\",\"width\":690,\"height\":690},{\"@type\":\"BreadcrumbList\",\"@id\":\"https:\/\/bauweb.hr\/index.php\/product\/hdprofi-posuda-za-fugiranje\/#breadcrumb\",\"itemListElement\":[{\"@type\":\"ListItem\",\"position\":1,\"name\":\"Po\u010detna stranica\",\"item\":\"https:\/\/bauweb.hr\/\"},{\"@type\":\"ListItem\",\"position\":2,\"name\":\"Shop\",\"item\":\"https:\/\/bauweb.hr\/index.php\/shop-wooshop-v1\/\"},{\"@type\":\"ListItem\",\"position\":3,\"name\":\"HDprofi- posuda za fugiranje\"}]},{\"@type\":\"WebSite\",\"@id\":\"https:\/\/bauweb.hr\/#website\",\"url\":\"https:\/\/bauweb.hr\/\",\"name\":\"BauWeb\",\"description\":\"Za prave majstore\",\"publisher\":{\"@id\":\"https:\/\/bauweb.hr\/#organization\"},\"alternateName\":\"BauWeb\",\"potentialAction\":[{\"@type\":\"SearchAction\",\"target\":{\"@type\":\"EntryPoint\",\"urlTemplate\":\"https:\/\/bauweb.hr\/?s={search_term_string}\"},\"query-input\":{\"@type\":\"PropertyValueSpecification\",\"valueRequired\":true,\"valueName\":\"search_term_string\"}}],\"inLanguage\":\"hr\"},{\"@type\":\"Organization\",\"@id\":\"https:\/\/bauweb.hr\/#organization\",\"name\":\"Hobi dom d.o.o.\",\"url\":\"https:\/\/bauweb.hr\/\",\"logo\":{\"@type\":\"ImageObject\",\"inLanguage\":\"hr\",\"@id\":\"https:\/\/bauweb.hr\/#\/schema\/logo\/image\/\",\"url\":\"https:\/\/bauweb.hr\/wp-content\/uploads\/2023\/01\/Bauweb_logo-01.png\",\"contentUrl\":\"https:\/\/bauweb.hr\/wp-content\/uploads\/2023\/01\/Bauweb_logo-01.png\",\"width\":842,\"height\":596,\"caption\":\"Hobi dom d.o.o.\"},\"image\":{\"@id\":\"https:\/\/bauweb.hr\/#\/schema\/logo\/image\/\"},\"sameAs\":[\"https:\/\/facebook.com\/bauweb00\",\"https:\/\/instagram.com\/bauweb_shop\"]}]}<\/script>\n<!-- \/ Yoast SEO plugin. -->","yoast_head_json":{"title":"HDprofi- posuda za fugiranje - BauWeb","description":"Potra\u017eite \u0161iroki izbor alata i materijala za profesionalne gra\u0111evinske radove. Istra\u017ei Bauweb ponudu i kupuj uz odli\u010dne popuste.","robots":{"index":"index","follow":"follow","max-snippet":"max-snippet:-1","max-image-preview":"max-image-preview:large","max-video-preview":"max-video-preview:-1"},"canonical":"https:\/\/bauweb.hr\/index.php\/product\/hdprofi-posuda-za-fugiranje\/","og_locale":"hr_HR","og_type":"article","og_title":"HDprofi- posuda za fugiranje - BauWeb","og_description":"Potra\u017eite \u0161iroki izbor alata i materijala za profesionalne gra\u0111evinske radove. Istra\u017ei Bauweb ponudu i kupuj uz odli\u010dne popuste.","og_url":"https:\/\/bauweb.hr\/index.php\/product\/hdprofi-posuda-za-fugiranje\/","og_site_name":"BauWeb","article_publisher":"https:\/\/facebook.com\/bauweb00","article_modified_time":"2025-01-25T14:11:11+00:00","og_image":[{"width":690,"height":690,"url":"https:\/\/bauweb.hr\/wp-content\/uploads\/2024\/08\/posuda-za-fugiranje_profi2.jpg","type":"image\/jpeg"}],"twitter_card":"summary_large_image","twitter_misc":{"Procijenjeno vrijeme \u010ditanja":"1 minuta"},"schema":{"@context":"https:\/\/schema.org","@graph":[{"@type":"WebPage","@id":"https:\/\/bauweb.hr\/index.php\/product\/hdprofi-posuda-za-fugiranje\/","url":"https:\/\/bauweb.hr\/index.php\/product\/hdprofi-posuda-za-fugiranje\/","name":"HDprofi- posuda za fugiranje - BauWeb","isPartOf":{"@id":"https:\/\/bauweb.hr\/#website"},"primaryImageOfPage":{"@id":"https:\/\/bauweb.hr\/index.php\/product\/hdprofi-posuda-za-fugiranje\/#primaryimage"},"image":{"@id":"https:\/\/bauweb.hr\/index.php\/product\/hdprofi-posuda-za-fugiranje\/#primaryimage"},"thumbnailUrl":"https:\/\/bauweb.hr\/wp-content\/uploads\/2024\/08\/posuda-za-fugiranje_profi2.jpg","datePublished":"2024-08-16T08:43:24+00:00","dateModified":"2025-01-25T14:11:11+00:00","description":"Potra\u017eite \u0161iroki izbor alata i materijala za profesionalne gra\u0111evinske radove. Istra\u017ei Bauweb ponudu i kupuj uz odli\u010dne popuste.","breadcrumb":{"@id":"https:\/\/bauweb.hr\/index.php\/product\/hdprofi-posuda-za-fugiranje\/#breadcrumb"},"inLanguage":"hr","potentialAction":[{"@type":"ReadAction","target":["https:\/\/bauweb.hr\/index.php\/product\/hdprofi-posuda-za-fugiranje\/"]}]},{"@type":"ImageObject","inLanguage":"hr","@id":"https:\/\/bauweb.hr\/index.php\/product\/hdprofi-posuda-za-fugiranje\/#primaryimage","url":"https:\/\/bauweb.hr\/wp-content\/uploads\/2024\/08\/posuda-za-fugiranje_profi2.jpg","contentUrl":"https:\/\/bauweb.hr\/wp-content\/uploads\/2024\/08\/posuda-za-fugiranje_profi2.jpg","width":690,"height":690},{"@type":"BreadcrumbList","@id":"https:\/\/bauweb.hr\/index.php\/product\/hdprofi-posuda-za-fugiranje\/#breadcrumb","itemListElement":[{"@type":"ListItem","position":1,"name":"Po\u010detna stranica","item":"https:\/\/bauweb.hr\/"},{"@type":"ListItem","position":2,"name":"Shop","item":"https:\/\/bauweb.hr\/index.php\/shop-wooshop-v1\/"},{"@type":"ListItem","position":3,"name":"HDprofi- posuda za fugiranje"}]},{"@type":"WebSite","@id":"https:\/\/bauweb.hr\/#website","url":"https:\/\/bauweb.hr\/","name":"BauWeb","description":"Za prave majstore","publisher":{"@id":"https:\/\/bauweb.hr\/#organization"},"alternateName":"BauWeb","potentialAction":[{"@type":"SearchAction","target":{"@type":"EntryPoint","urlTemplate":"https:\/\/bauweb.hr\/?s={search_term_string}"},"query-input":{"@type":"PropertyValueSpecification","valueRequired":true,"valueName":"search_term_string"}}],"inLanguage":"hr"},{"@type":"Organization","@id":"https:\/\/bauweb.hr\/#organization","name":"Hobi dom d.o.o.","url":"https:\/\/bauweb.hr\/","logo":{"@type":"ImageObject","inLanguage":"hr","@id":"https:\/\/bauweb.hr\/#\/schema\/logo\/image\/","url":"https:\/\/bauweb.hr\/wp-content\/uploads\/2023\/01\/Bauweb_logo-01.png","contentUrl":"https:\/\/bauweb.hr\/wp-content\/uploads\/2023\/01\/Bauweb_logo-01.png","width":842,"height":596,"caption":"Hobi dom d.o.o."},"image":{"@id":"https:\/\/bauweb.hr\/#\/schema\/logo\/image\/"},"sameAs":["https:\/\/facebook.com\/bauweb00","https:\/\/instagram.com\/bauweb_shop"]}]}},"_links":{"self":[{"href":"https:\/\/bauweb.hr\/index.php\/wp-json\/wp\/v2\/product\/23102","targetHints":{"allow":["GET"]}}],"collection":[{"href":"https:\/\/bauweb.hr\/index.php\/wp-json\/wp\/v2\/product"}],"about":[{"href":"https:\/\/bauweb.hr\/index.php\/wp-json\/wp\/v2\/types\/product"}],"replies":[{"embeddable":true,"href":"https:\/\/bauweb.hr\/index.php\/wp-json\/wp\/v2\/comments?post=23102"}],"wp:featuredmedia":[{"embeddable":true,"href":"https:\/\/bauweb.hr\/index.php\/wp-json\/wp\/v2\/media\/23104"}],"wp:attachment":[{"href":"https:\/\/bauweb.hr\/index.php\/wp-json\/wp\/v2\/media?parent=23102"}],"wp:term":[{"taxonomy":"product_brand","embeddable":true,"href":"https:\/\/bauweb.hr\/index.php\/wp-json\/wp\/v2\/product_brand?post=23102"},{"taxonomy":"product_cat","embeddable":true,"href":"https:\/\/bauweb.hr\/index.php\/wp-json\/wp\/v2\/product_cat?post=23102"},{"taxonomy":"product_tag","embeddable":true,"href":"https:\/\/bauweb.hr\/index.php\/wp-json\/wp\/v2\/product_tag?post=23102"}],"curies":[{"name":"wp","href":"https:\/\/api.w.org\/{rel}","templated":true}]}}