{"id":23211,"date":"2024-08-20T15:07:42","date_gmt":"2024-08-20T13:07:42","guid":{"rendered":"https:\/\/bauweb.hr\/?post_type=product&#038;p=23211"},"modified":"2024-08-20T15:07:42","modified_gmt":"2024-08-20T13:07:42","slug":"ded7944z2-mini-brusilica-135w-set-s-215-kom-kovceg","status":"publish","type":"product","link":"https:\/\/bauweb.hr\/index.php\/product\/ded7944z2-mini-brusilica-135w-set-s-215-kom-kovceg\/","title":{"rendered":"DED7944Z2 &#8211; Mini brusilica 135W &#8211; set s 215 kom\/kov\u010deg"},"content":{"rendered":"<h4>DED7944Z2 &#8211; Mini brusilica 135W &#8211; set s 215 kom\/kov\u010deg<\/h4>\n<p>Mini brusilica jedan je od popularnih alata koji sigurno ne mo\u017ee nedostajati u ku\u0107noj radionici.<br \/>\nSa\u017eeta struktura duguljastog oblika podsje\u0107a na ravne brusilice, tzv nasadnici.<br \/>\nUdobna, gumirana ru\u010dka omogu\u0107uje vam \u010dvrsto dr\u017eanje alata.<br \/>\nSet je uklju\u010divao pribor kao \u0161to je fleksibilna, savitljiva pogonska osovina, brojni radni vrhovi, kao \u0161to su rezne plo\u010de (separatori), brusni papir, brusne plo\u010de, filc za poliranje, brusni kamen, dijamantna glodala, HSS svrdla i elementi koji omogu\u0107uju njihovo pri\u010dvr\u0161\u0107ivanje .<br \/>\nBrusilica se napaja iz popularne uti\u010dnice od 230V.<br \/>\nU\u010dinkovit, brzi motor snage 135W, ima podesivu brzinu u rasponu od 10000-32000 okretaja u minuti.<\/p>\n<p><strong>Zna\u010dajke<\/strong><\/p>\n<ul>\n<li>Mini ravna brusilica &#8211; vi\u0161enamjenski<\/li>\n<li>Kontrola brzine: 10000-32000rpm<\/li>\n<li>Motor velike brzine: do 32000 o\/min<\/li>\n<li>Gumirana ru\u010dka<\/li>\n<li>Uklju\u010den brojni dodaci<\/li>\n<\/ul>\n<p><strong>Specifikacije<\/strong><\/p>\n<ul>\n<li>Snaga: 135 W<\/li>\n<li>Napon: 230 V<\/li>\n<li>Frekvencija: 50 Hz<\/li>\n<li>Brzina vrtnje: 10000-32000 o\/min<\/li>\n<\/ul>\n<p><strong>Sadr\u017eaj\u00a0<\/strong><\/p>\n<ul>\n<li>Mini mlin<\/li>\n<li>Fleksibilna pogonska osovina &#8211; 1 kom.<\/li>\n<li>Rezni diskovi (crveni) &#8211; 36 kom.<\/li>\n<li>Brusni kamen &#8211; 12 kom.<\/li>\n<li>Diskovi za rezanje (crni) &#8211; 30 kom.<\/li>\n<li>Diskovi za rezanje &#8211; 5 kom.<\/li>\n<li>Brusni papiri &#8211; 3x 20 kom (debljina 180\/240\/320)<\/li>\n<li>Reza\u010di za graviranje &#8211; 2 kom.<\/li>\n<li>Dijamantni mlinovi &#8211; 5 kom.<\/li>\n<li>Filc za poliranje &#8211; 1 + 4 kom.<\/li>\n<li>Filc za poliranje &#8211; 1 kom.<\/li>\n<li>Pasta za poliranje &#8211; 1 kom.<\/li>\n<li>Disk za poliranje &#8211; 1 kom.<\/li>\n<li>Brusni papiri 6,3&#215;12,7 mm &#8211; 10 kom.<\/li>\n<li>Brusni papiri 12,7&#215;12,7 mm &#8211; 10 kom.<\/li>\n<li>Klju\u010d &#8211; 1 kom<\/li>\n<li>Trnovi za brusne papire &#8211; 2 kom.<\/li>\n<li>Lamelni kota\u010d &#8211; 1 kom.<\/li>\n<li>Brusni kamen s trnom &#8211; 6 kom.<\/li>\n<li>Brusni kamen s iglom &#8211; 4 kom.<\/li>\n<li>Trn za rezne plo\u010de &#8211; 3 kom.<\/li>\n<li>Trn za poliranje filca &#8211; 1 kom.<\/li>\n<li>Plasti\u010dne \u010detke &#8211; 3 kom.<\/li>\n<li>Mesingane \u010detke &#8211; 3 kom.<\/li>\n<li>Stezne \u010dahure &#8211; 4 kom.<\/li>\n<li>Kamen za izravnavanje brusnog kamena &#8211; 1 kom.<\/li>\n<li>Svrdla &#8211; 6 kom.<\/li>\n<\/ul>\n","protected":false},"excerpt":{"rendered":"<h4>DED7944Z2 &#8211; Mini brusilica 135W &#8211; set s 215 kom\/kov\u010deg<\/h4>\n<p>Mini brusilica jedan je od popularnih alata koji sigurno ne mo\u017ee nedostajati u ku\u0107noj radionici.<br \/>\nSa\u017eeta struktura duguljastog oblika podsje\u0107a na ravne brusilice, tzv nasadnici.<br \/>\nUdobna, gumirana ru\u010dka omogu\u0107uje vam \u010dvrsto dr\u017eanje alata.<br \/>\nSet je uklju\u010divao pribor kao \u0161to je fleksibilna, savitljiva pogonska osovina, brojni radni vrhovi, kao \u0161to su rezne plo\u010de (separatori), brusni papir, brusne plo\u010de, filc za poliranje, brusni kamen, dijamantna glodala, HSS svrdla i elementi koji omogu\u0107uju njihovo pri\u010dvr\u0161\u0107ivanje .<br \/>\nBrusilica se napaja iz popularne uti\u010dnice od 230V.<br \/>\nU\u010dinkovit, brzi motor snage 135W, ima podesivu brzinu u rasponu od 10000-32000 okretaja u minuti.<\/p>\n<p><strong>Zna\u010dajke<\/strong><\/p>\n<ul>\n<li>Mini ravna brusilica &#8211; vi\u0161enamjenski<\/li>\n<li>Kontrola brzine: 10000-32000rpm<\/li>\n<li>Motor velike brzine: do 32000 o\/min<\/li>\n<li>Gumirana ru\u010dka<\/li>\n<li>Uklju\u010den brojni dodaci<\/li>\n<\/ul>\n","protected":false},"featured_media":23212,"comment_status":"open","ping_status":"closed","template":"","meta":[],"product_brand":[350],"product_cat":[110],"product_tag":[],"class_list":{"0":"post-23211","1":"product","2":"type-product","3":"status-publish","4":"has-post-thumbnail","6":"product_brand-dedra","7":"product_cat-alati-pribor","9":"first","10":"instock","11":"shipping-taxable","12":"purchasable","13":"product-type-simple"},"yoast_head":"<!-- This site is optimized with the Yoast SEO plugin v27.2 - https:\/\/yoast.com\/product\/yoast-seo-wordpress\/ -->\n<title>DED7944Z2 - Mini brusilica 135W - set s 215 kom\/kov\u010deg - BauWeb<\/title>\n<meta name=\"description\" content=\"Potra\u017eite \u0161iroki izbor alata i materijala za profesionalne gra\u0111evinske radove. Istra\u017ei Bauweb ponudu i kupuj uz odli\u010dne popuste.\" \/>\n<meta name=\"robots\" content=\"index, follow, max-snippet:-1, max-image-preview:large, max-video-preview:-1\" \/>\n<link rel=\"canonical\" href=\"https:\/\/bauweb.hr\/index.php\/product\/ded7944z2-mini-brusilica-135w-set-s-215-kom-kovceg\/\" \/>\n<meta property=\"og:locale\" content=\"hr_HR\" \/>\n<meta property=\"og:type\" content=\"article\" \/>\n<meta property=\"og:title\" content=\"DED7944Z2 - Mini brusilica 135W - set s 215 kom\/kov\u010deg - BauWeb\" \/>\n<meta property=\"og:description\" content=\"Potra\u017eite \u0161iroki izbor alata i materijala za profesionalne gra\u0111evinske radove. Istra\u017ei Bauweb ponudu i kupuj uz odli\u010dne popuste.\" \/>\n<meta property=\"og:url\" content=\"https:\/\/bauweb.hr\/index.php\/product\/ded7944z2-mini-brusilica-135w-set-s-215-kom-kovceg\/\" \/>\n<meta property=\"og:site_name\" content=\"BauWeb\" \/>\n<meta property=\"article:publisher\" content=\"https:\/\/facebook.com\/bauweb00\" \/>\n<meta property=\"og:image\" content=\"https:\/\/bauweb.hr\/wp-content\/uploads\/2024\/08\/mini-brusilica.png\" \/>\n\t<meta property=\"og:image:width\" content=\"690\" \/>\n\t<meta property=\"og:image:height\" content=\"690\" \/>\n\t<meta property=\"og:image:type\" content=\"image\/png\" \/>\n<meta name=\"twitter:card\" content=\"summary_large_image\" \/>\n<meta name=\"twitter:label1\" content=\"Procijenjeno vrijeme \u010ditanja\" \/>\n\t<meta name=\"twitter:data1\" content=\"2 minute\" \/>\n<script type=\"application\/ld+json\" class=\"yoast-schema-graph\">{\"@context\":\"https:\/\/schema.org\",\"@graph\":[{\"@type\":\"WebPage\",\"@id\":\"https:\/\/bauweb.hr\/index.php\/product\/ded7944z2-mini-brusilica-135w-set-s-215-kom-kovceg\/\",\"url\":\"https:\/\/bauweb.hr\/index.php\/product\/ded7944z2-mini-brusilica-135w-set-s-215-kom-kovceg\/\",\"name\":\"DED7944Z2 - Mini brusilica 135W - set s 215 kom\/kov\u010deg - BauWeb\",\"isPartOf\":{\"@id\":\"https:\/\/bauweb.hr\/#website\"},\"primaryImageOfPage\":{\"@id\":\"https:\/\/bauweb.hr\/index.php\/product\/ded7944z2-mini-brusilica-135w-set-s-215-kom-kovceg\/#primaryimage\"},\"image\":{\"@id\":\"https:\/\/bauweb.hr\/index.php\/product\/ded7944z2-mini-brusilica-135w-set-s-215-kom-kovceg\/#primaryimage\"},\"thumbnailUrl\":\"https:\/\/bauweb.hr\/wp-content\/uploads\/2024\/08\/mini-brusilica.png\",\"datePublished\":\"2024-08-20T13:07:42+00:00\",\"description\":\"Potra\u017eite \u0161iroki izbor alata i materijala za profesionalne gra\u0111evinske radove. Istra\u017ei Bauweb ponudu i kupuj uz odli\u010dne popuste.\",\"breadcrumb\":{\"@id\":\"https:\/\/bauweb.hr\/index.php\/product\/ded7944z2-mini-brusilica-135w-set-s-215-kom-kovceg\/#breadcrumb\"},\"inLanguage\":\"hr\",\"potentialAction\":[{\"@type\":\"ReadAction\",\"target\":[\"https:\/\/bauweb.hr\/index.php\/product\/ded7944z2-mini-brusilica-135w-set-s-215-kom-kovceg\/\"]}]},{\"@type\":\"ImageObject\",\"inLanguage\":\"hr\",\"@id\":\"https:\/\/bauweb.hr\/index.php\/product\/ded7944z2-mini-brusilica-135w-set-s-215-kom-kovceg\/#primaryimage\",\"url\":\"https:\/\/bauweb.hr\/wp-content\/uploads\/2024\/08\/mini-brusilica.png\",\"contentUrl\":\"https:\/\/bauweb.hr\/wp-content\/uploads\/2024\/08\/mini-brusilica.png\",\"width\":690,\"height\":690},{\"@type\":\"BreadcrumbList\",\"@id\":\"https:\/\/bauweb.hr\/index.php\/product\/ded7944z2-mini-brusilica-135w-set-s-215-kom-kovceg\/#breadcrumb\",\"itemListElement\":[{\"@type\":\"ListItem\",\"position\":1,\"name\":\"Po\u010detna stranica\",\"item\":\"https:\/\/bauweb.hr\/\"},{\"@type\":\"ListItem\",\"position\":2,\"name\":\"Shop\",\"item\":\"https:\/\/bauweb.hr\/index.php\/shop-wooshop-v1\/\"},{\"@type\":\"ListItem\",\"position\":3,\"name\":\"DED7944Z2 &#8211; Mini brusilica 135W &#8211; set s 215 kom\/kov\u010deg\"}]},{\"@type\":\"WebSite\",\"@id\":\"https:\/\/bauweb.hr\/#website\",\"url\":\"https:\/\/bauweb.hr\/\",\"name\":\"BauWeb\",\"description\":\"Za prave majstore\",\"publisher\":{\"@id\":\"https:\/\/bauweb.hr\/#organization\"},\"alternateName\":\"BauWeb\",\"potentialAction\":[{\"@type\":\"SearchAction\",\"target\":{\"@type\":\"EntryPoint\",\"urlTemplate\":\"https:\/\/bauweb.hr\/?s={search_term_string}\"},\"query-input\":{\"@type\":\"PropertyValueSpecification\",\"valueRequired\":true,\"valueName\":\"search_term_string\"}}],\"inLanguage\":\"hr\"},{\"@type\":\"Organization\",\"@id\":\"https:\/\/bauweb.hr\/#organization\",\"name\":\"Hobi dom d.o.o.\",\"url\":\"https:\/\/bauweb.hr\/\",\"logo\":{\"@type\":\"ImageObject\",\"inLanguage\":\"hr\",\"@id\":\"https:\/\/bauweb.hr\/#\/schema\/logo\/image\/\",\"url\":\"https:\/\/bauweb.hr\/wp-content\/uploads\/2023\/01\/Bauweb_logo-01.png\",\"contentUrl\":\"https:\/\/bauweb.hr\/wp-content\/uploads\/2023\/01\/Bauweb_logo-01.png\",\"width\":842,\"height\":596,\"caption\":\"Hobi dom d.o.o.\"},\"image\":{\"@id\":\"https:\/\/bauweb.hr\/#\/schema\/logo\/image\/\"},\"sameAs\":[\"https:\/\/facebook.com\/bauweb00\",\"https:\/\/instagram.com\/bauweb_shop\"]}]}<\/script>\n<!-- \/ Yoast SEO plugin. -->","yoast_head_json":{"title":"DED7944Z2 - Mini brusilica 135W - set s 215 kom\/kov\u010deg - BauWeb","description":"Potra\u017eite \u0161iroki izbor alata i materijala za profesionalne gra\u0111evinske radove. Istra\u017ei Bauweb ponudu i kupuj uz odli\u010dne popuste.","robots":{"index":"index","follow":"follow","max-snippet":"max-snippet:-1","max-image-preview":"max-image-preview:large","max-video-preview":"max-video-preview:-1"},"canonical":"https:\/\/bauweb.hr\/index.php\/product\/ded7944z2-mini-brusilica-135w-set-s-215-kom-kovceg\/","og_locale":"hr_HR","og_type":"article","og_title":"DED7944Z2 - Mini brusilica 135W - set s 215 kom\/kov\u010deg - BauWeb","og_description":"Potra\u017eite \u0161iroki izbor alata i materijala za profesionalne gra\u0111evinske radove. Istra\u017ei Bauweb ponudu i kupuj uz odli\u010dne popuste.","og_url":"https:\/\/bauweb.hr\/index.php\/product\/ded7944z2-mini-brusilica-135w-set-s-215-kom-kovceg\/","og_site_name":"BauWeb","article_publisher":"https:\/\/facebook.com\/bauweb00","og_image":[{"width":690,"height":690,"url":"https:\/\/bauweb.hr\/wp-content\/uploads\/2024\/08\/mini-brusilica.png","type":"image\/png"}],"twitter_card":"summary_large_image","twitter_misc":{"Procijenjeno vrijeme \u010ditanja":"2 minute"},"schema":{"@context":"https:\/\/schema.org","@graph":[{"@type":"WebPage","@id":"https:\/\/bauweb.hr\/index.php\/product\/ded7944z2-mini-brusilica-135w-set-s-215-kom-kovceg\/","url":"https:\/\/bauweb.hr\/index.php\/product\/ded7944z2-mini-brusilica-135w-set-s-215-kom-kovceg\/","name":"DED7944Z2 - Mini brusilica 135W - set s 215 kom\/kov\u010deg - BauWeb","isPartOf":{"@id":"https:\/\/bauweb.hr\/#website"},"primaryImageOfPage":{"@id":"https:\/\/bauweb.hr\/index.php\/product\/ded7944z2-mini-brusilica-135w-set-s-215-kom-kovceg\/#primaryimage"},"image":{"@id":"https:\/\/bauweb.hr\/index.php\/product\/ded7944z2-mini-brusilica-135w-set-s-215-kom-kovceg\/#primaryimage"},"thumbnailUrl":"https:\/\/bauweb.hr\/wp-content\/uploads\/2024\/08\/mini-brusilica.png","datePublished":"2024-08-20T13:07:42+00:00","description":"Potra\u017eite \u0161iroki izbor alata i materijala za profesionalne gra\u0111evinske radove. Istra\u017ei Bauweb ponudu i kupuj uz odli\u010dne popuste.","breadcrumb":{"@id":"https:\/\/bauweb.hr\/index.php\/product\/ded7944z2-mini-brusilica-135w-set-s-215-kom-kovceg\/#breadcrumb"},"inLanguage":"hr","potentialAction":[{"@type":"ReadAction","target":["https:\/\/bauweb.hr\/index.php\/product\/ded7944z2-mini-brusilica-135w-set-s-215-kom-kovceg\/"]}]},{"@type":"ImageObject","inLanguage":"hr","@id":"https:\/\/bauweb.hr\/index.php\/product\/ded7944z2-mini-brusilica-135w-set-s-215-kom-kovceg\/#primaryimage","url":"https:\/\/bauweb.hr\/wp-content\/uploads\/2024\/08\/mini-brusilica.png","contentUrl":"https:\/\/bauweb.hr\/wp-content\/uploads\/2024\/08\/mini-brusilica.png","width":690,"height":690},{"@type":"BreadcrumbList","@id":"https:\/\/bauweb.hr\/index.php\/product\/ded7944z2-mini-brusilica-135w-set-s-215-kom-kovceg\/#breadcrumb","itemListElement":[{"@type":"ListItem","position":1,"name":"Po\u010detna stranica","item":"https:\/\/bauweb.hr\/"},{"@type":"ListItem","position":2,"name":"Shop","item":"https:\/\/bauweb.hr\/index.php\/shop-wooshop-v1\/"},{"@type":"ListItem","position":3,"name":"DED7944Z2 &#8211; Mini brusilica 135W &#8211; set s 215 kom\/kov\u010deg"}]},{"@type":"WebSite","@id":"https:\/\/bauweb.hr\/#website","url":"https:\/\/bauweb.hr\/","name":"BauWeb","description":"Za prave majstore","publisher":{"@id":"https:\/\/bauweb.hr\/#organization"},"alternateName":"BauWeb","potentialAction":[{"@type":"SearchAction","target":{"@type":"EntryPoint","urlTemplate":"https:\/\/bauweb.hr\/?s={search_term_string}"},"query-input":{"@type":"PropertyValueSpecification","valueRequired":true,"valueName":"search_term_string"}}],"inLanguage":"hr"},{"@type":"Organization","@id":"https:\/\/bauweb.hr\/#organization","name":"Hobi dom d.o.o.","url":"https:\/\/bauweb.hr\/","logo":{"@type":"ImageObject","inLanguage":"hr","@id":"https:\/\/bauweb.hr\/#\/schema\/logo\/image\/","url":"https:\/\/bauweb.hr\/wp-content\/uploads\/2023\/01\/Bauweb_logo-01.png","contentUrl":"https:\/\/bauweb.hr\/wp-content\/uploads\/2023\/01\/Bauweb_logo-01.png","width":842,"height":596,"caption":"Hobi dom d.o.o."},"image":{"@id":"https:\/\/bauweb.hr\/#\/schema\/logo\/image\/"},"sameAs":["https:\/\/facebook.com\/bauweb00","https:\/\/instagram.com\/bauweb_shop"]}]}},"_links":{"self":[{"href":"https:\/\/bauweb.hr\/index.php\/wp-json\/wp\/v2\/product\/23211","targetHints":{"allow":["GET"]}}],"collection":[{"href":"https:\/\/bauweb.hr\/index.php\/wp-json\/wp\/v2\/product"}],"about":[{"href":"https:\/\/bauweb.hr\/index.php\/wp-json\/wp\/v2\/types\/product"}],"replies":[{"embeddable":true,"href":"https:\/\/bauweb.hr\/index.php\/wp-json\/wp\/v2\/comments?post=23211"}],"wp:featuredmedia":[{"embeddable":true,"href":"https:\/\/bauweb.hr\/index.php\/wp-json\/wp\/v2\/media\/23212"}],"wp:attachment":[{"href":"https:\/\/bauweb.hr\/index.php\/wp-json\/wp\/v2\/media?parent=23211"}],"wp:term":[{"taxonomy":"product_brand","embeddable":true,"href":"https:\/\/bauweb.hr\/index.php\/wp-json\/wp\/v2\/product_brand?post=23211"},{"taxonomy":"product_cat","embeddable":true,"href":"https:\/\/bauweb.hr\/index.php\/wp-json\/wp\/v2\/product_cat?post=23211"},{"taxonomy":"product_tag","embeddable":true,"href":"https:\/\/bauweb.hr\/index.php\/wp-json\/wp\/v2\/product_tag?post=23211"}],"curies":[{"name":"wp","href":"https:\/\/api.w.org\/{rel}","templated":true}]}}