{"id":23220,"date":"2024-08-21T13:10:09","date_gmt":"2024-08-21T11:10:09","guid":{"rendered":"https:\/\/bauweb.hr\/?post_type=product&#038;p=23220"},"modified":"2024-08-21T13:10:09","modified_gmt":"2024-08-21T11:10:09","slug":"minibrusilica-3-6v-bezicna-usb","status":"publish","type":"product","link":"https:\/\/bauweb.hr\/index.php\/product\/minibrusilica-3-6v-bezicna-usb\/","title":{"rendered":"Minibrusilica 3.6V-be\u017ei\u010dna\/USB"},"content":{"rendered":"<h2><strong>M<\/strong><strong>inibrusilica DED7940Z1 s baterijskim napajanjem<\/strong>\u00a0je jedan od popularnih alata koji svakako ne smije nedostajati u ku\u0107noj radionici ili kod ku\u0107nog majstora.<\/h2>\n<p>Namijenjen je za poliranje, frezanje, graviranje i \u010di\u0161\u0107enje &#8211; omogu\u0107uje obradu drvenih i metalnih materijala, umjetnih materijala, minerala, stakla i kerami\u010dkih proizvoda.<\/p>\n<p>Ugra\u0111ena baterija kapaciteta 600 mAh osigurava kontinuirani rad i, \u0161to je va\u017eno, mobilnost ure\u0111aja.\u00a0<strong>Minisubrziva\u010d DED7940Z1<\/strong>\u00a0je opremljen motorom marke JAPAN Mabuchi, \u010dija je tvornica najve\u0107a tvornica malih motora na svijetu, s godi\u0161njom proizvodnjom od 1,4 bilijuna motora!<br \/>\nUre\u0111aj je lagan, prakti\u010dan i jednostavan za kori\u0161tenje, a funkcija automatskog isklju\u010divanja u slu\u010daju zaglavljivanja obra\u0111enog materijala pove\u0107ava sigurnost rada.<\/p>\n<p>&nbsp;<\/p>\n<h3><strong>Zna\u010dajke:<\/strong><\/h3>\n<ul>\n<li>Le\u017eajevi visokog okretnog momenta s za\u0161titom od preoptere\u0107enja<\/li>\n<li>Promjena pribora bez alata<\/li>\n<li>LED indikator brzine<\/li>\n<li>Lagan i jednostavan za kori\u0161tenje<\/li>\n<li>Funkcija sigurnosti &#8211; brusilica se automatski isklju\u010duje u slu\u010daju zaglavljivanja obra\u0111enog materijala<\/li>\n<li>Brojni dodaci u setu<\/li>\n<\/ul>\n<h3><strong>Tehni\u010dki podaci:<br \/>\n<\/strong><\/h3>\n<ul>\n<li>Napon: 3,6V<\/li>\n<li>Napajanje: Li-ionska baterija 600 mAh<\/li>\n<li>Broj okretaja: 5000\/10000\/15000RPM<\/li>\n<li>Promjer stezne glave: 3,2 mm<\/li>\n<li>Vrijeme punjenja: 2 sata<\/li>\n<li>Te\u017eina: 108 g<\/li>\n<\/ul>\n<h3><strong>Sadr\u017eaj:<\/strong><\/h3>\n<ul>\n<li>Be\u017ei\u010dna minibruslica<\/li>\n<li>Brusni kamen s vratilom &#8211; \u00f83,2 mm (2 komada)<\/li>\n<li>Dijamantna glodalica s vratilom &#8211; \u00f83,2 mm (2 komada)<\/li>\n<li>Brusni papiri (2 komada)<\/li>\n<li>Najlon \u010detka &#8211; \u00f83,2 mm (1 komad)<\/li>\n<li>Dr\u017ea\u010d za brusni papir &#8211; \u00f83,2 mm (1 komad)<\/li>\n<li>HSS glodalica s vratilom &#8211; \u00f83,2 mm (1 komad)<\/li>\n<li>Steza\u010d &#8211; \u00f83,2 mm (1 komad)<\/li>\n<li>Predlo\u0161ci (2 komada)<\/li>\n<li>USB-C kabel &#8211; 50 cm\u00a0(1 komad)<\/li>\n<\/ul>\n","protected":false},"excerpt":{"rendered":"<p>Minibrusilica 3.6V-be\u017ei\u010dna\/USB<\/p>\n<p>Namijenjen je za poliranje, frezanje, graviranje i \u010di\u0161\u0107enje &#8211; omogu\u0107uje obradu drvenih i metalnih materijala, umjetnih materijala, minerala, stakla i kerami\u010dkih proizvoda.<br \/>\nUgra\u0111ena baterija kapaciteta 600 mAh osigurava kontinuirani rad i, \u0161to je va\u017eno, mobilnost ure\u0111aja.<br \/>\n<strong>Minisubrziva\u010d DED7940Z1<\/strong>\u00a0je opremljen motorom marke JAPAN Mabuchi, \u010dija je tvornica najve\u0107a tvornica malih motora na svijetu, s godi\u0161njom proizvodnjom od 1,4 bilijuna motora!<br \/>\nUre\u0111aj je lagan, prakti\u010dan i jednostavan za kori\u0161tenje, a funkcija automatskog isklju\u010divanja u slu\u010daju zaglavljivanja obra\u0111enog materijala pove\u0107ava sigurnost rada.<\/p>\n<h3><strong>Zna\u010dajke:<\/strong><\/h3>\n<ul>\n<li>Le\u017eajevi visokog okretnog momenta s za\u0161titom od preoptere\u0107enja<\/li>\n<li>Promjena pribora bez alata<\/li>\n<li>LED indikator brzine<\/li>\n<li>Lagan i jednostavan za kori\u0161tenje<\/li>\n<li>Funkcija sigurnosti &#8211; brusilica se automatski isklju\u010duje u slu\u010daju zaglavljivanja obra\u0111enog materijala<\/li>\n<li>Brojni dodaci u setu<\/li>\n<\/ul>\n<h3><strong>Tehni\u010dki podaci:<br \/>\n<\/strong><\/h3>\n<ul>\n<li>Napon: 3,6V<\/li>\n<li>Napajanje: Li-ionska baterija 600 mAh<\/li>\n<li>Broj okretaja: 5000\/10000\/15000RPM<\/li>\n<li>Promjer stezne glave: 3,2 mm<\/li>\n<li>Vrijeme punjenja: 2 sata<\/li>\n<li>Te\u017eina: 108 g<\/li>\n<\/ul>\n","protected":false},"featured_media":23221,"comment_status":"open","ping_status":"closed","template":"","meta":[],"product_brand":[350],"product_cat":[110],"product_tag":[],"class_list":{"0":"post-23220","1":"product","2":"type-product","3":"status-publish","4":"has-post-thumbnail","6":"product_brand-dedra","7":"product_cat-alati-pribor","9":"first","10":"instock","11":"shipping-taxable","12":"purchasable","13":"product-type-simple"},"yoast_head":"<!-- This site is optimized with the Yoast SEO plugin v27.2 - https:\/\/yoast.com\/product\/yoast-seo-wordpress\/ -->\n<title>Minibrusilica 3.6V-be\u017ei\u010dna\/USB - BauWeb<\/title>\n<meta name=\"description\" content=\"Potra\u017eite \u0161iroki izbor alata i materijala za profesionalne gra\u0111evinske radove. Istra\u017ei Bauweb ponudu i kupuj uz odli\u010dne popuste.\" \/>\n<meta name=\"robots\" content=\"index, follow, max-snippet:-1, max-image-preview:large, max-video-preview:-1\" \/>\n<link rel=\"canonical\" href=\"https:\/\/bauweb.hr\/index.php\/product\/minibrusilica-3-6v-bezicna-usb\/\" \/>\n<meta property=\"og:locale\" content=\"hr_HR\" \/>\n<meta property=\"og:type\" content=\"article\" \/>\n<meta property=\"og:title\" content=\"Minibrusilica 3.6V-be\u017ei\u010dna\/USB - BauWeb\" \/>\n<meta property=\"og:description\" content=\"Potra\u017eite \u0161iroki izbor alata i materijala za profesionalne gra\u0111evinske radove. Istra\u017ei Bauweb ponudu i kupuj uz odli\u010dne popuste.\" \/>\n<meta property=\"og:url\" content=\"https:\/\/bauweb.hr\/index.php\/product\/minibrusilica-3-6v-bezicna-usb\/\" \/>\n<meta property=\"og:site_name\" content=\"BauWeb\" \/>\n<meta property=\"article:publisher\" content=\"https:\/\/facebook.com\/bauweb00\" \/>\n<meta property=\"og:image\" content=\"https:\/\/bauweb.hr\/wp-content\/uploads\/2024\/08\/minibruslica.png\" \/>\n\t<meta property=\"og:image:width\" content=\"690\" \/>\n\t<meta property=\"og:image:height\" content=\"690\" \/>\n\t<meta property=\"og:image:type\" content=\"image\/png\" \/>\n<meta name=\"twitter:card\" content=\"summary_large_image\" \/>\n<meta name=\"twitter:label1\" content=\"Procijenjeno vrijeme \u010ditanja\" \/>\n\t<meta name=\"twitter:data1\" content=\"2 minute\" \/>\n<script type=\"application\/ld+json\" class=\"yoast-schema-graph\">{\"@context\":\"https:\/\/schema.org\",\"@graph\":[{\"@type\":\"WebPage\",\"@id\":\"https:\/\/bauweb.hr\/index.php\/product\/minibrusilica-3-6v-bezicna-usb\/\",\"url\":\"https:\/\/bauweb.hr\/index.php\/product\/minibrusilica-3-6v-bezicna-usb\/\",\"name\":\"Minibrusilica 3.6V-be\u017ei\u010dna\/USB - BauWeb\",\"isPartOf\":{\"@id\":\"https:\/\/bauweb.hr\/#website\"},\"primaryImageOfPage\":{\"@id\":\"https:\/\/bauweb.hr\/index.php\/product\/minibrusilica-3-6v-bezicna-usb\/#primaryimage\"},\"image\":{\"@id\":\"https:\/\/bauweb.hr\/index.php\/product\/minibrusilica-3-6v-bezicna-usb\/#primaryimage\"},\"thumbnailUrl\":\"https:\/\/bauweb.hr\/wp-content\/uploads\/2024\/08\/minibruslica.png\",\"datePublished\":\"2024-08-21T11:10:09+00:00\",\"description\":\"Potra\u017eite \u0161iroki izbor alata i materijala za profesionalne gra\u0111evinske radove. Istra\u017ei Bauweb ponudu i kupuj uz odli\u010dne popuste.\",\"breadcrumb\":{\"@id\":\"https:\/\/bauweb.hr\/index.php\/product\/minibrusilica-3-6v-bezicna-usb\/#breadcrumb\"},\"inLanguage\":\"hr\",\"potentialAction\":[{\"@type\":\"ReadAction\",\"target\":[\"https:\/\/bauweb.hr\/index.php\/product\/minibrusilica-3-6v-bezicna-usb\/\"]}]},{\"@type\":\"ImageObject\",\"inLanguage\":\"hr\",\"@id\":\"https:\/\/bauweb.hr\/index.php\/product\/minibrusilica-3-6v-bezicna-usb\/#primaryimage\",\"url\":\"https:\/\/bauweb.hr\/wp-content\/uploads\/2024\/08\/minibruslica.png\",\"contentUrl\":\"https:\/\/bauweb.hr\/wp-content\/uploads\/2024\/08\/minibruslica.png\",\"width\":690,\"height\":690},{\"@type\":\"BreadcrumbList\",\"@id\":\"https:\/\/bauweb.hr\/index.php\/product\/minibrusilica-3-6v-bezicna-usb\/#breadcrumb\",\"itemListElement\":[{\"@type\":\"ListItem\",\"position\":1,\"name\":\"Po\u010detna stranica\",\"item\":\"https:\/\/bauweb.hr\/\"},{\"@type\":\"ListItem\",\"position\":2,\"name\":\"Shop\",\"item\":\"https:\/\/bauweb.hr\/index.php\/shop-wooshop-v1\/\"},{\"@type\":\"ListItem\",\"position\":3,\"name\":\"Minibrusilica 3.6V-be\u017ei\u010dna\/USB\"}]},{\"@type\":\"WebSite\",\"@id\":\"https:\/\/bauweb.hr\/#website\",\"url\":\"https:\/\/bauweb.hr\/\",\"name\":\"BauWeb\",\"description\":\"Za prave majstore\",\"publisher\":{\"@id\":\"https:\/\/bauweb.hr\/#organization\"},\"alternateName\":\"BauWeb\",\"potentialAction\":[{\"@type\":\"SearchAction\",\"target\":{\"@type\":\"EntryPoint\",\"urlTemplate\":\"https:\/\/bauweb.hr\/?s={search_term_string}\"},\"query-input\":{\"@type\":\"PropertyValueSpecification\",\"valueRequired\":true,\"valueName\":\"search_term_string\"}}],\"inLanguage\":\"hr\"},{\"@type\":\"Organization\",\"@id\":\"https:\/\/bauweb.hr\/#organization\",\"name\":\"Hobi dom d.o.o.\",\"url\":\"https:\/\/bauweb.hr\/\",\"logo\":{\"@type\":\"ImageObject\",\"inLanguage\":\"hr\",\"@id\":\"https:\/\/bauweb.hr\/#\/schema\/logo\/image\/\",\"url\":\"https:\/\/bauweb.hr\/wp-content\/uploads\/2023\/01\/Bauweb_logo-01.png\",\"contentUrl\":\"https:\/\/bauweb.hr\/wp-content\/uploads\/2023\/01\/Bauweb_logo-01.png\",\"width\":842,\"height\":596,\"caption\":\"Hobi dom d.o.o.\"},\"image\":{\"@id\":\"https:\/\/bauweb.hr\/#\/schema\/logo\/image\/\"},\"sameAs\":[\"https:\/\/facebook.com\/bauweb00\",\"https:\/\/instagram.com\/bauweb_shop\"]}]}<\/script>\n<!-- \/ Yoast SEO plugin. -->","yoast_head_json":{"title":"Minibrusilica 3.6V-be\u017ei\u010dna\/USB - BauWeb","description":"Potra\u017eite \u0161iroki izbor alata i materijala za profesionalne gra\u0111evinske radove. Istra\u017ei Bauweb ponudu i kupuj uz odli\u010dne popuste.","robots":{"index":"index","follow":"follow","max-snippet":"max-snippet:-1","max-image-preview":"max-image-preview:large","max-video-preview":"max-video-preview:-1"},"canonical":"https:\/\/bauweb.hr\/index.php\/product\/minibrusilica-3-6v-bezicna-usb\/","og_locale":"hr_HR","og_type":"article","og_title":"Minibrusilica 3.6V-be\u017ei\u010dna\/USB - BauWeb","og_description":"Potra\u017eite \u0161iroki izbor alata i materijala za profesionalne gra\u0111evinske radove. Istra\u017ei Bauweb ponudu i kupuj uz odli\u010dne popuste.","og_url":"https:\/\/bauweb.hr\/index.php\/product\/minibrusilica-3-6v-bezicna-usb\/","og_site_name":"BauWeb","article_publisher":"https:\/\/facebook.com\/bauweb00","og_image":[{"width":690,"height":690,"url":"https:\/\/bauweb.hr\/wp-content\/uploads\/2024\/08\/minibruslica.png","type":"image\/png"}],"twitter_card":"summary_large_image","twitter_misc":{"Procijenjeno vrijeme \u010ditanja":"2 minute"},"schema":{"@context":"https:\/\/schema.org","@graph":[{"@type":"WebPage","@id":"https:\/\/bauweb.hr\/index.php\/product\/minibrusilica-3-6v-bezicna-usb\/","url":"https:\/\/bauweb.hr\/index.php\/product\/minibrusilica-3-6v-bezicna-usb\/","name":"Minibrusilica 3.6V-be\u017ei\u010dna\/USB - BauWeb","isPartOf":{"@id":"https:\/\/bauweb.hr\/#website"},"primaryImageOfPage":{"@id":"https:\/\/bauweb.hr\/index.php\/product\/minibrusilica-3-6v-bezicna-usb\/#primaryimage"},"image":{"@id":"https:\/\/bauweb.hr\/index.php\/product\/minibrusilica-3-6v-bezicna-usb\/#primaryimage"},"thumbnailUrl":"https:\/\/bauweb.hr\/wp-content\/uploads\/2024\/08\/minibruslica.png","datePublished":"2024-08-21T11:10:09+00:00","description":"Potra\u017eite \u0161iroki izbor alata i materijala za profesionalne gra\u0111evinske radove. Istra\u017ei Bauweb ponudu i kupuj uz odli\u010dne popuste.","breadcrumb":{"@id":"https:\/\/bauweb.hr\/index.php\/product\/minibrusilica-3-6v-bezicna-usb\/#breadcrumb"},"inLanguage":"hr","potentialAction":[{"@type":"ReadAction","target":["https:\/\/bauweb.hr\/index.php\/product\/minibrusilica-3-6v-bezicna-usb\/"]}]},{"@type":"ImageObject","inLanguage":"hr","@id":"https:\/\/bauweb.hr\/index.php\/product\/minibrusilica-3-6v-bezicna-usb\/#primaryimage","url":"https:\/\/bauweb.hr\/wp-content\/uploads\/2024\/08\/minibruslica.png","contentUrl":"https:\/\/bauweb.hr\/wp-content\/uploads\/2024\/08\/minibruslica.png","width":690,"height":690},{"@type":"BreadcrumbList","@id":"https:\/\/bauweb.hr\/index.php\/product\/minibrusilica-3-6v-bezicna-usb\/#breadcrumb","itemListElement":[{"@type":"ListItem","position":1,"name":"Po\u010detna stranica","item":"https:\/\/bauweb.hr\/"},{"@type":"ListItem","position":2,"name":"Shop","item":"https:\/\/bauweb.hr\/index.php\/shop-wooshop-v1\/"},{"@type":"ListItem","position":3,"name":"Minibrusilica 3.6V-be\u017ei\u010dna\/USB"}]},{"@type":"WebSite","@id":"https:\/\/bauweb.hr\/#website","url":"https:\/\/bauweb.hr\/","name":"BauWeb","description":"Za prave majstore","publisher":{"@id":"https:\/\/bauweb.hr\/#organization"},"alternateName":"BauWeb","potentialAction":[{"@type":"SearchAction","target":{"@type":"EntryPoint","urlTemplate":"https:\/\/bauweb.hr\/?s={search_term_string}"},"query-input":{"@type":"PropertyValueSpecification","valueRequired":true,"valueName":"search_term_string"}}],"inLanguage":"hr"},{"@type":"Organization","@id":"https:\/\/bauweb.hr\/#organization","name":"Hobi dom d.o.o.","url":"https:\/\/bauweb.hr\/","logo":{"@type":"ImageObject","inLanguage":"hr","@id":"https:\/\/bauweb.hr\/#\/schema\/logo\/image\/","url":"https:\/\/bauweb.hr\/wp-content\/uploads\/2023\/01\/Bauweb_logo-01.png","contentUrl":"https:\/\/bauweb.hr\/wp-content\/uploads\/2023\/01\/Bauweb_logo-01.png","width":842,"height":596,"caption":"Hobi dom d.o.o."},"image":{"@id":"https:\/\/bauweb.hr\/#\/schema\/logo\/image\/"},"sameAs":["https:\/\/facebook.com\/bauweb00","https:\/\/instagram.com\/bauweb_shop"]}]}},"_links":{"self":[{"href":"https:\/\/bauweb.hr\/index.php\/wp-json\/wp\/v2\/product\/23220","targetHints":{"allow":["GET"]}}],"collection":[{"href":"https:\/\/bauweb.hr\/index.php\/wp-json\/wp\/v2\/product"}],"about":[{"href":"https:\/\/bauweb.hr\/index.php\/wp-json\/wp\/v2\/types\/product"}],"replies":[{"embeddable":true,"href":"https:\/\/bauweb.hr\/index.php\/wp-json\/wp\/v2\/comments?post=23220"}],"wp:featuredmedia":[{"embeddable":true,"href":"https:\/\/bauweb.hr\/index.php\/wp-json\/wp\/v2\/media\/23221"}],"wp:attachment":[{"href":"https:\/\/bauweb.hr\/index.php\/wp-json\/wp\/v2\/media?parent=23220"}],"wp:term":[{"taxonomy":"product_brand","embeddable":true,"href":"https:\/\/bauweb.hr\/index.php\/wp-json\/wp\/v2\/product_brand?post=23220"},{"taxonomy":"product_cat","embeddable":true,"href":"https:\/\/bauweb.hr\/index.php\/wp-json\/wp\/v2\/product_cat?post=23220"},{"taxonomy":"product_tag","embeddable":true,"href":"https:\/\/bauweb.hr\/index.php\/wp-json\/wp\/v2\/product_tag?post=23220"}],"curies":[{"name":"wp","href":"https:\/\/api.w.org\/{rel}","templated":true}]}}