{"id":23223,"date":"2024-08-21T13:34:13","date_gmt":"2024-08-21T11:34:13","guid":{"rendered":"https:\/\/bauweb.hr\/?post_type=product&#038;p=23223"},"modified":"2024-10-09T09:11:51","modified_gmt":"2024-10-09T07:11:51","slug":"dedra-yks040-nastavak-za-kutnu-brusilicu-za-piljenje-pod-kutem-45","status":"publish","type":"product","link":"https:\/\/bauweb.hr\/index.php\/product\/dedra-yks040-nastavak-za-kutnu-brusilicu-za-piljenje-pod-kutem-45\/","title":{"rendered":"DEDRA YKS040 &#8211; Nastavak za kutnu brusilicu za piljenje pod kutem 45"},"content":{"rendered":"<h4>DEDRA YKS040 &#8211; Nastavak za kutnu brusilicu za piljenje pod kutem 45<\/h4>\n<p><strong>Kutni nastavak DEDRA YKS040 provjereno je rje\u0161enje za korisnike kutnih brusilica koji tra\u017ee precizne rezove pod kutom od 45\u00b0.<\/strong><\/p>\n<p>Kompatibilan je s kutnim brusilicama s diskovima promjera 115 mm i 125 mm, \u0161to ga \u010dini korisnim alatom za obavljanje raznih poslova.<br \/>\nIzra\u0111en od izdr\u017eljivog \u010delika, jam\u010di ne samo \u010dvrsto\u0107u, ve\u0107 i dugotrajnost kori\u0161tenja.<br \/>\nJedna od njegovih glavnih prednosti je pode\u0161avanje dubine rezanja, \u0161to omogu\u0107uje preciznu prilagodbu rada odre\u0111enim zadacima.<br \/>\nDodatak tako\u0111er olak\u0161ava bo\u010dno rezanje, pru\u017eaju\u0107i korisniku jo\u0161 ve\u0107u fleksibilnost.<br \/>\nDodatno, mogu\u0107nost spajanja nastavka na usisiva\u010d zna\u010di da se pra\u0161ina i ostaci materijala odmah uklanjaju, odr\u017eavaju\u0107i radno mjesto \u010distim.<br \/>\nTo zauzvrat zna\u010dajno pove\u0107ava udobnost rada i smanjuje potrebu za \u010di\u0161\u0107enjem nakon posla.<br \/>\nSet s kutnim nastavkom uklju\u010duje reduktor koji omogu\u0107uje spajanje na cijevi razli\u010ditih promjera, \u0161to osigurava kompatibilnost s mnogim modelima usisava\u010da.<\/p>\n<p><strong>Karakteristike kutnog nastavka za brusilicu DEDRA YKS040:<\/strong><\/p>\n<ul>\n<li>Mogu\u0107nost okretanja ure\u0111aja &#8211; olak\u0161avanje bo\u010dnog rezanja<\/li>\n<li>Pode\u0161avanje dubine rezanja &#8211; mo\u017ee se prilagoditi specifi\u010dnim potrebama<\/li>\n<li>Mogu\u0107nost priklju\u010dka na usisiva\u010d &#8211; \u010disto\u0107a na radnom mjestu zahvaljuju\u0107i usisavanju otpada<\/li>\n<li>Reduktor koji omogu\u0107uje spajanje na razli\u010dite promjere cijevi usisava\u010da &#8211; kompatibilnost s razli\u010ditim usisava\u010dima<\/li>\n<\/ul>\n<p><strong>Tehni\u010dki podaci kutnog nastavka za brusilicu DEDRA YKS040:<\/strong><\/p>\n<ul>\n<li>Materijal: \u010delik<\/li>\n<li>Kut rezanja: 45\u00b0<\/li>\n<li>Kompatibilnost: kutne brusilice (115\/125mm)<\/li>\n<\/ul>\n<p><strong>Uklju\u010deno:<\/strong><\/p>\n<ul>\n<li>Kutni nastavak [1 kom]<\/li>\n<li>Reduktor [1 kom]<\/li>\n<\/ul>\n","protected":false},"excerpt":{"rendered":"<h4>DEDRA YKS040 &#8211; Nastavak za kutnu brusilicu za piljenje pod kutem 45<\/h4>\n<p><strong>Kutni nastavak DEDRA YKS040 provjereno je rje\u0161enje za korisnike kutnih brusilica koji tra\u017ee precizne rezove pod kutom od 45\u00b0.<\/strong><\/p>\n<p>Kompatibilan je s kutnim brusilicama s diskovima promjera 115 mm i 125 mm, \u0161to ga \u010dini korisnim alatom za obavljanje raznih poslova.<br \/>\nIzra\u0111en od izdr\u017eljivog \u010delika, jam\u010di ne samo \u010dvrsto\u0107u, ve\u0107 i dugotrajnost kori\u0161tenja.<br \/>\nJedna od njegovih glavnih prednosti je pode\u0161avanje dubine rezanja, \u0161to omogu\u0107uje preciznu prilagodbu rada odre\u0111enim zadacima.<br \/>\nDodatak tako\u0111er olak\u0161ava bo\u010dno rezanje, pru\u017eaju\u0107i korisniku jo\u0161 ve\u0107u fleksibilnost.<br \/>\nDodatno, mogu\u0107nost spajanja nastavka na usisiva\u010d zna\u010di da se pra\u0161ina i ostaci materijala odmah uklanjaju, odr\u017eavaju\u0107i radno mjesto \u010distim.<br \/>\nTo zauzvrat zna\u010dajno pove\u0107ava udobnost rada i smanjuje potrebu za \u010di\u0161\u0107enjem nakon posla.<br \/>\nSet s kutnim nastavkom uklju\u010duje reduktor koji omogu\u0107uje spajanje na cijevi razli\u010ditih promjera, \u0161to osigurava kompatibilnost s mnogim modelima usisava\u010da.<\/p>\n<p><strong>Karakteristike:<\/strong><\/p>\n<ul>\n<li>Mogu\u0107nost okretanja ure\u0111aja &#8211; olak\u0161avanje bo\u010dnog rezanja<\/li>\n<li>Pode\u0161avanje dubine rezanja &#8211; mo\u017ee se prilagoditi specifi\u010dnim potrebama<\/li>\n<li>Mogu\u0107nost priklju\u010dka na usisiva\u010d &#8211; \u010disto\u0107a na radnom mjestu zahvaljuju\u0107i usisavanju otpada<\/li>\n<li>Reduktor koji omogu\u0107uje spajanje na razli\u010dite promjere cijevi usisava\u010da &#8211; kompatibilnost s razli\u010ditim usisava\u010dima<\/li>\n<\/ul>\n<p>&nbsp;<\/p>\n","protected":false},"featured_media":23224,"comment_status":"open","ping_status":"closed","template":"","meta":[],"product_brand":[350],"product_cat":[110,147,102,185],"product_tag":[],"class_list":{"0":"post-23223","1":"product","2":"type-product","3":"status-publish","4":"has-post-thumbnail","6":"product_brand-dedra","7":"product_cat-alati-pribor","8":"product_cat-alati-i-pribor-keramicari","9":"product_cat-keramicari","10":"product_cat-rezne-ploce","12":"first","13":"instock","14":"shipping-taxable","15":"purchasable","16":"product-type-simple"},"yoast_head":"<!-- This site is optimized with the Yoast SEO plugin v27.2 - https:\/\/yoast.com\/product\/yoast-seo-wordpress\/ -->\n<title>DEDRA YKS040 - Nastavak za kutnu brusilicu za piljenje pod kutem 45 - BauWeb<\/title>\n<meta name=\"description\" content=\"Potra\u017eite \u0161iroki izbor alata i materijala za profesionalne gra\u0111evinske radove. Istra\u017ei Bauweb ponudu i kupuj uz odli\u010dne popuste.\" \/>\n<meta name=\"robots\" content=\"index, follow, max-snippet:-1, max-image-preview:large, max-video-preview:-1\" \/>\n<link rel=\"canonical\" href=\"https:\/\/bauweb.hr\/index.php\/product\/dedra-yks040-nastavak-za-kutnu-brusilicu-za-piljenje-pod-kutem-45\/\" \/>\n<meta property=\"og:locale\" content=\"hr_HR\" \/>\n<meta property=\"og:type\" content=\"article\" \/>\n<meta property=\"og:title\" content=\"DEDRA YKS040 - Nastavak za kutnu brusilicu za piljenje pod kutem 45 - BauWeb\" \/>\n<meta property=\"og:description\" content=\"Potra\u017eite \u0161iroki izbor alata i materijala za profesionalne gra\u0111evinske radove. Istra\u017ei Bauweb ponudu i kupuj uz odli\u010dne popuste.\" \/>\n<meta property=\"og:url\" content=\"https:\/\/bauweb.hr\/index.php\/product\/dedra-yks040-nastavak-za-kutnu-brusilicu-za-piljenje-pod-kutem-45\/\" \/>\n<meta property=\"og:site_name\" content=\"BauWeb\" \/>\n<meta property=\"article:publisher\" content=\"https:\/\/facebook.com\/bauweb00\" \/>\n<meta property=\"article:modified_time\" content=\"2024-10-09T07:11:51+00:00\" \/>\n<meta property=\"og:image\" content=\"https:\/\/bauweb.hr\/wp-content\/uploads\/2024\/08\/nastavak-za-piljenje-45.png\" \/>\n\t<meta property=\"og:image:width\" content=\"690\" \/>\n\t<meta property=\"og:image:height\" content=\"690\" \/>\n\t<meta property=\"og:image:type\" content=\"image\/png\" \/>\n<meta name=\"twitter:card\" content=\"summary_large_image\" \/>\n<meta name=\"twitter:label1\" content=\"Procijenjeno vrijeme \u010ditanja\" \/>\n\t<meta name=\"twitter:data1\" content=\"2 minute\" \/>\n<script type=\"application\/ld+json\" class=\"yoast-schema-graph\">{\"@context\":\"https:\/\/schema.org\",\"@graph\":[{\"@type\":\"WebPage\",\"@id\":\"https:\/\/bauweb.hr\/index.php\/product\/dedra-yks040-nastavak-za-kutnu-brusilicu-za-piljenje-pod-kutem-45\/\",\"url\":\"https:\/\/bauweb.hr\/index.php\/product\/dedra-yks040-nastavak-za-kutnu-brusilicu-za-piljenje-pod-kutem-45\/\",\"name\":\"DEDRA YKS040 - Nastavak za kutnu brusilicu za piljenje pod kutem 45 - BauWeb\",\"isPartOf\":{\"@id\":\"https:\/\/bauweb.hr\/#website\"},\"primaryImageOfPage\":{\"@id\":\"https:\/\/bauweb.hr\/index.php\/product\/dedra-yks040-nastavak-za-kutnu-brusilicu-za-piljenje-pod-kutem-45\/#primaryimage\"},\"image\":{\"@id\":\"https:\/\/bauweb.hr\/index.php\/product\/dedra-yks040-nastavak-za-kutnu-brusilicu-za-piljenje-pod-kutem-45\/#primaryimage\"},\"thumbnailUrl\":\"https:\/\/bauweb.hr\/wp-content\/uploads\/2024\/08\/nastavak-za-piljenje-45.png\",\"datePublished\":\"2024-08-21T11:34:13+00:00\",\"dateModified\":\"2024-10-09T07:11:51+00:00\",\"description\":\"Potra\u017eite \u0161iroki izbor alata i materijala za profesionalne gra\u0111evinske radove. Istra\u017ei Bauweb ponudu i kupuj uz odli\u010dne popuste.\",\"breadcrumb\":{\"@id\":\"https:\/\/bauweb.hr\/index.php\/product\/dedra-yks040-nastavak-za-kutnu-brusilicu-za-piljenje-pod-kutem-45\/#breadcrumb\"},\"inLanguage\":\"hr\",\"potentialAction\":[{\"@type\":\"ReadAction\",\"target\":[\"https:\/\/bauweb.hr\/index.php\/product\/dedra-yks040-nastavak-za-kutnu-brusilicu-za-piljenje-pod-kutem-45\/\"]}]},{\"@type\":\"ImageObject\",\"inLanguage\":\"hr\",\"@id\":\"https:\/\/bauweb.hr\/index.php\/product\/dedra-yks040-nastavak-za-kutnu-brusilicu-za-piljenje-pod-kutem-45\/#primaryimage\",\"url\":\"https:\/\/bauweb.hr\/wp-content\/uploads\/2024\/08\/nastavak-za-piljenje-45.png\",\"contentUrl\":\"https:\/\/bauweb.hr\/wp-content\/uploads\/2024\/08\/nastavak-za-piljenje-45.png\",\"width\":690,\"height\":690},{\"@type\":\"BreadcrumbList\",\"@id\":\"https:\/\/bauweb.hr\/index.php\/product\/dedra-yks040-nastavak-za-kutnu-brusilicu-za-piljenje-pod-kutem-45\/#breadcrumb\",\"itemListElement\":[{\"@type\":\"ListItem\",\"position\":1,\"name\":\"Po\u010detna stranica\",\"item\":\"https:\/\/bauweb.hr\/\"},{\"@type\":\"ListItem\",\"position\":2,\"name\":\"Shop\",\"item\":\"https:\/\/bauweb.hr\/index.php\/shop-wooshop-v1\/\"},{\"@type\":\"ListItem\",\"position\":3,\"name\":\"DEDRA YKS040 &#8211; Nastavak za kutnu brusilicu za piljenje pod kutem 45\"}]},{\"@type\":\"WebSite\",\"@id\":\"https:\/\/bauweb.hr\/#website\",\"url\":\"https:\/\/bauweb.hr\/\",\"name\":\"BauWeb\",\"description\":\"Za prave majstore\",\"publisher\":{\"@id\":\"https:\/\/bauweb.hr\/#organization\"},\"alternateName\":\"BauWeb\",\"potentialAction\":[{\"@type\":\"SearchAction\",\"target\":{\"@type\":\"EntryPoint\",\"urlTemplate\":\"https:\/\/bauweb.hr\/?s={search_term_string}\"},\"query-input\":{\"@type\":\"PropertyValueSpecification\",\"valueRequired\":true,\"valueName\":\"search_term_string\"}}],\"inLanguage\":\"hr\"},{\"@type\":\"Organization\",\"@id\":\"https:\/\/bauweb.hr\/#organization\",\"name\":\"Hobi dom d.o.o.\",\"url\":\"https:\/\/bauweb.hr\/\",\"logo\":{\"@type\":\"ImageObject\",\"inLanguage\":\"hr\",\"@id\":\"https:\/\/bauweb.hr\/#\/schema\/logo\/image\/\",\"url\":\"https:\/\/bauweb.hr\/wp-content\/uploads\/2023\/01\/Bauweb_logo-01.png\",\"contentUrl\":\"https:\/\/bauweb.hr\/wp-content\/uploads\/2023\/01\/Bauweb_logo-01.png\",\"width\":842,\"height\":596,\"caption\":\"Hobi dom d.o.o.\"},\"image\":{\"@id\":\"https:\/\/bauweb.hr\/#\/schema\/logo\/image\/\"},\"sameAs\":[\"https:\/\/facebook.com\/bauweb00\",\"https:\/\/instagram.com\/bauweb_shop\"]}]}<\/script>\n<!-- \/ Yoast SEO plugin. -->","yoast_head_json":{"title":"DEDRA YKS040 - Nastavak za kutnu brusilicu za piljenje pod kutem 45 - BauWeb","description":"Potra\u017eite \u0161iroki izbor alata i materijala za profesionalne gra\u0111evinske radove. Istra\u017ei Bauweb ponudu i kupuj uz odli\u010dne popuste.","robots":{"index":"index","follow":"follow","max-snippet":"max-snippet:-1","max-image-preview":"max-image-preview:large","max-video-preview":"max-video-preview:-1"},"canonical":"https:\/\/bauweb.hr\/index.php\/product\/dedra-yks040-nastavak-za-kutnu-brusilicu-za-piljenje-pod-kutem-45\/","og_locale":"hr_HR","og_type":"article","og_title":"DEDRA YKS040 - Nastavak za kutnu brusilicu za piljenje pod kutem 45 - BauWeb","og_description":"Potra\u017eite \u0161iroki izbor alata i materijala za profesionalne gra\u0111evinske radove. Istra\u017ei Bauweb ponudu i kupuj uz odli\u010dne popuste.","og_url":"https:\/\/bauweb.hr\/index.php\/product\/dedra-yks040-nastavak-za-kutnu-brusilicu-za-piljenje-pod-kutem-45\/","og_site_name":"BauWeb","article_publisher":"https:\/\/facebook.com\/bauweb00","article_modified_time":"2024-10-09T07:11:51+00:00","og_image":[{"width":690,"height":690,"url":"https:\/\/bauweb.hr\/wp-content\/uploads\/2024\/08\/nastavak-za-piljenje-45.png","type":"image\/png"}],"twitter_card":"summary_large_image","twitter_misc":{"Procijenjeno vrijeme \u010ditanja":"2 minute"},"schema":{"@context":"https:\/\/schema.org","@graph":[{"@type":"WebPage","@id":"https:\/\/bauweb.hr\/index.php\/product\/dedra-yks040-nastavak-za-kutnu-brusilicu-za-piljenje-pod-kutem-45\/","url":"https:\/\/bauweb.hr\/index.php\/product\/dedra-yks040-nastavak-za-kutnu-brusilicu-za-piljenje-pod-kutem-45\/","name":"DEDRA YKS040 - Nastavak za kutnu brusilicu za piljenje pod kutem 45 - BauWeb","isPartOf":{"@id":"https:\/\/bauweb.hr\/#website"},"primaryImageOfPage":{"@id":"https:\/\/bauweb.hr\/index.php\/product\/dedra-yks040-nastavak-za-kutnu-brusilicu-za-piljenje-pod-kutem-45\/#primaryimage"},"image":{"@id":"https:\/\/bauweb.hr\/index.php\/product\/dedra-yks040-nastavak-za-kutnu-brusilicu-za-piljenje-pod-kutem-45\/#primaryimage"},"thumbnailUrl":"https:\/\/bauweb.hr\/wp-content\/uploads\/2024\/08\/nastavak-za-piljenje-45.png","datePublished":"2024-08-21T11:34:13+00:00","dateModified":"2024-10-09T07:11:51+00:00","description":"Potra\u017eite \u0161iroki izbor alata i materijala za profesionalne gra\u0111evinske radove. Istra\u017ei Bauweb ponudu i kupuj uz odli\u010dne popuste.","breadcrumb":{"@id":"https:\/\/bauweb.hr\/index.php\/product\/dedra-yks040-nastavak-za-kutnu-brusilicu-za-piljenje-pod-kutem-45\/#breadcrumb"},"inLanguage":"hr","potentialAction":[{"@type":"ReadAction","target":["https:\/\/bauweb.hr\/index.php\/product\/dedra-yks040-nastavak-za-kutnu-brusilicu-za-piljenje-pod-kutem-45\/"]}]},{"@type":"ImageObject","inLanguage":"hr","@id":"https:\/\/bauweb.hr\/index.php\/product\/dedra-yks040-nastavak-za-kutnu-brusilicu-za-piljenje-pod-kutem-45\/#primaryimage","url":"https:\/\/bauweb.hr\/wp-content\/uploads\/2024\/08\/nastavak-za-piljenje-45.png","contentUrl":"https:\/\/bauweb.hr\/wp-content\/uploads\/2024\/08\/nastavak-za-piljenje-45.png","width":690,"height":690},{"@type":"BreadcrumbList","@id":"https:\/\/bauweb.hr\/index.php\/product\/dedra-yks040-nastavak-za-kutnu-brusilicu-za-piljenje-pod-kutem-45\/#breadcrumb","itemListElement":[{"@type":"ListItem","position":1,"name":"Po\u010detna stranica","item":"https:\/\/bauweb.hr\/"},{"@type":"ListItem","position":2,"name":"Shop","item":"https:\/\/bauweb.hr\/index.php\/shop-wooshop-v1\/"},{"@type":"ListItem","position":3,"name":"DEDRA YKS040 &#8211; Nastavak za kutnu brusilicu za piljenje pod kutem 45"}]},{"@type":"WebSite","@id":"https:\/\/bauweb.hr\/#website","url":"https:\/\/bauweb.hr\/","name":"BauWeb","description":"Za prave majstore","publisher":{"@id":"https:\/\/bauweb.hr\/#organization"},"alternateName":"BauWeb","potentialAction":[{"@type":"SearchAction","target":{"@type":"EntryPoint","urlTemplate":"https:\/\/bauweb.hr\/?s={search_term_string}"},"query-input":{"@type":"PropertyValueSpecification","valueRequired":true,"valueName":"search_term_string"}}],"inLanguage":"hr"},{"@type":"Organization","@id":"https:\/\/bauweb.hr\/#organization","name":"Hobi dom d.o.o.","url":"https:\/\/bauweb.hr\/","logo":{"@type":"ImageObject","inLanguage":"hr","@id":"https:\/\/bauweb.hr\/#\/schema\/logo\/image\/","url":"https:\/\/bauweb.hr\/wp-content\/uploads\/2023\/01\/Bauweb_logo-01.png","contentUrl":"https:\/\/bauweb.hr\/wp-content\/uploads\/2023\/01\/Bauweb_logo-01.png","width":842,"height":596,"caption":"Hobi dom d.o.o."},"image":{"@id":"https:\/\/bauweb.hr\/#\/schema\/logo\/image\/"},"sameAs":["https:\/\/facebook.com\/bauweb00","https:\/\/instagram.com\/bauweb_shop"]}]}},"_links":{"self":[{"href":"https:\/\/bauweb.hr\/index.php\/wp-json\/wp\/v2\/product\/23223","targetHints":{"allow":["GET"]}}],"collection":[{"href":"https:\/\/bauweb.hr\/index.php\/wp-json\/wp\/v2\/product"}],"about":[{"href":"https:\/\/bauweb.hr\/index.php\/wp-json\/wp\/v2\/types\/product"}],"replies":[{"embeddable":true,"href":"https:\/\/bauweb.hr\/index.php\/wp-json\/wp\/v2\/comments?post=23223"}],"wp:featuredmedia":[{"embeddable":true,"href":"https:\/\/bauweb.hr\/index.php\/wp-json\/wp\/v2\/media\/23224"}],"wp:attachment":[{"href":"https:\/\/bauweb.hr\/index.php\/wp-json\/wp\/v2\/media?parent=23223"}],"wp:term":[{"taxonomy":"product_brand","embeddable":true,"href":"https:\/\/bauweb.hr\/index.php\/wp-json\/wp\/v2\/product_brand?post=23223"},{"taxonomy":"product_cat","embeddable":true,"href":"https:\/\/bauweb.hr\/index.php\/wp-json\/wp\/v2\/product_cat?post=23223"},{"taxonomy":"product_tag","embeddable":true,"href":"https:\/\/bauweb.hr\/index.php\/wp-json\/wp\/v2\/product_tag?post=23223"}],"curies":[{"name":"wp","href":"https:\/\/api.w.org\/{rel}","templated":true}]}}