{"id":23792,"date":"2024-09-25T13:26:21","date_gmt":"2024-09-25T11:26:21","guid":{"rendered":"https:\/\/bauweb.hr\/?post_type=product&#038;p=23792"},"modified":"2024-09-25T13:26:22","modified_gmt":"2024-09-25T11:26:22","slug":"rucna-brusilica-za-gipsane-povrsine","status":"publish","type":"product","link":"https:\/\/bauweb.hr\/index.php\/product\/rucna-brusilica-za-gipsane-povrsine\/","title":{"rendered":"Ru\u010dna brusilica za gipsane povr\u0161ine"},"content":{"rendered":"<h4><strong>DED7764 ru\u010dna brusilica za gipsane povr\u0161ine<\/strong><\/h4>\n<p>Ru\u010dne brusilice savr\u0161ene su za manje obimne zavr\u0161ne radove i za rad u malim, tijesnim ili te\u0161ko dostupnim prostorima kao \u0161to su kupaonice, stubi\u0161ta ili ni\u017ei dijelovi zidova.<\/p>\n<p>Dizajn brusilice koristi sustav za uklanjanje pra\u0161ine koji je dizajniran za rad s vre\u0107icom za pra\u0161inu &#8211; zahvaljuju\u0107i tome, ostaci koji nastaju tijekom mljevenja usisavaju se izravno u vre\u0107icu i nema potrebe za dodatnim spajanjem usisava\u010da.<br \/>\nTo, zajedno s glavom opremljenom rupama, osigurava u\u010dinkovitije uklanjanje pra\u0161ine koja nastaje tijekom rada, a samim time zna\u010dajno smanjuje njeno \u0161irenje u okolini.<\/p>\n<p>Va\u017ena karakteristika ovog modela brusilice je i regulacija usisne sile i odvojivi element ku\u0107i\u0161ta diska, koji omogu\u0107ava lak\u0161e bru\u0161enje problemati\u010dnih povr\u0161ina, npr. zadebljanja ili neravnina, te dohva\u0107anje rubova\/kutova bru\u0161enih povr\u0161ina.<\/p>\n<p>U setu s brusilicom dolazi brusni papir raznih stupnjeva &#8211; dva komada granulacije 150, 180 i 240.<\/p>\n<p>Zna\u010dajke :<\/p>\n<p>Glava s rupama &#8211; u\u010dinkovitije uklanjanje pra\u0161ine nastale tijekom rada<br \/>\nPodesiva sila usisavanja &#8211; mogu\u0107nost vrlo preciznog usisavanja u bru\u0161enu povr\u0161inu, u\u010dinkovitije uklanjanje zadebljanja itd.<br \/>\nOdvojivi element za kutove &#8211; uklanjanjem dijela poklopca diska mo\u017eete do\u0107i do rubova bru\u0161enih povr\u0161ina<br \/>\nLED rasvjeta u glavi (LED traka) &#8211; osvjetljenje radnog prostora<br \/>\nRad s vre\u0107icom za pra\u0161inu &#8211; usisavanje pra\u0161ine izravno u vre\u0107icu<br \/>\nPode\u0161avanje brzine vrtnje &#8211; mo\u017ee se prilagoditi vrsti posla koji se obavlja<\/p>\n<p>Tehni\u010dki podaci :<\/p>\n<p>Napon: 230V<br \/>\nSnaga: 750 W<br \/>\nBrzina rotacije glave: 1500-2700RPM<br \/>\nVrsta glave: okrugla<br \/>\nDimenzije diska: \u00d8 180 mm<br \/>\nVrsta motora: \u010detka<br \/>\nVrsta pogona: prijenos zup\u010danika<br \/>\nPode\u0161avanje brzine: da<br \/>\nPode\u0161avanje sile usisavanja: da<br \/>\nLED osvjetljenje: da<br \/>\nTurbina: da<br \/>\nDuljina kabela za napajanje: 4 m<br \/>\nTe\u017eina: 3,1 kg<\/p>\n<p>Uklju\u010deno:<\/p>\n<p>Brusilica [1 kom]<br \/>\nBrusni papir &#8211; razli\u010diti oblici i gradacije [6 kom]<br \/>\nBrusna plo\u010da &#8211; okrugla [1 kom]<br \/>\nVre\u0107ica za pra\u0161inu s usisnom cijevi od 2 metra [1 kom]<\/p>\n","protected":false},"excerpt":{"rendered":"<h4><strong>DED7764 ru\u010dna brusilica za gipsane povr\u0161ine<\/strong><\/h4>\n<p>Ru\u010dne brusilice savr\u0161ene su za manje obimne zavr\u0161ne radove i za rad u malim, tijesnim ili te\u0161ko dostupnim prostorima kao \u0161to su kupaonice, stubi\u0161ta ili ni\u017ei dijelovi zidova.<\/p>\n<p>Dizajn brusilice koristi sustav za uklanjanje pra\u0161ine koji je dizajniran za rad s vre\u0107icom za pra\u0161inu &#8211; zahvaljuju\u0107i tome, ostaci koji nastaju tijekom mljevenja usisavaju se izravno u vre\u0107icu i nema potrebe za dodatnim spajanjem usisava\u010da.<br \/>\nTo, zajedno s glavom opremljenom rupama, osigurava u\u010dinkovitije uklanjanje pra\u0161ine koja nastaje tijekom rada, a samim time zna\u010dajno smanjuje njeno \u0161irenje u okolini.<\/p>\n","protected":false},"featured_media":23793,"comment_status":"open","ping_status":"closed","template":"","meta":[],"product_brand":[350],"product_cat":[110,130,131,129,105,104,106],"product_tag":[],"class_list":{"0":"post-23792","1":"product","2":"type-product","3":"status-publish","4":"has-post-thumbnail","6":"product_brand-dedra","7":"product_cat-alati-pribor","8":"product_cat-alati-i-pribor-soboslikari","9":"product_cat-alati-i-pribor-gipseri-suha-gradnja","10":"product_cat-alati-i-pribor-zbukeri","11":"product_cat-gipseri-suha-gradnja","12":"product_cat-soboslikari","13":"product_cat-zbukeri","15":"first","16":"instock","17":"shipping-taxable","18":"purchasable","19":"product-type-simple"},"yoast_head":"<!-- This site is optimized with the Yoast SEO plugin v27.2 - https:\/\/yoast.com\/product\/yoast-seo-wordpress\/ -->\n<title>Ru\u010dna brusilica za gipsane povr\u0161ine - BauWeb<\/title>\n<meta name=\"description\" content=\"Potra\u017eite \u0161iroki izbor alata i materijala za profesionalne gra\u0111evinske radove. Istra\u017ei Bauweb ponudu i kupuj uz odli\u010dne popuste.\" \/>\n<meta name=\"robots\" content=\"index, follow, max-snippet:-1, max-image-preview:large, max-video-preview:-1\" \/>\n<link rel=\"canonical\" href=\"https:\/\/bauweb.hr\/index.php\/product\/rucna-brusilica-za-gipsane-povrsine\/\" \/>\n<meta property=\"og:locale\" content=\"hr_HR\" \/>\n<meta property=\"og:type\" content=\"article\" \/>\n<meta property=\"og:title\" content=\"Ru\u010dna brusilica za gipsane povr\u0161ine - BauWeb\" \/>\n<meta property=\"og:description\" content=\"Potra\u017eite \u0161iroki izbor alata i materijala za profesionalne gra\u0111evinske radove. Istra\u017ei Bauweb ponudu i kupuj uz odli\u010dne popuste.\" \/>\n<meta property=\"og:url\" content=\"https:\/\/bauweb.hr\/index.php\/product\/rucna-brusilica-za-gipsane-povrsine\/\" \/>\n<meta property=\"og:site_name\" content=\"BauWeb\" \/>\n<meta property=\"article:publisher\" content=\"https:\/\/facebook.com\/bauweb00\" \/>\n<meta property=\"article:modified_time\" content=\"2024-09-25T11:26:22+00:00\" \/>\n<meta property=\"og:image\" content=\"https:\/\/bauweb.hr\/wp-content\/uploads\/2024\/09\/brusilica-za-gips1.jpg\" \/>\n\t<meta property=\"og:image:width\" content=\"690\" \/>\n\t<meta property=\"og:image:height\" content=\"690\" \/>\n\t<meta property=\"og:image:type\" content=\"image\/jpeg\" \/>\n<meta name=\"twitter:card\" content=\"summary_large_image\" \/>\n<meta name=\"twitter:label1\" content=\"Procijenjeno vrijeme \u010ditanja\" \/>\n\t<meta name=\"twitter:data1\" content=\"2 minute\" \/>\n<script type=\"application\/ld+json\" class=\"yoast-schema-graph\">{\"@context\":\"https:\/\/schema.org\",\"@graph\":[{\"@type\":\"WebPage\",\"@id\":\"https:\/\/bauweb.hr\/index.php\/product\/rucna-brusilica-za-gipsane-povrsine\/\",\"url\":\"https:\/\/bauweb.hr\/index.php\/product\/rucna-brusilica-za-gipsane-povrsine\/\",\"name\":\"Ru\u010dna brusilica za gipsane povr\u0161ine - BauWeb\",\"isPartOf\":{\"@id\":\"https:\/\/bauweb.hr\/#website\"},\"primaryImageOfPage\":{\"@id\":\"https:\/\/bauweb.hr\/index.php\/product\/rucna-brusilica-za-gipsane-povrsine\/#primaryimage\"},\"image\":{\"@id\":\"https:\/\/bauweb.hr\/index.php\/product\/rucna-brusilica-za-gipsane-povrsine\/#primaryimage\"},\"thumbnailUrl\":\"https:\/\/bauweb.hr\/wp-content\/uploads\/2024\/09\/brusilica-za-gips1.jpg\",\"datePublished\":\"2024-09-25T11:26:21+00:00\",\"dateModified\":\"2024-09-25T11:26:22+00:00\",\"description\":\"Potra\u017eite \u0161iroki izbor alata i materijala za profesionalne gra\u0111evinske radove. Istra\u017ei Bauweb ponudu i kupuj uz odli\u010dne popuste.\",\"breadcrumb\":{\"@id\":\"https:\/\/bauweb.hr\/index.php\/product\/rucna-brusilica-za-gipsane-povrsine\/#breadcrumb\"},\"inLanguage\":\"hr\",\"potentialAction\":[{\"@type\":\"ReadAction\",\"target\":[\"https:\/\/bauweb.hr\/index.php\/product\/rucna-brusilica-za-gipsane-povrsine\/\"]}]},{\"@type\":\"ImageObject\",\"inLanguage\":\"hr\",\"@id\":\"https:\/\/bauweb.hr\/index.php\/product\/rucna-brusilica-za-gipsane-povrsine\/#primaryimage\",\"url\":\"https:\/\/bauweb.hr\/wp-content\/uploads\/2024\/09\/brusilica-za-gips1.jpg\",\"contentUrl\":\"https:\/\/bauweb.hr\/wp-content\/uploads\/2024\/09\/brusilica-za-gips1.jpg\",\"width\":690,\"height\":690},{\"@type\":\"BreadcrumbList\",\"@id\":\"https:\/\/bauweb.hr\/index.php\/product\/rucna-brusilica-za-gipsane-povrsine\/#breadcrumb\",\"itemListElement\":[{\"@type\":\"ListItem\",\"position\":1,\"name\":\"Po\u010detna stranica\",\"item\":\"https:\/\/bauweb.hr\/\"},{\"@type\":\"ListItem\",\"position\":2,\"name\":\"Shop\",\"item\":\"https:\/\/bauweb.hr\/index.php\/shop-wooshop-v1\/\"},{\"@type\":\"ListItem\",\"position\":3,\"name\":\"Ru\u010dna brusilica za gipsane povr\u0161ine\"}]},{\"@type\":\"WebSite\",\"@id\":\"https:\/\/bauweb.hr\/#website\",\"url\":\"https:\/\/bauweb.hr\/\",\"name\":\"BauWeb\",\"description\":\"Za prave majstore\",\"publisher\":{\"@id\":\"https:\/\/bauweb.hr\/#organization\"},\"alternateName\":\"BauWeb\",\"potentialAction\":[{\"@type\":\"SearchAction\",\"target\":{\"@type\":\"EntryPoint\",\"urlTemplate\":\"https:\/\/bauweb.hr\/?s={search_term_string}\"},\"query-input\":{\"@type\":\"PropertyValueSpecification\",\"valueRequired\":true,\"valueName\":\"search_term_string\"}}],\"inLanguage\":\"hr\"},{\"@type\":\"Organization\",\"@id\":\"https:\/\/bauweb.hr\/#organization\",\"name\":\"Hobi dom d.o.o.\",\"url\":\"https:\/\/bauweb.hr\/\",\"logo\":{\"@type\":\"ImageObject\",\"inLanguage\":\"hr\",\"@id\":\"https:\/\/bauweb.hr\/#\/schema\/logo\/image\/\",\"url\":\"https:\/\/bauweb.hr\/wp-content\/uploads\/2023\/01\/Bauweb_logo-01.png\",\"contentUrl\":\"https:\/\/bauweb.hr\/wp-content\/uploads\/2023\/01\/Bauweb_logo-01.png\",\"width\":842,\"height\":596,\"caption\":\"Hobi dom d.o.o.\"},\"image\":{\"@id\":\"https:\/\/bauweb.hr\/#\/schema\/logo\/image\/\"},\"sameAs\":[\"https:\/\/facebook.com\/bauweb00\",\"https:\/\/instagram.com\/bauweb_shop\"]}]}<\/script>\n<!-- \/ Yoast SEO plugin. -->","yoast_head_json":{"title":"Ru\u010dna brusilica za gipsane povr\u0161ine - BauWeb","description":"Potra\u017eite \u0161iroki izbor alata i materijala za profesionalne gra\u0111evinske radove. Istra\u017ei Bauweb ponudu i kupuj uz odli\u010dne popuste.","robots":{"index":"index","follow":"follow","max-snippet":"max-snippet:-1","max-image-preview":"max-image-preview:large","max-video-preview":"max-video-preview:-1"},"canonical":"https:\/\/bauweb.hr\/index.php\/product\/rucna-brusilica-za-gipsane-povrsine\/","og_locale":"hr_HR","og_type":"article","og_title":"Ru\u010dna brusilica za gipsane povr\u0161ine - BauWeb","og_description":"Potra\u017eite \u0161iroki izbor alata i materijala za profesionalne gra\u0111evinske radove. Istra\u017ei Bauweb ponudu i kupuj uz odli\u010dne popuste.","og_url":"https:\/\/bauweb.hr\/index.php\/product\/rucna-brusilica-za-gipsane-povrsine\/","og_site_name":"BauWeb","article_publisher":"https:\/\/facebook.com\/bauweb00","article_modified_time":"2024-09-25T11:26:22+00:00","og_image":[{"width":690,"height":690,"url":"https:\/\/bauweb.hr\/wp-content\/uploads\/2024\/09\/brusilica-za-gips1.jpg","type":"image\/jpeg"}],"twitter_card":"summary_large_image","twitter_misc":{"Procijenjeno vrijeme \u010ditanja":"2 minute"},"schema":{"@context":"https:\/\/schema.org","@graph":[{"@type":"WebPage","@id":"https:\/\/bauweb.hr\/index.php\/product\/rucna-brusilica-za-gipsane-povrsine\/","url":"https:\/\/bauweb.hr\/index.php\/product\/rucna-brusilica-za-gipsane-povrsine\/","name":"Ru\u010dna brusilica za gipsane povr\u0161ine - BauWeb","isPartOf":{"@id":"https:\/\/bauweb.hr\/#website"},"primaryImageOfPage":{"@id":"https:\/\/bauweb.hr\/index.php\/product\/rucna-brusilica-za-gipsane-povrsine\/#primaryimage"},"image":{"@id":"https:\/\/bauweb.hr\/index.php\/product\/rucna-brusilica-za-gipsane-povrsine\/#primaryimage"},"thumbnailUrl":"https:\/\/bauweb.hr\/wp-content\/uploads\/2024\/09\/brusilica-za-gips1.jpg","datePublished":"2024-09-25T11:26:21+00:00","dateModified":"2024-09-25T11:26:22+00:00","description":"Potra\u017eite \u0161iroki izbor alata i materijala za profesionalne gra\u0111evinske radove. Istra\u017ei Bauweb ponudu i kupuj uz odli\u010dne popuste.","breadcrumb":{"@id":"https:\/\/bauweb.hr\/index.php\/product\/rucna-brusilica-za-gipsane-povrsine\/#breadcrumb"},"inLanguage":"hr","potentialAction":[{"@type":"ReadAction","target":["https:\/\/bauweb.hr\/index.php\/product\/rucna-brusilica-za-gipsane-povrsine\/"]}]},{"@type":"ImageObject","inLanguage":"hr","@id":"https:\/\/bauweb.hr\/index.php\/product\/rucna-brusilica-za-gipsane-povrsine\/#primaryimage","url":"https:\/\/bauweb.hr\/wp-content\/uploads\/2024\/09\/brusilica-za-gips1.jpg","contentUrl":"https:\/\/bauweb.hr\/wp-content\/uploads\/2024\/09\/brusilica-za-gips1.jpg","width":690,"height":690},{"@type":"BreadcrumbList","@id":"https:\/\/bauweb.hr\/index.php\/product\/rucna-brusilica-za-gipsane-povrsine\/#breadcrumb","itemListElement":[{"@type":"ListItem","position":1,"name":"Po\u010detna stranica","item":"https:\/\/bauweb.hr\/"},{"@type":"ListItem","position":2,"name":"Shop","item":"https:\/\/bauweb.hr\/index.php\/shop-wooshop-v1\/"},{"@type":"ListItem","position":3,"name":"Ru\u010dna brusilica za gipsane povr\u0161ine"}]},{"@type":"WebSite","@id":"https:\/\/bauweb.hr\/#website","url":"https:\/\/bauweb.hr\/","name":"BauWeb","description":"Za prave majstore","publisher":{"@id":"https:\/\/bauweb.hr\/#organization"},"alternateName":"BauWeb","potentialAction":[{"@type":"SearchAction","target":{"@type":"EntryPoint","urlTemplate":"https:\/\/bauweb.hr\/?s={search_term_string}"},"query-input":{"@type":"PropertyValueSpecification","valueRequired":true,"valueName":"search_term_string"}}],"inLanguage":"hr"},{"@type":"Organization","@id":"https:\/\/bauweb.hr\/#organization","name":"Hobi dom d.o.o.","url":"https:\/\/bauweb.hr\/","logo":{"@type":"ImageObject","inLanguage":"hr","@id":"https:\/\/bauweb.hr\/#\/schema\/logo\/image\/","url":"https:\/\/bauweb.hr\/wp-content\/uploads\/2023\/01\/Bauweb_logo-01.png","contentUrl":"https:\/\/bauweb.hr\/wp-content\/uploads\/2023\/01\/Bauweb_logo-01.png","width":842,"height":596,"caption":"Hobi dom d.o.o."},"image":{"@id":"https:\/\/bauweb.hr\/#\/schema\/logo\/image\/"},"sameAs":["https:\/\/facebook.com\/bauweb00","https:\/\/instagram.com\/bauweb_shop"]}]}},"_links":{"self":[{"href":"https:\/\/bauweb.hr\/index.php\/wp-json\/wp\/v2\/product\/23792","targetHints":{"allow":["GET"]}}],"collection":[{"href":"https:\/\/bauweb.hr\/index.php\/wp-json\/wp\/v2\/product"}],"about":[{"href":"https:\/\/bauweb.hr\/index.php\/wp-json\/wp\/v2\/types\/product"}],"replies":[{"embeddable":true,"href":"https:\/\/bauweb.hr\/index.php\/wp-json\/wp\/v2\/comments?post=23792"}],"wp:featuredmedia":[{"embeddable":true,"href":"https:\/\/bauweb.hr\/index.php\/wp-json\/wp\/v2\/media\/23793"}],"wp:attachment":[{"href":"https:\/\/bauweb.hr\/index.php\/wp-json\/wp\/v2\/media?parent=23792"}],"wp:term":[{"taxonomy":"product_brand","embeddable":true,"href":"https:\/\/bauweb.hr\/index.php\/wp-json\/wp\/v2\/product_brand?post=23792"},{"taxonomy":"product_cat","embeddable":true,"href":"https:\/\/bauweb.hr\/index.php\/wp-json\/wp\/v2\/product_cat?post=23792"},{"taxonomy":"product_tag","embeddable":true,"href":"https:\/\/bauweb.hr\/index.php\/wp-json\/wp\/v2\/product_tag?post=23792"}],"curies":[{"name":"wp","href":"https:\/\/api.w.org\/{rel}","templated":true}]}}