{"id":23951,"date":"2024-10-30T12:29:07","date_gmt":"2024-10-30T11:29:07","guid":{"rendered":"https:\/\/bauweb.hr\/?post_type=product&#038;p=23951"},"modified":"2025-09-08T17:17:35","modified_gmt":"2025-09-08T15:17:35","slug":"distar-perfect-dijamantna-rezna-ploca-115mm","status":"publish","type":"product","link":"https:\/\/bauweb.hr\/index.php\/product\/distar-perfect-dijamantna-rezna-ploca-115mm\/","title":{"rendered":"Distar Perfect dijamantna rezna plo\u010da 115, 125 x 1,5mm"},"content":{"rendered":"<h4>Distar Perfect dijamantna rezna plo\u010da 115,125mm<\/h4>\n<p>Perfect rezna plo\u010da, najbolja je plo\u010da iz Distar palete proizvoda.<br \/>\nZahvaljuju\u0107i debljini, 1,5 mm te dodatnoj prirubnici, rezanje nikada nije bilo ovako \u010disto i precizno.<br \/>\nBez vibracija i krhotina<\/p>\n<p>Iznimno kvalitetan rezna plo\u010da za precizno rezanje kerami\u010dkih plo\u010dica.<\/p>\n<p>Izvrstan izbor za profesionalnu upotrebu:<\/p>\n<p>Dizajniran za dugotrajnu upotrebu i ravnomjerno rezanje.<\/p>\n<p>Sna\u017ean i izdr\u017eljiv:<\/p>\n<p>Pru\u017ea iznimne performanse i minimalno habanje.<\/p>\n<p>Precizno rezanje:<\/p>\n<p>Njegova preciznost omogu\u0107uje jednostavno i precizno rezanje kerami\u010dkih materijala.<\/p>\n<p>Profesionalna rezna plo\u010da za keramiku<br \/>\nDISTAR PERFECT 1A1R CUTTER je iznimno kvalitetan reza\u010d dizajniran za rezanje kerami\u010dkih plo\u010dica. Svojom precizno\u0161\u0107u i performansama omogu\u0107uje jednostavno i precizno rezanje bez ikakvih problema.<\/p>\n<p>Izvrstan izbor za profesionalnu upotrebu<br \/>\nReza\u010d je dizajniran za dugotrajnu upotrebu i osigurava ravnomjerno i glatko rezanje kerami\u010dkih materijala. Zahvaljuju\u0107i robusnom dizajnu, idealan je izbor za profesionalne obrtnike i zanatlije.<\/p>\n<p>Sna\u017ean i izdr\u017eljiv<br \/>\nS veli\u010dinom o\u0161trice 115, 125 x 1,5 x 22,23 mm, pru\u017ea iznimne performanse i preciznost pri rezanju \u0161irokog spektra kerami\u010dkih plo\u010dica. Materijali kori\u0161teni u izradi reza\u010da osiguravaju dug vijek trajanja i minimalno habanje.<\/p>\n<p>Za sve one koji tra\u017ee pouzdan i visokokvalitetan reza\u010d keramike, DISTAR PERFECT 1A1R CUTTER je pravi izbor. Uvjerite se sami i nabavite vrhunski alat za obradu kerami\u010dkih materijala.<\/p>\n","protected":false},"excerpt":{"rendered":"<h4>Distar Perfect dijamantna rezna plo\u010da 115mm<\/h4>\n<p>Perfect rezna plo\u010da, najbolja je plo\u010da iz Distar palete proizvoda.<br \/>\nZahvaljuju\u0107i debljini, 1,5 mm te dodatnoj prirubnici, rezanje nikada nije bilo ovako \u010disto i precizno.<br \/>\nBez vibracija i krhotina<\/p>\n<p>115&#215;1,5&#215;22,23mm<\/p>\n<p>125&#215;1,5&#215;22,23mm<\/p>\n","protected":false},"featured_media":23952,"comment_status":"open","ping_status":"closed","template":"","meta":[],"product_brand":[386],"product_cat":[102,185],"product_tag":[],"class_list":{"0":"post-23951","1":"product","2":"type-product","3":"status-publish","4":"has-post-thumbnail","6":"product_brand-distar","7":"product_cat-keramicari","8":"product_cat-rezne-ploce","10":"first","11":"instock","12":"shipping-taxable","13":"purchasable","14":"product-type-variable"},"yoast_head":"<!-- This site is optimized with the Yoast SEO plugin v27.2 - https:\/\/yoast.com\/product\/yoast-seo-wordpress\/ -->\n<title>Distar Perfect dijamantna rezna plo\u010da 115, 125 x 1,5mm - BauWeb<\/title>\n<meta name=\"description\" content=\"Potra\u017eite \u0161iroki izbor alata i materijala za profesionalne gra\u0111evinske radove. Istra\u017ei Bauweb ponudu i kupuj uz odli\u010dne popuste.\" \/>\n<meta name=\"robots\" content=\"index, follow, max-snippet:-1, max-image-preview:large, max-video-preview:-1\" \/>\n<link rel=\"canonical\" href=\"https:\/\/bauweb.hr\/index.php\/product\/distar-perfect-dijamantna-rezna-ploca-115mm\/\" \/>\n<meta property=\"og:locale\" content=\"hr_HR\" \/>\n<meta property=\"og:type\" content=\"article\" \/>\n<meta property=\"og:title\" content=\"Distar Perfect dijamantna rezna plo\u010da 115, 125 x 1,5mm - BauWeb\" \/>\n<meta property=\"og:description\" content=\"Potra\u017eite \u0161iroki izbor alata i materijala za profesionalne gra\u0111evinske radove. Istra\u017ei Bauweb ponudu i kupuj uz odli\u010dne popuste.\" \/>\n<meta property=\"og:url\" content=\"https:\/\/bauweb.hr\/index.php\/product\/distar-perfect-dijamantna-rezna-ploca-115mm\/\" \/>\n<meta property=\"og:site_name\" content=\"BauWeb\" \/>\n<meta property=\"article:publisher\" content=\"https:\/\/facebook.com\/bauweb00\" \/>\n<meta property=\"article:modified_time\" content=\"2025-09-08T15:17:35+00:00\" \/>\n<meta property=\"og:image\" content=\"https:\/\/bauweb.hr\/wp-content\/uploads\/2024\/10\/DISTAR_PERFECT.jpg\" \/>\n\t<meta property=\"og:image:width\" content=\"690\" \/>\n\t<meta property=\"og:image:height\" content=\"690\" \/>\n\t<meta property=\"og:image:type\" content=\"image\/jpeg\" \/>\n<meta name=\"twitter:card\" content=\"summary_large_image\" \/>\n<meta name=\"twitter:label1\" content=\"Procijenjeno vrijeme \u010ditanja\" \/>\n\t<meta name=\"twitter:data1\" content=\"2 minute\" \/>\n<script type=\"application\/ld+json\" class=\"yoast-schema-graph\">{\"@context\":\"https:\/\/schema.org\",\"@graph\":[{\"@type\":\"WebPage\",\"@id\":\"https:\/\/bauweb.hr\/index.php\/product\/distar-perfect-dijamantna-rezna-ploca-115mm\/\",\"url\":\"https:\/\/bauweb.hr\/index.php\/product\/distar-perfect-dijamantna-rezna-ploca-115mm\/\",\"name\":\"Distar Perfect dijamantna rezna plo\u010da 115, 125 x 1,5mm - BauWeb\",\"isPartOf\":{\"@id\":\"https:\/\/bauweb.hr\/#website\"},\"primaryImageOfPage\":{\"@id\":\"https:\/\/bauweb.hr\/index.php\/product\/distar-perfect-dijamantna-rezna-ploca-115mm\/#primaryimage\"},\"image\":{\"@id\":\"https:\/\/bauweb.hr\/index.php\/product\/distar-perfect-dijamantna-rezna-ploca-115mm\/#primaryimage\"},\"thumbnailUrl\":\"https:\/\/bauweb.hr\/wp-content\/uploads\/2024\/10\/DISTAR_PERFECT.jpg\",\"datePublished\":\"2024-10-30T11:29:07+00:00\",\"dateModified\":\"2025-09-08T15:17:35+00:00\",\"description\":\"Potra\u017eite \u0161iroki izbor alata i materijala za profesionalne gra\u0111evinske radove. Istra\u017ei Bauweb ponudu i kupuj uz odli\u010dne popuste.\",\"breadcrumb\":{\"@id\":\"https:\/\/bauweb.hr\/index.php\/product\/distar-perfect-dijamantna-rezna-ploca-115mm\/#breadcrumb\"},\"inLanguage\":\"hr\",\"potentialAction\":[{\"@type\":\"ReadAction\",\"target\":[\"https:\/\/bauweb.hr\/index.php\/product\/distar-perfect-dijamantna-rezna-ploca-115mm\/\"]}]},{\"@type\":\"ImageObject\",\"inLanguage\":\"hr\",\"@id\":\"https:\/\/bauweb.hr\/index.php\/product\/distar-perfect-dijamantna-rezna-ploca-115mm\/#primaryimage\",\"url\":\"https:\/\/bauweb.hr\/wp-content\/uploads\/2024\/10\/DISTAR_PERFECT.jpg\",\"contentUrl\":\"https:\/\/bauweb.hr\/wp-content\/uploads\/2024\/10\/DISTAR_PERFECT.jpg\",\"width\":690,\"height\":690},{\"@type\":\"BreadcrumbList\",\"@id\":\"https:\/\/bauweb.hr\/index.php\/product\/distar-perfect-dijamantna-rezna-ploca-115mm\/#breadcrumb\",\"itemListElement\":[{\"@type\":\"ListItem\",\"position\":1,\"name\":\"Po\u010detna stranica\",\"item\":\"https:\/\/bauweb.hr\/\"},{\"@type\":\"ListItem\",\"position\":2,\"name\":\"Shop\",\"item\":\"https:\/\/bauweb.hr\/index.php\/shop-wooshop-v1\/\"},{\"@type\":\"ListItem\",\"position\":3,\"name\":\"Distar Perfect dijamantna rezna plo\u010da 115, 125 x 1,5mm\"}]},{\"@type\":\"WebSite\",\"@id\":\"https:\/\/bauweb.hr\/#website\",\"url\":\"https:\/\/bauweb.hr\/\",\"name\":\"BauWeb\",\"description\":\"Za prave majstore\",\"publisher\":{\"@id\":\"https:\/\/bauweb.hr\/#organization\"},\"alternateName\":\"BauWeb\",\"potentialAction\":[{\"@type\":\"SearchAction\",\"target\":{\"@type\":\"EntryPoint\",\"urlTemplate\":\"https:\/\/bauweb.hr\/?s={search_term_string}\"},\"query-input\":{\"@type\":\"PropertyValueSpecification\",\"valueRequired\":true,\"valueName\":\"search_term_string\"}}],\"inLanguage\":\"hr\"},{\"@type\":\"Organization\",\"@id\":\"https:\/\/bauweb.hr\/#organization\",\"name\":\"Hobi dom d.o.o.\",\"url\":\"https:\/\/bauweb.hr\/\",\"logo\":{\"@type\":\"ImageObject\",\"inLanguage\":\"hr\",\"@id\":\"https:\/\/bauweb.hr\/#\/schema\/logo\/image\/\",\"url\":\"https:\/\/bauweb.hr\/wp-content\/uploads\/2023\/01\/Bauweb_logo-01.png\",\"contentUrl\":\"https:\/\/bauweb.hr\/wp-content\/uploads\/2023\/01\/Bauweb_logo-01.png\",\"width\":842,\"height\":596,\"caption\":\"Hobi dom d.o.o.\"},\"image\":{\"@id\":\"https:\/\/bauweb.hr\/#\/schema\/logo\/image\/\"},\"sameAs\":[\"https:\/\/facebook.com\/bauweb00\",\"https:\/\/instagram.com\/bauweb_shop\"]}]}<\/script>\n<!-- \/ Yoast SEO plugin. -->","yoast_head_json":{"title":"Distar Perfect dijamantna rezna plo\u010da 115, 125 x 1,5mm - BauWeb","description":"Potra\u017eite \u0161iroki izbor alata i materijala za profesionalne gra\u0111evinske radove. Istra\u017ei Bauweb ponudu i kupuj uz odli\u010dne popuste.","robots":{"index":"index","follow":"follow","max-snippet":"max-snippet:-1","max-image-preview":"max-image-preview:large","max-video-preview":"max-video-preview:-1"},"canonical":"https:\/\/bauweb.hr\/index.php\/product\/distar-perfect-dijamantna-rezna-ploca-115mm\/","og_locale":"hr_HR","og_type":"article","og_title":"Distar Perfect dijamantna rezna plo\u010da 115, 125 x 1,5mm - BauWeb","og_description":"Potra\u017eite \u0161iroki izbor alata i materijala za profesionalne gra\u0111evinske radove. Istra\u017ei Bauweb ponudu i kupuj uz odli\u010dne popuste.","og_url":"https:\/\/bauweb.hr\/index.php\/product\/distar-perfect-dijamantna-rezna-ploca-115mm\/","og_site_name":"BauWeb","article_publisher":"https:\/\/facebook.com\/bauweb00","article_modified_time":"2025-09-08T15:17:35+00:00","og_image":[{"width":690,"height":690,"url":"https:\/\/bauweb.hr\/wp-content\/uploads\/2024\/10\/DISTAR_PERFECT.jpg","type":"image\/jpeg"}],"twitter_card":"summary_large_image","twitter_misc":{"Procijenjeno vrijeme \u010ditanja":"2 minute"},"schema":{"@context":"https:\/\/schema.org","@graph":[{"@type":"WebPage","@id":"https:\/\/bauweb.hr\/index.php\/product\/distar-perfect-dijamantna-rezna-ploca-115mm\/","url":"https:\/\/bauweb.hr\/index.php\/product\/distar-perfect-dijamantna-rezna-ploca-115mm\/","name":"Distar Perfect dijamantna rezna plo\u010da 115, 125 x 1,5mm - BauWeb","isPartOf":{"@id":"https:\/\/bauweb.hr\/#website"},"primaryImageOfPage":{"@id":"https:\/\/bauweb.hr\/index.php\/product\/distar-perfect-dijamantna-rezna-ploca-115mm\/#primaryimage"},"image":{"@id":"https:\/\/bauweb.hr\/index.php\/product\/distar-perfect-dijamantna-rezna-ploca-115mm\/#primaryimage"},"thumbnailUrl":"https:\/\/bauweb.hr\/wp-content\/uploads\/2024\/10\/DISTAR_PERFECT.jpg","datePublished":"2024-10-30T11:29:07+00:00","dateModified":"2025-09-08T15:17:35+00:00","description":"Potra\u017eite \u0161iroki izbor alata i materijala za profesionalne gra\u0111evinske radove. Istra\u017ei Bauweb ponudu i kupuj uz odli\u010dne popuste.","breadcrumb":{"@id":"https:\/\/bauweb.hr\/index.php\/product\/distar-perfect-dijamantna-rezna-ploca-115mm\/#breadcrumb"},"inLanguage":"hr","potentialAction":[{"@type":"ReadAction","target":["https:\/\/bauweb.hr\/index.php\/product\/distar-perfect-dijamantna-rezna-ploca-115mm\/"]}]},{"@type":"ImageObject","inLanguage":"hr","@id":"https:\/\/bauweb.hr\/index.php\/product\/distar-perfect-dijamantna-rezna-ploca-115mm\/#primaryimage","url":"https:\/\/bauweb.hr\/wp-content\/uploads\/2024\/10\/DISTAR_PERFECT.jpg","contentUrl":"https:\/\/bauweb.hr\/wp-content\/uploads\/2024\/10\/DISTAR_PERFECT.jpg","width":690,"height":690},{"@type":"BreadcrumbList","@id":"https:\/\/bauweb.hr\/index.php\/product\/distar-perfect-dijamantna-rezna-ploca-115mm\/#breadcrumb","itemListElement":[{"@type":"ListItem","position":1,"name":"Po\u010detna stranica","item":"https:\/\/bauweb.hr\/"},{"@type":"ListItem","position":2,"name":"Shop","item":"https:\/\/bauweb.hr\/index.php\/shop-wooshop-v1\/"},{"@type":"ListItem","position":3,"name":"Distar Perfect dijamantna rezna plo\u010da 115, 125 x 1,5mm"}]},{"@type":"WebSite","@id":"https:\/\/bauweb.hr\/#website","url":"https:\/\/bauweb.hr\/","name":"BauWeb","description":"Za prave majstore","publisher":{"@id":"https:\/\/bauweb.hr\/#organization"},"alternateName":"BauWeb","potentialAction":[{"@type":"SearchAction","target":{"@type":"EntryPoint","urlTemplate":"https:\/\/bauweb.hr\/?s={search_term_string}"},"query-input":{"@type":"PropertyValueSpecification","valueRequired":true,"valueName":"search_term_string"}}],"inLanguage":"hr"},{"@type":"Organization","@id":"https:\/\/bauweb.hr\/#organization","name":"Hobi dom d.o.o.","url":"https:\/\/bauweb.hr\/","logo":{"@type":"ImageObject","inLanguage":"hr","@id":"https:\/\/bauweb.hr\/#\/schema\/logo\/image\/","url":"https:\/\/bauweb.hr\/wp-content\/uploads\/2023\/01\/Bauweb_logo-01.png","contentUrl":"https:\/\/bauweb.hr\/wp-content\/uploads\/2023\/01\/Bauweb_logo-01.png","width":842,"height":596,"caption":"Hobi dom d.o.o."},"image":{"@id":"https:\/\/bauweb.hr\/#\/schema\/logo\/image\/"},"sameAs":["https:\/\/facebook.com\/bauweb00","https:\/\/instagram.com\/bauweb_shop"]}]}},"_links":{"self":[{"href":"https:\/\/bauweb.hr\/index.php\/wp-json\/wp\/v2\/product\/23951","targetHints":{"allow":["GET"]}}],"collection":[{"href":"https:\/\/bauweb.hr\/index.php\/wp-json\/wp\/v2\/product"}],"about":[{"href":"https:\/\/bauweb.hr\/index.php\/wp-json\/wp\/v2\/types\/product"}],"replies":[{"embeddable":true,"href":"https:\/\/bauweb.hr\/index.php\/wp-json\/wp\/v2\/comments?post=23951"}],"wp:featuredmedia":[{"embeddable":true,"href":"https:\/\/bauweb.hr\/index.php\/wp-json\/wp\/v2\/media\/23952"}],"wp:attachment":[{"href":"https:\/\/bauweb.hr\/index.php\/wp-json\/wp\/v2\/media?parent=23951"}],"wp:term":[{"taxonomy":"product_brand","embeddable":true,"href":"https:\/\/bauweb.hr\/index.php\/wp-json\/wp\/v2\/product_brand?post=23951"},{"taxonomy":"product_cat","embeddable":true,"href":"https:\/\/bauweb.hr\/index.php\/wp-json\/wp\/v2\/product_cat?post=23951"},{"taxonomy":"product_tag","embeddable":true,"href":"https:\/\/bauweb.hr\/index.php\/wp-json\/wp\/v2\/product_tag?post=23951"}],"curies":[{"name":"wp","href":"https:\/\/api.w.org\/{rel}","templated":true}]}}