{"id":23972,"date":"2024-10-30T14:41:04","date_gmt":"2024-10-30T13:41:04","guid":{"rendered":"https:\/\/bauweb.hr\/?post_type=product&#038;p=23972"},"modified":"2024-10-30T14:42:44","modified_gmt":"2024-10-30T13:42:44","slug":"rotacijska-ekscentricna-polirka-125mm","status":"publish","type":"product","link":"https:\/\/bauweb.hr\/index.php\/product\/rotacijska-ekscentricna-polirka-125mm\/","title":{"rendered":"Rotacijska ekscentri\u010dna polirka 125mm"},"content":{"rendered":"<h4>DED7085 Rotacijska ekscentri\u010dna polirka 125mm<\/h4>\n<p>Polirka je alat koji ne smije nedostajati u opremi svakog ljubitelja automobila, lakirerske radionice ili ljudi koji se bave regeneracijom farova.<br \/>\nPolirke su tako\u0111er korisne u situacijama kada \u017eelimo osvje\u017eiti metalnu povr\u0161inu, npr. poliranjem \u010deli\u010dne zavr\u0161ne obrade radnih plo\u010da ili elemenata od prirodnog kamena kao \u0161to su stepenice, podovi ili prozorske klupice.<br \/>\nRotacijsko-ekscentri\u010dna polirka DEDRA DED7085 iz serije SAS + ALL napaja se pomo\u0107u jedne baterije od 18 V koja mo\u017ee napajati svaki ure\u0111aj iz serije SAS + ALL.<br \/>\nTime je polirka potpuni alat, a ne nepotrebna naprava koju \u0107emo nakon prve uporabe ostaviti u kutu.<br \/>\nPromjer jastu\u010di\u0107a za poliranje (125 mm) i rotacijsko-ekscentri\u010dni pokret osiguravaju ravnomjernu obradu gotove povr\u0161ine.<br \/>\nManji promjer diskova omogu\u0107uje precizniju obradu te\u0161ko dostupnih povr\u0161ina ili s manjim povr\u0161inama.<br \/>\nPodesiva brzina rotacije omogu\u0107uje prilagodbu brzine prema tretiranoj povr\u0161ini, tvrdo\u0107i i kori\u0161tenim sredstvima za poliranje.<br \/>\nUre\u0111aj ima sigurnosni prekida\u010d koji \u0161titi od slu\u010dajnog aktiviranja \u010dak i tijekom transporta s pri\u010dvr\u0161\u0107enim ure\u0111ajem.<br \/>\nRu\u010dka je dodatno gumirana \u0161to osigurava ve\u0107u udobnost i sigurniji zahvat \u010dak i pri dugotrajnoj uporabi.<\/p>\n<p><strong>Zna\u010dajke 18V DEDRA DED7085 be\u017ei\u010dne rotacijske ma\u0161ine za poliranje:<\/strong><br \/>\nMobilnost &#8211; stroj za poliranje na baterije<br \/>\nKonstantna brzina bez obzira na optere\u0107enje<br \/>\nUdobna gumena dr\u0161ka protiv vibracija<br \/>\nPromjer jastu\u010di\u0107a za poliranje &#8211; 125 mm<br \/>\nKontrola brzine<br \/>\nSiguran prekida\u010d<br \/>\nTehni\u010dki podaci:<br \/>\nNapajanje: 18 V<br \/>\nBrzina vrtnje: 3000-6000 o\/min<br \/>\nOscilacija od 4,5 mm<br \/>\nPromjer jastu\u010di\u0107a za poliranje: 125 mm<br \/>\nNa\u010din rada: rotacijski-ekscentri\u010dni<br \/>\nPribli\u017eno vrijeme rada na bateriji DED7032 od 2,0 Ah &#8211; nije dostupno<br \/>\nPribli\u017eno radno vrijeme na bateriji DED7034 od 4,0 Ah &#8211; nije dostupno<br \/>\nPribli\u017eno radno vrijeme na bateriji DED7035 od 5,0 Ah &#8211; nije dostupno<\/p>\n<p><strong>\u00a0 \u00a0 \u00a0 \u00a0 \u00a0 \u00a0 \u00a0 \u00a0 \u00a0 \u00a0 \u00a0 \u00a0 \u00a0 \u00a0 \u00a0 \u00a0 \u00a0 \u00a0 \u00a0 \u00a0 \u00a0 \u00a0 \u00a0 \u00a0 \u00a0 \u00a0 \u00a0 \u00a0 \u00a0 \u00a0 \u00a0 \u00a0 \u00a0 \u00a0 \u00a0 \u00a0 \u00a0 \u00a0 \u00a0 Proizvod ne uklju\u010duje bateriju i punja\u010d.<\/strong><\/p>\n<p style=\"text-align: center;\"><strong>Nemojte zaboraviti kupiti punja\u010d i baterijski paket..<\/strong><\/p>\n","protected":false},"excerpt":{"rendered":"<h4>DED7085 Rotacijska ekscentri\u010dna polirka 125mm<\/h4>\n<p>Polirka je alat koji ne smije nedostajati u opremi svakog ljubitelja automobila, lakirerske radionice ili ljudi koji se bave regeneracijom farova.<br \/>\nPolirke su tako\u0111er korisne u situacijama kada \u017eelimo osvje\u017eiti metalnu povr\u0161inu, npr. poliranjem \u010deli\u010dne zavr\u0161ne obrade radnih plo\u010da ili elemenata od prirodnog kamena kao \u0161to su stepenice, podovi ili prozorske klupice.<br \/>\nRotacijsko-ekscentri\u010dna polirka DEDRA DED7085 iz serije SAS + ALL napaja se pomo\u0107u jedne baterije od 18 V koja mo\u017ee napajati svaki ure\u0111aj iz serije SAS + ALL.<\/p>\n","protected":false},"featured_media":23973,"comment_status":"open","ping_status":"closed","template":"","meta":[],"product_brand":[350],"product_cat":[110],"product_tag":[],"class_list":{"0":"post-23972","1":"product","2":"type-product","3":"status-publish","4":"has-post-thumbnail","6":"product_brand-dedra","7":"product_cat-alati-pribor","9":"first","10":"instock","11":"shipping-taxable","12":"purchasable","13":"product-type-simple"},"yoast_head":"<!-- This site is optimized with the Yoast SEO plugin v27.2 - https:\/\/yoast.com\/product\/yoast-seo-wordpress\/ -->\n<title>Rotacijska ekscentri\u010dna polirka 125mm - BauWeb<\/title>\n<meta name=\"description\" content=\"Potra\u017eite \u0161iroki izbor alata i materijala za profesionalne gra\u0111evinske radove. Istra\u017ei Bauweb ponudu i kupuj uz odli\u010dne popuste.\" \/>\n<meta name=\"robots\" content=\"index, follow, max-snippet:-1, max-image-preview:large, max-video-preview:-1\" \/>\n<link rel=\"canonical\" href=\"https:\/\/bauweb.hr\/index.php\/product\/rotacijska-ekscentricna-polirka-125mm\/\" \/>\n<meta property=\"og:locale\" content=\"hr_HR\" \/>\n<meta property=\"og:type\" content=\"article\" \/>\n<meta property=\"og:title\" content=\"Rotacijska ekscentri\u010dna polirka 125mm - BauWeb\" \/>\n<meta property=\"og:description\" content=\"Potra\u017eite \u0161iroki izbor alata i materijala za profesionalne gra\u0111evinske radove. Istra\u017ei Bauweb ponudu i kupuj uz odli\u010dne popuste.\" \/>\n<meta property=\"og:url\" content=\"https:\/\/bauweb.hr\/index.php\/product\/rotacijska-ekscentricna-polirka-125mm\/\" \/>\n<meta property=\"og:site_name\" content=\"BauWeb\" \/>\n<meta property=\"article:publisher\" content=\"https:\/\/facebook.com\/bauweb00\" \/>\n<meta property=\"article:modified_time\" content=\"2024-10-30T13:42:44+00:00\" \/>\n<meta property=\"og:image\" content=\"https:\/\/bauweb.hr\/wp-content\/uploads\/2024\/10\/ded7085.jpg\" \/>\n\t<meta property=\"og:image:width\" content=\"690\" \/>\n\t<meta property=\"og:image:height\" content=\"690\" \/>\n\t<meta property=\"og:image:type\" content=\"image\/jpeg\" \/>\n<meta name=\"twitter:card\" content=\"summary_large_image\" \/>\n<meta name=\"twitter:label1\" content=\"Procijenjeno vrijeme \u010ditanja\" \/>\n\t<meta name=\"twitter:data1\" content=\"2 minute\" \/>\n<script type=\"application\/ld+json\" class=\"yoast-schema-graph\">{\"@context\":\"https:\/\/schema.org\",\"@graph\":[{\"@type\":\"WebPage\",\"@id\":\"https:\/\/bauweb.hr\/index.php\/product\/rotacijska-ekscentricna-polirka-125mm\/\",\"url\":\"https:\/\/bauweb.hr\/index.php\/product\/rotacijska-ekscentricna-polirka-125mm\/\",\"name\":\"Rotacijska ekscentri\u010dna polirka 125mm - BauWeb\",\"isPartOf\":{\"@id\":\"https:\/\/bauweb.hr\/#website\"},\"primaryImageOfPage\":{\"@id\":\"https:\/\/bauweb.hr\/index.php\/product\/rotacijska-ekscentricna-polirka-125mm\/#primaryimage\"},\"image\":{\"@id\":\"https:\/\/bauweb.hr\/index.php\/product\/rotacijska-ekscentricna-polirka-125mm\/#primaryimage\"},\"thumbnailUrl\":\"https:\/\/bauweb.hr\/wp-content\/uploads\/2024\/10\/ded7085.jpg\",\"datePublished\":\"2024-10-30T13:41:04+00:00\",\"dateModified\":\"2024-10-30T13:42:44+00:00\",\"description\":\"Potra\u017eite \u0161iroki izbor alata i materijala za profesionalne gra\u0111evinske radove. Istra\u017ei Bauweb ponudu i kupuj uz odli\u010dne popuste.\",\"breadcrumb\":{\"@id\":\"https:\/\/bauweb.hr\/index.php\/product\/rotacijska-ekscentricna-polirka-125mm\/#breadcrumb\"},\"inLanguage\":\"hr\",\"potentialAction\":[{\"@type\":\"ReadAction\",\"target\":[\"https:\/\/bauweb.hr\/index.php\/product\/rotacijska-ekscentricna-polirka-125mm\/\"]}]},{\"@type\":\"ImageObject\",\"inLanguage\":\"hr\",\"@id\":\"https:\/\/bauweb.hr\/index.php\/product\/rotacijska-ekscentricna-polirka-125mm\/#primaryimage\",\"url\":\"https:\/\/bauweb.hr\/wp-content\/uploads\/2024\/10\/ded7085.jpg\",\"contentUrl\":\"https:\/\/bauweb.hr\/wp-content\/uploads\/2024\/10\/ded7085.jpg\",\"width\":690,\"height\":690},{\"@type\":\"BreadcrumbList\",\"@id\":\"https:\/\/bauweb.hr\/index.php\/product\/rotacijska-ekscentricna-polirka-125mm\/#breadcrumb\",\"itemListElement\":[{\"@type\":\"ListItem\",\"position\":1,\"name\":\"Po\u010detna stranica\",\"item\":\"https:\/\/bauweb.hr\/\"},{\"@type\":\"ListItem\",\"position\":2,\"name\":\"Shop\",\"item\":\"https:\/\/bauweb.hr\/index.php\/shop-wooshop-v1\/\"},{\"@type\":\"ListItem\",\"position\":3,\"name\":\"Rotacijska ekscentri\u010dna polirka 125mm\"}]},{\"@type\":\"WebSite\",\"@id\":\"https:\/\/bauweb.hr\/#website\",\"url\":\"https:\/\/bauweb.hr\/\",\"name\":\"BauWeb\",\"description\":\"Za prave majstore\",\"publisher\":{\"@id\":\"https:\/\/bauweb.hr\/#organization\"},\"alternateName\":\"BauWeb\",\"potentialAction\":[{\"@type\":\"SearchAction\",\"target\":{\"@type\":\"EntryPoint\",\"urlTemplate\":\"https:\/\/bauweb.hr\/?s={search_term_string}\"},\"query-input\":{\"@type\":\"PropertyValueSpecification\",\"valueRequired\":true,\"valueName\":\"search_term_string\"}}],\"inLanguage\":\"hr\"},{\"@type\":\"Organization\",\"@id\":\"https:\/\/bauweb.hr\/#organization\",\"name\":\"Hobi dom d.o.o.\",\"url\":\"https:\/\/bauweb.hr\/\",\"logo\":{\"@type\":\"ImageObject\",\"inLanguage\":\"hr\",\"@id\":\"https:\/\/bauweb.hr\/#\/schema\/logo\/image\/\",\"url\":\"https:\/\/bauweb.hr\/wp-content\/uploads\/2023\/01\/Bauweb_logo-01.png\",\"contentUrl\":\"https:\/\/bauweb.hr\/wp-content\/uploads\/2023\/01\/Bauweb_logo-01.png\",\"width\":842,\"height\":596,\"caption\":\"Hobi dom d.o.o.\"},\"image\":{\"@id\":\"https:\/\/bauweb.hr\/#\/schema\/logo\/image\/\"},\"sameAs\":[\"https:\/\/facebook.com\/bauweb00\",\"https:\/\/instagram.com\/bauweb_shop\"]}]}<\/script>\n<!-- \/ Yoast SEO plugin. -->","yoast_head_json":{"title":"Rotacijska ekscentri\u010dna polirka 125mm - BauWeb","description":"Potra\u017eite \u0161iroki izbor alata i materijala za profesionalne gra\u0111evinske radove. Istra\u017ei Bauweb ponudu i kupuj uz odli\u010dne popuste.","robots":{"index":"index","follow":"follow","max-snippet":"max-snippet:-1","max-image-preview":"max-image-preview:large","max-video-preview":"max-video-preview:-1"},"canonical":"https:\/\/bauweb.hr\/index.php\/product\/rotacijska-ekscentricna-polirka-125mm\/","og_locale":"hr_HR","og_type":"article","og_title":"Rotacijska ekscentri\u010dna polirka 125mm - BauWeb","og_description":"Potra\u017eite \u0161iroki izbor alata i materijala za profesionalne gra\u0111evinske radove. Istra\u017ei Bauweb ponudu i kupuj uz odli\u010dne popuste.","og_url":"https:\/\/bauweb.hr\/index.php\/product\/rotacijska-ekscentricna-polirka-125mm\/","og_site_name":"BauWeb","article_publisher":"https:\/\/facebook.com\/bauweb00","article_modified_time":"2024-10-30T13:42:44+00:00","og_image":[{"width":690,"height":690,"url":"https:\/\/bauweb.hr\/wp-content\/uploads\/2024\/10\/ded7085.jpg","type":"image\/jpeg"}],"twitter_card":"summary_large_image","twitter_misc":{"Procijenjeno vrijeme \u010ditanja":"2 minute"},"schema":{"@context":"https:\/\/schema.org","@graph":[{"@type":"WebPage","@id":"https:\/\/bauweb.hr\/index.php\/product\/rotacijska-ekscentricna-polirka-125mm\/","url":"https:\/\/bauweb.hr\/index.php\/product\/rotacijska-ekscentricna-polirka-125mm\/","name":"Rotacijska ekscentri\u010dna polirka 125mm - BauWeb","isPartOf":{"@id":"https:\/\/bauweb.hr\/#website"},"primaryImageOfPage":{"@id":"https:\/\/bauweb.hr\/index.php\/product\/rotacijska-ekscentricna-polirka-125mm\/#primaryimage"},"image":{"@id":"https:\/\/bauweb.hr\/index.php\/product\/rotacijska-ekscentricna-polirka-125mm\/#primaryimage"},"thumbnailUrl":"https:\/\/bauweb.hr\/wp-content\/uploads\/2024\/10\/ded7085.jpg","datePublished":"2024-10-30T13:41:04+00:00","dateModified":"2024-10-30T13:42:44+00:00","description":"Potra\u017eite \u0161iroki izbor alata i materijala za profesionalne gra\u0111evinske radove. Istra\u017ei Bauweb ponudu i kupuj uz odli\u010dne popuste.","breadcrumb":{"@id":"https:\/\/bauweb.hr\/index.php\/product\/rotacijska-ekscentricna-polirka-125mm\/#breadcrumb"},"inLanguage":"hr","potentialAction":[{"@type":"ReadAction","target":["https:\/\/bauweb.hr\/index.php\/product\/rotacijska-ekscentricna-polirka-125mm\/"]}]},{"@type":"ImageObject","inLanguage":"hr","@id":"https:\/\/bauweb.hr\/index.php\/product\/rotacijska-ekscentricna-polirka-125mm\/#primaryimage","url":"https:\/\/bauweb.hr\/wp-content\/uploads\/2024\/10\/ded7085.jpg","contentUrl":"https:\/\/bauweb.hr\/wp-content\/uploads\/2024\/10\/ded7085.jpg","width":690,"height":690},{"@type":"BreadcrumbList","@id":"https:\/\/bauweb.hr\/index.php\/product\/rotacijska-ekscentricna-polirka-125mm\/#breadcrumb","itemListElement":[{"@type":"ListItem","position":1,"name":"Po\u010detna stranica","item":"https:\/\/bauweb.hr\/"},{"@type":"ListItem","position":2,"name":"Shop","item":"https:\/\/bauweb.hr\/index.php\/shop-wooshop-v1\/"},{"@type":"ListItem","position":3,"name":"Rotacijska ekscentri\u010dna polirka 125mm"}]},{"@type":"WebSite","@id":"https:\/\/bauweb.hr\/#website","url":"https:\/\/bauweb.hr\/","name":"BauWeb","description":"Za prave majstore","publisher":{"@id":"https:\/\/bauweb.hr\/#organization"},"alternateName":"BauWeb","potentialAction":[{"@type":"SearchAction","target":{"@type":"EntryPoint","urlTemplate":"https:\/\/bauweb.hr\/?s={search_term_string}"},"query-input":{"@type":"PropertyValueSpecification","valueRequired":true,"valueName":"search_term_string"}}],"inLanguage":"hr"},{"@type":"Organization","@id":"https:\/\/bauweb.hr\/#organization","name":"Hobi dom d.o.o.","url":"https:\/\/bauweb.hr\/","logo":{"@type":"ImageObject","inLanguage":"hr","@id":"https:\/\/bauweb.hr\/#\/schema\/logo\/image\/","url":"https:\/\/bauweb.hr\/wp-content\/uploads\/2023\/01\/Bauweb_logo-01.png","contentUrl":"https:\/\/bauweb.hr\/wp-content\/uploads\/2023\/01\/Bauweb_logo-01.png","width":842,"height":596,"caption":"Hobi dom d.o.o."},"image":{"@id":"https:\/\/bauweb.hr\/#\/schema\/logo\/image\/"},"sameAs":["https:\/\/facebook.com\/bauweb00","https:\/\/instagram.com\/bauweb_shop"]}]}},"_links":{"self":[{"href":"https:\/\/bauweb.hr\/index.php\/wp-json\/wp\/v2\/product\/23972","targetHints":{"allow":["GET"]}}],"collection":[{"href":"https:\/\/bauweb.hr\/index.php\/wp-json\/wp\/v2\/product"}],"about":[{"href":"https:\/\/bauweb.hr\/index.php\/wp-json\/wp\/v2\/types\/product"}],"replies":[{"embeddable":true,"href":"https:\/\/bauweb.hr\/index.php\/wp-json\/wp\/v2\/comments?post=23972"}],"wp:featuredmedia":[{"embeddable":true,"href":"https:\/\/bauweb.hr\/index.php\/wp-json\/wp\/v2\/media\/23973"}],"wp:attachment":[{"href":"https:\/\/bauweb.hr\/index.php\/wp-json\/wp\/v2\/media?parent=23972"}],"wp:term":[{"taxonomy":"product_brand","embeddable":true,"href":"https:\/\/bauweb.hr\/index.php\/wp-json\/wp\/v2\/product_brand?post=23972"},{"taxonomy":"product_cat","embeddable":true,"href":"https:\/\/bauweb.hr\/index.php\/wp-json\/wp\/v2\/product_cat?post=23972"},{"taxonomy":"product_tag","embeddable":true,"href":"https:\/\/bauweb.hr\/index.php\/wp-json\/wp\/v2\/product_tag?post=23972"}],"curies":[{"name":"wp","href":"https:\/\/api.w.org\/{rel}","templated":true}]}}