{"id":23983,"date":"2024-10-31T12:30:46","date_gmt":"2024-10-31T11:30:46","guid":{"rendered":"https:\/\/bauweb.hr\/?post_type=product&#038;p=23983"},"modified":"2024-10-31T12:30:46","modified_gmt":"2024-10-31T11:30:46","slug":"dedra-visenamjenski-alat-300w","status":"publish","type":"product","link":"https:\/\/bauweb.hr\/index.php\/product\/dedra-visenamjenski-alat-300w\/","title":{"rendered":"Dedra vi\u0161enamjenski alat 300w"},"content":{"rendered":"<h4>DED7945 vi\u0161enamjenski alat 300w + kov\u010deg + pribor<\/h4>\n<p>Zahvaljuju\u0107i mogu\u0107nosti kori\u0161tenja mnogih vrhova, vi\u0161enamjenski alat mo\u017ee se koristiti u mnogim situacijama.<br \/>\nZahvaljuju\u0107i ovom alatu, mo\u017eemo jednostavno rezati materijale kao \u0161to su drvo, metal ili keramika.<br \/>\nNakon kori\u0161tenja strugalice u mogu\u0107nosti smo ukloniti stare boje, lakove ili silikone.<br \/>\nUre\u0111aj je opremljen kontrolom brzine osciliranja, zahvaljuju\u0107i kojoj mo\u017eemo prilagoditi brzinu ure\u0111aja vrsti posla koji obavljamo.<br \/>\nAlat je opremljen priklju\u010dnom cijevi, zahvaljuju\u0107i kojoj ga mo\u017eemo spojiti na usisiva\u010d ili odvod strugotine.<\/p>\n<p><strong>Zna\u010dajke:<\/strong><\/p>\n<ul>\n<li>Kontrola brzine<\/li>\n<li>LED dioda povezana s mre\u017eom<\/li>\n<li>Mogu\u0107nost priklju\u010dka usisava\u010da ili odsisavanja strugotine<\/li>\n<li>5 mlaznica uklju\u010deno<\/li>\n<li>Transportni kov\u010deg<\/li>\n<\/ul>\n<p><strong>Specifikacije:<\/strong><\/p>\n<ul>\n<li>Snaga: 300 W<\/li>\n<li>Napon: 230 V<\/li>\n<li>Frekvencija: 50 Hz<\/li>\n<li>Oscilacija: 15.000-22.000 o\/min<\/li>\n<li>Duljina kabela za napajanje: 3m<\/li>\n<li>Kut oscilacije: 2,8 \u00b0<\/li>\n<li>Veli\u010dina radnog stopala: 80x80x80 mm<\/li>\n<li>Te\u017eina: 1,5 kg<\/li>\n<\/ul>\n<p><strong>Sadr\u017eaj:<\/strong><\/p>\n<ul>\n<li>Vi\u0161enamjenski alat<\/li>\n<li>Polukru\u017ena o\u0161trica za drvo<\/li>\n<li>List pile za drvo<\/li>\n<li>List pile za metal<\/li>\n<li>Trokutasta glava s rupama<\/li>\n<li>Struga\u010d<\/li>\n<li>Brusni papir 4 komada<\/li>\n<\/ul>\n","protected":false},"excerpt":{"rendered":"<h4>DED7945 vi\u0161enamjenski alat 300w + kov\u010deg + pribor<\/h4>\n<p>Zahvaljuju\u0107i mogu\u0107nosti kori\u0161tenja mnogih vrhova, vi\u0161enamjenski alat mo\u017ee se koristiti u mnogim situacijama.<br \/>\nZahvaljuju\u0107i ovom alatu, mo\u017eemo jednostavno rezati materijale kao \u0161to su drvo, metal ili keramika.<br \/>\nNakon kori\u0161tenja strugalice u mogu\u0107nosti smo ukloniti stare boje, lakove ili silikone.<br \/>\nUre\u0111aj je opremljen kontrolom brzine osciliranja, zahvaljuju\u0107i kojoj mo\u017eemo prilagoditi brzinu ure\u0111aja vrsti posla koji obavljamo.<br \/>\nAlat je opremljen priklju\u010dnom cijevi, zahvaljuju\u0107i kojoj ga mo\u017eemo spojiti na usisiva\u010d ili odvod strugotine.<\/p>\n<p><strong>Zna\u010dajke:<\/strong><\/p>\n<ul>\n<li>Kontrola brzine<\/li>\n<li>LED dioda povezana s mre\u017eom<\/li>\n<li>Mogu\u0107nost priklju\u010dka usisava\u010da ili odsisavanja strugotine<\/li>\n<li>5 mlaznica uklju\u010deno<\/li>\n<li>Transportni kov\u010deg<\/li>\n<\/ul>\n","protected":false},"featured_media":23984,"comment_status":"open","ping_status":"closed","template":"","meta":[],"product_brand":[350],"product_cat":[110],"product_tag":[],"class_list":{"0":"post-23983","1":"product","2":"type-product","3":"status-publish","4":"has-post-thumbnail","6":"product_brand-dedra","7":"product_cat-alati-pribor","9":"first","10":"instock","11":"shipping-taxable","12":"purchasable","13":"product-type-simple"},"yoast_head":"<!-- This site is optimized with the Yoast SEO plugin v27.2 - https:\/\/yoast.com\/product\/yoast-seo-wordpress\/ -->\n<title>Dedra vi\u0161enamjenski alat 300w - BauWeb<\/title>\n<meta name=\"description\" content=\"Potra\u017eite \u0161iroki izbor alata i materijala za profesionalne gra\u0111evinske radove. Istra\u017ei Bauweb ponudu i kupuj uz odli\u010dne popuste.\" \/>\n<meta name=\"robots\" content=\"index, follow, max-snippet:-1, max-image-preview:large, max-video-preview:-1\" \/>\n<link rel=\"canonical\" href=\"https:\/\/bauweb.hr\/index.php\/product\/dedra-visenamjenski-alat-300w\/\" \/>\n<meta property=\"og:locale\" content=\"hr_HR\" \/>\n<meta property=\"og:type\" content=\"article\" \/>\n<meta property=\"og:title\" content=\"Dedra vi\u0161enamjenski alat 300w - BauWeb\" \/>\n<meta property=\"og:description\" content=\"Potra\u017eite \u0161iroki izbor alata i materijala za profesionalne gra\u0111evinske radove. Istra\u017ei Bauweb ponudu i kupuj uz odli\u010dne popuste.\" \/>\n<meta property=\"og:url\" content=\"https:\/\/bauweb.hr\/index.php\/product\/dedra-visenamjenski-alat-300w\/\" \/>\n<meta property=\"og:site_name\" content=\"BauWeb\" \/>\n<meta property=\"article:publisher\" content=\"https:\/\/facebook.com\/bauweb00\" \/>\n<meta property=\"og:image\" content=\"https:\/\/bauweb.hr\/wp-content\/uploads\/2024\/10\/ded7945.jpg\" \/>\n\t<meta property=\"og:image:width\" content=\"690\" \/>\n\t<meta property=\"og:image:height\" content=\"690\" \/>\n\t<meta property=\"og:image:type\" content=\"image\/jpeg\" \/>\n<meta name=\"twitter:card\" content=\"summary_large_image\" \/>\n<meta name=\"twitter:label1\" content=\"Procijenjeno vrijeme \u010ditanja\" \/>\n\t<meta name=\"twitter:data1\" content=\"2 minute\" \/>\n<script type=\"application\/ld+json\" class=\"yoast-schema-graph\">{\"@context\":\"https:\/\/schema.org\",\"@graph\":[{\"@type\":\"WebPage\",\"@id\":\"https:\/\/bauweb.hr\/index.php\/product\/dedra-visenamjenski-alat-300w\/\",\"url\":\"https:\/\/bauweb.hr\/index.php\/product\/dedra-visenamjenski-alat-300w\/\",\"name\":\"Dedra vi\u0161enamjenski alat 300w - BauWeb\",\"isPartOf\":{\"@id\":\"https:\/\/bauweb.hr\/#website\"},\"primaryImageOfPage\":{\"@id\":\"https:\/\/bauweb.hr\/index.php\/product\/dedra-visenamjenski-alat-300w\/#primaryimage\"},\"image\":{\"@id\":\"https:\/\/bauweb.hr\/index.php\/product\/dedra-visenamjenski-alat-300w\/#primaryimage\"},\"thumbnailUrl\":\"https:\/\/bauweb.hr\/wp-content\/uploads\/2024\/10\/ded7945.jpg\",\"datePublished\":\"2024-10-31T11:30:46+00:00\",\"description\":\"Potra\u017eite \u0161iroki izbor alata i materijala za profesionalne gra\u0111evinske radove. Istra\u017ei Bauweb ponudu i kupuj uz odli\u010dne popuste.\",\"breadcrumb\":{\"@id\":\"https:\/\/bauweb.hr\/index.php\/product\/dedra-visenamjenski-alat-300w\/#breadcrumb\"},\"inLanguage\":\"hr\",\"potentialAction\":[{\"@type\":\"ReadAction\",\"target\":[\"https:\/\/bauweb.hr\/index.php\/product\/dedra-visenamjenski-alat-300w\/\"]}]},{\"@type\":\"ImageObject\",\"inLanguage\":\"hr\",\"@id\":\"https:\/\/bauweb.hr\/index.php\/product\/dedra-visenamjenski-alat-300w\/#primaryimage\",\"url\":\"https:\/\/bauweb.hr\/wp-content\/uploads\/2024\/10\/ded7945.jpg\",\"contentUrl\":\"https:\/\/bauweb.hr\/wp-content\/uploads\/2024\/10\/ded7945.jpg\",\"width\":690,\"height\":690},{\"@type\":\"BreadcrumbList\",\"@id\":\"https:\/\/bauweb.hr\/index.php\/product\/dedra-visenamjenski-alat-300w\/#breadcrumb\",\"itemListElement\":[{\"@type\":\"ListItem\",\"position\":1,\"name\":\"Po\u010detna stranica\",\"item\":\"https:\/\/bauweb.hr\/\"},{\"@type\":\"ListItem\",\"position\":2,\"name\":\"Shop\",\"item\":\"https:\/\/bauweb.hr\/index.php\/shop-wooshop-v1\/\"},{\"@type\":\"ListItem\",\"position\":3,\"name\":\"Dedra vi\u0161enamjenski alat 300w\"}]},{\"@type\":\"WebSite\",\"@id\":\"https:\/\/bauweb.hr\/#website\",\"url\":\"https:\/\/bauweb.hr\/\",\"name\":\"BauWeb\",\"description\":\"Za prave majstore\",\"publisher\":{\"@id\":\"https:\/\/bauweb.hr\/#organization\"},\"alternateName\":\"BauWeb\",\"potentialAction\":[{\"@type\":\"SearchAction\",\"target\":{\"@type\":\"EntryPoint\",\"urlTemplate\":\"https:\/\/bauweb.hr\/?s={search_term_string}\"},\"query-input\":{\"@type\":\"PropertyValueSpecification\",\"valueRequired\":true,\"valueName\":\"search_term_string\"}}],\"inLanguage\":\"hr\"},{\"@type\":\"Organization\",\"@id\":\"https:\/\/bauweb.hr\/#organization\",\"name\":\"Hobi dom d.o.o.\",\"url\":\"https:\/\/bauweb.hr\/\",\"logo\":{\"@type\":\"ImageObject\",\"inLanguage\":\"hr\",\"@id\":\"https:\/\/bauweb.hr\/#\/schema\/logo\/image\/\",\"url\":\"https:\/\/bauweb.hr\/wp-content\/uploads\/2023\/01\/Bauweb_logo-01.png\",\"contentUrl\":\"https:\/\/bauweb.hr\/wp-content\/uploads\/2023\/01\/Bauweb_logo-01.png\",\"width\":842,\"height\":596,\"caption\":\"Hobi dom d.o.o.\"},\"image\":{\"@id\":\"https:\/\/bauweb.hr\/#\/schema\/logo\/image\/\"},\"sameAs\":[\"https:\/\/facebook.com\/bauweb00\",\"https:\/\/instagram.com\/bauweb_shop\"]}]}<\/script>\n<!-- \/ Yoast SEO plugin. -->","yoast_head_json":{"title":"Dedra vi\u0161enamjenski alat 300w - BauWeb","description":"Potra\u017eite \u0161iroki izbor alata i materijala za profesionalne gra\u0111evinske radove. Istra\u017ei Bauweb ponudu i kupuj uz odli\u010dne popuste.","robots":{"index":"index","follow":"follow","max-snippet":"max-snippet:-1","max-image-preview":"max-image-preview:large","max-video-preview":"max-video-preview:-1"},"canonical":"https:\/\/bauweb.hr\/index.php\/product\/dedra-visenamjenski-alat-300w\/","og_locale":"hr_HR","og_type":"article","og_title":"Dedra vi\u0161enamjenski alat 300w - BauWeb","og_description":"Potra\u017eite \u0161iroki izbor alata i materijala za profesionalne gra\u0111evinske radove. Istra\u017ei Bauweb ponudu i kupuj uz odli\u010dne popuste.","og_url":"https:\/\/bauweb.hr\/index.php\/product\/dedra-visenamjenski-alat-300w\/","og_site_name":"BauWeb","article_publisher":"https:\/\/facebook.com\/bauweb00","og_image":[{"width":690,"height":690,"url":"https:\/\/bauweb.hr\/wp-content\/uploads\/2024\/10\/ded7945.jpg","type":"image\/jpeg"}],"twitter_card":"summary_large_image","twitter_misc":{"Procijenjeno vrijeme \u010ditanja":"2 minute"},"schema":{"@context":"https:\/\/schema.org","@graph":[{"@type":"WebPage","@id":"https:\/\/bauweb.hr\/index.php\/product\/dedra-visenamjenski-alat-300w\/","url":"https:\/\/bauweb.hr\/index.php\/product\/dedra-visenamjenski-alat-300w\/","name":"Dedra vi\u0161enamjenski alat 300w - BauWeb","isPartOf":{"@id":"https:\/\/bauweb.hr\/#website"},"primaryImageOfPage":{"@id":"https:\/\/bauweb.hr\/index.php\/product\/dedra-visenamjenski-alat-300w\/#primaryimage"},"image":{"@id":"https:\/\/bauweb.hr\/index.php\/product\/dedra-visenamjenski-alat-300w\/#primaryimage"},"thumbnailUrl":"https:\/\/bauweb.hr\/wp-content\/uploads\/2024\/10\/ded7945.jpg","datePublished":"2024-10-31T11:30:46+00:00","description":"Potra\u017eite \u0161iroki izbor alata i materijala za profesionalne gra\u0111evinske radove. Istra\u017ei Bauweb ponudu i kupuj uz odli\u010dne popuste.","breadcrumb":{"@id":"https:\/\/bauweb.hr\/index.php\/product\/dedra-visenamjenski-alat-300w\/#breadcrumb"},"inLanguage":"hr","potentialAction":[{"@type":"ReadAction","target":["https:\/\/bauweb.hr\/index.php\/product\/dedra-visenamjenski-alat-300w\/"]}]},{"@type":"ImageObject","inLanguage":"hr","@id":"https:\/\/bauweb.hr\/index.php\/product\/dedra-visenamjenski-alat-300w\/#primaryimage","url":"https:\/\/bauweb.hr\/wp-content\/uploads\/2024\/10\/ded7945.jpg","contentUrl":"https:\/\/bauweb.hr\/wp-content\/uploads\/2024\/10\/ded7945.jpg","width":690,"height":690},{"@type":"BreadcrumbList","@id":"https:\/\/bauweb.hr\/index.php\/product\/dedra-visenamjenski-alat-300w\/#breadcrumb","itemListElement":[{"@type":"ListItem","position":1,"name":"Po\u010detna stranica","item":"https:\/\/bauweb.hr\/"},{"@type":"ListItem","position":2,"name":"Shop","item":"https:\/\/bauweb.hr\/index.php\/shop-wooshop-v1\/"},{"@type":"ListItem","position":3,"name":"Dedra vi\u0161enamjenski alat 300w"}]},{"@type":"WebSite","@id":"https:\/\/bauweb.hr\/#website","url":"https:\/\/bauweb.hr\/","name":"BauWeb","description":"Za prave majstore","publisher":{"@id":"https:\/\/bauweb.hr\/#organization"},"alternateName":"BauWeb","potentialAction":[{"@type":"SearchAction","target":{"@type":"EntryPoint","urlTemplate":"https:\/\/bauweb.hr\/?s={search_term_string}"},"query-input":{"@type":"PropertyValueSpecification","valueRequired":true,"valueName":"search_term_string"}}],"inLanguage":"hr"},{"@type":"Organization","@id":"https:\/\/bauweb.hr\/#organization","name":"Hobi dom d.o.o.","url":"https:\/\/bauweb.hr\/","logo":{"@type":"ImageObject","inLanguage":"hr","@id":"https:\/\/bauweb.hr\/#\/schema\/logo\/image\/","url":"https:\/\/bauweb.hr\/wp-content\/uploads\/2023\/01\/Bauweb_logo-01.png","contentUrl":"https:\/\/bauweb.hr\/wp-content\/uploads\/2023\/01\/Bauweb_logo-01.png","width":842,"height":596,"caption":"Hobi dom d.o.o."},"image":{"@id":"https:\/\/bauweb.hr\/#\/schema\/logo\/image\/"},"sameAs":["https:\/\/facebook.com\/bauweb00","https:\/\/instagram.com\/bauweb_shop"]}]}},"_links":{"self":[{"href":"https:\/\/bauweb.hr\/index.php\/wp-json\/wp\/v2\/product\/23983","targetHints":{"allow":["GET"]}}],"collection":[{"href":"https:\/\/bauweb.hr\/index.php\/wp-json\/wp\/v2\/product"}],"about":[{"href":"https:\/\/bauweb.hr\/index.php\/wp-json\/wp\/v2\/types\/product"}],"replies":[{"embeddable":true,"href":"https:\/\/bauweb.hr\/index.php\/wp-json\/wp\/v2\/comments?post=23983"}],"wp:featuredmedia":[{"embeddable":true,"href":"https:\/\/bauweb.hr\/index.php\/wp-json\/wp\/v2\/media\/23984"}],"wp:attachment":[{"href":"https:\/\/bauweb.hr\/index.php\/wp-json\/wp\/v2\/media?parent=23983"}],"wp:term":[{"taxonomy":"product_brand","embeddable":true,"href":"https:\/\/bauweb.hr\/index.php\/wp-json\/wp\/v2\/product_brand?post=23983"},{"taxonomy":"product_cat","embeddable":true,"href":"https:\/\/bauweb.hr\/index.php\/wp-json\/wp\/v2\/product_cat?post=23983"},{"taxonomy":"product_tag","embeddable":true,"href":"https:\/\/bauweb.hr\/index.php\/wp-json\/wp\/v2\/product_tag?post=23983"}],"curies":[{"name":"wp","href":"https:\/\/api.w.org\/{rel}","templated":true}]}}