{"id":24011,"date":"2024-10-31T13:51:16","date_gmt":"2024-10-31T12:51:16","guid":{"rendered":"https:\/\/bauweb.hr\/?post_type=product&#038;p=24011"},"modified":"2024-10-31T13:51:16","modified_gmt":"2024-10-31T12:51:16","slug":"stitnik-za-koljena-40x20x19cm","status":"publish","type":"product","link":"https:\/\/bauweb.hr\/index.php\/product\/stitnik-za-koljena-40x20x19cm\/","title":{"rendered":"\u0160titnik za koljena 40x20x1,9cm"},"content":{"rendered":"<h4 class=\"product_name__name m-0\">DEDRA BH2AN10 \u0160titnik za koljena 40x20x1,9cm<\/h4>\n<p><strong>\u0160titnik za koljena BH2AN10 izra\u0111en je od visokokvalitetne EVA pjene, koja je izuzetno otporna na deformacije, habanje i probijanje.<\/strong><\/p>\n<p>Idealan je za kori\u0161tenje kod postavljanja plo\u010dica, podova i drugih radova koji zahtijevaju dugotrajno kle\u010danje. Zahvaljuju\u0107i izvrsnim svojstvima amortizacije, jastu\u010di\u0107 pru\u017ea udobnost i smanjuje pritisak na koljena, \u0161to zna\u010dajno smanjuje umor i rizik od ozljeda.<\/p>\n<p>Ono \u0161to je va\u017eno, ne gubi svoja svojstva \u010dak ni dugotrajnom upotrebom. Podloga se mo\u017ee koristiti i kao sjedalo &#8211; izolacija od hladno\u0107e ili tvrdog tla \u010dini rad udobnijim i sigurnijim. \u0160tovi\u0161e, jastu\u010di\u0107 ne upija vodu, \u0161to je posebno va\u017eno pri radu na vla\u017enim povr\u0161inama.<\/p>\n<p>Lako se \u010disti, \u0161to vam omogu\u0107uje da ga brzo i bez problema odr\u017eavate \u010distim, a zahvaljuju\u0107i izrezu u njemu, jastu\u010di\u0107 je jednostavan za transport. Mo\u017eete ga jednostavno ponijeti sa sobom na gradili\u0161te ili pohraniti u radionicu bez zauzimanja puno prostora.<\/p>\n<p><strong>Zna\u010dajke BH2AN10 \u0161titnika za koljena:<\/strong><\/p>\n<ul>\n<li>Dobro upija i izolira tlo &#8211; osigurava udobnost kori\u0161tenja, \u0161titi od hladno\u0107e i neravnina na tlu<\/li>\n<li>Mo\u017ee se koristiti kao sjedalica &#8211; svestranost upotrebe, udobnost pri odmoru na otvorenom ili u zatvorenom prostoru<\/li>\n<li>Lako se \u010disti &#8211; \u0161tedi vrijeme i trud u odr\u017eavanju \u010disto\u0107e, du\u017ei vijek trajanja proizvoda<\/li>\n<li>Izrez za prakti\u010dno no\u0161enje &#8211; jednostavan za transport, prakti\u010dan za kori\u0161tenje, mogu\u0107nost brzog pomicanja s proizvodom<\/li>\n<\/ul>\n<p><strong>Tehni\u010dki podaci BH2AN10 \u0161titnika za koljena:<\/strong><\/p>\n<ul>\n<li>Materijal: EVA-25KG\/m\u00b3 pjena<\/li>\n<li>Dimenzije: 40&#215;20 cm<\/li>\n<li>Debljina: 1,9 cm<\/li>\n<li>Plava boja<\/li>\n<\/ul>\n","protected":false},"excerpt":{"rendered":"<h4 class=\"product_name__name m-0\">DEDRA BH2AN10 \u0160titnik za koljena 40x20x1,9cm<\/h4>\n<p><strong>\u0160titnik za koljena BH2AN10 izra\u0111en je od visokokvalitetne EVA pjene, koja je izuzetno otporna na deformacije, habanje i probijanje.<\/strong><\/p>\n<p>Idealan je za kori\u0161tenje kod postavljanja plo\u010dica, podova i drugih radova koji zahtijevaju dugotrajno kle\u010danje. Zahvaljuju\u0107i izvrsnim svojstvima amortizacije, jastu\u010di\u0107 pru\u017ea udobnost i smanjuje pritisak na koljena, \u0161to zna\u010dajno smanjuje umor i rizik od ozljeda.<\/p>\n<p>Ono \u0161to je va\u017eno, ne gubi svoja svojstva \u010dak ni dugotrajnom upotrebom. Podloga se mo\u017ee koristiti i kao sjedalo &#8211; izolacija od hladno\u0107e ili tvrdog tla \u010dini rad udobnijim i sigurnijim. \u0160tovi\u0161e, jastu\u010di\u0107 ne upija vodu, \u0161to je posebno va\u017eno pri radu na vla\u017enim povr\u0161inama.<\/p>\n<p>Lako se \u010disti, \u0161to vam omogu\u0107uje da ga brzo i bez problema odr\u017eavate \u010distim, a zahvaljuju\u0107i izrezu u njemu, jastu\u010di\u0107 je jednostavan za transport. Mo\u017eete ga jednostavno ponijeti sa sobom na gradili\u0161te ili pohraniti u radionicu bez zauzimanja puno prostora.<\/p>\n","protected":false},"featured_media":24012,"comment_status":"open","ping_status":"closed","template":"","meta":[],"product_brand":[350],"product_cat":[110],"product_tag":[],"class_list":{"0":"post-24011","1":"product","2":"type-product","3":"status-publish","4":"has-post-thumbnail","6":"product_brand-dedra","7":"product_cat-alati-pribor","9":"first","10":"instock","11":"shipping-taxable","12":"purchasable","13":"product-type-simple"},"yoast_head":"<!-- This site is optimized with the Yoast SEO plugin v27.2 - https:\/\/yoast.com\/product\/yoast-seo-wordpress\/ -->\n<title>\u0160titnik za koljena 40x20x1,9cm - BauWeb<\/title>\n<meta name=\"description\" content=\"Potra\u017eite \u0161iroki izbor alata i materijala za profesionalne gra\u0111evinske radove. Istra\u017ei Bauweb ponudu i kupuj uz odli\u010dne popuste.\" \/>\n<meta name=\"robots\" content=\"index, follow, max-snippet:-1, max-image-preview:large, max-video-preview:-1\" \/>\n<link rel=\"canonical\" href=\"https:\/\/bauweb.hr\/index.php\/product\/stitnik-za-koljena-40x20x19cm\/\" \/>\n<meta property=\"og:locale\" content=\"hr_HR\" \/>\n<meta property=\"og:type\" content=\"article\" \/>\n<meta property=\"og:title\" content=\"\u0160titnik za koljena 40x20x1,9cm - BauWeb\" \/>\n<meta property=\"og:description\" content=\"Potra\u017eite \u0161iroki izbor alata i materijala za profesionalne gra\u0111evinske radove. Istra\u017ei Bauweb ponudu i kupuj uz odli\u010dne popuste.\" \/>\n<meta property=\"og:url\" content=\"https:\/\/bauweb.hr\/index.php\/product\/stitnik-za-koljena-40x20x19cm\/\" \/>\n<meta property=\"og:site_name\" content=\"BauWeb\" \/>\n<meta property=\"article:publisher\" content=\"https:\/\/facebook.com\/bauweb00\" \/>\n<meta property=\"og:image\" content=\"https:\/\/bauweb.hr\/wp-content\/uploads\/2024\/10\/bh2an10-stitnici.jpg\" \/>\n\t<meta property=\"og:image:width\" content=\"690\" \/>\n\t<meta property=\"og:image:height\" content=\"690\" \/>\n\t<meta property=\"og:image:type\" content=\"image\/jpeg\" \/>\n<meta name=\"twitter:card\" content=\"summary_large_image\" \/>\n<meta name=\"twitter:label1\" content=\"Procijenjeno vrijeme \u010ditanja\" \/>\n\t<meta name=\"twitter:data1\" content=\"2 minute\" \/>\n<script type=\"application\/ld+json\" class=\"yoast-schema-graph\">{\"@context\":\"https:\/\/schema.org\",\"@graph\":[{\"@type\":\"WebPage\",\"@id\":\"https:\/\/bauweb.hr\/index.php\/product\/stitnik-za-koljena-40x20x19cm\/\",\"url\":\"https:\/\/bauweb.hr\/index.php\/product\/stitnik-za-koljena-40x20x19cm\/\",\"name\":\"\u0160titnik za koljena 40x20x1,9cm - BauWeb\",\"isPartOf\":{\"@id\":\"https:\/\/bauweb.hr\/#website\"},\"primaryImageOfPage\":{\"@id\":\"https:\/\/bauweb.hr\/index.php\/product\/stitnik-za-koljena-40x20x19cm\/#primaryimage\"},\"image\":{\"@id\":\"https:\/\/bauweb.hr\/index.php\/product\/stitnik-za-koljena-40x20x19cm\/#primaryimage\"},\"thumbnailUrl\":\"https:\/\/bauweb.hr\/wp-content\/uploads\/2024\/10\/bh2an10-stitnici.jpg\",\"datePublished\":\"2024-10-31T12:51:16+00:00\",\"description\":\"Potra\u017eite \u0161iroki izbor alata i materijala za profesionalne gra\u0111evinske radove. Istra\u017ei Bauweb ponudu i kupuj uz odli\u010dne popuste.\",\"breadcrumb\":{\"@id\":\"https:\/\/bauweb.hr\/index.php\/product\/stitnik-za-koljena-40x20x19cm\/#breadcrumb\"},\"inLanguage\":\"hr\",\"potentialAction\":[{\"@type\":\"ReadAction\",\"target\":[\"https:\/\/bauweb.hr\/index.php\/product\/stitnik-za-koljena-40x20x19cm\/\"]}]},{\"@type\":\"ImageObject\",\"inLanguage\":\"hr\",\"@id\":\"https:\/\/bauweb.hr\/index.php\/product\/stitnik-za-koljena-40x20x19cm\/#primaryimage\",\"url\":\"https:\/\/bauweb.hr\/wp-content\/uploads\/2024\/10\/bh2an10-stitnici.jpg\",\"contentUrl\":\"https:\/\/bauweb.hr\/wp-content\/uploads\/2024\/10\/bh2an10-stitnici.jpg\",\"width\":690,\"height\":690},{\"@type\":\"BreadcrumbList\",\"@id\":\"https:\/\/bauweb.hr\/index.php\/product\/stitnik-za-koljena-40x20x19cm\/#breadcrumb\",\"itemListElement\":[{\"@type\":\"ListItem\",\"position\":1,\"name\":\"Po\u010detna stranica\",\"item\":\"https:\/\/bauweb.hr\/\"},{\"@type\":\"ListItem\",\"position\":2,\"name\":\"Shop\",\"item\":\"https:\/\/bauweb.hr\/index.php\/shop-wooshop-v1\/\"},{\"@type\":\"ListItem\",\"position\":3,\"name\":\"\u0160titnik za koljena 40x20x1,9cm\"}]},{\"@type\":\"WebSite\",\"@id\":\"https:\/\/bauweb.hr\/#website\",\"url\":\"https:\/\/bauweb.hr\/\",\"name\":\"BauWeb\",\"description\":\"Za prave majstore\",\"publisher\":{\"@id\":\"https:\/\/bauweb.hr\/#organization\"},\"alternateName\":\"BauWeb\",\"potentialAction\":[{\"@type\":\"SearchAction\",\"target\":{\"@type\":\"EntryPoint\",\"urlTemplate\":\"https:\/\/bauweb.hr\/?s={search_term_string}\"},\"query-input\":{\"@type\":\"PropertyValueSpecification\",\"valueRequired\":true,\"valueName\":\"search_term_string\"}}],\"inLanguage\":\"hr\"},{\"@type\":\"Organization\",\"@id\":\"https:\/\/bauweb.hr\/#organization\",\"name\":\"Hobi dom d.o.o.\",\"url\":\"https:\/\/bauweb.hr\/\",\"logo\":{\"@type\":\"ImageObject\",\"inLanguage\":\"hr\",\"@id\":\"https:\/\/bauweb.hr\/#\/schema\/logo\/image\/\",\"url\":\"https:\/\/bauweb.hr\/wp-content\/uploads\/2023\/01\/Bauweb_logo-01.png\",\"contentUrl\":\"https:\/\/bauweb.hr\/wp-content\/uploads\/2023\/01\/Bauweb_logo-01.png\",\"width\":842,\"height\":596,\"caption\":\"Hobi dom d.o.o.\"},\"image\":{\"@id\":\"https:\/\/bauweb.hr\/#\/schema\/logo\/image\/\"},\"sameAs\":[\"https:\/\/facebook.com\/bauweb00\",\"https:\/\/instagram.com\/bauweb_shop\"]}]}<\/script>\n<!-- \/ Yoast SEO plugin. -->","yoast_head_json":{"title":"\u0160titnik za koljena 40x20x1,9cm - BauWeb","description":"Potra\u017eite \u0161iroki izbor alata i materijala za profesionalne gra\u0111evinske radove. Istra\u017ei Bauweb ponudu i kupuj uz odli\u010dne popuste.","robots":{"index":"index","follow":"follow","max-snippet":"max-snippet:-1","max-image-preview":"max-image-preview:large","max-video-preview":"max-video-preview:-1"},"canonical":"https:\/\/bauweb.hr\/index.php\/product\/stitnik-za-koljena-40x20x19cm\/","og_locale":"hr_HR","og_type":"article","og_title":"\u0160titnik za koljena 40x20x1,9cm - BauWeb","og_description":"Potra\u017eite \u0161iroki izbor alata i materijala za profesionalne gra\u0111evinske radove. Istra\u017ei Bauweb ponudu i kupuj uz odli\u010dne popuste.","og_url":"https:\/\/bauweb.hr\/index.php\/product\/stitnik-za-koljena-40x20x19cm\/","og_site_name":"BauWeb","article_publisher":"https:\/\/facebook.com\/bauweb00","og_image":[{"width":690,"height":690,"url":"https:\/\/bauweb.hr\/wp-content\/uploads\/2024\/10\/bh2an10-stitnici.jpg","type":"image\/jpeg"}],"twitter_card":"summary_large_image","twitter_misc":{"Procijenjeno vrijeme \u010ditanja":"2 minute"},"schema":{"@context":"https:\/\/schema.org","@graph":[{"@type":"WebPage","@id":"https:\/\/bauweb.hr\/index.php\/product\/stitnik-za-koljena-40x20x19cm\/","url":"https:\/\/bauweb.hr\/index.php\/product\/stitnik-za-koljena-40x20x19cm\/","name":"\u0160titnik za koljena 40x20x1,9cm - BauWeb","isPartOf":{"@id":"https:\/\/bauweb.hr\/#website"},"primaryImageOfPage":{"@id":"https:\/\/bauweb.hr\/index.php\/product\/stitnik-za-koljena-40x20x19cm\/#primaryimage"},"image":{"@id":"https:\/\/bauweb.hr\/index.php\/product\/stitnik-za-koljena-40x20x19cm\/#primaryimage"},"thumbnailUrl":"https:\/\/bauweb.hr\/wp-content\/uploads\/2024\/10\/bh2an10-stitnici.jpg","datePublished":"2024-10-31T12:51:16+00:00","description":"Potra\u017eite \u0161iroki izbor alata i materijala za profesionalne gra\u0111evinske radove. Istra\u017ei Bauweb ponudu i kupuj uz odli\u010dne popuste.","breadcrumb":{"@id":"https:\/\/bauweb.hr\/index.php\/product\/stitnik-za-koljena-40x20x19cm\/#breadcrumb"},"inLanguage":"hr","potentialAction":[{"@type":"ReadAction","target":["https:\/\/bauweb.hr\/index.php\/product\/stitnik-za-koljena-40x20x19cm\/"]}]},{"@type":"ImageObject","inLanguage":"hr","@id":"https:\/\/bauweb.hr\/index.php\/product\/stitnik-za-koljena-40x20x19cm\/#primaryimage","url":"https:\/\/bauweb.hr\/wp-content\/uploads\/2024\/10\/bh2an10-stitnici.jpg","contentUrl":"https:\/\/bauweb.hr\/wp-content\/uploads\/2024\/10\/bh2an10-stitnici.jpg","width":690,"height":690},{"@type":"BreadcrumbList","@id":"https:\/\/bauweb.hr\/index.php\/product\/stitnik-za-koljena-40x20x19cm\/#breadcrumb","itemListElement":[{"@type":"ListItem","position":1,"name":"Po\u010detna stranica","item":"https:\/\/bauweb.hr\/"},{"@type":"ListItem","position":2,"name":"Shop","item":"https:\/\/bauweb.hr\/index.php\/shop-wooshop-v1\/"},{"@type":"ListItem","position":3,"name":"\u0160titnik za koljena 40x20x1,9cm"}]},{"@type":"WebSite","@id":"https:\/\/bauweb.hr\/#website","url":"https:\/\/bauweb.hr\/","name":"BauWeb","description":"Za prave majstore","publisher":{"@id":"https:\/\/bauweb.hr\/#organization"},"alternateName":"BauWeb","potentialAction":[{"@type":"SearchAction","target":{"@type":"EntryPoint","urlTemplate":"https:\/\/bauweb.hr\/?s={search_term_string}"},"query-input":{"@type":"PropertyValueSpecification","valueRequired":true,"valueName":"search_term_string"}}],"inLanguage":"hr"},{"@type":"Organization","@id":"https:\/\/bauweb.hr\/#organization","name":"Hobi dom d.o.o.","url":"https:\/\/bauweb.hr\/","logo":{"@type":"ImageObject","inLanguage":"hr","@id":"https:\/\/bauweb.hr\/#\/schema\/logo\/image\/","url":"https:\/\/bauweb.hr\/wp-content\/uploads\/2023\/01\/Bauweb_logo-01.png","contentUrl":"https:\/\/bauweb.hr\/wp-content\/uploads\/2023\/01\/Bauweb_logo-01.png","width":842,"height":596,"caption":"Hobi dom d.o.o."},"image":{"@id":"https:\/\/bauweb.hr\/#\/schema\/logo\/image\/"},"sameAs":["https:\/\/facebook.com\/bauweb00","https:\/\/instagram.com\/bauweb_shop"]}]}},"_links":{"self":[{"href":"https:\/\/bauweb.hr\/index.php\/wp-json\/wp\/v2\/product\/24011","targetHints":{"allow":["GET"]}}],"collection":[{"href":"https:\/\/bauweb.hr\/index.php\/wp-json\/wp\/v2\/product"}],"about":[{"href":"https:\/\/bauweb.hr\/index.php\/wp-json\/wp\/v2\/types\/product"}],"replies":[{"embeddable":true,"href":"https:\/\/bauweb.hr\/index.php\/wp-json\/wp\/v2\/comments?post=24011"}],"wp:featuredmedia":[{"embeddable":true,"href":"https:\/\/bauweb.hr\/index.php\/wp-json\/wp\/v2\/media\/24012"}],"wp:attachment":[{"href":"https:\/\/bauweb.hr\/index.php\/wp-json\/wp\/v2\/media?parent=24011"}],"wp:term":[{"taxonomy":"product_brand","embeddable":true,"href":"https:\/\/bauweb.hr\/index.php\/wp-json\/wp\/v2\/product_brand?post=24011"},{"taxonomy":"product_cat","embeddable":true,"href":"https:\/\/bauweb.hr\/index.php\/wp-json\/wp\/v2\/product_cat?post=24011"},{"taxonomy":"product_tag","embeddable":true,"href":"https:\/\/bauweb.hr\/index.php\/wp-json\/wp\/v2\/product_tag?post=24011"}],"curies":[{"name":"wp","href":"https:\/\/api.w.org\/{rel}","templated":true}]}}