{"id":24020,"date":"2024-10-31T14:16:23","date_gmt":"2024-10-31T13:16:23","guid":{"rendered":"https:\/\/bauweb.hr\/?post_type=product&#038;p=24020"},"modified":"2024-10-31T14:16:23","modified_gmt":"2024-10-31T13:16:23","slug":"list-sabljaste-pile-za-rezanje-porobetona-i-opeke-240-190mm","status":"publish","type":"product","link":"https:\/\/bauweb.hr\/index.php\/product\/list-sabljaste-pile-za-rezanje-porobetona-i-opeke-240-190mm\/","title":{"rendered":"List sabljaste pile za rezanje porobetona i opeke 240\/190mm"},"content":{"rendered":"<h4 align=\"justify\">List sabljaste pile za rezanje porobetona i opeke 240\/190mm<\/h4>\n<p align=\"justify\">Listovi za sabljaste pile, osim ure\u0111aja i stila rada, ono su \u0161to se preto\u010di u krajnji rezultat obavljenog posla. Lo\u0161 kvalitet ili nepravilno odabran list pile mo\u017ee preopteretiti sam ure\u0111aj.<br \/>\nOsim toga, o\u0161trice izra\u0111ene od \u010delika lo\u0161e kvalitete jednostavno se ne mogu nositi s rezanjem iu najgorem slu\u010daju o\u0161tetiti rezni element na kojem radimo.<br \/>\nStoga, da, va\u017eno je da su listovi pile lisica dobre kvalitete i prikladni za rezanje materijala.<br \/>\nUvidjev\u0161i potrebu za pru\u017eanjem najboljih listova pile, DEDRA je predstavila novu liniju klipnih listova pila za rezanje materijala s kojima \u0107e se svaki profesionalac i hobi entuzijast susresti u svom domu ili radionici.<\/p>\n<p align=\"justify\"><strong>List sabljaste pile za rezanje porobetona i opeke DEDRA 08T250HM<br \/>\n<\/strong>List pile ima najve\u0107u duljinu od 240 mm, a radna duljina je 190 mm. Izra\u0111en od TCT \u010delika.<br \/>\nU\u010dinkovito rezanje osigurava pravilno pripremljena rezna povr\u0161ina, tj. zubi sa sinteriranim karbidom (list pile za vixen s widiom) gusto\u0107e 2TPI (2 zuba po in\u010du)<\/p>\n<p><strong>Specifikacije:<\/strong><\/p>\n<ul>\n<li>Dizajniran za rezanje opeke, gaziranog betona \/ suporeksa, cementnih plo\u010da<\/li>\n<li>Materijal za rezanje: cigla, gazirani beton \/ suporex, cementna plo\u010da<\/li>\n<li>Duljina o\u0161trice: 240 mm<\/li>\n<li>Radna duljina: 190 mm<\/li>\n<li>Radni raspon: 150 mm<\/li>\n<li>Zubi po in\u010du [TPI]: 2<\/li>\n<li>Materijal: TCT + HM \u010delik<\/li>\n<\/ul>\n","protected":false},"excerpt":{"rendered":"<h4 align=\"justify\">List sabljaste pile za rezanje porobetona i opeke 240\/190mm<\/h4>\n<p align=\"justify\">Listovi za sabljaste pile, osim ure\u0111aja i stila rada, ono su \u0161to se preto\u010di u krajnji rezultat obavljenog posla. Lo\u0161 kvalitet ili nepravilno odabran list pile mo\u017ee preopteretiti sam ure\u0111aj.<br \/>\nOsim toga, o\u0161trice izra\u0111ene od \u010delika lo\u0161e kvalitete jednostavno se ne mogu nositi s rezanjem iu najgorem slu\u010daju o\u0161tetiti rezni element na kojem radimo.<br \/>\nStoga, da, va\u017eno je da su listovi pile lisica dobre kvalitete i prikladni za rezanje materijala.<br \/>\nUvidjev\u0161i potrebu za pru\u017eanjem najboljih listova pile, DEDRA je predstavila novu liniju klipnih listova pila za rezanje materijala s kojima \u0107e se svaki profesionalac i hobi entuzijast susresti u svom domu ili radionici.<\/p>\n","protected":false},"featured_media":24021,"comment_status":"open","ping_status":"closed","template":"","meta":[],"product_brand":[350],"product_cat":[110],"product_tag":[],"class_list":{"0":"post-24020","1":"product","2":"type-product","3":"status-publish","4":"has-post-thumbnail","6":"product_brand-dedra","7":"product_cat-alati-pribor","9":"first","10":"instock","11":"shipping-taxable","12":"purchasable","13":"product-type-simple"},"yoast_head":"<!-- This site is optimized with the Yoast SEO plugin v27.2 - https:\/\/yoast.com\/product\/yoast-seo-wordpress\/ -->\n<title>List sabljaste pile za rezanje porobetona i opeke 240\/190mm - BauWeb<\/title>\n<meta name=\"description\" content=\"Potra\u017eite \u0161iroki izbor alata i materijala za profesionalne gra\u0111evinske radove. Istra\u017ei Bauweb ponudu i kupuj uz odli\u010dne popuste.\" \/>\n<meta name=\"robots\" content=\"index, follow, max-snippet:-1, max-image-preview:large, max-video-preview:-1\" \/>\n<link rel=\"canonical\" href=\"https:\/\/bauweb.hr\/index.php\/product\/list-sabljaste-pile-za-rezanje-porobetona-i-opeke-240-190mm\/\" \/>\n<meta property=\"og:locale\" content=\"hr_HR\" \/>\n<meta property=\"og:type\" content=\"article\" \/>\n<meta property=\"og:title\" content=\"List sabljaste pile za rezanje porobetona i opeke 240\/190mm - BauWeb\" \/>\n<meta property=\"og:description\" content=\"Potra\u017eite \u0161iroki izbor alata i materijala za profesionalne gra\u0111evinske radove. Istra\u017ei Bauweb ponudu i kupuj uz odli\u010dne popuste.\" \/>\n<meta property=\"og:url\" content=\"https:\/\/bauweb.hr\/index.php\/product\/list-sabljaste-pile-za-rezanje-porobetona-i-opeke-240-190mm\/\" \/>\n<meta property=\"og:site_name\" content=\"BauWeb\" \/>\n<meta property=\"article:publisher\" content=\"https:\/\/facebook.com\/bauweb00\" \/>\n<meta property=\"og:image\" content=\"https:\/\/bauweb.hr\/wp-content\/uploads\/2024\/10\/08T250HM.jpg\" \/>\n\t<meta property=\"og:image:width\" content=\"690\" \/>\n\t<meta property=\"og:image:height\" content=\"690\" \/>\n\t<meta property=\"og:image:type\" content=\"image\/jpeg\" \/>\n<meta name=\"twitter:card\" content=\"summary_large_image\" \/>\n<meta name=\"twitter:label1\" content=\"Procijenjeno vrijeme \u010ditanja\" \/>\n\t<meta name=\"twitter:data1\" content=\"2 minute\" \/>\n<script type=\"application\/ld+json\" class=\"yoast-schema-graph\">{\"@context\":\"https:\/\/schema.org\",\"@graph\":[{\"@type\":\"WebPage\",\"@id\":\"https:\/\/bauweb.hr\/index.php\/product\/list-sabljaste-pile-za-rezanje-porobetona-i-opeke-240-190mm\/\",\"url\":\"https:\/\/bauweb.hr\/index.php\/product\/list-sabljaste-pile-za-rezanje-porobetona-i-opeke-240-190mm\/\",\"name\":\"List sabljaste pile za rezanje porobetona i opeke 240\/190mm - BauWeb\",\"isPartOf\":{\"@id\":\"https:\/\/bauweb.hr\/#website\"},\"primaryImageOfPage\":{\"@id\":\"https:\/\/bauweb.hr\/index.php\/product\/list-sabljaste-pile-za-rezanje-porobetona-i-opeke-240-190mm\/#primaryimage\"},\"image\":{\"@id\":\"https:\/\/bauweb.hr\/index.php\/product\/list-sabljaste-pile-za-rezanje-porobetona-i-opeke-240-190mm\/#primaryimage\"},\"thumbnailUrl\":\"https:\/\/bauweb.hr\/wp-content\/uploads\/2024\/10\/08T250HM.jpg\",\"datePublished\":\"2024-10-31T13:16:23+00:00\",\"description\":\"Potra\u017eite \u0161iroki izbor alata i materijala za profesionalne gra\u0111evinske radove. Istra\u017ei Bauweb ponudu i kupuj uz odli\u010dne popuste.\",\"breadcrumb\":{\"@id\":\"https:\/\/bauweb.hr\/index.php\/product\/list-sabljaste-pile-za-rezanje-porobetona-i-opeke-240-190mm\/#breadcrumb\"},\"inLanguage\":\"hr\",\"potentialAction\":[{\"@type\":\"ReadAction\",\"target\":[\"https:\/\/bauweb.hr\/index.php\/product\/list-sabljaste-pile-za-rezanje-porobetona-i-opeke-240-190mm\/\"]}]},{\"@type\":\"ImageObject\",\"inLanguage\":\"hr\",\"@id\":\"https:\/\/bauweb.hr\/index.php\/product\/list-sabljaste-pile-za-rezanje-porobetona-i-opeke-240-190mm\/#primaryimage\",\"url\":\"https:\/\/bauweb.hr\/wp-content\/uploads\/2024\/10\/08T250HM.jpg\",\"contentUrl\":\"https:\/\/bauweb.hr\/wp-content\/uploads\/2024\/10\/08T250HM.jpg\",\"width\":690,\"height\":690},{\"@type\":\"BreadcrumbList\",\"@id\":\"https:\/\/bauweb.hr\/index.php\/product\/list-sabljaste-pile-za-rezanje-porobetona-i-opeke-240-190mm\/#breadcrumb\",\"itemListElement\":[{\"@type\":\"ListItem\",\"position\":1,\"name\":\"Po\u010detna stranica\",\"item\":\"https:\/\/bauweb.hr\/\"},{\"@type\":\"ListItem\",\"position\":2,\"name\":\"Shop\",\"item\":\"https:\/\/bauweb.hr\/index.php\/shop-wooshop-v1\/\"},{\"@type\":\"ListItem\",\"position\":3,\"name\":\"List sabljaste pile za rezanje porobetona i opeke 240\/190mm\"}]},{\"@type\":\"WebSite\",\"@id\":\"https:\/\/bauweb.hr\/#website\",\"url\":\"https:\/\/bauweb.hr\/\",\"name\":\"BauWeb\",\"description\":\"Za prave majstore\",\"publisher\":{\"@id\":\"https:\/\/bauweb.hr\/#organization\"},\"alternateName\":\"BauWeb\",\"potentialAction\":[{\"@type\":\"SearchAction\",\"target\":{\"@type\":\"EntryPoint\",\"urlTemplate\":\"https:\/\/bauweb.hr\/?s={search_term_string}\"},\"query-input\":{\"@type\":\"PropertyValueSpecification\",\"valueRequired\":true,\"valueName\":\"search_term_string\"}}],\"inLanguage\":\"hr\"},{\"@type\":\"Organization\",\"@id\":\"https:\/\/bauweb.hr\/#organization\",\"name\":\"Hobi dom d.o.o.\",\"url\":\"https:\/\/bauweb.hr\/\",\"logo\":{\"@type\":\"ImageObject\",\"inLanguage\":\"hr\",\"@id\":\"https:\/\/bauweb.hr\/#\/schema\/logo\/image\/\",\"url\":\"https:\/\/bauweb.hr\/wp-content\/uploads\/2023\/01\/Bauweb_logo-01.png\",\"contentUrl\":\"https:\/\/bauweb.hr\/wp-content\/uploads\/2023\/01\/Bauweb_logo-01.png\",\"width\":842,\"height\":596,\"caption\":\"Hobi dom d.o.o.\"},\"image\":{\"@id\":\"https:\/\/bauweb.hr\/#\/schema\/logo\/image\/\"},\"sameAs\":[\"https:\/\/facebook.com\/bauweb00\",\"https:\/\/instagram.com\/bauweb_shop\"]}]}<\/script>\n<!-- \/ Yoast SEO plugin. -->","yoast_head_json":{"title":"List sabljaste pile za rezanje porobetona i opeke 240\/190mm - BauWeb","description":"Potra\u017eite \u0161iroki izbor alata i materijala za profesionalne gra\u0111evinske radove. Istra\u017ei Bauweb ponudu i kupuj uz odli\u010dne popuste.","robots":{"index":"index","follow":"follow","max-snippet":"max-snippet:-1","max-image-preview":"max-image-preview:large","max-video-preview":"max-video-preview:-1"},"canonical":"https:\/\/bauweb.hr\/index.php\/product\/list-sabljaste-pile-za-rezanje-porobetona-i-opeke-240-190mm\/","og_locale":"hr_HR","og_type":"article","og_title":"List sabljaste pile za rezanje porobetona i opeke 240\/190mm - BauWeb","og_description":"Potra\u017eite \u0161iroki izbor alata i materijala za profesionalne gra\u0111evinske radove. Istra\u017ei Bauweb ponudu i kupuj uz odli\u010dne popuste.","og_url":"https:\/\/bauweb.hr\/index.php\/product\/list-sabljaste-pile-za-rezanje-porobetona-i-opeke-240-190mm\/","og_site_name":"BauWeb","article_publisher":"https:\/\/facebook.com\/bauweb00","og_image":[{"width":690,"height":690,"url":"https:\/\/bauweb.hr\/wp-content\/uploads\/2024\/10\/08T250HM.jpg","type":"image\/jpeg"}],"twitter_card":"summary_large_image","twitter_misc":{"Procijenjeno vrijeme \u010ditanja":"2 minute"},"schema":{"@context":"https:\/\/schema.org","@graph":[{"@type":"WebPage","@id":"https:\/\/bauweb.hr\/index.php\/product\/list-sabljaste-pile-za-rezanje-porobetona-i-opeke-240-190mm\/","url":"https:\/\/bauweb.hr\/index.php\/product\/list-sabljaste-pile-za-rezanje-porobetona-i-opeke-240-190mm\/","name":"List sabljaste pile za rezanje porobetona i opeke 240\/190mm - BauWeb","isPartOf":{"@id":"https:\/\/bauweb.hr\/#website"},"primaryImageOfPage":{"@id":"https:\/\/bauweb.hr\/index.php\/product\/list-sabljaste-pile-za-rezanje-porobetona-i-opeke-240-190mm\/#primaryimage"},"image":{"@id":"https:\/\/bauweb.hr\/index.php\/product\/list-sabljaste-pile-za-rezanje-porobetona-i-opeke-240-190mm\/#primaryimage"},"thumbnailUrl":"https:\/\/bauweb.hr\/wp-content\/uploads\/2024\/10\/08T250HM.jpg","datePublished":"2024-10-31T13:16:23+00:00","description":"Potra\u017eite \u0161iroki izbor alata i materijala za profesionalne gra\u0111evinske radove. Istra\u017ei Bauweb ponudu i kupuj uz odli\u010dne popuste.","breadcrumb":{"@id":"https:\/\/bauweb.hr\/index.php\/product\/list-sabljaste-pile-za-rezanje-porobetona-i-opeke-240-190mm\/#breadcrumb"},"inLanguage":"hr","potentialAction":[{"@type":"ReadAction","target":["https:\/\/bauweb.hr\/index.php\/product\/list-sabljaste-pile-za-rezanje-porobetona-i-opeke-240-190mm\/"]}]},{"@type":"ImageObject","inLanguage":"hr","@id":"https:\/\/bauweb.hr\/index.php\/product\/list-sabljaste-pile-za-rezanje-porobetona-i-opeke-240-190mm\/#primaryimage","url":"https:\/\/bauweb.hr\/wp-content\/uploads\/2024\/10\/08T250HM.jpg","contentUrl":"https:\/\/bauweb.hr\/wp-content\/uploads\/2024\/10\/08T250HM.jpg","width":690,"height":690},{"@type":"BreadcrumbList","@id":"https:\/\/bauweb.hr\/index.php\/product\/list-sabljaste-pile-za-rezanje-porobetona-i-opeke-240-190mm\/#breadcrumb","itemListElement":[{"@type":"ListItem","position":1,"name":"Po\u010detna stranica","item":"https:\/\/bauweb.hr\/"},{"@type":"ListItem","position":2,"name":"Shop","item":"https:\/\/bauweb.hr\/index.php\/shop-wooshop-v1\/"},{"@type":"ListItem","position":3,"name":"List sabljaste pile za rezanje porobetona i opeke 240\/190mm"}]},{"@type":"WebSite","@id":"https:\/\/bauweb.hr\/#website","url":"https:\/\/bauweb.hr\/","name":"BauWeb","description":"Za prave majstore","publisher":{"@id":"https:\/\/bauweb.hr\/#organization"},"alternateName":"BauWeb","potentialAction":[{"@type":"SearchAction","target":{"@type":"EntryPoint","urlTemplate":"https:\/\/bauweb.hr\/?s={search_term_string}"},"query-input":{"@type":"PropertyValueSpecification","valueRequired":true,"valueName":"search_term_string"}}],"inLanguage":"hr"},{"@type":"Organization","@id":"https:\/\/bauweb.hr\/#organization","name":"Hobi dom d.o.o.","url":"https:\/\/bauweb.hr\/","logo":{"@type":"ImageObject","inLanguage":"hr","@id":"https:\/\/bauweb.hr\/#\/schema\/logo\/image\/","url":"https:\/\/bauweb.hr\/wp-content\/uploads\/2023\/01\/Bauweb_logo-01.png","contentUrl":"https:\/\/bauweb.hr\/wp-content\/uploads\/2023\/01\/Bauweb_logo-01.png","width":842,"height":596,"caption":"Hobi dom d.o.o."},"image":{"@id":"https:\/\/bauweb.hr\/#\/schema\/logo\/image\/"},"sameAs":["https:\/\/facebook.com\/bauweb00","https:\/\/instagram.com\/bauweb_shop"]}]}},"_links":{"self":[{"href":"https:\/\/bauweb.hr\/index.php\/wp-json\/wp\/v2\/product\/24020","targetHints":{"allow":["GET"]}}],"collection":[{"href":"https:\/\/bauweb.hr\/index.php\/wp-json\/wp\/v2\/product"}],"about":[{"href":"https:\/\/bauweb.hr\/index.php\/wp-json\/wp\/v2\/types\/product"}],"replies":[{"embeddable":true,"href":"https:\/\/bauweb.hr\/index.php\/wp-json\/wp\/v2\/comments?post=24020"}],"wp:featuredmedia":[{"embeddable":true,"href":"https:\/\/bauweb.hr\/index.php\/wp-json\/wp\/v2\/media\/24021"}],"wp:attachment":[{"href":"https:\/\/bauweb.hr\/index.php\/wp-json\/wp\/v2\/media?parent=24020"}],"wp:term":[{"taxonomy":"product_brand","embeddable":true,"href":"https:\/\/bauweb.hr\/index.php\/wp-json\/wp\/v2\/product_brand?post=24020"},{"taxonomy":"product_cat","embeddable":true,"href":"https:\/\/bauweb.hr\/index.php\/wp-json\/wp\/v2\/product_cat?post=24020"},{"taxonomy":"product_tag","embeddable":true,"href":"https:\/\/bauweb.hr\/index.php\/wp-json\/wp\/v2\/product_tag?post=24020"}],"curies":[{"name":"wp","href":"https:\/\/api.w.org\/{rel}","templated":true}]}}