{"id":24156,"date":"2024-11-23T10:20:50","date_gmt":"2024-11-23T09:20:50","guid":{"rendered":"https:\/\/bauweb.hr\/?post_type=product&#038;p=24156"},"modified":"2024-12-09T14:15:18","modified_gmt":"2024-12-09T13:15:18","slug":"dijamantna-rezno-brusna-ploca-125mm-m14","status":"publish","type":"product","link":"https:\/\/bauweb.hr\/index.php\/product\/dijamantna-rezno-brusna-ploca-125mm-m14\/","title":{"rendered":"Dijamantna rezno brusna plo\u010da 125mm\/M14"},"content":{"rendered":"<h4>H1271 Dijamantna rezno brusna plo\u010da 125mm<\/h4>\n<p align=\"justify\">DEDRA H1271 dijamantna plo\u010da za rezanje i bru\u0161enje zapravo su dva alata u jednom.<br \/>\nSavr\u0161ena ideja za ljude koji se bave zavr\u0161nom obradom interijera, kerami\u010dare i ljude koji rade s prirodnim kamenom.<br \/>\nUspje\u0161no ga mo\u017eete koristiti u radu s prirodnim kamenom, plastikom, umjetnim materijalima, opekom i svim vrstama kerami\u010dkih plo\u010dica.<br \/>\nUniverzalni promjer od 125 mm i stezna glava M14 odgovaraju ve\u0107ini kutnih brusilica.<br \/>\nKontinuirani rub plo\u010de prekriven dijamantnim zrnom u\u010dinkovito re\u017ee i tvrde materijale, a dijamantni segmenti smje\u0161teni na bo\u010dnoj povr\u0161ini diska osiguravaju odli\u010dnu silu bru\u0161enja i izno\u0161enje iskopanog materijala izvan radnog podru\u010dja.<\/p>\n<p><strong>Zna\u010dajke:<\/strong><\/p>\n<ul>\n<li>2u1 dijamantna plo\u010da za rezanje i bru\u0161enje<\/li>\n<li>Kontinuirani rub osigurava visoku kvalitetu rezanja<\/li>\n<li>Dijamantni brusni segmenti s \u017eljebovima<\/li>\n<li>Dizajniran za rad na suho<\/li>\n<\/ul>\n<p><strong>Specifikacije:<\/strong><\/p>\n<ul>\n<li>Vrsta: dijamant<\/li>\n<li>Namjena: rezanje, bru\u0161enje<\/li>\n<li>Promjer: 125 mm<\/li>\n<li>Debljina: 2,8 mm<\/li>\n<li>Maksimalni dopu\u0161teni okretaji: 12250 o\/min<\/li>\n<li>Na\u010din monta\u017ee: M14 navoj<\/li>\n<\/ul>\n<p>&nbsp;<\/p>\n","protected":false},"excerpt":{"rendered":"<h4>H1271 Dijamantna rezno brusna plo\u010da 125mm<\/h4>\n<p align=\"justify\">DEDRA H1271 dijamantna plo\u010da za rezanje i bru\u0161enje zapravo su dva alata u jednom.<br \/>\nSavr\u0161ena ideja za ljude koji se bave zavr\u0161nom obradom interijera, kerami\u010dare i ljude koji rade s prirodnim kamenom.<br \/>\nUspje\u0161no ga mo\u017eete koristiti u radu s prirodnim kamenom, plastikom, umjetnim materijalima, opekom i svim vrstama kerami\u010dkih plo\u010dica.<br \/>\nUniverzalni promjer od 125 mm i stezna glava M14 odgovaraju ve\u0107ini kutnih brusilica.<\/p>\n","protected":false},"featured_media":24157,"comment_status":"open","ping_status":"closed","template":"","meta":[],"product_brand":[350],"product_cat":[102,185],"product_tag":[],"class_list":{"0":"post-24156","1":"product","2":"type-product","3":"status-publish","4":"has-post-thumbnail","6":"product_brand-dedra","7":"product_cat-keramicari","8":"product_cat-rezne-ploce","10":"first","11":"instock","12":"shipping-taxable","13":"purchasable","14":"product-type-simple"},"yoast_head":"<!-- This site is optimized with the Yoast SEO plugin v27.2 - https:\/\/yoast.com\/product\/yoast-seo-wordpress\/ -->\n<title>Dijamantna rezno brusna plo\u010da 125mm\/M14 - BauWeb<\/title>\n<meta name=\"description\" content=\"Potra\u017eite \u0161iroki izbor alata i materijala za profesionalne gra\u0111evinske radove. Istra\u017ei Bauweb ponudu i kupuj uz odli\u010dne popuste.\" \/>\n<meta name=\"robots\" content=\"index, follow, max-snippet:-1, max-image-preview:large, max-video-preview:-1\" \/>\n<link rel=\"canonical\" href=\"https:\/\/bauweb.hr\/index.php\/product\/dijamantna-rezno-brusna-ploca-125mm-m14\/\" \/>\n<meta property=\"og:locale\" content=\"hr_HR\" \/>\n<meta property=\"og:type\" content=\"article\" \/>\n<meta property=\"og:title\" content=\"Dijamantna rezno brusna plo\u010da 125mm\/M14 - BauWeb\" \/>\n<meta property=\"og:description\" content=\"Potra\u017eite \u0161iroki izbor alata i materijala za profesionalne gra\u0111evinske radove. Istra\u017ei Bauweb ponudu i kupuj uz odli\u010dne popuste.\" \/>\n<meta property=\"og:url\" content=\"https:\/\/bauweb.hr\/index.php\/product\/dijamantna-rezno-brusna-ploca-125mm-m14\/\" \/>\n<meta property=\"og:site_name\" content=\"BauWeb\" \/>\n<meta property=\"article:publisher\" content=\"https:\/\/facebook.com\/bauweb00\" \/>\n<meta property=\"article:modified_time\" content=\"2024-12-09T13:15:18+00:00\" \/>\n<meta property=\"og:image\" content=\"https:\/\/bauweb.hr\/wp-content\/uploads\/2024\/11\/H1271.jpg\" \/>\n\t<meta property=\"og:image:width\" content=\"690\" \/>\n\t<meta property=\"og:image:height\" content=\"690\" \/>\n\t<meta property=\"og:image:type\" content=\"image\/jpeg\" \/>\n<meta name=\"twitter:card\" content=\"summary_large_image\" \/>\n<meta name=\"twitter:label1\" content=\"Procijenjeno vrijeme \u010ditanja\" \/>\n\t<meta name=\"twitter:data1\" content=\"1 minuta\" \/>\n<script type=\"application\/ld+json\" class=\"yoast-schema-graph\">{\"@context\":\"https:\/\/schema.org\",\"@graph\":[{\"@type\":\"WebPage\",\"@id\":\"https:\/\/bauweb.hr\/index.php\/product\/dijamantna-rezno-brusna-ploca-125mm-m14\/\",\"url\":\"https:\/\/bauweb.hr\/index.php\/product\/dijamantna-rezno-brusna-ploca-125mm-m14\/\",\"name\":\"Dijamantna rezno brusna plo\u010da 125mm\/M14 - BauWeb\",\"isPartOf\":{\"@id\":\"https:\/\/bauweb.hr\/#website\"},\"primaryImageOfPage\":{\"@id\":\"https:\/\/bauweb.hr\/index.php\/product\/dijamantna-rezno-brusna-ploca-125mm-m14\/#primaryimage\"},\"image\":{\"@id\":\"https:\/\/bauweb.hr\/index.php\/product\/dijamantna-rezno-brusna-ploca-125mm-m14\/#primaryimage\"},\"thumbnailUrl\":\"https:\/\/bauweb.hr\/wp-content\/uploads\/2024\/11\/H1271.jpg\",\"datePublished\":\"2024-11-23T09:20:50+00:00\",\"dateModified\":\"2024-12-09T13:15:18+00:00\",\"description\":\"Potra\u017eite \u0161iroki izbor alata i materijala za profesionalne gra\u0111evinske radove. Istra\u017ei Bauweb ponudu i kupuj uz odli\u010dne popuste.\",\"breadcrumb\":{\"@id\":\"https:\/\/bauweb.hr\/index.php\/product\/dijamantna-rezno-brusna-ploca-125mm-m14\/#breadcrumb\"},\"inLanguage\":\"hr\",\"potentialAction\":[{\"@type\":\"ReadAction\",\"target\":[\"https:\/\/bauweb.hr\/index.php\/product\/dijamantna-rezno-brusna-ploca-125mm-m14\/\"]}]},{\"@type\":\"ImageObject\",\"inLanguage\":\"hr\",\"@id\":\"https:\/\/bauweb.hr\/index.php\/product\/dijamantna-rezno-brusna-ploca-125mm-m14\/#primaryimage\",\"url\":\"https:\/\/bauweb.hr\/wp-content\/uploads\/2024\/11\/H1271.jpg\",\"contentUrl\":\"https:\/\/bauweb.hr\/wp-content\/uploads\/2024\/11\/H1271.jpg\",\"width\":690,\"height\":690},{\"@type\":\"BreadcrumbList\",\"@id\":\"https:\/\/bauweb.hr\/index.php\/product\/dijamantna-rezno-brusna-ploca-125mm-m14\/#breadcrumb\",\"itemListElement\":[{\"@type\":\"ListItem\",\"position\":1,\"name\":\"Po\u010detna stranica\",\"item\":\"https:\/\/bauweb.hr\/\"},{\"@type\":\"ListItem\",\"position\":2,\"name\":\"Shop\",\"item\":\"https:\/\/bauweb.hr\/index.php\/shop-wooshop-v1\/\"},{\"@type\":\"ListItem\",\"position\":3,\"name\":\"Dijamantna rezno brusna plo\u010da 125mm\/M14\"}]},{\"@type\":\"WebSite\",\"@id\":\"https:\/\/bauweb.hr\/#website\",\"url\":\"https:\/\/bauweb.hr\/\",\"name\":\"BauWeb\",\"description\":\"Za prave majstore\",\"publisher\":{\"@id\":\"https:\/\/bauweb.hr\/#organization\"},\"alternateName\":\"BauWeb\",\"potentialAction\":[{\"@type\":\"SearchAction\",\"target\":{\"@type\":\"EntryPoint\",\"urlTemplate\":\"https:\/\/bauweb.hr\/?s={search_term_string}\"},\"query-input\":{\"@type\":\"PropertyValueSpecification\",\"valueRequired\":true,\"valueName\":\"search_term_string\"}}],\"inLanguage\":\"hr\"},{\"@type\":\"Organization\",\"@id\":\"https:\/\/bauweb.hr\/#organization\",\"name\":\"Hobi dom d.o.o.\",\"url\":\"https:\/\/bauweb.hr\/\",\"logo\":{\"@type\":\"ImageObject\",\"inLanguage\":\"hr\",\"@id\":\"https:\/\/bauweb.hr\/#\/schema\/logo\/image\/\",\"url\":\"https:\/\/bauweb.hr\/wp-content\/uploads\/2023\/01\/Bauweb_logo-01.png\",\"contentUrl\":\"https:\/\/bauweb.hr\/wp-content\/uploads\/2023\/01\/Bauweb_logo-01.png\",\"width\":842,\"height\":596,\"caption\":\"Hobi dom d.o.o.\"},\"image\":{\"@id\":\"https:\/\/bauweb.hr\/#\/schema\/logo\/image\/\"},\"sameAs\":[\"https:\/\/facebook.com\/bauweb00\",\"https:\/\/instagram.com\/bauweb_shop\"]}]}<\/script>\n<!-- \/ Yoast SEO plugin. -->","yoast_head_json":{"title":"Dijamantna rezno brusna plo\u010da 125mm\/M14 - BauWeb","description":"Potra\u017eite \u0161iroki izbor alata i materijala za profesionalne gra\u0111evinske radove. Istra\u017ei Bauweb ponudu i kupuj uz odli\u010dne popuste.","robots":{"index":"index","follow":"follow","max-snippet":"max-snippet:-1","max-image-preview":"max-image-preview:large","max-video-preview":"max-video-preview:-1"},"canonical":"https:\/\/bauweb.hr\/index.php\/product\/dijamantna-rezno-brusna-ploca-125mm-m14\/","og_locale":"hr_HR","og_type":"article","og_title":"Dijamantna rezno brusna plo\u010da 125mm\/M14 - BauWeb","og_description":"Potra\u017eite \u0161iroki izbor alata i materijala za profesionalne gra\u0111evinske radove. Istra\u017ei Bauweb ponudu i kupuj uz odli\u010dne popuste.","og_url":"https:\/\/bauweb.hr\/index.php\/product\/dijamantna-rezno-brusna-ploca-125mm-m14\/","og_site_name":"BauWeb","article_publisher":"https:\/\/facebook.com\/bauweb00","article_modified_time":"2024-12-09T13:15:18+00:00","og_image":[{"width":690,"height":690,"url":"https:\/\/bauweb.hr\/wp-content\/uploads\/2024\/11\/H1271.jpg","type":"image\/jpeg"}],"twitter_card":"summary_large_image","twitter_misc":{"Procijenjeno vrijeme \u010ditanja":"1 minuta"},"schema":{"@context":"https:\/\/schema.org","@graph":[{"@type":"WebPage","@id":"https:\/\/bauweb.hr\/index.php\/product\/dijamantna-rezno-brusna-ploca-125mm-m14\/","url":"https:\/\/bauweb.hr\/index.php\/product\/dijamantna-rezno-brusna-ploca-125mm-m14\/","name":"Dijamantna rezno brusna plo\u010da 125mm\/M14 - BauWeb","isPartOf":{"@id":"https:\/\/bauweb.hr\/#website"},"primaryImageOfPage":{"@id":"https:\/\/bauweb.hr\/index.php\/product\/dijamantna-rezno-brusna-ploca-125mm-m14\/#primaryimage"},"image":{"@id":"https:\/\/bauweb.hr\/index.php\/product\/dijamantna-rezno-brusna-ploca-125mm-m14\/#primaryimage"},"thumbnailUrl":"https:\/\/bauweb.hr\/wp-content\/uploads\/2024\/11\/H1271.jpg","datePublished":"2024-11-23T09:20:50+00:00","dateModified":"2024-12-09T13:15:18+00:00","description":"Potra\u017eite \u0161iroki izbor alata i materijala za profesionalne gra\u0111evinske radove. Istra\u017ei Bauweb ponudu i kupuj uz odli\u010dne popuste.","breadcrumb":{"@id":"https:\/\/bauweb.hr\/index.php\/product\/dijamantna-rezno-brusna-ploca-125mm-m14\/#breadcrumb"},"inLanguage":"hr","potentialAction":[{"@type":"ReadAction","target":["https:\/\/bauweb.hr\/index.php\/product\/dijamantna-rezno-brusna-ploca-125mm-m14\/"]}]},{"@type":"ImageObject","inLanguage":"hr","@id":"https:\/\/bauweb.hr\/index.php\/product\/dijamantna-rezno-brusna-ploca-125mm-m14\/#primaryimage","url":"https:\/\/bauweb.hr\/wp-content\/uploads\/2024\/11\/H1271.jpg","contentUrl":"https:\/\/bauweb.hr\/wp-content\/uploads\/2024\/11\/H1271.jpg","width":690,"height":690},{"@type":"BreadcrumbList","@id":"https:\/\/bauweb.hr\/index.php\/product\/dijamantna-rezno-brusna-ploca-125mm-m14\/#breadcrumb","itemListElement":[{"@type":"ListItem","position":1,"name":"Po\u010detna stranica","item":"https:\/\/bauweb.hr\/"},{"@type":"ListItem","position":2,"name":"Shop","item":"https:\/\/bauweb.hr\/index.php\/shop-wooshop-v1\/"},{"@type":"ListItem","position":3,"name":"Dijamantna rezno brusna plo\u010da 125mm\/M14"}]},{"@type":"WebSite","@id":"https:\/\/bauweb.hr\/#website","url":"https:\/\/bauweb.hr\/","name":"BauWeb","description":"Za prave majstore","publisher":{"@id":"https:\/\/bauweb.hr\/#organization"},"alternateName":"BauWeb","potentialAction":[{"@type":"SearchAction","target":{"@type":"EntryPoint","urlTemplate":"https:\/\/bauweb.hr\/?s={search_term_string}"},"query-input":{"@type":"PropertyValueSpecification","valueRequired":true,"valueName":"search_term_string"}}],"inLanguage":"hr"},{"@type":"Organization","@id":"https:\/\/bauweb.hr\/#organization","name":"Hobi dom d.o.o.","url":"https:\/\/bauweb.hr\/","logo":{"@type":"ImageObject","inLanguage":"hr","@id":"https:\/\/bauweb.hr\/#\/schema\/logo\/image\/","url":"https:\/\/bauweb.hr\/wp-content\/uploads\/2023\/01\/Bauweb_logo-01.png","contentUrl":"https:\/\/bauweb.hr\/wp-content\/uploads\/2023\/01\/Bauweb_logo-01.png","width":842,"height":596,"caption":"Hobi dom d.o.o."},"image":{"@id":"https:\/\/bauweb.hr\/#\/schema\/logo\/image\/"},"sameAs":["https:\/\/facebook.com\/bauweb00","https:\/\/instagram.com\/bauweb_shop"]}]}},"_links":{"self":[{"href":"https:\/\/bauweb.hr\/index.php\/wp-json\/wp\/v2\/product\/24156","targetHints":{"allow":["GET"]}}],"collection":[{"href":"https:\/\/bauweb.hr\/index.php\/wp-json\/wp\/v2\/product"}],"about":[{"href":"https:\/\/bauweb.hr\/index.php\/wp-json\/wp\/v2\/types\/product"}],"replies":[{"embeddable":true,"href":"https:\/\/bauweb.hr\/index.php\/wp-json\/wp\/v2\/comments?post=24156"}],"wp:featuredmedia":[{"embeddable":true,"href":"https:\/\/bauweb.hr\/index.php\/wp-json\/wp\/v2\/media\/24157"}],"wp:attachment":[{"href":"https:\/\/bauweb.hr\/index.php\/wp-json\/wp\/v2\/media?parent=24156"}],"wp:term":[{"taxonomy":"product_brand","embeddable":true,"href":"https:\/\/bauweb.hr\/index.php\/wp-json\/wp\/v2\/product_brand?post=24156"},{"taxonomy":"product_cat","embeddable":true,"href":"https:\/\/bauweb.hr\/index.php\/wp-json\/wp\/v2\/product_cat?post=24156"},{"taxonomy":"product_tag","embeddable":true,"href":"https:\/\/bauweb.hr\/index.php\/wp-json\/wp\/v2\/product_tag?post=24156"}],"curies":[{"name":"wp","href":"https:\/\/api.w.org\/{rel}","templated":true}]}}