{"id":24400,"date":"2024-12-11T13:55:29","date_gmt":"2024-12-11T12:55:29","guid":{"rendered":"https:\/\/bauweb.hr\/?post_type=product&#038;p=24400"},"modified":"2024-12-11T13:56:45","modified_gmt":"2024-12-11T12:56:45","slug":"remen-za-hlace-metalna-kopca-130cm","status":"publish","type":"product","link":"https:\/\/bauweb.hr\/index.php\/product\/remen-za-hlace-metalna-kopca-130cm\/","title":{"rendered":"Remen za hla\u010de-metalna kop\u010da\/130cm"},"content":{"rendered":"<h4>DEDRA BH2AP01 remen za hla\u010de-metalna kop\u010da\/130cm<\/h4>\n<p>Izra\u0111en od visokokvalitetnih materijala, otporan je na o\u0161te\u0107enja i dugo zadr\u017eava svoj estetski izgled.<br \/>\n\u010cvrsta metalna kop\u010da osigurava izdr\u017eljivost i sigurno pri\u010dvr\u0161\u0107ivanje, \u0161to pove\u0107ava osje\u0107aj udobnosti i prakti\u010dnosti kori\u0161tenja.<br \/>\nMehanizam za pri\u010dvr\u0161\u0107ivanje stezaljkom \u010dini remen lakim i brzim zakop\u010davanjem i otkop\u010davanjem, \u0161to ga \u010dini izuzetno jednostavnim za kori\u0161tenje, \u010dak i kada ste u \u017eurbi.<\/p>\n<p><em>&#8220;Dodatno, zahvaljuju\u0107i mogu\u0107nosti rezanja na odgovaraju\u0107u duljinu, remen se mo\u017ee savr\u0161eno prilagoditi individualnim potrebama, \u0161to osigurava savr\u0161eno pristajanje i punu udobnost no\u0161enja tijekom cijelog dana.&#8221;<\/em><\/p>\n<p><strong>Karakteristike:<\/strong><\/p>\n<ul>\n<li>Jaka metalna kop\u010da &#8211; osigurava izdr\u017eljivost i \u010dvrsto dr\u017eanje, \u0161to pove\u0107ava sigurnost i udobnost kori\u0161tenja<\/li>\n<li>Stezna kop\u010da sa sustavom brzog i jednostavnog pri\u010dvr\u0161\u0107ivanja &#8211; omogu\u0107uje brzo i prakti\u010dno pri\u010dvr\u0161\u0107ivanje remena, olak\u0161avaju\u0107i svakodnevnu upotrebu<\/li>\n<li>Mo\u017ee se rezati na \u017eeljenu duljinu &#8211; omogu\u0107uje prilagodbu remena prema va\u0161im individualnim potrebama, osiguravaju\u0107i savr\u0161eno pristajanje i udobnost<\/li>\n<\/ul>\n<p><strong>Tehni\u010dki podaci:<\/strong><\/p>\n<ul>\n<li>Materijal: pamuk 50%, poliester 50%<\/li>\n<li>Duljina: 130 cm<\/li>\n<li>\u0160irina: 3,7 cm<\/li>\n<li>Veli\u010dina: univerzalna<\/li>\n<li>Vrsta kop\u010de: stezaljka kop\u010da<\/li>\n<li>Boja: crna<\/li>\n<\/ul>\n<p><strong>Uklju\u010deno:<\/strong><\/p>\n<ul>\n<li>Remen za hla\u010de [1 kom]<\/li>\n<\/ul>\n","protected":false},"excerpt":{"rendered":"<p>DEDRA BH2AP01 remen za hla\u010de-metalna kop\u010da\/130cm Izra\u0111en od visokokvalitetnih materijala, otporan je na o\u0161te\u0107enja i dugo zadr\u017eava svoj estetski izgled. \u010cvrsta metalna kop\u010da osigurava izdr\u017eljivost i sigurno pri\u010dvr\u0161\u0107ivanje, \u0161to pove\u0107ava osje\u0107aj udobnosti i prakti\u010dnosti kori\u0161tenja. Mehanizam za pri\u010dvr\u0161\u0107ivanje stezaljkom \u010dini remen lakim i brzim zakop\u010davanjem i otkop\u010davanjem, \u0161to ga \u010dini izuzetno jednostavnim za kori\u0161tenje, \u010dak i kada ste u \u017eurbi. &#8220;Dodatno, zahvaljuju\u0107i mogu\u0107nosti rezanja na odgovaraju\u0107u duljinu, remen se mo\u017ee savr\u0161eno prilagoditi individualnim potrebama, \u0161to osigurava savr\u0161eno pristajanje i punu udobnost no\u0161enja tijekom cijelog dana.&#8221; Karakteristike: Jaka metalna kop\u010da &#8211; osigurava izdr\u017eljivost i \u010dvrsto dr\u017eanje, \u0161to pove\u0107ava sigurnost i udobnost kori\u0161tenja Stezna kop\u010da sa sustavom brzog i jednostavnog pri\u010dvr\u0161\u0107ivanja &#8211; omogu\u0107uje brzo i prakti\u010dno pri\u010dvr\u0161\u0107ivanje remena, olak\u0161avaju\u0107i svakodnevnu upotrebu Mo\u017ee se rezati na \u017eeljenu duljinu &#8211; omogu\u0107uje prilagodbu remena prema va\u0161im individualnim potrebama, osiguravaju\u0107i savr\u0161eno pristajanje i udobnost Tehni\u010dki podaci: Materijal: pamuk 50%, poliester 50% Duljina: 130 cm \u0160irina: 3,7 cm Veli\u010dina: univerzalna Vrsta kop\u010de: stezaljka kop\u010da Boja: crna Uklju\u010deno: Remen za hla\u010de [1 kom]<\/p>\n","protected":false},"featured_media":24401,"comment_status":"open","ping_status":"closed","template":"","meta":[],"product_brand":[350],"product_cat":[110],"product_tag":[],"class_list":{"0":"post-24400","1":"product","2":"type-product","3":"status-publish","4":"has-post-thumbnail","6":"product_brand-dedra","7":"product_cat-alati-pribor","9":"first","10":"instock","11":"shipping-taxable","12":"purchasable","13":"product-type-simple"},"yoast_head":"<!-- This site is optimized with the Yoast SEO plugin v27.2 - https:\/\/yoast.com\/product\/yoast-seo-wordpress\/ -->\n<title>Remen za hla\u010de-metalna kop\u010da\/130cm - BauWeb<\/title>\n<meta name=\"description\" content=\"Potra\u017eite \u0161iroki izbor alata i materijala za profesionalne gra\u0111evinske radove. Istra\u017ei Bauweb ponudu i kupuj uz odli\u010dne popuste.\" \/>\n<meta name=\"robots\" content=\"index, follow, max-snippet:-1, max-image-preview:large, max-video-preview:-1\" \/>\n<link rel=\"canonical\" href=\"https:\/\/bauweb.hr\/index.php\/product\/remen-za-hlace-metalna-kopca-130cm\/\" \/>\n<meta property=\"og:locale\" content=\"hr_HR\" \/>\n<meta property=\"og:type\" content=\"article\" \/>\n<meta property=\"og:title\" content=\"Remen za hla\u010de-metalna kop\u010da\/130cm - BauWeb\" \/>\n<meta property=\"og:description\" content=\"Potra\u017eite \u0161iroki izbor alata i materijala za profesionalne gra\u0111evinske radove. Istra\u017ei Bauweb ponudu i kupuj uz odli\u010dne popuste.\" \/>\n<meta property=\"og:url\" content=\"https:\/\/bauweb.hr\/index.php\/product\/remen-za-hlace-metalna-kopca-130cm\/\" \/>\n<meta property=\"og:site_name\" content=\"BauWeb\" \/>\n<meta property=\"article:publisher\" content=\"https:\/\/facebook.com\/bauweb00\" \/>\n<meta property=\"article:modified_time\" content=\"2024-12-11T12:56:45+00:00\" \/>\n<meta property=\"og:image\" content=\"https:\/\/bauweb.hr\/wp-content\/uploads\/2024\/12\/remen.jpg\" \/>\n\t<meta property=\"og:image:width\" content=\"690\" \/>\n\t<meta property=\"og:image:height\" content=\"690\" \/>\n\t<meta property=\"og:image:type\" content=\"image\/jpeg\" \/>\n<meta name=\"twitter:card\" content=\"summary_large_image\" \/>\n<meta name=\"twitter:label1\" content=\"Procijenjeno vrijeme \u010ditanja\" \/>\n\t<meta name=\"twitter:data1\" content=\"2 minute\" \/>\n<script type=\"application\/ld+json\" class=\"yoast-schema-graph\">{\"@context\":\"https:\/\/schema.org\",\"@graph\":[{\"@type\":\"WebPage\",\"@id\":\"https:\/\/bauweb.hr\/index.php\/product\/remen-za-hlace-metalna-kopca-130cm\/\",\"url\":\"https:\/\/bauweb.hr\/index.php\/product\/remen-za-hlace-metalna-kopca-130cm\/\",\"name\":\"Remen za hla\u010de-metalna kop\u010da\/130cm - BauWeb\",\"isPartOf\":{\"@id\":\"https:\/\/bauweb.hr\/#website\"},\"primaryImageOfPage\":{\"@id\":\"https:\/\/bauweb.hr\/index.php\/product\/remen-za-hlace-metalna-kopca-130cm\/#primaryimage\"},\"image\":{\"@id\":\"https:\/\/bauweb.hr\/index.php\/product\/remen-za-hlace-metalna-kopca-130cm\/#primaryimage\"},\"thumbnailUrl\":\"https:\/\/bauweb.hr\/wp-content\/uploads\/2024\/12\/remen.jpg\",\"datePublished\":\"2024-12-11T12:55:29+00:00\",\"dateModified\":\"2024-12-11T12:56:45+00:00\",\"description\":\"Potra\u017eite \u0161iroki izbor alata i materijala za profesionalne gra\u0111evinske radove. Istra\u017ei Bauweb ponudu i kupuj uz odli\u010dne popuste.\",\"breadcrumb\":{\"@id\":\"https:\/\/bauweb.hr\/index.php\/product\/remen-za-hlace-metalna-kopca-130cm\/#breadcrumb\"},\"inLanguage\":\"hr\",\"potentialAction\":[{\"@type\":\"ReadAction\",\"target\":[\"https:\/\/bauweb.hr\/index.php\/product\/remen-za-hlace-metalna-kopca-130cm\/\"]}]},{\"@type\":\"ImageObject\",\"inLanguage\":\"hr\",\"@id\":\"https:\/\/bauweb.hr\/index.php\/product\/remen-za-hlace-metalna-kopca-130cm\/#primaryimage\",\"url\":\"https:\/\/bauweb.hr\/wp-content\/uploads\/2024\/12\/remen.jpg\",\"contentUrl\":\"https:\/\/bauweb.hr\/wp-content\/uploads\/2024\/12\/remen.jpg\",\"width\":690,\"height\":690},{\"@type\":\"BreadcrumbList\",\"@id\":\"https:\/\/bauweb.hr\/index.php\/product\/remen-za-hlace-metalna-kopca-130cm\/#breadcrumb\",\"itemListElement\":[{\"@type\":\"ListItem\",\"position\":1,\"name\":\"Po\u010detna stranica\",\"item\":\"https:\/\/bauweb.hr\/\"},{\"@type\":\"ListItem\",\"position\":2,\"name\":\"Shop\",\"item\":\"https:\/\/bauweb.hr\/index.php\/shop-wooshop-v1\/\"},{\"@type\":\"ListItem\",\"position\":3,\"name\":\"Remen za hla\u010de-metalna kop\u010da\/130cm\"}]},{\"@type\":\"WebSite\",\"@id\":\"https:\/\/bauweb.hr\/#website\",\"url\":\"https:\/\/bauweb.hr\/\",\"name\":\"BauWeb\",\"description\":\"Za prave majstore\",\"publisher\":{\"@id\":\"https:\/\/bauweb.hr\/#organization\"},\"alternateName\":\"BauWeb\",\"potentialAction\":[{\"@type\":\"SearchAction\",\"target\":{\"@type\":\"EntryPoint\",\"urlTemplate\":\"https:\/\/bauweb.hr\/?s={search_term_string}\"},\"query-input\":{\"@type\":\"PropertyValueSpecification\",\"valueRequired\":true,\"valueName\":\"search_term_string\"}}],\"inLanguage\":\"hr\"},{\"@type\":\"Organization\",\"@id\":\"https:\/\/bauweb.hr\/#organization\",\"name\":\"Hobi dom d.o.o.\",\"url\":\"https:\/\/bauweb.hr\/\",\"logo\":{\"@type\":\"ImageObject\",\"inLanguage\":\"hr\",\"@id\":\"https:\/\/bauweb.hr\/#\/schema\/logo\/image\/\",\"url\":\"https:\/\/bauweb.hr\/wp-content\/uploads\/2023\/01\/Bauweb_logo-01.png\",\"contentUrl\":\"https:\/\/bauweb.hr\/wp-content\/uploads\/2023\/01\/Bauweb_logo-01.png\",\"width\":842,\"height\":596,\"caption\":\"Hobi dom d.o.o.\"},\"image\":{\"@id\":\"https:\/\/bauweb.hr\/#\/schema\/logo\/image\/\"},\"sameAs\":[\"https:\/\/facebook.com\/bauweb00\",\"https:\/\/instagram.com\/bauweb_shop\"]}]}<\/script>\n<!-- \/ Yoast SEO plugin. -->","yoast_head_json":{"title":"Remen za hla\u010de-metalna kop\u010da\/130cm - BauWeb","description":"Potra\u017eite \u0161iroki izbor alata i materijala za profesionalne gra\u0111evinske radove. Istra\u017ei Bauweb ponudu i kupuj uz odli\u010dne popuste.","robots":{"index":"index","follow":"follow","max-snippet":"max-snippet:-1","max-image-preview":"max-image-preview:large","max-video-preview":"max-video-preview:-1"},"canonical":"https:\/\/bauweb.hr\/index.php\/product\/remen-za-hlace-metalna-kopca-130cm\/","og_locale":"hr_HR","og_type":"article","og_title":"Remen za hla\u010de-metalna kop\u010da\/130cm - BauWeb","og_description":"Potra\u017eite \u0161iroki izbor alata i materijala za profesionalne gra\u0111evinske radove. Istra\u017ei Bauweb ponudu i kupuj uz odli\u010dne popuste.","og_url":"https:\/\/bauweb.hr\/index.php\/product\/remen-za-hlace-metalna-kopca-130cm\/","og_site_name":"BauWeb","article_publisher":"https:\/\/facebook.com\/bauweb00","article_modified_time":"2024-12-11T12:56:45+00:00","og_image":[{"width":690,"height":690,"url":"https:\/\/bauweb.hr\/wp-content\/uploads\/2024\/12\/remen.jpg","type":"image\/jpeg"}],"twitter_card":"summary_large_image","twitter_misc":{"Procijenjeno vrijeme \u010ditanja":"2 minute"},"schema":{"@context":"https:\/\/schema.org","@graph":[{"@type":"WebPage","@id":"https:\/\/bauweb.hr\/index.php\/product\/remen-za-hlace-metalna-kopca-130cm\/","url":"https:\/\/bauweb.hr\/index.php\/product\/remen-za-hlace-metalna-kopca-130cm\/","name":"Remen za hla\u010de-metalna kop\u010da\/130cm - BauWeb","isPartOf":{"@id":"https:\/\/bauweb.hr\/#website"},"primaryImageOfPage":{"@id":"https:\/\/bauweb.hr\/index.php\/product\/remen-za-hlace-metalna-kopca-130cm\/#primaryimage"},"image":{"@id":"https:\/\/bauweb.hr\/index.php\/product\/remen-za-hlace-metalna-kopca-130cm\/#primaryimage"},"thumbnailUrl":"https:\/\/bauweb.hr\/wp-content\/uploads\/2024\/12\/remen.jpg","datePublished":"2024-12-11T12:55:29+00:00","dateModified":"2024-12-11T12:56:45+00:00","description":"Potra\u017eite \u0161iroki izbor alata i materijala za profesionalne gra\u0111evinske radove. Istra\u017ei Bauweb ponudu i kupuj uz odli\u010dne popuste.","breadcrumb":{"@id":"https:\/\/bauweb.hr\/index.php\/product\/remen-za-hlace-metalna-kopca-130cm\/#breadcrumb"},"inLanguage":"hr","potentialAction":[{"@type":"ReadAction","target":["https:\/\/bauweb.hr\/index.php\/product\/remen-za-hlace-metalna-kopca-130cm\/"]}]},{"@type":"ImageObject","inLanguage":"hr","@id":"https:\/\/bauweb.hr\/index.php\/product\/remen-za-hlace-metalna-kopca-130cm\/#primaryimage","url":"https:\/\/bauweb.hr\/wp-content\/uploads\/2024\/12\/remen.jpg","contentUrl":"https:\/\/bauweb.hr\/wp-content\/uploads\/2024\/12\/remen.jpg","width":690,"height":690},{"@type":"BreadcrumbList","@id":"https:\/\/bauweb.hr\/index.php\/product\/remen-za-hlace-metalna-kopca-130cm\/#breadcrumb","itemListElement":[{"@type":"ListItem","position":1,"name":"Po\u010detna stranica","item":"https:\/\/bauweb.hr\/"},{"@type":"ListItem","position":2,"name":"Shop","item":"https:\/\/bauweb.hr\/index.php\/shop-wooshop-v1\/"},{"@type":"ListItem","position":3,"name":"Remen za hla\u010de-metalna kop\u010da\/130cm"}]},{"@type":"WebSite","@id":"https:\/\/bauweb.hr\/#website","url":"https:\/\/bauweb.hr\/","name":"BauWeb","description":"Za prave majstore","publisher":{"@id":"https:\/\/bauweb.hr\/#organization"},"alternateName":"BauWeb","potentialAction":[{"@type":"SearchAction","target":{"@type":"EntryPoint","urlTemplate":"https:\/\/bauweb.hr\/?s={search_term_string}"},"query-input":{"@type":"PropertyValueSpecification","valueRequired":true,"valueName":"search_term_string"}}],"inLanguage":"hr"},{"@type":"Organization","@id":"https:\/\/bauweb.hr\/#organization","name":"Hobi dom d.o.o.","url":"https:\/\/bauweb.hr\/","logo":{"@type":"ImageObject","inLanguage":"hr","@id":"https:\/\/bauweb.hr\/#\/schema\/logo\/image\/","url":"https:\/\/bauweb.hr\/wp-content\/uploads\/2023\/01\/Bauweb_logo-01.png","contentUrl":"https:\/\/bauweb.hr\/wp-content\/uploads\/2023\/01\/Bauweb_logo-01.png","width":842,"height":596,"caption":"Hobi dom d.o.o."},"image":{"@id":"https:\/\/bauweb.hr\/#\/schema\/logo\/image\/"},"sameAs":["https:\/\/facebook.com\/bauweb00","https:\/\/instagram.com\/bauweb_shop"]}]}},"_links":{"self":[{"href":"https:\/\/bauweb.hr\/index.php\/wp-json\/wp\/v2\/product\/24400","targetHints":{"allow":["GET"]}}],"collection":[{"href":"https:\/\/bauweb.hr\/index.php\/wp-json\/wp\/v2\/product"}],"about":[{"href":"https:\/\/bauweb.hr\/index.php\/wp-json\/wp\/v2\/types\/product"}],"replies":[{"embeddable":true,"href":"https:\/\/bauweb.hr\/index.php\/wp-json\/wp\/v2\/comments?post=24400"}],"wp:featuredmedia":[{"embeddable":true,"href":"https:\/\/bauweb.hr\/index.php\/wp-json\/wp\/v2\/media\/24401"}],"wp:attachment":[{"href":"https:\/\/bauweb.hr\/index.php\/wp-json\/wp\/v2\/media?parent=24400"}],"wp:term":[{"taxonomy":"product_brand","embeddable":true,"href":"https:\/\/bauweb.hr\/index.php\/wp-json\/wp\/v2\/product_brand?post=24400"},{"taxonomy":"product_cat","embeddable":true,"href":"https:\/\/bauweb.hr\/index.php\/wp-json\/wp\/v2\/product_cat?post=24400"},{"taxonomy":"product_tag","embeddable":true,"href":"https:\/\/bauweb.hr\/index.php\/wp-json\/wp\/v2\/product_tag?post=24400"}],"curies":[{"name":"wp","href":"https:\/\/api.w.org\/{rel}","templated":true}]}}