{"id":24417,"date":"2024-12-12T13:10:13","date_gmt":"2024-12-12T12:10:13","guid":{"rendered":"https:\/\/bauweb.hr\/?post_type=product&#038;p=24417"},"modified":"2025-09-08T16:51:40","modified_gmt":"2025-09-08T14:51:40","slug":"grabo-pro-lifter-20-akumulatorski-vakumski-nosac","status":"publish","type":"product","link":"https:\/\/bauweb.hr\/index.php\/product\/grabo-pro-lifter-20-akumulatorski-vakumski-nosac\/","title":{"rendered":"GRABO PRO lifter 20 &#8211; akumulatorski vakumski nosa\u010d"},"content":{"rendered":"<h4>GRABO PRO lifter 20 &#8211; akumulatorski vakumski nosa\u010d<\/h4>\n<p>GRABO Pro, je vrhunski vakuumski dr\u017ea\u010d s pametnim senzorom tlaka i digitalnim zaslonom.<br \/>\nProjektiran s fokusom na ergonomiju, nudi pobolj\u0161ano dr\u017eanje i smanjuje umor pri radu s te\u0161kim proizvodima i materijalima.<\/p>\n<p>GRABO Pro, s pametnim digitalnim senzorom tlaka i inteligentnim postavkama te\u017eine, nudi pobolj\u0161anu funkcionalnost.<br \/>\nNjegov prekida\u010d za automatsko uklju\u010divanje\/isklju\u010divanje osigurava optimalne razine usisavanja, a digitalni mjera\u010d pru\u017ea indikaciju prianjanja s mjerenjima bar\/PSI i maksimalnim kapacitetom dizanja u kilogramima za sigurne i u\u010dinkovite operacije.<\/p>\n<p>Grabo Pro dolazi u potpunosti opremljen \u010dvrstom torbom s patentnim zatvara\u010dem, standardnom brtvom, baterijom i punja\u010dem<\/p>\n<ul>\n<li>GRABO Pro 20 je prijenosni elektri\u010dni vakumski ure\u0111aj namjenjen podizanju i pomicanju predmeta poput plo\u010dica,<br \/>\nkamenih oplo\u010dnika, gips plo\u010da, stakla i namje\u0161taja.<\/li>\n<li>GRABO Pro 20 ima ugra\u0111en senzor tlaka s funkcijom automatskog pokretanja\/zaustavljanja.<br \/>\nprimjena gotovo na svim povr\u0161inama:staklo, betonske i kerami\u010dke plo\u010dice, mramor, \u010delik, plo\u010de s teksturama, beton, drvo, \u0161perplo\u010da, iveral, laminat, gips-kartonske plo\u010de, \u017eeljezo<\/li>\n<li>napon baterije: 14,8 V li-ion<\/li>\n<li>nazivna snaga: 16 W<br \/>\nneto te\u017eina: 1,5 kg<\/li>\n<li>radno vrijeme: 1,5 h<br \/>\nmax. sila podizanja: do 170 kg<\/li>\n<li>U paketu: punja\u010d baterije prijenosna torba<\/li>\n<\/ul>\n","protected":false},"excerpt":{"rendered":"<h4>GRABO PRO lifter 20 &#8211; akumulatorski vakumski nosa\u010d<\/h4>\n<p>GRABO Pro, je vrhunski vakuumski dr\u017ea\u010d s pametnim senzorom tlaka i digitalnim zaslonom.<br \/>\nProjektiran s fokusom na ergonomiju, nudi pobolj\u0161ano dr\u017eanje i smanjuje umor pri radu s te\u0161kim proizvodima i materijalima.<\/p>\n","protected":false},"featured_media":24420,"comment_status":"open","ping_status":"closed","template":"","meta":[],"product_brand":[425],"product_cat":[147,102],"product_tag":[],"class_list":{"0":"post-24417","1":"product","2":"type-product","3":"status-publish","4":"has-post-thumbnail","6":"product_brand-grabo","7":"product_cat-alati-i-pribor-keramicari","8":"product_cat-keramicari","10":"first","11":"instock","12":"shipping-taxable","13":"purchasable","14":"product-type-simple"},"yoast_head":"<!-- This site is optimized with the Yoast SEO plugin v27.2 - https:\/\/yoast.com\/product\/yoast-seo-wordpress\/ -->\n<title>GRABO PRO lifter 20 - akumulatorski vakumski nosa\u010d - BauWeb<\/title>\n<meta name=\"description\" content=\"Potra\u017eite \u0161iroki izbor alata i materijala za profesionalne gra\u0111evinske radove. Istra\u017ei Bauweb ponudu i kupuj uz odli\u010dne popuste.\" \/>\n<meta name=\"robots\" content=\"index, follow, max-snippet:-1, max-image-preview:large, max-video-preview:-1\" \/>\n<link rel=\"canonical\" href=\"https:\/\/bauweb.hr\/index.php\/product\/grabo-pro-lifter-20-akumulatorski-vakumski-nosac\/\" \/>\n<meta property=\"og:locale\" content=\"hr_HR\" \/>\n<meta property=\"og:type\" content=\"article\" \/>\n<meta property=\"og:title\" content=\"GRABO PRO lifter 20 - akumulatorski vakumski nosa\u010d - BauWeb\" \/>\n<meta property=\"og:description\" content=\"Potra\u017eite \u0161iroki izbor alata i materijala za profesionalne gra\u0111evinske radove. Istra\u017ei Bauweb ponudu i kupuj uz odli\u010dne popuste.\" \/>\n<meta property=\"og:url\" content=\"https:\/\/bauweb.hr\/index.php\/product\/grabo-pro-lifter-20-akumulatorski-vakumski-nosac\/\" \/>\n<meta property=\"og:site_name\" content=\"BauWeb\" \/>\n<meta property=\"article:publisher\" content=\"https:\/\/facebook.com\/bauweb00\" \/>\n<meta property=\"article:modified_time\" content=\"2025-09-08T14:51:40+00:00\" \/>\n<meta property=\"og:image\" content=\"https:\/\/bauweb.hr\/wp-content\/uploads\/2024\/12\/grabo_pro_3.jpg\" \/>\n\t<meta property=\"og:image:width\" content=\"689\" \/>\n\t<meta property=\"og:image:height\" content=\"690\" \/>\n\t<meta property=\"og:image:type\" content=\"image\/jpeg\" \/>\n<meta name=\"twitter:card\" content=\"summary_large_image\" \/>\n<meta name=\"twitter:label1\" content=\"Procijenjeno vrijeme \u010ditanja\" \/>\n\t<meta name=\"twitter:data1\" content=\"2 minute\" \/>\n<script type=\"application\/ld+json\" class=\"yoast-schema-graph\">{\"@context\":\"https:\/\/schema.org\",\"@graph\":[{\"@type\":\"WebPage\",\"@id\":\"https:\/\/bauweb.hr\/index.php\/product\/grabo-pro-lifter-20-akumulatorski-vakumski-nosac\/\",\"url\":\"https:\/\/bauweb.hr\/index.php\/product\/grabo-pro-lifter-20-akumulatorski-vakumski-nosac\/\",\"name\":\"GRABO PRO lifter 20 - akumulatorski vakumski nosa\u010d - BauWeb\",\"isPartOf\":{\"@id\":\"https:\/\/bauweb.hr\/#website\"},\"primaryImageOfPage\":{\"@id\":\"https:\/\/bauweb.hr\/index.php\/product\/grabo-pro-lifter-20-akumulatorski-vakumski-nosac\/#primaryimage\"},\"image\":{\"@id\":\"https:\/\/bauweb.hr\/index.php\/product\/grabo-pro-lifter-20-akumulatorski-vakumski-nosac\/#primaryimage\"},\"thumbnailUrl\":\"https:\/\/bauweb.hr\/wp-content\/uploads\/2024\/12\/grabo_pro_3.jpg\",\"datePublished\":\"2024-12-12T12:10:13+00:00\",\"dateModified\":\"2025-09-08T14:51:40+00:00\",\"description\":\"Potra\u017eite \u0161iroki izbor alata i materijala za profesionalne gra\u0111evinske radove. Istra\u017ei Bauweb ponudu i kupuj uz odli\u010dne popuste.\",\"breadcrumb\":{\"@id\":\"https:\/\/bauweb.hr\/index.php\/product\/grabo-pro-lifter-20-akumulatorski-vakumski-nosac\/#breadcrumb\"},\"inLanguage\":\"hr\",\"potentialAction\":[{\"@type\":\"ReadAction\",\"target\":[\"https:\/\/bauweb.hr\/index.php\/product\/grabo-pro-lifter-20-akumulatorski-vakumski-nosac\/\"]}]},{\"@type\":\"ImageObject\",\"inLanguage\":\"hr\",\"@id\":\"https:\/\/bauweb.hr\/index.php\/product\/grabo-pro-lifter-20-akumulatorski-vakumski-nosac\/#primaryimage\",\"url\":\"https:\/\/bauweb.hr\/wp-content\/uploads\/2024\/12\/grabo_pro_3.jpg\",\"contentUrl\":\"https:\/\/bauweb.hr\/wp-content\/uploads\/2024\/12\/grabo_pro_3.jpg\",\"width\":689,\"height\":690},{\"@type\":\"BreadcrumbList\",\"@id\":\"https:\/\/bauweb.hr\/index.php\/product\/grabo-pro-lifter-20-akumulatorski-vakumski-nosac\/#breadcrumb\",\"itemListElement\":[{\"@type\":\"ListItem\",\"position\":1,\"name\":\"Po\u010detna stranica\",\"item\":\"https:\/\/bauweb.hr\/\"},{\"@type\":\"ListItem\",\"position\":2,\"name\":\"Shop\",\"item\":\"https:\/\/bauweb.hr\/index.php\/shop-wooshop-v1\/\"},{\"@type\":\"ListItem\",\"position\":3,\"name\":\"GRABO PRO lifter 20 &#8211; akumulatorski vakumski nosa\u010d\"}]},{\"@type\":\"WebSite\",\"@id\":\"https:\/\/bauweb.hr\/#website\",\"url\":\"https:\/\/bauweb.hr\/\",\"name\":\"BauWeb\",\"description\":\"Za prave majstore\",\"publisher\":{\"@id\":\"https:\/\/bauweb.hr\/#organization\"},\"alternateName\":\"BauWeb\",\"potentialAction\":[{\"@type\":\"SearchAction\",\"target\":{\"@type\":\"EntryPoint\",\"urlTemplate\":\"https:\/\/bauweb.hr\/?s={search_term_string}\"},\"query-input\":{\"@type\":\"PropertyValueSpecification\",\"valueRequired\":true,\"valueName\":\"search_term_string\"}}],\"inLanguage\":\"hr\"},{\"@type\":\"Organization\",\"@id\":\"https:\/\/bauweb.hr\/#organization\",\"name\":\"Hobi dom d.o.o.\",\"url\":\"https:\/\/bauweb.hr\/\",\"logo\":{\"@type\":\"ImageObject\",\"inLanguage\":\"hr\",\"@id\":\"https:\/\/bauweb.hr\/#\/schema\/logo\/image\/\",\"url\":\"https:\/\/bauweb.hr\/wp-content\/uploads\/2023\/01\/Bauweb_logo-01.png\",\"contentUrl\":\"https:\/\/bauweb.hr\/wp-content\/uploads\/2023\/01\/Bauweb_logo-01.png\",\"width\":842,\"height\":596,\"caption\":\"Hobi dom d.o.o.\"},\"image\":{\"@id\":\"https:\/\/bauweb.hr\/#\/schema\/logo\/image\/\"},\"sameAs\":[\"https:\/\/facebook.com\/bauweb00\",\"https:\/\/instagram.com\/bauweb_shop\"]}]}<\/script>\n<!-- \/ Yoast SEO plugin. -->","yoast_head_json":{"title":"GRABO PRO lifter 20 - akumulatorski vakumski nosa\u010d - BauWeb","description":"Potra\u017eite \u0161iroki izbor alata i materijala za profesionalne gra\u0111evinske radove. Istra\u017ei Bauweb ponudu i kupuj uz odli\u010dne popuste.","robots":{"index":"index","follow":"follow","max-snippet":"max-snippet:-1","max-image-preview":"max-image-preview:large","max-video-preview":"max-video-preview:-1"},"canonical":"https:\/\/bauweb.hr\/index.php\/product\/grabo-pro-lifter-20-akumulatorski-vakumski-nosac\/","og_locale":"hr_HR","og_type":"article","og_title":"GRABO PRO lifter 20 - akumulatorski vakumski nosa\u010d - BauWeb","og_description":"Potra\u017eite \u0161iroki izbor alata i materijala za profesionalne gra\u0111evinske radove. Istra\u017ei Bauweb ponudu i kupuj uz odli\u010dne popuste.","og_url":"https:\/\/bauweb.hr\/index.php\/product\/grabo-pro-lifter-20-akumulatorski-vakumski-nosac\/","og_site_name":"BauWeb","article_publisher":"https:\/\/facebook.com\/bauweb00","article_modified_time":"2025-09-08T14:51:40+00:00","og_image":[{"width":689,"height":690,"url":"https:\/\/bauweb.hr\/wp-content\/uploads\/2024\/12\/grabo_pro_3.jpg","type":"image\/jpeg"}],"twitter_card":"summary_large_image","twitter_misc":{"Procijenjeno vrijeme \u010ditanja":"2 minute"},"schema":{"@context":"https:\/\/schema.org","@graph":[{"@type":"WebPage","@id":"https:\/\/bauweb.hr\/index.php\/product\/grabo-pro-lifter-20-akumulatorski-vakumski-nosac\/","url":"https:\/\/bauweb.hr\/index.php\/product\/grabo-pro-lifter-20-akumulatorski-vakumski-nosac\/","name":"GRABO PRO lifter 20 - akumulatorski vakumski nosa\u010d - BauWeb","isPartOf":{"@id":"https:\/\/bauweb.hr\/#website"},"primaryImageOfPage":{"@id":"https:\/\/bauweb.hr\/index.php\/product\/grabo-pro-lifter-20-akumulatorski-vakumski-nosac\/#primaryimage"},"image":{"@id":"https:\/\/bauweb.hr\/index.php\/product\/grabo-pro-lifter-20-akumulatorski-vakumski-nosac\/#primaryimage"},"thumbnailUrl":"https:\/\/bauweb.hr\/wp-content\/uploads\/2024\/12\/grabo_pro_3.jpg","datePublished":"2024-12-12T12:10:13+00:00","dateModified":"2025-09-08T14:51:40+00:00","description":"Potra\u017eite \u0161iroki izbor alata i materijala za profesionalne gra\u0111evinske radove. Istra\u017ei Bauweb ponudu i kupuj uz odli\u010dne popuste.","breadcrumb":{"@id":"https:\/\/bauweb.hr\/index.php\/product\/grabo-pro-lifter-20-akumulatorski-vakumski-nosac\/#breadcrumb"},"inLanguage":"hr","potentialAction":[{"@type":"ReadAction","target":["https:\/\/bauweb.hr\/index.php\/product\/grabo-pro-lifter-20-akumulatorski-vakumski-nosac\/"]}]},{"@type":"ImageObject","inLanguage":"hr","@id":"https:\/\/bauweb.hr\/index.php\/product\/grabo-pro-lifter-20-akumulatorski-vakumski-nosac\/#primaryimage","url":"https:\/\/bauweb.hr\/wp-content\/uploads\/2024\/12\/grabo_pro_3.jpg","contentUrl":"https:\/\/bauweb.hr\/wp-content\/uploads\/2024\/12\/grabo_pro_3.jpg","width":689,"height":690},{"@type":"BreadcrumbList","@id":"https:\/\/bauweb.hr\/index.php\/product\/grabo-pro-lifter-20-akumulatorski-vakumski-nosac\/#breadcrumb","itemListElement":[{"@type":"ListItem","position":1,"name":"Po\u010detna stranica","item":"https:\/\/bauweb.hr\/"},{"@type":"ListItem","position":2,"name":"Shop","item":"https:\/\/bauweb.hr\/index.php\/shop-wooshop-v1\/"},{"@type":"ListItem","position":3,"name":"GRABO PRO lifter 20 &#8211; akumulatorski vakumski nosa\u010d"}]},{"@type":"WebSite","@id":"https:\/\/bauweb.hr\/#website","url":"https:\/\/bauweb.hr\/","name":"BauWeb","description":"Za prave majstore","publisher":{"@id":"https:\/\/bauweb.hr\/#organization"},"alternateName":"BauWeb","potentialAction":[{"@type":"SearchAction","target":{"@type":"EntryPoint","urlTemplate":"https:\/\/bauweb.hr\/?s={search_term_string}"},"query-input":{"@type":"PropertyValueSpecification","valueRequired":true,"valueName":"search_term_string"}}],"inLanguage":"hr"},{"@type":"Organization","@id":"https:\/\/bauweb.hr\/#organization","name":"Hobi dom d.o.o.","url":"https:\/\/bauweb.hr\/","logo":{"@type":"ImageObject","inLanguage":"hr","@id":"https:\/\/bauweb.hr\/#\/schema\/logo\/image\/","url":"https:\/\/bauweb.hr\/wp-content\/uploads\/2023\/01\/Bauweb_logo-01.png","contentUrl":"https:\/\/bauweb.hr\/wp-content\/uploads\/2023\/01\/Bauweb_logo-01.png","width":842,"height":596,"caption":"Hobi dom d.o.o."},"image":{"@id":"https:\/\/bauweb.hr\/#\/schema\/logo\/image\/"},"sameAs":["https:\/\/facebook.com\/bauweb00","https:\/\/instagram.com\/bauweb_shop"]}]}},"_links":{"self":[{"href":"https:\/\/bauweb.hr\/index.php\/wp-json\/wp\/v2\/product\/24417","targetHints":{"allow":["GET"]}}],"collection":[{"href":"https:\/\/bauweb.hr\/index.php\/wp-json\/wp\/v2\/product"}],"about":[{"href":"https:\/\/bauweb.hr\/index.php\/wp-json\/wp\/v2\/types\/product"}],"replies":[{"embeddable":true,"href":"https:\/\/bauweb.hr\/index.php\/wp-json\/wp\/v2\/comments?post=24417"}],"wp:featuredmedia":[{"embeddable":true,"href":"https:\/\/bauweb.hr\/index.php\/wp-json\/wp\/v2\/media\/24420"}],"wp:attachment":[{"href":"https:\/\/bauweb.hr\/index.php\/wp-json\/wp\/v2\/media?parent=24417"}],"wp:term":[{"taxonomy":"product_brand","embeddable":true,"href":"https:\/\/bauweb.hr\/index.php\/wp-json\/wp\/v2\/product_brand?post=24417"},{"taxonomy":"product_cat","embeddable":true,"href":"https:\/\/bauweb.hr\/index.php\/wp-json\/wp\/v2\/product_cat?post=24417"},{"taxonomy":"product_tag","embeddable":true,"href":"https:\/\/bauweb.hr\/index.php\/wp-json\/wp\/v2\/product_tag?post=24417"}],"curies":[{"name":"wp","href":"https:\/\/api.w.org\/{rel}","templated":true}]}}