{"id":24437,"date":"2024-12-13T13:37:08","date_gmt":"2024-12-13T12:37:08","guid":{"rendered":"https:\/\/bauweb.hr\/?post_type=product&#038;p=24437"},"modified":"2025-07-23T13:09:11","modified_gmt":"2025-07-23T11:09:11","slug":"bihui-dijamntna-rezna-ploca-b-slim-115x01mm","status":"publish","type":"product","link":"https:\/\/bauweb.hr\/index.php\/product\/bihui-dijamntna-rezna-ploca-b-slim-115x01mm\/","title":{"rendered":"BIHUI dijamntna rezna plo\u010da B-SLIM 115x1mm"},"content":{"rendered":"<p><strong>BIHUI dijamntna rezna plo\u010da B-SLIM 115x1mm<\/strong><\/p>\n<ul>\n<li>Neprekidni dijamantni rub visine 7 mm<\/li>\n<li>Izuzetno tanak, debljine 1,1 mm za manje pra\u0161ine i br\u017ee rezanje<\/li>\n<li>Sredi\u0161nji provrt oja\u010dan dvostrukom prirubnicom od 70 mm<\/li>\n<li>\u010celi\u010dno tijelo izra\u0111eno je od posebnog \u010delika za dodatnu krutost<\/li>\n<li>Rezanje velikom brzinom s minimalnim lomljenjem i samohla\u0111enjem<\/li>\n<li>Savr\u0161eno za kori\u0161tenje s kutnom brusilicom<\/li>\n<li>Pogodno za rezanje tankih plo\u010da\uff0cporculanskih plo\u010dica\uff0ckerami\u010dkih plo\u010dica itd<\/li>\n<\/ul>\n","protected":false},"excerpt":{"rendered":"<p><strong>BIHUI dijamntna rezna plo\u010da B-SLIM 115&#215;0,1mm<\/strong><\/p>\n<ul>\n<li>Neprekidni dijamantni rub visine 7 mm<\/li>\n<li>Izuzetno tanak, debljine 1,1 mm za manje pra\u0161ine i br\u017ee rezanje<\/li>\n<li>Sredi\u0161nji provrt oja\u010dan dvostrukom prirubnicom od 70 mm<\/li>\n<li>\u010celi\u010dno tijelo izra\u0111eno je od posebnog \u010delika za dodatnu krutost<\/li>\n<li>Rezanje velikom brzinom s minimalnim lomljenjem i samohla\u0111enjem<\/li>\n<li>Savr\u0161eno za kori\u0161tenje s kutnom brusilicom<\/li>\n<li>Pogodno za rezanje tankih plo\u010da\uff0cporculanskih plo\u010dica\uff0ckerami\u010dkih plo\u010dica itd<\/li>\n<\/ul>\n","protected":false},"featured_media":24438,"comment_status":"open","ping_status":"closed","template":"","meta":[],"product_brand":[155],"product_cat":[102,185],"product_tag":[],"class_list":{"0":"post-24437","1":"product","2":"type-product","3":"status-publish","4":"has-post-thumbnail","6":"product_brand-bihui","7":"product_cat-keramicari","8":"product_cat-rezne-ploce","10":"first","11":"instock","12":"shipping-taxable","13":"purchasable","14":"product-type-simple"},"yoast_head":"<!-- This site is optimized with the Yoast SEO plugin v27.2 - https:\/\/yoast.com\/product\/yoast-seo-wordpress\/ -->\n<title>BIHUI dijamntna rezna plo\u010da B-SLIM 115x1mm - BauWeb<\/title>\n<meta name=\"description\" content=\"Potra\u017eite \u0161iroki izbor alata i materijala za profesionalne gra\u0111evinske radove. Istra\u017ei Bauweb ponudu i kupuj uz odli\u010dne popuste.\" \/>\n<meta name=\"robots\" content=\"index, follow, max-snippet:-1, max-image-preview:large, max-video-preview:-1\" \/>\n<link rel=\"canonical\" href=\"https:\/\/bauweb.hr\/index.php\/product\/bihui-dijamntna-rezna-ploca-b-slim-115x01mm\/\" \/>\n<meta property=\"og:locale\" content=\"hr_HR\" \/>\n<meta property=\"og:type\" content=\"article\" \/>\n<meta property=\"og:title\" content=\"BIHUI dijamntna rezna plo\u010da B-SLIM 115x1mm - BauWeb\" \/>\n<meta property=\"og:description\" content=\"Potra\u017eite \u0161iroki izbor alata i materijala za profesionalne gra\u0111evinske radove. Istra\u017ei Bauweb ponudu i kupuj uz odli\u010dne popuste.\" \/>\n<meta property=\"og:url\" content=\"https:\/\/bauweb.hr\/index.php\/product\/bihui-dijamntna-rezna-ploca-b-slim-115x01mm\/\" \/>\n<meta property=\"og:site_name\" content=\"BauWeb\" \/>\n<meta property=\"article:publisher\" content=\"https:\/\/facebook.com\/bauweb00\" \/>\n<meta property=\"article:modified_time\" content=\"2025-07-23T11:09:11+00:00\" \/>\n<meta property=\"og:image\" content=\"https:\/\/bauweb.hr\/wp-content\/uploads\/2024\/12\/bslim.jpg\" \/>\n\t<meta property=\"og:image:width\" content=\"690\" \/>\n\t<meta property=\"og:image:height\" content=\"690\" \/>\n\t<meta property=\"og:image:type\" content=\"image\/jpeg\" \/>\n<meta name=\"twitter:card\" content=\"summary_large_image\" \/>\n<meta name=\"twitter:label1\" content=\"Procijenjeno vrijeme \u010ditanja\" \/>\n\t<meta name=\"twitter:data1\" content=\"1 minuta\" \/>\n<script type=\"application\/ld+json\" class=\"yoast-schema-graph\">{\"@context\":\"https:\/\/schema.org\",\"@graph\":[{\"@type\":\"WebPage\",\"@id\":\"https:\/\/bauweb.hr\/index.php\/product\/bihui-dijamntna-rezna-ploca-b-slim-115x01mm\/\",\"url\":\"https:\/\/bauweb.hr\/index.php\/product\/bihui-dijamntna-rezna-ploca-b-slim-115x01mm\/\",\"name\":\"BIHUI dijamntna rezna plo\u010da B-SLIM 115x1mm - BauWeb\",\"isPartOf\":{\"@id\":\"https:\/\/bauweb.hr\/#website\"},\"primaryImageOfPage\":{\"@id\":\"https:\/\/bauweb.hr\/index.php\/product\/bihui-dijamntna-rezna-ploca-b-slim-115x01mm\/#primaryimage\"},\"image\":{\"@id\":\"https:\/\/bauweb.hr\/index.php\/product\/bihui-dijamntna-rezna-ploca-b-slim-115x01mm\/#primaryimage\"},\"thumbnailUrl\":\"https:\/\/bauweb.hr\/wp-content\/uploads\/2024\/12\/bslim.jpg\",\"datePublished\":\"2024-12-13T12:37:08+00:00\",\"dateModified\":\"2025-07-23T11:09:11+00:00\",\"description\":\"Potra\u017eite \u0161iroki izbor alata i materijala za profesionalne gra\u0111evinske radove. Istra\u017ei Bauweb ponudu i kupuj uz odli\u010dne popuste.\",\"breadcrumb\":{\"@id\":\"https:\/\/bauweb.hr\/index.php\/product\/bihui-dijamntna-rezna-ploca-b-slim-115x01mm\/#breadcrumb\"},\"inLanguage\":\"hr\",\"potentialAction\":[{\"@type\":\"ReadAction\",\"target\":[\"https:\/\/bauweb.hr\/index.php\/product\/bihui-dijamntna-rezna-ploca-b-slim-115x01mm\/\"]}]},{\"@type\":\"ImageObject\",\"inLanguage\":\"hr\",\"@id\":\"https:\/\/bauweb.hr\/index.php\/product\/bihui-dijamntna-rezna-ploca-b-slim-115x01mm\/#primaryimage\",\"url\":\"https:\/\/bauweb.hr\/wp-content\/uploads\/2024\/12\/bslim.jpg\",\"contentUrl\":\"https:\/\/bauweb.hr\/wp-content\/uploads\/2024\/12\/bslim.jpg\",\"width\":690,\"height\":690},{\"@type\":\"BreadcrumbList\",\"@id\":\"https:\/\/bauweb.hr\/index.php\/product\/bihui-dijamntna-rezna-ploca-b-slim-115x01mm\/#breadcrumb\",\"itemListElement\":[{\"@type\":\"ListItem\",\"position\":1,\"name\":\"Po\u010detna stranica\",\"item\":\"https:\/\/bauweb.hr\/\"},{\"@type\":\"ListItem\",\"position\":2,\"name\":\"Shop\",\"item\":\"https:\/\/bauweb.hr\/index.php\/shop-wooshop-v1\/\"},{\"@type\":\"ListItem\",\"position\":3,\"name\":\"BIHUI dijamntna rezna plo\u010da B-SLIM 115x1mm\"}]},{\"@type\":\"WebSite\",\"@id\":\"https:\/\/bauweb.hr\/#website\",\"url\":\"https:\/\/bauweb.hr\/\",\"name\":\"BauWeb\",\"description\":\"Za prave majstore\",\"publisher\":{\"@id\":\"https:\/\/bauweb.hr\/#organization\"},\"alternateName\":\"BauWeb\",\"potentialAction\":[{\"@type\":\"SearchAction\",\"target\":{\"@type\":\"EntryPoint\",\"urlTemplate\":\"https:\/\/bauweb.hr\/?s={search_term_string}\"},\"query-input\":{\"@type\":\"PropertyValueSpecification\",\"valueRequired\":true,\"valueName\":\"search_term_string\"}}],\"inLanguage\":\"hr\"},{\"@type\":\"Organization\",\"@id\":\"https:\/\/bauweb.hr\/#organization\",\"name\":\"Hobi dom d.o.o.\",\"url\":\"https:\/\/bauweb.hr\/\",\"logo\":{\"@type\":\"ImageObject\",\"inLanguage\":\"hr\",\"@id\":\"https:\/\/bauweb.hr\/#\/schema\/logo\/image\/\",\"url\":\"https:\/\/bauweb.hr\/wp-content\/uploads\/2023\/01\/Bauweb_logo-01.png\",\"contentUrl\":\"https:\/\/bauweb.hr\/wp-content\/uploads\/2023\/01\/Bauweb_logo-01.png\",\"width\":842,\"height\":596,\"caption\":\"Hobi dom d.o.o.\"},\"image\":{\"@id\":\"https:\/\/bauweb.hr\/#\/schema\/logo\/image\/\"},\"sameAs\":[\"https:\/\/facebook.com\/bauweb00\",\"https:\/\/instagram.com\/bauweb_shop\"]}]}<\/script>\n<!-- \/ Yoast SEO plugin. -->","yoast_head_json":{"title":"BIHUI dijamntna rezna plo\u010da B-SLIM 115x1mm - BauWeb","description":"Potra\u017eite \u0161iroki izbor alata i materijala za profesionalne gra\u0111evinske radove. Istra\u017ei Bauweb ponudu i kupuj uz odli\u010dne popuste.","robots":{"index":"index","follow":"follow","max-snippet":"max-snippet:-1","max-image-preview":"max-image-preview:large","max-video-preview":"max-video-preview:-1"},"canonical":"https:\/\/bauweb.hr\/index.php\/product\/bihui-dijamntna-rezna-ploca-b-slim-115x01mm\/","og_locale":"hr_HR","og_type":"article","og_title":"BIHUI dijamntna rezna plo\u010da B-SLIM 115x1mm - BauWeb","og_description":"Potra\u017eite \u0161iroki izbor alata i materijala za profesionalne gra\u0111evinske radove. Istra\u017ei Bauweb ponudu i kupuj uz odli\u010dne popuste.","og_url":"https:\/\/bauweb.hr\/index.php\/product\/bihui-dijamntna-rezna-ploca-b-slim-115x01mm\/","og_site_name":"BauWeb","article_publisher":"https:\/\/facebook.com\/bauweb00","article_modified_time":"2025-07-23T11:09:11+00:00","og_image":[{"width":690,"height":690,"url":"https:\/\/bauweb.hr\/wp-content\/uploads\/2024\/12\/bslim.jpg","type":"image\/jpeg"}],"twitter_card":"summary_large_image","twitter_misc":{"Procijenjeno vrijeme \u010ditanja":"1 minuta"},"schema":{"@context":"https:\/\/schema.org","@graph":[{"@type":"WebPage","@id":"https:\/\/bauweb.hr\/index.php\/product\/bihui-dijamntna-rezna-ploca-b-slim-115x01mm\/","url":"https:\/\/bauweb.hr\/index.php\/product\/bihui-dijamntna-rezna-ploca-b-slim-115x01mm\/","name":"BIHUI dijamntna rezna plo\u010da B-SLIM 115x1mm - BauWeb","isPartOf":{"@id":"https:\/\/bauweb.hr\/#website"},"primaryImageOfPage":{"@id":"https:\/\/bauweb.hr\/index.php\/product\/bihui-dijamntna-rezna-ploca-b-slim-115x01mm\/#primaryimage"},"image":{"@id":"https:\/\/bauweb.hr\/index.php\/product\/bihui-dijamntna-rezna-ploca-b-slim-115x01mm\/#primaryimage"},"thumbnailUrl":"https:\/\/bauweb.hr\/wp-content\/uploads\/2024\/12\/bslim.jpg","datePublished":"2024-12-13T12:37:08+00:00","dateModified":"2025-07-23T11:09:11+00:00","description":"Potra\u017eite \u0161iroki izbor alata i materijala za profesionalne gra\u0111evinske radove. Istra\u017ei Bauweb ponudu i kupuj uz odli\u010dne popuste.","breadcrumb":{"@id":"https:\/\/bauweb.hr\/index.php\/product\/bihui-dijamntna-rezna-ploca-b-slim-115x01mm\/#breadcrumb"},"inLanguage":"hr","potentialAction":[{"@type":"ReadAction","target":["https:\/\/bauweb.hr\/index.php\/product\/bihui-dijamntna-rezna-ploca-b-slim-115x01mm\/"]}]},{"@type":"ImageObject","inLanguage":"hr","@id":"https:\/\/bauweb.hr\/index.php\/product\/bihui-dijamntna-rezna-ploca-b-slim-115x01mm\/#primaryimage","url":"https:\/\/bauweb.hr\/wp-content\/uploads\/2024\/12\/bslim.jpg","contentUrl":"https:\/\/bauweb.hr\/wp-content\/uploads\/2024\/12\/bslim.jpg","width":690,"height":690},{"@type":"BreadcrumbList","@id":"https:\/\/bauweb.hr\/index.php\/product\/bihui-dijamntna-rezna-ploca-b-slim-115x01mm\/#breadcrumb","itemListElement":[{"@type":"ListItem","position":1,"name":"Po\u010detna stranica","item":"https:\/\/bauweb.hr\/"},{"@type":"ListItem","position":2,"name":"Shop","item":"https:\/\/bauweb.hr\/index.php\/shop-wooshop-v1\/"},{"@type":"ListItem","position":3,"name":"BIHUI dijamntna rezna plo\u010da B-SLIM 115x1mm"}]},{"@type":"WebSite","@id":"https:\/\/bauweb.hr\/#website","url":"https:\/\/bauweb.hr\/","name":"BauWeb","description":"Za prave majstore","publisher":{"@id":"https:\/\/bauweb.hr\/#organization"},"alternateName":"BauWeb","potentialAction":[{"@type":"SearchAction","target":{"@type":"EntryPoint","urlTemplate":"https:\/\/bauweb.hr\/?s={search_term_string}"},"query-input":{"@type":"PropertyValueSpecification","valueRequired":true,"valueName":"search_term_string"}}],"inLanguage":"hr"},{"@type":"Organization","@id":"https:\/\/bauweb.hr\/#organization","name":"Hobi dom d.o.o.","url":"https:\/\/bauweb.hr\/","logo":{"@type":"ImageObject","inLanguage":"hr","@id":"https:\/\/bauweb.hr\/#\/schema\/logo\/image\/","url":"https:\/\/bauweb.hr\/wp-content\/uploads\/2023\/01\/Bauweb_logo-01.png","contentUrl":"https:\/\/bauweb.hr\/wp-content\/uploads\/2023\/01\/Bauweb_logo-01.png","width":842,"height":596,"caption":"Hobi dom d.o.o."},"image":{"@id":"https:\/\/bauweb.hr\/#\/schema\/logo\/image\/"},"sameAs":["https:\/\/facebook.com\/bauweb00","https:\/\/instagram.com\/bauweb_shop"]}]}},"_links":{"self":[{"href":"https:\/\/bauweb.hr\/index.php\/wp-json\/wp\/v2\/product\/24437","targetHints":{"allow":["GET"]}}],"collection":[{"href":"https:\/\/bauweb.hr\/index.php\/wp-json\/wp\/v2\/product"}],"about":[{"href":"https:\/\/bauweb.hr\/index.php\/wp-json\/wp\/v2\/types\/product"}],"replies":[{"embeddable":true,"href":"https:\/\/bauweb.hr\/index.php\/wp-json\/wp\/v2\/comments?post=24437"}],"wp:featuredmedia":[{"embeddable":true,"href":"https:\/\/bauweb.hr\/index.php\/wp-json\/wp\/v2\/media\/24438"}],"wp:attachment":[{"href":"https:\/\/bauweb.hr\/index.php\/wp-json\/wp\/v2\/media?parent=24437"}],"wp:term":[{"taxonomy":"product_brand","embeddable":true,"href":"https:\/\/bauweb.hr\/index.php\/wp-json\/wp\/v2\/product_brand?post=24437"},{"taxonomy":"product_cat","embeddable":true,"href":"https:\/\/bauweb.hr\/index.php\/wp-json\/wp\/v2\/product_cat?post=24437"},{"taxonomy":"product_tag","embeddable":true,"href":"https:\/\/bauweb.hr\/index.php\/wp-json\/wp\/v2\/product_tag?post=24437"}],"curies":[{"name":"wp","href":"https:\/\/api.w.org\/{rel}","templated":true}]}}