{"id":25114,"date":"2025-02-20T13:33:11","date_gmt":"2025-02-20T12:33:11","guid":{"rendered":"https:\/\/bauweb.hr\/?post_type=product&#038;p=25114"},"modified":"2025-08-31T08:29:01","modified_gmt":"2025-08-31T06:29:01","slug":"molly-klijesta-za-metalne-tiple","status":"publish","type":"product","link":"https:\/\/bauweb.hr\/index.php\/product\/molly-klijesta-za-metalne-tiple\/","title":{"rendered":"MOLLY klije\u0161ta za metalne tiple"},"content":{"rendered":"<h4>MOLLY klije\u0161ta za metalne tiple<\/h4>\n<p>Klije\u0161ta za tiple MOLLY tvrtke XL-TOOLS su profesionalni alat namijenjen za brzu i u\u010dinkovitu ugradnju tipli u gipsane plo\u010de i materijale s praznim prostorom.<br \/>\nS pomo\u0107u ovog alata mo\u017eete jednostavno pri\u010dvrstiti lagane predmete kao \u0161to su vje\u0161alice, slike, police ili zidne lampe, eliminiraju\u0107i potrebu za dugotrajnim radom s odvija\u010dem.<br \/>\nMolly pin crimper omogu\u0107uje vam da savr\u0161eno stegnete iglu u samo nekoliko sekundi, \u010dine\u0107i posao br\u017eim i lak\u0161im.<\/p>\n<p><strong>Zna\u010dajke:<\/strong><br \/>\n&#8211; Aluminijsko tijelo za izdr\u017eljivost i lako\u0107u<br \/>\n&#8211; Ru\u010dka od \u010delika A3 za pove\u0107anu \u010dvrsto\u0107u<br \/>\n&#8211; 65Mn okida\u010d za precizan rad<br \/>\n&#8211; Ergonomska ru\u010dka prekrivena neklizaju\u0107im TPR materijalom<br \/>\n&#8211; Radni raspon za vijke M4 (tipl 8 mm), M5 (tipl 10 mm), M6 (tipl 12 mm)<\/p>\n<p><strong>Parametri:<\/strong><br \/>\n&#8211; \u0160ifra proizvoda: MOL46<br \/>\n&#8211; Marka: XL-TO OLS<br \/>\n&#8211; Proizvo\u0111a\u010d: XL-TOOLS Poljska<br \/>\n&#8211; Te\u017eina: 0,456 kg<br \/>\n&#8211; Jedinica mjere: kom<br \/>\n&#8211; EAN13 bar kod: 5907630128812<br \/>\n&#8211; Veli\u010dina bu\u0161enja za tiple: fi 7 mm i 9 mm<\/p>\n<p>Molly crimper za tiple je idealan za brzo umetanje metalnih tipli u gipsane plo\u010de, \u0161to ga \u010dini neprocjenjivim u monta\u017enim i dekorativnim radovima. Ovaj alat omogu\u0107uje brzo i sigurno pri\u010dvr\u0161\u0107ivanje elemenata na zidove, \u0161to je posebno korisno za lagane strukture i ukrase.<\/p>\n","protected":false},"excerpt":{"rendered":"<h4>MOLLY klije\u0161ta za metalne tiple<\/h4>\n<p>Klije\u0161ta za tiple MOLLY tvrtke XL-TOOLS su profesionalni alat namijenjen za brzu i u\u010dinkovitu ugradnju tipli u gipsane plo\u010de i materijale s praznim prostorom.<br \/>\nS pomo\u0107u ovog alata mo\u017eete jednostavno pri\u010dvrstiti lagane predmete kao \u0161to su vje\u0161alice, slike, police ili zidne lampe, eliminiraju\u0107i potrebu za dugotrajnim radom s odvija\u010dem.<br \/>\nMolly pin crimper omogu\u0107uje vam da savr\u0161eno stegnete iglu u samo nekoliko sekundi, \u010dine\u0107i posao br\u017eim i lak\u0161im.<\/p>\n<p><strong>Zna\u010dajke:<\/strong><br \/>\n&#8211; Aluminijsko tijelo za izdr\u017eljivost i lako\u0107u<br \/>\n&#8211; Ru\u010dka od \u010delika A3 za pove\u0107anu \u010dvrsto\u0107u<br \/>\n&#8211; 65Mn okida\u010d za precizan rad<br \/>\n&#8211; Ergonomska ru\u010dka prekrivena neklizaju\u0107im TPR materijalom<br \/>\n&#8211; Radni raspon za vijke M4 (tipl 8 mm), M5 (tipl 10 mm), M6 (tipl 12 mm)<\/p>\n","protected":false},"featured_media":25119,"comment_status":"open","ping_status":"closed","template":"","meta":[],"product_brand":[430],"product_cat":[110,131,105,411],"product_tag":[],"class_list":{"0":"post-25114","1":"product","2":"type-product","3":"status-publish","4":"has-post-thumbnail","6":"product_brand-irma","7":"product_cat-alati-pribor","8":"product_cat-alati-i-pribor-gipseri-suha-gradnja","9":"product_cat-gipseri-suha-gradnja","10":"product_cat-rucni-alat","12":"first","13":"instock","14":"shipping-taxable","15":"purchasable","16":"product-type-simple"},"yoast_head":"<!-- This site is optimized with the Yoast SEO plugin v27.2 - https:\/\/yoast.com\/product\/yoast-seo-wordpress\/ -->\n<title>MOLLY klije\u0161ta za metalne tiple - BauWeb<\/title>\n<meta name=\"description\" content=\"Potra\u017eite \u0161iroki izbor alata i materijala za profesionalne gra\u0111evinske radove. Istra\u017ei Bauweb ponudu i kupuj uz odli\u010dne popuste.\" \/>\n<meta name=\"robots\" content=\"index, follow, max-snippet:-1, max-image-preview:large, max-video-preview:-1\" \/>\n<link rel=\"canonical\" href=\"https:\/\/bauweb.hr\/index.php\/product\/molly-klijesta-za-metalne-tiple\/\" \/>\n<meta property=\"og:locale\" content=\"hr_HR\" \/>\n<meta property=\"og:type\" content=\"article\" \/>\n<meta property=\"og:title\" content=\"MOLLY klije\u0161ta za metalne tiple - BauWeb\" \/>\n<meta property=\"og:description\" content=\"Potra\u017eite \u0161iroki izbor alata i materijala za profesionalne gra\u0111evinske radove. Istra\u017ei Bauweb ponudu i kupuj uz odli\u010dne popuste.\" \/>\n<meta property=\"og:url\" content=\"https:\/\/bauweb.hr\/index.php\/product\/molly-klijesta-za-metalne-tiple\/\" \/>\n<meta property=\"og:site_name\" content=\"BauWeb\" \/>\n<meta property=\"article:publisher\" content=\"https:\/\/facebook.com\/bauweb00\" \/>\n<meta property=\"article:modified_time\" content=\"2025-08-31T06:29:01+00:00\" \/>\n<meta property=\"og:image\" content=\"https:\/\/bauweb.hr\/wp-content\/uploads\/2025\/02\/MOL46_4.jpg\" \/>\n\t<meta property=\"og:image:width\" content=\"690\" \/>\n\t<meta property=\"og:image:height\" content=\"690\" \/>\n\t<meta property=\"og:image:type\" content=\"image\/jpeg\" \/>\n<meta name=\"twitter:card\" content=\"summary_large_image\" \/>\n<meta name=\"twitter:label1\" content=\"Procijenjeno vrijeme \u010ditanja\" \/>\n\t<meta name=\"twitter:data1\" content=\"2 minute\" \/>\n<script type=\"application\/ld+json\" class=\"yoast-schema-graph\">{\"@context\":\"https:\/\/schema.org\",\"@graph\":[{\"@type\":\"WebPage\",\"@id\":\"https:\/\/bauweb.hr\/index.php\/product\/molly-klijesta-za-metalne-tiple\/\",\"url\":\"https:\/\/bauweb.hr\/index.php\/product\/molly-klijesta-za-metalne-tiple\/\",\"name\":\"MOLLY klije\u0161ta za metalne tiple - BauWeb\",\"isPartOf\":{\"@id\":\"https:\/\/bauweb.hr\/#website\"},\"primaryImageOfPage\":{\"@id\":\"https:\/\/bauweb.hr\/index.php\/product\/molly-klijesta-za-metalne-tiple\/#primaryimage\"},\"image\":{\"@id\":\"https:\/\/bauweb.hr\/index.php\/product\/molly-klijesta-za-metalne-tiple\/#primaryimage\"},\"thumbnailUrl\":\"https:\/\/bauweb.hr\/wp-content\/uploads\/2025\/02\/MOL46_4.jpg\",\"datePublished\":\"2025-02-20T12:33:11+00:00\",\"dateModified\":\"2025-08-31T06:29:01+00:00\",\"description\":\"Potra\u017eite \u0161iroki izbor alata i materijala za profesionalne gra\u0111evinske radove. Istra\u017ei Bauweb ponudu i kupuj uz odli\u010dne popuste.\",\"breadcrumb\":{\"@id\":\"https:\/\/bauweb.hr\/index.php\/product\/molly-klijesta-za-metalne-tiple\/#breadcrumb\"},\"inLanguage\":\"hr\",\"potentialAction\":[{\"@type\":\"ReadAction\",\"target\":[\"https:\/\/bauweb.hr\/index.php\/product\/molly-klijesta-za-metalne-tiple\/\"]}]},{\"@type\":\"ImageObject\",\"inLanguage\":\"hr\",\"@id\":\"https:\/\/bauweb.hr\/index.php\/product\/molly-klijesta-za-metalne-tiple\/#primaryimage\",\"url\":\"https:\/\/bauweb.hr\/wp-content\/uploads\/2025\/02\/MOL46_4.jpg\",\"contentUrl\":\"https:\/\/bauweb.hr\/wp-content\/uploads\/2025\/02\/MOL46_4.jpg\",\"width\":690,\"height\":690},{\"@type\":\"BreadcrumbList\",\"@id\":\"https:\/\/bauweb.hr\/index.php\/product\/molly-klijesta-za-metalne-tiple\/#breadcrumb\",\"itemListElement\":[{\"@type\":\"ListItem\",\"position\":1,\"name\":\"Po\u010detna stranica\",\"item\":\"https:\/\/bauweb.hr\/\"},{\"@type\":\"ListItem\",\"position\":2,\"name\":\"Shop\",\"item\":\"https:\/\/bauweb.hr\/index.php\/shop-wooshop-v1\/\"},{\"@type\":\"ListItem\",\"position\":3,\"name\":\"MOLLY klije\u0161ta za metalne tiple\"}]},{\"@type\":\"WebSite\",\"@id\":\"https:\/\/bauweb.hr\/#website\",\"url\":\"https:\/\/bauweb.hr\/\",\"name\":\"BauWeb\",\"description\":\"Za prave majstore\",\"publisher\":{\"@id\":\"https:\/\/bauweb.hr\/#organization\"},\"alternateName\":\"BauWeb\",\"potentialAction\":[{\"@type\":\"SearchAction\",\"target\":{\"@type\":\"EntryPoint\",\"urlTemplate\":\"https:\/\/bauweb.hr\/?s={search_term_string}\"},\"query-input\":{\"@type\":\"PropertyValueSpecification\",\"valueRequired\":true,\"valueName\":\"search_term_string\"}}],\"inLanguage\":\"hr\"},{\"@type\":\"Organization\",\"@id\":\"https:\/\/bauweb.hr\/#organization\",\"name\":\"Hobi dom d.o.o.\",\"url\":\"https:\/\/bauweb.hr\/\",\"logo\":{\"@type\":\"ImageObject\",\"inLanguage\":\"hr\",\"@id\":\"https:\/\/bauweb.hr\/#\/schema\/logo\/image\/\",\"url\":\"https:\/\/bauweb.hr\/wp-content\/uploads\/2023\/01\/Bauweb_logo-01.png\",\"contentUrl\":\"https:\/\/bauweb.hr\/wp-content\/uploads\/2023\/01\/Bauweb_logo-01.png\",\"width\":842,\"height\":596,\"caption\":\"Hobi dom d.o.o.\"},\"image\":{\"@id\":\"https:\/\/bauweb.hr\/#\/schema\/logo\/image\/\"},\"sameAs\":[\"https:\/\/facebook.com\/bauweb00\",\"https:\/\/instagram.com\/bauweb_shop\"]}]}<\/script>\n<!-- \/ Yoast SEO plugin. -->","yoast_head_json":{"title":"MOLLY klije\u0161ta za metalne tiple - BauWeb","description":"Potra\u017eite \u0161iroki izbor alata i materijala za profesionalne gra\u0111evinske radove. Istra\u017ei Bauweb ponudu i kupuj uz odli\u010dne popuste.","robots":{"index":"index","follow":"follow","max-snippet":"max-snippet:-1","max-image-preview":"max-image-preview:large","max-video-preview":"max-video-preview:-1"},"canonical":"https:\/\/bauweb.hr\/index.php\/product\/molly-klijesta-za-metalne-tiple\/","og_locale":"hr_HR","og_type":"article","og_title":"MOLLY klije\u0161ta za metalne tiple - BauWeb","og_description":"Potra\u017eite \u0161iroki izbor alata i materijala za profesionalne gra\u0111evinske radove. Istra\u017ei Bauweb ponudu i kupuj uz odli\u010dne popuste.","og_url":"https:\/\/bauweb.hr\/index.php\/product\/molly-klijesta-za-metalne-tiple\/","og_site_name":"BauWeb","article_publisher":"https:\/\/facebook.com\/bauweb00","article_modified_time":"2025-08-31T06:29:01+00:00","og_image":[{"width":690,"height":690,"url":"https:\/\/bauweb.hr\/wp-content\/uploads\/2025\/02\/MOL46_4.jpg","type":"image\/jpeg"}],"twitter_card":"summary_large_image","twitter_misc":{"Procijenjeno vrijeme \u010ditanja":"2 minute"},"schema":{"@context":"https:\/\/schema.org","@graph":[{"@type":"WebPage","@id":"https:\/\/bauweb.hr\/index.php\/product\/molly-klijesta-za-metalne-tiple\/","url":"https:\/\/bauweb.hr\/index.php\/product\/molly-klijesta-za-metalne-tiple\/","name":"MOLLY klije\u0161ta za metalne tiple - BauWeb","isPartOf":{"@id":"https:\/\/bauweb.hr\/#website"},"primaryImageOfPage":{"@id":"https:\/\/bauweb.hr\/index.php\/product\/molly-klijesta-za-metalne-tiple\/#primaryimage"},"image":{"@id":"https:\/\/bauweb.hr\/index.php\/product\/molly-klijesta-za-metalne-tiple\/#primaryimage"},"thumbnailUrl":"https:\/\/bauweb.hr\/wp-content\/uploads\/2025\/02\/MOL46_4.jpg","datePublished":"2025-02-20T12:33:11+00:00","dateModified":"2025-08-31T06:29:01+00:00","description":"Potra\u017eite \u0161iroki izbor alata i materijala za profesionalne gra\u0111evinske radove. Istra\u017ei Bauweb ponudu i kupuj uz odli\u010dne popuste.","breadcrumb":{"@id":"https:\/\/bauweb.hr\/index.php\/product\/molly-klijesta-za-metalne-tiple\/#breadcrumb"},"inLanguage":"hr","potentialAction":[{"@type":"ReadAction","target":["https:\/\/bauweb.hr\/index.php\/product\/molly-klijesta-za-metalne-tiple\/"]}]},{"@type":"ImageObject","inLanguage":"hr","@id":"https:\/\/bauweb.hr\/index.php\/product\/molly-klijesta-za-metalne-tiple\/#primaryimage","url":"https:\/\/bauweb.hr\/wp-content\/uploads\/2025\/02\/MOL46_4.jpg","contentUrl":"https:\/\/bauweb.hr\/wp-content\/uploads\/2025\/02\/MOL46_4.jpg","width":690,"height":690},{"@type":"BreadcrumbList","@id":"https:\/\/bauweb.hr\/index.php\/product\/molly-klijesta-za-metalne-tiple\/#breadcrumb","itemListElement":[{"@type":"ListItem","position":1,"name":"Po\u010detna stranica","item":"https:\/\/bauweb.hr\/"},{"@type":"ListItem","position":2,"name":"Shop","item":"https:\/\/bauweb.hr\/index.php\/shop-wooshop-v1\/"},{"@type":"ListItem","position":3,"name":"MOLLY klije\u0161ta za metalne tiple"}]},{"@type":"WebSite","@id":"https:\/\/bauweb.hr\/#website","url":"https:\/\/bauweb.hr\/","name":"BauWeb","description":"Za prave majstore","publisher":{"@id":"https:\/\/bauweb.hr\/#organization"},"alternateName":"BauWeb","potentialAction":[{"@type":"SearchAction","target":{"@type":"EntryPoint","urlTemplate":"https:\/\/bauweb.hr\/?s={search_term_string}"},"query-input":{"@type":"PropertyValueSpecification","valueRequired":true,"valueName":"search_term_string"}}],"inLanguage":"hr"},{"@type":"Organization","@id":"https:\/\/bauweb.hr\/#organization","name":"Hobi dom d.o.o.","url":"https:\/\/bauweb.hr\/","logo":{"@type":"ImageObject","inLanguage":"hr","@id":"https:\/\/bauweb.hr\/#\/schema\/logo\/image\/","url":"https:\/\/bauweb.hr\/wp-content\/uploads\/2023\/01\/Bauweb_logo-01.png","contentUrl":"https:\/\/bauweb.hr\/wp-content\/uploads\/2023\/01\/Bauweb_logo-01.png","width":842,"height":596,"caption":"Hobi dom d.o.o."},"image":{"@id":"https:\/\/bauweb.hr\/#\/schema\/logo\/image\/"},"sameAs":["https:\/\/facebook.com\/bauweb00","https:\/\/instagram.com\/bauweb_shop"]}]}},"_links":{"self":[{"href":"https:\/\/bauweb.hr\/index.php\/wp-json\/wp\/v2\/product\/25114","targetHints":{"allow":["GET"]}}],"collection":[{"href":"https:\/\/bauweb.hr\/index.php\/wp-json\/wp\/v2\/product"}],"about":[{"href":"https:\/\/bauweb.hr\/index.php\/wp-json\/wp\/v2\/types\/product"}],"replies":[{"embeddable":true,"href":"https:\/\/bauweb.hr\/index.php\/wp-json\/wp\/v2\/comments?post=25114"}],"wp:featuredmedia":[{"embeddable":true,"href":"https:\/\/bauweb.hr\/index.php\/wp-json\/wp\/v2\/media\/25119"}],"wp:attachment":[{"href":"https:\/\/bauweb.hr\/index.php\/wp-json\/wp\/v2\/media?parent=25114"}],"wp:term":[{"taxonomy":"product_brand","embeddable":true,"href":"https:\/\/bauweb.hr\/index.php\/wp-json\/wp\/v2\/product_brand?post=25114"},{"taxonomy":"product_cat","embeddable":true,"href":"https:\/\/bauweb.hr\/index.php\/wp-json\/wp\/v2\/product_cat?post=25114"},{"taxonomy":"product_tag","embeddable":true,"href":"https:\/\/bauweb.hr\/index.php\/wp-json\/wp\/v2\/product_tag?post=25114"}],"curies":[{"name":"wp","href":"https:\/\/api.w.org\/{rel}","templated":true}]}}