{"id":25178,"date":"2025-02-26T14:43:55","date_gmt":"2025-02-26T13:43:55","guid":{"rendered":"https:\/\/bauweb.hr\/?post_type=product&#038;p=25178"},"modified":"2025-12-01T09:17:32","modified_gmt":"2025-12-01T08:17:32","slug":"dizalica-za-gips-ploce","status":"publish","type":"product","link":"https:\/\/bauweb.hr\/index.php\/product\/dizalica-za-gips-ploce\/","title":{"rendered":"Dizalica za gips plo\u010de"},"content":{"rendered":"<h4>Dizalica za gips plo\u010de PDP111<\/h4>\n<p>Dizalica za gips plo\u010dle XL-TOOLS je nezamjenjiv alat za zavr\u0161ne radove vezane uz ugradnju gips plo\u010da, posebno u spu\u0161tene stropove.<br \/>\nDizajniran imaju\u0107i na umu jednostavnu upotrebu i u\u010dinkovitost, dizalo omogu\u0107uje vertikalno podizanje i ugradnju panela bez napora do 121&#215;335 cm i te\u017eine do 68 kg.<br \/>\nIzra\u0111en od \u010delika prekrivenog za\u0161titnim premazom, jam\u010di izdr\u017eljivost i otpornost na o\u0161te\u0107enja.<br \/>\nZahvaljuju\u0107i sustavu remenica i vitlu, podizanje i spu\u0161tanje plo\u010da je glatko i ne zahtijeva puno fizi\u010dkog napora.<br \/>\nCijeli je izuzetno stabilan, \u0161to osigurava siguran rad.<br \/>\nSklapanje ovog ure\u0111aja je brzo i jednostavno, \u0161to ga \u010dini jednostavnim za spremanje.<\/p>\n<p>Dimenzije:<br \/>\n&#8211; Maksimalna veli\u010dina plo\u010de: 121&#215;335 cm<br \/>\n&#8211; Minimalno izvla\u010denje: 138 cm<br \/>\n&#8211; Maksimalno izvla\u010denje: 335 cm<br \/>\n&#8211; Duljina ruke: 90 cm + dodatni nastavci<br \/>\n&#8211; Ukupna \u0161irina: 300 cm<br \/>\n&#8211; Minimalna \u0161irina: 125 cm<\/p>\n<p>Karakteristike:<br \/>\n&#8211; \u010cvrsta i \u010dvrsta \u010deli\u010dna konstrukcija<br \/>\n&#8211; Sustav remenica i kotura za lako podizanje<br \/>\n&#8211; Stabilna baza s tri neovisna kota\u010da s ko\u010dnicom<br \/>\n&#8211; Mogu\u0107nost monta\u017ee plo\u010da na koso povr\u0161ine do 60\u00b0<br \/>\n&#8211; 360\u00b0 rotiraju\u0107a glava sa sustavom brzog zaklju\u010davanja<br \/>\n&#8211; Sustav pode\u0161avanja koji ne zahtijeva alate<br \/>\n&#8211; Zup\u010dasta ko\u010dnica<br \/>\n&#8211; Jednostavno sklapanje i skladi\u0161tenje<\/p>\n","protected":false},"excerpt":{"rendered":"<h4>Dizalica za gips plo\u010de<\/h4>\n<p>Dizalica za gips plo\u010dle XL-TOOLS je nezamjenjiv alat za zavr\u0161ne radove vezane uz ugradnju gips plo\u010da, posebno u spu\u0161tene stropove.<br \/>\nDizajniran imaju\u0107i na umu jednostavnu upotrebu i u\u010dinkovitost, dizalo omogu\u0107uje vertikalno podizanje i ugradnju panela bez napora do 121&#215;335 cm i te\u017eine do 68 kg.<br \/>\nIzra\u0111en od \u010delika prekrivenog za\u0161titnim premazom, jam\u010di izdr\u017eljivost i otpornost na o\u0161te\u0107enja.<\/p>\n","protected":false},"featured_media":25179,"comment_status":"open","ping_status":"closed","template":"","meta":[],"product_brand":[430],"product_cat":[110,131,105],"product_tag":[],"class_list":{"0":"post-25178","1":"product","2":"type-product","3":"status-publish","4":"has-post-thumbnail","6":"product_brand-irma","7":"product_cat-alati-pribor","8":"product_cat-alati-i-pribor-gipseri-suha-gradnja","9":"product_cat-gipseri-suha-gradnja","11":"first","12":"instock","13":"shipping-taxable","14":"purchasable","15":"product-type-simple"},"yoast_head":"<!-- This site is optimized with the Yoast SEO plugin v27.2 - https:\/\/yoast.com\/product\/yoast-seo-wordpress\/ -->\n<title>Dizalica za gips plo\u010de - BauWeb<\/title>\n<meta name=\"description\" content=\"Potra\u017eite \u0161iroki izbor alata i materijala za profesionalne gra\u0111evinske radove. Istra\u017ei Bauweb ponudu i kupuj uz odli\u010dne popuste.\" \/>\n<meta name=\"robots\" content=\"index, follow, max-snippet:-1, max-image-preview:large, max-video-preview:-1\" \/>\n<link rel=\"canonical\" href=\"https:\/\/bauweb.hr\/index.php\/product\/dizalica-za-gips-ploce\/\" \/>\n<meta property=\"og:locale\" content=\"hr_HR\" \/>\n<meta property=\"og:type\" content=\"article\" \/>\n<meta property=\"og:title\" content=\"Dizalica za gips plo\u010de - BauWeb\" \/>\n<meta property=\"og:description\" content=\"Potra\u017eite \u0161iroki izbor alata i materijala za profesionalne gra\u0111evinske radove. Istra\u017ei Bauweb ponudu i kupuj uz odli\u010dne popuste.\" \/>\n<meta property=\"og:url\" content=\"https:\/\/bauweb.hr\/index.php\/product\/dizalica-za-gips-ploce\/\" \/>\n<meta property=\"og:site_name\" content=\"BauWeb\" \/>\n<meta property=\"article:publisher\" content=\"https:\/\/facebook.com\/bauweb00\" \/>\n<meta property=\"article:modified_time\" content=\"2025-12-01T08:17:32+00:00\" \/>\n<meta property=\"og:image\" content=\"https:\/\/bauweb.hr\/wp-content\/uploads\/2025\/02\/PDP111.jpg\" \/>\n\t<meta property=\"og:image:width\" content=\"690\" \/>\n\t<meta property=\"og:image:height\" content=\"690\" \/>\n\t<meta property=\"og:image:type\" content=\"image\/jpeg\" \/>\n<meta name=\"twitter:card\" content=\"summary_large_image\" \/>\n<meta name=\"twitter:label1\" content=\"Procijenjeno vrijeme \u010ditanja\" \/>\n\t<meta name=\"twitter:data1\" content=\"2 minute\" \/>\n<script type=\"application\/ld+json\" class=\"yoast-schema-graph\">{\"@context\":\"https:\/\/schema.org\",\"@graph\":[{\"@type\":\"WebPage\",\"@id\":\"https:\/\/bauweb.hr\/index.php\/product\/dizalica-za-gips-ploce\/\",\"url\":\"https:\/\/bauweb.hr\/index.php\/product\/dizalica-za-gips-ploce\/\",\"name\":\"Dizalica za gips plo\u010de - BauWeb\",\"isPartOf\":{\"@id\":\"https:\/\/bauweb.hr\/#website\"},\"primaryImageOfPage\":{\"@id\":\"https:\/\/bauweb.hr\/index.php\/product\/dizalica-za-gips-ploce\/#primaryimage\"},\"image\":{\"@id\":\"https:\/\/bauweb.hr\/index.php\/product\/dizalica-za-gips-ploce\/#primaryimage\"},\"thumbnailUrl\":\"https:\/\/bauweb.hr\/wp-content\/uploads\/2025\/02\/PDP111.jpg\",\"datePublished\":\"2025-02-26T13:43:55+00:00\",\"dateModified\":\"2025-12-01T08:17:32+00:00\",\"description\":\"Potra\u017eite \u0161iroki izbor alata i materijala za profesionalne gra\u0111evinske radove. Istra\u017ei Bauweb ponudu i kupuj uz odli\u010dne popuste.\",\"breadcrumb\":{\"@id\":\"https:\/\/bauweb.hr\/index.php\/product\/dizalica-za-gips-ploce\/#breadcrumb\"},\"inLanguage\":\"hr\",\"potentialAction\":[{\"@type\":\"ReadAction\",\"target\":[\"https:\/\/bauweb.hr\/index.php\/product\/dizalica-za-gips-ploce\/\"]}]},{\"@type\":\"ImageObject\",\"inLanguage\":\"hr\",\"@id\":\"https:\/\/bauweb.hr\/index.php\/product\/dizalica-za-gips-ploce\/#primaryimage\",\"url\":\"https:\/\/bauweb.hr\/wp-content\/uploads\/2025\/02\/PDP111.jpg\",\"contentUrl\":\"https:\/\/bauweb.hr\/wp-content\/uploads\/2025\/02\/PDP111.jpg\",\"width\":690,\"height\":690},{\"@type\":\"BreadcrumbList\",\"@id\":\"https:\/\/bauweb.hr\/index.php\/product\/dizalica-za-gips-ploce\/#breadcrumb\",\"itemListElement\":[{\"@type\":\"ListItem\",\"position\":1,\"name\":\"Po\u010detna stranica\",\"item\":\"https:\/\/bauweb.hr\/\"},{\"@type\":\"ListItem\",\"position\":2,\"name\":\"Shop\",\"item\":\"https:\/\/bauweb.hr\/index.php\/shop-wooshop-v1\/\"},{\"@type\":\"ListItem\",\"position\":3,\"name\":\"Dizalica za gips plo\u010de\"}]},{\"@type\":\"WebSite\",\"@id\":\"https:\/\/bauweb.hr\/#website\",\"url\":\"https:\/\/bauweb.hr\/\",\"name\":\"BauWeb\",\"description\":\"Za prave majstore\",\"publisher\":{\"@id\":\"https:\/\/bauweb.hr\/#organization\"},\"alternateName\":\"BauWeb\",\"potentialAction\":[{\"@type\":\"SearchAction\",\"target\":{\"@type\":\"EntryPoint\",\"urlTemplate\":\"https:\/\/bauweb.hr\/?s={search_term_string}\"},\"query-input\":{\"@type\":\"PropertyValueSpecification\",\"valueRequired\":true,\"valueName\":\"search_term_string\"}}],\"inLanguage\":\"hr\"},{\"@type\":\"Organization\",\"@id\":\"https:\/\/bauweb.hr\/#organization\",\"name\":\"Hobi dom d.o.o.\",\"url\":\"https:\/\/bauweb.hr\/\",\"logo\":{\"@type\":\"ImageObject\",\"inLanguage\":\"hr\",\"@id\":\"https:\/\/bauweb.hr\/#\/schema\/logo\/image\/\",\"url\":\"https:\/\/bauweb.hr\/wp-content\/uploads\/2023\/01\/Bauweb_logo-01.png\",\"contentUrl\":\"https:\/\/bauweb.hr\/wp-content\/uploads\/2023\/01\/Bauweb_logo-01.png\",\"width\":842,\"height\":596,\"caption\":\"Hobi dom d.o.o.\"},\"image\":{\"@id\":\"https:\/\/bauweb.hr\/#\/schema\/logo\/image\/\"},\"sameAs\":[\"https:\/\/facebook.com\/bauweb00\",\"https:\/\/instagram.com\/bauweb_shop\"]}]}<\/script>\n<!-- \/ Yoast SEO plugin. -->","yoast_head_json":{"title":"Dizalica za gips plo\u010de - BauWeb","description":"Potra\u017eite \u0161iroki izbor alata i materijala za profesionalne gra\u0111evinske radove. Istra\u017ei Bauweb ponudu i kupuj uz odli\u010dne popuste.","robots":{"index":"index","follow":"follow","max-snippet":"max-snippet:-1","max-image-preview":"max-image-preview:large","max-video-preview":"max-video-preview:-1"},"canonical":"https:\/\/bauweb.hr\/index.php\/product\/dizalica-za-gips-ploce\/","og_locale":"hr_HR","og_type":"article","og_title":"Dizalica za gips plo\u010de - BauWeb","og_description":"Potra\u017eite \u0161iroki izbor alata i materijala za profesionalne gra\u0111evinske radove. Istra\u017ei Bauweb ponudu i kupuj uz odli\u010dne popuste.","og_url":"https:\/\/bauweb.hr\/index.php\/product\/dizalica-za-gips-ploce\/","og_site_name":"BauWeb","article_publisher":"https:\/\/facebook.com\/bauweb00","article_modified_time":"2025-12-01T08:17:32+00:00","og_image":[{"width":690,"height":690,"url":"https:\/\/bauweb.hr\/wp-content\/uploads\/2025\/02\/PDP111.jpg","type":"image\/jpeg"}],"twitter_card":"summary_large_image","twitter_misc":{"Procijenjeno vrijeme \u010ditanja":"2 minute"},"schema":{"@context":"https:\/\/schema.org","@graph":[{"@type":"WebPage","@id":"https:\/\/bauweb.hr\/index.php\/product\/dizalica-za-gips-ploce\/","url":"https:\/\/bauweb.hr\/index.php\/product\/dizalica-za-gips-ploce\/","name":"Dizalica za gips plo\u010de - BauWeb","isPartOf":{"@id":"https:\/\/bauweb.hr\/#website"},"primaryImageOfPage":{"@id":"https:\/\/bauweb.hr\/index.php\/product\/dizalica-za-gips-ploce\/#primaryimage"},"image":{"@id":"https:\/\/bauweb.hr\/index.php\/product\/dizalica-za-gips-ploce\/#primaryimage"},"thumbnailUrl":"https:\/\/bauweb.hr\/wp-content\/uploads\/2025\/02\/PDP111.jpg","datePublished":"2025-02-26T13:43:55+00:00","dateModified":"2025-12-01T08:17:32+00:00","description":"Potra\u017eite \u0161iroki izbor alata i materijala za profesionalne gra\u0111evinske radove. Istra\u017ei Bauweb ponudu i kupuj uz odli\u010dne popuste.","breadcrumb":{"@id":"https:\/\/bauweb.hr\/index.php\/product\/dizalica-za-gips-ploce\/#breadcrumb"},"inLanguage":"hr","potentialAction":[{"@type":"ReadAction","target":["https:\/\/bauweb.hr\/index.php\/product\/dizalica-za-gips-ploce\/"]}]},{"@type":"ImageObject","inLanguage":"hr","@id":"https:\/\/bauweb.hr\/index.php\/product\/dizalica-za-gips-ploce\/#primaryimage","url":"https:\/\/bauweb.hr\/wp-content\/uploads\/2025\/02\/PDP111.jpg","contentUrl":"https:\/\/bauweb.hr\/wp-content\/uploads\/2025\/02\/PDP111.jpg","width":690,"height":690},{"@type":"BreadcrumbList","@id":"https:\/\/bauweb.hr\/index.php\/product\/dizalica-za-gips-ploce\/#breadcrumb","itemListElement":[{"@type":"ListItem","position":1,"name":"Po\u010detna stranica","item":"https:\/\/bauweb.hr\/"},{"@type":"ListItem","position":2,"name":"Shop","item":"https:\/\/bauweb.hr\/index.php\/shop-wooshop-v1\/"},{"@type":"ListItem","position":3,"name":"Dizalica za gips plo\u010de"}]},{"@type":"WebSite","@id":"https:\/\/bauweb.hr\/#website","url":"https:\/\/bauweb.hr\/","name":"BauWeb","description":"Za prave majstore","publisher":{"@id":"https:\/\/bauweb.hr\/#organization"},"alternateName":"BauWeb","potentialAction":[{"@type":"SearchAction","target":{"@type":"EntryPoint","urlTemplate":"https:\/\/bauweb.hr\/?s={search_term_string}"},"query-input":{"@type":"PropertyValueSpecification","valueRequired":true,"valueName":"search_term_string"}}],"inLanguage":"hr"},{"@type":"Organization","@id":"https:\/\/bauweb.hr\/#organization","name":"Hobi dom d.o.o.","url":"https:\/\/bauweb.hr\/","logo":{"@type":"ImageObject","inLanguage":"hr","@id":"https:\/\/bauweb.hr\/#\/schema\/logo\/image\/","url":"https:\/\/bauweb.hr\/wp-content\/uploads\/2023\/01\/Bauweb_logo-01.png","contentUrl":"https:\/\/bauweb.hr\/wp-content\/uploads\/2023\/01\/Bauweb_logo-01.png","width":842,"height":596,"caption":"Hobi dom d.o.o."},"image":{"@id":"https:\/\/bauweb.hr\/#\/schema\/logo\/image\/"},"sameAs":["https:\/\/facebook.com\/bauweb00","https:\/\/instagram.com\/bauweb_shop"]}]}},"_links":{"self":[{"href":"https:\/\/bauweb.hr\/index.php\/wp-json\/wp\/v2\/product\/25178","targetHints":{"allow":["GET"]}}],"collection":[{"href":"https:\/\/bauweb.hr\/index.php\/wp-json\/wp\/v2\/product"}],"about":[{"href":"https:\/\/bauweb.hr\/index.php\/wp-json\/wp\/v2\/types\/product"}],"replies":[{"embeddable":true,"href":"https:\/\/bauweb.hr\/index.php\/wp-json\/wp\/v2\/comments?post=25178"}],"wp:featuredmedia":[{"embeddable":true,"href":"https:\/\/bauweb.hr\/index.php\/wp-json\/wp\/v2\/media\/25179"}],"wp:attachment":[{"href":"https:\/\/bauweb.hr\/index.php\/wp-json\/wp\/v2\/media?parent=25178"}],"wp:term":[{"taxonomy":"product_brand","embeddable":true,"href":"https:\/\/bauweb.hr\/index.php\/wp-json\/wp\/v2\/product_brand?post=25178"},{"taxonomy":"product_cat","embeddable":true,"href":"https:\/\/bauweb.hr\/index.php\/wp-json\/wp\/v2\/product_cat?post=25178"},{"taxonomy":"product_tag","embeddable":true,"href":"https:\/\/bauweb.hr\/index.php\/wp-json\/wp\/v2\/product_tag?post=25178"}],"curies":[{"name":"wp","href":"https:\/\/api.w.org\/{rel}","templated":true}]}}