{"id":25193,"date":"2025-02-27T09:31:58","date_gmt":"2025-02-27T08:31:58","guid":{"rendered":"https:\/\/bauweb.hr\/?post_type=product&#038;p=25193"},"modified":"2025-11-01T10:22:34","modified_gmt":"2025-11-01T09:22:34","slug":"led-reflektor-dvostrani-l245led-usb-powerbank","status":"publish","type":"product","link":"https:\/\/bauweb.hr\/index.php\/product\/led-reflektor-dvostrani-l245led-usb-powerbank\/","title":{"rendered":"LED reflektor dvostrani L2+45LED USB Powerbank"},"content":{"rendered":"<h3>Reflektor dvostrani L2+45LED USB POWERBANK<\/h3>\n<p>PRO-TECHNIK dvostrani reflektor svestrani je alat dizajniran za razli\u010dite primjene, kao \u0161to su uniformirane slu\u017ebe, vojna uporaba ili lov.<br \/>\nOpremljen sna\u017enim izvorom svjetla sa svjetlinom od 1200 lumena, osigurava izvrsnu vidljivost u svim uvjetima.<br \/>\nZahvaljuju\u0107i powerbank funkciji, svjetiljka vam omogu\u0107uje punjenje drugih ure\u0111aja, \u0161to je posebno korisno u hitnim situacijama.<br \/>\nRobusno ku\u0107i\u0161te izra\u0111eno od izdr\u017eljive ABS plastike otporno je na vodu, pra\u0161inu i udarce, \u0161to ga \u010dini pouzdanim partnerom na te\u0161kom terenu.<\/p>\n<p>Zna\u010dajke:<br \/>\n&#8211; Dvostrani dizajn s mogu\u0107no\u0161\u0107u promjene \u017eari\u0161ne duljine svjetla.<br \/>\n&#8211; 7 na\u010dina osvjetljenja: 3 na\u010dina fokusiranog svjetla i 4 na\u010dina difuznog svjetla.<br \/>\n&#8211; Ku\u0107i\u0161te od ABS plastike otporno na vodu i pra\u0161inu.<br \/>\n&#8211; Powerbank funkcija s velikom baterijom od 10000mAh.<br \/>\n&#8211; Ugra\u0111ene diode koje pokazuju razinu napunjenosti.<br \/>\n&#8211; Mogu\u0107nost monta\u017ee na trono\u017eac zahvaljuju\u0107i ugra\u0111enom navoju.<\/p>\n","protected":false},"excerpt":{"rendered":"<h3>Reflektor dvostrani L2+45LED USB POWERBANK<\/h3>\n<p>PRO-TECHNIK dvostrani reflektor svestrani je alat dizajniran za razli\u010dite primjene, kao \u0161to su uniformirane slu\u017ebe, vojna uporaba ili lov.<br \/>\nOpremljen sna\u017enim izvorom svjetla sa svjetlinom od 1200 lumena, osigurava izvrsnu vidljivost u svim uvjetima.<br \/>\nZahvaljuju\u0107i powerbank funkciji, svjetiljka vam omogu\u0107uje punjenje drugih ure\u0111aja, \u0161to je posebno korisno u hitnim situacijama.<\/p>\n","protected":false},"featured_media":25195,"comment_status":"open","ping_status":"closed","template":"","meta":[],"product_brand":[430],"product_cat":[110],"product_tag":[],"class_list":{"0":"post-25193","1":"product","2":"type-product","3":"status-publish","4":"has-post-thumbnail","6":"product_brand-irma","7":"product_cat-alati-pribor","9":"first","10":"instock","11":"shipping-taxable","12":"purchasable","13":"product-type-simple"},"yoast_head":"<!-- This site is optimized with the Yoast SEO plugin v27.2 - https:\/\/yoast.com\/product\/yoast-seo-wordpress\/ -->\n<title>LED reflektor dvostrani L2+45LED USB Powerbank - BauWeb<\/title>\n<meta name=\"description\" content=\"Potra\u017eite \u0161iroki izbor alata i materijala za profesionalne gra\u0111evinske radove. Istra\u017ei Bauweb ponudu i kupuj uz odli\u010dne popuste.\" \/>\n<meta name=\"robots\" content=\"index, follow, max-snippet:-1, max-image-preview:large, max-video-preview:-1\" \/>\n<link rel=\"canonical\" href=\"https:\/\/bauweb.hr\/index.php\/product\/led-reflektor-dvostrani-l245led-usb-powerbank\/\" \/>\n<meta property=\"og:locale\" content=\"hr_HR\" \/>\n<meta property=\"og:type\" content=\"article\" \/>\n<meta property=\"og:title\" content=\"LED reflektor dvostrani L2+45LED USB Powerbank - BauWeb\" \/>\n<meta property=\"og:description\" content=\"Potra\u017eite \u0161iroki izbor alata i materijala za profesionalne gra\u0111evinske radove. Istra\u017ei Bauweb ponudu i kupuj uz odli\u010dne popuste.\" \/>\n<meta property=\"og:url\" content=\"https:\/\/bauweb.hr\/index.php\/product\/led-reflektor-dvostrani-l245led-usb-powerbank\/\" \/>\n<meta property=\"og:site_name\" content=\"BauWeb\" \/>\n<meta property=\"article:publisher\" content=\"https:\/\/facebook.com\/bauweb00\" \/>\n<meta property=\"article:modified_time\" content=\"2025-11-01T09:22:34+00:00\" \/>\n<meta property=\"og:image\" content=\"https:\/\/bauweb.hr\/wp-content\/uploads\/2025\/02\/lat43.jpg\" \/>\n\t<meta property=\"og:image:width\" content=\"690\" \/>\n\t<meta property=\"og:image:height\" content=\"690\" \/>\n\t<meta property=\"og:image:type\" content=\"image\/jpeg\" \/>\n<meta name=\"twitter:card\" content=\"summary_large_image\" \/>\n<meta name=\"twitter:label1\" content=\"Procijenjeno vrijeme \u010ditanja\" \/>\n\t<meta name=\"twitter:data1\" content=\"1 minuta\" \/>\n<script type=\"application\/ld+json\" class=\"yoast-schema-graph\">{\"@context\":\"https:\/\/schema.org\",\"@graph\":[{\"@type\":\"WebPage\",\"@id\":\"https:\/\/bauweb.hr\/index.php\/product\/led-reflektor-dvostrani-l245led-usb-powerbank\/\",\"url\":\"https:\/\/bauweb.hr\/index.php\/product\/led-reflektor-dvostrani-l245led-usb-powerbank\/\",\"name\":\"LED reflektor dvostrani L2+45LED USB Powerbank - BauWeb\",\"isPartOf\":{\"@id\":\"https:\/\/bauweb.hr\/#website\"},\"primaryImageOfPage\":{\"@id\":\"https:\/\/bauweb.hr\/index.php\/product\/led-reflektor-dvostrani-l245led-usb-powerbank\/#primaryimage\"},\"image\":{\"@id\":\"https:\/\/bauweb.hr\/index.php\/product\/led-reflektor-dvostrani-l245led-usb-powerbank\/#primaryimage\"},\"thumbnailUrl\":\"https:\/\/bauweb.hr\/wp-content\/uploads\/2025\/02\/lat43.jpg\",\"datePublished\":\"2025-02-27T08:31:58+00:00\",\"dateModified\":\"2025-11-01T09:22:34+00:00\",\"description\":\"Potra\u017eite \u0161iroki izbor alata i materijala za profesionalne gra\u0111evinske radove. Istra\u017ei Bauweb ponudu i kupuj uz odli\u010dne popuste.\",\"breadcrumb\":{\"@id\":\"https:\/\/bauweb.hr\/index.php\/product\/led-reflektor-dvostrani-l245led-usb-powerbank\/#breadcrumb\"},\"inLanguage\":\"hr\",\"potentialAction\":[{\"@type\":\"ReadAction\",\"target\":[\"https:\/\/bauweb.hr\/index.php\/product\/led-reflektor-dvostrani-l245led-usb-powerbank\/\"]}]},{\"@type\":\"ImageObject\",\"inLanguage\":\"hr\",\"@id\":\"https:\/\/bauweb.hr\/index.php\/product\/led-reflektor-dvostrani-l245led-usb-powerbank\/#primaryimage\",\"url\":\"https:\/\/bauweb.hr\/wp-content\/uploads\/2025\/02\/lat43.jpg\",\"contentUrl\":\"https:\/\/bauweb.hr\/wp-content\/uploads\/2025\/02\/lat43.jpg\",\"width\":690,\"height\":690},{\"@type\":\"BreadcrumbList\",\"@id\":\"https:\/\/bauweb.hr\/index.php\/product\/led-reflektor-dvostrani-l245led-usb-powerbank\/#breadcrumb\",\"itemListElement\":[{\"@type\":\"ListItem\",\"position\":1,\"name\":\"Po\u010detna stranica\",\"item\":\"https:\/\/bauweb.hr\/\"},{\"@type\":\"ListItem\",\"position\":2,\"name\":\"Shop\",\"item\":\"https:\/\/bauweb.hr\/index.php\/shop-wooshop-v1\/\"},{\"@type\":\"ListItem\",\"position\":3,\"name\":\"LED reflektor dvostrani L2+45LED USB Powerbank\"}]},{\"@type\":\"WebSite\",\"@id\":\"https:\/\/bauweb.hr\/#website\",\"url\":\"https:\/\/bauweb.hr\/\",\"name\":\"BauWeb\",\"description\":\"Za prave majstore\",\"publisher\":{\"@id\":\"https:\/\/bauweb.hr\/#organization\"},\"alternateName\":\"BauWeb\",\"potentialAction\":[{\"@type\":\"SearchAction\",\"target\":{\"@type\":\"EntryPoint\",\"urlTemplate\":\"https:\/\/bauweb.hr\/?s={search_term_string}\"},\"query-input\":{\"@type\":\"PropertyValueSpecification\",\"valueRequired\":true,\"valueName\":\"search_term_string\"}}],\"inLanguage\":\"hr\"},{\"@type\":\"Organization\",\"@id\":\"https:\/\/bauweb.hr\/#organization\",\"name\":\"Hobi dom d.o.o.\",\"url\":\"https:\/\/bauweb.hr\/\",\"logo\":{\"@type\":\"ImageObject\",\"inLanguage\":\"hr\",\"@id\":\"https:\/\/bauweb.hr\/#\/schema\/logo\/image\/\",\"url\":\"https:\/\/bauweb.hr\/wp-content\/uploads\/2023\/01\/Bauweb_logo-01.png\",\"contentUrl\":\"https:\/\/bauweb.hr\/wp-content\/uploads\/2023\/01\/Bauweb_logo-01.png\",\"width\":842,\"height\":596,\"caption\":\"Hobi dom d.o.o.\"},\"image\":{\"@id\":\"https:\/\/bauweb.hr\/#\/schema\/logo\/image\/\"},\"sameAs\":[\"https:\/\/facebook.com\/bauweb00\",\"https:\/\/instagram.com\/bauweb_shop\"]}]}<\/script>\n<!-- \/ Yoast SEO plugin. -->","yoast_head_json":{"title":"LED reflektor dvostrani L2+45LED USB Powerbank - BauWeb","description":"Potra\u017eite \u0161iroki izbor alata i materijala za profesionalne gra\u0111evinske radove. Istra\u017ei Bauweb ponudu i kupuj uz odli\u010dne popuste.","robots":{"index":"index","follow":"follow","max-snippet":"max-snippet:-1","max-image-preview":"max-image-preview:large","max-video-preview":"max-video-preview:-1"},"canonical":"https:\/\/bauweb.hr\/index.php\/product\/led-reflektor-dvostrani-l245led-usb-powerbank\/","og_locale":"hr_HR","og_type":"article","og_title":"LED reflektor dvostrani L2+45LED USB Powerbank - BauWeb","og_description":"Potra\u017eite \u0161iroki izbor alata i materijala za profesionalne gra\u0111evinske radove. Istra\u017ei Bauweb ponudu i kupuj uz odli\u010dne popuste.","og_url":"https:\/\/bauweb.hr\/index.php\/product\/led-reflektor-dvostrani-l245led-usb-powerbank\/","og_site_name":"BauWeb","article_publisher":"https:\/\/facebook.com\/bauweb00","article_modified_time":"2025-11-01T09:22:34+00:00","og_image":[{"width":690,"height":690,"url":"https:\/\/bauweb.hr\/wp-content\/uploads\/2025\/02\/lat43.jpg","type":"image\/jpeg"}],"twitter_card":"summary_large_image","twitter_misc":{"Procijenjeno vrijeme \u010ditanja":"1 minuta"},"schema":{"@context":"https:\/\/schema.org","@graph":[{"@type":"WebPage","@id":"https:\/\/bauweb.hr\/index.php\/product\/led-reflektor-dvostrani-l245led-usb-powerbank\/","url":"https:\/\/bauweb.hr\/index.php\/product\/led-reflektor-dvostrani-l245led-usb-powerbank\/","name":"LED reflektor dvostrani L2+45LED USB Powerbank - BauWeb","isPartOf":{"@id":"https:\/\/bauweb.hr\/#website"},"primaryImageOfPage":{"@id":"https:\/\/bauweb.hr\/index.php\/product\/led-reflektor-dvostrani-l245led-usb-powerbank\/#primaryimage"},"image":{"@id":"https:\/\/bauweb.hr\/index.php\/product\/led-reflektor-dvostrani-l245led-usb-powerbank\/#primaryimage"},"thumbnailUrl":"https:\/\/bauweb.hr\/wp-content\/uploads\/2025\/02\/lat43.jpg","datePublished":"2025-02-27T08:31:58+00:00","dateModified":"2025-11-01T09:22:34+00:00","description":"Potra\u017eite \u0161iroki izbor alata i materijala za profesionalne gra\u0111evinske radove. Istra\u017ei Bauweb ponudu i kupuj uz odli\u010dne popuste.","breadcrumb":{"@id":"https:\/\/bauweb.hr\/index.php\/product\/led-reflektor-dvostrani-l245led-usb-powerbank\/#breadcrumb"},"inLanguage":"hr","potentialAction":[{"@type":"ReadAction","target":["https:\/\/bauweb.hr\/index.php\/product\/led-reflektor-dvostrani-l245led-usb-powerbank\/"]}]},{"@type":"ImageObject","inLanguage":"hr","@id":"https:\/\/bauweb.hr\/index.php\/product\/led-reflektor-dvostrani-l245led-usb-powerbank\/#primaryimage","url":"https:\/\/bauweb.hr\/wp-content\/uploads\/2025\/02\/lat43.jpg","contentUrl":"https:\/\/bauweb.hr\/wp-content\/uploads\/2025\/02\/lat43.jpg","width":690,"height":690},{"@type":"BreadcrumbList","@id":"https:\/\/bauweb.hr\/index.php\/product\/led-reflektor-dvostrani-l245led-usb-powerbank\/#breadcrumb","itemListElement":[{"@type":"ListItem","position":1,"name":"Po\u010detna stranica","item":"https:\/\/bauweb.hr\/"},{"@type":"ListItem","position":2,"name":"Shop","item":"https:\/\/bauweb.hr\/index.php\/shop-wooshop-v1\/"},{"@type":"ListItem","position":3,"name":"LED reflektor dvostrani L2+45LED USB Powerbank"}]},{"@type":"WebSite","@id":"https:\/\/bauweb.hr\/#website","url":"https:\/\/bauweb.hr\/","name":"BauWeb","description":"Za prave majstore","publisher":{"@id":"https:\/\/bauweb.hr\/#organization"},"alternateName":"BauWeb","potentialAction":[{"@type":"SearchAction","target":{"@type":"EntryPoint","urlTemplate":"https:\/\/bauweb.hr\/?s={search_term_string}"},"query-input":{"@type":"PropertyValueSpecification","valueRequired":true,"valueName":"search_term_string"}}],"inLanguage":"hr"},{"@type":"Organization","@id":"https:\/\/bauweb.hr\/#organization","name":"Hobi dom d.o.o.","url":"https:\/\/bauweb.hr\/","logo":{"@type":"ImageObject","inLanguage":"hr","@id":"https:\/\/bauweb.hr\/#\/schema\/logo\/image\/","url":"https:\/\/bauweb.hr\/wp-content\/uploads\/2023\/01\/Bauweb_logo-01.png","contentUrl":"https:\/\/bauweb.hr\/wp-content\/uploads\/2023\/01\/Bauweb_logo-01.png","width":842,"height":596,"caption":"Hobi dom d.o.o."},"image":{"@id":"https:\/\/bauweb.hr\/#\/schema\/logo\/image\/"},"sameAs":["https:\/\/facebook.com\/bauweb00","https:\/\/instagram.com\/bauweb_shop"]}]}},"_links":{"self":[{"href":"https:\/\/bauweb.hr\/index.php\/wp-json\/wp\/v2\/product\/25193","targetHints":{"allow":["GET"]}}],"collection":[{"href":"https:\/\/bauweb.hr\/index.php\/wp-json\/wp\/v2\/product"}],"about":[{"href":"https:\/\/bauweb.hr\/index.php\/wp-json\/wp\/v2\/types\/product"}],"replies":[{"embeddable":true,"href":"https:\/\/bauweb.hr\/index.php\/wp-json\/wp\/v2\/comments?post=25193"}],"wp:featuredmedia":[{"embeddable":true,"href":"https:\/\/bauweb.hr\/index.php\/wp-json\/wp\/v2\/media\/25195"}],"wp:attachment":[{"href":"https:\/\/bauweb.hr\/index.php\/wp-json\/wp\/v2\/media?parent=25193"}],"wp:term":[{"taxonomy":"product_brand","embeddable":true,"href":"https:\/\/bauweb.hr\/index.php\/wp-json\/wp\/v2\/product_brand?post=25193"},{"taxonomy":"product_cat","embeddable":true,"href":"https:\/\/bauweb.hr\/index.php\/wp-json\/wp\/v2\/product_cat?post=25193"},{"taxonomy":"product_tag","embeddable":true,"href":"https:\/\/bauweb.hr\/index.php\/wp-json\/wp\/v2\/product_tag?post=25193"}],"curies":[{"name":"wp","href":"https:\/\/api.w.org\/{rel}","templated":true}]}}